{"id":8812,"date":"2022-08-19T11:02:07","date_gmt":"2022-08-19T11:02:07","guid":{"rendered":"https:\/\/www.ayfaclinic.com\/tr\/?page_id=8812"},"modified":"2022-08-19T11:02:07","modified_gmt":"2022-08-19T11:02:07","slug":"meme-buyultme","status":"publish","type":"page","link":"https:\/\/www.ayfaclinic.com\/tr\/meme-buyultme\/","title":{"rendered":"Meme B\u00fcy\u00fcltme"},"content":{"rendered":"<p>Memeler, kad\u0131n bedeninin estetik g\u00f6r\u00fcn\u00fcm\u00fcnde son derece \u00f6nemli organlard\u0131r. Memeler, yap\u0131sal olarak de\u011fi\u015fik nedenlerle k\u00fc\u00e7\u00fck olabilir. Biri di\u011ferinden daha k\u00fc\u00e7\u00fck, asimetrik olabilir. Do\u011fumsal olarak bir tanesi hi\u00e7 olmayabilir. Her iki memenin e\u015fit hale getirilmesi ya da hacminin artt\u0131r\u0131lmas\u0131 i\u00e7in, g\u00fcn\u00fcm\u00fczde silikon protezler d\u0131\u015f\u0131nda ba\u015fka se\u00e7enek yoktur.<\/p>\n<ol>\n<li>Meme protezinin i\u00e7eri\u011fi nedir ?<\/li>\n<\/ol>\n<p>Meme protezleri, kat\u0131 silikondan olu\u015fan bir kaps\u00fcl ve bu kaps\u00fcl\u00fcn i\u00e7ine doldurulmu\u015f serum veya kohesiv jel silikondan olu\u015fur. Damla veya yuvarlak \u015fekilli olanlar\u0131 vard\u0131r. Her protezin kendine g\u00f6re avantaj ve dezavantajlar\u0131 mevcuttur. Bunlar ameliyattan \u00f6nce detayl\u0131 olarak konu\u015fulmal\u0131 ve hangisinin kullan\u0131laca\u011f\u0131na birlikte karar verilmelidir.<\/p>\n<ol start=\"2\">\n<li>Silikon meme protezi nedir?<\/li>\n<\/ol>\n<p>1960\u2019l\u0131 y\u0131llarda kullan\u0131lmaya ba\u015flanan silikon protezler g\u00fcn\u00fcm\u00fczde de yayg\u0131n olarak kullan\u0131lmaktad\u0131r. Son 20 y\u0131l i\u00e7inde \u00f6nemli derecede yenilikler sa\u011flanm\u0131\u015f ve yap\u0131lan bilimsel ara\u015ft\u0131rmalar silikonun insan v\u00fccuduna en az zararl\u0131 madde oldu\u011funu ortaya koymu\u015ftur. Silikon i\u00e7eren \u00fcr\u00fcnler, kozmetik sanayide ve t\u0131pta ba\u015fka ama\u00e7larla da kullan\u0131lmaktad\u0131r.<\/p>\n<ol start=\"3\">\n<li>G\u00fcn\u00fcm\u00fczde kullan\u0131lan meme protezleri \u015f\u00f6yle adland\u0131r\u0131labilir:<\/li>\n<\/ol>\n<p>Jel-filled: D\u0131\u015f y\u00fczeyi silikon olan balonun i\u00e7inde yine silikon orijinli jel vard\u0131r. Bunlar \u00e7e\u015fitli boyutlarda, kullan\u0131ma haz\u0131r halde \u00fcretilmi\u015ftir.<\/p>\n<p>Saline-filled: Silikon balonun i\u00e7i bo\u015ftur. Ameliyat s\u0131ras\u0131nda \u2018serum fizyolojik\u2019 ile istenilen hacim elde edilinceye kadar doldurulur. Son zamanlarda kullan\u0131ma haz\u0131r \u015fekilde olanlar\u0131 imal edilmi\u015ftir.<\/p>\n<p>Meme b\u00fcy\u00fctme ameliyat\u0131nda, memenin b\u00fcy\u00fct\u00fclmesi v\u00fccut i\u00e7in yabanc\u0131 bir madde ile sa\u011flanabildi\u011finden, proteze ait sorunlar olabilir. Protez \u00e7evresinde kaps\u00fcl ad\u0131 verilen bir zar\u0131n geli\u015fmesine ba\u011fl\u0131 kontrakt\u00fcr (bu zar farkl\u0131 kal\u0131nl\u0131klarda olabilir) g\u00f6r\u00fclebilir. \u0130nce zar herhangi bir probleme yol a\u00e7maz. Orta kal\u0131nl\u0131kta bir zar olu\u015fmas\u0131 halinde, memelerde hafif bir sertlik ve meme taban\u0131nda belirginlik fark edilebilir. Nadir durumlarda, v\u00fccut bu yabanc\u0131 maddeyi kabul etmeyebilir, protez etraf\u0131nda kal\u0131n bir zar olu\u015fturup (kaps\u00fcl), s\u0131k\u0131\u015ft\u0131r\u0131p hapsetme\u011fe bazen de v\u00fccut d\u0131\u015f\u0131na atma\u011fa \u00e7al\u0131\u015f\u0131r. Kal\u0131n kaps\u00fcl olu\u015fmas\u0131 halinde, memelerde sertlik ve bazen asimetri g\u00f6r\u00fclebilir. Hafif ve orta kaps\u00fcler kontrakt\u00fcr durumunda, protez etraf\u0131ndaki kaps\u00fcl\u00fcn giderilmesi i\u00e7in d\u0131\u015ftan masaj ve gere\u011finde ek ameliyatlar yap\u0131labilir. A\u011f\u0131r kaps\u00fcl kontrakt\u00fcr\u00fc ortaya \u00e7\u0131kt\u0131\u011f\u0131nda protezi \u00e7\u0131karmaktan ba\u015fka se\u00e7enek yoktur.<\/p>\n<p>Silikon protezlerin d\u0131\u015f y\u00fczeyi \u00e7ok ince olmakla birlikte d\u0131\u015f darbelere olduk\u00e7a dayan\u0131kl\u0131d\u0131r. Normal ve orta dereceli masajlar zarar vermez. Ki\u015fi ameliyattan 2 ay sonra y\u00fcz\u00fc koyun yatabilir.<\/p>\n<p>&nbsp;<\/p>\n<p>Bazen, protez i\u00e7eri\u011finin balon d\u0131\u015f\u0131na s\u0131zmas\u0131 g\u00f6r\u00fclebilir. E\u011fer jel-filled protez kullan\u0131lm\u0131\u015fsa, doku aral\u0131klar\u0131na s\u0131zan bu maddeler kitle olu\u015fmas\u0131na neden olabilir. Saline-filled kullan\u0131lm\u0131\u015fsa, protez i\u00e7ine doldurulan serum fizyolojik protez d\u0131\u015f\u0131na, doku aral\u0131klar\u0131na s\u0131zabilir. Bu takdirde d\u0131\u015far\u0131 s\u0131zan serum v\u00fccuda herhangi bir zarar vermeden dokular taraf\u0131ndan h\u0131zla emilir. Asl\u0131nda damar yolu ile verilebilen ve ba\u015fka tedavi ama\u00e7lar\u0131 ile kullan\u0131lan bu maddenin hi\u00e7bir zarar\u0131 yoktur.<\/p>\n<p>Protezi y\u0131rt\u0131lmas\u0131 nadir bir durumdur. Ara\u00e7 i\u00e7i trafik kazalar\u0131nda oldu\u011fu gibi s\u0131k\u0131\u015fmalarla, y\u00fcksekten d\u00fc\u015fmelerle ve delici alet yaralanmalar\u0131 ile ortaya \u00e7\u0131kabilir. B\u00f6yle bir durumda protezin i\u00e7eri\u011fi \u00f6nem kazan\u0131r. Serum fizyolojik ile \u015fi\u015firilen protez kullan\u0131lm\u0131\u015fsa korkulacak bir \u015fey yoktur.<\/p>\n<p>Silikon meme protezi ta\u015f\u0131yan bir memede, kanser geli\u015fmesi halinde (ki kanser ortaya \u00e7\u0131kma riski protez konmam\u0131\u015f memelerle ayn\u0131d\u0131r), kansere y\u00f6nelik ameliyat ve di\u011fer tedavi \u015fekilleri standartlar do\u011frultusunda uygulan\u0131r. Kontrol mamografilerinizi, protez konmu\u015f memelerde inceleme yapma deneyimi olan merkezlerde yapt\u0131rman\u0131z tavsiye edilir.<\/p>\n<p>Meme b\u00fcy\u00fctme ameliyat\u0131na karar vermeden \u00f6nce, sizi rahats\u0131z eden kusurunuzu ve ameliyattan beklentinizi a\u00e7\u0131k\u00e7a doktorunuza s\u00f6ylemelisiniz. Se\u00e7ilecek protezi, protezin hangi kesiden konaca\u011f\u0131n\u0131, anestezi tipini, ameliyat\u0131n erken ve ge\u00e7 sonu\u00e7lar\u0131n\u0131 tart\u0131\u015fman\u0131z gereklidir.<\/p>\n<ol start=\"4\">\n<li>Ameliyat \u00f6ncesi nelere dikkat edilmelidir?<\/li>\n<\/ol>\n<p>Protez konulacak hastalarda, ameliyattan \u00f6nce mamografi ve gerekirse ultrasonografi ad\u0131 verilen radyolojik tetkikler ile meme dokusu de\u011ferlendirilir.<\/p>\n<ol start=\"5\">\n<li>Meme b\u00fcy\u00fcltme ameliyat\u0131n\u0131n riskleri var m\u0131d\u0131r?<\/li>\n<\/ol>\n<p>Her ameliyat\u0131n genel veya kendine has riskleri vard\u0131r. Meme b\u00f6lgesinde \u00f6dem ve a\u011fr\u0131 ameliyat sonras\u0131 g\u00f6r\u00fclen yak\u0131nmalard\u0131r. Ameliyata ba\u011fl\u0131 kanama ve enfeksiyon nadir g\u00f6r\u00fclen durumlard\u0131r. Baz\u0131 hastalar ameliyattan sonra meme ba\u015flar\u0131nda artan veya azalan duyarl\u0131l\u0131ktan ya da kesi \u00e7evresinde hissizlikten \u015fik\u00e2yet ederler. Bu genellikle ge\u00e7icidir.<\/p>\n<ol start=\"6\">\n<li>Anestezi tipi nedir? Ameliyat ne kadar s\u00fcrer?<\/li>\n<\/ol>\n<p>Ameliyat genel anestezi ile hastane ko\u015fullar\u0131nda, ameliyathanede yap\u0131l\u0131r. 1-1. 5 saat s\u00fcrer.<\/p>\n<ol start=\"7\">\n<li>Ameliyat i\u015flemi nas\u0131ld\u0131r?<\/li>\n<\/ol>\n<p>Ameliyat, protezin konabilmesi i\u00e7in a\u00e7\u0131lan yere g\u00f6re iz b\u0131rak\u0131r. Meme alt\u0131 k\u0131vr\u0131m\u0131, koltukalt\u0131, meme ba\u015f\u0131 kenar\u0131ndan girilebilir. Giri\u015f yeri neresi olursa olsun iz b\u0131rak\u0131r. Bunlar ba\u015flang\u0131\u00e7ta belirgin, zamanla belli belirsiz hale gelen izlerdir. Protez, meme dokusu arkas\u0131na ya da g\u00f6\u011f\u00fcs kas\u0131n\u0131n arkas\u0131na yerle\u015ftirilebilir. Her uygulaman\u0131n avantaj ve dezavantajlar\u0131 vard\u0131r. Bu ayr\u0131nt\u0131 da ameliyattan \u00f6nce de\u011ferlendirilmelidir.<\/p>\n<ol start=\"8\">\n<li>Ameliyat sonras\u0131 neler yap\u0131l\u0131r?<\/li>\n<\/ol>\n<p>Ameliyat sonras\u0131 genellikle rahat ge\u00e7er. A\u011fr\u0131 minimaldir. Protez, g\u00f6\u011f\u00fcs kas\u0131 arkas\u0131na konmu\u015fsa birka\u00e7 g\u00fcn kol hareketlerinde k\u0131s\u0131tl\u0131l\u0131k olabilir. Hastaya 6 hafta sporcu sutyeni giydirilir ve masaj \u00f6nerilir. Erken d\u00f6nemde \u015fi\u015flik olabilir. Meme ba\u015f\u0131nda hissizlik ve deri \u00fczerinde morumsu renk de\u011fi\u015fimi olabilir. Bunlar k\u0131sa s\u00fcrede kendili\u011finden kaybolur. Hasta 3-4 g\u00fcn i\u00e7inde i\u015fine d\u00f6nebilir. 3 ay a\u011f\u0131r sporlardan uzak durmas\u0131 tavsiye edilir.<\/p>\n","protected":false},"excerpt":{"rendered":"<p>Memeler, kad\u0131n bedeninin estetik g\u00f6r\u00fcn\u00fcm\u00fcnde son derece \u00f6nemli organlard\u0131r. Memeler, yap\u0131sal olarak de\u011fi\u015fik nedenlerle k\u00fc\u00e7\u00fck olabilir. Biri di\u011ferinden daha k\u00fc\u00e7\u00fck, asimetrik olabilir. Do\u011fumsal olarak bir tanesi hi\u00e7 olmayabilir. Her iki memenin e\u015fit hale getirilmesi ya da hacminin artt\u0131r\u0131lmas\u0131 i\u00e7in, g\u00fcn\u00fcm\u00fczde silikon protezler d\u0131\u015f\u0131nda ba\u015fka se\u00e7enek yoktur. Meme protezinin i\u00e7eri\u011fi nedir ? Meme protezleri, kat\u0131 silikondan [&hellip;]<\/p>\n","protected":false},"author":1,"featured_media":0,"parent":0,"menu_order":0,"comment_status":"closed","ping_status":"closed","template":"","meta":{"footnotes":""},"class_list":["post-8812","page","type-page","status-publish","hentry"],"yoast_head":"<!-- This site is optimized with the Yoast SEO plugin v19.4 - https:\/\/yoast.com\/wordpress\/plugins\/seo\/ -->\n<title>Meme B\u00fcy\u00fcltme - Ayfa Clinic<\/title>\n<meta name=\"robots\" content=\"index, follow, max-snippet:-1, max-image-preview:large, max-video-preview:-1\" \/>\n<link rel=\"canonical\" href=\"https:\/\/www.ayfaclinic.com\/tr\/meme-buyultme\/\" \/>\n<meta property=\"og:locale\" content=\"tr_TR\" \/>\n<meta property=\"og:type\" content=\"article\" \/>\n<meta property=\"og:title\" content=\"Meme B\u00fcy\u00fcltme - Ayfa Clinic\" \/>\n<meta property=\"og:description\" content=\"Memeler, kad\u0131n bedeninin estetik g\u00f6r\u00fcn\u00fcm\u00fcnde son derece \u00f6nemli organlard\u0131r. Memeler, yap\u0131sal olarak de\u011fi\u015fik nedenlerle k\u00fc\u00e7\u00fck olabilir. Biri di\u011ferinden daha k\u00fc\u00e7\u00fck, asimetrik olabilir. Do\u011fumsal olarak bir tanesi hi\u00e7 olmayabilir. Her iki memenin e\u015fit hale getirilmesi ya da hacminin artt\u0131r\u0131lmas\u0131 i\u00e7in, g\u00fcn\u00fcm\u00fczde silikon protezler d\u0131\u015f\u0131nda ba\u015fka se\u00e7enek yoktur. Meme protezinin i\u00e7eri\u011fi nedir ? Meme protezleri, kat\u0131 silikondan [&hellip;]\" \/>\n<meta property=\"og:url\" content=\"https:\/\/www.ayfaclinic.com\/tr\/meme-buyultme\/\" \/>\n<meta property=\"og:site_name\" content=\"Ayfa Clinic T&uuml;rkiye\" \/>\n<meta name=\"twitter:card\" content=\"summary_large_image\" \/>\n<meta name=\"twitter:label1\" content=\"Tahmini okuma s\u00fcresi\" \/>\n\t<meta name=\"twitter:data1\" content=\"5 dakika\" \/>\n<script type=\"application\/ld+json\" class=\"yoast-schema-graph\">{\"@context\":\"https:\/\/schema.org\",\"@graph\":[{\"@type\":\"WebSite\",\"@id\":\"https:\/\/www.ayfaclinic.com\/tr\/#website\",\"url\":\"https:\/\/www.ayfaclinic.com\/tr\/\",\"name\":\"Ayfa Clinic T&uuml;rkiye\",\"description\":\"Ayfa Clinic - Health Starts Here\",\"potentialAction\":[{\"@type\":\"SearchAction\",\"target\":{\"@type\":\"EntryPoint\",\"urlTemplate\":\"https:\/\/www.ayfaclinic.com\/tr\/?s={search_term_string}\"},\"query-input\":\"required name=search_term_string\"}],\"inLanguage\":\"tr\"},{\"@type\":\"WebPage\",\"@id\":\"https:\/\/www.ayfaclinic.com\/tr\/meme-buyultme\/\",\"url\":\"https:\/\/www.ayfaclinic.com\/tr\/meme-buyultme\/\",\"name\":\"Meme B\u00fcy\u00fcltme - Ayfa Clinic\",\"isPartOf\":{\"@id\":\"https:\/\/www.ayfaclinic.com\/tr\/#website\"},\"datePublished\":\"2022-08-19T11:02:07+00:00\",\"dateModified\":\"2022-08-19T11:02:07+00:00\",\"breadcrumb\":{\"@id\":\"https:\/\/www.ayfaclinic.com\/tr\/meme-buyultme\/#breadcrumb\"},\"inLanguage\":\"tr\",\"potentialAction\":[{\"@type\":\"ReadAction\",\"target\":[\"https:\/\/www.ayfaclinic.com\/tr\/meme-buyultme\/\"]}]},{\"@type\":\"BreadcrumbList\",\"@id\":\"https:\/\/www.ayfaclinic.com\/tr\/meme-buyultme\/#breadcrumb\",\"itemListElement\":[{\"@type\":\"ListItem\",\"position\":1,\"name\":\"Anasayfa\",\"item\":\"https:\/\/www.ayfaclinic.com\/tr\/\"},{\"@type\":\"ListItem\",\"position\":2,\"name\":\"Meme B\u00fcy\u00fcltme\"}]}]}<\/script>\n<!-- \/ Yoast SEO plugin. -->","yoast_head_json":{"title":"Meme B\u00fcy\u00fcltme - Ayfa Clinic","robots":{"index":"index","follow":"follow","max-snippet":"max-snippet:-1","max-image-preview":"max-image-preview:large","max-video-preview":"max-video-preview:-1"},"canonical":"https:\/\/www.ayfaclinic.com\/tr\/meme-buyultme\/","og_locale":"tr_TR","og_type":"article","og_title":"Meme B\u00fcy\u00fcltme - Ayfa Clinic","og_description":"Memeler, kad\u0131n bedeninin estetik g\u00f6r\u00fcn\u00fcm\u00fcnde son derece \u00f6nemli organlard\u0131r. Memeler, yap\u0131sal olarak de\u011fi\u015fik nedenlerle k\u00fc\u00e7\u00fck olabilir. Biri di\u011ferinden daha k\u00fc\u00e7\u00fck, asimetrik olabilir. Do\u011fumsal olarak bir tanesi hi\u00e7 olmayabilir. Her iki memenin e\u015fit hale getirilmesi ya da hacminin artt\u0131r\u0131lmas\u0131 i\u00e7in, g\u00fcn\u00fcm\u00fczde silikon protezler d\u0131\u015f\u0131nda ba\u015fka se\u00e7enek yoktur. Meme protezinin i\u00e7eri\u011fi nedir ? Meme protezleri, kat\u0131 silikondan [&hellip;]","og_url":"https:\/\/www.ayfaclinic.com\/tr\/meme-buyultme\/","og_site_name":"Ayfa Clinic T&uuml;rkiye","twitter_card":"summary_large_image","twitter_misc":{"Tahmini okuma s\u00fcresi":"5 dakika"},"schema":{"@context":"https:\/\/schema.org","@graph":[{"@type":"WebSite","@id":"https:\/\/www.ayfaclinic.com\/tr\/#website","url":"https:\/\/www.ayfaclinic.com\/tr\/","name":"Ayfa Clinic T&uuml;rkiye","description":"Ayfa Clinic - Health Starts Here","potentialAction":[{"@type":"SearchAction","target":{"@type":"EntryPoint","urlTemplate":"https:\/\/www.ayfaclinic.com\/tr\/?s={search_term_string}"},"query-input":"required name=search_term_string"}],"inLanguage":"tr"},{"@type":"WebPage","@id":"https:\/\/www.ayfaclinic.com\/tr\/meme-buyultme\/","url":"https:\/\/www.ayfaclinic.com\/tr\/meme-buyultme\/","name":"Meme B\u00fcy\u00fcltme - Ayfa Clinic","isPartOf":{"@id":"https:\/\/www.ayfaclinic.com\/tr\/#website"},"datePublished":"2022-08-19T11:02:07+00:00","dateModified":"2022-08-19T11:02:07+00:00","breadcrumb":{"@id":"https:\/\/www.ayfaclinic.com\/tr\/meme-buyultme\/#breadcrumb"},"inLanguage":"tr","potentialAction":[{"@type":"ReadAction","target":["https:\/\/www.ayfaclinic.com\/tr\/meme-buyultme\/"]}]},{"@type":"BreadcrumbList","@id":"https:\/\/www.ayfaclinic.com\/tr\/meme-buyultme\/#breadcrumb","itemListElement":[{"@type":"ListItem","position":1,"name":"Anasayfa","item":"https:\/\/www.ayfaclinic.com\/tr\/"},{"@type":"ListItem","position":2,"name":"Meme B\u00fcy\u00fcltme"}]}]}},"_links":{"self":[{"href":"https:\/\/www.ayfaclinic.com\/tr\/wp-json\/wp\/v2\/pages\/8812","targetHints":{"allow":["GET"]}}],"collection":[{"href":"https:\/\/www.ayfaclinic.com\/tr\/wp-json\/wp\/v2\/pages"}],"about":[{"href":"https:\/\/www.ayfaclinic.com\/tr\/wp-json\/wp\/v2\/types\/page"}],"author":[{"embeddable":true,"href":"https:\/\/www.ayfaclinic.com\/tr\/wp-json\/wp\/v2\/users\/1"}],"replies":[{"embeddable":true,"href":"https:\/\/www.ayfaclinic.com\/tr\/wp-json\/wp\/v2\/comments?post=8812"}],"version-history":[{"count":1,"href":"https:\/\/www.ayfaclinic.com\/tr\/wp-json\/wp\/v2\/pages\/8812\/revisions"}],"predecessor-version":[{"id":8813,"href":"https:\/\/www.ayfaclinic.com\/tr\/wp-json\/wp\/v2\/pages\/8812\/revisions\/8813"}],"wp:attachment":[{"href":"https:\/\/www.ayfaclinic.com\/tr\/wp-json\/wp\/v2\/media?parent=8812"}],"curies":[{"name":"wp","href":"https:\/\/api.w.org\/{rel}","templated":true}]}}