{"id":8808,"date":"2022-08-19T11:01:32","date_gmt":"2022-08-19T11:01:32","guid":{"rendered":"https:\/\/www.ayfaclinic.com\/tr\/?page_id=8808"},"modified":"2022-08-19T11:01:32","modified_gmt":"2022-08-19T11:01:32","slug":"liposuction","status":"publish","type":"page","link":"https:\/\/www.ayfaclinic.com\/tr\/liposuction\/","title":{"rendered":"Liposuction"},"content":{"rendered":"<p>Obezite gibi kilo problemleri olmayan fakat b\u00f6lgesel olarak zay\u0131flama y\u00f6ntemleriyle giderilemeyen ya\u011flanmalara sahip ki\u015filerde, var olan fazla ya\u011f dokusunun uzakla\u015ft\u0131r\u0131lmas\u0131 ve v\u00fccuda daha iyi bir \u015fekil kazand\u0131r\u0131lmas\u0131 i\u00e7in uygulanan cerrahi y\u00f6ntemlere Liposuction (liposak\u015f\u0131n) ismi verilir. Halk aras\u0131nda genellikle ya\u011f ald\u0131rma olarak nitelenen liposuction ge\u00e7mi\u015f y\u0131llardan g\u00fcn\u00fcm\u00fcze en \u00e7ok uygulanan estetik operasyonlardan biridir. Bu uygulama \u00f6zellikle kal\u00e7a, basen, kar\u0131n ,bel, diz gibi inat\u00e7\u0131 ya\u011flanmalar\u0131n ve b\u00f6lgesel fazlal\u0131klar\u0131n g\u00f6r\u00fcld\u00fc\u011f\u00fc b\u00f6lgelere uygulan\u0131r.Liposuction genel olarak \u00e7e\u015fitli y\u00f6ntemlerle daha ak\u0131\u015fkan hale getirilen ya\u011f dokular\u0131n\u0131n 1-2 mm&#8217;lik kesiler i\u00e7inden, 2-3 mm \u00e7ap\u0131ndaki ince ve uzun kan\u00fcller kullan\u0131larak vakumlanmas\u0131 ve uzakla\u015ft\u0131r\u0131lmas\u0131 \u015feklinde uygulan\u0131r.<\/p>\n<ol>\n<li>Liposuction i\u00e7in uygun adaylar kimlerdir ?<\/li>\n<\/ol>\n<ul>\n<li>Kilosu normal v\u00fccut a\u011f\u0131rl\u0131\u011f\u0131na yak\u0131n olanlar<\/li>\n<li>Kar\u0131n, bel, i\u00e7 ve d\u0131\u015f uyluklar, kollar, dizler ve boyun gibi diyet ve egzersize diren\u00e7li b\u00f6lgelerdeki ya\u011f birikimlerinin al\u0131nmas\u0131n\u0131 isteyenler<\/li>\n<li>Kilosu 6 ay veya daha uzun s\u00fcredir sabit olanlar<\/li>\n<li>Deri tonusu ve elastisitesi iyi olanlar<\/li>\n<li>Derisinde gev\u015feme ve sarkma olmayanlar<\/li>\n<li>Derisinde \u00e7atlak olmayanlar<\/li>\n<li>Beklentileri ger\u00e7ek\u00e7i olanlar<\/li>\n<li>Ruhsal problemleri olmayanlar<\/li>\n<li>Cerrahinin risklerinin bilincinde olanlar<\/li>\n<\/ul>\n<p>Bu kriterlenin yaln\u0131zca bir k\u0131sm\u0131na da sahip olsan\u0131z liposuction i\u00e7in iyi bir aday olabilirsiniz. Liposuction prosed\u00fcr\u00fc normal v\u00fccut a\u011f\u0131rl\u0131\u011f\u0131na yak\u0131n kiloda olup izole alanlarda ya\u011f fazlal\u0131\u011f\u0131 olanlar i\u00e7in \u00e7ok uygundur. Liposuction bir obezite tedavisi de\u011fildir. Bu nedenle y\u00f6ntem, kilo kayb\u0131 elde etmek olarak d\u00fc\u015f\u00fcn\u00fclmemelidir. Deri tonusunuz iyiyse cerrahinin sonucu iyi olur. Ancak \u00e7atlak ve sarkm\u0131\u015f derili iseniz, problemin yerine g\u00f6re kar\u0131n germe veya uyluk germe ameliyatlar\u0131 daha uygun olabilir. Be\u015f litrenin \u00fczerinde ya\u011f al\u0131nmas\u0131 planlanan hastalar\u0131n hastanede yat\u0131\u015f s\u00fcresi de artar.<\/p>\n<ol start=\"2\">\n<li>\u0130lk g\u00f6r\u00fc\u015fme neden \u00f6nemlidir ?<\/li>\n<\/ol>\n<p>\u0130lk g\u00f6r\u00fc\u015fmede doktorunuz size nas\u0131l bir d\u00fczelme istedi\u011finizi soracakt\u0131r. Ne istedi\u011finiz konusunda a\u00e7\u0131k olun. Cerrah\u0131n\u0131z beklentilerinizi tam olarak anlarsa iste\u011finizin ger\u00e7ek\u00e7i olup olmad\u0131\u011f\u0131n\u0131 daha iyi ortaya \u00e7\u0131kar\u0131r.<\/p>\n<p>E\u011fer \u015feker hastal\u0131\u011f\u0131, dola\u015f\u0131m bozuklu\u011fu, kalp, akci\u011fer veya karaci\u011fer hastal\u0131\u011f\u0131, sigara al\u0131\u015fkanl\u0131\u011f\u0131, ailede emboli \u00f6yk\u00fcs\u00fc, belli ila\u00e7lar\u0131n kullan\u0131m\u0131 gibi durumlardan herhangi birine sahipseniz komplikasyon olu\u015fma riski artar.<\/p>\n<ol start=\"3\">\n<li>Ameliyat \u00f6ncesi ameliyata haz\u0131rlanma nas\u0131ld\u0131r ?<\/li>\n<\/ol>\n<ul>\n<li>Aspirin veya antiinflamatuar ila\u00e7lar kullanmay\u0131n<\/li>\n<li>Ameliyattan en az iki hafta \u00f6nce sigaray\u0131 b\u0131rak\u0131n. Sigara komplikasyon riskini b\u00fcy\u00fck oranda artt\u0131r\u0131r.<\/li>\n<li>Doktorunuzdan bilgilendirme formu isteyin.<\/li>\n<li>Ameliyat sonras\u0131 ula\u015f\u0131mda size yard\u0131mc\u0131 olacak birini ayarlay\u0131n.<\/li>\n<li>Ameliyat sonras\u0131 ilk 24-72 saatte size yard\u0131mc\u0131 olacak birini organize edin.<\/li>\n<li>Evde kendinize rahat edebilece\u011finiz bir ortam haz\u0131rlay\u0131n (yast\u0131klar, kitaplar, dergiler, televizyon, uzaktan kumanda gibi)<\/li>\n<li>Doktorunuza dan\u0131\u015farak, ameliyat sonras\u0131 \u00f6demi artt\u0131rmamak i\u00e7in d\u00fc\u015f\u00fck sodyum i\u00e7eren yiyecekler haz\u0131rlay\u0131n.<\/li>\n<li>Ameliyat g\u00fcn\u00fc rahat, \u00e7\u0131kar\u0131lmas\u0131 kolay, \u00f6nden d\u00fc\u011fmeli giysiler giyin.<\/li>\n<\/ul>\n<ol start=\"4\">\n<li>\u0130\u015flem \u015fekli nas\u0131ld\u0131r? Ne kadar s\u00fcrer?<\/li>\n<\/ol>\n<p>Anestezi: Genel veya sedasyon<\/p>\n<p>Lokalizasyon: Hastane, ameliyathane. E\u011fer y\u00fcksek vol\u00fcml\u00fc liposuction (5 litrenin \u00fczerinde) yap\u0131ld\u0131ysa o gece hastanede kal\u0131nmas\u0131 uygun olacakt\u0131r.<\/p>\n<ol start=\"5\">\n<li>Hangi tip liposuction tercih edilmelidir?<\/li>\n<\/ol>\n<p>Standart liposuction: Liposuction, lipoplasti, liposculpture, liposculption ve suction-assisted lipoplasty gibi de\u011fi\u015fik \u015fekillerde isimlendirilebilir. 1982 y\u0131l\u0131ndan beri kullan\u0131lan bir y\u00f6ntemdir. \u0130lk \u00f6nce ya\u011f doku haz\u0131rlanan t\u00fcmesan s\u0131v\u0131s\u0131 (serum, adrenalin, vb) ile doldurulur. Daha sonra ya\u011f uzun ince kan\u00fcllerle aspire edilir. Aspirasyon i\u015flemi i\u00e7in do\u011fal v\u00fccut \u00e7izgilerine gizlenebilen birka\u00e7 k\u00fc\u00e7\u00fck insizyon yap\u0131l\u0131r. T\u00fcmesan tekni\u011fi kan kayb\u0131n\u0131 azalt\u0131r. Genel anestezi veya intraven\u00f6z sedasyonla desteklenmi\u015f lokal anestezi ile yap\u0131labilir.<\/p>\n<p>Ultrasonik liposuction (VASER liposuction): \u0130\u015fleme ya\u011f dokunun t\u00fcmesan s\u0131v\u0131s\u0131 ile doldurulmas\u0131yla ba\u015flan\u0131r. Daha sonra y\u00fcksek frekansl\u0131 ultrasonik enerji ile ya\u011f daha ak\u0131c\u0131, daha kolay emilebilir duruma getirilir.VASER assisted liposuction:Aral\u0131kl\u0131 veya s\u00fcrekli verilen ultrasonik enerjinin ya\u011f dokusunu s\u0131v\u0131la\u015ft\u0131rmas\u0131 \u00f6zelli\u011finden yararlan\u0131l\u0131r. Ultrasonik liposuction da kan kayb\u0131 daha azd\u0131r ve zor b\u00f6lgelerden ya\u011f daha kolay aspire edilebilir. Fakat deride yan\u0131k olu\u015fmas\u0131, \u00f6dem ve seroma gibi komplikasyonlar t\u00fcmesan liposuctiona g\u00f6re daha fazlad\u0131r.<\/p>\n<ol start=\"6\">\n<li>Liposuct\u0131on ile sel\u00fclit tedavisi m\u00fcmk\u00fcn m\u00fcd\u00fcr?<\/li>\n<\/ol>\n<p>Liposuction sell\u00fcliti d\u00fczeltmez, ancak k\u00f6t\u00fcle\u015ftirebilir. \u00c7\u00fcnk\u00fc sellulit, y\u00fczeyel ya\u011f dokusuyla ilgilidir. Liposuction da ise, derin ya\u011f dokusu aspire edilir.<\/p>\n<ol start=\"7\">\n<li>Kar\u0131n b\u00f6lgesinde liosuction nas\u0131l uygulan\u0131r?<\/li>\n<\/ol>\n<p>Kar\u0131n b\u00f6lgesinde a\u015f\u0131r\u0131 ya\u011f dokusu ve \u00e7atlak olmamas\u0131 ve deri tonusunun iyi olmas\u0131 ki\u015finin liposuction i\u00e7in iyi bir aday oldu\u011funu g\u00f6sterir. Deride gev\u015feme, sarkma ve \u00e7atlaklar mevcutsa kar\u0131n germe operasyonu gerekir.<\/p>\n<ol start=\"8\">\n<li>\u0130yile\u015fme d\u00f6neminde nelere dikkat edilmelidir?<\/li>\n<\/ol>\n<p>A\u011fr\u0131 d\u00fczeyi: Prosed\u00fcre ba\u011fl\u0131 olarak de\u011fi\u015fiklik g\u00f6sterir, 3-14 g\u00fcn a\u011fr\u0131 tedavisi gerekebilir.<\/p>\n<p>\u00d6dem: 2 hafta\u20132 ay veya daha fazla s\u00fcrebilir.Cerrahi sonras\u0131 3-4 hafta kadar korse giyilmelidir.<\/p>\n<p>Morluk: 2 g\u00fcn-2 hafta devam edebilir.<\/p>\n<p>Hissizlik: Birka\u00e7 ay s\u00fcrebilir.<\/p>\n<p>Pansuman: 1-2 g\u00fcn i\u00e7inde de\u011fi\u015ftirilir. Diki\u015fler birinci haftan\u0131n sonunda al\u0131n\u0131r.<\/p>\n<p>\u0130\u015f: 1-3 hafta i\u00e7inde i\u015fba\u015f\u0131 yap\u0131labilir.<\/p>\n<p>Egzersiz: 2-4 hafta sonra (y\u00fcr\u00fcy\u00fc\u015f d\u0131\u015f\u0131ndakiler i\u00e7in) ba\u015flanabilir.<\/p>\n<p>Sonu\u00e7: 1-6 ay i\u00e7inde ortaya \u00e7\u0131kar.<\/p>\n<ol start=\"9\">\n<li>iyile\u015fme s\u00fcrecini h\u0131zland\u0131rmak m\u00fcmk\u00fcn m\u00fcd\u00fcr?<\/li>\n<\/ol>\n<ul>\n<li>Dehidratasyonu \u00f6nlemek i\u00e7in yeterli miktarda s\u0131v\u0131 al\u0131nmal\u0131d\u0131r.<\/li>\n<li>Cerrahiden 48 saat \u00f6nce ve sonra alkol almaktan ka\u00e7\u0131n\u0131lmal\u0131d\u0131r.<\/li>\n<li>Kompresyon giysileri \u00f6nerilen s\u00fcre boyunca giyilmelidir.<\/li>\n<li>Enfeksiyon riskini azaltmak amac\u0131yla en az 7 g\u00fcn k\u00f6p\u00fck banyosu, jakuzi, sauna, y\u00fczme havuzu ve denize<\/li>\n<li>Evde bay\u0131lma riskini \u00f6nlemek i\u00e7in tuvalet sonras\u0131 yava\u015f\u00e7a aya\u011fa kalk\u0131lmal\u0131, kompresyon giysileri yava\u015f\u00e7a \u00e7\u0131kar\u0131lmal\u0131, ilk banyo s\u0131ras\u0131nda mutlaka yard\u0131m al\u0131nmal\u0131, ba\u015f d\u00f6nmesi hissedildi\u011finde hemen oturulmal\u0131d\u0131r.<\/li>\n<li>Yeni v\u00fccut \u015fekli kendini birka\u00e7 hafta i\u00e7inde belli etmeye ba\u015flamakla birlikte \u00f6demlerin tam olarak ge\u00e7mesi birka\u00e7 haftay\u0131 bulur. Liposuction sonras\u0131 ciddi kilolar almak ya da vermek deri y\u00fczeyi d\u00fczensizliklerine neden olabilir.<\/li>\n<li>Yeti\u015fkin ki\u015filer sabit say\u0131da ya\u011f h\u00fccresine sahiptirler. Ve liposuction s\u0131ras\u0131nda bunlar\u0131n bir k\u0131sm\u0131 al\u0131n\u0131r. E\u011fer operasyon sonras\u0131 kilo al\u0131n\u0131rsa kalan ya\u011f h\u00fccreleri \u015fi\u015fer<\/li>\n<\/ul>\n<ol start=\"10\">\n<li>Olas\u0131 risk ve komplikasyonlar<\/li>\n<\/ol>\n<ul>\n<li>Anormal v\u00fccut konturu<\/li>\n<li>Anestezi reaksiyonu<\/li>\n<li>Kanama, Deri d\u00fczensizlikleri , Deri nekrozu, Hematom, Seroma (deri alt\u0131nda s\u0131v\u0131 birikmesi)<\/li>\n<li>Yan\u0131k<\/li>\n<li>Renk de\u011fi\u015fiklikleri<\/li>\n<li>Emboli (Derin ven trombozu),Ya\u011f embolisi (%0,1\u2019den az)<\/li>\n<li>Enfeksiyon<\/li>\n<li>Ba\u011f\u0131rsak perforasyonu<\/li>\n<li>Kal\u0131c\u0131 hissizlik (%1\u2019den az)<\/li>\n<li>Depresyon, \u00c7ukurluklar, Deride buru\u015fma, , Hematom<\/li>\n<\/ul>\n<p>G\u00f6r\u00fcn\u00fcr skar ,Keloid<\/p>\n<p>Cerrahi skarlar kal\u0131c\u0131d\u0131r. Liposuction yap\u0131l\u0131rken her b\u00f6lge i\u00e7in ortalama iki k\u00fc\u00e7\u00fck insizyon yap\u0131l\u0131r.<\/p>\n<p>\u0130nsizyonlar genellikle do\u011fal deri k\u0131vr\u0131mlar\u0131na yerle\u015ftirilir. Veya pubik k\u0131llar\u0131n aras\u0131 ve g\u00f6bek deli\u011fi gibi b\u00f6lgelere gizlenir. Ancak \u00e7ok yak\u0131ndan incelemekle g\u00f6r\u00fclebilirler. Skarlar\u0131n en az \u015fekilde belirgin olmas\u0131n\u0131 sa\u011flamak i\u00e7in \u00fczerlerine masaj uygulanmal\u0131 ve g\u00fcne\u015ften korunmal\u0131d\u0131rlar.<\/p>\n","protected":false},"excerpt":{"rendered":"<p>Obezite gibi kilo problemleri olmayan fakat b\u00f6lgesel olarak zay\u0131flama y\u00f6ntemleriyle giderilemeyen ya\u011flanmalara sahip ki\u015filerde, var olan fazla ya\u011f dokusunun uzakla\u015ft\u0131r\u0131lmas\u0131 ve v\u00fccuda daha iyi bir \u015fekil kazand\u0131r\u0131lmas\u0131 i\u00e7in uygulanan cerrahi y\u00f6ntemlere Liposuction (liposak\u015f\u0131n) ismi verilir. Halk aras\u0131nda genellikle ya\u011f ald\u0131rma olarak nitelenen liposuction ge\u00e7mi\u015f y\u0131llardan g\u00fcn\u00fcm\u00fcze en \u00e7ok uygulanan estetik operasyonlardan biridir. Bu uygulama \u00f6zellikle [&hellip;]<\/p>\n","protected":false},"author":1,"featured_media":0,"parent":0,"menu_order":0,"comment_status":"closed","ping_status":"closed","template":"","meta":{"footnotes":""},"class_list":["post-8808","page","type-page","status-publish","hentry"],"yoast_head":"<!-- This site is optimized with the Yoast SEO plugin v19.4 - https:\/\/yoast.com\/wordpress\/plugins\/seo\/ -->\n<title>Liposuction - Ayfa Clinic<\/title>\n<meta name=\"robots\" content=\"index, follow, max-snippet:-1, max-image-preview:large, max-video-preview:-1\" \/>\n<link rel=\"canonical\" href=\"https:\/\/www.ayfaclinic.com\/tr\/liposuction\/\" \/>\n<meta property=\"og:locale\" content=\"tr_TR\" \/>\n<meta property=\"og:type\" content=\"article\" \/>\n<meta property=\"og:title\" content=\"Liposuction - Ayfa Clinic\" \/>\n<meta property=\"og:description\" content=\"Obezite gibi kilo problemleri olmayan fakat b\u00f6lgesel olarak zay\u0131flama y\u00f6ntemleriyle giderilemeyen ya\u011flanmalara sahip ki\u015filerde, var olan fazla ya\u011f dokusunun uzakla\u015ft\u0131r\u0131lmas\u0131 ve v\u00fccuda daha iyi bir \u015fekil kazand\u0131r\u0131lmas\u0131 i\u00e7in uygulanan cerrahi y\u00f6ntemlere Liposuction (liposak\u015f\u0131n) ismi verilir. Halk aras\u0131nda genellikle ya\u011f ald\u0131rma olarak nitelenen liposuction ge\u00e7mi\u015f y\u0131llardan g\u00fcn\u00fcm\u00fcze en \u00e7ok uygulanan estetik operasyonlardan biridir. Bu uygulama \u00f6zellikle [&hellip;]\" \/>\n<meta property=\"og:url\" content=\"https:\/\/www.ayfaclinic.com\/tr\/liposuction\/\" \/>\n<meta property=\"og:site_name\" content=\"Ayfa Clinic T&uuml;rkiye\" \/>\n<meta name=\"twitter:card\" content=\"summary_large_image\" \/>\n<meta name=\"twitter:label1\" content=\"Tahmini okuma s\u00fcresi\" \/>\n\t<meta name=\"twitter:data1\" content=\"6 dakika\" \/>\n<script type=\"application\/ld+json\" class=\"yoast-schema-graph\">{\"@context\":\"https:\/\/schema.org\",\"@graph\":[{\"@type\":\"WebSite\",\"@id\":\"https:\/\/www.ayfaclinic.com\/tr\/#website\",\"url\":\"https:\/\/www.ayfaclinic.com\/tr\/\",\"name\":\"Ayfa Clinic T&uuml;rkiye\",\"description\":\"Ayfa Clinic - Health Starts Here\",\"potentialAction\":[{\"@type\":\"SearchAction\",\"target\":{\"@type\":\"EntryPoint\",\"urlTemplate\":\"https:\/\/www.ayfaclinic.com\/tr\/?s={search_term_string}\"},\"query-input\":\"required name=search_term_string\"}],\"inLanguage\":\"tr\"},{\"@type\":\"WebPage\",\"@id\":\"https:\/\/www.ayfaclinic.com\/tr\/liposuction\/\",\"url\":\"https:\/\/www.ayfaclinic.com\/tr\/liposuction\/\",\"name\":\"Liposuction - Ayfa Clinic\",\"isPartOf\":{\"@id\":\"https:\/\/www.ayfaclinic.com\/tr\/#website\"},\"datePublished\":\"2022-08-19T11:01:32+00:00\",\"dateModified\":\"2022-08-19T11:01:32+00:00\",\"breadcrumb\":{\"@id\":\"https:\/\/www.ayfaclinic.com\/tr\/liposuction\/#breadcrumb\"},\"inLanguage\":\"tr\",\"potentialAction\":[{\"@type\":\"ReadAction\",\"target\":[\"https:\/\/www.ayfaclinic.com\/tr\/liposuction\/\"]}]},{\"@type\":\"BreadcrumbList\",\"@id\":\"https:\/\/www.ayfaclinic.com\/tr\/liposuction\/#breadcrumb\",\"itemListElement\":[{\"@type\":\"ListItem\",\"position\":1,\"name\":\"Anasayfa\",\"item\":\"https:\/\/www.ayfaclinic.com\/tr\/\"},{\"@type\":\"ListItem\",\"position\":2,\"name\":\"Liposuction\"}]}]}<\/script>\n<!-- \/ Yoast SEO plugin. -->","yoast_head_json":{"title":"Liposuction - Ayfa Clinic","robots":{"index":"index","follow":"follow","max-snippet":"max-snippet:-1","max-image-preview":"max-image-preview:large","max-video-preview":"max-video-preview:-1"},"canonical":"https:\/\/www.ayfaclinic.com\/tr\/liposuction\/","og_locale":"tr_TR","og_type":"article","og_title":"Liposuction - Ayfa Clinic","og_description":"Obezite gibi kilo problemleri olmayan fakat b\u00f6lgesel olarak zay\u0131flama y\u00f6ntemleriyle giderilemeyen ya\u011flanmalara sahip ki\u015filerde, var olan fazla ya\u011f dokusunun uzakla\u015ft\u0131r\u0131lmas\u0131 ve v\u00fccuda daha iyi bir \u015fekil kazand\u0131r\u0131lmas\u0131 i\u00e7in uygulanan cerrahi y\u00f6ntemlere Liposuction (liposak\u015f\u0131n) ismi verilir. Halk aras\u0131nda genellikle ya\u011f ald\u0131rma olarak nitelenen liposuction ge\u00e7mi\u015f y\u0131llardan g\u00fcn\u00fcm\u00fcze en \u00e7ok uygulanan estetik operasyonlardan biridir. Bu uygulama \u00f6zellikle [&hellip;]","og_url":"https:\/\/www.ayfaclinic.com\/tr\/liposuction\/","og_site_name":"Ayfa Clinic T&uuml;rkiye","twitter_card":"summary_large_image","twitter_misc":{"Tahmini okuma s\u00fcresi":"6 dakika"},"schema":{"@context":"https:\/\/schema.org","@graph":[{"@type":"WebSite","@id":"https:\/\/www.ayfaclinic.com\/tr\/#website","url":"https:\/\/www.ayfaclinic.com\/tr\/","name":"Ayfa Clinic T&uuml;rkiye","description":"Ayfa Clinic - Health Starts Here","potentialAction":[{"@type":"SearchAction","target":{"@type":"EntryPoint","urlTemplate":"https:\/\/www.ayfaclinic.com\/tr\/?s={search_term_string}"},"query-input":"required name=search_term_string"}],"inLanguage":"tr"},{"@type":"WebPage","@id":"https:\/\/www.ayfaclinic.com\/tr\/liposuction\/","url":"https:\/\/www.ayfaclinic.com\/tr\/liposuction\/","name":"Liposuction - Ayfa Clinic","isPartOf":{"@id":"https:\/\/www.ayfaclinic.com\/tr\/#website"},"datePublished":"2022-08-19T11:01:32+00:00","dateModified":"2022-08-19T11:01:32+00:00","breadcrumb":{"@id":"https:\/\/www.ayfaclinic.com\/tr\/liposuction\/#breadcrumb"},"inLanguage":"tr","potentialAction":[{"@type":"ReadAction","target":["https:\/\/www.ayfaclinic.com\/tr\/liposuction\/"]}]},{"@type":"BreadcrumbList","@id":"https:\/\/www.ayfaclinic.com\/tr\/liposuction\/#breadcrumb","itemListElement":[{"@type":"ListItem","position":1,"name":"Anasayfa","item":"https:\/\/www.ayfaclinic.com\/tr\/"},{"@type":"ListItem","position":2,"name":"Liposuction"}]}]}},"_links":{"self":[{"href":"https:\/\/www.ayfaclinic.com\/tr\/wp-json\/wp\/v2\/pages\/8808","targetHints":{"allow":["GET"]}}],"collection":[{"href":"https:\/\/www.ayfaclinic.com\/tr\/wp-json\/wp\/v2\/pages"}],"about":[{"href":"https:\/\/www.ayfaclinic.com\/tr\/wp-json\/wp\/v2\/types\/page"}],"author":[{"embeddable":true,"href":"https:\/\/www.ayfaclinic.com\/tr\/wp-json\/wp\/v2\/users\/1"}],"replies":[{"embeddable":true,"href":"https:\/\/www.ayfaclinic.com\/tr\/wp-json\/wp\/v2\/comments?post=8808"}],"version-history":[{"count":1,"href":"https:\/\/www.ayfaclinic.com\/tr\/wp-json\/wp\/v2\/pages\/8808\/revisions"}],"predecessor-version":[{"id":8809,"href":"https:\/\/www.ayfaclinic.com\/tr\/wp-json\/wp\/v2\/pages\/8808\/revisions\/8809"}],"wp:attachment":[{"href":"https:\/\/www.ayfaclinic.com\/tr\/wp-json\/wp\/v2\/media?parent=8808"}],"curies":[{"name":"wp","href":"https:\/\/api.w.org\/{rel}","templated":true}]}}