{"id":8806,"date":"2022-08-19T11:01:03","date_gmt":"2022-08-19T11:01:03","guid":{"rendered":"https:\/\/www.ayfaclinic.com\/tr\/?page_id=8806"},"modified":"2022-08-19T11:01:03","modified_gmt":"2022-08-19T11:01:03","slug":"meme-diklestirme","status":"publish","type":"page","link":"https:\/\/www.ayfaclinic.com\/tr\/meme-diklestirme\/","title":{"rendered":"Meme Dikle\u015ftirme"},"content":{"rendered":"<p>G\u00f6\u011f\u00fcs sarkmas\u0131, yumu\u015fakl\u0131k ve deformasyon bayanlar\u0131n en \u00e7ok hassas olduklar\u0131 konular\u0131n ba\u015f\u0131nda yer al\u0131r. Yap\u0131s\u0131nda kas i\u00e7ermeyen tamamen ya\u011f ve s\u00fct bezlerinden olu\u015fan g\u00f6\u011f\u00fcs dokusu zamanla yer \u00e7ekimi, ya\u015flanma, s\u0131k kilo al\u0131p verme, do\u011fum, emzirme, yanl\u0131\u015f s\u00fctyen kullan\u0131m\u0131 gibi nedenlerle eski diri ve dik g\u00f6r\u00fcn\u00fcmlerini yitirir, i\u00e7i bo\u015falarak ya da derisi a\u015f\u0131r\u0131 derecede bolla\u015farak, sarkar ve estetik a\u00e7\u0131dan bayanlar\u0131n huzursuz olmas\u0131na neden olarak \u00e7e\u015fitli \u00e7\u00f6z\u00fcm aray\u0131\u015flar\u0131na iter.<\/p>\n<p>Memeler yer\u00e7ekiminin etkisiyle ve ya\u015fa ba\u011fl\u0131 olarak derinin elastikiyetini kaybetmesiyle zaman i\u00e7inde giderek sarkar. S\u0131k kilo al\u0131p verme, do\u011fum ve emzirme i\u015flemleri ve memelerin a\u015f\u0131r\u0131 b\u00fcy\u00fck olmas\u0131 sarkman\u0131n daha erken ya\u015flarda olu\u015fmas\u0131na sebebiyet verir.<\/p>\n<ol>\n<li>Ameliyat \u00f6ncesi ameliyata haz\u0131rlanma nas\u0131ld\u0131r?<\/li>\n<\/ol>\n<p>Di\u011fer meme ameliyatlar\u0131nda oldu\u011fu gibi, doktorunuzla neden ameliyat olmak istedi\u011finizi ve bu ameliyattan ne bekledi\u011finizi tart\u0131\u015f\u0131n. Ailenizde meme hastal\u0131\u011f\u0131 veya kanseri, sigara, ila\u00e7 al\u0131\u015fkanl\u0131\u011f\u0131 veya sistemik bir hastal\u0131\u011f\u0131n\u0131z var ise, doktorunuza s\u00f6yleyiniz. Ameliyat\u0131n \u015fekli ve olas\u0131 problemleri doktorunuza sorunuz.<\/p>\n<ol start=\"2\">\n<li>Ameliyat planlamas\u0131 nas\u0131l yap\u0131l\u0131r ?<\/li>\n<\/ol>\n<p>Estetik meme dikle\u015ftirme ameliyat\u0131nda, sark\u0131k haldeki meme dokusu yeniden \u015fekillendirilir, fazla deri \u00e7\u0131kart\u0131l\u0131r. Meme ba\u015f\u0131 olmas\u0131 gereken yere getirtilir.<\/p>\n<ol start=\"3\">\n<li>Anestezi tipi nedir ? Ameliyat ne kadar s\u00fcrer ?<\/li>\n<\/ol>\n<p>Ameliyat genel anestezi ile hastane ko\u015fullar\u0131nda, ameliyathanede yap\u0131l\u0131r. 1,5-2 saat s\u00fcrer.<\/p>\n<ol start=\"4\">\n<li>Ameliyat i\u015flemi nas\u0131ld\u0131r ?<\/li>\n<\/ol>\n<p>Sark\u0131kl\u0131\u011f\u0131n derecesine g\u00f6re de\u011fi\u015fik \u015fekillerde iz kal\u0131r. Hangi y\u00f6ntem uygulan\u0131rsa uygulans\u0131n meme ba\u015f\u0131 etraf\u0131nda iz kalmas\u0131 ka\u00e7\u0131n\u0131lmazd\u0131r. Meme ba\u015f\u0131 \u00e7evresinden kesi yap\u0131larak bir meme dikle\u015ftirme ameliyat\u0131 uygulan\u0131rsa, meme ba\u015f\u0131 etraf\u0131ndaki iz daha belirgin olabilir. Di\u011fer meme dikle\u015ftirme ameliyatlar\u0131nda meme ba\u015f\u0131 etraf\u0131ndaki ize ek olarak, areolan\u0131n alt kenar\u0131n\u0131n orta k\u0131sm\u0131ndan a\u015fa\u011f\u0131 do\u011fru uzanan 4-5 cm uzunlu\u011funda bir iz olabilir.<\/p>\n<p>Uygun hastalarda sadece meme protezi yerle\u015ftirilerek sark\u0131kl\u0131k ortadan kald\u0131r\u0131labilir. Bu takdirde ameliyat izi, sadece meme ba\u015f\u0131n\u0131n kahverengimsi derisi ile g\u00f6\u011f\u00fcs\u00fcn beyaz derisi ile olan birle\u015fme yerine gizlenir ve minimal olur. \u0130z b\u0131rakmayan meme dikle\u015ftirme ameliyat\u0131 yoktur. Ancak bu izler ba\u015flang\u0131\u00e7ta belirgin, zamanla belli belirsiz hale gelen izlerdir.<\/p>\n<ol start=\"5\">\n<li>Ameliyat sonras\u0131 neler yap\u0131l\u0131r ?<\/li>\n<\/ol>\n<p>Ameliyat sonras\u0131 genellikle rahat ge\u00e7er. A\u011fr\u0131 genellikle sorun yaratmaz. Ameliyat s\u0131ras\u0131nda meme protezi kullan\u0131lm\u0131\u015f ise, birka\u00e7 g\u00fcn kol hareketlerinde k\u0131s\u0131tl\u0131l\u0131k olabilir. Memeler \u00fczerine sUtyene benzer sarg\u0131 uygulan\u0131r. Meme ba\u015f\u0131 \u00fczerine ayr\u0131 pansuman konur. Pansuman bir g\u00fcn sonra a\u00e7\u0131larak yara kontrol edilir. Bir g\u00fcn sonra sarg\u0131 a\u00e7\u0131l\u0131r. Hastaya 6 hafta sporcu sutyeni giydirilir. Erken d\u00f6nemde \u015fi\u015flik olabilir. Meme ba\u015f\u0131nda hissizlik ve deri \u00fczerinde morumsu renk de\u011fi\u015fimi olabilir. Bunlar k\u0131sa s\u00fcrede kendili\u011finden kaybolur.<\/p>\n<ol start=\"6\">\n<li>Normal hayata ne zaman d\u00f6n\u00fcl\u00fcr ?<\/li>\n<\/ol>\n<p>Hasta 3-4 g\u00fcn i\u00e7inde i\u015fine d\u00f6nebilir. 3 ay a\u011f\u0131r sporlardan uzak durmas\u0131 \u00f6nerilir. Estetik meme dikle\u015ftirme ameliyat\u0131 genel olarak iyi ve kal\u0131c\u0131 sonu\u00e7 veren, ki\u015finin ve e\u015finin ruh sa\u011fl\u0131\u011f\u0131n\u0131 d\u00fczelten onlar\u0131 ya\u015fama daha ba\u011fl\u0131 hale getiren bir ameliyatt\u0131r.<\/p>\n<p>Yeni \u015fekillendirilmi\u015f meme uzun s\u00fcre dayan\u0131kl\u0131 olur. Ancak kilo de\u011fi\u015fiklikleri, gebelik, emzirme ve yer\u00e7ekimi yeni sark\u0131kl\u0131klara neden olabilir.<\/p>\n<ol start=\"7\">\n<li>Ameliyat\u0131n riskleri var m\u0131d\u0131r ?<\/li>\n<\/ol>\n<p>Her ameliyat istenmeyen baz\u0131 durumlar ile sonu\u00e7lanabilir. Bu ihtimalleri doktorunuzla konu\u015fman\u0131zda yarar vard\u0131r. Memeler aras\u0131nda hafif derecede \u015fekil ve boyut asimetrileri olabilir. Meme dikle\u015ftirme sonras\u0131 s\u00fct vermede problem olmaz.<\/p>\n","protected":false},"excerpt":{"rendered":"<p>G\u00f6\u011f\u00fcs sarkmas\u0131, yumu\u015fakl\u0131k ve deformasyon bayanlar\u0131n en \u00e7ok hassas olduklar\u0131 konular\u0131n ba\u015f\u0131nda yer al\u0131r. Yap\u0131s\u0131nda kas i\u00e7ermeyen tamamen ya\u011f ve s\u00fct bezlerinden olu\u015fan g\u00f6\u011f\u00fcs dokusu zamanla yer \u00e7ekimi, ya\u015flanma, s\u0131k kilo al\u0131p verme, do\u011fum, emzirme, yanl\u0131\u015f s\u00fctyen kullan\u0131m\u0131 gibi nedenlerle eski diri ve dik g\u00f6r\u00fcn\u00fcmlerini yitirir, i\u00e7i bo\u015falarak ya da derisi a\u015f\u0131r\u0131 derecede bolla\u015farak, sarkar [&hellip;]<\/p>\n","protected":false},"author":1,"featured_media":0,"parent":0,"menu_order":0,"comment_status":"closed","ping_status":"closed","template":"","meta":{"footnotes":""},"class_list":["post-8806","page","type-page","status-publish","hentry"],"yoast_head":"<!-- This site is optimized with the Yoast SEO plugin v19.4 - https:\/\/yoast.com\/wordpress\/plugins\/seo\/ -->\n<title>Meme Dikle\u015ftirme - Ayfa Clinic<\/title>\n<meta name=\"robots\" content=\"index, follow, max-snippet:-1, max-image-preview:large, max-video-preview:-1\" \/>\n<link rel=\"canonical\" href=\"https:\/\/www.ayfaclinic.com\/tr\/meme-diklestirme\/\" \/>\n<meta property=\"og:locale\" content=\"tr_TR\" \/>\n<meta property=\"og:type\" content=\"article\" \/>\n<meta property=\"og:title\" content=\"Meme Dikle\u015ftirme - Ayfa Clinic\" \/>\n<meta property=\"og:description\" content=\"G\u00f6\u011f\u00fcs sarkmas\u0131, yumu\u015fakl\u0131k ve deformasyon bayanlar\u0131n en \u00e7ok hassas olduklar\u0131 konular\u0131n ba\u015f\u0131nda yer al\u0131r. Yap\u0131s\u0131nda kas i\u00e7ermeyen tamamen ya\u011f ve s\u00fct bezlerinden olu\u015fan g\u00f6\u011f\u00fcs dokusu zamanla yer \u00e7ekimi, ya\u015flanma, s\u0131k kilo al\u0131p verme, do\u011fum, emzirme, yanl\u0131\u015f s\u00fctyen kullan\u0131m\u0131 gibi nedenlerle eski diri ve dik g\u00f6r\u00fcn\u00fcmlerini yitirir, i\u00e7i bo\u015falarak ya da derisi a\u015f\u0131r\u0131 derecede bolla\u015farak, sarkar [&hellip;]\" \/>\n<meta property=\"og:url\" content=\"https:\/\/www.ayfaclinic.com\/tr\/meme-diklestirme\/\" \/>\n<meta property=\"og:site_name\" content=\"Ayfa Clinic T&uuml;rkiye\" \/>\n<meta name=\"twitter:card\" content=\"summary_large_image\" \/>\n<meta name=\"twitter:label1\" content=\"Tahmini okuma s\u00fcresi\" \/>\n\t<meta name=\"twitter:data1\" content=\"3 dakika\" \/>\n<script type=\"application\/ld+json\" class=\"yoast-schema-graph\">{\"@context\":\"https:\/\/schema.org\",\"@graph\":[{\"@type\":\"WebSite\",\"@id\":\"https:\/\/www.ayfaclinic.com\/tr\/#website\",\"url\":\"https:\/\/www.ayfaclinic.com\/tr\/\",\"name\":\"Ayfa Clinic T&uuml;rkiye\",\"description\":\"Ayfa Clinic - Health Starts Here\",\"potentialAction\":[{\"@type\":\"SearchAction\",\"target\":{\"@type\":\"EntryPoint\",\"urlTemplate\":\"https:\/\/www.ayfaclinic.com\/tr\/?s={search_term_string}\"},\"query-input\":\"required name=search_term_string\"}],\"inLanguage\":\"tr\"},{\"@type\":\"WebPage\",\"@id\":\"https:\/\/www.ayfaclinic.com\/tr\/meme-diklestirme\/\",\"url\":\"https:\/\/www.ayfaclinic.com\/tr\/meme-diklestirme\/\",\"name\":\"Meme Dikle\u015ftirme - Ayfa Clinic\",\"isPartOf\":{\"@id\":\"https:\/\/www.ayfaclinic.com\/tr\/#website\"},\"datePublished\":\"2022-08-19T11:01:03+00:00\",\"dateModified\":\"2022-08-19T11:01:03+00:00\",\"breadcrumb\":{\"@id\":\"https:\/\/www.ayfaclinic.com\/tr\/meme-diklestirme\/#breadcrumb\"},\"inLanguage\":\"tr\",\"potentialAction\":[{\"@type\":\"ReadAction\",\"target\":[\"https:\/\/www.ayfaclinic.com\/tr\/meme-diklestirme\/\"]}]},{\"@type\":\"BreadcrumbList\",\"@id\":\"https:\/\/www.ayfaclinic.com\/tr\/meme-diklestirme\/#breadcrumb\",\"itemListElement\":[{\"@type\":\"ListItem\",\"position\":1,\"name\":\"Anasayfa\",\"item\":\"https:\/\/www.ayfaclinic.com\/tr\/\"},{\"@type\":\"ListItem\",\"position\":2,\"name\":\"Meme Dikle\u015ftirme\"}]}]}<\/script>\n<!-- \/ Yoast SEO plugin. -->","yoast_head_json":{"title":"Meme Dikle\u015ftirme - Ayfa Clinic","robots":{"index":"index","follow":"follow","max-snippet":"max-snippet:-1","max-image-preview":"max-image-preview:large","max-video-preview":"max-video-preview:-1"},"canonical":"https:\/\/www.ayfaclinic.com\/tr\/meme-diklestirme\/","og_locale":"tr_TR","og_type":"article","og_title":"Meme Dikle\u015ftirme - Ayfa Clinic","og_description":"G\u00f6\u011f\u00fcs sarkmas\u0131, yumu\u015fakl\u0131k ve deformasyon bayanlar\u0131n en \u00e7ok hassas olduklar\u0131 konular\u0131n ba\u015f\u0131nda yer al\u0131r. Yap\u0131s\u0131nda kas i\u00e7ermeyen tamamen ya\u011f ve s\u00fct bezlerinden olu\u015fan g\u00f6\u011f\u00fcs dokusu zamanla yer \u00e7ekimi, ya\u015flanma, s\u0131k kilo al\u0131p verme, do\u011fum, emzirme, yanl\u0131\u015f s\u00fctyen kullan\u0131m\u0131 gibi nedenlerle eski diri ve dik g\u00f6r\u00fcn\u00fcmlerini yitirir, i\u00e7i bo\u015falarak ya da derisi a\u015f\u0131r\u0131 derecede bolla\u015farak, sarkar [&hellip;]","og_url":"https:\/\/www.ayfaclinic.com\/tr\/meme-diklestirme\/","og_site_name":"Ayfa Clinic T&uuml;rkiye","twitter_card":"summary_large_image","twitter_misc":{"Tahmini okuma s\u00fcresi":"3 dakika"},"schema":{"@context":"https:\/\/schema.org","@graph":[{"@type":"WebSite","@id":"https:\/\/www.ayfaclinic.com\/tr\/#website","url":"https:\/\/www.ayfaclinic.com\/tr\/","name":"Ayfa Clinic T&uuml;rkiye","description":"Ayfa Clinic - Health Starts Here","potentialAction":[{"@type":"SearchAction","target":{"@type":"EntryPoint","urlTemplate":"https:\/\/www.ayfaclinic.com\/tr\/?s={search_term_string}"},"query-input":"required name=search_term_string"}],"inLanguage":"tr"},{"@type":"WebPage","@id":"https:\/\/www.ayfaclinic.com\/tr\/meme-diklestirme\/","url":"https:\/\/www.ayfaclinic.com\/tr\/meme-diklestirme\/","name":"Meme Dikle\u015ftirme - Ayfa Clinic","isPartOf":{"@id":"https:\/\/www.ayfaclinic.com\/tr\/#website"},"datePublished":"2022-08-19T11:01:03+00:00","dateModified":"2022-08-19T11:01:03+00:00","breadcrumb":{"@id":"https:\/\/www.ayfaclinic.com\/tr\/meme-diklestirme\/#breadcrumb"},"inLanguage":"tr","potentialAction":[{"@type":"ReadAction","target":["https:\/\/www.ayfaclinic.com\/tr\/meme-diklestirme\/"]}]},{"@type":"BreadcrumbList","@id":"https:\/\/www.ayfaclinic.com\/tr\/meme-diklestirme\/#breadcrumb","itemListElement":[{"@type":"ListItem","position":1,"name":"Anasayfa","item":"https:\/\/www.ayfaclinic.com\/tr\/"},{"@type":"ListItem","position":2,"name":"Meme Dikle\u015ftirme"}]}]}},"_links":{"self":[{"href":"https:\/\/www.ayfaclinic.com\/tr\/wp-json\/wp\/v2\/pages\/8806","targetHints":{"allow":["GET"]}}],"collection":[{"href":"https:\/\/www.ayfaclinic.com\/tr\/wp-json\/wp\/v2\/pages"}],"about":[{"href":"https:\/\/www.ayfaclinic.com\/tr\/wp-json\/wp\/v2\/types\/page"}],"author":[{"embeddable":true,"href":"https:\/\/www.ayfaclinic.com\/tr\/wp-json\/wp\/v2\/users\/1"}],"replies":[{"embeddable":true,"href":"https:\/\/www.ayfaclinic.com\/tr\/wp-json\/wp\/v2\/comments?post=8806"}],"version-history":[{"count":1,"href":"https:\/\/www.ayfaclinic.com\/tr\/wp-json\/wp\/v2\/pages\/8806\/revisions"}],"predecessor-version":[{"id":8807,"href":"https:\/\/www.ayfaclinic.com\/tr\/wp-json\/wp\/v2\/pages\/8806\/revisions\/8807"}],"wp:attachment":[{"href":"https:\/\/www.ayfaclinic.com\/tr\/wp-json\/wp\/v2\/media?parent=8806"}],"curies":[{"name":"wp","href":"https:\/\/api.w.org\/{rel}","templated":true}]}}