{"id":8804,"date":"2022-08-19T11:00:38","date_gmt":"2022-08-19T11:00:38","guid":{"rendered":"https:\/\/www.ayfaclinic.com\/tr\/?page_id=8804"},"modified":"2022-08-19T11:00:38","modified_gmt":"2022-08-19T11:00:38","slug":"jinekomasti","status":"publish","type":"page","link":"https:\/\/www.ayfaclinic.com\/tr\/jinekomasti\/","title":{"rendered":"Jinekomasti"},"content":{"rendered":"<p>Jinekomasti erkeklerde \u00f6strojen ve testosteron hormonlar\u0131n\u0131n dengesizli\u011fi nedeniyle meme dokusu miktar\u0131ndaki anormal ancak iyi huylu b\u00fcy\u00fcmeye verilen isimdir. Jinekomasti, baz\u0131 vakalarda bir, baz\u0131 vakalarda iki memeyi birden etkileyebilir. Her iki meme de d\u00fczensiz olarak etkilenip birbirinden farkl\u0131 boyutlara ula\u015fabilir. Yenido\u011fanlar, ergenlik \u00e7a\u011f\u0131ndaki erkekler ve ya\u015fl\u0131 erkekler, hormon d\u00fczeylerindeki normal de\u011fi\u015fikliklerin bir sonucu olarak jinekomasti geli\u015ftirebilirler. Ancak jinekomasti geli\u015fmesi i\u00e7in ba\u015fka nedenler de mevcuttur. Jinekomasti bir\u00e7ok vakada ciddi bir sorun de\u011fildir, ancak bu durumla ba\u015f etmek bireyler i\u00e7in zor olabilir. Jinekomastili erkeklerin g\u00f6\u011f\u00fcslerinde a\u011fr\u0131 hissetti\u011fi durumlar g\u00f6zlemlenmi\u015ftir. Baz\u0131 vakalarda ise bireyin durumdan dolay\u0131 utanma hissetmesi g\u00f6r\u00fclebilmektedir. Jinekomasti ortaya \u00e7\u0131k\u0131\u015f nedenine g\u00f6re, kimi hastalarda kendili\u011finden iyile\u015febilir, kimi hastalarda ise sorunun \u00e7\u00f6z\u00fcm\u00fc i\u00e7in ila\u00e7 tedavisi veya ameliyat gerekli olabilir.<\/p>\n<ol>\n<li>Ameliyat planlamas\u0131 nas\u0131l yap\u0131l\u0131r ?<\/li>\n<\/ol>\n<p>Ergenlik d\u00f6neminde g\u00f6r\u00fclenlerde herhangi bir m\u00fcdahale yapmadan \u00f6nce 2 y\u0131l beklenilmesi, bu s\u00fcrede gerileme g\u00f6stermiyorsa m\u00fcdahale yap\u0131lmas\u0131 uygundur.<\/p>\n<ol start=\"2\">\n<li>Ameliyat i\u015flemi nas\u0131ld\u0131r?<\/li>\n<\/ol>\n<p>B\u00fcy\u00fckl\u00fc\u011f\u00fcne g\u00f6re meme s\u0131n\u0131fland\u0131r\u0131lmaktad\u0131r. B\u00fcy\u00fckl\u00fc\u011f\u00fcne g\u00f6re yap\u0131lacak m\u00fcdahale de\u011fi\u015fmekle birlikte, genellikle tek ya da iki delikten girilerek VASER liposuction yap\u0131l\u0131r. E\u011fer memeler a\u015f\u0131r\u0131 derecede b\u00fcy\u00fck ise, meme dokusu ile derinin de \u00e7\u0131kar\u0131lmas\u0131 gerekecektir. Genelde dren kullan\u0131lmaz<\/p>\n<ol start=\"3\">\n<li>Anestezi tipi nedir ?<\/li>\n<\/ol>\n<p>Bu i\u015flem genel anestezi alt\u0131nda yap\u0131labilmektedir.<\/p>\n<ol start=\"4\">\n<li>Ameliyat\u0131n riskleri nelerdir ?<\/li>\n<\/ol>\n<p>Komplikasyon olarak kan toplanmas\u0131 g\u00f6r\u00fclebilir. Ancak uygun yap\u0131ld\u0131\u011f\u0131nda pek bir sorunla kar\u015f\u0131la\u015f\u0131lmaz.<\/p>\n","protected":false},"excerpt":{"rendered":"<p>Jinekomasti erkeklerde \u00f6strojen ve testosteron hormonlar\u0131n\u0131n dengesizli\u011fi nedeniyle meme dokusu miktar\u0131ndaki anormal ancak iyi huylu b\u00fcy\u00fcmeye verilen isimdir. Jinekomasti, baz\u0131 vakalarda bir, baz\u0131 vakalarda iki memeyi birden etkileyebilir. Her iki meme de d\u00fczensiz olarak etkilenip birbirinden farkl\u0131 boyutlara ula\u015fabilir. Yenido\u011fanlar, ergenlik \u00e7a\u011f\u0131ndaki erkekler ve ya\u015fl\u0131 erkekler, hormon d\u00fczeylerindeki normal de\u011fi\u015fikliklerin bir sonucu olarak jinekomasti geli\u015ftirebilirler. [&hellip;]<\/p>\n","protected":false},"author":1,"featured_media":0,"parent":0,"menu_order":0,"comment_status":"closed","ping_status":"closed","template":"","meta":{"footnotes":""},"class_list":["post-8804","page","type-page","status-publish","hentry"],"yoast_head":"<!-- This site is optimized with the Yoast SEO plugin v19.4 - https:\/\/yoast.com\/wordpress\/plugins\/seo\/ -->\n<title>Jinekomasti - Ayfa Clinic<\/title>\n<meta name=\"robots\" content=\"index, follow, max-snippet:-1, max-image-preview:large, max-video-preview:-1\" \/>\n<link rel=\"canonical\" href=\"https:\/\/www.ayfaclinic.com\/tr\/jinekomasti\/\" \/>\n<meta property=\"og:locale\" content=\"tr_TR\" \/>\n<meta property=\"og:type\" content=\"article\" \/>\n<meta property=\"og:title\" content=\"Jinekomasti - Ayfa Clinic\" \/>\n<meta property=\"og:description\" content=\"Jinekomasti erkeklerde \u00f6strojen ve testosteron hormonlar\u0131n\u0131n dengesizli\u011fi nedeniyle meme dokusu miktar\u0131ndaki anormal ancak iyi huylu b\u00fcy\u00fcmeye verilen isimdir. Jinekomasti, baz\u0131 vakalarda bir, baz\u0131 vakalarda iki memeyi birden etkileyebilir. Her iki meme de d\u00fczensiz olarak etkilenip birbirinden farkl\u0131 boyutlara ula\u015fabilir. Yenido\u011fanlar, ergenlik \u00e7a\u011f\u0131ndaki erkekler ve ya\u015fl\u0131 erkekler, hormon d\u00fczeylerindeki normal de\u011fi\u015fikliklerin bir sonucu olarak jinekomasti geli\u015ftirebilirler. [&hellip;]\" \/>\n<meta property=\"og:url\" content=\"https:\/\/www.ayfaclinic.com\/tr\/jinekomasti\/\" \/>\n<meta property=\"og:site_name\" content=\"Ayfa Clinic T&uuml;rkiye\" \/>\n<meta name=\"twitter:card\" content=\"summary_large_image\" \/>\n<meta name=\"twitter:label1\" content=\"Tahmini okuma s\u00fcresi\" \/>\n\t<meta name=\"twitter:data1\" content=\"2 dakika\" \/>\n<script type=\"application\/ld+json\" class=\"yoast-schema-graph\">{\"@context\":\"https:\/\/schema.org\",\"@graph\":[{\"@type\":\"WebSite\",\"@id\":\"https:\/\/www.ayfaclinic.com\/tr\/#website\",\"url\":\"https:\/\/www.ayfaclinic.com\/tr\/\",\"name\":\"Ayfa Clinic T&uuml;rkiye\",\"description\":\"Ayfa Clinic - Health Starts Here\",\"potentialAction\":[{\"@type\":\"SearchAction\",\"target\":{\"@type\":\"EntryPoint\",\"urlTemplate\":\"https:\/\/www.ayfaclinic.com\/tr\/?s={search_term_string}\"},\"query-input\":\"required name=search_term_string\"}],\"inLanguage\":\"tr\"},{\"@type\":\"WebPage\",\"@id\":\"https:\/\/www.ayfaclinic.com\/tr\/jinekomasti\/\",\"url\":\"https:\/\/www.ayfaclinic.com\/tr\/jinekomasti\/\",\"name\":\"Jinekomasti - Ayfa Clinic\",\"isPartOf\":{\"@id\":\"https:\/\/www.ayfaclinic.com\/tr\/#website\"},\"datePublished\":\"2022-08-19T11:00:38+00:00\",\"dateModified\":\"2022-08-19T11:00:38+00:00\",\"breadcrumb\":{\"@id\":\"https:\/\/www.ayfaclinic.com\/tr\/jinekomasti\/#breadcrumb\"},\"inLanguage\":\"tr\",\"potentialAction\":[{\"@type\":\"ReadAction\",\"target\":[\"https:\/\/www.ayfaclinic.com\/tr\/jinekomasti\/\"]}]},{\"@type\":\"BreadcrumbList\",\"@id\":\"https:\/\/www.ayfaclinic.com\/tr\/jinekomasti\/#breadcrumb\",\"itemListElement\":[{\"@type\":\"ListItem\",\"position\":1,\"name\":\"Anasayfa\",\"item\":\"https:\/\/www.ayfaclinic.com\/tr\/\"},{\"@type\":\"ListItem\",\"position\":2,\"name\":\"Jinekomasti\"}]}]}<\/script>\n<!-- \/ Yoast SEO plugin. -->","yoast_head_json":{"title":"Jinekomasti - Ayfa Clinic","robots":{"index":"index","follow":"follow","max-snippet":"max-snippet:-1","max-image-preview":"max-image-preview:large","max-video-preview":"max-video-preview:-1"},"canonical":"https:\/\/www.ayfaclinic.com\/tr\/jinekomasti\/","og_locale":"tr_TR","og_type":"article","og_title":"Jinekomasti - Ayfa Clinic","og_description":"Jinekomasti erkeklerde \u00f6strojen ve testosteron hormonlar\u0131n\u0131n dengesizli\u011fi nedeniyle meme dokusu miktar\u0131ndaki anormal ancak iyi huylu b\u00fcy\u00fcmeye verilen isimdir. Jinekomasti, baz\u0131 vakalarda bir, baz\u0131 vakalarda iki memeyi birden etkileyebilir. Her iki meme de d\u00fczensiz olarak etkilenip birbirinden farkl\u0131 boyutlara ula\u015fabilir. Yenido\u011fanlar, ergenlik \u00e7a\u011f\u0131ndaki erkekler ve ya\u015fl\u0131 erkekler, hormon d\u00fczeylerindeki normal de\u011fi\u015fikliklerin bir sonucu olarak jinekomasti geli\u015ftirebilirler. [&hellip;]","og_url":"https:\/\/www.ayfaclinic.com\/tr\/jinekomasti\/","og_site_name":"Ayfa Clinic T&uuml;rkiye","twitter_card":"summary_large_image","twitter_misc":{"Tahmini okuma s\u00fcresi":"2 dakika"},"schema":{"@context":"https:\/\/schema.org","@graph":[{"@type":"WebSite","@id":"https:\/\/www.ayfaclinic.com\/tr\/#website","url":"https:\/\/www.ayfaclinic.com\/tr\/","name":"Ayfa Clinic T&uuml;rkiye","description":"Ayfa Clinic - Health Starts Here","potentialAction":[{"@type":"SearchAction","target":{"@type":"EntryPoint","urlTemplate":"https:\/\/www.ayfaclinic.com\/tr\/?s={search_term_string}"},"query-input":"required name=search_term_string"}],"inLanguage":"tr"},{"@type":"WebPage","@id":"https:\/\/www.ayfaclinic.com\/tr\/jinekomasti\/","url":"https:\/\/www.ayfaclinic.com\/tr\/jinekomasti\/","name":"Jinekomasti - Ayfa Clinic","isPartOf":{"@id":"https:\/\/www.ayfaclinic.com\/tr\/#website"},"datePublished":"2022-08-19T11:00:38+00:00","dateModified":"2022-08-19T11:00:38+00:00","breadcrumb":{"@id":"https:\/\/www.ayfaclinic.com\/tr\/jinekomasti\/#breadcrumb"},"inLanguage":"tr","potentialAction":[{"@type":"ReadAction","target":["https:\/\/www.ayfaclinic.com\/tr\/jinekomasti\/"]}]},{"@type":"BreadcrumbList","@id":"https:\/\/www.ayfaclinic.com\/tr\/jinekomasti\/#breadcrumb","itemListElement":[{"@type":"ListItem","position":1,"name":"Anasayfa","item":"https:\/\/www.ayfaclinic.com\/tr\/"},{"@type":"ListItem","position":2,"name":"Jinekomasti"}]}]}},"_links":{"self":[{"href":"https:\/\/www.ayfaclinic.com\/tr\/wp-json\/wp\/v2\/pages\/8804","targetHints":{"allow":["GET"]}}],"collection":[{"href":"https:\/\/www.ayfaclinic.com\/tr\/wp-json\/wp\/v2\/pages"}],"about":[{"href":"https:\/\/www.ayfaclinic.com\/tr\/wp-json\/wp\/v2\/types\/page"}],"author":[{"embeddable":true,"href":"https:\/\/www.ayfaclinic.com\/tr\/wp-json\/wp\/v2\/users\/1"}],"replies":[{"embeddable":true,"href":"https:\/\/www.ayfaclinic.com\/tr\/wp-json\/wp\/v2\/comments?post=8804"}],"version-history":[{"count":1,"href":"https:\/\/www.ayfaclinic.com\/tr\/wp-json\/wp\/v2\/pages\/8804\/revisions"}],"predecessor-version":[{"id":8805,"href":"https:\/\/www.ayfaclinic.com\/tr\/wp-json\/wp\/v2\/pages\/8804\/revisions\/8805"}],"wp:attachment":[{"href":"https:\/\/www.ayfaclinic.com\/tr\/wp-json\/wp\/v2\/media?parent=8804"}],"curies":[{"name":"wp","href":"https:\/\/api.w.org\/{rel}","templated":true}]}}