{"id":8798,"date":"2022-08-19T10:59:14","date_gmt":"2022-08-19T10:59:14","guid":{"rendered":"https:\/\/www.ayfaclinic.com\/tr\/?page_id=8798"},"modified":"2022-08-19T10:59:14","modified_gmt":"2022-08-19T10:59:14","slug":"goz-kapagi-estetigi-blefaroplasty","status":"publish","type":"page","link":"https:\/\/www.ayfaclinic.com\/tr\/goz-kapagi-estetigi-blefaroplasty\/","title":{"rendered":"G\u00f6z Kapa\u011f\u0131 Esteti\u011fi (Blefaroplasty)"},"content":{"rendered":"<p>G\u00f6z kapa\u011f\u0131 esteti\u011fi ya da blefaroplasti, alt ve \u00fcst g\u00f6z kapaklar\u0131na uygulanan, sarkm\u0131\u015f deri ve fazla kas dokusunun \u00e7\u0131kar\u0131lmas\u0131 ve g\u00f6z \u00e7evresi dokular\u0131n\u0131n gerdirilmesine y\u00f6nelik plastik cerrahi uzman\u0131 taraf\u0131ndan yap\u0131lan cerrahi uygulamalar b\u00fct\u00fcn\u00fcd\u00fcr.<\/p>\n<p>Ya\u015f\u0131n ilerlemesi ile birlikte yer \u00e7ekiminin de etkisiyle do\u011fal olarak ciltte sarkmalar meydana gelmektedir. Bu s\u00fcrece paralel olarak g\u00f6z kapaklar\u0131nda da torbalanma, ciltte bolla\u015fma, renk de\u011fi\u015fikli\u011fi, gev\u015feme, k\u0131r\u0131\u015f\u0131kl\u0131k gibi bulgular ortaya \u00e7\u0131kar. G\u00fcne\u015f \u0131\u015f\u0131nlar\u0131na maruz kalma, hava kirlili\u011fi, d\u00fczensiz uyku, a\u015f\u0131r\u0131 sigara ve alkol kullan\u0131m\u0131 gibi etkenler cildin ya\u015flanma s\u00fcrecini h\u0131zland\u0131rmaktad\u0131r.<\/p>\n<ol>\n<li>Estetik g\u00f6z kapa\u011f\u0131 ameliyat\u0131 nedir ?<\/li>\n<\/ol>\n<p>Estetik g\u00f6z kapa\u011f\u0131 ameliyat\u0131 s\u0131ras\u0131nda fazla deri, kas ve f\u0131t\u0131kla\u015fm\u0131\u015f ya\u011f dokusu \u00e7\u0131kar\u0131l\u0131r. Bu \u015fekilde, hem daha gen\u00e7 ve din\u00e7 bir bak\u0131\u015f ve g\u00f6r\u00fcn\u00fcm kazan\u0131l\u0131r, hem de ki\u015finin g\u00f6rme alan\u0131 a\u00e7\u0131lm\u0131\u015f olur.<\/p>\n<p>\u00dcst g\u00f6z kapa\u011f\u0131nda kapak boyunca iz kal\u0131r. Ancak bu iz kapak k\u0131vr\u0131m\u0131na uydurulaca\u011f\u0131 i\u00e7in sadece \u00e7ok yak\u0131ndan bak\u0131ld\u0131\u011f\u0131nda g\u00f6r\u00fclebilir haldedir. Alt kapakta ise, kirpiklerin hemen alt\u0131nda iz kal\u0131r, izin devam\u0131 yan tarafta normal deri \u00e7izgisi gibi durur. G\u00f6z kapak derisi \u00e7ok ince olmas\u0131 nedeniyle insan v\u00fccudunun en az iz kalan b\u00f6lgesidir.<\/p>\n<ol start=\"2\">\n<li>Kimler bu ameliyat i\u00e7in iyi bir adayd\u0131r?<\/li>\n<\/ol>\n<p>Genellikle 30 ya\u015f \u00fczeri, \u00fcst ve alt g\u00f6zkapaklar\u0131nda sarkma ve torbala\u015fma meydana gelmeye ba\u015flam\u0131\u015f, ba\u015fka sa\u011fl\u0131k problemi olmayan ki\u015filer bu ameliyat i\u00e7in adayd\u0131r.<\/p>\n<ol start=\"3\">\n<li>Ameliyat planlanmas\u0131 nas\u0131l yap\u0131l\u0131r?<\/li>\n<\/ol>\n<p>Ameliyat sonras\u0131 erken d\u00f6nem genellikle rahat ge\u00e7er. G\u00f6z etraf\u0131nda \u015fi\u015flik ve morarma ortaya \u00e7\u0131kar. G\u00f6zlerde kuruluk, yanma hissi, g\u00f6rme bulan\u0131kl\u0131\u011f\u0131 g\u00f6r\u00fclebilir. G\u00f6zya\u015f\u0131 artabilir, g\u00f6zler \u0131\u015f\u0131ktan bir s\u00fcre rahats\u0131z olabilir. Hasta ilk g\u00fcnlerde g\u00f6z\u00fcn\u00fc tam olarak kapatamayabilir. Bunlar, ilk hafta i\u00e7inde kendili\u011finden ge\u00e7mesi beklenen durumlard\u0131r. Diki\u015fler 5 g\u00fcn sonra al\u0131n\u0131r.<\/p>\n<ol start=\"4\">\n<li>Normal hayata ne zaman d\u00f6n\u00fcl\u00fcr ?<\/li>\n<\/ol>\n<p>Ameliyat genelde iyi sonu\u00e7 verir. Nadiren r\u00f6tu\u015f (yeniden cerrahi giri\u015fim) gerekli olabilir. Ki\u015fi 3-5 g\u00fcn sonra i\u015fine d\u00f6nebilir. Kullan\u0131yorsa 1 hafta sonra kontakt lenslerini takabilir.<\/p>\n","protected":false},"excerpt":{"rendered":"<p>G\u00f6z kapa\u011f\u0131 esteti\u011fi ya da blefaroplasti, alt ve \u00fcst g\u00f6z kapaklar\u0131na uygulanan, sarkm\u0131\u015f deri ve fazla kas dokusunun \u00e7\u0131kar\u0131lmas\u0131 ve g\u00f6z \u00e7evresi dokular\u0131n\u0131n gerdirilmesine y\u00f6nelik plastik cerrahi uzman\u0131 taraf\u0131ndan yap\u0131lan cerrahi uygulamalar b\u00fct\u00fcn\u00fcd\u00fcr. Ya\u015f\u0131n ilerlemesi ile birlikte yer \u00e7ekiminin de etkisiyle do\u011fal olarak ciltte sarkmalar meydana gelmektedir. Bu s\u00fcrece paralel olarak g\u00f6z kapaklar\u0131nda da torbalanma, [&hellip;]<\/p>\n","protected":false},"author":1,"featured_media":0,"parent":0,"menu_order":0,"comment_status":"closed","ping_status":"closed","template":"","meta":{"footnotes":""},"class_list":["post-8798","page","type-page","status-publish","hentry"],"yoast_head":"<!-- This site is optimized with the Yoast SEO plugin v19.4 - https:\/\/yoast.com\/wordpress\/plugins\/seo\/ -->\n<title>G\u00f6z Kapa\u011f\u0131 Esteti\u011fi (Blefaroplasty) - Ayfa Clinic<\/title>\n<meta name=\"robots\" content=\"index, follow, max-snippet:-1, max-image-preview:large, max-video-preview:-1\" \/>\n<link rel=\"canonical\" href=\"https:\/\/www.ayfaclinic.com\/tr\/goz-kapagi-estetigi-blefaroplasty\/\" \/>\n<meta property=\"og:locale\" content=\"tr_TR\" \/>\n<meta property=\"og:type\" content=\"article\" \/>\n<meta property=\"og:title\" content=\"G\u00f6z Kapa\u011f\u0131 Esteti\u011fi (Blefaroplasty) - Ayfa Clinic\" \/>\n<meta property=\"og:description\" content=\"G\u00f6z kapa\u011f\u0131 esteti\u011fi ya da blefaroplasti, alt ve \u00fcst g\u00f6z kapaklar\u0131na uygulanan, sarkm\u0131\u015f deri ve fazla kas dokusunun \u00e7\u0131kar\u0131lmas\u0131 ve g\u00f6z \u00e7evresi dokular\u0131n\u0131n gerdirilmesine y\u00f6nelik plastik cerrahi uzman\u0131 taraf\u0131ndan yap\u0131lan cerrahi uygulamalar b\u00fct\u00fcn\u00fcd\u00fcr. Ya\u015f\u0131n ilerlemesi ile birlikte yer \u00e7ekiminin de etkisiyle do\u011fal olarak ciltte sarkmalar meydana gelmektedir. Bu s\u00fcrece paralel olarak g\u00f6z kapaklar\u0131nda da torbalanma, [&hellip;]\" \/>\n<meta property=\"og:url\" content=\"https:\/\/www.ayfaclinic.com\/tr\/goz-kapagi-estetigi-blefaroplasty\/\" \/>\n<meta property=\"og:site_name\" content=\"Ayfa Clinic T&uuml;rkiye\" \/>\n<meta name=\"twitter:card\" content=\"summary_large_image\" \/>\n<meta name=\"twitter:label1\" content=\"Tahmini okuma s\u00fcresi\" \/>\n\t<meta name=\"twitter:data1\" content=\"2 dakika\" \/>\n<script type=\"application\/ld+json\" class=\"yoast-schema-graph\">{\"@context\":\"https:\/\/schema.org\",\"@graph\":[{\"@type\":\"WebSite\",\"@id\":\"https:\/\/www.ayfaclinic.com\/tr\/#website\",\"url\":\"https:\/\/www.ayfaclinic.com\/tr\/\",\"name\":\"Ayfa Clinic T&uuml;rkiye\",\"description\":\"Ayfa Clinic - Health Starts Here\",\"potentialAction\":[{\"@type\":\"SearchAction\",\"target\":{\"@type\":\"EntryPoint\",\"urlTemplate\":\"https:\/\/www.ayfaclinic.com\/tr\/?s={search_term_string}\"},\"query-input\":\"required name=search_term_string\"}],\"inLanguage\":\"tr\"},{\"@type\":\"WebPage\",\"@id\":\"https:\/\/www.ayfaclinic.com\/tr\/goz-kapagi-estetigi-blefaroplasty\/\",\"url\":\"https:\/\/www.ayfaclinic.com\/tr\/goz-kapagi-estetigi-blefaroplasty\/\",\"name\":\"G\u00f6z Kapa\u011f\u0131 Esteti\u011fi (Blefaroplasty) - Ayfa Clinic\",\"isPartOf\":{\"@id\":\"https:\/\/www.ayfaclinic.com\/tr\/#website\"},\"datePublished\":\"2022-08-19T10:59:14+00:00\",\"dateModified\":\"2022-08-19T10:59:14+00:00\",\"breadcrumb\":{\"@id\":\"https:\/\/www.ayfaclinic.com\/tr\/goz-kapagi-estetigi-blefaroplasty\/#breadcrumb\"},\"inLanguage\":\"tr\",\"potentialAction\":[{\"@type\":\"ReadAction\",\"target\":[\"https:\/\/www.ayfaclinic.com\/tr\/goz-kapagi-estetigi-blefaroplasty\/\"]}]},{\"@type\":\"BreadcrumbList\",\"@id\":\"https:\/\/www.ayfaclinic.com\/tr\/goz-kapagi-estetigi-blefaroplasty\/#breadcrumb\",\"itemListElement\":[{\"@type\":\"ListItem\",\"position\":1,\"name\":\"Anasayfa\",\"item\":\"https:\/\/www.ayfaclinic.com\/tr\/\"},{\"@type\":\"ListItem\",\"position\":2,\"name\":\"G\u00f6z Kapa\u011f\u0131 Esteti\u011fi (Blefaroplasty)\"}]}]}<\/script>\n<!-- \/ Yoast SEO plugin. -->","yoast_head_json":{"title":"G\u00f6z Kapa\u011f\u0131 Esteti\u011fi (Blefaroplasty) - Ayfa Clinic","robots":{"index":"index","follow":"follow","max-snippet":"max-snippet:-1","max-image-preview":"max-image-preview:large","max-video-preview":"max-video-preview:-1"},"canonical":"https:\/\/www.ayfaclinic.com\/tr\/goz-kapagi-estetigi-blefaroplasty\/","og_locale":"tr_TR","og_type":"article","og_title":"G\u00f6z Kapa\u011f\u0131 Esteti\u011fi (Blefaroplasty) - Ayfa Clinic","og_description":"G\u00f6z kapa\u011f\u0131 esteti\u011fi ya da blefaroplasti, alt ve \u00fcst g\u00f6z kapaklar\u0131na uygulanan, sarkm\u0131\u015f deri ve fazla kas dokusunun \u00e7\u0131kar\u0131lmas\u0131 ve g\u00f6z \u00e7evresi dokular\u0131n\u0131n gerdirilmesine y\u00f6nelik plastik cerrahi uzman\u0131 taraf\u0131ndan yap\u0131lan cerrahi uygulamalar b\u00fct\u00fcn\u00fcd\u00fcr. Ya\u015f\u0131n ilerlemesi ile birlikte yer \u00e7ekiminin de etkisiyle do\u011fal olarak ciltte sarkmalar meydana gelmektedir. Bu s\u00fcrece paralel olarak g\u00f6z kapaklar\u0131nda da torbalanma, [&hellip;]","og_url":"https:\/\/www.ayfaclinic.com\/tr\/goz-kapagi-estetigi-blefaroplasty\/","og_site_name":"Ayfa Clinic T&uuml;rkiye","twitter_card":"summary_large_image","twitter_misc":{"Tahmini okuma s\u00fcresi":"2 dakika"},"schema":{"@context":"https:\/\/schema.org","@graph":[{"@type":"WebSite","@id":"https:\/\/www.ayfaclinic.com\/tr\/#website","url":"https:\/\/www.ayfaclinic.com\/tr\/","name":"Ayfa Clinic T&uuml;rkiye","description":"Ayfa Clinic - Health Starts Here","potentialAction":[{"@type":"SearchAction","target":{"@type":"EntryPoint","urlTemplate":"https:\/\/www.ayfaclinic.com\/tr\/?s={search_term_string}"},"query-input":"required name=search_term_string"}],"inLanguage":"tr"},{"@type":"WebPage","@id":"https:\/\/www.ayfaclinic.com\/tr\/goz-kapagi-estetigi-blefaroplasty\/","url":"https:\/\/www.ayfaclinic.com\/tr\/goz-kapagi-estetigi-blefaroplasty\/","name":"G\u00f6z Kapa\u011f\u0131 Esteti\u011fi (Blefaroplasty) - Ayfa Clinic","isPartOf":{"@id":"https:\/\/www.ayfaclinic.com\/tr\/#website"},"datePublished":"2022-08-19T10:59:14+00:00","dateModified":"2022-08-19T10:59:14+00:00","breadcrumb":{"@id":"https:\/\/www.ayfaclinic.com\/tr\/goz-kapagi-estetigi-blefaroplasty\/#breadcrumb"},"inLanguage":"tr","potentialAction":[{"@type":"ReadAction","target":["https:\/\/www.ayfaclinic.com\/tr\/goz-kapagi-estetigi-blefaroplasty\/"]}]},{"@type":"BreadcrumbList","@id":"https:\/\/www.ayfaclinic.com\/tr\/goz-kapagi-estetigi-blefaroplasty\/#breadcrumb","itemListElement":[{"@type":"ListItem","position":1,"name":"Anasayfa","item":"https:\/\/www.ayfaclinic.com\/tr\/"},{"@type":"ListItem","position":2,"name":"G\u00f6z Kapa\u011f\u0131 Esteti\u011fi (Blefaroplasty)"}]}]}},"_links":{"self":[{"href":"https:\/\/www.ayfaclinic.com\/tr\/wp-json\/wp\/v2\/pages\/8798","targetHints":{"allow":["GET"]}}],"collection":[{"href":"https:\/\/www.ayfaclinic.com\/tr\/wp-json\/wp\/v2\/pages"}],"about":[{"href":"https:\/\/www.ayfaclinic.com\/tr\/wp-json\/wp\/v2\/types\/page"}],"author":[{"embeddable":true,"href":"https:\/\/www.ayfaclinic.com\/tr\/wp-json\/wp\/v2\/users\/1"}],"replies":[{"embeddable":true,"href":"https:\/\/www.ayfaclinic.com\/tr\/wp-json\/wp\/v2\/comments?post=8798"}],"version-history":[{"count":1,"href":"https:\/\/www.ayfaclinic.com\/tr\/wp-json\/wp\/v2\/pages\/8798\/revisions"}],"predecessor-version":[{"id":8799,"href":"https:\/\/www.ayfaclinic.com\/tr\/wp-json\/wp\/v2\/pages\/8798\/revisions\/8799"}],"wp:attachment":[{"href":"https:\/\/www.ayfaclinic.com\/tr\/wp-json\/wp\/v2\/media?parent=8798"}],"curies":[{"name":"wp","href":"https:\/\/api.w.org\/{rel}","templated":true}]}}