{"id":8796,"date":"2022-08-19T10:58:51","date_gmt":"2022-08-19T10:58:51","guid":{"rendered":"https:\/\/www.ayfaclinic.com\/tr\/?page_id=8796"},"modified":"2022-08-19T10:58:51","modified_gmt":"2022-08-19T10:58:51","slug":"burun-estetigi","status":"publish","type":"page","link":"https:\/\/www.ayfaclinic.com\/tr\/burun-estetigi\/","title":{"rendered":"Burun Esteti\u011fi"},"content":{"rendered":"<p>Estetik burun ameliyat\u0131 (rinoplasti) veya burnu yeniden \u015fekillendirme ameliyat\u0131, estetik cerrahi ameliyatlar\u0131n\u0131n en yayg\u0131n olarak uygulanan\u0131d\u0131r.<br \/>\nEstetik burun ameliyat\u0131nda burun k\u00fc\u00e7\u00fclt\u00fclebilir veya b\u00fcy\u00fct\u00fclebilir, burun ucunun \u015fekli de\u011fi\u015ftirilebilir, kemer al\u0131n\u0131r, burun delikleri daralt\u0131labilir veya burun ile \u00fcst dudak aras\u0131ndaki a\u00e7\u0131 de\u011fi\u015ftirilebilir. Ayn\u0131 zamanda travmatik \u015fekil bozukluklar\u0131 d\u00fczeltilebilir veya nefes al\u0131m\u0131ndaki baz\u0131 problemler giderilebilir.<\/p>\n<ol>\n<li>Ameliyat i\u00e7in belli bir ya\u015f s\u0131n\u0131r\u0131 var m\u0131d\u0131r?<\/li>\n<\/ol>\n<p>Bir\u00e7ok cerrah, bulu\u011f \u00e7a\u011f\u0131ndaki gen\u00e7lerin geli\u015fimlerini tamamlayana kadar ameliyat\u0131 ertelemeyi tercih eder. Bu bekleme s\u00fcresi, gen\u00e7 k\u0131zlar i\u00e7in 16-17 ya\u015f civar\u0131, erkekler i\u00e7in ise biraz daha ge\u00e7tir. Ameliyat karar\u0131n\u0131n aile taraf\u0131ndan de\u011fil, bizzat kendisinin hayata ge\u00e7irmek istedi\u011fi bir karar oldu\u011fundan emin olmak i\u00e7in, gen\u00e7lerin sosyal ve ruhsal uyumunu dikkate almak \u00f6nemlidir.<\/p>\n<ol start=\"2\">\n<li>Ameliyat\u0131n riskleri var m\u0131d\u0131r?<\/li>\n<\/ol>\n<p>Estetik burun ameliyat\u0131 deneyimli bir estetik cerrah taraf\u0131ndan yap\u0131ld\u0131\u011f\u0131 takdirde g\u00f6r\u00fclebilecek komplikasyonlar (istenmeyen sonu\u00e7lar) nadirdir ve genellikle \u00f6nemsizdir. Her \u015feye ra\u011fmen daima bir komplikasyon ihtimali vard\u0131r. Bunlar; enfeksiyon, burun kanamas\u0131 veya anesteziye kar\u015f\u0131 reaksiyondur. Ameliyattan sonra \u00e7atlam\u0131\u015f k\u00fc\u00e7\u00fck k\u0131lcal damarlar, derinin y\u00fczeyinde \u00e7ok ince k\u0131rm\u0131z\u0131 noktalar \u015feklinde ortaya \u00e7\u0131kabilir. Estetik burun ameliyat\u0131, burun i\u00e7inden yap\u0131ld\u0131\u011f\u0131ndan, g\u00f6r\u00fcnen ameliyat izi s\u00f6z konusu de\u011fildir. Ancak \u2018a\u00e7\u0131k\u2019 teknik kullan\u0131ld\u0131\u011f\u0131nda veya geni\u015f burun deliklerinin daralt\u0131lmas\u0131 gerekiyorsa, burun taban\u0131nda kalan \u00e7ok k\u00fc\u00e7\u00fck ve ince izler, genellikle, g\u00f6r\u00fclmeyecek kadar \u00f6nemsizdir.<\/p>\n<p>Her 10 vakan\u0131n a\u015fa\u011f\u0131 yukar\u0131 birinde ikinci bir ameliyat gerekebilir. B\u00f6yle durumlar\u0131 \u00f6nceden tahmin etmek m\u00fcmk\u00fcn de\u011fildir. Bu durum en yetenekli ve deneyimli cerrahlara ameliyat olan hastalar\u0131n dahi ba\u015f\u0131na gelebilir. D\u00fczeltici ikinci ameliyat genellikle daha dar kapsaml\u0131 ve daha basit bir ameliyatt\u0131r.<\/p>\n<ol start=\"3\">\n<li>Ameliyat planlanmas\u0131 nas\u0131l yap\u0131l\u0131r ?<\/li>\n<\/ol>\n<p>Doktorunuzla sizin aran\u0131zda iyi bir ileti\u015fim esast\u0131r ve \u00e7ok \u00f6nemlidir. \u0130lk g\u00f6r\u00fc\u015fmede cerrah size burnunuzun neye benzemesini veya nas\u0131l g\u00f6r\u00fcnmesini arzu etti\u011finizi soracak, burnunuzun ve y\u00fcz\u00fcn\u00fcz\u00fcn yap\u0131s\u0131n\u0131 inceleyecek, sizin i\u00e7in m\u00fcmk\u00fcn olan ihtimalleri anlatacakt\u0131r. Burun kemiklerinizin ve k\u0131k\u0131rdaklar\u0131n\u0131z\u0131n yap\u0131s\u0131, y\u00fcz\u00fcn\u00fcz\u00fcn \u015fekli, cildinizin kal\u0131nl\u0131\u011f\u0131, ya\u015f\u0131n\u0131z ve beklentileriniz temel tart\u0131\u015fma konular\u0131d\u0131r. Cerrah\u0131n\u0131z, kullanaca\u011f\u0131 anestezi ve ameliyat tekni\u011fini, ameliyat\u0131n yap\u0131laca\u011f\u0131 m\u00fcessese tipini, risklerini, maliyeti ve varsa di\u011fer se\u00e7enekleri a\u00e7\u0131klayacakt\u0131r.<\/p>\n<p>Uzun y\u0131llar \u00f6nce olsa dahi, daha \u00f6nce ge\u00e7irdi\u011finiz herhangi burun ameliyat\u0131 veya burun tedavisini, varsa alerji veya solunum g\u00fc\u00e7l\u00fc\u011f\u00fcn\u00fcz\u00fc, kulland\u0131\u011f\u0131n\u0131z ila\u00e7lar\u0131 ve \u015fayet kullan\u0131yorsan\u0131z sigara i\u00e7ti\u011finizi cerrah\u0131n\u0131za s\u00f6yledi\u011finizden emin olmal\u0131s\u0131n\u0131z. \u00d6zellikle, ameliyatla ilgili beklentileriniz ve ameliyat\u0131n sonu\u00e7lar\u0131 hakk\u0131nda akl\u0131n\u0131za gelen t\u00fcm sorular\u0131 cerrah\u0131n\u0131za sormaktan \u00e7ekinmeyiniz.<\/p>\n<ol start=\"4\">\n<li>Ameliyat \u00f6ncesi haz\u0131rl\u0131klar nelerdir ?<\/li>\n<\/ol>\n<p>Cerrah\u0131n\u0131z size yeme ve i\u00e7me, sigara kullanma, belli vitaminleri ve ila\u00e7lar\u0131 alma ya da almaktan ka\u00e7\u0131nma ve y\u00fcz\u00fcn\u00fcz\u00fc y\u0131kama dahil olmak \u00fczere ameliyata nas\u0131l haz\u0131rlanaca\u011f\u0131n\u0131z konusunda bilgiler verecektir. Bu bilgileri yerine getirmeniz, ameliyat\u0131n\u0131z\u0131n daha rahat ge\u00e7mesine yard\u0131mc\u0131 olacakt\u0131r. Haz\u0131rl\u0131klar\u0131n\u0131z\u0131 yaparken, ameliyattan sonra sizi eve g\u00f6t\u00fcrecek ve gerekirse birka\u00e7 g\u00fcn sonra d\u0131\u015far\u0131 \u00e7\u0131kman\u0131za yard\u0131mc\u0131 olacak birini ayarlamay\u0131 unutmay\u0131n\u0131z.<\/p>\n<ol start=\"5\">\n<li>Anestezi ti\u011fi nedir ?<\/li>\n<\/ol>\n<p>Estetik burun ameliyat\u0131, yap\u0131lacak ameliyat\u0131n b\u00fcy\u00fckl\u00fc\u011f\u00fcne, sizin ve cerrah\u0131n\u0131z\u0131n tercihine ba\u011fl\u0131 olarak lokal veya genel anestezi alt\u0131nda yap\u0131labilir.<\/p>\n<ol start=\"6\">\n<li>Amliyat i\u015flemi nas\u0131ld\u0131r ?<\/li>\n<\/ol>\n<p>Estetik burun ameliyat\u0131, genellikle bir veya iki saat s\u00fcrer. Ameliyat s\u0131ras\u0131nda burun derisi, kemik ve k\u0131k\u0131rdak \u00e7at\u0131s\u0131ndan ayr\u0131lacakt\u0131r. Burnun yeniden \u015fekillendirilmesi i\u015flemi, burunda mevcut probleme ve cerrah\u0131n uygulad\u0131\u011f\u0131 tekni\u011fe ba\u011fl\u0131 olarak de\u011fi\u015fecektir. Son olarak deri, olu\u015fturulan \u00e7at\u0131n\u0131n \u00fczerine adapte edilecektir.<\/p>\n<p>\u00c7o\u011fu plastik cerrah, estetik burun ameliyat\u0131n\u0131 burun i\u00e7inden yapmaktad\u0131r. Bir k\u0131sm\u0131 ise, \u00f6zellikle komplike vakalarda olmak \u00fczere a\u00e7\u0131k tekni\u011fi tercih eder. A\u00e7\u0131k teknikte burun deliklerini birbirinden ay\u0131ran, dik doku band\u0131 (kolumella) \u00fczerinde k\u00fc\u00e7\u00fck bir kesi izi kal\u0131r.<\/p>\n<p>Ameliyat tamamland\u0131\u011f\u0131nda burun \u00fczerine, burnun yeni \u015feklini muhafaza etmesine yard\u0131mc\u0131 olacak bir al\u00e7\u0131 atel uygulanacakt\u0131r. Burnun i\u00e7indeki iki hava yolunu birbirinden ay\u0131ran b\u00f6lme olan septumu sabitle\u015ftirmek i\u00e7in, burnun i\u00e7ine silikon tamponlar yerle\u015ftirilir<\/p>\n<ol start=\"7\">\n<li>Ameliyat sonras\u0131 neler yap\u0131l\u0131r ?<\/li>\n<\/ol>\n<p>Ameliyat\u0131n\u0131zdan sonra ilk 24 saat boyunca y\u00fcz\u00fcn\u00fcz\u00fc \u015fi\u015fmi\u015f hissedeceksiniz. Burnunuz a\u011fr\u0131yabilir veya hafif bir ba\u015f a\u011fr\u0131n\u0131z olabilir. Herhangi bir rahats\u0131zl\u0131\u011f\u0131 cerrah\u0131n\u0131z taraf\u0131ndan re\u00e7eteye yaz\u0131lan a\u011fr\u0131 kesici il\u00e2\u00e7lar ile kontrol alt\u0131na alabilirsiniz. \u0130lk g\u00fcn i\u00e7in tuvalete gitmek d\u0131\u015f\u0131nda, ba\u015f\u0131n\u0131z y\u00fcksekte olacak \u015fekilde yatakta yatmay\u0131 planlay\u0131n\u0131z.<\/p>\n<p>G\u00f6zlerinizin etraf\u0131ndaki morarma ve \u015fi\u015fli\u011fin, 2 veya 3 g\u00fcn sonra en belirgin hale geldi\u011fini fark edeceksiniz. So\u011fuk kompres uygulamas\u0131 bu \u015fi\u015fmeyi azaltacak ve kendinizi biraz daha iyi hissetmenizi sa\u011flayacakt\u0131r. \u015ei\u015flik ve morluklar\u0131n \u00e7o\u011fu ilk hafta veya daha uzun bir s\u00fcre i\u00e7erisinde kaybolacakt\u0131r. Sizin ve cerrah\u0131n\u0131zdan ba\u015fka hi\u00e7 kimsenin fark edemedi\u011fi \u00e7ok az baz\u0131 \u015fi\u015fliklerin tam olarak ge\u00e7mesi 6 ay \u2013 1 y\u0131l kadar zaman alabilir.<\/p>\n<p>Ameliyattan sonraki ilk birka\u00e7 g\u00fcn boyunca, genellikle, burun deliklerinden \u00e7ok hafif bir s\u0131z\u0131nt\u0131 olur. Birka\u00e7 hafta da burnunuzda hafif t\u0131kan\u0131kl\u0131k hissedebilirsiniz. Cerrah\u0131n\u0131z, dokular\u0131n iyile\u015fme s\u00fcresi boyunca, bir hafta veya daha uzun s\u00fcre i\u00e7in sizden s\u00fcmk\u00fcrmemenizi (burnunuzu silmemenizi) isteyecektir. \u015eayet burun i\u00e7inde tampon varsa, birka\u00e7 g\u00fcn sonra al\u0131nacak ve kendinizi \u00e7ok daha rahat hissedeceksiniz. Bir veya bazen ikinci haftan\u0131n sonuna do\u011fru t\u00fcm pansumanlar ve burnunuzun \u00fczerindeki al\u00e7\u0131 atel al\u0131nm\u0131\u015f olacakt\u0131r.<\/p>\n<ol start=\"8\">\n<li>Normal hayata ne zaman d\u00f6n\u00fcl\u00fcr ?<\/li>\n<\/ol>\n<p>Estetik burun ameliyat\u0131 olan hastalar\u0131n \u00e7o\u011fu iki g\u00fcn i\u00e7erisinde aya\u011fa kalk\u0131p dola\u015f\u0131rlar ve ameliyattan bir hafta sonra okula veya \u00e7ok yorucu olmayan i\u015f hayat\u0131na d\u00f6nebilirler.<\/p>\n<p>Bununla beraber, g\u00fcnl\u00fck ya\u015fam temponuza tam anlam\u0131yla d\u00f6nmenizden \u00f6nce, birka\u00e7 hafta ge\u00e7ecektir. Normal hayat\u0131n\u0131za d\u00f6nme konusunda cerrah\u0131n\u0131z daha ayr\u0131nt\u0131l\u0131 a\u00e7\u0131klamalarda bulunacakt\u0131r.<\/p>\n<ol start=\"9\">\n<li>Ameliyat sonras\u0131 neleere dikkat edilmelidir?<\/li>\n<\/ol>\n<p>Genellikle, y\u00fcksek efor gerektiren hareketlerden (ko\u015fma, y\u00fczme, jimnastik,\u00a0 kan bas\u0131nc\u0131n\u0131z\u0131 y\u00fckseltecek herhangi bir hareket) iki ile \u00fc\u00e7 hafta ka\u00e7\u0131nman\u0131z, 8 hafta s\u00fcreyle burnunuzu darbe veya \u00e7arpmalardan koruman\u0131z, ovu\u015fturmaktan ve g\u00fcne\u015fte yakmaktan ka\u00e7\u0131nman\u0131z s\u00f6ylenecektir. Y\u00fcz\u00fcn\u00fcz\u00fc ve sa\u00e7lar\u0131n\u0131z\u0131 y\u0131karken veya makyaj yaparken nazik ve dikkatli olunuz.<\/p>\n<p>\u0130htiya\u00e7 oldu\u011fu zaman kontak lensinizi takabilirsiniz, fakat g\u00f6zl\u00fck i\u00e7in durum farkl\u0131d\u0131r. Burnunuzdaki atel \u00e7\u0131kar\u0131ld\u0131ktan sonra, burnunuz tamamen iyile\u015finceye kadar, yani iki ay boyunca g\u00f6zl\u00fck ayaklar\u0131 burun s\u0131rt\u0131na oturmamal\u0131d\u0131r.<\/p>\n<p>Doktorunuz, iyile\u015fmenizdeki geli\u015fmeyi kontrol etmek i\u00e7in, ameliyattan sonraki bir y\u0131l s\u00fcresince, sizi belirli aral\u0131klarla kontrole \u00e7a\u011f\u0131racakt\u0131r. Bu kontrol muayeneleri aras\u0131nda s\u0131ra d\u0131\u015f\u0131 herhangi bir \u015fikayetiniz veya ne yap\u0131p ne yapmayaca\u011f\u0131n\u0131z konusunda herhangi sorununuz olursa doktorunuzu aramakta teredd\u00fct etmeyiniz.<\/p>\n<ol start=\"10\">\n<li>Estetik burun ameliyat\u0131 sonras\u0131 bak\u0131m rehberi<\/li>\n<\/ol>\n<p>Burun ameliyat\u0131n\u0131zdan sonra iyile\u015fme s\u00fcreci zaman ve sab\u0131r gerektirir. Ameliyat sonras\u0131 bak\u0131ma aktif olarak kat\u0131lman\u0131z ameliyat kadar \u00f6nem ta\u015f\u0131maktad\u0131r.<\/p>\n<p>A\u015fa\u011f\u0131da s\u0131ralanan \u00f6nerileri l\u00fctfen uygulay\u0131n\u0131z. Anlamad\u0131\u011f\u0131n\u0131z konular\u0131 doktorunuza sormakta teredd\u00fct etmeyiniz.<\/p>\n<ol>\n<li>Ameliyat sonunda burnunuzun i\u00e7indeki tamponlar nedeni ile burnunuzdan nefes alam\u0131yor olabilirsiniz. Bu d\u00f6nem s\u00fcresince a\u011fz\u0131n\u0131zdan nefes almal\u0131s\u0131n\u0131z. Tamponlar\u0131n burnunuzda kalma s\u00fcresini doktorunuz belirleyecektir.<\/li>\n<li>Yeterli s\u0131v\u0131 alman\u0131z \u00f6nemlidir. Yudum yudum i\u00e7ece\u011finiz meyve suyu, su ve hafif i\u00e7ecekler a\u011f\u0131zdan nefes alman\u0131n neden oldu\u011fu a\u011f\u0131z kurulu\u011funu biraz olsun hafifletmeye yard\u0131mc\u0131 olacakt\u0131r. Yumu\u015fak, kolay \u00e7i\u011fnenen g\u0131dalar yiyiniz. Dudaklar\u0131n\u0131z\u0131 nemli tutmak i\u00e7in jel veya dudak kremleri kullan\u0131n\u0131z.<\/li>\n<li>Sadece doktorunuz taraf\u0131ndan verilen ila\u00e7lar\u0131 kullan\u0131n\u0131z. Aspirin veya aspirin i\u00e7eren ila\u00e7lar veya kan p\u0131rt\u0131la\u015fmas\u0131n\u0131 engelleyici ila\u00e7lar kullanmay\u0131n\u0131z.<\/li>\n<li>Burnunuzdaki pansumanlar duruyorsa, uyurken veya dinlenirken ba\u015f\u0131n\u0131z\u0131, en az iki yast\u0131k olacak \u015fekilde y\u00fcksekte tutunuz. M\u00fcmk\u00fcn oldu\u011fu kadar, g\u00fcn boyu ba\u015f\u0131n\u0131z\u0131 dik tutmaya \u00f6zen g\u00f6steriniz. Bu, normal kan dola\u015f\u0131m\u0131n\u0131 koruyacak ve ameliyat sonras\u0131 olu\u015facak \u015fi\u015fli\u011fin azalmas\u0131na yard\u0131mc\u0131 olacakt\u0131r.<\/li>\n<li>Burnunuzdan bir miktar s\u0131z\u0131nt\u0131 olmas\u0131 beklenen bir \u015feydir. Bu pembe\/a\u00e7\u0131k k\u0131rm\u0131z\u0131 renkli olacakt\u0131r.<\/li>\n<li>Ameliyattan \u00e7\u0131kt\u0131\u011f\u0131n\u0131zda, burnunuzun \u00fczerinde atel olacakt\u0131r. Bunlar, burnunuza \u015fekil vermek kadar burnunuzun korunmas\u0131 i\u00e7in de \u00f6nemlidir. Bu pansumanlara dokunmay\u0131n\u0131z ve bozmay\u0131n\u0131z. Atel, birinci haftan\u0131n sonunda doktorunuz taraf\u0131ndan \u00e7\u0131kar\u0131lacakt\u0131r.<\/li>\n<li>Burnunuzun alt\u0131ndaki k\u00fc\u00e7\u00fck tampon, gerektik\u00e7e de\u011fi\u015febilir (veya hi\u00e7bir kanama yoksa \u00e7\u0131kar\u0131l\u0131p at\u0131labilir).<\/li>\n<li>Burun deliklerinizi ovalamay\u0131n\u0131z veya burnunuzu silmeye te\u015febb\u00fcs etmeyiniz. Burnunuzu \u00e7arpmamaya \u00f6zen g\u00f6steriniz. \u00d6nden d\u00fc\u011fmeli k\u0131yafetler giyiniz. Ti\u015f\u00f6rtlerden ve bal\u0131k\u00e7\u0131 yaka giyeceklerden uzak durunuz.<\/li>\n<li>Di\u015flerinizi dikkatle f\u0131r\u00e7alay\u0131n\u0131z ve sadece yumu\u015fak bir di\u015f f\u0131r\u00e7as\u0131 kullan\u0131n\u0131z. Dudaklar\u0131n\u0131z\u0131 b\u00fczmeyiniz veya \u00fcst duda\u011f\u0131n\u0131z\u0131 asl\u0131nda gerekti\u011finden daha fazla yukar\u0131 kald\u0131rmaya \u00e7al\u0131\u015fmay\u0131n\u0131z.<\/li>\n<li>Ameliyat\u0131n\u0131zdan sonra iki hafta s\u00fcreyle \u0131k\u0131nmaktan, e\u011filmekten, a\u011f\u0131r \u015feyler kald\u0131rmaktan (\u00f6zellikle k\u00fc\u00e7\u00fck \u00e7ocuklar\u0131n\u0131z\u0131), efor gerektiren egzersizlerden ve spordan ka\u00e7\u0131n\u0131n\u0131z.<\/li>\n<li>Bir ay s\u00fcre ile direk g\u00fcne\u015f \u0131\u015f\u0131n\u0131na maruz kalmaktan ka\u00e7\u0131n\u0131n\u0131z.<\/li>\n<li>Burnunuzun d\u0131\u015f\u0131ndaki pansumanlar \u00e7\u0131kar\u0131ld\u0131\u011f\u0131nda \u00e7evre dokularda bir miktar \u015fi\u015fme ve renk de\u011fi\u015fikli\u011fi fark edeceksiniz. Burnunuz \u015fi\u015f ve ucu yukar\u0131 d\u00f6nm\u00fc\u015f g\u00f6r\u00fclebilir. Bu zamanla kendili\u011finden d\u00fczelecektir.<\/li>\n<li>Burnunuzun ucunda ve bazen de \u00fcst duda\u011f\u0131n\u0131zda uyu\u015fukluk hissedebilirsiniz. Bu birka\u00e7 hafta i\u00e7inde kaybolacakt\u0131r.<\/li>\n<li>Tamponlar \u00e7\u0131kar\u0131ld\u0131ktan sonra, burnunuzu nazik\u00e7e g\u00fcnde 2-3 kez kulak temizleme \u00e7ubu\u011fu ile temizleyebilirsiniz.<\/li>\n<li>Tamponlar al\u0131nd\u0131ktan sonra dahi, burnunuz t\u0131kal\u0131 olacakt\u0131r. Bu, dokular\u0131n cerrahiye normal yan\u0131t\u0131d\u0131r. Bir hafta s\u00fcre ile burnunuzu s\u00fcmk\u00fcrmeye te\u015febb\u00fcs etmeyiniz. Aks\u0131rmak, s\u00fcmk\u00fcrmek zorunda kald\u0131\u011f\u0131n\u0131zda, her iki burun deli\u011finiz a\u00e7\u0131k \u015fekilde bunu nazik\u00e7e yap\u0131n\u0131z. Burun spreyleri veya damlalar\u0131 kullanmay\u0131n\u0131z. \u015eayet hap\u015f\u0131rmak zorunda kal\u0131rsan\u0131z a\u011fz\u0131n\u0131z a\u00e7\u0131k hap\u015f\u0131r\u0131n\u0131z.<\/li>\n<li>Pansumanlar al\u0131nd\u0131ktan sonra normal i\u015f hayat\u0131n\u0131za d\u00f6nebilirsiniz (yapt\u0131\u011f\u0131n\u0131z i\u015fin t\u00fcr\u00fcne ba\u011fl\u0131 olarak). Morluklar\u0131n gizlenmesine yard\u0131mc\u0131 olmak i\u00e7in makyaj yapabilirsiniz.<\/li>\n<li>Ameliyat sonras\u0131 randevular\u0131n\u0131z\u0131n hepsine gitti\u011finizden emin olunuz. Bunlar, doktorunuzun iyile\u015fmenizi takibi ve burnunuzun g\u00f6r\u00fcn\u00fcm\u00fcndeki de\u011fi\u015fimi de\u011ferlendirmek i\u00e7in \u00e7ekilecek ameliyat sonras\u0131 foto\u011fraflar i\u00e7in gereklidir. Ameliyat sonras\u0131 kontrol randevular\u0131 genellikle ameliyattan sonra 1. hafta, 12-15. g\u00fcn, 1. ay, 3. ay ve 6. aya verilir.<\/li>\n<li>Ameliyat sonu zorunlu olmad\u0131k\u00e7a iki ay g\u00f6zl\u00fck kullanmay\u0131n\u0131z.<\/li>\n<\/ol>\n","protected":false},"excerpt":{"rendered":"<p>Estetik burun ameliyat\u0131 (rinoplasti) veya burnu yeniden \u015fekillendirme ameliyat\u0131, estetik cerrahi ameliyatlar\u0131n\u0131n en yayg\u0131n olarak uygulanan\u0131d\u0131r. Estetik burun ameliyat\u0131nda burun k\u00fc\u00e7\u00fclt\u00fclebilir veya b\u00fcy\u00fct\u00fclebilir, burun ucunun \u015fekli de\u011fi\u015ftirilebilir, kemer al\u0131n\u0131r, burun delikleri daralt\u0131labilir veya burun ile \u00fcst dudak aras\u0131ndaki a\u00e7\u0131 de\u011fi\u015ftirilebilir. Ayn\u0131 zamanda travmatik \u015fekil bozukluklar\u0131 d\u00fczeltilebilir veya nefes al\u0131m\u0131ndaki baz\u0131 problemler giderilebilir. Ameliyat i\u00e7in belli [&hellip;]<\/p>\n","protected":false},"author":1,"featured_media":0,"parent":0,"menu_order":0,"comment_status":"closed","ping_status":"closed","template":"","meta":{"footnotes":""},"class_list":["post-8796","page","type-page","status-publish","hentry"],"yoast_head":"<!-- This site is optimized with the Yoast SEO plugin v19.4 - https:\/\/yoast.com\/wordpress\/plugins\/seo\/ -->\n<title>Burun Esteti\u011fi - Ayfa Clinic<\/title>\n<meta name=\"robots\" content=\"index, follow, max-snippet:-1, max-image-preview:large, max-video-preview:-1\" \/>\n<link rel=\"canonical\" href=\"https:\/\/www.ayfaclinic.com\/tr\/burun-estetigi\/\" \/>\n<meta property=\"og:locale\" content=\"tr_TR\" \/>\n<meta property=\"og:type\" content=\"article\" \/>\n<meta property=\"og:title\" content=\"Burun Esteti\u011fi - Ayfa Clinic\" \/>\n<meta property=\"og:description\" content=\"Estetik burun ameliyat\u0131 (rinoplasti) veya burnu yeniden \u015fekillendirme ameliyat\u0131, estetik cerrahi ameliyatlar\u0131n\u0131n en yayg\u0131n olarak uygulanan\u0131d\u0131r. Estetik burun ameliyat\u0131nda burun k\u00fc\u00e7\u00fclt\u00fclebilir veya b\u00fcy\u00fct\u00fclebilir, burun ucunun \u015fekli de\u011fi\u015ftirilebilir, kemer al\u0131n\u0131r, burun delikleri daralt\u0131labilir veya burun ile \u00fcst dudak aras\u0131ndaki a\u00e7\u0131 de\u011fi\u015ftirilebilir. Ayn\u0131 zamanda travmatik \u015fekil bozukluklar\u0131 d\u00fczeltilebilir veya nefes al\u0131m\u0131ndaki baz\u0131 problemler giderilebilir. Ameliyat i\u00e7in belli [&hellip;]\" \/>\n<meta property=\"og:url\" content=\"https:\/\/www.ayfaclinic.com\/tr\/burun-estetigi\/\" \/>\n<meta property=\"og:site_name\" content=\"Ayfa Clinic T&uuml;rkiye\" \/>\n<meta name=\"twitter:card\" content=\"summary_large_image\" \/>\n<meta name=\"twitter:label1\" content=\"Tahmini okuma s\u00fcresi\" \/>\n\t<meta name=\"twitter:data1\" content=\"9 dakika\" \/>\n<script type=\"application\/ld+json\" class=\"yoast-schema-graph\">{\"@context\":\"https:\/\/schema.org\",\"@graph\":[{\"@type\":\"WebSite\",\"@id\":\"https:\/\/www.ayfaclinic.com\/tr\/#website\",\"url\":\"https:\/\/www.ayfaclinic.com\/tr\/\",\"name\":\"Ayfa Clinic T&uuml;rkiye\",\"description\":\"Ayfa Clinic - Health Starts Here\",\"potentialAction\":[{\"@type\":\"SearchAction\",\"target\":{\"@type\":\"EntryPoint\",\"urlTemplate\":\"https:\/\/www.ayfaclinic.com\/tr\/?s={search_term_string}\"},\"query-input\":\"required name=search_term_string\"}],\"inLanguage\":\"tr\"},{\"@type\":\"WebPage\",\"@id\":\"https:\/\/www.ayfaclinic.com\/tr\/burun-estetigi\/\",\"url\":\"https:\/\/www.ayfaclinic.com\/tr\/burun-estetigi\/\",\"name\":\"Burun Esteti\u011fi - Ayfa Clinic\",\"isPartOf\":{\"@id\":\"https:\/\/www.ayfaclinic.com\/tr\/#website\"},\"datePublished\":\"2022-08-19T10:58:51+00:00\",\"dateModified\":\"2022-08-19T10:58:51+00:00\",\"breadcrumb\":{\"@id\":\"https:\/\/www.ayfaclinic.com\/tr\/burun-estetigi\/#breadcrumb\"},\"inLanguage\":\"tr\",\"potentialAction\":[{\"@type\":\"ReadAction\",\"target\":[\"https:\/\/www.ayfaclinic.com\/tr\/burun-estetigi\/\"]}]},{\"@type\":\"BreadcrumbList\",\"@id\":\"https:\/\/www.ayfaclinic.com\/tr\/burun-estetigi\/#breadcrumb\",\"itemListElement\":[{\"@type\":\"ListItem\",\"position\":1,\"name\":\"Anasayfa\",\"item\":\"https:\/\/www.ayfaclinic.com\/tr\/\"},{\"@type\":\"ListItem\",\"position\":2,\"name\":\"Burun Esteti\u011fi\"}]}]}<\/script>\n<!-- \/ Yoast SEO plugin. -->","yoast_head_json":{"title":"Burun Esteti\u011fi - Ayfa Clinic","robots":{"index":"index","follow":"follow","max-snippet":"max-snippet:-1","max-image-preview":"max-image-preview:large","max-video-preview":"max-video-preview:-1"},"canonical":"https:\/\/www.ayfaclinic.com\/tr\/burun-estetigi\/","og_locale":"tr_TR","og_type":"article","og_title":"Burun Esteti\u011fi - Ayfa Clinic","og_description":"Estetik burun ameliyat\u0131 (rinoplasti) veya burnu yeniden \u015fekillendirme ameliyat\u0131, estetik cerrahi ameliyatlar\u0131n\u0131n en yayg\u0131n olarak uygulanan\u0131d\u0131r. Estetik burun ameliyat\u0131nda burun k\u00fc\u00e7\u00fclt\u00fclebilir veya b\u00fcy\u00fct\u00fclebilir, burun ucunun \u015fekli de\u011fi\u015ftirilebilir, kemer al\u0131n\u0131r, burun delikleri daralt\u0131labilir veya burun ile \u00fcst dudak aras\u0131ndaki a\u00e7\u0131 de\u011fi\u015ftirilebilir. Ayn\u0131 zamanda travmatik \u015fekil bozukluklar\u0131 d\u00fczeltilebilir veya nefes al\u0131m\u0131ndaki baz\u0131 problemler giderilebilir. Ameliyat i\u00e7in belli [&hellip;]","og_url":"https:\/\/www.ayfaclinic.com\/tr\/burun-estetigi\/","og_site_name":"Ayfa Clinic T&uuml;rkiye","twitter_card":"summary_large_image","twitter_misc":{"Tahmini okuma s\u00fcresi":"9 dakika"},"schema":{"@context":"https:\/\/schema.org","@graph":[{"@type":"WebSite","@id":"https:\/\/www.ayfaclinic.com\/tr\/#website","url":"https:\/\/www.ayfaclinic.com\/tr\/","name":"Ayfa Clinic T&uuml;rkiye","description":"Ayfa Clinic - Health Starts Here","potentialAction":[{"@type":"SearchAction","target":{"@type":"EntryPoint","urlTemplate":"https:\/\/www.ayfaclinic.com\/tr\/?s={search_term_string}"},"query-input":"required name=search_term_string"}],"inLanguage":"tr"},{"@type":"WebPage","@id":"https:\/\/www.ayfaclinic.com\/tr\/burun-estetigi\/","url":"https:\/\/www.ayfaclinic.com\/tr\/burun-estetigi\/","name":"Burun Esteti\u011fi - Ayfa Clinic","isPartOf":{"@id":"https:\/\/www.ayfaclinic.com\/tr\/#website"},"datePublished":"2022-08-19T10:58:51+00:00","dateModified":"2022-08-19T10:58:51+00:00","breadcrumb":{"@id":"https:\/\/www.ayfaclinic.com\/tr\/burun-estetigi\/#breadcrumb"},"inLanguage":"tr","potentialAction":[{"@type":"ReadAction","target":["https:\/\/www.ayfaclinic.com\/tr\/burun-estetigi\/"]}]},{"@type":"BreadcrumbList","@id":"https:\/\/www.ayfaclinic.com\/tr\/burun-estetigi\/#breadcrumb","itemListElement":[{"@type":"ListItem","position":1,"name":"Anasayfa","item":"https:\/\/www.ayfaclinic.com\/tr\/"},{"@type":"ListItem","position":2,"name":"Burun Esteti\u011fi"}]}]}},"_links":{"self":[{"href":"https:\/\/www.ayfaclinic.com\/tr\/wp-json\/wp\/v2\/pages\/8796","targetHints":{"allow":["GET"]}}],"collection":[{"href":"https:\/\/www.ayfaclinic.com\/tr\/wp-json\/wp\/v2\/pages"}],"about":[{"href":"https:\/\/www.ayfaclinic.com\/tr\/wp-json\/wp\/v2\/types\/page"}],"author":[{"embeddable":true,"href":"https:\/\/www.ayfaclinic.com\/tr\/wp-json\/wp\/v2\/users\/1"}],"replies":[{"embeddable":true,"href":"https:\/\/www.ayfaclinic.com\/tr\/wp-json\/wp\/v2\/comments?post=8796"}],"version-history":[{"count":1,"href":"https:\/\/www.ayfaclinic.com\/tr\/wp-json\/wp\/v2\/pages\/8796\/revisions"}],"predecessor-version":[{"id":8797,"href":"https:\/\/www.ayfaclinic.com\/tr\/wp-json\/wp\/v2\/pages\/8796\/revisions\/8797"}],"wp:attachment":[{"href":"https:\/\/www.ayfaclinic.com\/tr\/wp-json\/wp\/v2\/media?parent=8796"}],"curies":[{"name":"wp","href":"https:\/\/api.w.org\/{rel}","templated":true}]}}