{"id":8784,"date":"2022-08-19T10:54:05","date_gmt":"2022-08-19T10:54:05","guid":{"rendered":"https:\/\/www.ayfaclinic.com\/tr\/?page_id=8784"},"modified":"2022-08-19T10:54:05","modified_gmt":"2022-08-19T10:54:05","slug":"safra-kesesi-cerrahisi","status":"publish","type":"page","link":"https:\/\/www.ayfaclinic.com\/tr\/safra-kesesi-cerrahisi\/","title":{"rendered":"Safra Kesesi Cerrahisi"},"content":{"rendered":"<p><strong><u>Genel Bilgiler?<\/u><\/strong><\/p>\n<p>Safra kesesi, karaci\u011ferde sentezlenen ve salg\u0131lanan safran\u0131n a\u00e7l\u0131k esnas\u0131nda onikiparmak ba\u011f\u0131rsa\u011f\u0131na (duodenum) akmadan \u00f6nce depoland\u0131\u011f\u0131 ve yo\u011funla\u015ft\u0131r\u0131ld\u0131\u011f\u0131 bir organd\u0131r. Safra kesesinde depolanan safra, ihtiya\u00e7 durumunda safra kesesinin kas\u0131lmas\u0131 sonucunda ilk \u00f6nce ana safra kanal\u0131na oradan da onikiparmak ba\u011f\u0131rsa\u011f\u0131na aktar\u0131l\u0131r. Safra; yemeklerle al\u0131nan ya\u011flar\u0131n ve ya\u011fda eriyen vitaminlerin sindiriminde ve emiliminde \u00f6nemli rol oynar, kolesterol\u00fcn safra s\u0131v\u0131s\u0131na at\u0131l\u0131m\u0131 ile v\u00fccuttaki kolesterol seviyesinin d\u00fczenlenmesinde rol al\u0131r ayr\u0131ca kan y\u0131k\u0131m\u0131 sonuncunda olu\u015fan bilirubin denen alt\u0131n sar\u0131s\u0131 maddenin de b\u00fcy\u00fck abdest ile v\u00fccuttan at\u0131l\u0131m\u0131n\u0131 sa\u011flar. Eri\u015fkin bir ki\u015fi g\u00fcnde ortalama 400-800 cc kadar safra sentezlenir.<\/p>\n<p>Safra kesesi i\u00e7inde, safran\u0131n \u00f6zelliklerine ve safra ak\u0131m\u0131n\u0131n durumuna g\u00f6re bazen\u00a0<em><u>safra ta\u015flar\u0131<\/u><\/em>\u00a0ortaya \u00e7\u0131kabilmektedir. Olu\u015fan bu ta\u015flar zamanla safra kesesi duvar\u0131n\u0131 tahri\u015f ederek kar\u0131n a\u011fr\u0131s\u0131, bulant\u0131, kusma ve ate\u015f y\u00fckselmesi ile karakterize\u00a0<em><u>safra kesesi iltihab\u0131na<\/u><\/em>\u00a0neden olabilmektedir. Ayr\u0131ca safra ta\u015flar\u0131n\u0131n \u00f6zellikle k\u00fc\u00e7\u00fck boyutta olanlar\u0131 ana safra kanal\u0131na d\u00fc\u015ferek safran\u0131n ba\u011f\u0131rsa\u011fa ak\u0131m\u0131nda azalma veya duraksamaya neden olabilirler. Bu durumda da ciltte ve g\u00f6z beyazlar\u0131nda sararma, ka\u015f\u0131nt\u0131, idrar renginde koyula\u015fma, b\u00fcy\u00fck abdest renginde a\u00e7\u0131lma ile karakterize\u00a0<em><u>t\u0131kanma sar\u0131l\u0131\u011f\u0131<\/u><\/em>\u00a0tablosu meydana gelir. Safra kesesinde ortaya \u00e7\u0131kabilecek nadir patolojilerden baz\u0131lar\u0131 da\u00a0<em><u>safra kesesi polipleri<\/u><\/em>\u00a0ve\u00a0<em><u>safra kesesi kanserleri<\/u><\/em>\u00a0dir<\/p>\n<p>Safra Kesesi Ameliyat\u0131<\/p>\n<p>\u00d6zetle safra kesesinde ortaya \u00e7\u0131kabilecek belli patolojiler \u015funlard\u0131r;<\/p>\n<ul>\n<li>Safra kesesi ta\u015flar\u0131<\/li>\n<li>Safra kesesi iltihab\u0131<\/li>\n<li>T\u0131kanma sar\u0131l\u0131\u011f\u0131<\/li>\n<li>Safra kesesi polibi<\/li>\n<li>Safra kesesi kanseri<\/li>\n<\/ul>\n<p>Safra kesesi patolojilerinde genel belirti ve bulgular ise;<\/p>\n<ul>\n<li>Kar\u0131n a\u011fr\u0131s\u0131\n<ul>\n<li>\u00d6zellikle yemekten sonra daha belirgin<\/li>\n<li>Mide a\u011fr\u0131s\u0131 ile kar\u0131\u015ft\u0131r\u0131l\u0131rlar<\/li>\n<li>Sa\u011f kaburga alt\u0131nda<\/li>\n<li>S\u0131rtta sa\u011f yanda daha yo\u011fun<\/li>\n<\/ul>\n<\/li>\n<li>Bulant\u0131<\/li>\n<li>Kusma<\/li>\n<li>Ate\u015f y\u00fckselmesi<\/li>\n<li>T\u0131kanma sar\u0131l\u0131\u011f\u0131 bulgular\u0131\n<ul>\n<li>Ka\u015f\u0131nt\u0131<\/li>\n<li>Ciltte sararma<\/li>\n<li>G\u00f6z bebeklerinde sararma<\/li>\n<li>\u0130drar renginde koyula\u015fma<\/li>\n<li>B\u00fcy\u00fck abdest renginde a\u00e7\u0131lma ve beyazla\u015fma (renksiz gaita, akolik gaita)<\/li>\n<\/ul>\n<\/li>\n<\/ul>\n<p><strong><u>Kimlere uygulan\u0131r?<\/u><\/strong><\/p>\n<p>Yukar\u0131da belirtilen safra kesesi hastal\u0131klar\u0131ndan birisi ortaya \u00e7\u0131kt\u0131\u011f\u0131nda cerrahi tedavi g\u00fcndeme gelmektedir.<\/p>\n<p><em><u>Safra kesesi ta\u015flar\u0131<\/u><\/em>\u00a0her zaman belirti ve bulgu vermeyip, tesad\u00fcfen ba\u015fka bir nedenle yap\u0131lan kar\u0131n ultrasonografisi esnas\u0131nda te\u015fhis edilebilir. Belirti ve bulgu olu\u015fturup olu\u015fturmad\u0131\u011f\u0131na bak\u0131lmaks\u0131z\u0131n tan\u0131nd\u0131\u011f\u0131 andan itibaren safra kesesi ta\u015flar\u0131 ameliyat ile tedavi edilmelidir. Bunun nedeni safra kesesi ta\u015flar\u0131n\u0131n her an safra kesesi iltihab\u0131 ve t\u0131kanma sar\u0131l\u0131\u011f\u0131 olu\u015fturma potansiyelini olmas\u0131d\u0131r.<\/p>\n<p><em><u>Safra kesesi iltihaplar\u0131nda\u00a0<\/u><\/em>ameliyat, m\u00fcmk\u00fcn oldu\u011funca iltihab\u0131n kontrol alt\u0131na al\u0131nd\u0131\u011f\u0131 zamandan sonraki d\u00f6nemde planlanmal\u0131d\u0131r. E\u011fer iltihap kontrol alt\u0131na al\u0131nam\u0131yor ise acil \u015fartlarda cerrahi tedavi g\u00fcndeme gelebilir.<\/p>\n<p><em><u>Safra kesesi poliplerinde<\/u><\/em>\u00a0cerrahi tedavi polipin b\u00fcy\u00fckl\u00fc\u011f\u00fc ve say\u0131s\u0131 ile alakal\u0131 olarak planlan\u0131r. Tek ve 1 cm\u2019den b\u00fcy\u00fck polipler y\u00fcksek orada kanser geli\u015fimi riskinden dolay\u0131 ameliyat ile tedavi edilmelidir. Tek ve 0.5-1 cm aras\u0131nda b\u00fcy\u00fckl\u00fc\u011f\u00fc olan polipler ise cerrah\u0131n tecr\u00fcbesi, hastan\u0131n genel sa\u011fl\u0131kl\u0131l\u0131k durumu, hastan\u0131n d\u00fczenli kontrollerine gelip gelemeyece\u011fi gibi bir\u00e7ok de\u011fi\u015fkene g\u00f6re takip alt\u0131na al\u0131narak izlenebilir veya ameliyat ile tedavi edilebilir. Tek ve 0.5 cm alt\u0131ndaki polipler ise kanser lehine klinik ve laboratuvar veri yok ise takip edilmelidirler. Birden fazla polipler b\u00fcy\u00fckl\u00fcklerinden ba\u011f\u0131ms\u0131z olarak cerrahi olarak tedavi edilmelidirler.<\/p>\n<p><em><u>Safra kesesi kanserlerinde<\/u><\/em>\u00a0ise zaman ge\u00e7irmeksizin cerrahi tedavi planlamas\u0131 yap\u0131lmal\u0131d\u0131r.<\/p>\n<p><strong><em>Safra kesesi ameliyatlar\u0131nda patolojinin ne oldu\u011funa bak\u0131lmaks\u0131z\u0131n ameliyat esnas\u0131nda safra kesesinin tamam\u0131 \u00e7\u0131kar\u0131l\u0131p al\u0131nmaktad\u0131r. Ameliyat ile safra kesesi i\u00e7inden sadece ta\u015f\u0131n al\u0131nmas\u0131 ya da k\u0131smi safra kesesi \u00e7\u0131kar\u0131lmas\u0131 gibi uygulamalar yap\u0131lmamaktad\u0131r. Ayr\u0131ca safra kesesi ta\u015flar\u0131nda, b\u00f6brek ta\u015flar\u0131nda oldu\u011fu gibi ta\u015f k\u0131r\u0131lmas\u0131 ile ger\u00e7ekle\u015fen bir tedavi y\u00f6ntemi yoktur. Bunun nedeni k\u0131r\u0131lan ve par\u00e7alanan ta\u015flar\u0131n safra kesesinden ana safra kanal\u0131na d\u00fc\u015f\u00fcp t\u0131kanma sar\u0131l\u0131\u011f\u0131 olu\u015fturabilmesidir<\/em><\/strong>.<\/p>\n<p><strong><u>Ameliyat \u00f6ncesi ne gibi haz\u0131rl\u0131klar gerekir?<\/u><\/strong><\/p>\n<p>G\u00fcvenli bir ameliyat\u0131n olmazsa olmaz\u0131 ameliyat \u00f6ncesinde iyi ve tam bir hasta de\u011ferlendirmesinden ge\u00e7er.<\/p>\n<p>Bu ama\u00e7la planlanmas\u0131 gereken ilk i\u015f detayl\u0131 bir hasta-doktor g\u00f6r\u00fc\u015fmesidir. Bu g\u00f6r\u00fc\u015fme sonras\u0131nda doktorunuz;<\/p>\n<ul>\n<li>Fiziki verilerinize (boy, kilo, VK\u0130 vb.) ula\u015fm\u0131\u015f,<\/li>\n<li>Sizin ameliyattan beklentinizin neler oldu\u011funu \u00f6\u011frenmi\u015f,<\/li>\n<li>Safra kesesi \u015fikayetlerinin size verdi\u011fi fiziki hasar\u0131n ne oldu\u011funu \u00f6\u011frenmi\u015f,<\/li>\n<li>Safra kesesi hastal\u0131\u011f\u0131 yan\u0131nda yanda\u015f ba\u015fka hastal\u0131klar\u0131n\u0131z\u0131n neler oldu\u011funa h\u00e2kim olmu\u015f,<\/li>\n<li>Ameliyat sonras\u0131nda sizden uyman\u0131z\u0131n istenece\u011fi baz\u0131 kural ve ya\u015fam tarz\u0131 de\u011fi\u015fikliklerine uyup uyamayaca\u011f\u0131n\u0131za karar vermi\u015f,<\/li>\n<li>Genel sa\u011fl\u0131kl\u0131l\u0131k durumunuz hakk\u0131nda bir yorum yapacak duruma gelmi\u015f olacakt\u0131r.<\/li>\n<\/ul>\n<p>Bundan sonraki di\u011fer a\u015fama, hastanede detayl\u0131 bir ameliyat \u00f6ncesi de\u011ferlendirme yapmakt\u0131r. Bu a\u015famada;<\/p>\n<ul>\n<li>Detayl\u0131 kan tetkikleri,<\/li>\n<li>Kar\u0131n ultrasonografisi,<\/li>\n<li>Mide endoskopisi (ihtiya\u00e7 durumunda),<\/li>\n<li>Akci\u011fer grafisi,<\/li>\n<li>Solunum fonksiyon testleri(ihtiya\u00e7 durumunda),<\/li>\n<li>\u015e\u00fcphe durumunda damarlar\u0131n\u0131z\u0131n dopler ultrasonografisi,<\/li>\n<li>EKG, Eko kardiyografi tetkikleri (ihtiya\u00e7 durumunda),<\/li>\n<li>Kardiyolog muayenesi (ihtiya\u00e7 durumunda),<\/li>\n<li>Dahiliye uzman\u0131 muayenesi,<\/li>\n<li>Anestezi uzman\u0131 de\u011ferlendirmesi yap\u0131larak g\u00fcvenli bir ameliyata uygun olup olmad\u0131\u011f\u0131n\u0131z de\u011ferlendirilir.<\/li>\n<\/ul>\n<p><strong><u>Nas\u0131l yap\u0131l\u0131r?<\/u><\/strong><\/p>\n<p>G\u00fcn\u00fcm\u00fcz modern cerrahi y\u00f6ntemlerinin sayesinde bu ameliyatlar art\u0131k rutin olarak laparoskopik cerrahi ile yap\u0131lmaktad\u0131r. Laparoskopik cerrahide, ameliyat alan\u0131na ula\u015fmak i\u00e7in karn\u0131n\u0131z a\u00e7\u0131lmamaktad\u0131r. Karn\u0131n\u0131z\u0131n i\u00e7ine verilen CO2 gaz\u0131 ile karn\u0131n\u0131z \u015fi\u015firilip, kar\u0131n duvar\u0131n\u0131za yerle\u015ftirilen 4-6 adet de\u011fi\u015fik \u00e7apta (5mm-10mm-12mm ve 15mm olmak \u00fczere ameliyat\u0131n \u015fekline ve cerrah\u0131n tercihine g\u00f6re de\u011fi\u015fiklik g\u00f6sterir) trokar denilen borular yerle\u015ftirilip, buralardan ameliyat\u0131n yap\u0131laca\u011f\u0131 organlara cerrahi aletler ile ula\u015f\u0131l\u0131p ameliyat\u0131n\u0131z ger\u00e7ekle\u015ftirilir.<\/p>\n<p>G\u00fcn\u00fcm\u00fczde rutin i\u015flem olarak laparoskopi en s\u0131k kullan\u0131lan y\u00f6ntem olsa da, robotik cerrahi de alternatif bir ameliyat y\u00f6ntemidir.<\/p>\n<p>Nadir olarak bu ameliyatlar\u0131n a\u00e7\u0131k cerrahi ile de uygulanmas\u0131 s\u00f6z konusu olmaktad\u0131r. A\u00e7\u0131k cerrahi, genelde laparoskopi ya da robotik cerrahi esnas\u0131nda ortaya \u00e7\u0131kabilecek herhangi problemlerden sonra uygulanabilecek bir y\u00f6ntemdir. \u015eu unutulmamal\u0131d\u0131r ki her kapal\u0131 y\u00f6ntem (Laparoskopik veya Robotik) belli oranda a\u00e7\u0131k cerrahiye ge\u00e7me potansiyeline sahiptir.<\/p>\n<p><strong><u>Hastaneye yatmadan \u00f6nce gibi haz\u0131rl\u0131klar gerekir?<\/u><\/strong><\/p>\n<p>Ameliyat\u0131n\u0131z sindirim sistemi \u00fczerinde ger\u00e7ekle\u015ftirilecek bir cerrahi prosed\u00fcr oldu\u011fundan;<\/p>\n<ul>\n<li>Genelde ameliyat \u00f6ncesi 1 g\u00fcn \u00f6ncesinden sulu g\u0131da t\u00fcketmeye ba\u015flaman\u0131z, ameliyat esnas\u0131nda ba\u011f\u0131rsaklar\u0131n\u0131z\u0131n bo\u015f olmas\u0131 ve sonras\u0131nda ise tuvalet ihtiyac\u0131n\u0131z\u0131n daha ge\u00e7 ve kolay olmas\u0131 a\u00e7\u0131s\u0131ndan yararl\u0131d\u0131r.<\/li>\n<li>Kan suland\u0131r\u0131c\u0131 tarz\u0131nda ila\u00e7 kullan\u0131yorsan\u0131z muhakkak doktorunuzu bu konuda uyarmal\u0131 ve bu ila\u00e7lar\u0131n kesilmesi, yerine alternatif ila\u00e7 ba\u015flanmas\u0131 konusunda doktorunuza zaman kazand\u0131rmal\u0131s\u0131n\u0131z.<\/li>\n<li>Rutin kullanmak zorunda oldu\u011funuz ila\u00e7lardan kan suland\u0131r\u0131c\u0131lar d\u0131\u015f\u0131ndakileri ameliyat gecesine kadar kullanman\u0131zda sak\u0131nca yoktur. Tansiyon ilac\u0131 kalp ila\u00e7lar\u0131 ameliyat g\u00fcn\u00fc sabah\u0131 doktorunuzun bilgisi dahilinde ameliyattan en az 2 saat \u00f6nce az bir su ile i\u00e7ilebilirler.<\/li>\n<li>Sigara i\u00e7iyorsan\u0131z ameliyat \u00f6ncesinde muhakkak en az 1 hafta \u00f6nce sigaray\u0131 b\u0131rakmak veya olabilecek en az seviyeye indirmek gereklidir. Bu sizin ameliyat sonras\u0131ndaki akci\u011fer performans\u0131n\u0131z\u0131 direkt etkileyecek bir durumdur.<\/li>\n<li>Ameliyattan bir gece \u00f6nce genel olarak saat 22-23 dolaylar\u0131nda t\u00fcm kat\u0131 ya da s\u0131v\u0131 g\u0131da al\u0131m\u0131n\u0131 durdurmal\u0131, ameliyat sabah\u0131 en az 6 saatlik a\u00e7l\u0131k ile haz\u0131r bulunmal\u0131s\u0131n\u0131z.<\/li>\n<li>Ameliyattan \u00f6nce hastaneye yatmadan evinizde banyo yap\u0131n\u0131z. Unutmay\u0131n ki en az\u0131ndan 2 ya da 3 g\u00fcn banyo imk\u00e2n\u0131n\u0131z olmayacakt\u0131r.<\/li>\n<li>Hastaneye gelirken naylon i\u00e7erikli i\u00e7 \u00e7ama\u015f\u0131r\u0131 giymeyiniz. Naylon i\u00e7 \u00e7ama\u015f\u0131rlar\u0131 ameliyat esnas\u0131nda kullan\u0131lan baz\u0131 elektrikli cihazlarla etkile\u015fime girip cilt yan\u0131klar\u0131na neden olabilmektedir.<\/li>\n<li>Hastaneye gelirken yan\u0131n\u0131zda terlik, \u015fahsi temizlik malzemesi (di\u015f f\u0131r\u00e7as\u0131, di\u015f macunu, t\u0131ra\u015f tak\u0131m\u0131 vb.), yeterli derecede i\u00e7 \u00e7ama\u015f\u0131r\u0131 getirmenizde yarar vard\u0131r.<\/li>\n<\/ul>\n<p><strong><u>Hastanede ne kadar kal\u0131r\u0131m?<\/u><\/strong><\/p>\n<p>Hastane kal\u0131\u015f s\u00fcreniz, ameliyat \u00f6ncesindeki gece veya ameliyat sabah\u0131 hastaneye yat\u0131p yatmad\u0131\u011f\u0131n\u0131z, ameliyat sonras\u0131 cerrah\u0131n\u0131z\u0131n hastas\u0131n\u0131 ne kadar s\u00fcrece hastanede tutmay\u0131 prensip edindi\u011fi, ameliyat sonras\u0131 cerrahi probleminizin geli\u015fip geli\u015fmedi\u011fi gibi bir\u00e7ok fakt\u00f6rden etkilense de genelde 1-2 gece kadar olmaktad\u0131r.<\/p>\n<p><strong><u>Hastanede kal\u0131rken neler olacak?<\/u><\/strong><\/p>\n<p>Hastaneye ameliyattan bir gece \u00f6nce yatm\u0131\u015f iseniz hastanede, e\u011fer ameliyat sabah\u0131 yatacaksan\u0131z evinizde koruyucu ama\u00e7l\u0131 kan suland\u0131r\u0131c\u0131s\u0131 kullanmal\u0131s\u0131n\u0131z. Bu tedavi doktorunuz taraf\u0131ndan planlan\u0131p uygulanacakt\u0131r. Ameliyat sabah\u0131 ameliyathaneye inmeden \u00f6nce mutlaka tuvalete gidip ihtiyac\u0131n\u0131z\u0131 giderin. Ameliyat i\u00e7in yata\u011f\u0131n\u0131zdan al\u0131n\u0131p tekrar yata\u011f\u0131n\u0131za d\u00f6nmeniz aras\u0131ndaki s\u00fcre uygulanacak ameliyata g\u00f6re de\u011fi\u015fmekle beraber genelde 2-3 saat kadar bir zaman dilim olacakt\u0131r. Bu s\u00fcrenin hepsi ameliyat i\u00e7in ge\u00e7en s\u00fcre olmay\u0131p, ameliyathanede \u00f6n haz\u0131rl\u0131k d\u00f6nemi, ameliyat\u0131n\u0131z ve ameliyat sonras\u0131nda uyand\u0131rma i\u015fleminiz bu s\u00fcrecin i\u00e7indedir. \u00c7ok b\u00fcy\u00fck oranda ameliyat sonras\u0131nda kattaki yata\u011f\u0131n\u0131za al\u0131nacaks\u0131n\u0131z, genellikle ameliyat sonras\u0131 yo\u011fun bak\u0131m ihtiyac\u0131 duyulmamaktad\u0131r. Ameliyat sonras\u0131ndaki g\u00fcnlerde s\u00fcre\u00e7 ise \u015f\u00f6yle ger\u00e7ekle\u015fmektedir;<\/p>\n<ul>\n<li>Ameliyat g\u00fcn\u00fc: Yata\u011f\u0131n\u0131za d\u00f6nd\u00fckten yakla\u015f\u0131k 4-5 saat sonras\u0131 ilk y\u00fcr\u00fcy\u00fc\u015f i\u00e7in sizi kald\u0131r\u0131p oda i\u00e7inde k\u00fc\u00e7\u00fck bir y\u00fcr\u00fcy\u00fc\u015f yap\u0131yorsunuz. Ameliyat g\u00fcn\u00fc t\u00fcm tedavileriniz damar yolu ile yap\u0131l\u0131yor ve g\u0131da al\u0131m\u0131n\u0131za m\u00fcsaade edilmemektedir.<\/li>\n<li>Ameliyattan sonraki 1.g\u00fcn: Bug\u00fcn yudum yudum su, tanesiz \u00e7orbalar ile meyve sular\u0131 i\u00e7meye ba\u015flad\u0131\u011f\u0131n\u0131z g\u00fcnd\u00fcr. G\u00fcn i\u00e7inde y\u00fcr\u00fcme miktar\u0131nda da art\u0131\u015f sa\u011flay\u0131p daha aktif bir g\u00fcn ge\u00e7irmenizi sa\u011fl\u0131yoruz. E\u011fer bug\u00fcn\u00fcn sonunda cerrahi bir s\u0131k\u0131nt\u0131n\u0131z olmaz ise ve ameliyat\u0131n\u0131z laparoskopik yolla yap\u0131lm\u0131\u015fsa, cerrah\u0131n\u0131z\u0131n tercihine g\u00f6re taburcunuz planlanabilmektedir.<\/li>\n<li>Ameliyattan sonraki 2.g\u00fcn: ameliyat sonras\u0131 1.g\u00fcn taburcu olmam\u0131\u015f iseniz bu g\u00fcn g\u0131da al\u0131m\u0131n\u0131zda miktar ve \u00e7e\u015fit olarak belli aranda art\u0131\u015f sa\u011flan\u0131p g\u00fcn\u00fc daha aktif ge\u00e7irmeniz istenecektir. G\u00fcn sonu cerrahi probleminiz olmad\u0131\u011f\u0131 d\u00fc\u015f\u00fcn\u00fcl\u00fcyor ise genellikle bug\u00fcn sonuna do\u011fru hastaneden taburcu edilirsiniz.<\/li>\n<\/ul>\n<p><strong><u>Normal ya\u015fam\u0131ma ne zaman ba\u015flayabilirim?<\/u><\/strong><\/p>\n<p>Normal hayata d\u00f6n\u00fc\u015f s\u00fcreniz yapt\u0131\u011f\u0131n\u0131z i\u015f ile olduk\u00e7a ba\u011flant\u0131l\u0131d\u0131r. E\u011fer masa ba\u015f\u0131 bir i\u015f yap\u0131yor iseniz hastaneden taburcu olduktan sonraki 2-3 g\u00fcnde k\u0131sa s\u00fcreli olarak i\u015finizi yapabilir durumda olursunuz. Ama standart dinlenme s\u00fcresi bu i\u015f grubu i\u00e7in 7 g\u00fcn kadard\u0131r. E\u011fer bedenen \u00e7al\u0131\u015fman\u0131z gereken bir i\u015fte \u00e7al\u0131\u015f\u0131yorsan\u0131z 10-12 g\u00fcnl\u00fck bir s\u00fcre dinlenip sonras\u0131nda i\u015finizin ba\u015f\u0131nda olabilirsiniz.<\/p>\n<p><strong><u>Kontrol ve takip s\u00fcrecim nas\u0131l olacak?<\/u><\/strong><\/p>\n<p>Hastaneden taburcu olduktan sonraki belli bir s\u00fcre safra kesesi diyeti olarak adland\u0131r\u0131labilecek bir diyet program\u0131na uyman\u0131z sonras\u0131nda ise normal beslenmeye ge\u00e7meniz \u00f6nerilecektir. Ameliyat sonras\u0131 planlanacak bu diyetin i\u00e7eri\u011fi ve s\u00fcresi konusunda uzman diyetisyenlerimiz taraf\u0131ndan sizlere detayl\u0131 olarak aktar\u0131lacakt\u0131r. Kanser d\u0131\u015f\u0131 safra kesesi ameliyatlar\u0131nda ameliyat sonras\u0131nda \u015fikayetleriniz olmad\u0131\u011f\u0131 s\u00fcrece periyodik kontrol muayenesi yapt\u0131rman\u0131za gerek duyulmamaktad\u0131r.<\/p>\n","protected":false},"excerpt":{"rendered":"<p>Genel Bilgiler? Safra kesesi, karaci\u011ferde sentezlenen ve salg\u0131lanan safran\u0131n a\u00e7l\u0131k esnas\u0131nda onikiparmak ba\u011f\u0131rsa\u011f\u0131na (duodenum) akmadan \u00f6nce depoland\u0131\u011f\u0131 ve yo\u011funla\u015ft\u0131r\u0131ld\u0131\u011f\u0131 bir organd\u0131r. Safra kesesinde depolanan safra, ihtiya\u00e7 durumunda safra kesesinin kas\u0131lmas\u0131 sonucunda ilk \u00f6nce ana safra kanal\u0131na oradan da onikiparmak ba\u011f\u0131rsa\u011f\u0131na aktar\u0131l\u0131r. Safra; yemeklerle al\u0131nan ya\u011flar\u0131n ve ya\u011fda eriyen vitaminlerin sindiriminde ve emiliminde \u00f6nemli rol oynar, [&hellip;]<\/p>\n","protected":false},"author":1,"featured_media":0,"parent":0,"menu_order":0,"comment_status":"closed","ping_status":"closed","template":"","meta":{"footnotes":""},"class_list":["post-8784","page","type-page","status-publish","hentry"],"yoast_head":"<!-- This site is optimized with the Yoast SEO plugin v19.4 - https:\/\/yoast.com\/wordpress\/plugins\/seo\/ -->\n<title>Safra Kesesi Cerrahisi - Ayfa Clinic<\/title>\n<meta name=\"robots\" content=\"index, follow, max-snippet:-1, max-image-preview:large, max-video-preview:-1\" \/>\n<link rel=\"canonical\" href=\"https:\/\/www.ayfaclinic.com\/tr\/safra-kesesi-cerrahisi\/\" \/>\n<meta property=\"og:locale\" content=\"tr_TR\" \/>\n<meta property=\"og:type\" content=\"article\" \/>\n<meta property=\"og:title\" content=\"Safra Kesesi Cerrahisi - Ayfa Clinic\" \/>\n<meta property=\"og:description\" content=\"Genel Bilgiler? Safra kesesi, karaci\u011ferde sentezlenen ve salg\u0131lanan safran\u0131n a\u00e7l\u0131k esnas\u0131nda onikiparmak ba\u011f\u0131rsa\u011f\u0131na (duodenum) akmadan \u00f6nce depoland\u0131\u011f\u0131 ve yo\u011funla\u015ft\u0131r\u0131ld\u0131\u011f\u0131 bir organd\u0131r. Safra kesesinde depolanan safra, ihtiya\u00e7 durumunda safra kesesinin kas\u0131lmas\u0131 sonucunda ilk \u00f6nce ana safra kanal\u0131na oradan da onikiparmak ba\u011f\u0131rsa\u011f\u0131na aktar\u0131l\u0131r. Safra; yemeklerle al\u0131nan ya\u011flar\u0131n ve ya\u011fda eriyen vitaminlerin sindiriminde ve emiliminde \u00f6nemli rol oynar, [&hellip;]\" \/>\n<meta property=\"og:url\" content=\"https:\/\/www.ayfaclinic.com\/tr\/safra-kesesi-cerrahisi\/\" \/>\n<meta property=\"og:site_name\" content=\"Ayfa Clinic T&uuml;rkiye\" \/>\n<meta name=\"twitter:card\" content=\"summary_large_image\" \/>\n<meta name=\"twitter:label1\" content=\"Tahmini okuma s\u00fcresi\" \/>\n\t<meta name=\"twitter:data1\" content=\"9 dakika\" \/>\n<script type=\"application\/ld+json\" class=\"yoast-schema-graph\">{\"@context\":\"https:\/\/schema.org\",\"@graph\":[{\"@type\":\"WebSite\",\"@id\":\"https:\/\/www.ayfaclinic.com\/tr\/#website\",\"url\":\"https:\/\/www.ayfaclinic.com\/tr\/\",\"name\":\"Ayfa Clinic T&uuml;rkiye\",\"description\":\"Ayfa Clinic - Health Starts Here\",\"potentialAction\":[{\"@type\":\"SearchAction\",\"target\":{\"@type\":\"EntryPoint\",\"urlTemplate\":\"https:\/\/www.ayfaclinic.com\/tr\/?s={search_term_string}\"},\"query-input\":\"required name=search_term_string\"}],\"inLanguage\":\"tr\"},{\"@type\":\"WebPage\",\"@id\":\"https:\/\/www.ayfaclinic.com\/tr\/safra-kesesi-cerrahisi\/\",\"url\":\"https:\/\/www.ayfaclinic.com\/tr\/safra-kesesi-cerrahisi\/\",\"name\":\"Safra Kesesi Cerrahisi - Ayfa Clinic\",\"isPartOf\":{\"@id\":\"https:\/\/www.ayfaclinic.com\/tr\/#website\"},\"datePublished\":\"2022-08-19T10:54:05+00:00\",\"dateModified\":\"2022-08-19T10:54:05+00:00\",\"breadcrumb\":{\"@id\":\"https:\/\/www.ayfaclinic.com\/tr\/safra-kesesi-cerrahisi\/#breadcrumb\"},\"inLanguage\":\"tr\",\"potentialAction\":[{\"@type\":\"ReadAction\",\"target\":[\"https:\/\/www.ayfaclinic.com\/tr\/safra-kesesi-cerrahisi\/\"]}]},{\"@type\":\"BreadcrumbList\",\"@id\":\"https:\/\/www.ayfaclinic.com\/tr\/safra-kesesi-cerrahisi\/#breadcrumb\",\"itemListElement\":[{\"@type\":\"ListItem\",\"position\":1,\"name\":\"Anasayfa\",\"item\":\"https:\/\/www.ayfaclinic.com\/tr\/\"},{\"@type\":\"ListItem\",\"position\":2,\"name\":\"Safra Kesesi Cerrahisi\"}]}]}<\/script>\n<!-- \/ Yoast SEO plugin. -->","yoast_head_json":{"title":"Safra Kesesi Cerrahisi - Ayfa Clinic","robots":{"index":"index","follow":"follow","max-snippet":"max-snippet:-1","max-image-preview":"max-image-preview:large","max-video-preview":"max-video-preview:-1"},"canonical":"https:\/\/www.ayfaclinic.com\/tr\/safra-kesesi-cerrahisi\/","og_locale":"tr_TR","og_type":"article","og_title":"Safra Kesesi Cerrahisi - Ayfa Clinic","og_description":"Genel Bilgiler? Safra kesesi, karaci\u011ferde sentezlenen ve salg\u0131lanan safran\u0131n a\u00e7l\u0131k esnas\u0131nda onikiparmak ba\u011f\u0131rsa\u011f\u0131na (duodenum) akmadan \u00f6nce depoland\u0131\u011f\u0131 ve yo\u011funla\u015ft\u0131r\u0131ld\u0131\u011f\u0131 bir organd\u0131r. Safra kesesinde depolanan safra, ihtiya\u00e7 durumunda safra kesesinin kas\u0131lmas\u0131 sonucunda ilk \u00f6nce ana safra kanal\u0131na oradan da onikiparmak ba\u011f\u0131rsa\u011f\u0131na aktar\u0131l\u0131r. Safra; yemeklerle al\u0131nan ya\u011flar\u0131n ve ya\u011fda eriyen vitaminlerin sindiriminde ve emiliminde \u00f6nemli rol oynar, [&hellip;]","og_url":"https:\/\/www.ayfaclinic.com\/tr\/safra-kesesi-cerrahisi\/","og_site_name":"Ayfa Clinic T&uuml;rkiye","twitter_card":"summary_large_image","twitter_misc":{"Tahmini okuma s\u00fcresi":"9 dakika"},"schema":{"@context":"https:\/\/schema.org","@graph":[{"@type":"WebSite","@id":"https:\/\/www.ayfaclinic.com\/tr\/#website","url":"https:\/\/www.ayfaclinic.com\/tr\/","name":"Ayfa Clinic T&uuml;rkiye","description":"Ayfa Clinic - Health Starts Here","potentialAction":[{"@type":"SearchAction","target":{"@type":"EntryPoint","urlTemplate":"https:\/\/www.ayfaclinic.com\/tr\/?s={search_term_string}"},"query-input":"required name=search_term_string"}],"inLanguage":"tr"},{"@type":"WebPage","@id":"https:\/\/www.ayfaclinic.com\/tr\/safra-kesesi-cerrahisi\/","url":"https:\/\/www.ayfaclinic.com\/tr\/safra-kesesi-cerrahisi\/","name":"Safra Kesesi Cerrahisi - Ayfa Clinic","isPartOf":{"@id":"https:\/\/www.ayfaclinic.com\/tr\/#website"},"datePublished":"2022-08-19T10:54:05+00:00","dateModified":"2022-08-19T10:54:05+00:00","breadcrumb":{"@id":"https:\/\/www.ayfaclinic.com\/tr\/safra-kesesi-cerrahisi\/#breadcrumb"},"inLanguage":"tr","potentialAction":[{"@type":"ReadAction","target":["https:\/\/www.ayfaclinic.com\/tr\/safra-kesesi-cerrahisi\/"]}]},{"@type":"BreadcrumbList","@id":"https:\/\/www.ayfaclinic.com\/tr\/safra-kesesi-cerrahisi\/#breadcrumb","itemListElement":[{"@type":"ListItem","position":1,"name":"Anasayfa","item":"https:\/\/www.ayfaclinic.com\/tr\/"},{"@type":"ListItem","position":2,"name":"Safra Kesesi Cerrahisi"}]}]}},"_links":{"self":[{"href":"https:\/\/www.ayfaclinic.com\/tr\/wp-json\/wp\/v2\/pages\/8784","targetHints":{"allow":["GET"]}}],"collection":[{"href":"https:\/\/www.ayfaclinic.com\/tr\/wp-json\/wp\/v2\/pages"}],"about":[{"href":"https:\/\/www.ayfaclinic.com\/tr\/wp-json\/wp\/v2\/types\/page"}],"author":[{"embeddable":true,"href":"https:\/\/www.ayfaclinic.com\/tr\/wp-json\/wp\/v2\/users\/1"}],"replies":[{"embeddable":true,"href":"https:\/\/www.ayfaclinic.com\/tr\/wp-json\/wp\/v2\/comments?post=8784"}],"version-history":[{"count":1,"href":"https:\/\/www.ayfaclinic.com\/tr\/wp-json\/wp\/v2\/pages\/8784\/revisions"}],"predecessor-version":[{"id":8785,"href":"https:\/\/www.ayfaclinic.com\/tr\/wp-json\/wp\/v2\/pages\/8784\/revisions\/8785"}],"wp:attachment":[{"href":"https:\/\/www.ayfaclinic.com\/tr\/wp-json\/wp\/v2\/media?parent=8784"}],"curies":[{"name":"wp","href":"https:\/\/api.w.org\/{rel}","templated":true}]}}