{"id":8779,"date":"2022-08-19T10:52:45","date_gmt":"2022-08-19T10:52:45","guid":{"rendered":"https:\/\/www.ayfaclinic.com\/tr\/?page_id=8779"},"modified":"2022-08-19T10:52:45","modified_gmt":"2022-08-19T10:52:45","slug":"kanser-cerrahisi","status":"publish","type":"page","link":"https:\/\/www.ayfaclinic.com\/tr\/kanser-cerrahisi\/","title":{"rendered":"Kanser Cerrahisi"},"content":{"rendered":"<p><strong><u>Genel Bilgiler?<\/u><\/strong><\/p>\n<p>Genel cerrahi bran\u015f\u0131 olarak bir\u00e7ok doku ve organ sistemleri ile ilgili kanser t\u00fcrleri ile ilgilenmek durumunda kalmaktay\u0131z. Bunlar\u0131n ba\u015f\u0131nda tiroit kanserleri, meme kanseri, yemek borusu kanseri, mide kanseri, kal\u0131n ba\u011f\u0131rsak kanseri, karaci\u011fer-safra kesesi-safra yollar\u0131 ve pankreas kanserleri gelmektedir. T\u00fcm doku ve organ sistemlerinin kanserlerinde oldu\u011fu gibi genel cerrahi uzmanl\u0131k dal\u0131n\u0131 ilgilendiren kanserlerde de erken tan\u0131 ve tedavi hayat kurtar\u0131c\u0131d\u0131r.<\/p>\n<p><strong><u>Kimlere uygulan\u0131r?<\/u><\/strong><\/p>\n<p>Etkili bir cerrahi tedavinin alt\u0131n anahtar\u0131 hastal\u0131\u011f\u0131n\u0131z\u0131n erken tan\u0131nmas\u0131ndan ge\u00e7er. Bu nedenle son zamanlarda ortaya \u00e7\u0131kan;<\/p>\n<ul>\n<li>\u0130\u015ftah azalmas\u0131<\/li>\n<li>Kilo kayb\u0131<\/li>\n<li>Halsizlik<\/li>\n<li>Bulant\u0131<\/li>\n<li>Kusma<\/li>\n<li>Yutma zorlu\u011fu<\/li>\n<li>Ele gelen kitle varl\u0131\u011f\u0131<\/li>\n<li>Sar\u0131l\u0131k<\/li>\n<li>A\u011fr\u0131 kesicilere diren\u00e7li a\u011fr\u0131 (\u00f6zellikle kar\u0131n ve s\u0131rt a\u011fr\u0131s\u0131)<\/li>\n<li>Makattan kan gelmesi<\/li>\n<li>B\u00fcy\u00fck abdest d\u00fczen bozulmas\u0131 (Kab\u0131zl\u0131k ve\u00a0<em><u>\u00f6zellikle s\u0131k s\u0131k b\u00fcy\u00fck abdest yapma ihtiyac\u0131 duyup, tuvalette k\u00fc\u00e7\u00fck par\u00e7alarla d\u0131\u015fk\u0131lay\u0131p rahatlayamadan tuvaletten \u00e7\u0131kma hissi olan\u00a0<strong>tenezm<\/strong>\u00a0varl\u0131\u011f\u0131<\/u><\/em>)<\/li>\n<\/ul>\n<p>Bulgular\u0131 var ise zaman kaybetmeden bir sa\u011fl\u0131k kurumuna ba\u015f vurman\u0131z \u00f6nemlidir. Unutmay\u0131n ki erken tan\u0131 hayat kurtar\u0131r.<\/p>\n<p>Kanser cerrahisi kanser tan\u0131s\u0131 alm\u0131\u015f t\u00fcm hastalar i\u00e7in uygulanabilmektedir. Uygulanacak cerrahi tedavinin iki se\u00e7ene\u011fi vard\u0131r. Bunlardan birincisi\u00a0<em><u>k\u00fcratif cerrahi tedavi<\/u><\/em>\u00a0dedi\u011fimiz kanser dokusunun tamamen ve g\u00f6zle g\u00f6r\u00fcn\u00fcr kanser dokusu kalmayacak tarzda ameliyat ile \u00e7\u0131kar\u0131lmas\u0131 i\u015flemidir. Kanser cerrahisinde ikinci alternatif ise\u00a0<em><u>palyatif cerrahi tedavi<\/u><\/em>dir. Bu tedavi \u015fekli t\u00fcm\u00f6r\u00fcn ilerlemi\u015f d\u00f6neminde tan\u0131nmas\u0131 durumunda, t\u00fcm\u00f6rl\u00fc dokunun geride \u00e7\u0131kar\u0131lmas\u0131 m\u00fcmk\u00fcn olmayan bir k\u0131sm\u0131n\u0131n b\u0131rak\u0131lmas\u0131 ve m\u00fcmk\u00fcn oldu\u011funca fazla t\u00fcm\u00f6r dokusunun \u00e7\u0131kar\u0131lmas\u0131n\u0131 hedefler. Palyatif cerrahi tedavi ayr\u0131ca \u00e7\u0131kar\u0131lamayan t\u00fcm\u00f6r dokusu kaynakl\u0131 ortaya \u00e7\u0131kan bulgular\u0131n (ba\u011f\u0131rsak t\u0131kan\u0131kl\u0131\u011f\u0131, sar\u0131l\u0131k, a\u011fr\u0131 vb) giderilmesi veya azalt\u0131lmas\u0131 i\u00e7in de yap\u0131labilmektedir.<\/p>\n<p>Hastal\u0131\u011f\u0131n kontrol\u00fc ve sa\u011f kal\u0131mda en etkili olan y\u00f6ntem k\u00fcratif cerrahi tedavidir. K\u00fcratif cerrahi ise hastal\u0131\u011f\u0131n ancak erken d\u00f6nemde tan\u0131nmas\u0131 durumunda ger\u00e7ekle\u015ftirilebilmektedir. Bu nedenle daha \u00f6nceden olmayan baz\u0131 bulgular\u0131n varl\u0131\u011f\u0131nda vakit ge\u00e7irmeden bizlere m\u00fcracaat\u0131n\u0131z hastal\u0131\u011f\u0131n\u0131z\u0131n erkenden tan\u0131nmas\u0131 ve tedavisinin etkili yap\u0131lmas\u0131 a\u00e7\u0131s\u0131ndan \u00f6nem arz etmektedir.<\/p>\n<p><strong><u>Ameliyat \u00f6ncesi ne gibi haz\u0131rl\u0131klar gerekir?<\/u><\/strong><\/p>\n<p>G\u00fcvenli bir ameliyat\u0131n olmazsa olmaz\u0131 ameliyat \u00f6ncesinde iyi ve tam bir hasta de\u011ferlendirmesinden ge\u00e7er.<\/p>\n<p>Bu ama\u00e7la planlanmas\u0131 gereken ilk i\u015f detayl\u0131 bir hasta-doktor g\u00f6r\u00fc\u015fmesidir. Bu g\u00f6r\u00fc\u015fme sonras\u0131nda doktorunuz;<\/p>\n<ul>\n<li>Fiziki verilerinize (boy, kilo, VK\u0130 vb.) ula\u015fm\u0131\u015f,<\/li>\n<li>Sizin ameliyattan beklentinizin neler oldu\u011funu \u00f6\u011frenmi\u015f,<\/li>\n<li>Mevcut \u015fikayetlerinizin size verdi\u011fi fiziki ve psikolojik hasar\u0131n ne oldu\u011funu \u00f6\u011frenmi\u015f,<\/li>\n<li>\u015eikayetlerinizin hangi doku ve organ sistemi ile ilgili olabilece\u011fi konusuna h\u00e2kim olmu\u015f,<\/li>\n<li>Genel sa\u011fl\u0131kl\u0131l\u0131k durumunuz hakk\u0131nda bir yorum yaparak, planlanacak ameliyat i\u00e7in ne gibi haz\u0131rl\u0131klar yap\u0131lmas\u0131 gerekti\u011fine \u00f6n g\u00f6r\u00fc olarak karar vermi\u015f olacakt\u0131r.<\/li>\n<\/ul>\n<p>Bundan sonraki di\u011fer a\u015fama, hastanede detayl\u0131 bir ameliyat \u00f6ncesi de\u011ferlendirme yapmakt\u0131r. Bu a\u015famada gerek hastal\u0131\u011f\u0131n\u0131z\u0131n tan\u0131s\u0131 (biyopsi ve patolojik inceleme), gerek ise yayg\u0131nl\u0131k durumu ve klinik evrelemesi ile ilgili \u00e7al\u0131\u015fmalar yap\u0131l\u0131r. Hastanede;<\/p>\n<ul>\n<li>Detayl\u0131 kan tetkikleri,<\/li>\n<li>Kar\u0131n ultrasonografisi,<\/li>\n<li>Bilgisayarl\u0131 tomografi (t\u00fcm\u00f6r\u00fcn var olup olmad\u0131\u011f\u0131, var ise b\u00f6lgesel yay\u0131l\u0131m\u0131 ve metastaz durumunun netle\u015fmesi amac\u0131yla genelde a\u011f\u0131zdan ve damardan ila\u00e7 verilerek t\u00fcm v\u00fccut tomografisi),<\/li>\n<li>Mide endoskopisi (ihtiyaca g\u00f6re),<\/li>\n<li>Akci\u011fer grafisi,<\/li>\n<li>Solunum fonksiyon testleri (ihtiyaca g\u00f6re),<\/li>\n<li>\u015e\u00fcphelenilen hedef dokuya y\u00f6nelik biyopsi ve patoloji i\u015flemi<\/li>\n<li>\u015e\u00fcphe durumunda damarlar\u0131n\u0131z\u0131n dopler ultrasonografisi,<\/li>\n<li>EKG, Eko kardiografi tetkikleri (ihtiyaca g\u00f6re),<\/li>\n<li>Kardiyolog muayenesi (ihtiyaca g\u00f6re),<\/li>\n<li>Dahiliye uzman\u0131 muayenesi,<\/li>\n<li>Anestezi uzman\u0131 de\u011ferlendirmesi yap\u0131larak g\u00fcvenli bir ameliyata uygun olup olmad\u0131\u011f\u0131n\u0131z de\u011ferlendirilir.<\/li>\n<\/ul>\n<p><strong><u>Nas\u0131l yap\u0131l\u0131r?<\/u><\/strong><\/p>\n<p>T\u00fcm\u00f6r cerrahisi hastal\u0131\u011f\u0131n kaynakland\u0131\u011f\u0131 doku ve organ sistemlerine ve cerrah\u0131n\u0131z\u0131n tecr\u00fcbe durumu ve tercihine g\u00f6re a\u00e7\u0131k veya kapal\u0131 (Laparoskopik va da robotik) cerrahi ile ger\u00e7ekle\u015ftirilebilir.<\/p>\n<p><strong><u>Hastaneye yatmadan \u00f6nce gibi haz\u0131rl\u0131klar gerekir?<\/u><\/strong><\/p>\n<p>Ameliyat\u0131n\u0131z\u0131n sindirim sistemi \u00fczerinde ger\u00e7ekle\u015ftirilmesi planlan\u0131yor ise;<\/p>\n<ul>\n<li>Genelde ameliyat \u00f6ncesi 1-2 g\u00fcn \u00f6ncesinden sulu g\u0131da t\u00fcketmeye ba\u015flaman\u0131z, ameliyat esnas\u0131nda ba\u011f\u0131rsaklar\u0131n\u0131z\u0131n bo\u015f olmas\u0131 ve sonras\u0131nda ise tuvalet ihtiyac\u0131n\u0131z\u0131n daha ge\u00e7 ve kolay olmas\u0131 a\u00e7\u0131s\u0131ndan yararl\u0131d\u0131r.<\/li>\n<li>Kan suland\u0131r\u0131c\u0131 tarz\u0131nda ila\u00e7 kullan\u0131yorsan\u0131z muhakkak doktorunuzu bu konuda uyarmal\u0131 ve bu ila\u00e7lar\u0131n kesilmesi, yerine alternatif ila\u00e7 ba\u015flanmas\u0131 konusunda doktorunuza zaman kazand\u0131rmal\u0131s\u0131n\u0131z.<\/li>\n<li>Rutin kullanmak zorunda oldu\u011funuz ila\u00e7lardan kan suland\u0131r\u0131c\u0131lar d\u0131\u015f\u0131ndakileri ameliyat gecesine kadar kullanman\u0131zda sak\u0131nca yoktur. Tansiyon ilac\u0131 kalp ila\u00e7lar\u0131 ameliyat g\u00fcn\u00fc sabah\u0131 doktorunuzun bilgisi dahilinde ameliyattan en az 2 saat \u00f6nce az bir su ile i\u00e7ilebilirler.<\/li>\n<li>Sigara i\u00e7iyorsan\u0131z ameliyat \u00f6ncesinde muhakkak en az 1 hafta \u00f6nce sigaray\u0131 b\u0131rakmak veya olabilecek en az seviyeye indirmek gereklidir. Bu sizin ameliyat sonras\u0131ndaki akci\u011fer performans\u0131n\u0131z\u0131 direkt etkileyecek bir durumdur.<\/li>\n<li>Ameliyattan bir gece \u00f6nce genel olarak saat 22-23 dolaylar\u0131nda t\u00fcm kat\u0131 ya da s\u0131v\u0131 g\u0131da al\u0131m\u0131n\u0131 durdurmal\u0131, ameliyat sabah\u0131 en az 6 saatlik a\u00e7l\u0131k ile haz\u0131r bulunmal\u0131s\u0131n\u0131z.<\/li>\n<li>Ameliyattan \u00f6nce hastaneye yatmadan evinizde banyo yap\u0131n\u0131z. Unutmay\u0131n ki en az\u0131ndan 2 ya da 3 g\u00fcn banyo imk\u00e2n\u0131n\u0131z olmayacakt\u0131r.<\/li>\n<li>Hastaneye gelirken naylon i\u00e7erikli i\u00e7 \u00e7ama\u015f\u0131r\u0131 giymeyiniz. Naylon i\u00e7 \u00e7ama\u015f\u0131rlar\u0131 ameliyat esnas\u0131nda kullan\u0131lan baz\u0131 elektrikli cihazlarla etkile\u015fime girip cilt yan\u0131klar\u0131na neden olabilmektedir.<\/li>\n<li>Hastaneye gelirken yan\u0131n\u0131zda terlik, \u015fahsi temizlik malzemesi (di\u015f f\u0131r\u00e7as\u0131, di\u015f macunu, t\u0131ra\u015f tak\u0131m\u0131 vb), yeterli derecede i\u00e7 \u00e7ama\u015f\u0131r\u0131 getirmenizde yarar vard\u0131r.<\/li>\n<\/ul>\n<p><strong><u>Hastanede ne kadar kal\u0131r\u0131m?<\/u><\/strong><\/p>\n<p>Hastane kal\u0131\u015f s\u00fcreniz, ameliyat \u00f6ncesindeki gece veya ameliyat sabah\u0131 hastaneye yat\u0131p yatmad\u0131\u011f\u0131n\u0131z, ameliyat sonras\u0131 cerrah\u0131n\u0131z\u0131n hastas\u0131n\u0131 ne kadar s\u00fcrece hastanede tutmay\u0131 prensip edindi\u011fi, ameliyat sonras\u0131 cerrahi probleminizin geli\u015fip geli\u015fmedi\u011fi gibi bir\u00e7ok fakt\u00f6rden etkilense de sindirim sistemi d\u0131\u015f\u0131ndaki cerrahilerde (tiroit cerrahisi) ortalama 1-2 gece, sindirim sistemi ile ilgili ameliyatlarda ise ortalama 3-4 gece kadar olmaktad\u0131r.<\/p>\n<p><strong><u>Hastanede kal\u0131rken neler olacak?<\/u><\/strong><\/p>\n<p>Hastaneye ameliyattan bir gece \u00f6nce yatm\u0131\u015f iseniz hastanede, e\u011fer ameliyat sabah\u0131 yatacaksan\u0131z evinizde koruyucu ama\u00e7l\u0131 kan suland\u0131r\u0131c\u0131s\u0131 kullanmal\u0131s\u0131n\u0131z. Bu tedavi doktorunuz taraf\u0131ndan planlan\u0131p uygulanacakt\u0131r. Ameliyat sabah\u0131 ameliyathaneye inmeden \u00f6nce mutlaka tuvalete gidip ihtiyac\u0131n\u0131z\u0131 giderin. Ameliyat i\u00e7in yata\u011f\u0131n\u0131zdan al\u0131n\u0131p tekrar yata\u011f\u0131n\u0131za d\u00f6nmeniz aras\u0131ndaki s\u00fcre uygulanacak ameliyata g\u00f6re de\u011fi\u015fmekle beraber genelde 3-4 saat kadar bir zaman dilim olacakt\u0131r. Bu s\u00fcrenin hepsi ameliyat i\u00e7in ge\u00e7en s\u00fcre olmay\u0131p, ameliyathanede \u00f6n haz\u0131rl\u0131k d\u00f6nemi, ameliyat\u0131n\u0131z ve ameliyat sonras\u0131nda uyand\u0131rma i\u015fleminiz bu s\u00fcrecin i\u00e7indedir. Ameliyat sonras\u0131 yo\u011fun bak\u0131ma al\u0131n\u0131p al\u0131nmayaca\u011f\u0131n\u0131z yap\u0131lan ameliyat\u0131n uyguland\u0131\u011f\u0131 doku sistemi, genel sa\u011fl\u0131kl\u0131l\u0131k durumunuz, ameliyat\u0131n \u015fekli ve ameliyatta ya\u015fananlar ile alakal\u0131 olarak cerrah\u0131n\u0131z ve anestezi uzman\u0131 taraf\u0131ndan de\u011ferlendirilerek belirlenecektir. E\u011fer sindirim sistemi ile alakal\u0131 bir cerrahi ge\u00e7irmi\u015f yo\u011fun bak\u0131m ihtiyac\u0131 olmadan yata\u011f\u0131n\u0131za al\u0131nm\u0131\u015f iseniz ameliyat sonras\u0131ndaki g\u00fcnlerde s\u00fcre\u00e7 ise \u015f\u00f6yle ger\u00e7ekle\u015fmektedir;<\/p>\n<ul>\n<li>Ameliyat g\u00fcn\u00fc: Yata\u011f\u0131n\u0131za d\u00f6nd\u00fckten yakla\u015f\u0131k 5-6 saat sonras\u0131 ilk y\u00fcr\u00fcy\u00fc\u015f i\u00e7in hastane personeli yard\u0131m\u0131 ile aya\u011fa kalk\u0131p oda i\u00e7inde k\u00fc\u00e7\u00fck bir y\u00fcr\u00fcy\u00fc\u015f yap\u0131yorsunuz. Ameliyat g\u00fcn\u00fc t\u00fcm tedavileriniz damar yolu ile yap\u0131l\u0131yor ve g\u0131da al\u0131m\u0131n\u0131za m\u00fcsaade edilmemektedir.<\/li>\n<li>Ameliyattan sonraki 1.g\u00fcn: Genelde bug\u00fcn yudum yudum su i\u00e7meye ba\u015flad\u0131\u011f\u0131n\u0131z g\u00fcnd\u00fcr. G\u0131da al\u0131m\u0131na (su i\u00e7mek) bu d\u00f6nemde ba\u015flan\u0131p ba\u015flanmayaca\u011f\u0131na yine cerrah\u0131n\u0131z taraf\u0131ndan yap\u0131lan ameliyat\u0131n \u00f6zelliklerine g\u00f6re karar verilmektedir. G\u00fcn i\u00e7inde y\u00fcr\u00fcme miktar\u0131nda da art\u0131\u015f sa\u011flay\u0131p daha aktif bir g\u00fcn ge\u00e7irmenizi sa\u011fl\u0131yoruz.<\/li>\n<li>Ameliyattan sonraki 2.g\u00fcn: Bug\u00fcn e\u011fer ameliyat alan\u0131n\u0131za dren konulmu\u015f ve drenden \u00f6nemli bir miktarda s\u0131v\u0131 geli\u015fi yok ise dreninizi \u00e7ekip, size \u00e7orba, komposto ve meyve suyu gibi g\u0131dalar ba\u015fl\u0131yoruz. 2.g\u00fcn a\u011f\u0131zdan beslenmeye ge\u00e7i\u015fin ba\u015flad\u0131\u011f\u0131 ana g\u00fcnd\u00fcr. Dreninizin \u00e7ekilmesini takiben de banyo yapman\u0131za m\u00fcsaade ediyoruz. Yine bol miktarda y\u00fcr\u00fcy\u00fc\u015fler yapman\u0131z yarar\u0131n\u0131za olacakt\u0131r.<\/li>\n<li>Ameliyattan sonraki 3.g\u00fcn: Her \u015feyin yolunda gitti\u011fini g\u00f6rd\u00fckten sonra taburcu planlaman\u0131z\u0131n yap\u0131ld\u0131\u011f\u0131 g\u00fcn 3. g\u00fcnd\u00fcr. G\u0131da al\u0131m\u0131n\u0131zda s\u0131k\u0131nt\u0131 yok ise, ameliyata ba\u011fl\u0131 herhangi bir komplikasyon olmad\u0131\u011f\u0131n\u0131 d\u00fc\u015f\u00fcn\u00fcyorsak ameliyat\u0131 takip eden 3.g\u00fcn sizi taburcu ediyoruz. Taburcu s\u00fcresi yine ameliyat\u0131n\u0131zdan kaynaklanan \u00f6zellikler ve cerrah\u0131n\u0131z\u0131n hasta takip kriterlerine ba\u011fl\u0131 olarak birka\u00e7 g\u00fcn daha uzayabilmektedir.<\/li>\n<\/ul>\n<p><strong><u>Hastaneden taburcu olduktan sonra neler olacak ve normal ya\u015fam\u0131ma ne zaman ba\u015flayabilirim?<\/u><\/strong><\/p>\n<p>Normal hayata d\u00f6n\u00fc\u015f s\u00fcresi yap\u0131lan ameliyat ve genel sa\u011fl\u0131kl\u0131l\u0131k durumunuz ile alakal\u0131 olarak de\u011fi\u015fiklik g\u00f6stermekle beraber genelde Laparoskopik ameliyatlarda bir hafta sonras\u0131, a\u00e7\u0131k cerrahi ameliyatlar\u0131ndan sonra ise 10-12 g\u00fcn sonras\u0131nda normal ya\u015fam\u0131n\u0131za d\u00f6nebilmektesiniz.<\/p>\n<p>Hastaneden \u00e7\u0131kt\u0131ktan sonra planlanmas\u0131 gereken \u00f6nemli bir konu ise t\u00fcm\u00f6r\u00fcn t\u0131bbi tedavisi dedi\u011fimiz kemoterapi ve radyo terapi planlamas\u0131n\u0131n yap\u0131lmas\u0131d\u0131r. Genelde bu tedaviler ameliyatta \u00e7\u0131kar\u0131lan t\u00fcm\u00f6rl\u00fc doku par\u00e7as\u0131n\u0131n patolojik incelemesi sonras\u0131nda \u015fekillenirler. Onkoloji ve radyasyon onkolojisi uzmanlar\u0131 v\u00fccudunuzdaki t\u00fcm\u00f6r\u00fcn ameliyatla ne kadar\u0131n\u0131n \u00e7\u0131kar\u0131labildi\u011fi, mikroskobik olarak h\u00fccresel bazda ne gibi \u00f6zelliklere sahip oldu\u011fu, \u00e7o\u011falma h\u0131z\u0131, baz\u0131 kimyasal \u00f6zellikleri gibi bir\u00e7ok parametreyi de\u011ferlendirerek hastal\u0131\u011f\u0131n\u0131z\u0131n patolojik evrelemesini ve buna g\u00f6re de yapacaklar\u0131 kemoterapi ve radyoterapi tedavisinin detaylar\u0131n\u0131 \u015fekillendirirler. Genellikle ameliyat sonras\u0131 kemo ve radyoterapiye, doku iyile\u015fmesi ve beden takviyesi sa\u011flanmas\u0131 i\u00e7in ameliyattan sonras\u0131ndaki 10-15 g\u00fcn sonra m\u00fcsaade edilir. Bu ge\u00e7en s\u00fcrede de ameliyat ile \u00e7\u0131kar\u0131lan piyesin patolojik de\u011ferlendirilmesi ve raporlanmas\u0131 ger\u00e7ekle\u015ftirilir.<\/p>\n<p><strong><u>Kontrol ve takip s\u00fcrecim nas\u0131l olacak?<\/u><\/strong><\/p>\n<p>Gerek cerrahi gerekse t\u0131bbi tedavi sonras\u0131nda d\u00fczenli bir kontrol plan\u0131 uygulamak kanser hastal\u0131\u011f\u0131n tedavi s\u00fcrecinin olmaz ise olmaz\u0131d\u0131r. Bu ama\u00e7la cerrahi, onkoloji ve radyasyon onkolojisi uzmanlar\u0131 ortak bir takip plan\u0131 olu\u015fturup sizi bilgilendirecektir.<\/p>\n","protected":false},"excerpt":{"rendered":"<p>Genel Bilgiler? Genel cerrahi bran\u015f\u0131 olarak bir\u00e7ok doku ve organ sistemleri ile ilgili kanser t\u00fcrleri ile ilgilenmek durumunda kalmaktay\u0131z. Bunlar\u0131n ba\u015f\u0131nda tiroit kanserleri, meme kanseri, yemek borusu kanseri, mide kanseri, kal\u0131n ba\u011f\u0131rsak kanseri, karaci\u011fer-safra kesesi-safra yollar\u0131 ve pankreas kanserleri gelmektedir. T\u00fcm doku ve organ sistemlerinin kanserlerinde oldu\u011fu gibi genel cerrahi uzmanl\u0131k dal\u0131n\u0131 ilgilendiren kanserlerde de [&hellip;]<\/p>\n","protected":false},"author":1,"featured_media":0,"parent":0,"menu_order":0,"comment_status":"closed","ping_status":"closed","template":"","meta":{"footnotes":""},"class_list":["post-8779","page","type-page","status-publish","hentry"],"yoast_head":"<!-- This site is optimized with the Yoast SEO plugin v19.4 - https:\/\/yoast.com\/wordpress\/plugins\/seo\/ -->\n<title>Kanser Cerrahisi - Ayfa Clinic<\/title>\n<meta name=\"robots\" content=\"index, follow, max-snippet:-1, max-image-preview:large, max-video-preview:-1\" \/>\n<link rel=\"canonical\" href=\"https:\/\/www.ayfaclinic.com\/tr\/kanser-cerrahisi\/\" \/>\n<meta property=\"og:locale\" content=\"tr_TR\" \/>\n<meta property=\"og:type\" content=\"article\" \/>\n<meta property=\"og:title\" content=\"Kanser Cerrahisi - Ayfa Clinic\" \/>\n<meta property=\"og:description\" content=\"Genel Bilgiler? Genel cerrahi bran\u015f\u0131 olarak bir\u00e7ok doku ve organ sistemleri ile ilgili kanser t\u00fcrleri ile ilgilenmek durumunda kalmaktay\u0131z. Bunlar\u0131n ba\u015f\u0131nda tiroit kanserleri, meme kanseri, yemek borusu kanseri, mide kanseri, kal\u0131n ba\u011f\u0131rsak kanseri, karaci\u011fer-safra kesesi-safra yollar\u0131 ve pankreas kanserleri gelmektedir. T\u00fcm doku ve organ sistemlerinin kanserlerinde oldu\u011fu gibi genel cerrahi uzmanl\u0131k dal\u0131n\u0131 ilgilendiren kanserlerde de [&hellip;]\" \/>\n<meta property=\"og:url\" content=\"https:\/\/www.ayfaclinic.com\/tr\/kanser-cerrahisi\/\" \/>\n<meta property=\"og:site_name\" content=\"Ayfa Clinic T&uuml;rkiye\" \/>\n<meta name=\"twitter:card\" content=\"summary_large_image\" \/>\n<meta name=\"twitter:label1\" content=\"Tahmini okuma s\u00fcresi\" \/>\n\t<meta name=\"twitter:data1\" content=\"8 dakika\" \/>\n<script type=\"application\/ld+json\" class=\"yoast-schema-graph\">{\"@context\":\"https:\/\/schema.org\",\"@graph\":[{\"@type\":\"WebSite\",\"@id\":\"https:\/\/www.ayfaclinic.com\/tr\/#website\",\"url\":\"https:\/\/www.ayfaclinic.com\/tr\/\",\"name\":\"Ayfa Clinic T&uuml;rkiye\",\"description\":\"Ayfa Clinic - Health Starts Here\",\"potentialAction\":[{\"@type\":\"SearchAction\",\"target\":{\"@type\":\"EntryPoint\",\"urlTemplate\":\"https:\/\/www.ayfaclinic.com\/tr\/?s={search_term_string}\"},\"query-input\":\"required name=search_term_string\"}],\"inLanguage\":\"tr\"},{\"@type\":\"WebPage\",\"@id\":\"https:\/\/www.ayfaclinic.com\/tr\/kanser-cerrahisi\/\",\"url\":\"https:\/\/www.ayfaclinic.com\/tr\/kanser-cerrahisi\/\",\"name\":\"Kanser Cerrahisi - Ayfa Clinic\",\"isPartOf\":{\"@id\":\"https:\/\/www.ayfaclinic.com\/tr\/#website\"},\"datePublished\":\"2022-08-19T10:52:45+00:00\",\"dateModified\":\"2022-08-19T10:52:45+00:00\",\"breadcrumb\":{\"@id\":\"https:\/\/www.ayfaclinic.com\/tr\/kanser-cerrahisi\/#breadcrumb\"},\"inLanguage\":\"tr\",\"potentialAction\":[{\"@type\":\"ReadAction\",\"target\":[\"https:\/\/www.ayfaclinic.com\/tr\/kanser-cerrahisi\/\"]}]},{\"@type\":\"BreadcrumbList\",\"@id\":\"https:\/\/www.ayfaclinic.com\/tr\/kanser-cerrahisi\/#breadcrumb\",\"itemListElement\":[{\"@type\":\"ListItem\",\"position\":1,\"name\":\"Anasayfa\",\"item\":\"https:\/\/www.ayfaclinic.com\/tr\/\"},{\"@type\":\"ListItem\",\"position\":2,\"name\":\"Kanser Cerrahisi\"}]}]}<\/script>\n<!-- \/ Yoast SEO plugin. -->","yoast_head_json":{"title":"Kanser Cerrahisi - Ayfa Clinic","robots":{"index":"index","follow":"follow","max-snippet":"max-snippet:-1","max-image-preview":"max-image-preview:large","max-video-preview":"max-video-preview:-1"},"canonical":"https:\/\/www.ayfaclinic.com\/tr\/kanser-cerrahisi\/","og_locale":"tr_TR","og_type":"article","og_title":"Kanser Cerrahisi - Ayfa Clinic","og_description":"Genel Bilgiler? Genel cerrahi bran\u015f\u0131 olarak bir\u00e7ok doku ve organ sistemleri ile ilgili kanser t\u00fcrleri ile ilgilenmek durumunda kalmaktay\u0131z. Bunlar\u0131n ba\u015f\u0131nda tiroit kanserleri, meme kanseri, yemek borusu kanseri, mide kanseri, kal\u0131n ba\u011f\u0131rsak kanseri, karaci\u011fer-safra kesesi-safra yollar\u0131 ve pankreas kanserleri gelmektedir. T\u00fcm doku ve organ sistemlerinin kanserlerinde oldu\u011fu gibi genel cerrahi uzmanl\u0131k dal\u0131n\u0131 ilgilendiren kanserlerde de [&hellip;]","og_url":"https:\/\/www.ayfaclinic.com\/tr\/kanser-cerrahisi\/","og_site_name":"Ayfa Clinic T&uuml;rkiye","twitter_card":"summary_large_image","twitter_misc":{"Tahmini okuma s\u00fcresi":"8 dakika"},"schema":{"@context":"https:\/\/schema.org","@graph":[{"@type":"WebSite","@id":"https:\/\/www.ayfaclinic.com\/tr\/#website","url":"https:\/\/www.ayfaclinic.com\/tr\/","name":"Ayfa Clinic T&uuml;rkiye","description":"Ayfa Clinic - Health Starts Here","potentialAction":[{"@type":"SearchAction","target":{"@type":"EntryPoint","urlTemplate":"https:\/\/www.ayfaclinic.com\/tr\/?s={search_term_string}"},"query-input":"required name=search_term_string"}],"inLanguage":"tr"},{"@type":"WebPage","@id":"https:\/\/www.ayfaclinic.com\/tr\/kanser-cerrahisi\/","url":"https:\/\/www.ayfaclinic.com\/tr\/kanser-cerrahisi\/","name":"Kanser Cerrahisi - Ayfa Clinic","isPartOf":{"@id":"https:\/\/www.ayfaclinic.com\/tr\/#website"},"datePublished":"2022-08-19T10:52:45+00:00","dateModified":"2022-08-19T10:52:45+00:00","breadcrumb":{"@id":"https:\/\/www.ayfaclinic.com\/tr\/kanser-cerrahisi\/#breadcrumb"},"inLanguage":"tr","potentialAction":[{"@type":"ReadAction","target":["https:\/\/www.ayfaclinic.com\/tr\/kanser-cerrahisi\/"]}]},{"@type":"BreadcrumbList","@id":"https:\/\/www.ayfaclinic.com\/tr\/kanser-cerrahisi\/#breadcrumb","itemListElement":[{"@type":"ListItem","position":1,"name":"Anasayfa","item":"https:\/\/www.ayfaclinic.com\/tr\/"},{"@type":"ListItem","position":2,"name":"Kanser Cerrahisi"}]}]}},"_links":{"self":[{"href":"https:\/\/www.ayfaclinic.com\/tr\/wp-json\/wp\/v2\/pages\/8779","targetHints":{"allow":["GET"]}}],"collection":[{"href":"https:\/\/www.ayfaclinic.com\/tr\/wp-json\/wp\/v2\/pages"}],"about":[{"href":"https:\/\/www.ayfaclinic.com\/tr\/wp-json\/wp\/v2\/types\/page"}],"author":[{"embeddable":true,"href":"https:\/\/www.ayfaclinic.com\/tr\/wp-json\/wp\/v2\/users\/1"}],"replies":[{"embeddable":true,"href":"https:\/\/www.ayfaclinic.com\/tr\/wp-json\/wp\/v2\/comments?post=8779"}],"version-history":[{"count":1,"href":"https:\/\/www.ayfaclinic.com\/tr\/wp-json\/wp\/v2\/pages\/8779\/revisions"}],"predecessor-version":[{"id":8780,"href":"https:\/\/www.ayfaclinic.com\/tr\/wp-json\/wp\/v2\/pages\/8779\/revisions\/8780"}],"wp:attachment":[{"href":"https:\/\/www.ayfaclinic.com\/tr\/wp-json\/wp\/v2\/media?parent=8779"}],"curies":[{"name":"wp","href":"https:\/\/api.w.org\/{rel}","templated":true}]}}