{"id":8777,"date":"2022-08-19T10:52:25","date_gmt":"2022-08-19T10:52:25","guid":{"rendered":"https:\/\/www.ayfaclinic.com\/tr\/?page_id=8777"},"modified":"2022-08-19T10:52:25","modified_gmt":"2022-08-19T10:52:25","slug":"mide-fitigi-ve-reflu-cerrahisi","status":"publish","type":"page","link":"https:\/\/www.ayfaclinic.com\/tr\/mide-fitigi-ve-reflu-cerrahisi\/","title":{"rendered":"Mide F\u0131t\u0131\u011f\u0131 ve Refl\u00fc Cerrahisi"},"content":{"rendered":"<p><strong><u>Genel Bilgiler?<\/u><\/strong><\/p>\n<p>Mide f\u0131t\u0131\u011f\u0131 yemek borusu ile midenin birle\u015fti\u011fi alan alt\u0131nda bulunan midenin en geni\u015f yeri fundus k\u0131sm\u0131n\u0131n, normal yeri olan kar\u0131n i\u00e7inden, yemek borusunun g\u00f6\u011f\u00fcs kafesinden bug\u00fcn kar\u0131n bo\u015flu\u011funa ge\u00e7i\u015f yapt\u0131\u011f\u0131 diyafram zar\u0131 \u00fczerindeki a\u00e7\u0131kl\u0131\u011f\u0131ndan, g\u00f6\u011f\u00fcs kafesine do\u011fru yer de\u011fi\u015ftirmesidir.<\/p>\n<p>Mide f\u0131t\u0131\u011f\u0131n\u0131n klasik bulgular\u0131;<\/p>\n<ul>\n<li>A\u011f\u0131za ek\u015fi su gelmesi,<\/li>\n<li>G\u00f6\u011f\u00fcs kafesinde iman tahtas\u0131 alt\u0131nda yanma,<\/li>\n<li>Zaman zaman kuru \u00f6ks\u00fcr\u00fck (mide asidinin bo\u011faz\u0131 tahri\u015f etmesi sonucu)<\/li>\n<\/ul>\n<p>Bu \u015fikayetler mide f\u0131t\u0131\u011f\u0131n\u0131n b\u00fcy\u00fckl\u00fc\u011f\u00fcne g\u00f6re kimi hastada\u00a0az ve belirsiz, kimi hastada ise hayat standard\u0131n\u0131 yeme i\u00e7me al\u0131\u015fkanl\u0131\u011f\u0131 ileri derecede bozacak \u015fekilde ciddi ve fazlad\u0131r. Ortaya \u00e7\u0131kan \u015fikayetlerin nedeni midenin g\u00f6\u011f\u00fcs bo\u015flu\u011funa f\u0131t\u0131kla\u015fmas\u0131 sonucunda yemek borusu ile mide aras\u0131nda var olan kapak\u00e7\u0131k mekanizmas\u0131n\u0131n i\u015flevinde ortaya \u00e7\u0131kan bozukluktur. Bu kapak\u00e7\u0131\u011f\u0131n i\u015flev bozuklu\u011fu nedeniyle mide i\u00e7inde bulunan asit i\u00e7erikli s\u0131v\u0131lar, mideden yemek borusuna ka\u00e7ar ve yemek borusunun \u00f6zellikle alt k\u0131sm\u0131nda olmak \u00fczere tahri\u015fe ve yan\u0131klara (\u00f6zefajit) neden olur. Yemek borusunda ortaya \u00e7\u0131kan bu tahri\u015f ise hastalarda yukar\u0131da say\u0131lan \u015fikayetlere yol a\u00e7ar. Bu yan\u0131klar\u0131n ve tahri\u015fin uzun ve yo\u011fun olmas\u0131, yemek borusu alt k\u0131sm\u0131nda \u201cBarret \u00d6zefagusu\u201d denen ve yemek borusu kanserine zemin haz\u0131rlayan bir tak\u0131m h\u00fccresel de\u011fi\u015fikliklere neden olabilmektedir.<\/p>\n<p>Hastal\u0131\u011f\u0131n tan\u0131s\u0131 var olan \u015fikayetleriniz do\u011frultusunda yap\u0131lacak bir \u00fcst sindirim sistemi endoskopisi ile konulur.<\/p>\n<p>Mide f\u0131t\u0131\u011f\u0131 ve buna ba\u011fl\u0131 geli\u015fen refl\u00fc \u015fikayetlerinin tedavisinde ila\u00e7 tedavisi ve cerrahi tedavi se\u00e7enekleri mevcuttur. \u0130la\u00e7 tedavisi k\u00fc\u00e7\u00fck ve semptomlar\u0131n hafif oldu\u011fu durumlarda k\u0131smen etkili olmakla beraber, hastal\u0131\u011f\u0131 de\u011fil hastal\u0131\u011f\u0131n bulgular\u0131n\u0131 d\u00fczeltirler.\u00a0<em><u>\u0130la\u00e7 tedavisi midenizdeki f\u0131t\u0131kla\u015fmay\u0131 d\u00fczeltmez.<\/u><\/em>\u00a0\u0130la\u00e7 tedavisine cevap al\u0131namayan, semptomlar\u0131n yo\u011fun oldu\u011fu, endoskopide yemek borusundaki tahri\u015f ve yan\u0131\u011f\u0131n ciddi d\u00fczeyde oldu\u011fu hastalarda kesin tedavi y\u00f6ntemidir. Ameliyat ile mide f\u0131t\u0131\u011f\u0131 ve buna ba\u011fl\u0131 refl\u00fc \u015fikayetleri kal\u0131c\u0131 olarak tedavi edilir. Ameliyat sonras\u0131nda yemek borusundaki hasar (Barret \u00f6zefagusu ve \u00f6zefajit durumu) ise refl\u00fcn\u00fcn s\u00fcresi, yan\u0131\u011f\u0131n ve tahri\u015fin ciddiyetine ba\u011fl\u0131 ya d\u00fczelir ya da ilerlemesi \u00f6nlenmi\u015f olur.<\/p>\n<p><strong><u>Kimlere uygulan\u0131r?<\/u><\/strong><\/p>\n<p>Semptomatik ve ila\u00e7 tedavisi ile kontrol alt\u0131na al\u0131namayan \u015fik\u00e2yetleri olan, endoskopide b\u00fcy\u00fck mide f\u0131t\u0131\u011f\u0131, yemek borusu alt ucunda \u201cBarret \u00f6zefagusu\u201d geli\u015fmi\u015f, ciddi \u00f6zefajiti (yemek borusu tahri\u015fi ve iltihab\u0131) olan hastalarda ameliyat gereklidir.<\/p>\n<p><strong><u>Ameliyat \u00f6ncesi ne gibi haz\u0131rl\u0131klar gerekir?<\/u><\/strong><\/p>\n<p>Ameliyat \u00f6ncesinde standart genel anestezi alacak hastalara uygulanan, kan tetkikleri (karaci\u011fer, b\u00f6brek fonksiyon testleri, metabolik fonksiyon testleri, kanama-p\u0131ht\u0131la\u015fma durumu vb) akci\u011fer filmi, anestezi uzman\u0131 de\u011ferlendirmesi gibi prosed\u00fcrler yap\u0131l\u0131r.<\/p>\n<p><strong><u>Nas\u0131l yap\u0131l\u0131r?<\/u><\/strong><\/p>\n<p>Refl\u00fc ve mide f\u0131t\u0131\u011f\u0131 ameliyatlar\u0131 g\u00fcn\u00fcm\u00fczde standart olarak laparoskopik cerrahi ile yap\u0131lmaktad\u0131r. Ameliyatta, f\u0131t\u0131kla\u015fm\u0131\u015f mide g\u00f6\u011f\u00fcs kafesinden standart yeri olan kar\u0131n i\u00e7ine al\u0131n\u0131p, diyafram kas\u0131nda var olan geni\u015flemi\u015f yemek borusu a\u00e7\u0131kl\u0131\u011f\u0131 standart boyutuna getirilir ve daralt\u0131l\u0131r. Takiben midenin fundus denen geni\u015f alan\u0131n\u0131n \u00f6n duvar\u0131 yemek borusunun \u00f6n\u00fcnden, arka duvar\u0131 ise yemek borusunun arkas\u0131ndan d\u00f6nd\u00fcr\u00fclerek birbirine dikilir. Bu yolla yemek borusu etraf\u0131nda mide dokusu kullan\u0131larak mide s\u0131v\u0131lar\u0131n\u0131n yemek borusuna ka\u00e7mas\u0131n\u0131 bu b\u00f6lgedeki bas\u0131nc\u0131 art\u0131rarak engelleyecek bir sarg\u0131 olu\u015fturulur. Bu ameliyat\u0131n ad\u0131na \u201cNissen Fundoplikasyonu\u201d denilir.<\/p>\n<p><strong><u>Hastaneye yatmadan \u00f6nce gibi haz\u0131rl\u0131klar gerekir?<\/u><\/strong><\/p>\n<p>Ameliyat\u0131n\u0131z sindirim sistemi \u00fczerinde ger\u00e7ekle\u015ftirilecek bir cerrahi prosed\u00fcr oldu\u011fundan;<\/p>\n<ul>\n<li>Rutin kullanmak zorunda oldu\u011funuz ila\u00e7lardan kan suland\u0131r\u0131c\u0131lar d\u0131\u015f\u0131ndakileri ameliyat gecesine kadar kullanman\u0131zda sak\u0131nca yoktur. Tansiyon ilac\u0131 kalp ila\u00e7lar\u0131 ameliyat g\u00fcn\u00fc sabah\u0131 doktorunuzun bilgisi dahilinde ameliyattan en az 2 saat \u00f6nce az bir su ile i\u00e7ilebilirler.<\/li>\n<li>Kan suland\u0131r\u0131c\u0131 tarz\u0131nda ila\u00e7 kullan\u0131yorsan\u0131z muhakkak doktorunuzu bu konuda uyarmal\u0131 ve bu ila\u00e7lar\u0131n kesilmesi, yerine alternatif ila\u00e7 ba\u015flanmas\u0131 konusunda doktorunuza zaman kazand\u0131rmal\u0131s\u0131n\u0131z.<\/li>\n<li>Sigara i\u00e7iyorsan\u0131z ameliyat \u00f6ncesinde muhakkak en az 1 hafta \u00f6nce sigaray\u0131 b\u0131rakmak veya olabilecek en az seviyeye indirmek gereklidir. Bu sizin ameliyat sonras\u0131ndaki akci\u011fer performans\u0131n\u0131z\u0131 direkt etkileyecek bir durumdur.<\/li>\n<li>Ameliyattan bir gece \u00f6nce genel olarak saat 22-23 dolaylar\u0131nda t\u00fcm kat\u0131 ya da s\u0131v\u0131 g\u0131da al\u0131m\u0131n\u0131 durdurmal\u0131, ameliyat sabah\u0131 en az 6 saatlik a\u00e7l\u0131k ile haz\u0131r bulunmal\u0131s\u0131n\u0131z.<\/li>\n<li>Ameliyattan \u00f6nce hastaneye yatmadan evinizde banyo yap\u0131n\u0131z. Unutmay\u0131n ki en az\u0131ndan 2 ya da 3 g\u00fcn banyo imk\u00e2n\u0131n\u0131z olmayacakt\u0131r.<\/li>\n<li>Hastaneye gelirken naylon i\u00e7erikli i\u00e7 \u00e7ama\u015f\u0131r\u0131 giymeyiniz. Naylon i\u00e7 \u00e7ama\u015f\u0131rlar\u0131 ameliyat esnas\u0131nda kullan\u0131lan baz\u0131 elektrikli cihazlarla etkile\u015fime girip cilt yan\u0131klar\u0131na neden olabilmektedir.<\/li>\n<li>Hastaneye gelirken yan\u0131n\u0131zda terlik, \u015fahsi temizlik malzemesi (di\u015f f\u0131r\u00e7as\u0131, di\u015f macunu, tra\u015f tak\u0131m\u0131 vb.), yeterli derecede i\u00e7 \u00e7ama\u015f\u0131r\u0131 getirmenizde yarar vard\u0131r.<\/li>\n<\/ul>\n<p><strong><u>Hastanede ne kadar kal\u0131r\u0131m?<\/u><\/strong><\/p>\n<p>Hastane kal\u0131\u015f s\u00fcreniz, ameliyat \u00f6ncesindeki gece veya ameliyat sabah\u0131 hastaneye yat\u0131p yatmad\u0131\u011f\u0131n\u0131z, ameliyat sonras\u0131 cerrah\u0131n\u0131z\u0131n hastas\u0131n\u0131 ne kadar s\u00fcrece hastanede tutmay\u0131 prensip edindi\u011fi, ameliyat sonras\u0131 cerrahi probleminizin geli\u015fip geli\u015fmedi\u011fi gibi bir\u00e7ok fakt\u00f6rden etkilense de genelde 1-2 gece kadar olmaktad\u0131r.<\/p>\n<p><strong><u>Hastanede kal\u0131rken neler olacak?<\/u><\/strong><\/p>\n<p>Hastaneye ameliyattan bir gece \u00f6nce yatm\u0131\u015f iseniz hastanede, e\u011fer ameliyat sabah\u0131 yatacaksan\u0131z evinizde koruyucu ama\u00e7l\u0131 kan suland\u0131r\u0131c\u0131s\u0131 kullanmal\u0131s\u0131n\u0131z. Bu tedavi doktorunuz taraf\u0131ndan planlan\u0131p uygulanacakt\u0131r. Ameliyat sabah\u0131 ameliyathaneye inmeden \u00f6nce mutlaka tuvalete gidip ihtiyac\u0131n\u0131z\u0131 giderin. Ameliyat i\u00e7in yata\u011f\u0131n\u0131zdan al\u0131n\u0131p tekrar yata\u011f\u0131n\u0131za d\u00f6nmeniz aras\u0131ndaki s\u00fcre genelde 2-3 saat kadar bir zaman dilim olacakt\u0131r. Bu s\u00fcrenin hepsi ameliyat i\u00e7in ge\u00e7en s\u00fcre olmay\u0131p, ameliyathanede \u00f6n haz\u0131rl\u0131k d\u00f6nemi, ameliyat\u0131n\u0131z ve ameliyat sonras\u0131nda uyand\u0131rma i\u015fleminiz bu s\u00fcrecin i\u00e7indedir. \u00c7ok b\u00fcy\u00fck oranda ameliyat sonras\u0131nda kattaki yata\u011f\u0131n\u0131za al\u0131nacaks\u0131n\u0131z, genellikle ameliyat sonras\u0131 yo\u011fun bak\u0131m ihtiyac\u0131 duyulmamaktad\u0131r. Ameliyat sonras\u0131ndaki g\u00fcnlerde s\u00fcre\u00e7 ise \u015f\u00f6yle ger\u00e7ekle\u015fmektedir;<\/p>\n<ul>\n<li>Ameliyat g\u00fcn\u00fc: Yata\u011f\u0131n\u0131za d\u00f6nd\u00fckten yakla\u015f\u0131k 4-5 saat sonras\u0131 ilk y\u00fcr\u00fcy\u00fc\u015f i\u00e7in sizi kald\u0131r\u0131p oda i\u00e7inde k\u00fc\u00e7\u00fck bir y\u00fcr\u00fcy\u00fc\u015f yap\u0131yorsunuz. Ameliyat g\u00fcn\u00fc t\u00fcm tedavileriniz damar yolu ile yap\u0131l\u0131yor ve g\u0131da al\u0131m\u0131n\u0131za m\u00fcsaade edilmemektedir.<\/li>\n<li>Ameliyattan sonraki 1.g\u00fcn: Bug\u00fcn a\u011f\u0131z yoluyla beslenmeye ba\u015fland\u0131\u011f\u0131 g\u00fcnd\u00fcr. Size sabah \u00e7ay, krem peynir ve bisk\u00fcvi tarz\u0131nda bir kahvalt\u0131 verilir ve g\u00fcne ba\u015flars\u0131n\u0131z. G\u00fcn i\u00e7inde diledi\u011finiz kadar s\u0131v\u0131 t\u00fcketmenize m\u00fcsaade edilir ve \u00f6\u011f\u00fcnlerde ise tanesiz \u00e7orba i\u00e7meniz sa\u011flan\u0131r. Bu ameliyatlarda genellikle ameliyat alan\u0131na dren konulmaz. Hastalar genellikle ameliyat g\u00fcn\u00fcn\u00fc takip eden ertesi g\u00fcn\u00fcn ak\u015fam\u0131na do\u011fru taburcu olabilmektedirler. Bu s\u00fcre bazen ameliyat g\u00fcn\u00fcn\u00fcn \u00fcst\u00fcne ge\u00e7en 2.g\u00fcne kadar uzayabilmektedir.<\/li>\n<\/ul>\n<p><strong><u>Normal ya\u015fam\u0131ma ne zaman ba\u015flayabilirim?<\/u><\/strong><\/p>\n<p>Normal hayata d\u00f6n\u00fc\u015f s\u00fcreniz yapt\u0131\u011f\u0131n\u0131z i\u015f ile olduk\u00e7a ba\u011flant\u0131l\u0131d\u0131r. E\u011fer masa ba\u015f\u0131 bir i\u015f yap\u0131yor iseniz hastaneden taburcu olduktan sonraki 2. ya da 3.g\u00fcnde i\u015finizi yapabilir durumda olursunuz. Ama standart dinlenme s\u00fcresi bu i\u015f grubu i\u00e7in 7-10 g\u00fcn kadard\u0131r. E\u011fer bedenen \u00e7al\u0131\u015fman\u0131z gereken bir i\u015fte \u00e7al\u0131\u015f\u0131yorsan\u0131z 15-20 g\u00fcnl\u00fck bir s\u00fcre dinlenip sonras\u0131nda i\u015finizin ba\u015f\u0131nda olabilirsiniz.<\/p>\n","protected":false},"excerpt":{"rendered":"<p>Genel Bilgiler? Mide f\u0131t\u0131\u011f\u0131 yemek borusu ile midenin birle\u015fti\u011fi alan alt\u0131nda bulunan midenin en geni\u015f yeri fundus k\u0131sm\u0131n\u0131n, normal yeri olan kar\u0131n i\u00e7inden, yemek borusunun g\u00f6\u011f\u00fcs kafesinden bug\u00fcn kar\u0131n bo\u015flu\u011funa ge\u00e7i\u015f yapt\u0131\u011f\u0131 diyafram zar\u0131 \u00fczerindeki a\u00e7\u0131kl\u0131\u011f\u0131ndan, g\u00f6\u011f\u00fcs kafesine do\u011fru yer de\u011fi\u015ftirmesidir. Mide f\u0131t\u0131\u011f\u0131n\u0131n klasik bulgular\u0131; A\u011f\u0131za ek\u015fi su gelmesi, G\u00f6\u011f\u00fcs kafesinde iman tahtas\u0131 alt\u0131nda yanma, [&hellip;]<\/p>\n","protected":false},"author":1,"featured_media":0,"parent":0,"menu_order":0,"comment_status":"closed","ping_status":"closed","template":"","meta":{"footnotes":""},"class_list":["post-8777","page","type-page","status-publish","hentry"],"yoast_head":"<!-- This site is optimized with the Yoast SEO plugin v19.4 - https:\/\/yoast.com\/wordpress\/plugins\/seo\/ -->\n<title>Mide F\u0131t\u0131\u011f\u0131 ve Refl\u00fc Cerrahisi - Ayfa Clinic<\/title>\n<meta name=\"robots\" content=\"index, follow, max-snippet:-1, max-image-preview:large, max-video-preview:-1\" \/>\n<link rel=\"canonical\" href=\"https:\/\/www.ayfaclinic.com\/tr\/mide-fitigi-ve-reflu-cerrahisi\/\" \/>\n<meta property=\"og:locale\" content=\"tr_TR\" \/>\n<meta property=\"og:type\" content=\"article\" \/>\n<meta property=\"og:title\" content=\"Mide F\u0131t\u0131\u011f\u0131 ve Refl\u00fc Cerrahisi - Ayfa Clinic\" \/>\n<meta property=\"og:description\" content=\"Genel Bilgiler? Mide f\u0131t\u0131\u011f\u0131 yemek borusu ile midenin birle\u015fti\u011fi alan alt\u0131nda bulunan midenin en geni\u015f yeri fundus k\u0131sm\u0131n\u0131n, normal yeri olan kar\u0131n i\u00e7inden, yemek borusunun g\u00f6\u011f\u00fcs kafesinden bug\u00fcn kar\u0131n bo\u015flu\u011funa ge\u00e7i\u015f yapt\u0131\u011f\u0131 diyafram zar\u0131 \u00fczerindeki a\u00e7\u0131kl\u0131\u011f\u0131ndan, g\u00f6\u011f\u00fcs kafesine do\u011fru yer de\u011fi\u015ftirmesidir. Mide f\u0131t\u0131\u011f\u0131n\u0131n klasik bulgular\u0131; A\u011f\u0131za ek\u015fi su gelmesi, G\u00f6\u011f\u00fcs kafesinde iman tahtas\u0131 alt\u0131nda yanma, [&hellip;]\" \/>\n<meta property=\"og:url\" content=\"https:\/\/www.ayfaclinic.com\/tr\/mide-fitigi-ve-reflu-cerrahisi\/\" \/>\n<meta property=\"og:site_name\" content=\"Ayfa Clinic T&uuml;rkiye\" \/>\n<meta name=\"twitter:card\" content=\"summary_large_image\" \/>\n<meta name=\"twitter:label1\" content=\"Tahmini okuma s\u00fcresi\" \/>\n\t<meta name=\"twitter:data1\" content=\"6 dakika\" \/>\n<script type=\"application\/ld+json\" class=\"yoast-schema-graph\">{\"@context\":\"https:\/\/schema.org\",\"@graph\":[{\"@type\":\"WebSite\",\"@id\":\"https:\/\/www.ayfaclinic.com\/tr\/#website\",\"url\":\"https:\/\/www.ayfaclinic.com\/tr\/\",\"name\":\"Ayfa Clinic T&uuml;rkiye\",\"description\":\"Ayfa Clinic - Health Starts Here\",\"potentialAction\":[{\"@type\":\"SearchAction\",\"target\":{\"@type\":\"EntryPoint\",\"urlTemplate\":\"https:\/\/www.ayfaclinic.com\/tr\/?s={search_term_string}\"},\"query-input\":\"required name=search_term_string\"}],\"inLanguage\":\"tr\"},{\"@type\":\"WebPage\",\"@id\":\"https:\/\/www.ayfaclinic.com\/tr\/mide-fitigi-ve-reflu-cerrahisi\/\",\"url\":\"https:\/\/www.ayfaclinic.com\/tr\/mide-fitigi-ve-reflu-cerrahisi\/\",\"name\":\"Mide F\u0131t\u0131\u011f\u0131 ve Refl\u00fc Cerrahisi - Ayfa Clinic\",\"isPartOf\":{\"@id\":\"https:\/\/www.ayfaclinic.com\/tr\/#website\"},\"datePublished\":\"2022-08-19T10:52:25+00:00\",\"dateModified\":\"2022-08-19T10:52:25+00:00\",\"breadcrumb\":{\"@id\":\"https:\/\/www.ayfaclinic.com\/tr\/mide-fitigi-ve-reflu-cerrahisi\/#breadcrumb\"},\"inLanguage\":\"tr\",\"potentialAction\":[{\"@type\":\"ReadAction\",\"target\":[\"https:\/\/www.ayfaclinic.com\/tr\/mide-fitigi-ve-reflu-cerrahisi\/\"]}]},{\"@type\":\"BreadcrumbList\",\"@id\":\"https:\/\/www.ayfaclinic.com\/tr\/mide-fitigi-ve-reflu-cerrahisi\/#breadcrumb\",\"itemListElement\":[{\"@type\":\"ListItem\",\"position\":1,\"name\":\"Anasayfa\",\"item\":\"https:\/\/www.ayfaclinic.com\/tr\/\"},{\"@type\":\"ListItem\",\"position\":2,\"name\":\"Mide F\u0131t\u0131\u011f\u0131 ve Refl\u00fc Cerrahisi\"}]}]}<\/script>\n<!-- \/ Yoast SEO plugin. -->","yoast_head_json":{"title":"Mide F\u0131t\u0131\u011f\u0131 ve Refl\u00fc Cerrahisi - Ayfa Clinic","robots":{"index":"index","follow":"follow","max-snippet":"max-snippet:-1","max-image-preview":"max-image-preview:large","max-video-preview":"max-video-preview:-1"},"canonical":"https:\/\/www.ayfaclinic.com\/tr\/mide-fitigi-ve-reflu-cerrahisi\/","og_locale":"tr_TR","og_type":"article","og_title":"Mide F\u0131t\u0131\u011f\u0131 ve Refl\u00fc Cerrahisi - Ayfa Clinic","og_description":"Genel Bilgiler? Mide f\u0131t\u0131\u011f\u0131 yemek borusu ile midenin birle\u015fti\u011fi alan alt\u0131nda bulunan midenin en geni\u015f yeri fundus k\u0131sm\u0131n\u0131n, normal yeri olan kar\u0131n i\u00e7inden, yemek borusunun g\u00f6\u011f\u00fcs kafesinden bug\u00fcn kar\u0131n bo\u015flu\u011funa ge\u00e7i\u015f yapt\u0131\u011f\u0131 diyafram zar\u0131 \u00fczerindeki a\u00e7\u0131kl\u0131\u011f\u0131ndan, g\u00f6\u011f\u00fcs kafesine do\u011fru yer de\u011fi\u015ftirmesidir. Mide f\u0131t\u0131\u011f\u0131n\u0131n klasik bulgular\u0131; A\u011f\u0131za ek\u015fi su gelmesi, G\u00f6\u011f\u00fcs kafesinde iman tahtas\u0131 alt\u0131nda yanma, [&hellip;]","og_url":"https:\/\/www.ayfaclinic.com\/tr\/mide-fitigi-ve-reflu-cerrahisi\/","og_site_name":"Ayfa Clinic T&uuml;rkiye","twitter_card":"summary_large_image","twitter_misc":{"Tahmini okuma s\u00fcresi":"6 dakika"},"schema":{"@context":"https:\/\/schema.org","@graph":[{"@type":"WebSite","@id":"https:\/\/www.ayfaclinic.com\/tr\/#website","url":"https:\/\/www.ayfaclinic.com\/tr\/","name":"Ayfa Clinic T&uuml;rkiye","description":"Ayfa Clinic - Health Starts Here","potentialAction":[{"@type":"SearchAction","target":{"@type":"EntryPoint","urlTemplate":"https:\/\/www.ayfaclinic.com\/tr\/?s={search_term_string}"},"query-input":"required name=search_term_string"}],"inLanguage":"tr"},{"@type":"WebPage","@id":"https:\/\/www.ayfaclinic.com\/tr\/mide-fitigi-ve-reflu-cerrahisi\/","url":"https:\/\/www.ayfaclinic.com\/tr\/mide-fitigi-ve-reflu-cerrahisi\/","name":"Mide F\u0131t\u0131\u011f\u0131 ve Refl\u00fc Cerrahisi - Ayfa Clinic","isPartOf":{"@id":"https:\/\/www.ayfaclinic.com\/tr\/#website"},"datePublished":"2022-08-19T10:52:25+00:00","dateModified":"2022-08-19T10:52:25+00:00","breadcrumb":{"@id":"https:\/\/www.ayfaclinic.com\/tr\/mide-fitigi-ve-reflu-cerrahisi\/#breadcrumb"},"inLanguage":"tr","potentialAction":[{"@type":"ReadAction","target":["https:\/\/www.ayfaclinic.com\/tr\/mide-fitigi-ve-reflu-cerrahisi\/"]}]},{"@type":"BreadcrumbList","@id":"https:\/\/www.ayfaclinic.com\/tr\/mide-fitigi-ve-reflu-cerrahisi\/#breadcrumb","itemListElement":[{"@type":"ListItem","position":1,"name":"Anasayfa","item":"https:\/\/www.ayfaclinic.com\/tr\/"},{"@type":"ListItem","position":2,"name":"Mide F\u0131t\u0131\u011f\u0131 ve Refl\u00fc Cerrahisi"}]}]}},"_links":{"self":[{"href":"https:\/\/www.ayfaclinic.com\/tr\/wp-json\/wp\/v2\/pages\/8777","targetHints":{"allow":["GET"]}}],"collection":[{"href":"https:\/\/www.ayfaclinic.com\/tr\/wp-json\/wp\/v2\/pages"}],"about":[{"href":"https:\/\/www.ayfaclinic.com\/tr\/wp-json\/wp\/v2\/types\/page"}],"author":[{"embeddable":true,"href":"https:\/\/www.ayfaclinic.com\/tr\/wp-json\/wp\/v2\/users\/1"}],"replies":[{"embeddable":true,"href":"https:\/\/www.ayfaclinic.com\/tr\/wp-json\/wp\/v2\/comments?post=8777"}],"version-history":[{"count":1,"href":"https:\/\/www.ayfaclinic.com\/tr\/wp-json\/wp\/v2\/pages\/8777\/revisions"}],"predecessor-version":[{"id":8778,"href":"https:\/\/www.ayfaclinic.com\/tr\/wp-json\/wp\/v2\/pages\/8777\/revisions\/8778"}],"wp:attachment":[{"href":"https:\/\/www.ayfaclinic.com\/tr\/wp-json\/wp\/v2\/media?parent=8777"}],"curies":[{"name":"wp","href":"https:\/\/api.w.org\/{rel}","templated":true}]}}