{"id":8766,"date":"2022-08-19T10:50:41","date_gmt":"2022-08-19T10:50:41","guid":{"rendered":"https:\/\/www.ayfaclinic.com\/tr\/?page_id=8766"},"modified":"2022-08-19T10:50:41","modified_gmt":"2022-08-19T10:50:41","slug":"urojinekoloji","status":"publish","type":"page","link":"https:\/\/www.ayfaclinic.com\/tr\/urojinekoloji\/","title":{"rendered":"\u00dcrojinekoloji"},"content":{"rendered":"<p>\u00dcrojinekoloji; pelvik organlarda sarkmalar, d\u0131\u015fk\u0131lama s\u0131ras\u0131nda ya\u015fanan zorluklar, fist\u00fcller ya da vajina ile ilgili do\u011fumsal konular\u0131 incelemektedir. \u00dcrojinekoloji bundan dolay\u0131 pelvik taban bozukluklar\u0131n\u0131n patolojik durumlar\u0131n\u0131 te\u015fhis ve tedavi eden aland\u0131r.<\/p>\n<p>\u00dcrojinekoloji kad\u0131nlarda g\u00f6r\u00fclen aktif mesane, pelvik organ sarkmas\u0131 ve idrar ka\u00e7\u0131rma \u015fikayetlerini konu edinmektedir. \u0130drar ka\u00e7\u0131rma, ya\u015f\u0131 ilerlemi\u015f hastalarda en s\u0131k g\u00f6r\u00fclen sa\u011fl\u0131k sorunudur.<\/p>\n<p>Genellikle menopoz d\u00f6neminden sonra kad\u0131nlar\u0131n y\u00fczde 50\u2019sinde idrar ka\u00e7\u0131rma sorunlar\u0131 g\u00f6r\u00fclebilmektedir. Menopoz d\u0131\u015f\u0131nda idrar ka\u00e7\u0131rmaya yol a\u00e7an di\u011fer fakt\u00f6rler:<\/p>\n<ul>\n<li>Genital organlarda sarkmalar,<\/li>\n<li>Ya\u015f\u0131n ilerlemesi,<\/li>\n<li>Zor do\u011fum \u00f6yk\u00fcleri,<\/li>\n<li>Kronik ve genetik hastal\u0131klar olmaktad\u0131r.<\/li>\n<\/ul>\n<p>T\u00fcm bu fakt\u00f6rler ya\u015fam kalitesini ve cinsel hayat kalitesini d\u00fc\u015f\u00fcrmektedir. \u0130drar ka\u00e7\u0131rma gibi tedavi olduk\u00e7a basit ancak hayat kalitesini olduk\u00e7a ciddi d\u00fc\u015f\u00fcren sa\u011fl\u0131k sorunlar\u0131 \u00fcrojinekoloji alan\u0131yla tedavi edilmektedir.<\/p>\n<p><strong>\u0130drar Ka\u00e7\u0131rma Nedir?<\/strong><\/p>\n<p>\u0130drar ka\u00e7\u0131rma istemsiz \u015fekilde mesanenin kontrol\u00fcn\u00fcn kaybedilmesini ifade etmektedir. T\u00fcm d\u00fcnyada olduk\u00e7a yayg\u0131n \u015fekilde g\u00f6r\u00fclen bir sa\u011fl\u0131k sorunudur. \u015eiddeti hastadan hastaya g\u00f6re de\u011fi\u015fmektedir.<\/p>\n<p>Bu sa\u011fl\u0131k sorununa sahip kad\u0131nlarda g\u00fclme, ko\u015fma, spor yapma, \u00f6ks\u00fcrme ya da hap\u015f\u0131rma gibi do\u011fal hallerde refleks olarak idrar ka\u00e7\u0131rma meydana gelebilmektedir.<\/p>\n<p><strong>\u0130drar Ka\u00e7\u0131rma Tipleri Nelerdir?<\/strong><\/p>\n<p><strong>Stres tipi idrar ka\u00e7\u0131rma:<\/strong> hastan\u0131n \u00f6ks\u00fcrme, hap\u015f\u0131rma ya da egzersiz gibi durumlarda do\u011fal olarak idrar ka\u00e7\u0131rmas\u0131n\u0131 ifade etmektedir. Bu tip idrar ka\u00e7\u0131rmada \u015fiddet seviyesi hafiftir.<\/p>\n<p><strong>S\u0131k\u0131\u015fma tipi idrar ka\u00e7\u0131rma: <\/strong>Bu tip idrar ka\u00e7\u0131rma tipinde mesane dolu ya da bo\u015f iken aniden tuvalete gitme iste\u011fi ortaya \u00e7\u0131kmaktad\u0131r. Ancak hasta tuvalete yeti\u015femeden, istemsiz \u015fekilde idrar ka\u00e7\u0131rma s\u00f6z konusu olmaktad\u0131r. \u00d6zellikle hasta so\u011fuk i\u00e7ecekler t\u00fcketti\u011finde, su sesi duydu\u011funda ya da uyurken s\u0131k\u0131\u015fma tipli idrar ka\u00e7\u0131rma ortaya \u00e7\u0131kabilir.<\/p>\n<p><strong>Karma idrar ka\u00e7\u0131rma: <\/strong>Bu tip idrar ka\u00e7\u0131rmada stres tipi ve s\u0131k\u0131\u015fma tipli durumlar karma olarak g\u00f6r\u00fclmektedir. Bunun d\u0131\u015f\u0131nda g\u00f6r\u00fclen idrar ka\u00e7\u0131rma tipleri:<\/p>\n<ul>\n<li>Fonksiyonel idrar ka\u00e7\u0131rma,<\/li>\n<li>Ta\u015fma idrar ka\u00e7\u0131rmas\u0131,<\/li>\n<li>Ge\u00e7ici idrar ka\u00e7\u0131rmas\u0131,<\/li>\n<li>Devaml\u0131 idrar ka\u00e7\u0131rma,<\/li>\n<li>Psikojenik idrar ka\u00e7\u0131rma,<\/li>\n<li>Cinsel ili\u015fkide idrar ka\u00e7\u0131rma.<\/li>\n<\/ul>\n<p><strong>\u0130drar Ka\u00e7\u0131rma Tedavisi Nas\u0131l Yap\u0131l\u0131r?<\/strong><\/p>\n<p>\u0130drar ka\u00e7\u0131rma sorunun tedavisi olduk\u00e7a kolayd\u0131r. Ba\u015far\u0131 oran\u0131 olduk\u00e7a y\u00fcksek olan idrar ka\u00e7\u0131rma tedavisi i\u00e7in ilk ve en \u00f6nemli ad\u0131m hastan\u0131n durumunu kabul ederek bu alanda uzmana ba\u015fvurmas\u0131d\u0131r. \u0130drar ka\u00e7\u0131rma sorunu ne kadar erken tedavi edilirse sorun o kadar erken \u00e7\u00f6z\u00fclecektir.<\/p>\n<p>Bu sayede hastan\u0131n hayat kalitesi art\u0131r\u0131lacakt\u0131r. \u0130drar ka\u00e7\u0131rma sorununda cerrahi ya da medikal tedavi y\u00f6ntemleri uygulanabilir. Cerrahi tedavi y\u00f6ntemleri kapsam\u0131nda:<\/p>\n<ul>\n<li>TVT: Vajinal yoldan uygulanan yama tedavisidir. 1 cm\u2019den daha k\u00fc\u00e7\u00fck kesilerle tedavi tamamlanmaktad\u0131r.<\/li>\n<li>TOT: vajinal bir operasyondur. Pelvisin iki taraf\u0131nda bulunan obturator ad\u0131 verilen deliklerden girilerek uygulanmaktad\u0131r.<\/li>\n<li>Miniask\u0131: \u00dcretra alt\u0131na yama yerle\u015ftirilmesi i\u015flemidir. K\u0131sa yama kullan\u0131lmaktad\u0131r.<\/li>\n<li>Prepubik ask\u0131: Vajinal bir cerrahi y\u00f6ntemidir. \u00dcretra alt\u0131ndan uygulanan minik kesilerden operasyon tamamlan\u0131r.<\/li>\n<\/ul>\n<p>Hangi operasyonun daha uygun olaca\u011f\u0131na hastan\u0131n sa\u011fl\u0131k sorununa ve idrar ka\u00e7\u0131rma tipine g\u00f6re karar verilmektedir.<\/p>\n","protected":false},"excerpt":{"rendered":"<p>\u00dcrojinekoloji; pelvik organlarda sarkmalar, d\u0131\u015fk\u0131lama s\u0131ras\u0131nda ya\u015fanan zorluklar, fist\u00fcller ya da vajina ile ilgili do\u011fumsal konular\u0131 incelemektedir. \u00dcrojinekoloji bundan dolay\u0131 pelvik taban bozukluklar\u0131n\u0131n patolojik durumlar\u0131n\u0131 te\u015fhis ve tedavi eden aland\u0131r. \u00dcrojinekoloji kad\u0131nlarda g\u00f6r\u00fclen aktif mesane, pelvik organ sarkmas\u0131 ve idrar ka\u00e7\u0131rma \u015fikayetlerini konu edinmektedir. \u0130drar ka\u00e7\u0131rma, ya\u015f\u0131 ilerlemi\u015f hastalarda en s\u0131k g\u00f6r\u00fclen sa\u011fl\u0131k sorunudur. Genellikle [&hellip;]<\/p>\n","protected":false},"author":1,"featured_media":0,"parent":0,"menu_order":0,"comment_status":"closed","ping_status":"closed","template":"","meta":{"footnotes":""},"class_list":["post-8766","page","type-page","status-publish","hentry"],"yoast_head":"<!-- This site is optimized with the Yoast SEO plugin v19.4 - https:\/\/yoast.com\/wordpress\/plugins\/seo\/ -->\n<title>\u00dcrojinekoloji - Ayfa Clinic<\/title>\n<meta name=\"robots\" content=\"index, follow, max-snippet:-1, max-image-preview:large, max-video-preview:-1\" \/>\n<link rel=\"canonical\" href=\"https:\/\/www.ayfaclinic.com\/tr\/urojinekoloji\/\" \/>\n<meta property=\"og:locale\" content=\"tr_TR\" \/>\n<meta property=\"og:type\" content=\"article\" \/>\n<meta property=\"og:title\" content=\"\u00dcrojinekoloji - Ayfa Clinic\" \/>\n<meta property=\"og:description\" content=\"\u00dcrojinekoloji; pelvik organlarda sarkmalar, d\u0131\u015fk\u0131lama s\u0131ras\u0131nda ya\u015fanan zorluklar, fist\u00fcller ya da vajina ile ilgili do\u011fumsal konular\u0131 incelemektedir. \u00dcrojinekoloji bundan dolay\u0131 pelvik taban bozukluklar\u0131n\u0131n patolojik durumlar\u0131n\u0131 te\u015fhis ve tedavi eden aland\u0131r. \u00dcrojinekoloji kad\u0131nlarda g\u00f6r\u00fclen aktif mesane, pelvik organ sarkmas\u0131 ve idrar ka\u00e7\u0131rma \u015fikayetlerini konu edinmektedir. \u0130drar ka\u00e7\u0131rma, ya\u015f\u0131 ilerlemi\u015f hastalarda en s\u0131k g\u00f6r\u00fclen sa\u011fl\u0131k sorunudur. Genellikle [&hellip;]\" \/>\n<meta property=\"og:url\" content=\"https:\/\/www.ayfaclinic.com\/tr\/urojinekoloji\/\" \/>\n<meta property=\"og:site_name\" content=\"Ayfa Clinic T&uuml;rkiye\" \/>\n<meta name=\"twitter:card\" content=\"summary_large_image\" \/>\n<meta name=\"twitter:label1\" content=\"Tahmini okuma s\u00fcresi\" \/>\n\t<meta name=\"twitter:data1\" content=\"3 dakika\" \/>\n<script type=\"application\/ld+json\" class=\"yoast-schema-graph\">{\"@context\":\"https:\/\/schema.org\",\"@graph\":[{\"@type\":\"WebSite\",\"@id\":\"https:\/\/www.ayfaclinic.com\/tr\/#website\",\"url\":\"https:\/\/www.ayfaclinic.com\/tr\/\",\"name\":\"Ayfa Clinic T&uuml;rkiye\",\"description\":\"Ayfa Clinic - Health Starts Here\",\"potentialAction\":[{\"@type\":\"SearchAction\",\"target\":{\"@type\":\"EntryPoint\",\"urlTemplate\":\"https:\/\/www.ayfaclinic.com\/tr\/?s={search_term_string}\"},\"query-input\":\"required name=search_term_string\"}],\"inLanguage\":\"tr\"},{\"@type\":\"WebPage\",\"@id\":\"https:\/\/www.ayfaclinic.com\/tr\/urojinekoloji\/\",\"url\":\"https:\/\/www.ayfaclinic.com\/tr\/urojinekoloji\/\",\"name\":\"\u00dcrojinekoloji - Ayfa Clinic\",\"isPartOf\":{\"@id\":\"https:\/\/www.ayfaclinic.com\/tr\/#website\"},\"datePublished\":\"2022-08-19T10:50:41+00:00\",\"dateModified\":\"2022-08-19T10:50:41+00:00\",\"breadcrumb\":{\"@id\":\"https:\/\/www.ayfaclinic.com\/tr\/urojinekoloji\/#breadcrumb\"},\"inLanguage\":\"tr\",\"potentialAction\":[{\"@type\":\"ReadAction\",\"target\":[\"https:\/\/www.ayfaclinic.com\/tr\/urojinekoloji\/\"]}]},{\"@type\":\"BreadcrumbList\",\"@id\":\"https:\/\/www.ayfaclinic.com\/tr\/urojinekoloji\/#breadcrumb\",\"itemListElement\":[{\"@type\":\"ListItem\",\"position\":1,\"name\":\"Anasayfa\",\"item\":\"https:\/\/www.ayfaclinic.com\/tr\/\"},{\"@type\":\"ListItem\",\"position\":2,\"name\":\"\u00dcrojinekoloji\"}]}]}<\/script>\n<!-- \/ Yoast SEO plugin. -->","yoast_head_json":{"title":"\u00dcrojinekoloji - Ayfa Clinic","robots":{"index":"index","follow":"follow","max-snippet":"max-snippet:-1","max-image-preview":"max-image-preview:large","max-video-preview":"max-video-preview:-1"},"canonical":"https:\/\/www.ayfaclinic.com\/tr\/urojinekoloji\/","og_locale":"tr_TR","og_type":"article","og_title":"\u00dcrojinekoloji - Ayfa Clinic","og_description":"\u00dcrojinekoloji; pelvik organlarda sarkmalar, d\u0131\u015fk\u0131lama s\u0131ras\u0131nda ya\u015fanan zorluklar, fist\u00fcller ya da vajina ile ilgili do\u011fumsal konular\u0131 incelemektedir. \u00dcrojinekoloji bundan dolay\u0131 pelvik taban bozukluklar\u0131n\u0131n patolojik durumlar\u0131n\u0131 te\u015fhis ve tedavi eden aland\u0131r. \u00dcrojinekoloji kad\u0131nlarda g\u00f6r\u00fclen aktif mesane, pelvik organ sarkmas\u0131 ve idrar ka\u00e7\u0131rma \u015fikayetlerini konu edinmektedir. \u0130drar ka\u00e7\u0131rma, ya\u015f\u0131 ilerlemi\u015f hastalarda en s\u0131k g\u00f6r\u00fclen sa\u011fl\u0131k sorunudur. Genellikle [&hellip;]","og_url":"https:\/\/www.ayfaclinic.com\/tr\/urojinekoloji\/","og_site_name":"Ayfa Clinic T&uuml;rkiye","twitter_card":"summary_large_image","twitter_misc":{"Tahmini okuma s\u00fcresi":"3 dakika"},"schema":{"@context":"https:\/\/schema.org","@graph":[{"@type":"WebSite","@id":"https:\/\/www.ayfaclinic.com\/tr\/#website","url":"https:\/\/www.ayfaclinic.com\/tr\/","name":"Ayfa Clinic T&uuml;rkiye","description":"Ayfa Clinic - Health Starts Here","potentialAction":[{"@type":"SearchAction","target":{"@type":"EntryPoint","urlTemplate":"https:\/\/www.ayfaclinic.com\/tr\/?s={search_term_string}"},"query-input":"required name=search_term_string"}],"inLanguage":"tr"},{"@type":"WebPage","@id":"https:\/\/www.ayfaclinic.com\/tr\/urojinekoloji\/","url":"https:\/\/www.ayfaclinic.com\/tr\/urojinekoloji\/","name":"\u00dcrojinekoloji - Ayfa Clinic","isPartOf":{"@id":"https:\/\/www.ayfaclinic.com\/tr\/#website"},"datePublished":"2022-08-19T10:50:41+00:00","dateModified":"2022-08-19T10:50:41+00:00","breadcrumb":{"@id":"https:\/\/www.ayfaclinic.com\/tr\/urojinekoloji\/#breadcrumb"},"inLanguage":"tr","potentialAction":[{"@type":"ReadAction","target":["https:\/\/www.ayfaclinic.com\/tr\/urojinekoloji\/"]}]},{"@type":"BreadcrumbList","@id":"https:\/\/www.ayfaclinic.com\/tr\/urojinekoloji\/#breadcrumb","itemListElement":[{"@type":"ListItem","position":1,"name":"Anasayfa","item":"https:\/\/www.ayfaclinic.com\/tr\/"},{"@type":"ListItem","position":2,"name":"\u00dcrojinekoloji"}]}]}},"_links":{"self":[{"href":"https:\/\/www.ayfaclinic.com\/tr\/wp-json\/wp\/v2\/pages\/8766","targetHints":{"allow":["GET"]}}],"collection":[{"href":"https:\/\/www.ayfaclinic.com\/tr\/wp-json\/wp\/v2\/pages"}],"about":[{"href":"https:\/\/www.ayfaclinic.com\/tr\/wp-json\/wp\/v2\/types\/page"}],"author":[{"embeddable":true,"href":"https:\/\/www.ayfaclinic.com\/tr\/wp-json\/wp\/v2\/users\/1"}],"replies":[{"embeddable":true,"href":"https:\/\/www.ayfaclinic.com\/tr\/wp-json\/wp\/v2\/comments?post=8766"}],"version-history":[{"count":1,"href":"https:\/\/www.ayfaclinic.com\/tr\/wp-json\/wp\/v2\/pages\/8766\/revisions"}],"predecessor-version":[{"id":8767,"href":"https:\/\/www.ayfaclinic.com\/tr\/wp-json\/wp\/v2\/pages\/8766\/revisions\/8767"}],"wp:attachment":[{"href":"https:\/\/www.ayfaclinic.com\/tr\/wp-json\/wp\/v2\/media?parent=8766"}],"curies":[{"name":"wp","href":"https:\/\/api.w.org\/{rel}","templated":true}]}}