{"id":8762,"date":"2022-08-19T10:50:04","date_gmt":"2022-08-19T10:50:04","guid":{"rendered":"https:\/\/www.ayfaclinic.com\/tr\/?page_id=8762"},"modified":"2022-08-19T10:50:04","modified_gmt":"2022-08-19T10:50:04","slug":"kadin-dogum-kanserleri","status":"publish","type":"page","link":"https:\/\/www.ayfaclinic.com\/tr\/kadin-dogum-kanserleri\/","title":{"rendered":"Kad\u0131n Do\u011fum Kanserleri"},"content":{"rendered":"<p>Kad\u0131n do\u011fum kanserleri, d\u00fcnyada en s\u0131k g\u00f6r\u00fclen sa\u011fl\u0131k sorunlar\u0131 aras\u0131ndad\u0131r. Kad\u0131nlarda en yayg\u0131n g\u00f6r\u00fclen kanser \u00e7e\u015fidi meme kanseri olmakla beraber ard\u0131ndan genital organ kanserleridir. Kad\u0131n do\u011fum kanserleri ise \u015funlard\u0131r:<\/p>\n<ul>\n<li>Rahim kanseri (uterus)<\/li>\n<li>Rahim a\u011fz\u0131 kanseri (serviks)<\/li>\n<li>Yumurtal\u0131k kanseri (over)<\/li>\n<li>T\u00fcp kanseri (tuba uterina)<\/li>\n<li>Vulva kanseri<\/li>\n<li>D\u00f6l yolu kanseri (vaginal kanser)<\/li>\n<\/ul>\n<p>Kanser \u00f6zellikle sigara, hava kirlili\u011fi, stres, haz\u0131r g\u0131dalarla beslenme gibi k\u00f6t\u00fc ya\u015fam \u015fartlar\u0131 ile riski artan bir sa\u011fl\u0131k sorunudur. Maruz kal\u0131nan bir\u00e7ok kimyasal \u00fcr\u00fcn insan organizmas\u0131ndaki kanser ve t\u00fcm\u00f6r olu\u015fumunun ortaya \u00e7\u0131kmas\u0131na yol a\u00e7maktad\u0131r.<\/p>\n<p><strong>Vulva Kanseri Nedir?<\/strong><\/p>\n<p>Vulva kanseri 65 ya\u015f\u0131ndan sonra g\u00f6r\u00fclen bir kad\u0131n do\u011fum kanser t\u00fcr\u00fcd\u00fcr. Hastalarda yayg\u0131n olarak genital b\u00f6lgede ka\u015f\u0131nt\u0131, \u015fi\u015flik ya da kitle g\u00f6r\u00fclmektedir.<\/p>\n<p>Hastan\u0131n genital b\u00f6lgesinde kabar\u0131kl\u0131k, yara benzeri olu\u015fumlar, si\u011filler ortaya \u00e7\u0131kabilir. Te\u015fhis yap\u0131lmas\u0131 i\u00e7in par\u00e7a al\u0131nmas\u0131 gerekmektedir. Erken d\u00f6nemde te\u015fhis edilmesi ile tedavi \u015fans\u0131 olduk\u00e7a y\u00fcksektir.<\/p>\n<p><strong>Vagina Kanseri Nedir?<\/strong><\/p>\n<p>Vagina kanserleri, do\u011fum kanal\u0131 kanserleridir. Olduk\u00e7a nadir g\u00f6r\u00fclmektedir. Genel olarak menopoz d\u00f6neminden sonra g\u00f6r\u00fclmektedir. A\u011fr\u0131s\u0131z kanamalar ve sebebi bilinmeyen ak\u0131nt\u0131lar en yayg\u0131n g\u00f6r\u00fclen belirtileridir.<\/p>\n<p><strong>Serviks Kanseri Nedir?<\/strong><\/p>\n<p>Serviks kanseri, jinekolojik kanserler aras\u0131nda en yayg\u0131n g\u00f6r\u00fclen kanserlerdir. Te\u015fhisi rutin muayenelerde tespit edilebildi\u011fi i\u00e7in tedavi \u015fans\u0131 olduk\u00e7a y\u00fcksek kanserlerdir. Smear taramalar\u0131, a\u015f\u0131lama ya da rutin muayeneler kapsam\u0131nda te\u015fhisi kolayca yap\u0131labilmektedir. Her ya\u015f kad\u0131nda ortaya \u00e7\u0131kabilir.<\/p>\n<p><strong>Rahim \u0130\u00e7i Kanseri Nedir?<\/strong><\/p>\n<p>Rahim i\u00e7i kanseri endometrium kanseridir. En yayg\u0131n g\u00f6r\u00fclen jinekolojik kanser \u00e7e\u015fididir. Menopoz sonras\u0131 d\u00f6nemde yayg\u0131n olarak g\u00f6r\u00fclmektedir. Do\u011fum yapmamak, obezite, ge\u00e7 menopoz gibi fakt\u00f6rler kanser i\u00e7in risk fakt\u00f6rlerini olu\u015fturmaktad\u0131r.<\/p>\n<p>\u015eeker hastal\u0131\u011f\u0131, y\u00fcksek tansiyon, polikistik over sendromu gibi hastal\u0131klar da rahim i\u00e7i kanseri i\u00e7in risk unsurlar\u0131n\u0131 artt\u0131rmaktad\u0131r. Rahim i\u00e7i kanseri hakk\u0131nda bilinmesi gerekenler:<\/p>\n<ul>\n<li>Rahim a\u011fz\u0131 kanseri i\u00e7in tarama y\u00f6ntemi bulunmad\u0131\u011f\u0131 i\u00e7in riskli bir sorundur.<\/li>\n<li>Hastalar\u0131n yakla\u015f\u0131k olarak y\u00fczde 90\u2019\u0131 menopozdan sonra anormal vajinal kanama belirtisi ya\u015famaktad\u0131r.<\/li>\n<li>Hastan\u0131n rahim a\u011fz\u0131 kanseri olup olmad\u0131\u011f\u0131n\u0131n tespit edilmesi i\u00e7in biyopsi al\u0131nmas\u0131 gerekmektedir.<\/li>\n<\/ul>\n<p><strong>Yumurtal\u0131k T\u00fcm\u00f6rleri Nedir?<\/strong><\/p>\n<p>Yumurtal\u0131k kistleri genital kanser t\u00fcrleri aras\u0131nda olduk\u00e7a risklidir. \u0130yi huylu ve k\u00f6t\u00fc huylu olarak ikiye ayr\u0131lmaktad\u0131r. Yumurtal\u0131klarda basit kistler yayg\u0131n \u015fekilde g\u00f6r\u00fclmektedir. Yumurtal\u0131k t\u00fcm\u00f6rleri genel olarak do\u011furganl\u0131k ya\u015flar\u0131nda g\u00f6r\u00fclmektedir.<\/p>\n<p>Bu t\u00fcm\u00f6rlerin y\u00fczde 85\u2019i iyi huyludur. Ancak menopoz d\u00f6neminden sonra g\u00f6r\u00fclen yumurtal\u0131k kistlerinin y\u00fczde 30\u2019u k\u00f6t\u00fc huyludur.<\/p>\n<p><strong>Kad\u0131n Do\u011fum Kanserleri Nas\u0131l Tedavi Edilir?<\/strong><\/p>\n<p>Kad\u0131n do\u011fum kanserlerinin tedavisi i\u00e7in hastal\u0131\u011f\u0131n te\u015fhisinin do\u011fru \u015fekilde yap\u0131lmas\u0131 \u00f6nemlidir. Hastal\u0131\u011f\u0131n erken d\u00f6nemde te\u015fhis edilmesi tedavi \u015fans\u0131n\u0131 art\u0131ran en \u00f6nemli unsurdur. Bundan dolay\u0131 her ya\u015ftan kad\u0131n\u0131n alt\u0131 ayda bir rutin jinokoloji muayenelerini olmas\u0131 gerekmektedir.<\/p>\n<p>Kad\u0131n do\u011fum kanserlerinin tedavisi i\u00e7in medikal, cerrahi, kemoterapi ya da radyoterapi teknikleri kullan\u0131labilir. Hastal\u0131\u011f\u0131n tedavi edilebilmesi i\u00e7in en do\u011fru tekniklerle tedavinin uygulanmas\u0131 gerekmektedir.<\/p>\n","protected":false},"excerpt":{"rendered":"<p>Kad\u0131n do\u011fum kanserleri, d\u00fcnyada en s\u0131k g\u00f6r\u00fclen sa\u011fl\u0131k sorunlar\u0131 aras\u0131ndad\u0131r. Kad\u0131nlarda en yayg\u0131n g\u00f6r\u00fclen kanser \u00e7e\u015fidi meme kanseri olmakla beraber ard\u0131ndan genital organ kanserleridir. Kad\u0131n do\u011fum kanserleri ise \u015funlard\u0131r: Rahim kanseri (uterus) Rahim a\u011fz\u0131 kanseri (serviks) Yumurtal\u0131k kanseri (over) T\u00fcp kanseri (tuba uterina) Vulva kanseri D\u00f6l yolu kanseri (vaginal kanser) Kanser \u00f6zellikle sigara, hava kirlili\u011fi, [&hellip;]<\/p>\n","protected":false},"author":1,"featured_media":0,"parent":0,"menu_order":0,"comment_status":"closed","ping_status":"closed","template":"","meta":{"footnotes":""},"class_list":["post-8762","page","type-page","status-publish","hentry"],"yoast_head":"<!-- This site is optimized with the Yoast SEO plugin v19.4 - https:\/\/yoast.com\/wordpress\/plugins\/seo\/ -->\n<title>Kad\u0131n Do\u011fum Kanserleri - Ayfa Clinic<\/title>\n<meta name=\"robots\" content=\"index, follow, max-snippet:-1, max-image-preview:large, max-video-preview:-1\" \/>\n<link rel=\"canonical\" href=\"https:\/\/www.ayfaclinic.com\/tr\/kadin-dogum-kanserleri\/\" \/>\n<meta property=\"og:locale\" content=\"tr_TR\" \/>\n<meta property=\"og:type\" content=\"article\" \/>\n<meta property=\"og:title\" content=\"Kad\u0131n Do\u011fum Kanserleri - Ayfa Clinic\" \/>\n<meta property=\"og:description\" content=\"Kad\u0131n do\u011fum kanserleri, d\u00fcnyada en s\u0131k g\u00f6r\u00fclen sa\u011fl\u0131k sorunlar\u0131 aras\u0131ndad\u0131r. Kad\u0131nlarda en yayg\u0131n g\u00f6r\u00fclen kanser \u00e7e\u015fidi meme kanseri olmakla beraber ard\u0131ndan genital organ kanserleridir. Kad\u0131n do\u011fum kanserleri ise \u015funlard\u0131r: Rahim kanseri (uterus) Rahim a\u011fz\u0131 kanseri (serviks) Yumurtal\u0131k kanseri (over) T\u00fcp kanseri (tuba uterina) Vulva kanseri D\u00f6l yolu kanseri (vaginal kanser) Kanser \u00f6zellikle sigara, hava kirlili\u011fi, [&hellip;]\" \/>\n<meta property=\"og:url\" content=\"https:\/\/www.ayfaclinic.com\/tr\/kadin-dogum-kanserleri\/\" \/>\n<meta property=\"og:site_name\" content=\"Ayfa Clinic T&uuml;rkiye\" \/>\n<meta name=\"twitter:card\" content=\"summary_large_image\" \/>\n<meta name=\"twitter:label1\" content=\"Tahmini okuma s\u00fcresi\" \/>\n\t<meta name=\"twitter:data1\" content=\"3 dakika\" \/>\n<script type=\"application\/ld+json\" class=\"yoast-schema-graph\">{\"@context\":\"https:\/\/schema.org\",\"@graph\":[{\"@type\":\"WebSite\",\"@id\":\"https:\/\/www.ayfaclinic.com\/tr\/#website\",\"url\":\"https:\/\/www.ayfaclinic.com\/tr\/\",\"name\":\"Ayfa Clinic T&uuml;rkiye\",\"description\":\"Ayfa Clinic - Health Starts Here\",\"potentialAction\":[{\"@type\":\"SearchAction\",\"target\":{\"@type\":\"EntryPoint\",\"urlTemplate\":\"https:\/\/www.ayfaclinic.com\/tr\/?s={search_term_string}\"},\"query-input\":\"required name=search_term_string\"}],\"inLanguage\":\"tr\"},{\"@type\":\"WebPage\",\"@id\":\"https:\/\/www.ayfaclinic.com\/tr\/kadin-dogum-kanserleri\/\",\"url\":\"https:\/\/www.ayfaclinic.com\/tr\/kadin-dogum-kanserleri\/\",\"name\":\"Kad\u0131n Do\u011fum Kanserleri - Ayfa Clinic\",\"isPartOf\":{\"@id\":\"https:\/\/www.ayfaclinic.com\/tr\/#website\"},\"datePublished\":\"2022-08-19T10:50:04+00:00\",\"dateModified\":\"2022-08-19T10:50:04+00:00\",\"breadcrumb\":{\"@id\":\"https:\/\/www.ayfaclinic.com\/tr\/kadin-dogum-kanserleri\/#breadcrumb\"},\"inLanguage\":\"tr\",\"potentialAction\":[{\"@type\":\"ReadAction\",\"target\":[\"https:\/\/www.ayfaclinic.com\/tr\/kadin-dogum-kanserleri\/\"]}]},{\"@type\":\"BreadcrumbList\",\"@id\":\"https:\/\/www.ayfaclinic.com\/tr\/kadin-dogum-kanserleri\/#breadcrumb\",\"itemListElement\":[{\"@type\":\"ListItem\",\"position\":1,\"name\":\"Anasayfa\",\"item\":\"https:\/\/www.ayfaclinic.com\/tr\/\"},{\"@type\":\"ListItem\",\"position\":2,\"name\":\"Kad\u0131n Do\u011fum Kanserleri\"}]}]}<\/script>\n<!-- \/ Yoast SEO plugin. -->","yoast_head_json":{"title":"Kad\u0131n Do\u011fum Kanserleri - Ayfa Clinic","robots":{"index":"index","follow":"follow","max-snippet":"max-snippet:-1","max-image-preview":"max-image-preview:large","max-video-preview":"max-video-preview:-1"},"canonical":"https:\/\/www.ayfaclinic.com\/tr\/kadin-dogum-kanserleri\/","og_locale":"tr_TR","og_type":"article","og_title":"Kad\u0131n Do\u011fum Kanserleri - Ayfa Clinic","og_description":"Kad\u0131n do\u011fum kanserleri, d\u00fcnyada en s\u0131k g\u00f6r\u00fclen sa\u011fl\u0131k sorunlar\u0131 aras\u0131ndad\u0131r. Kad\u0131nlarda en yayg\u0131n g\u00f6r\u00fclen kanser \u00e7e\u015fidi meme kanseri olmakla beraber ard\u0131ndan genital organ kanserleridir. Kad\u0131n do\u011fum kanserleri ise \u015funlard\u0131r: Rahim kanseri (uterus) Rahim a\u011fz\u0131 kanseri (serviks) Yumurtal\u0131k kanseri (over) T\u00fcp kanseri (tuba uterina) Vulva kanseri D\u00f6l yolu kanseri (vaginal kanser) Kanser \u00f6zellikle sigara, hava kirlili\u011fi, [&hellip;]","og_url":"https:\/\/www.ayfaclinic.com\/tr\/kadin-dogum-kanserleri\/","og_site_name":"Ayfa Clinic T&uuml;rkiye","twitter_card":"summary_large_image","twitter_misc":{"Tahmini okuma s\u00fcresi":"3 dakika"},"schema":{"@context":"https:\/\/schema.org","@graph":[{"@type":"WebSite","@id":"https:\/\/www.ayfaclinic.com\/tr\/#website","url":"https:\/\/www.ayfaclinic.com\/tr\/","name":"Ayfa Clinic T&uuml;rkiye","description":"Ayfa Clinic - Health Starts Here","potentialAction":[{"@type":"SearchAction","target":{"@type":"EntryPoint","urlTemplate":"https:\/\/www.ayfaclinic.com\/tr\/?s={search_term_string}"},"query-input":"required name=search_term_string"}],"inLanguage":"tr"},{"@type":"WebPage","@id":"https:\/\/www.ayfaclinic.com\/tr\/kadin-dogum-kanserleri\/","url":"https:\/\/www.ayfaclinic.com\/tr\/kadin-dogum-kanserleri\/","name":"Kad\u0131n Do\u011fum Kanserleri - Ayfa Clinic","isPartOf":{"@id":"https:\/\/www.ayfaclinic.com\/tr\/#website"},"datePublished":"2022-08-19T10:50:04+00:00","dateModified":"2022-08-19T10:50:04+00:00","breadcrumb":{"@id":"https:\/\/www.ayfaclinic.com\/tr\/kadin-dogum-kanserleri\/#breadcrumb"},"inLanguage":"tr","potentialAction":[{"@type":"ReadAction","target":["https:\/\/www.ayfaclinic.com\/tr\/kadin-dogum-kanserleri\/"]}]},{"@type":"BreadcrumbList","@id":"https:\/\/www.ayfaclinic.com\/tr\/kadin-dogum-kanserleri\/#breadcrumb","itemListElement":[{"@type":"ListItem","position":1,"name":"Anasayfa","item":"https:\/\/www.ayfaclinic.com\/tr\/"},{"@type":"ListItem","position":2,"name":"Kad\u0131n Do\u011fum Kanserleri"}]}]}},"_links":{"self":[{"href":"https:\/\/www.ayfaclinic.com\/tr\/wp-json\/wp\/v2\/pages\/8762","targetHints":{"allow":["GET"]}}],"collection":[{"href":"https:\/\/www.ayfaclinic.com\/tr\/wp-json\/wp\/v2\/pages"}],"about":[{"href":"https:\/\/www.ayfaclinic.com\/tr\/wp-json\/wp\/v2\/types\/page"}],"author":[{"embeddable":true,"href":"https:\/\/www.ayfaclinic.com\/tr\/wp-json\/wp\/v2\/users\/1"}],"replies":[{"embeddable":true,"href":"https:\/\/www.ayfaclinic.com\/tr\/wp-json\/wp\/v2\/comments?post=8762"}],"version-history":[{"count":1,"href":"https:\/\/www.ayfaclinic.com\/tr\/wp-json\/wp\/v2\/pages\/8762\/revisions"}],"predecessor-version":[{"id":8763,"href":"https:\/\/www.ayfaclinic.com\/tr\/wp-json\/wp\/v2\/pages\/8762\/revisions\/8763"}],"wp:attachment":[{"href":"https:\/\/www.ayfaclinic.com\/tr\/wp-json\/wp\/v2\/media?parent=8762"}],"curies":[{"name":"wp","href":"https:\/\/api.w.org\/{rel}","templated":true}]}}