{"id":8760,"date":"2022-08-19T10:49:41","date_gmt":"2022-08-19T10:49:41","guid":{"rendered":"https:\/\/www.ayfaclinic.com\/tr\/?page_id=8760"},"modified":"2022-08-19T10:49:41","modified_gmt":"2022-08-19T10:49:41","slug":"jinekoloji","status":"publish","type":"page","link":"https:\/\/www.ayfaclinic.com\/tr\/jinekoloji\/","title":{"rendered":"Jinekoloji"},"content":{"rendered":"<p>Jinekoloji; kad\u0131n \u00fcreme organlar\u0131na ait her t\u00fcrl\u00fc patoloji ile ilgilenen geni\u015f kapsaml\u0131 bir t\u0131p alan\u0131d\u0131r.<\/p>\n<p>Jinekoloji kapsam\u0131nda; myomlar (urlar), rahim a\u011fz\u0131 (serviks) hastal\u0131klar\u0131, yumurtal\u0131k (over) kistleri, polipler, infertilite (k\u0131s\u0131rl\u0131k) ve bunlarla ilgili ameliyatlar, her t\u00fcrl\u00fc genital enfeksiyonlar, do\u011fum kontrol y\u00f6ntemleri, adet sanc\u0131s\u0131 (dismenore), adet d\u00fczensizlikleri, idrar ka\u00e7\u0131rma problemleri, rahim sarkmas\u0131, menopoz, kad\u0131n \u00fcreme organlar\u0131 kanserleri vb. incelenir.<\/p>\n<p>Ayn\u0131 zamanda jinekoloji rutin ve senelik muayeneleri, smear takibini ve hpv takibini de i\u00e7ermektedir.<\/p>\n<p><strong>Jinekolojik Muayene Nedir?<\/strong><\/p>\n<p>Jinekolojik muayene kad\u0131n sa\u011fl\u0131\u011f\u0131nda en m\u00fchim konulardan biridir. Cinsel hayat\u0131 ba\u015flam\u0131\u015f ya da ba\u015flamam\u0131\u015f her kad\u0131n\u0131n senede en az bir kere jinekolojik muayene i\u00e7in uzmana ba\u015fvurmas\u0131 gerekmektedir.<\/p>\n<p>Bakire olan kad\u0131nlar da herhangi bir sorun ya da rahats\u0131zl\u0131k duymadan jinekolojik muayene olabilmektedir.<\/p>\n<p>Bu sayede kanser dahil baz\u0131 hastal\u0131klar\u0131n erken tan\u0131 ve tedavisi m\u00fcmk\u00fcnd\u00fcr. Jinekolojik muayene gerekli durumlarda kar\u0131ndan, gerekli durumlarda da pelvik olarak yap\u0131labilmektedir. Jinekolojik muayene:<\/p>\n<ul>\n<li>Jinekolojik muayene adet d\u00f6neminin ba\u015flamas\u0131ndan ve hatta baz\u0131 durumlarda adet d\u00f6nemi ba\u015flamadan dahi yap\u0131labilmektedir. Geli\u015fme d\u00f6neminde k\u0131z \u00e7ocuklar\u0131 ya da adet d\u00f6nemi ba\u015flam\u0131\u015f gen\u00e7lere uygulanabilir.<\/li>\n<li>Jinekolojik muayeneden \u00f6nce doktor taraf\u0131ndan \u00e7e\u015fitli sorular sorulur. Ak\u0131nt\u0131, a\u011fr\u0131, adet d\u00f6ng\u00fcs\u00fc vb. konular hakk\u0131nda sorulan sorular muayene i\u00e7in \u00f6nem te\u015fkil etmektedir.<\/li>\n<li>Jinekolojik muayene jinekolojik masada yap\u0131lmaktad\u0131r. Doktor bu a\u015famada d\u0131\u015f genital b\u00f6lgenin incelenmesi, cinsel olarak aktif olan ki\u015filerde pelvik muayene, rahim a\u011fz\u0131 muayenesi yapar. \u015eayet cinsel aktiflik yoksa kar\u0131ndan muayene yap\u0131labilir.<\/li>\n<li>Jinekolojik muayene olduk\u00e7a kolay i\u015flemlerden olu\u015fur, hasta ac\u0131 ya da a\u011fr\u0131 duymaz. Duruma g\u00f6re 5-15 dakikada tamamlan\u0131r.<\/li>\n<li>Jinekolojik muayeneler \u00e7ok k\u0131sa s\u00fcren ve tamamen a\u011fr\u0131s\u0131z i\u015flemlerdir. \u0130lk kez muayene olacak ki\u015filerin kesinlikle korkmas\u0131na, \u00e7ekinmesine gerek yoktur.<\/li>\n<\/ul>\n<p><strong>Jinekolojik Muayene Ne Zaman Yap\u0131l\u0131r?<\/strong><\/p>\n<p>Jinekolojik muayene d\u00fczenli olarak yap\u0131lmal\u0131d\u0131r. 21 ya\u015f\u0131n alt\u0131ndaki kad\u0131nlar \u015fikayet ya da belirti ya\u015fad\u0131klar\u0131 zaman muayene i\u00e7in ba\u015fvurmal\u0131d\u0131r. Cinsel hayat\u0131 ba\u015flam\u0131\u015f olan kad\u0131nlar ise senede en az bir kere rutin kontrollerini, herhangi bir sa\u011fl\u0131k sorunu olmasa dahi yapt\u0131rmal\u0131d\u0131r.<\/p>\n<p>Adet d\u00f6nemi ba\u015flayan ki\u015filerde ya da bu s\u00fcre\u00e7le ilgili sorun ya\u015fayan ki\u015filerde jinekolojik muayene her ya\u015fta uygulanabilir. Jinekolojik muayene kad\u0131nlar\u0131n cinsel ve \u00fcreme sa\u011fl\u0131\u011f\u0131n\u0131 korumaktad\u0131r.<\/p>\n<p>Bundan dolay\u0131 da hayati \u00f6nem ta\u015f\u0131yan t\u0131bbi bir aland\u0131r. Kad\u0131nlar jinekolojik muayene sayesinde kanser gibi ciddi sa\u011fl\u0131k sorunlar\u0131ndan, sistit gibi daha yayg\u0131n g\u00f6r\u00fclen sa\u011fl\u0131k sorunlar\u0131na kadar t\u00fcm olumsuz s\u00fcre\u00e7lerden korunabilmektedir.<\/p>\n<p>Jinekolojik muayene sayesinde \u00f6zellikle infertilite gibi ciddi problemlerin engellenmesi, tedavisi sa\u011flan\u0131r.<\/p>\n<p><strong>Pap Smear Testi Nedir?<\/strong><\/p>\n<p>Pap smear testi rahim a\u011fz\u0131 kanser taramas\u0131d\u0131r. Al\u0131nan ufak bir s\u00fcr\u00fcnt\u00fc \u00f6rne\u011fi ile kanser olup olmad\u0131\u011f\u0131n\u0131n te\u015fhis edilmesini sa\u011flar.<\/p>\n<p>M\u00fcmk\u00fcnse alt\u0131 ayda, de\u011filse senede en az bir kere pap smear testi evli ya da bekar her kad\u0131n taraf\u0131ndan yapt\u0131r\u0131lmal\u0131d\u0131r. Rutin bir tarama testidir. Test s\u0131ras\u0131nda ac\u0131, a\u011fr\u0131 s\u00f6z konusu de\u011fildir.<\/p>\n","protected":false},"excerpt":{"rendered":"<p>Jinekoloji; kad\u0131n \u00fcreme organlar\u0131na ait her t\u00fcrl\u00fc patoloji ile ilgilenen geni\u015f kapsaml\u0131 bir t\u0131p alan\u0131d\u0131r. Jinekoloji kapsam\u0131nda; myomlar (urlar), rahim a\u011fz\u0131 (serviks) hastal\u0131klar\u0131, yumurtal\u0131k (over) kistleri, polipler, infertilite (k\u0131s\u0131rl\u0131k) ve bunlarla ilgili ameliyatlar, her t\u00fcrl\u00fc genital enfeksiyonlar, do\u011fum kontrol y\u00f6ntemleri, adet sanc\u0131s\u0131 (dismenore), adet d\u00fczensizlikleri, idrar ka\u00e7\u0131rma problemleri, rahim sarkmas\u0131, menopoz, kad\u0131n \u00fcreme organlar\u0131 kanserleri [&hellip;]<\/p>\n","protected":false},"author":1,"featured_media":0,"parent":0,"menu_order":0,"comment_status":"closed","ping_status":"closed","template":"","meta":{"footnotes":""},"class_list":["post-8760","page","type-page","status-publish","hentry"],"yoast_head":"<!-- This site is optimized with the Yoast SEO plugin v19.4 - https:\/\/yoast.com\/wordpress\/plugins\/seo\/ -->\n<title>Jinekoloji - Ayfa Clinic<\/title>\n<meta name=\"robots\" content=\"index, follow, max-snippet:-1, max-image-preview:large, max-video-preview:-1\" \/>\n<link rel=\"canonical\" href=\"https:\/\/www.ayfaclinic.com\/tr\/jinekoloji\/\" \/>\n<meta property=\"og:locale\" content=\"tr_TR\" \/>\n<meta property=\"og:type\" content=\"article\" \/>\n<meta property=\"og:title\" content=\"Jinekoloji - Ayfa Clinic\" \/>\n<meta property=\"og:description\" content=\"Jinekoloji; kad\u0131n \u00fcreme organlar\u0131na ait her t\u00fcrl\u00fc patoloji ile ilgilenen geni\u015f kapsaml\u0131 bir t\u0131p alan\u0131d\u0131r. Jinekoloji kapsam\u0131nda; myomlar (urlar), rahim a\u011fz\u0131 (serviks) hastal\u0131klar\u0131, yumurtal\u0131k (over) kistleri, polipler, infertilite (k\u0131s\u0131rl\u0131k) ve bunlarla ilgili ameliyatlar, her t\u00fcrl\u00fc genital enfeksiyonlar, do\u011fum kontrol y\u00f6ntemleri, adet sanc\u0131s\u0131 (dismenore), adet d\u00fczensizlikleri, idrar ka\u00e7\u0131rma problemleri, rahim sarkmas\u0131, menopoz, kad\u0131n \u00fcreme organlar\u0131 kanserleri [&hellip;]\" \/>\n<meta property=\"og:url\" content=\"https:\/\/www.ayfaclinic.com\/tr\/jinekoloji\/\" \/>\n<meta property=\"og:site_name\" content=\"Ayfa Clinic T&uuml;rkiye\" \/>\n<meta name=\"twitter:card\" content=\"summary_large_image\" \/>\n<meta name=\"twitter:label1\" content=\"Tahmini okuma s\u00fcresi\" \/>\n\t<meta name=\"twitter:data1\" content=\"3 dakika\" \/>\n<script type=\"application\/ld+json\" class=\"yoast-schema-graph\">{\"@context\":\"https:\/\/schema.org\",\"@graph\":[{\"@type\":\"WebSite\",\"@id\":\"https:\/\/www.ayfaclinic.com\/tr\/#website\",\"url\":\"https:\/\/www.ayfaclinic.com\/tr\/\",\"name\":\"Ayfa Clinic T&uuml;rkiye\",\"description\":\"Ayfa Clinic - Health Starts Here\",\"potentialAction\":[{\"@type\":\"SearchAction\",\"target\":{\"@type\":\"EntryPoint\",\"urlTemplate\":\"https:\/\/www.ayfaclinic.com\/tr\/?s={search_term_string}\"},\"query-input\":\"required name=search_term_string\"}],\"inLanguage\":\"tr\"},{\"@type\":\"WebPage\",\"@id\":\"https:\/\/www.ayfaclinic.com\/tr\/jinekoloji\/\",\"url\":\"https:\/\/www.ayfaclinic.com\/tr\/jinekoloji\/\",\"name\":\"Jinekoloji - Ayfa Clinic\",\"isPartOf\":{\"@id\":\"https:\/\/www.ayfaclinic.com\/tr\/#website\"},\"datePublished\":\"2022-08-19T10:49:41+00:00\",\"dateModified\":\"2022-08-19T10:49:41+00:00\",\"breadcrumb\":{\"@id\":\"https:\/\/www.ayfaclinic.com\/tr\/jinekoloji\/#breadcrumb\"},\"inLanguage\":\"tr\",\"potentialAction\":[{\"@type\":\"ReadAction\",\"target\":[\"https:\/\/www.ayfaclinic.com\/tr\/jinekoloji\/\"]}]},{\"@type\":\"BreadcrumbList\",\"@id\":\"https:\/\/www.ayfaclinic.com\/tr\/jinekoloji\/#breadcrumb\",\"itemListElement\":[{\"@type\":\"ListItem\",\"position\":1,\"name\":\"Anasayfa\",\"item\":\"https:\/\/www.ayfaclinic.com\/tr\/\"},{\"@type\":\"ListItem\",\"position\":2,\"name\":\"Jinekoloji\"}]}]}<\/script>\n<!-- \/ Yoast SEO plugin. -->","yoast_head_json":{"title":"Jinekoloji - Ayfa Clinic","robots":{"index":"index","follow":"follow","max-snippet":"max-snippet:-1","max-image-preview":"max-image-preview:large","max-video-preview":"max-video-preview:-1"},"canonical":"https:\/\/www.ayfaclinic.com\/tr\/jinekoloji\/","og_locale":"tr_TR","og_type":"article","og_title":"Jinekoloji - Ayfa Clinic","og_description":"Jinekoloji; kad\u0131n \u00fcreme organlar\u0131na ait her t\u00fcrl\u00fc patoloji ile ilgilenen geni\u015f kapsaml\u0131 bir t\u0131p alan\u0131d\u0131r. Jinekoloji kapsam\u0131nda; myomlar (urlar), rahim a\u011fz\u0131 (serviks) hastal\u0131klar\u0131, yumurtal\u0131k (over) kistleri, polipler, infertilite (k\u0131s\u0131rl\u0131k) ve bunlarla ilgili ameliyatlar, her t\u00fcrl\u00fc genital enfeksiyonlar, do\u011fum kontrol y\u00f6ntemleri, adet sanc\u0131s\u0131 (dismenore), adet d\u00fczensizlikleri, idrar ka\u00e7\u0131rma problemleri, rahim sarkmas\u0131, menopoz, kad\u0131n \u00fcreme organlar\u0131 kanserleri [&hellip;]","og_url":"https:\/\/www.ayfaclinic.com\/tr\/jinekoloji\/","og_site_name":"Ayfa Clinic T&uuml;rkiye","twitter_card":"summary_large_image","twitter_misc":{"Tahmini okuma s\u00fcresi":"3 dakika"},"schema":{"@context":"https:\/\/schema.org","@graph":[{"@type":"WebSite","@id":"https:\/\/www.ayfaclinic.com\/tr\/#website","url":"https:\/\/www.ayfaclinic.com\/tr\/","name":"Ayfa Clinic T&uuml;rkiye","description":"Ayfa Clinic - Health Starts Here","potentialAction":[{"@type":"SearchAction","target":{"@type":"EntryPoint","urlTemplate":"https:\/\/www.ayfaclinic.com\/tr\/?s={search_term_string}"},"query-input":"required name=search_term_string"}],"inLanguage":"tr"},{"@type":"WebPage","@id":"https:\/\/www.ayfaclinic.com\/tr\/jinekoloji\/","url":"https:\/\/www.ayfaclinic.com\/tr\/jinekoloji\/","name":"Jinekoloji - Ayfa Clinic","isPartOf":{"@id":"https:\/\/www.ayfaclinic.com\/tr\/#website"},"datePublished":"2022-08-19T10:49:41+00:00","dateModified":"2022-08-19T10:49:41+00:00","breadcrumb":{"@id":"https:\/\/www.ayfaclinic.com\/tr\/jinekoloji\/#breadcrumb"},"inLanguage":"tr","potentialAction":[{"@type":"ReadAction","target":["https:\/\/www.ayfaclinic.com\/tr\/jinekoloji\/"]}]},{"@type":"BreadcrumbList","@id":"https:\/\/www.ayfaclinic.com\/tr\/jinekoloji\/#breadcrumb","itemListElement":[{"@type":"ListItem","position":1,"name":"Anasayfa","item":"https:\/\/www.ayfaclinic.com\/tr\/"},{"@type":"ListItem","position":2,"name":"Jinekoloji"}]}]}},"_links":{"self":[{"href":"https:\/\/www.ayfaclinic.com\/tr\/wp-json\/wp\/v2\/pages\/8760","targetHints":{"allow":["GET"]}}],"collection":[{"href":"https:\/\/www.ayfaclinic.com\/tr\/wp-json\/wp\/v2\/pages"}],"about":[{"href":"https:\/\/www.ayfaclinic.com\/tr\/wp-json\/wp\/v2\/types\/page"}],"author":[{"embeddable":true,"href":"https:\/\/www.ayfaclinic.com\/tr\/wp-json\/wp\/v2\/users\/1"}],"replies":[{"embeddable":true,"href":"https:\/\/www.ayfaclinic.com\/tr\/wp-json\/wp\/v2\/comments?post=8760"}],"version-history":[{"count":1,"href":"https:\/\/www.ayfaclinic.com\/tr\/wp-json\/wp\/v2\/pages\/8760\/revisions"}],"predecessor-version":[{"id":8761,"href":"https:\/\/www.ayfaclinic.com\/tr\/wp-json\/wp\/v2\/pages\/8760\/revisions\/8761"}],"wp:attachment":[{"href":"https:\/\/www.ayfaclinic.com\/tr\/wp-json\/wp\/v2\/media?parent=8760"}],"curies":[{"name":"wp","href":"https:\/\/api.w.org\/{rel}","templated":true}]}}