{"id":8756,"date":"2022-08-19T10:49:00","date_gmt":"2022-08-19T10:49:00","guid":{"rendered":"https:\/\/www.ayfaclinic.com\/tr\/?page_id=8756"},"modified":"2022-08-19T10:49:00","modified_gmt":"2022-08-19T10:49:00","slug":"histeroskopi","status":"publish","type":"page","link":"https:\/\/www.ayfaclinic.com\/tr\/histeroskopi\/","title":{"rendered":"Histeroskopi"},"content":{"rendered":"<div id=\"ez-toc-container\" class=\"ez-toc-v2_0_29 counter-hierarchy counter-decimal ez-toc-grey\">\n<div class=\"ez-toc-title-container\">\n<p class=\"ez-toc-title\">Yaz\u0131 \u0130&ccedil;eri\u011fi<\/p>\n<span class=\"ez-toc-title-toggle\"><a href=\"#\" class=\"ez-toc-pull-right ez-toc-btn ez-toc-btn-xs ez-toc-btn-default ez-toc-toggle\" style=\"display: none;\"><label for=\"item\" aria-label=\"Table of Content\"><i class=\"ez-toc-glyphicon ez-toc-icon-toggle\"><\/i><\/label><input type=\"checkbox\" id=\"item\"><\/a><\/span><\/div>\n<nav><ul class=\"ez-toc-list ez-toc-list-level-1\"><li class=\"ez-toc-page-1 ez-toc-heading-level-2\"><a class=\"ez-toc-link ez-toc-heading-1\" href=\"https:\/\/www.ayfaclinic.com\/tr\/histeroskopi\/#Histeroskopi_Nedir\" title=\"Histeroskopi Nedir?\">Histeroskopi Nedir?<\/a><\/li><li class=\"ez-toc-page-1 ez-toc-heading-level-2\"><a class=\"ez-toc-link ez-toc-heading-2\" href=\"https:\/\/www.ayfaclinic.com\/tr\/histeroskopi\/#Histeroskopi_Nasil_Uygulanir\" title=\"Histeroskopi Nas\u0131l Uygulan\u0131r?\">Histeroskopi Nas\u0131l Uygulan\u0131r?<\/a><\/li><li class=\"ez-toc-page-1 ez-toc-heading-level-2\"><a class=\"ez-toc-link ez-toc-heading-3\" href=\"https:\/\/www.ayfaclinic.com\/tr\/histeroskopi\/#Histeroskopi_Riskleri_Nelerdir\" title=\"Histeroskopi Riskleri Nelerdir?\">Histeroskopi Riskleri Nelerdir?<\/a><\/li><li class=\"ez-toc-page-1 ez-toc-heading-level-2\"><a class=\"ez-toc-link ez-toc-heading-4\" href=\"https:\/\/www.ayfaclinic.com\/tr\/histeroskopi\/#Histeroskopi_Ne_Zaman_Uygulanir\" title=\"Histeroskopi Ne Zaman Uygulan\u0131r?\">Histeroskopi Ne Zaman Uygulan\u0131r?<\/a><\/li><li class=\"ez-toc-page-1 ez-toc-heading-level-2\"><a class=\"ez-toc-link ez-toc-heading-5\" href=\"https:\/\/www.ayfaclinic.com\/tr\/histeroskopi\/#Tanisal_Histeroskopi_Nedir\" title=\"Tan\u0131sal Histeroskopi Nedir?\">Tan\u0131sal Histeroskopi Nedir?<\/a><\/li><li class=\"ez-toc-page-1 ez-toc-heading-level-2\"><a class=\"ez-toc-link ez-toc-heading-6\" href=\"https:\/\/www.ayfaclinic.com\/tr\/histeroskopi\/#Operatif_Histeroskopi_Nedir\" title=\"Operatif Histeroskopi Nedir?\">Operatif Histeroskopi Nedir?<\/a><\/li><li class=\"ez-toc-page-1 ez-toc-heading-level-2\"><a class=\"ez-toc-link ez-toc-heading-7\" href=\"https:\/\/www.ayfaclinic.com\/tr\/histeroskopi\/#Histeroskopi_Isleminin_Avantajlari_Nelerdir\" title=\"Histeroskopi \u0130\u015fleminin Avantajlar\u0131 Nelerdir?\">Histeroskopi \u0130\u015fleminin Avantajlar\u0131 Nelerdir?<\/a><\/li><\/ul><\/nav><\/div>\n<h2><span class=\"ez-toc-section\" id=\"Histeroskopi_Nedir\"><\/span>Histeroskopi Nedir?<span class=\"ez-toc-section-end\"><\/span><\/h2>\n<p>Histeroskopi kad\u0131n hastal\u0131klar\u0131nda en de\u011ferli tan\u0131 ara\u00e7lar\u0131ndan biridir. Histeroskopi \u0131\u015f\u0131kl\u0131 bir alet ile rahim i\u00e7inin g\u00f6r\u00fcnt\u00fclenmesi anlam\u0131na gelmektedir. Te\u015fhis koymak amac\u0131yla uygulanan tan\u0131sal histeroskopi i\u015fleminde genel anestezi uygulanmaz.<\/p>\n<p>Ancak histeroskopi tedavi amac\u0131yla uygulanacak ise genel anestezi uygulanmas\u0131 gerekmektedir. Histeroskopi adet d\u00f6neminden sonra uygulanmaktad\u0131r. Histeroskopik i\u015flemler ile:<\/p>\n<ul>\n<li>Septum tan\u0131 ve tedavisi,<\/li>\n<li>Polipektomi,<\/li>\n<li>Myomektomi,<\/li>\n<li>Rahim i\u00e7i yap\u0131\u015f\u0131kl\u0131klar\u0131n tedavisi yap\u0131lmaktad\u0131r.<\/li>\n<\/ul>\n<h2><span class=\"ez-toc-section\" id=\"Histeroskopi_Nasil_Uygulanir\"><\/span>Histeroskopi Nas\u0131l Uygulan\u0131r?<span class=\"ez-toc-section-end\"><\/span><\/h2>\n<p>Histeroskopi tan\u0131sal ve tedavi amac\u0131yla uygulanabilmektedir. Tedavi amac\u0131 ile uyguland\u0131\u011f\u0131nda hafif bir genel anestezi uygulanmas\u0131 yeterlidir. Histeroskopi genel olarak a\u011fr\u0131l\u0131 bir i\u015flem de\u011fildir.<\/p>\n<p>Rahim i\u00e7ine boru \u015feklindeki histeroskopi cihaz\u0131 ile girilir. Bu cihazdaki mercek sistemi ve kamera sayesinde rahim i\u00e7i detayl\u0131 \u015fekilde g\u00f6zlemlenir. Rahim i\u00e7inin geni\u015fletilmesi ve daha detayl\u0131 \u015fekilde g\u00f6zlemlenebilmesi i\u00e7in rahim i\u00e7ine s\u0131v\u0131 verilir. Ard\u0131ndan i\u015flemler yap\u0131l\u0131r.<\/p>\n<h2><span class=\"ez-toc-section\" id=\"Histeroskopi_Riskleri_Nelerdir\"><\/span>Histeroskopi Riskleri Nelerdir?<span class=\"ez-toc-section-end\"><\/span><\/h2>\n<p>Histeroskopi kabul edilebilir risklere sahip bir i\u015flemdir. T\u0131p kapsam\u0131nda uygulanan t\u00fcm tedavi ve i\u015flemlerin riskli bulunmaktad\u0131r. Histeroskopi i\u015fleminde de hekimin deneyim ve uzmanl\u0131\u011f\u0131 olduk\u00e7a \u00f6nemlidir.<\/p>\n<p>Aksi halde risklerin g\u00f6r\u00fclme ihtimali artabilir. Histeroskopide g\u00f6r\u00fclebilecek yan etkiler ise:<\/p>\n<ul>\n<li>Rahimde delinme,<\/li>\n<li>Rahim a\u011fz\u0131nda yaralanma,<\/li>\n<li>A\u015f\u0131r\u0131 kanama,<\/li>\n<li>Rahim i\u00e7i enfeksiyondur.<\/li>\n<\/ul>\n<h2><span class=\"ez-toc-section\" id=\"Histeroskopi_Ne_Zaman_Uygulanir\"><\/span>Histeroskopi Ne Zaman Uygulan\u0131r?<span class=\"ez-toc-section-end\"><\/span><\/h2>\n<p>Histeroskopi uygulamas\u0131 i\u00e7in hastan\u0131n adet d\u00f6neminin bitmesi gerekmektedir. Ancak uygulama yap\u0131lacak g\u00fcne doktorun karar vermesi uygun olacakt\u0131r.<\/p>\n<p>Histeroskopi g\u00fcn\u00fcbirlik bir i\u015flemdir. Hastan\u0131n hastanede kalmas\u0131na gerek yoktur. \u0130\u015flemden sonra hasta taburcu edilmektedir.<\/p>\n<h2><span class=\"ez-toc-section\" id=\"Tanisal_Histeroskopi_Nedir\"><\/span>Tan\u0131sal Histeroskopi Nedir?<span class=\"ez-toc-section-end\"><\/span><\/h2>\n<p>Tan\u0131sal histeroskopi, rahim i\u00e7indeki olas\u0131 sorunlar\u0131n te\u015fhisi i\u00e7in uygulanmaktad\u0131r. Bu i\u015flem s\u0131ras\u0131nda rahim a\u011fz\u0131 ilk olarak histeroskopinin ge\u00e7ebilece\u011fi kadar geni\u015fletilir. Ard\u0131ndan histeroskop servikal kanal yolu arac\u0131l\u0131\u011f\u0131 ile d\u00f6l yata\u011f\u0131n\u0131n i\u00e7ine uygulan\u0131r.<\/p>\n<p>Bu i\u015flem s\u0131ras\u0131nda karbondioksit gaz\u0131 ya da \u00f6zel s\u0131v\u0131lar rahim i\u00e7ine zerk edilir. Bu sayede rahim duvarlar\u0131 birbirinden ayr\u0131l\u0131r. Tan\u0131sal histeroskopi kapsam\u0131nda submukoz myomlar, rahim i\u00e7i zedelenmeler ve yap\u0131\u015f\u0131kl\u0131klar\u0131n te\u015fhisi konulabilmektedir.<\/p>\n<p>Bunun yan\u0131 s\u0131ra infertilite ara\u015ft\u0131rmalar\u0131 ve tekrarlayan d\u00fc\u015f\u00fcklerin te\u015fhisi tan\u0131sal histeroskopi kapsam\u0131nda belirlenebilmektedir.<\/p>\n<h2><span class=\"ez-toc-section\" id=\"Operatif_Histeroskopi_Nedir\"><\/span>Operatif Histeroskopi Nedir?<span class=\"ez-toc-section-end\"><\/span><\/h2>\n<p>Operatif histeroskopi i\u015flemi gerekli g\u00f6r\u00fcld\u00fc\u011f\u00fc durumlarda tedavi amac\u0131yla uygulanmaktad\u0131r. Operatif histeroskopi kapsam\u0131nda rahim i\u00e7i yap\u0131\u015f\u0131kl\u0131klar, myomlar ve anormal yap\u0131lara sahip unsurlar tedavi edilmektedir.<\/p>\n<p>Tedavi amac\u0131yla uygulanan histeroskopi i\u015flemi tan\u0131sal histeroskopi s\u0131ras\u0131nda da uygulanabilmektedir. Bu i\u015flem s\u0131ras\u0131nda myomlar ve polipler al\u0131nabilir. Bu i\u015flem arac\u0131l\u0131\u011f\u0131 ile rahim i\u00e7i bo\u015flu\u011funa d\u00fczeltici i\u015flemler sa\u011fl\u0131kl\u0131 ve konforlu \u015fekilde tamamlanmaktad\u0131r.<\/p>\n<h2><span class=\"ez-toc-section\" id=\"Histeroskopi_Isleminin_Avantajlari_Nelerdir\"><\/span>Histeroskopi \u0130\u015fleminin Avantajlar\u0131 Nelerdir?<span class=\"ez-toc-section-end\"><\/span><\/h2>\n<p>Te\u015fhis edilemeyen infertilite sorunlar\u0131nda histeroskopi olduk\u00e7a \u00f6nemli bir te\u015fhis arac\u0131d\u0131r. Kad\u0131n\u0131n s\u00fcrekli ya\u015fad\u0131\u011f\u0131 kad\u0131n hastal\u0131klar\u0131 sorunlar\u0131n\u0131n tespit edilmesi ve tedavi edilmesi sa\u011flanmaktad\u0131r.<\/p>\n<p>\u0130\u015flemden sonra hastan\u0131n birka\u00e7 saat dinlenmesi yeterlidir. Rahim i\u00e7i bo\u015fluktaki olas\u0131 problemler direkt olarak histeroskopi i\u015flemi ile g\u00f6zlemlenebilmektedir. Bu sayede gebe kalmaya engel te\u015fkil edebilecek t\u00fcm sa\u011fl\u0131k sorunlar\u0131n\u0131n tedavisi i\u00e7in ba\u015far\u0131 \u015fans\u0131 da art\u0131r\u0131l\u0131r.<\/p>\n","protected":false},"excerpt":{"rendered":"<p>Histeroskopi Nedir? Histeroskopi kad\u0131n hastal\u0131klar\u0131nda en de\u011ferli tan\u0131 ara\u00e7lar\u0131ndan biridir. Histeroskopi \u0131\u015f\u0131kl\u0131 bir alet ile rahim i\u00e7inin g\u00f6r\u00fcnt\u00fclenmesi anlam\u0131na gelmektedir. Te\u015fhis koymak amac\u0131yla uygulanan tan\u0131sal histeroskopi i\u015fleminde genel anestezi uygulanmaz. Ancak histeroskopi tedavi amac\u0131yla uygulanacak ise genel anestezi uygulanmas\u0131 gerekmektedir. Histeroskopi adet d\u00f6neminden sonra uygulanmaktad\u0131r. Histeroskopik i\u015flemler ile: Septum tan\u0131 ve tedavisi, Polipektomi, Myomektomi, Rahim [&hellip;]<\/p>\n","protected":false},"author":1,"featured_media":0,"parent":0,"menu_order":0,"comment_status":"closed","ping_status":"closed","template":"","meta":{"footnotes":""},"class_list":["post-8756","page","type-page","status-publish","hentry"],"yoast_head":"<!-- This site is optimized with the Yoast SEO plugin v19.4 - https:\/\/yoast.com\/wordpress\/plugins\/seo\/ -->\n<title>Histeroskopi - Ayfa Clinic<\/title>\n<meta name=\"robots\" content=\"index, follow, max-snippet:-1, max-image-preview:large, max-video-preview:-1\" \/>\n<link rel=\"canonical\" href=\"https:\/\/www.ayfaclinic.com\/tr\/histeroskopi\/\" \/>\n<meta property=\"og:locale\" content=\"tr_TR\" \/>\n<meta property=\"og:type\" content=\"article\" \/>\n<meta property=\"og:title\" content=\"Histeroskopi - Ayfa Clinic\" \/>\n<meta property=\"og:description\" content=\"Histeroskopi Nedir? Histeroskopi kad\u0131n hastal\u0131klar\u0131nda en de\u011ferli tan\u0131 ara\u00e7lar\u0131ndan biridir. Histeroskopi \u0131\u015f\u0131kl\u0131 bir alet ile rahim i\u00e7inin g\u00f6r\u00fcnt\u00fclenmesi anlam\u0131na gelmektedir. Te\u015fhis koymak amac\u0131yla uygulanan tan\u0131sal histeroskopi i\u015fleminde genel anestezi uygulanmaz. Ancak histeroskopi tedavi amac\u0131yla uygulanacak ise genel anestezi uygulanmas\u0131 gerekmektedir. Histeroskopi adet d\u00f6neminden sonra uygulanmaktad\u0131r. Histeroskopik i\u015flemler ile: Septum tan\u0131 ve tedavisi, Polipektomi, Myomektomi, Rahim [&hellip;]\" \/>\n<meta property=\"og:url\" content=\"https:\/\/www.ayfaclinic.com\/tr\/histeroskopi\/\" \/>\n<meta property=\"og:site_name\" content=\"Ayfa Clinic T&uuml;rkiye\" \/>\n<meta name=\"twitter:card\" content=\"summary_large_image\" \/>\n<meta name=\"twitter:label1\" content=\"Tahmini okuma s\u00fcresi\" \/>\n\t<meta name=\"twitter:data1\" content=\"3 dakika\" \/>\n<script type=\"application\/ld+json\" class=\"yoast-schema-graph\">{\"@context\":\"https:\/\/schema.org\",\"@graph\":[{\"@type\":\"WebSite\",\"@id\":\"https:\/\/www.ayfaclinic.com\/tr\/#website\",\"url\":\"https:\/\/www.ayfaclinic.com\/tr\/\",\"name\":\"Ayfa Clinic T&uuml;rkiye\",\"description\":\"Ayfa Clinic - Health Starts Here\",\"potentialAction\":[{\"@type\":\"SearchAction\",\"target\":{\"@type\":\"EntryPoint\",\"urlTemplate\":\"https:\/\/www.ayfaclinic.com\/tr\/?s={search_term_string}\"},\"query-input\":\"required name=search_term_string\"}],\"inLanguage\":\"tr\"},{\"@type\":\"WebPage\",\"@id\":\"https:\/\/www.ayfaclinic.com\/tr\/histeroskopi\/\",\"url\":\"https:\/\/www.ayfaclinic.com\/tr\/histeroskopi\/\",\"name\":\"Histeroskopi - Ayfa Clinic\",\"isPartOf\":{\"@id\":\"https:\/\/www.ayfaclinic.com\/tr\/#website\"},\"datePublished\":\"2022-08-19T10:49:00+00:00\",\"dateModified\":\"2022-08-19T10:49:00+00:00\",\"breadcrumb\":{\"@id\":\"https:\/\/www.ayfaclinic.com\/tr\/histeroskopi\/#breadcrumb\"},\"inLanguage\":\"tr\",\"potentialAction\":[{\"@type\":\"ReadAction\",\"target\":[\"https:\/\/www.ayfaclinic.com\/tr\/histeroskopi\/\"]}]},{\"@type\":\"BreadcrumbList\",\"@id\":\"https:\/\/www.ayfaclinic.com\/tr\/histeroskopi\/#breadcrumb\",\"itemListElement\":[{\"@type\":\"ListItem\",\"position\":1,\"name\":\"Anasayfa\",\"item\":\"https:\/\/www.ayfaclinic.com\/tr\/\"},{\"@type\":\"ListItem\",\"position\":2,\"name\":\"Histeroskopi\"}]}]}<\/script>\n<!-- \/ Yoast SEO plugin. -->","yoast_head_json":{"title":"Histeroskopi - Ayfa Clinic","robots":{"index":"index","follow":"follow","max-snippet":"max-snippet:-1","max-image-preview":"max-image-preview:large","max-video-preview":"max-video-preview:-1"},"canonical":"https:\/\/www.ayfaclinic.com\/tr\/histeroskopi\/","og_locale":"tr_TR","og_type":"article","og_title":"Histeroskopi - Ayfa Clinic","og_description":"Histeroskopi Nedir? Histeroskopi kad\u0131n hastal\u0131klar\u0131nda en de\u011ferli tan\u0131 ara\u00e7lar\u0131ndan biridir. Histeroskopi \u0131\u015f\u0131kl\u0131 bir alet ile rahim i\u00e7inin g\u00f6r\u00fcnt\u00fclenmesi anlam\u0131na gelmektedir. Te\u015fhis koymak amac\u0131yla uygulanan tan\u0131sal histeroskopi i\u015fleminde genel anestezi uygulanmaz. Ancak histeroskopi tedavi amac\u0131yla uygulanacak ise genel anestezi uygulanmas\u0131 gerekmektedir. Histeroskopi adet d\u00f6neminden sonra uygulanmaktad\u0131r. Histeroskopik i\u015flemler ile: Septum tan\u0131 ve tedavisi, Polipektomi, Myomektomi, Rahim [&hellip;]","og_url":"https:\/\/www.ayfaclinic.com\/tr\/histeroskopi\/","og_site_name":"Ayfa Clinic T&uuml;rkiye","twitter_card":"summary_large_image","twitter_misc":{"Tahmini okuma s\u00fcresi":"3 dakika"},"schema":{"@context":"https:\/\/schema.org","@graph":[{"@type":"WebSite","@id":"https:\/\/www.ayfaclinic.com\/tr\/#website","url":"https:\/\/www.ayfaclinic.com\/tr\/","name":"Ayfa Clinic T&uuml;rkiye","description":"Ayfa Clinic - Health Starts Here","potentialAction":[{"@type":"SearchAction","target":{"@type":"EntryPoint","urlTemplate":"https:\/\/www.ayfaclinic.com\/tr\/?s={search_term_string}"},"query-input":"required name=search_term_string"}],"inLanguage":"tr"},{"@type":"WebPage","@id":"https:\/\/www.ayfaclinic.com\/tr\/histeroskopi\/","url":"https:\/\/www.ayfaclinic.com\/tr\/histeroskopi\/","name":"Histeroskopi - Ayfa Clinic","isPartOf":{"@id":"https:\/\/www.ayfaclinic.com\/tr\/#website"},"datePublished":"2022-08-19T10:49:00+00:00","dateModified":"2022-08-19T10:49:00+00:00","breadcrumb":{"@id":"https:\/\/www.ayfaclinic.com\/tr\/histeroskopi\/#breadcrumb"},"inLanguage":"tr","potentialAction":[{"@type":"ReadAction","target":["https:\/\/www.ayfaclinic.com\/tr\/histeroskopi\/"]}]},{"@type":"BreadcrumbList","@id":"https:\/\/www.ayfaclinic.com\/tr\/histeroskopi\/#breadcrumb","itemListElement":[{"@type":"ListItem","position":1,"name":"Anasayfa","item":"https:\/\/www.ayfaclinic.com\/tr\/"},{"@type":"ListItem","position":2,"name":"Histeroskopi"}]}]}},"_links":{"self":[{"href":"https:\/\/www.ayfaclinic.com\/tr\/wp-json\/wp\/v2\/pages\/8756","targetHints":{"allow":["GET"]}}],"collection":[{"href":"https:\/\/www.ayfaclinic.com\/tr\/wp-json\/wp\/v2\/pages"}],"about":[{"href":"https:\/\/www.ayfaclinic.com\/tr\/wp-json\/wp\/v2\/types\/page"}],"author":[{"embeddable":true,"href":"https:\/\/www.ayfaclinic.com\/tr\/wp-json\/wp\/v2\/users\/1"}],"replies":[{"embeddable":true,"href":"https:\/\/www.ayfaclinic.com\/tr\/wp-json\/wp\/v2\/comments?post=8756"}],"version-history":[{"count":1,"href":"https:\/\/www.ayfaclinic.com\/tr\/wp-json\/wp\/v2\/pages\/8756\/revisions"}],"predecessor-version":[{"id":8757,"href":"https:\/\/www.ayfaclinic.com\/tr\/wp-json\/wp\/v2\/pages\/8756\/revisions\/8757"}],"wp:attachment":[{"href":"https:\/\/www.ayfaclinic.com\/tr\/wp-json\/wp\/v2\/media?parent=8756"}],"curies":[{"name":"wp","href":"https:\/\/api.w.org\/{rel}","templated":true}]}}