{"id":8754,"date":"2022-08-19T10:48:15","date_gmt":"2022-08-19T10:48:15","guid":{"rendered":"https:\/\/www.ayfaclinic.com\/tr\/?page_id=8754"},"modified":"2022-08-19T10:48:15","modified_gmt":"2022-08-19T10:48:15","slug":"genital-estetik","status":"publish","type":"page","link":"https:\/\/www.ayfaclinic.com\/tr\/genital-estetik\/","title":{"rendered":"Genital Estetik"},"content":{"rendered":"<p>Genital estetik, g\u00fcn\u00fcm\u00fczde en \u00e7ok uygulanan estetik operasyonlar\u0131ndan biridir. G\u00fczel bir g\u00f6r\u00fcn\u00fcm, kad\u0131na kendini g\u00fcvenli, mutlu ve \u00e7ekici hissettiren \u00f6nemli bir konudur. Bu noktada genital b\u00f6lgenin be\u011fenilmemesi, g\u00f6r\u00fcnt\u00fcs\u00fcnden rahats\u0131z olunmas\u0131 cinsel hayat kalitesinin kad\u0131n a\u00e7\u0131s\u0131ndan d\u00fc\u015fmesine yol a\u00e7\u0131yor.<\/p>\n<p>Genital b\u00f6lge g\u00fczelli\u011fi konusunda belirli ve standart bir g\u00fczellik alg\u0131s\u0131n\u0131n olmad\u0131\u011f\u0131 bilinmelidir. Ancak kad\u0131n belirli durumlardan rahats\u0131z oluyorsa bu durumun onar\u0131lmas\u0131 i\u00e7in olduk\u00e7a basit cerrahi m\u00fcdahaleler uygulanabilmektedir.<\/p>\n<p>Baz\u0131 genital estetik sorunlar, i\u015flevsel sa\u011fl\u0131k sorunlar\u0131na da yol a\u00e7abilir. \u00d6rnek vermek gerekirse, \u015fayet hastan\u0131n i\u00e7 dudaklar\u0131 olmas\u0131 gerekenden daha b\u00fcy\u00fck ise hem g\u00f6r\u00fcnt\u00fc bak\u0131m\u0131ndan memnuniyetsizlikler meydana gelebilir hem de \u00f6zellikle cinsel ili\u015fki s\u0131ras\u0131nda dudaklar sebebiyle a\u011fr\u0131, ac\u0131 ya\u015fanabilir.<\/p>\n<p>Bu sorunun basit genital estetik m\u00fcdahaleler ile d\u00fczeltilmesi sayesinde kad\u0131n cinsel hayatta ve normal hayat\u0131nda kendine \u00e7ok daha g\u00fcvenli \u015fekilde hareket edebilir.<\/p>\n<p><strong>Labioplasti Nedir?<\/strong><\/p>\n<p>Labioplasti, genitaldeki b\u00fcy\u00fck ve k\u00fc\u00e7\u00fck dudaklara yap\u0131lan estetik i\u015flemlerdir. Labium ad\u0131 verilen dudaklar d\u0131\u015f genital yap\u0131y\u0131 olu\u015fturan dudaklar\u0131 ifade eder. \u0130\u00e7 ve d\u0131\u015f dudak yap\u0131lar\u0131n\u0131n estetik operasyonlar ile d\u00fczeltilmesi labioplasti ile yap\u0131lmaktad\u0131r.<\/p>\n<p>Ya\u015f\u0131n ilerlemesi, zorlu do\u011fumlar gibi sebeplerle de zamanla bu sorunlar meydana gelebilmektedir. \u0130\u00e7 ve d\u0131\u015f dudaklardaki asimetri, b\u00fcy\u00fckl\u00fck ya da sark\u0131kl\u0131k cinsel ili\u015fki d\u0131\u015f\u0131nda mayo ya da tayt giyerken de g\u00f6r\u00fcnt\u00fc a\u00e7\u0131s\u0131ndan sorunlara yol a\u00e7abilmektedir.<\/p>\n<p><strong>\u0130\u00e7 Dudak Sarkmas\u0131 Ameliyat\u0131 Ne Kadar S\u00fcrer?<\/strong><\/p>\n<p>\u0130\u00e7 dudaklar\u0131n k\u00fc\u00e7\u00fclt\u00fclmesi lokal anestezi alt\u0131nda ya da genel anestezi alt\u0131nda uygulanmaktad\u0131r. Operasyon yakla\u015f\u0131k olarak 30 dakika i\u00e7inde tamamlanmaktad\u0131r. K\u00fc\u00e7\u00fck dudaklar\u0131n uyu\u015fturulmas\u0131ndan sonra i\u015flem yap\u0131lmaktad\u0131r. Operasyon sonras\u0131 \u015fayet her \u015fey yolundaysa hasta ayn\u0131 g\u00fcn taburcu olabilmektedir.<\/p>\n<p>Hastaya uygulanan diki\u015fler eriyen diki\u015flerdir. Bundan dolay\u0131 da 2-3 haftada diki\u015fler erimektedir. Hasta bir ay sonra cinsel hayat\u0131na d\u00f6nebilmektedir. Ameliyat b\u00f6lgesinde operasyon izi kalmamaktad\u0131r. Fakat b\u00f6lgede i\u015flem kaynakl\u0131 hassasiyet s\u00f6z konusu olabilmektedir.<\/p>\n<p><strong>Vaginoplasti Nedir?<\/strong><\/p>\n<p>Vaginoplasti vajina daraltma i\u015flemleridir. Vajina, do\u011fum, genetik ya da ya\u015f\u0131n ilerlemesi ile geni\u015fleyebilmektedir. \u015eekil bozukluklar\u0131 sebebiyle cinsel ili\u015fkide ciddi sorunlar meydana gelebilmektedir.<\/p>\n<p>Vaginoplasti i\u015fleminde doku fazlal\u0131klar\u0131 al\u0131n\u0131r ve daraltma i\u015flemleri tamamlan\u0131r. Bu i\u015flemle ayn\u0131 zamanda doku gen\u00e7le\u015ftirmesi de yap\u0131lmaktad\u0131r. Bu operasyon genel anestezi alt\u0131nda uygulanmaktad\u0131r. \u0130\u015flem yakla\u015f\u0131k olarak 30-45 dakikada tamamlanmaktad\u0131r.<\/p>\n<p><strong>Do\u011fum Sonras\u0131 \u0130zlerin Tedavisi<\/strong><\/p>\n<p>Kad\u0131nlarda normal do\u011fum s\u0131ras\u0131nda epizyotomi uygulanmas\u0131 gerekebilmektedir. Bunun i\u00e7in de baz\u0131 kesilerin uygulanmas\u0131 gerekebilmektedir.<\/p>\n<p>Bu kesilerin ba\u015far\u0131s\u0131z olmas\u0131 durumunda genital b\u00f6lgede estetik a\u00e7\u0131dan olumsuz g\u00f6r\u00fcnt\u00fcler ortaya \u00e7\u0131kabilmektedir. Skar dokular\u0131 bu a\u015famada lokal anestezi kullan\u0131larak basit \u015fekilde onar\u0131labilmektedir.<\/p>\n<p><strong>Hymenoplasti &#8211; K\u0131zl\u0131k Zar\u0131 Dikimi<\/strong><\/p>\n<p>K\u0131zl\u0131k zar\u0131 dikimi de genital estetik kapsam\u0131nda uygulanmaktad\u0131r. Hymenoplasti y\u0131rt\u0131lan k\u0131zl\u0131k zar\u0131n\u0131n tekrar dikimi i\u015flemidir. Estetik a\u00e7\u0131dan uygulanan bir operasyon de\u011fildir. K\u0131zl\u0131k zar\u0131 par\u00e7alar\u0131 kaybolmad\u0131\u011f\u0131 s\u00fcrece zar dikimi m\u00fcmk\u00fcn olmaktad\u0131r.<\/p>\n","protected":false},"excerpt":{"rendered":"<p>Genital estetik, g\u00fcn\u00fcm\u00fczde en \u00e7ok uygulanan estetik operasyonlar\u0131ndan biridir. G\u00fczel bir g\u00f6r\u00fcn\u00fcm, kad\u0131na kendini g\u00fcvenli, mutlu ve \u00e7ekici hissettiren \u00f6nemli bir konudur. Bu noktada genital b\u00f6lgenin be\u011fenilmemesi, g\u00f6r\u00fcnt\u00fcs\u00fcnden rahats\u0131z olunmas\u0131 cinsel hayat kalitesinin kad\u0131n a\u00e7\u0131s\u0131ndan d\u00fc\u015fmesine yol a\u00e7\u0131yor. Genital b\u00f6lge g\u00fczelli\u011fi konusunda belirli ve standart bir g\u00fczellik alg\u0131s\u0131n\u0131n olmad\u0131\u011f\u0131 bilinmelidir. Ancak kad\u0131n belirli durumlardan rahats\u0131z [&hellip;]<\/p>\n","protected":false},"author":1,"featured_media":0,"parent":0,"menu_order":0,"comment_status":"closed","ping_status":"closed","template":"","meta":{"footnotes":""},"class_list":["post-8754","page","type-page","status-publish","hentry"],"yoast_head":"<!-- This site is optimized with the Yoast SEO plugin v19.4 - https:\/\/yoast.com\/wordpress\/plugins\/seo\/ -->\n<title>Genital Estetik - Ayfa Clinic<\/title>\n<meta name=\"robots\" content=\"index, follow, max-snippet:-1, max-image-preview:large, max-video-preview:-1\" \/>\n<link rel=\"canonical\" href=\"https:\/\/www.ayfaclinic.com\/tr\/genital-estetik\/\" \/>\n<meta property=\"og:locale\" content=\"tr_TR\" \/>\n<meta property=\"og:type\" content=\"article\" \/>\n<meta property=\"og:title\" content=\"Genital Estetik - Ayfa Clinic\" \/>\n<meta property=\"og:description\" content=\"Genital estetik, g\u00fcn\u00fcm\u00fczde en \u00e7ok uygulanan estetik operasyonlar\u0131ndan biridir. G\u00fczel bir g\u00f6r\u00fcn\u00fcm, kad\u0131na kendini g\u00fcvenli, mutlu ve \u00e7ekici hissettiren \u00f6nemli bir konudur. Bu noktada genital b\u00f6lgenin be\u011fenilmemesi, g\u00f6r\u00fcnt\u00fcs\u00fcnden rahats\u0131z olunmas\u0131 cinsel hayat kalitesinin kad\u0131n a\u00e7\u0131s\u0131ndan d\u00fc\u015fmesine yol a\u00e7\u0131yor. Genital b\u00f6lge g\u00fczelli\u011fi konusunda belirli ve standart bir g\u00fczellik alg\u0131s\u0131n\u0131n olmad\u0131\u011f\u0131 bilinmelidir. Ancak kad\u0131n belirli durumlardan rahats\u0131z [&hellip;]\" \/>\n<meta property=\"og:url\" content=\"https:\/\/www.ayfaclinic.com\/tr\/genital-estetik\/\" \/>\n<meta property=\"og:site_name\" content=\"Ayfa Clinic T&uuml;rkiye\" \/>\n<meta name=\"twitter:card\" content=\"summary_large_image\" \/>\n<meta name=\"twitter:label1\" content=\"Tahmini okuma s\u00fcresi\" \/>\n\t<meta name=\"twitter:data1\" content=\"3 dakika\" \/>\n<script type=\"application\/ld+json\" class=\"yoast-schema-graph\">{\"@context\":\"https:\/\/schema.org\",\"@graph\":[{\"@type\":\"WebSite\",\"@id\":\"https:\/\/www.ayfaclinic.com\/tr\/#website\",\"url\":\"https:\/\/www.ayfaclinic.com\/tr\/\",\"name\":\"Ayfa Clinic T&uuml;rkiye\",\"description\":\"Ayfa Clinic - Health Starts Here\",\"potentialAction\":[{\"@type\":\"SearchAction\",\"target\":{\"@type\":\"EntryPoint\",\"urlTemplate\":\"https:\/\/www.ayfaclinic.com\/tr\/?s={search_term_string}\"},\"query-input\":\"required name=search_term_string\"}],\"inLanguage\":\"tr\"},{\"@type\":\"WebPage\",\"@id\":\"https:\/\/www.ayfaclinic.com\/tr\/genital-estetik\/\",\"url\":\"https:\/\/www.ayfaclinic.com\/tr\/genital-estetik\/\",\"name\":\"Genital Estetik - Ayfa Clinic\",\"isPartOf\":{\"@id\":\"https:\/\/www.ayfaclinic.com\/tr\/#website\"},\"datePublished\":\"2022-08-19T10:48:15+00:00\",\"dateModified\":\"2022-08-19T10:48:15+00:00\",\"breadcrumb\":{\"@id\":\"https:\/\/www.ayfaclinic.com\/tr\/genital-estetik\/#breadcrumb\"},\"inLanguage\":\"tr\",\"potentialAction\":[{\"@type\":\"ReadAction\",\"target\":[\"https:\/\/www.ayfaclinic.com\/tr\/genital-estetik\/\"]}]},{\"@type\":\"BreadcrumbList\",\"@id\":\"https:\/\/www.ayfaclinic.com\/tr\/genital-estetik\/#breadcrumb\",\"itemListElement\":[{\"@type\":\"ListItem\",\"position\":1,\"name\":\"Anasayfa\",\"item\":\"https:\/\/www.ayfaclinic.com\/tr\/\"},{\"@type\":\"ListItem\",\"position\":2,\"name\":\"Genital Estetik\"}]}]}<\/script>\n<!-- \/ Yoast SEO plugin. -->","yoast_head_json":{"title":"Genital Estetik - Ayfa Clinic","robots":{"index":"index","follow":"follow","max-snippet":"max-snippet:-1","max-image-preview":"max-image-preview:large","max-video-preview":"max-video-preview:-1"},"canonical":"https:\/\/www.ayfaclinic.com\/tr\/genital-estetik\/","og_locale":"tr_TR","og_type":"article","og_title":"Genital Estetik - Ayfa Clinic","og_description":"Genital estetik, g\u00fcn\u00fcm\u00fczde en \u00e7ok uygulanan estetik operasyonlar\u0131ndan biridir. G\u00fczel bir g\u00f6r\u00fcn\u00fcm, kad\u0131na kendini g\u00fcvenli, mutlu ve \u00e7ekici hissettiren \u00f6nemli bir konudur. Bu noktada genital b\u00f6lgenin be\u011fenilmemesi, g\u00f6r\u00fcnt\u00fcs\u00fcnden rahats\u0131z olunmas\u0131 cinsel hayat kalitesinin kad\u0131n a\u00e7\u0131s\u0131ndan d\u00fc\u015fmesine yol a\u00e7\u0131yor. Genital b\u00f6lge g\u00fczelli\u011fi konusunda belirli ve standart bir g\u00fczellik alg\u0131s\u0131n\u0131n olmad\u0131\u011f\u0131 bilinmelidir. Ancak kad\u0131n belirli durumlardan rahats\u0131z [&hellip;]","og_url":"https:\/\/www.ayfaclinic.com\/tr\/genital-estetik\/","og_site_name":"Ayfa Clinic T&uuml;rkiye","twitter_card":"summary_large_image","twitter_misc":{"Tahmini okuma s\u00fcresi":"3 dakika"},"schema":{"@context":"https:\/\/schema.org","@graph":[{"@type":"WebSite","@id":"https:\/\/www.ayfaclinic.com\/tr\/#website","url":"https:\/\/www.ayfaclinic.com\/tr\/","name":"Ayfa Clinic T&uuml;rkiye","description":"Ayfa Clinic - Health Starts Here","potentialAction":[{"@type":"SearchAction","target":{"@type":"EntryPoint","urlTemplate":"https:\/\/www.ayfaclinic.com\/tr\/?s={search_term_string}"},"query-input":"required name=search_term_string"}],"inLanguage":"tr"},{"@type":"WebPage","@id":"https:\/\/www.ayfaclinic.com\/tr\/genital-estetik\/","url":"https:\/\/www.ayfaclinic.com\/tr\/genital-estetik\/","name":"Genital Estetik - Ayfa Clinic","isPartOf":{"@id":"https:\/\/www.ayfaclinic.com\/tr\/#website"},"datePublished":"2022-08-19T10:48:15+00:00","dateModified":"2022-08-19T10:48:15+00:00","breadcrumb":{"@id":"https:\/\/www.ayfaclinic.com\/tr\/genital-estetik\/#breadcrumb"},"inLanguage":"tr","potentialAction":[{"@type":"ReadAction","target":["https:\/\/www.ayfaclinic.com\/tr\/genital-estetik\/"]}]},{"@type":"BreadcrumbList","@id":"https:\/\/www.ayfaclinic.com\/tr\/genital-estetik\/#breadcrumb","itemListElement":[{"@type":"ListItem","position":1,"name":"Anasayfa","item":"https:\/\/www.ayfaclinic.com\/tr\/"},{"@type":"ListItem","position":2,"name":"Genital Estetik"}]}]}},"_links":{"self":[{"href":"https:\/\/www.ayfaclinic.com\/tr\/wp-json\/wp\/v2\/pages\/8754","targetHints":{"allow":["GET"]}}],"collection":[{"href":"https:\/\/www.ayfaclinic.com\/tr\/wp-json\/wp\/v2\/pages"}],"about":[{"href":"https:\/\/www.ayfaclinic.com\/tr\/wp-json\/wp\/v2\/types\/page"}],"author":[{"embeddable":true,"href":"https:\/\/www.ayfaclinic.com\/tr\/wp-json\/wp\/v2\/users\/1"}],"replies":[{"embeddable":true,"href":"https:\/\/www.ayfaclinic.com\/tr\/wp-json\/wp\/v2\/comments?post=8754"}],"version-history":[{"count":1,"href":"https:\/\/www.ayfaclinic.com\/tr\/wp-json\/wp\/v2\/pages\/8754\/revisions"}],"predecessor-version":[{"id":8755,"href":"https:\/\/www.ayfaclinic.com\/tr\/wp-json\/wp\/v2\/pages\/8754\/revisions\/8755"}],"wp:attachment":[{"href":"https:\/\/www.ayfaclinic.com\/tr\/wp-json\/wp\/v2\/media?parent=8754"}],"curies":[{"name":"wp","href":"https:\/\/api.w.org\/{rel}","templated":true}]}}