{"id":8737,"date":"2022-08-19T10:44:26","date_gmt":"2022-08-19T10:44:26","guid":{"rendered":"https:\/\/www.ayfaclinic.com\/tr\/?page_id=8737"},"modified":"2022-08-19T10:44:26","modified_gmt":"2022-08-19T10:44:26","slug":"estetik-dis-hekimligi","status":"publish","type":"page","link":"https:\/\/www.ayfaclinic.com\/tr\/estetik-dis-hekimligi\/","title":{"rendered":"Estetik Di\u015f Hekimli\u011fi"},"content":{"rendered":"<div id=\"ez-toc-container\" class=\"ez-toc-v2_0_29 counter-hierarchy counter-decimal ez-toc-grey\">\n<div class=\"ez-toc-title-container\">\n<p class=\"ez-toc-title\">Yaz\u0131 \u0130&ccedil;eri\u011fi<\/p>\n<span class=\"ez-toc-title-toggle\"><a href=\"#\" class=\"ez-toc-pull-right ez-toc-btn ez-toc-btn-xs ez-toc-btn-default ez-toc-toggle\" style=\"display: none;\"><label for=\"item\" aria-label=\"Table of Content\"><i class=\"ez-toc-glyphicon ez-toc-icon-toggle\"><\/i><\/label><input type=\"checkbox\" id=\"item\"><\/a><\/span><\/div>\n<nav><ul class=\"ez-toc-list ez-toc-list-level-1\"><li class=\"ez-toc-page-1 ez-toc-heading-level-2\"><a class=\"ez-toc-link ez-toc-heading-1\" href=\"https:\/\/www.ayfaclinic.com\/tr\/estetik-dis-hekimligi\/#Laminate_Veener_Yaprak_Porselen\" title=\"Laminate Veener (Yaprak Porselen)\">Laminate Veener (Yaprak Porselen)<\/a><\/li><li class=\"ez-toc-page-1 ez-toc-heading-level-2\"><a class=\"ez-toc-link ez-toc-heading-2\" href=\"https:\/\/www.ayfaclinic.com\/tr\/estetik-dis-hekimligi\/#Tam_porselen_kronlar\" title=\"Tam porselen kronlar\">Tam porselen kronlar<\/a><\/li><li class=\"ez-toc-page-1 ez-toc-heading-level-2\"><a class=\"ez-toc-link ez-toc-heading-3\" href=\"https:\/\/www.ayfaclinic.com\/tr\/estetik-dis-hekimligi\/#Zirkonyum_kronlar\" title=\"Zirkonyum kronlar\">Zirkonyum kronlar<\/a><\/li><li class=\"ez-toc-page-1 ez-toc-heading-level-2\"><a class=\"ez-toc-link ez-toc-heading-4\" href=\"https:\/\/www.ayfaclinic.com\/tr\/estetik-dis-hekimligi\/#Kompozit_Veneer_Estetik_Dolgular\" title=\"Kompozit Veneer (Estetik Dolgular)\">Kompozit Veneer (Estetik Dolgular)<\/a><\/li><li class=\"ez-toc-page-1 ez-toc-heading-level-2\"><a class=\"ez-toc-link ez-toc-heading-5\" href=\"https:\/\/www.ayfaclinic.com\/tr\/estetik-dis-hekimligi\/#Dis_Beyazlatma_Dental_Bleaching_Teeth_whitening\" title=\"Di\u015f Beyazlatma (Dental Bleaching, Teeth whitening)\">Di\u015f Beyazlatma (Dental Bleaching, Teeth whitening)<\/a><\/li><li class=\"ez-toc-page-1 ez-toc-heading-level-2\"><a class=\"ez-toc-link ez-toc-heading-6\" href=\"https:\/\/www.ayfaclinic.com\/tr\/estetik-dis-hekimligi\/#Dis_Eti_Estetigi\" title=\"Di\u015f Eti Esteti\u011fi\">Di\u015f Eti Esteti\u011fi<\/a><\/li><\/ul><\/nav><\/div>\n<h2><span class=\"ez-toc-section\" id=\"Laminate_Veener_Yaprak_Porselen\"><\/span>Laminate Veener (Yaprak Porselen)<span class=\"ez-toc-section-end\"><\/span><\/h2>\n<p>Di\u015flerin \u00f6n y\u00fczlerine yap\u0131\u015ft\u0131r\u0131lan porselen yapraklard\u0131r.\u00a0 Di\u015f Hekimli\u011finin en koruyucu tedavi yakla\u015f\u0131m\u0131d\u0131r.<strong>Laminate \u00a0Veneerlerin yap\u0131m\u0131 s\u0131ras\u0131nda di\u015flerin \u00f6n y\u00fczeyinden 0,3-0.5 mm civar\u0131nda mine dokusu a\u015f\u0131nd\u0131r\u0131l\u0131r<\/strong>. Baz\u0131 hastalar\u0131m\u0131zda ise di\u015ften a\u015f\u0131nd\u0131rma yapmadan da yap\u0131labilmektedir (Lumineers). A\u015f\u0131nd\u0131r\u0131lan di\u015f dokusu yerine \u00e7ok ince laminate veneerler yerle\u015ftirilir. Bu ince porselen yap\u0131 sayesinde \u0131\u015f\u0131k ge\u00e7irgenli\u011fi fazlad\u0131r ve orjinal di\u015f dokusunu \u00e7ok iyi taklit ederler.<\/p>\n<p>Hastalar\u0131m\u0131z\u0131n a\u011f\u0131z i\u00e7i (\u00f6zellikle di\u015f eti problemleri) ba\u015fka problemleri yoksa ve di\u015flerde dikey boyutta de\u011fi\u015fiklik yap\u0131lmayacaksa tedavi s\u00fcresi olduk\u00e7a k\u0131sad\u0131r. Dijital tekniklerle veya standart \u00f6l\u00e7\u00fc teknikleri kullan\u0131larak hastadan \u00f6l\u00e7\u00fc al\u0131n\u0131r. Tedavi s\u00fcresi ortalama\u00a0 5-7 g\u00fcnd\u00fcr.<\/p>\n<p>A\u011f\u0131z i\u00e7inde (mock-up) ve a\u011f\u0131z d\u0131\u015f\u0131 (Wax- up) uygulamalar\u0131 ile di\u015flerinizde herhangi bir uygulama yapmadan son hali hakk\u0131nda fikir y\u00fcr\u00fctebilir ve bu \u00f6n \u00e7al\u0131\u015fmalar sayesinde istedi\u011finiz de\u011fi\u015fiklikler hakk\u0131nda hekiminizle konu\u015fabilirsiniz. Bu \u00e7al\u0131\u015fmadaki amac\u0131m\u0131z hastam\u0131z\u0131n g\u00fcl\u00fcmseme hatt\u0131, di\u015f eti g\u00f6r\u00fcn\u00fcm\u00fc, di\u015flerin boyut ve konturlar\u0131ndaki yapaca\u011f\u0131m\u0131z de\u011fi\u015fiklikleri ve di\u015flerin y\u00fcz hatlar\u0131 ile uyumunu de\u011ferlendirmektir.<\/p>\n<h2><span class=\"ez-toc-section\" id=\"Tam_porselen_kronlar\"><\/span>Tam porselen kronlar<span class=\"ez-toc-section-end\"><\/span><\/h2>\n<p>Estetik olarak en ideal kronlard\u0131r. Di\u015f esteti\u011finde vazge\u00e7ilmez unsur restorasyonun do\u011fal di\u015f dokusunu taklit edebilmesi ve \u0131\u015f\u0131k ge\u00e7irgenli\u011finin olmas\u0131d\u0131r. \u00d6zellikle \u00f6n b\u00f6lgede g\u00fclme hatt\u0131nda<strong> laminate veneer olmayacak kadar di\u015f harabiyeti olan hastalar\u0131m\u0131zda<\/strong> tercih etmekteyiz. Bu restorasyonlarda di\u015f \u00e7epe\u00e7evre kesilir. Dijital tekniklerle veya standart \u00f6l\u00e7\u00fc teknikleri kullan\u0131larak hastadan \u00f6l\u00e7\u00fc al\u0131n\u0131r. Tedavi s\u00fcresi ortalama 5-7 g\u00fcnd\u00fcr.<\/p>\n<h2><span class=\"ez-toc-section\" id=\"Zirkonyum_kronlar\"><\/span>Zirkonyum kronlar<span class=\"ez-toc-section-end\"><\/span><\/h2>\n<p>Metal destekli porselen kronlar\u0131n alt yap\u0131s\u0131nda bulunan metalin gri bir renk yans\u0131tmas\u0131, metal alerjisi olan ki\u015filerde g\u00f6r\u00fclen alerjik reaksiyonlar ve zaman i\u00e7erisinde di\u015f etinde renklenmelere sebep olmas\u0131 gibi olumsuz sonu\u00e7lar do\u011furmu\u015ftur. Zirkonyum,\u00a0 metal destekli k\u00f6pr\u00fclerde bulan metal gibi bir alt yap\u0131 materyalidir. Gerek estetik gerekse <strong>arka grup di\u015flerdeki \u00e7i\u011fneme kuvvetlerine kar\u015f\u0131 diren\u00e7li<\/strong> olmas\u0131ndan dolay\u0131 tercih edilmektedir. Zirkonyum alt yap\u0131n\u0131n \u00fczerine porselen i\u015flenerek di\u015fin final formu elde edilir.<\/p>\n<h2><span class=\"ez-toc-section\" id=\"Kompozit_Veneer_Estetik_Dolgular\"><\/span>Kompozit Veneer (Estetik Dolgular)<span class=\"ez-toc-section-end\"><\/span><\/h2>\n<p>Dolgu materyallerindeki teknolojik geli\u015fmeler, porselenlerde oldu\u011fu gibi kompozit dolgularda da estetik sonu\u00e7lar g\u00f6zlenmesini sa\u011flam\u0131\u015ft\u0131r. Kompozit veneerlar a\u011f\u0131z i\u00e7inde direkt uygulanabildi\u011fi gibi a\u011f\u0131z d\u0131\u015f\u0131 baz\u0131 laboratuar \u00e7al\u0131\u015fmalar\u0131yla desteklenerek de uygulanabilmektedir. <strong>Kompozit veneerlerin, laminate veneerlere g\u00f6re en \u00f6nemli dezavantaj\u0131 y\u00fczeyleri ne kadar cilal\u0131 ve p\u00fcr\u00fczs\u00fcz b\u0131rak\u0131lmaya \u00e7al\u0131\u015f\u0131lsa bile zamanla cilal\u0131 y\u00fczeyin kaybolmas\u0131 ve renklenmesidir<\/strong>. Bu dezavantajdan dolay\u0131 klini\u011fimizde genelde Laminate veneerler tercih edilmektedir.<\/p>\n<h2><span class=\"ez-toc-section\" id=\"Dis_Beyazlatma_Dental_Bleaching_Teeth_whitening\"><\/span>Di\u015f Beyazlatma (Dental Bleaching, Teeth whitening)<span class=\"ez-toc-section-end\"><\/span><\/h2>\n<p>Hepimizin iste\u011fi daha beyaz ve do\u011fal g\u00f6r\u00fcnen di\u015flere sahip olmak. Di\u015f beyazlatma kendi do\u011fal di\u015flerinin renginden mutu olmayan hastalar\u0131m\u0131z i\u00e7in en koruyucu estetik uygulamalar aras\u0131nda yer almaktad\u0131r. 2 \u00e7e\u015fit di\u015f beyazlatma teknik vard\u0131r; Office Bleaching (muayenehane ortam\u0131nda doktor taraf\u0131ndan uygulanan) ve Home Bleaching (Hasta taraf\u0131ndan evde uygulanan). Office bleaching tipi beyazlatmada ortalama beyazlatma i\u015flemi 1 saat i\u00e7erisinde bitmektedir. Bu i\u015flem s\u0131ras\u0131nda kullan\u0131lan beyazlatma jelinin konsantrasyonu y\u00fcksek oldu\u011fundan 4-8 ton aras\u0131nda beyazlatma bu s\u00fcre sonunda elde edilir. Home belaching i\u015flemi i\u00e7in hastadan al\u0131nan \u00f6l\u00e7\u00fc ile hastaya ait bir beyazlatma pla\u011f\u0131 \u00fcretilir, bu pla\u011fa hasta jel uygulayarak her g\u00fcn 4 saat civar\u0131nda a\u011f\u0131zda ta\u015f\u0131mas\u0131 gerekir. Home bleachingde beyazlatma kademeli ve daha yava\u015f olmaktad\u0131r. klini\u011fimizde genel olarak uygulamay\u0131 do\u011fru buldu\u011fumuz teknik, office belaching tekni\u011fi uyguland\u0131ktan sonra 15 g\u00fcn boyunca hastan\u0131n Home bleaching i\u015flemine devam etmesidir.<\/p>\n<h2><span class=\"ez-toc-section\" id=\"Dis_Eti_Estetigi\"><\/span>Di\u015f Eti Esteti\u011fi<span class=\"ez-toc-section-end\"><\/span><\/h2>\n<p>Estetik di\u015f hekimli\u011fi uygulamalar\u0131n\u0131n olmazsa olmaz\u0131 sa\u011fl\u0131k di\u015f etlerinin varl\u0131\u011f\u0131d\u0131r. di\u015flere uygulanan her ne i\u015flem olursa olsun e\u011fer sa\u011fl\u0131kl\u0131 di\u015f etleriniz yoksa bu uygulamalar\u0131n ba\u015far\u0131l\u0131 olmas\u0131 m\u00fcmk\u00fcn de\u011fildir. Bunun i\u00e7inde hastan\u0131n di\u015f etlerinin sa\u011fl\u0131\u011f\u0131ndan emin olunduktan sonra di\u011fer i\u015flemlere ba\u015flanmal\u0131d\u0131r. En \u00e7ok kar\u015f\u0131m\u0131za \u00e7\u0131kan problem g\u00fclme s\u0131ras\u0131nda g\u00fclme hatt\u0131nda (smile line) veya konu\u015fma s\u0131ras\u0131nda hastan\u0131n di\u015f etlerinin \u00e7ok fazla g\u00f6z\u00fckmesidir. Bu durum di\u015f esteti\u011fini olumsuz y\u00f6nde etkilemektedir. Y\u00fcz bir b\u00fct\u00fcnd\u00fcr ve her bir unsur di\u011feri ile ahenk i\u00e7erisinde oldu\u011fu s\u00fcrece estetik bir sonu\u00e7 \u00e7\u0131kar. Di\u015f etlerinin g\u00fclme s\u0131ras\u0131nda 1-2 mm civar\u0131nda g\u00f6z\u00fckmesi idealdir. \u00c7ok fazla g\u00f6z\u00fckt\u00fc\u011f\u00fc durumlarda (gummy smile) ise di\u015f etlerinin biyolojik s\u0131n\u0131rlar i\u00e7erisinde kesilmesi (lazer vb.) hastan\u0131n di\u015f boyutlar\u0131n\u0131 artt\u0131rmakta ve di\u015f eti g\u00f6r\u00fcn\u00fcm\u00fcn\u00fc azaltmaktad\u0131r. Bunlar d\u0131\u015f\u0131nda\u00a0 flep operasyonlar\u0131 ve cerrahi di\u011fer prosed\u00fcrlerle di\u015f eti g\u00f6r\u00fcn\u00fcm\u00fc de azalt\u0131lmaktad\u0131r. Ayr\u0131ca di\u015flere yap\u0131lacak i\u015flemlerden \u00f6nce di\u015f etlerinin birbirlerine g\u00f6re uyumsuz boyutlar\u0131n\u0131 elimine etmek i\u00e7inde di\u015f etlerine gingivektomi ve gingivoplasti (di\u015f eti d\u00fczenlemesi) yap\u0131lmas\u0131 gerekebilir. Bu i\u015flem tek bir di\u015fi, birka\u00e7 di\u015f\u00a0 veya full bir \u00e7eneyi kapsayabilir.<\/p>\n","protected":false},"excerpt":{"rendered":"<p>Laminate Veener (Yaprak Porselen) Di\u015flerin \u00f6n y\u00fczlerine yap\u0131\u015ft\u0131r\u0131lan porselen yapraklard\u0131r.\u00a0 Di\u015f Hekimli\u011finin en koruyucu tedavi yakla\u015f\u0131m\u0131d\u0131r.Laminate \u00a0Veneerlerin yap\u0131m\u0131 s\u0131ras\u0131nda di\u015flerin \u00f6n y\u00fczeyinden 0,3-0.5 mm civar\u0131nda mine dokusu a\u015f\u0131nd\u0131r\u0131l\u0131r. Baz\u0131 hastalar\u0131m\u0131zda ise di\u015ften a\u015f\u0131nd\u0131rma yapmadan da yap\u0131labilmektedir (Lumineers). A\u015f\u0131nd\u0131r\u0131lan di\u015f dokusu yerine \u00e7ok ince laminate veneerler yerle\u015ftirilir. Bu ince porselen yap\u0131 sayesinde \u0131\u015f\u0131k ge\u00e7irgenli\u011fi fazlad\u0131r ve [&hellip;]<\/p>\n","protected":false},"author":1,"featured_media":0,"parent":0,"menu_order":0,"comment_status":"closed","ping_status":"closed","template":"","meta":{"footnotes":""},"class_list":["post-8737","page","type-page","status-publish","hentry"],"yoast_head":"<!-- This site is optimized with the Yoast SEO plugin v19.4 - https:\/\/yoast.com\/wordpress\/plugins\/seo\/ -->\n<title>Estetik Di\u015f Hekimli\u011fi - Ayfa Clinic<\/title>\n<meta name=\"robots\" content=\"index, follow, max-snippet:-1, max-image-preview:large, max-video-preview:-1\" \/>\n<link rel=\"canonical\" href=\"https:\/\/www.ayfaclinic.com\/tr\/estetik-dis-hekimligi\/\" \/>\n<meta property=\"og:locale\" content=\"tr_TR\" \/>\n<meta property=\"og:type\" content=\"article\" \/>\n<meta property=\"og:title\" content=\"Estetik Di\u015f Hekimli\u011fi - Ayfa Clinic\" \/>\n<meta property=\"og:description\" content=\"Laminate Veener (Yaprak Porselen) Di\u015flerin \u00f6n y\u00fczlerine yap\u0131\u015ft\u0131r\u0131lan porselen yapraklard\u0131r.\u00a0 Di\u015f Hekimli\u011finin en koruyucu tedavi yakla\u015f\u0131m\u0131d\u0131r.Laminate \u00a0Veneerlerin yap\u0131m\u0131 s\u0131ras\u0131nda di\u015flerin \u00f6n y\u00fczeyinden 0,3-0.5 mm civar\u0131nda mine dokusu a\u015f\u0131nd\u0131r\u0131l\u0131r. Baz\u0131 hastalar\u0131m\u0131zda ise di\u015ften a\u015f\u0131nd\u0131rma yapmadan da yap\u0131labilmektedir (Lumineers). A\u015f\u0131nd\u0131r\u0131lan di\u015f dokusu yerine \u00e7ok ince laminate veneerler yerle\u015ftirilir. Bu ince porselen yap\u0131 sayesinde \u0131\u015f\u0131k ge\u00e7irgenli\u011fi fazlad\u0131r ve [&hellip;]\" \/>\n<meta property=\"og:url\" content=\"https:\/\/www.ayfaclinic.com\/tr\/estetik-dis-hekimligi\/\" \/>\n<meta property=\"og:site_name\" content=\"Ayfa Clinic T&uuml;rkiye\" \/>\n<meta name=\"twitter:card\" content=\"summary_large_image\" \/>\n<meta name=\"twitter:label1\" content=\"Tahmini okuma s\u00fcresi\" \/>\n\t<meta name=\"twitter:data1\" content=\"4 dakika\" \/>\n<script type=\"application\/ld+json\" class=\"yoast-schema-graph\">{\"@context\":\"https:\/\/schema.org\",\"@graph\":[{\"@type\":\"WebSite\",\"@id\":\"https:\/\/www.ayfaclinic.com\/tr\/#website\",\"url\":\"https:\/\/www.ayfaclinic.com\/tr\/\",\"name\":\"Ayfa Clinic T&uuml;rkiye\",\"description\":\"Ayfa Clinic - Health Starts Here\",\"potentialAction\":[{\"@type\":\"SearchAction\",\"target\":{\"@type\":\"EntryPoint\",\"urlTemplate\":\"https:\/\/www.ayfaclinic.com\/tr\/?s={search_term_string}\"},\"query-input\":\"required name=search_term_string\"}],\"inLanguage\":\"tr\"},{\"@type\":\"WebPage\",\"@id\":\"https:\/\/www.ayfaclinic.com\/tr\/estetik-dis-hekimligi\/\",\"url\":\"https:\/\/www.ayfaclinic.com\/tr\/estetik-dis-hekimligi\/\",\"name\":\"Estetik Di\u015f Hekimli\u011fi - Ayfa Clinic\",\"isPartOf\":{\"@id\":\"https:\/\/www.ayfaclinic.com\/tr\/#website\"},\"datePublished\":\"2022-08-19T10:44:26+00:00\",\"dateModified\":\"2022-08-19T10:44:26+00:00\",\"breadcrumb\":{\"@id\":\"https:\/\/www.ayfaclinic.com\/tr\/estetik-dis-hekimligi\/#breadcrumb\"},\"inLanguage\":\"tr\",\"potentialAction\":[{\"@type\":\"ReadAction\",\"target\":[\"https:\/\/www.ayfaclinic.com\/tr\/estetik-dis-hekimligi\/\"]}]},{\"@type\":\"BreadcrumbList\",\"@id\":\"https:\/\/www.ayfaclinic.com\/tr\/estetik-dis-hekimligi\/#breadcrumb\",\"itemListElement\":[{\"@type\":\"ListItem\",\"position\":1,\"name\":\"Anasayfa\",\"item\":\"https:\/\/www.ayfaclinic.com\/tr\/\"},{\"@type\":\"ListItem\",\"position\":2,\"name\":\"Estetik Di\u015f Hekimli\u011fi\"}]}]}<\/script>\n<!-- \/ Yoast SEO plugin. -->","yoast_head_json":{"title":"Estetik Di\u015f Hekimli\u011fi - Ayfa Clinic","robots":{"index":"index","follow":"follow","max-snippet":"max-snippet:-1","max-image-preview":"max-image-preview:large","max-video-preview":"max-video-preview:-1"},"canonical":"https:\/\/www.ayfaclinic.com\/tr\/estetik-dis-hekimligi\/","og_locale":"tr_TR","og_type":"article","og_title":"Estetik Di\u015f Hekimli\u011fi - Ayfa Clinic","og_description":"Laminate Veener (Yaprak Porselen) Di\u015flerin \u00f6n y\u00fczlerine yap\u0131\u015ft\u0131r\u0131lan porselen yapraklard\u0131r.\u00a0 Di\u015f Hekimli\u011finin en koruyucu tedavi yakla\u015f\u0131m\u0131d\u0131r.Laminate \u00a0Veneerlerin yap\u0131m\u0131 s\u0131ras\u0131nda di\u015flerin \u00f6n y\u00fczeyinden 0,3-0.5 mm civar\u0131nda mine dokusu a\u015f\u0131nd\u0131r\u0131l\u0131r. Baz\u0131 hastalar\u0131m\u0131zda ise di\u015ften a\u015f\u0131nd\u0131rma yapmadan da yap\u0131labilmektedir (Lumineers). A\u015f\u0131nd\u0131r\u0131lan di\u015f dokusu yerine \u00e7ok ince laminate veneerler yerle\u015ftirilir. Bu ince porselen yap\u0131 sayesinde \u0131\u015f\u0131k ge\u00e7irgenli\u011fi fazlad\u0131r ve [&hellip;]","og_url":"https:\/\/www.ayfaclinic.com\/tr\/estetik-dis-hekimligi\/","og_site_name":"Ayfa Clinic T&uuml;rkiye","twitter_card":"summary_large_image","twitter_misc":{"Tahmini okuma s\u00fcresi":"4 dakika"},"schema":{"@context":"https:\/\/schema.org","@graph":[{"@type":"WebSite","@id":"https:\/\/www.ayfaclinic.com\/tr\/#website","url":"https:\/\/www.ayfaclinic.com\/tr\/","name":"Ayfa Clinic T&uuml;rkiye","description":"Ayfa Clinic - Health Starts Here","potentialAction":[{"@type":"SearchAction","target":{"@type":"EntryPoint","urlTemplate":"https:\/\/www.ayfaclinic.com\/tr\/?s={search_term_string}"},"query-input":"required name=search_term_string"}],"inLanguage":"tr"},{"@type":"WebPage","@id":"https:\/\/www.ayfaclinic.com\/tr\/estetik-dis-hekimligi\/","url":"https:\/\/www.ayfaclinic.com\/tr\/estetik-dis-hekimligi\/","name":"Estetik Di\u015f Hekimli\u011fi - Ayfa Clinic","isPartOf":{"@id":"https:\/\/www.ayfaclinic.com\/tr\/#website"},"datePublished":"2022-08-19T10:44:26+00:00","dateModified":"2022-08-19T10:44:26+00:00","breadcrumb":{"@id":"https:\/\/www.ayfaclinic.com\/tr\/estetik-dis-hekimligi\/#breadcrumb"},"inLanguage":"tr","potentialAction":[{"@type":"ReadAction","target":["https:\/\/www.ayfaclinic.com\/tr\/estetik-dis-hekimligi\/"]}]},{"@type":"BreadcrumbList","@id":"https:\/\/www.ayfaclinic.com\/tr\/estetik-dis-hekimligi\/#breadcrumb","itemListElement":[{"@type":"ListItem","position":1,"name":"Anasayfa","item":"https:\/\/www.ayfaclinic.com\/tr\/"},{"@type":"ListItem","position":2,"name":"Estetik Di\u015f Hekimli\u011fi"}]}]}},"_links":{"self":[{"href":"https:\/\/www.ayfaclinic.com\/tr\/wp-json\/wp\/v2\/pages\/8737","targetHints":{"allow":["GET"]}}],"collection":[{"href":"https:\/\/www.ayfaclinic.com\/tr\/wp-json\/wp\/v2\/pages"}],"about":[{"href":"https:\/\/www.ayfaclinic.com\/tr\/wp-json\/wp\/v2\/types\/page"}],"author":[{"embeddable":true,"href":"https:\/\/www.ayfaclinic.com\/tr\/wp-json\/wp\/v2\/users\/1"}],"replies":[{"embeddable":true,"href":"https:\/\/www.ayfaclinic.com\/tr\/wp-json\/wp\/v2\/comments?post=8737"}],"version-history":[{"count":1,"href":"https:\/\/www.ayfaclinic.com\/tr\/wp-json\/wp\/v2\/pages\/8737\/revisions"}],"predecessor-version":[{"id":8738,"href":"https:\/\/www.ayfaclinic.com\/tr\/wp-json\/wp\/v2\/pages\/8737\/revisions\/8738"}],"wp:attachment":[{"href":"https:\/\/www.ayfaclinic.com\/tr\/wp-json\/wp\/v2\/media?parent=8737"}],"curies":[{"name":"wp","href":"https:\/\/api.w.org\/{rel}","templated":true}]}}