{"id":8789,"date":"2022-08-05T17:39:28","date_gmt":"2022-08-05T17:39:28","guid":{"rendered":"https:\/\/www.ayfaclinic.com\/es\/?page_id=8789"},"modified":"2022-08-05T17:39:28","modified_gmt":"2022-08-05T17:39:28","slug":"periodoncia","status":"publish","type":"page","link":"https:\/\/www.ayfaclinic.com\/es\/periodoncia\/","title":{"rendered":"Periodoncia"},"content":{"rendered":"<p>La periodoncia es el campo de la odontolog\u00eda, que abarca el tratamiento de dientes y tejidos que rodean el diente. Las enfermedades periodontales son generalmente se dividen en dos categor\u00edas, como gingivitis y periodontitis (inflamatorias enfermedades acompa\u00f1adas de p\u00e9rdida \u00f3sea junto con gingivitis). Enfermedades periodontales son la causa del 70% de la p\u00e9rdida de dientes en adultos. En la gingivitis, solo las enc\u00edas est\u00e1n afectadas. Durante este per\u00edodo, las enc\u00edas sangran, se enrojecen y se hinchan. Si la inflamaci\u00f3n simple de las enc\u00edas progresa, puede causar una enfermedad de las enc\u00edas llamado \u00abperiodontitis\u00bb, que conduce a la p\u00e9rdida de la mand\u00edbula. Tabaquismo, factores gen\u00e9ticos, cambios hormonales, estr\u00e9s, uso de medicamentos, bruxismo, algunas enfermedades sist\u00e9micas, desnutrici\u00f3n y las restauraciones realizadas incorrectamente tambi\u00e9n son causas de enfermedad periodontal.<\/p>\n<div id=\"ez-toc-container\" class=\"ez-toc-v2_0_29 counter-hierarchy counter-decimal ez-toc-grey\">\n<div class=\"ez-toc-title-container\">\n<p class=\"ez-toc-title\">Contenido<\/p>\n<span class=\"ez-toc-title-toggle\"><a href=\"#\" class=\"ez-toc-pull-right ez-toc-btn ez-toc-btn-xs ez-toc-btn-default ez-toc-toggle\" style=\"display: none;\"><label for=\"item\" aria-label=\"Tabla de contenidos\"><i class=\"ez-toc-glyphicon ez-toc-icon-toggle\"><\/i><\/label><input type=\"checkbox\" id=\"item\"><\/a><\/span><\/div>\n<nav><ul class=\"ez-toc-list ez-toc-list-level-1\"><li class=\"ez-toc-page-1 ez-toc-heading-level-2\"><a class=\"ez-toc-link ez-toc-heading-1\" href=\"https:\/\/www.ayfaclinic.com\/es\/periodoncia\/#Tipos_de_Tratamiento_Periodontal\" title=\"Tipos de Tratamiento Periodontal\">Tipos de Tratamiento Periodontal<\/a><\/li><li class=\"ez-toc-page-1 ez-toc-heading-level-2\"><a class=\"ez-toc-link ez-toc-heading-2\" href=\"https:\/\/www.ayfaclinic.com\/es\/periodoncia\/#Escalado_y_Cepillado_de_Raices\" title=\"Escalado y Cepillado de Ra\u00edces:\">Escalado y Cepillado de Ra\u00edces:<\/a><\/li><li class=\"ez-toc-page-1 ez-toc-heading-level-2\"><a class=\"ez-toc-link ez-toc-heading-3\" href=\"https:\/\/www.ayfaclinic.com\/es\/periodoncia\/#Operacion_de_Aleta\" title=\"Operaci\u00f3n de Aleta:\">Operaci\u00f3n de Aleta:<\/a><\/li><li class=\"ez-toc-page-1 ez-toc-heading-level-2\"><a class=\"ez-toc-link ez-toc-heading-4\" href=\"https:\/\/www.ayfaclinic.com\/es\/periodoncia\/#Injertos_de_Tejido\" title=\"Injertos de Tejido\">Injertos de Tejido<\/a><\/li><li class=\"ez-toc-page-1 ez-toc-heading-level-2\"><a class=\"ez-toc-link ez-toc-heading-5\" href=\"https:\/\/www.ayfaclinic.com\/es\/periodoncia\/#Tratamiento_del_Mal_Aliento_Halitosis\" title=\"Tratamiento del Mal Aliento (Halitosis):\">Tratamiento del Mal Aliento (Halitosis):<\/a><\/li><\/ul><\/nav><\/div>\n<h2><span class=\"ez-toc-section\" id=\"Tipos_de_Tratamiento_Periodontal\"><\/span>Tipos de Tratamiento Periodontal<span class=\"ez-toc-section-end\"><\/span><\/h2>\n<p>Es el proceso de limpiar el sarro, el c\u00e1lculo dental y residuos similares en el Diente.<\/p>\n<h2><span class=\"ez-toc-section\" id=\"Escalado_y_Cepillado_de_Raices\"><\/span>Escalado y Cepillado de Ra\u00edces:<span class=\"ez-toc-section-end\"><\/span><\/h2>\n<p>Si el c\u00e1lculo dental y los tejidos inflamatorios cubren la enc\u00eda y la ra\u00edz del diente; la enc\u00eda se anestesia con anestesia local y el \u00e1rea se legr\u00f3.<\/p>\n<h2><span class=\"ez-toc-section\" id=\"Operacion_de_Aleta\"><\/span>Operaci\u00f3n de Aleta:<span class=\"ez-toc-section-end\"><\/span><\/h2>\n<p>La profundidad de la bolsa de la enc\u00eda en una enc\u00eda sana de aproximadamente 1-2 mm. En los casos en que la inflamaci\u00f3n de las enc\u00edas progresa, la profundidad de la bolsa aumenta. Si estos bolsillos formados no pueden ser poco profundos por otros m\u00e9todos, formando la goma el bolsillo se extrae quir\u00fargicamente. La enc\u00eda se elimina en su conjunto y las operaciones necesarias de enderezamiento de la superficie de la ra\u00edz se realizan debajo de ella, luego se cierra y se fija en su lugar con suturas.<\/p>\n<h2><span class=\"ez-toc-section\" id=\"Injertos_de_Tejido\"><\/span>Injertos de Tejido<span class=\"ez-toc-section-end\"><\/span><\/h2>\n<p>Injertos de tejidos blandos:<\/p>\n<p>Son los procedimientos para cubrir las recesiones econ\u00f3micas que han ocurrido debido al mal uso del cepillo de dientes, enfermedades de las enc\u00edas o bruxismo (rechinar de dientes) en un diente o varios dientes con un trozo de tejido que se extrae de una regi\u00f3n diferente de la boca (generalmente el paladar). Por lo general, se realiza por razones est\u00e9ticas o, en algunos casos, con fines preventivos para que la enfermedad de las enc\u00edas no progrese.<\/p>\n<p>Injertos de tejido duro:<\/p>\n<p>La construcci\u00f3n \u00f3sea es estimulada por aplicaciones de harina de huesos artificiales o naturales<\/p>\n<p>en regiones con p\u00e9rdida \u00f3sea avanzada.<\/p>\n<p>Gingivectom\u00eda y Gingivoplastia:<\/p>\n<p>El crecimiento de las enc\u00edas se observa debido a procesos inflamatorios, inducidos por medicamentos o motivos hereditarios. Para eliminar estos crecimientos gingivales, podemos extirpar y extraer el tejido blando pared de tejido del bolsillo entre el diente y la enc\u00eda. Este procedimiento se llama gingivectom\u00eda. Despu\u00e9s de este procedimiento, generalmente se realiza una gingivoplastia para restaurar la fisonom\u00eda normal corrigiendo las enc\u00edas con m\u00e9todos quir\u00fargicos.<\/p>\n<h2><span class=\"ez-toc-section\" id=\"Tratamiento_del_Mal_Aliento_Halitosis\"><\/span>Tratamiento del Mal Aliento (Halitosis):<span class=\"ez-toc-section-end\"><\/span><\/h2>\n<p>Aunque la mayor\u00eda (90%) del mal aliento se debe a un motivo intraoral, parte de \u00e9l tambi\u00e9n puede originarse a partir de fuentes extraorales. Infecciones bucales, compuestos de azufre formado por bacterias que viven en la cavidad dental, enfermedad avanzada de las enc\u00edas o bacterias que se depositan en los residuos de alimentos que quedan dentro de la boca durante varias horas pueden causar cierto olor.<\/p>\n<p>Otros problemas sist\u00e9micos que causan mal aliento son: sinusitis, diabetes (acetona olor), enfermedad gastrointestinal, insuficiencia renal (olor a hierba reci\u00e9n cortada), secreci\u00f3n posnasal, trastornos hep\u00e1ticos y metab\u00f3licos. En primer lugar, la causa de mal \u00a0aliento debe diagnosticarse y tratarse en consecuencia. La Halitosis puede ser prevenido con el tratamiento de enfermedades de las enc\u00edas y la extracci\u00f3n de dientes indicados con extraccion, cambio de restauraciones \u00a0necesitan ser renovadas y aumentadas de higiene bucal.<\/p>\n","protected":false},"excerpt":{"rendered":"<p>La periodoncia es el campo de la odontolog\u00eda, que abarca el tratamiento de dientes y tejidos que rodean el diente. Las enfermedades periodontales son generalmente se dividen en dos categor\u00edas, como gingivitis y periodontitis (inflamatorias enfermedades acompa\u00f1adas de p\u00e9rdida \u00f3sea junto con gingivitis). Enfermedades periodontales son la causa del 70% de la p\u00e9rdida de dientes [&hellip;]<\/p>\n","protected":false},"author":1,"featured_media":0,"parent":0,"menu_order":0,"comment_status":"closed","ping_status":"closed","template":"","meta":{"footnotes":""},"class_list":["post-8789","page","type-page","status-publish","hentry"],"yoast_head":"<!-- This site is optimized with the Yoast SEO plugin v19.4 - https:\/\/yoast.com\/wordpress\/plugins\/seo\/ -->\n<title>Periodoncia - Ayfa Clinic Estambul Turqu\u00eda<\/title>\n<meta name=\"robots\" content=\"index, follow, max-snippet:-1, max-image-preview:large, max-video-preview:-1\" \/>\n<link rel=\"canonical\" href=\"https:\/\/www.ayfaclinic.com\/es\/periodoncia\/\" \/>\n<meta property=\"og:locale\" content=\"es_ES\" \/>\n<meta property=\"og:type\" content=\"article\" \/>\n<meta property=\"og:title\" content=\"Periodoncia - Ayfa Clinic Estambul Turqu\u00eda\" \/>\n<meta property=\"og:description\" content=\"La periodoncia es el campo de la odontolog\u00eda, que abarca el tratamiento de dientes y tejidos que rodean el diente. Las enfermedades periodontales son generalmente se dividen en dos categor\u00edas, como gingivitis y periodontitis (inflamatorias enfermedades acompa\u00f1adas de p\u00e9rdida \u00f3sea junto con gingivitis). Enfermedades periodontales son la causa del 70% de la p\u00e9rdida de dientes [&hellip;]\" \/>\n<meta property=\"og:url\" content=\"https:\/\/www.ayfaclinic.com\/es\/periodoncia\/\" \/>\n<meta property=\"og:site_name\" content=\"Ayfa Clinic Espa\u00f1ol\" \/>\n<meta property=\"article:publisher\" content=\"https:\/\/www.facebook.com\/ayfaclinic\/\" \/>\n<meta name=\"twitter:card\" content=\"summary_large_image\" \/>\n<meta name=\"twitter:label1\" content=\"Tiempo de lectura\" \/>\n\t<meta name=\"twitter:data1\" content=\"4 minutos\" \/>\n<script type=\"application\/ld+json\" class=\"yoast-schema-graph\">{\"@context\":\"https:\/\/schema.org\",\"@graph\":[{\"@type\":\"Organization\",\"@id\":\"https:\/\/www.ayfaclinic.com\/es\/#organization\",\"name\":\"Ayfa Clinic Espa\u00f1ol\",\"url\":\"https:\/\/www.ayfaclinic.com\/es\/\",\"sameAs\":[\"https:\/\/www.instagram.com\/ayfaclinic\/\",\"https:\/\/www.facebook.com\/ayfaclinic\/\"],\"logo\":{\"@type\":\"ImageObject\",\"inLanguage\":\"es\",\"@id\":\"https:\/\/www.ayfaclinic.com\/es\/#\/schema\/logo\/image\/\",\"url\":\"https:\/\/www.ayfaclinic.com\/es\/wp-content\/uploads\/2022\/07\/ayfa-buyuk-logo.jpg\",\"contentUrl\":\"https:\/\/www.ayfaclinic.com\/es\/wp-content\/uploads\/2022\/07\/ayfa-buyuk-logo.jpg\",\"width\":640,\"height\":640,\"caption\":\"Ayfa Clinic Espa\u00f1ol\"},\"image\":{\"@id\":\"https:\/\/www.ayfaclinic.com\/es\/#\/schema\/logo\/image\/\"}},{\"@type\":\"WebSite\",\"@id\":\"https:\/\/www.ayfaclinic.com\/es\/#website\",\"url\":\"https:\/\/www.ayfaclinic.com\/es\/\",\"name\":\"Ayfa Clinic Espa\u00f1ol\",\"description\":\"Ayfa Clinic - Health Starts Here\",\"publisher\":{\"@id\":\"https:\/\/www.ayfaclinic.com\/es\/#organization\"},\"potentialAction\":[{\"@type\":\"SearchAction\",\"target\":{\"@type\":\"EntryPoint\",\"urlTemplate\":\"https:\/\/www.ayfaclinic.com\/es\/?s={search_term_string}\"},\"query-input\":\"required name=search_term_string\"}],\"inLanguage\":\"es\"},{\"@type\":\"WebPage\",\"@id\":\"https:\/\/www.ayfaclinic.com\/es\/periodoncia\/\",\"url\":\"https:\/\/www.ayfaclinic.com\/es\/periodoncia\/\",\"name\":\"Periodoncia - Ayfa Clinic Estambul Turqu\u00eda\",\"isPartOf\":{\"@id\":\"https:\/\/www.ayfaclinic.com\/es\/#website\"},\"datePublished\":\"2022-08-05T17:39:28+00:00\",\"dateModified\":\"2022-08-05T17:39:28+00:00\",\"breadcrumb\":{\"@id\":\"https:\/\/www.ayfaclinic.com\/es\/periodoncia\/#breadcrumb\"},\"inLanguage\":\"es\",\"potentialAction\":[{\"@type\":\"ReadAction\",\"target\":[\"https:\/\/www.ayfaclinic.com\/es\/periodoncia\/\"]}]},{\"@type\":\"BreadcrumbList\",\"@id\":\"https:\/\/www.ayfaclinic.com\/es\/periodoncia\/#breadcrumb\",\"itemListElement\":[{\"@type\":\"ListItem\",\"position\":1,\"name\":\"Anasayfa\",\"item\":\"https:\/\/www.ayfaclinic.com\/es\/\"},{\"@type\":\"ListItem\",\"position\":2,\"name\":\"Periodoncia\"}]}]}<\/script>\n<!-- \/ Yoast SEO plugin. -->","yoast_head_json":{"title":"Periodoncia - Ayfa Clinic Estambul Turqu\u00eda","robots":{"index":"index","follow":"follow","max-snippet":"max-snippet:-1","max-image-preview":"max-image-preview:large","max-video-preview":"max-video-preview:-1"},"canonical":"https:\/\/www.ayfaclinic.com\/es\/periodoncia\/","og_locale":"es_ES","og_type":"article","og_title":"Periodoncia - Ayfa Clinic Estambul Turqu\u00eda","og_description":"La periodoncia es el campo de la odontolog\u00eda, que abarca el tratamiento de dientes y tejidos que rodean el diente. Las enfermedades periodontales son generalmente se dividen en dos categor\u00edas, como gingivitis y periodontitis (inflamatorias enfermedades acompa\u00f1adas de p\u00e9rdida \u00f3sea junto con gingivitis). Enfermedades periodontales son la causa del 70% de la p\u00e9rdida de dientes [&hellip;]","og_url":"https:\/\/www.ayfaclinic.com\/es\/periodoncia\/","og_site_name":"Ayfa Clinic Espa\u00f1ol","article_publisher":"https:\/\/www.facebook.com\/ayfaclinic\/","twitter_card":"summary_large_image","twitter_misc":{"Tiempo de lectura":"4 minutos"},"schema":{"@context":"https:\/\/schema.org","@graph":[{"@type":"Organization","@id":"https:\/\/www.ayfaclinic.com\/es\/#organization","name":"Ayfa Clinic Espa\u00f1ol","url":"https:\/\/www.ayfaclinic.com\/es\/","sameAs":["https:\/\/www.instagram.com\/ayfaclinic\/","https:\/\/www.facebook.com\/ayfaclinic\/"],"logo":{"@type":"ImageObject","inLanguage":"es","@id":"https:\/\/www.ayfaclinic.com\/es\/#\/schema\/logo\/image\/","url":"https:\/\/www.ayfaclinic.com\/es\/wp-content\/uploads\/2022\/07\/ayfa-buyuk-logo.jpg","contentUrl":"https:\/\/www.ayfaclinic.com\/es\/wp-content\/uploads\/2022\/07\/ayfa-buyuk-logo.jpg","width":640,"height":640,"caption":"Ayfa Clinic Espa\u00f1ol"},"image":{"@id":"https:\/\/www.ayfaclinic.com\/es\/#\/schema\/logo\/image\/"}},{"@type":"WebSite","@id":"https:\/\/www.ayfaclinic.com\/es\/#website","url":"https:\/\/www.ayfaclinic.com\/es\/","name":"Ayfa Clinic Espa\u00f1ol","description":"Ayfa Clinic - Health Starts Here","publisher":{"@id":"https:\/\/www.ayfaclinic.com\/es\/#organization"},"potentialAction":[{"@type":"SearchAction","target":{"@type":"EntryPoint","urlTemplate":"https:\/\/www.ayfaclinic.com\/es\/?s={search_term_string}"},"query-input":"required name=search_term_string"}],"inLanguage":"es"},{"@type":"WebPage","@id":"https:\/\/www.ayfaclinic.com\/es\/periodoncia\/","url":"https:\/\/www.ayfaclinic.com\/es\/periodoncia\/","name":"Periodoncia - Ayfa Clinic Estambul Turqu\u00eda","isPartOf":{"@id":"https:\/\/www.ayfaclinic.com\/es\/#website"},"datePublished":"2022-08-05T17:39:28+00:00","dateModified":"2022-08-05T17:39:28+00:00","breadcrumb":{"@id":"https:\/\/www.ayfaclinic.com\/es\/periodoncia\/#breadcrumb"},"inLanguage":"es","potentialAction":[{"@type":"ReadAction","target":["https:\/\/www.ayfaclinic.com\/es\/periodoncia\/"]}]},{"@type":"BreadcrumbList","@id":"https:\/\/www.ayfaclinic.com\/es\/periodoncia\/#breadcrumb","itemListElement":[{"@type":"ListItem","position":1,"name":"Anasayfa","item":"https:\/\/www.ayfaclinic.com\/es\/"},{"@type":"ListItem","position":2,"name":"Periodoncia"}]}]}},"_links":{"self":[{"href":"https:\/\/www.ayfaclinic.com\/es\/wp-json\/wp\/v2\/pages\/8789","targetHints":{"allow":["GET"]}}],"collection":[{"href":"https:\/\/www.ayfaclinic.com\/es\/wp-json\/wp\/v2\/pages"}],"about":[{"href":"https:\/\/www.ayfaclinic.com\/es\/wp-json\/wp\/v2\/types\/page"}],"author":[{"embeddable":true,"href":"https:\/\/www.ayfaclinic.com\/es\/wp-json\/wp\/v2\/users\/1"}],"replies":[{"embeddable":true,"href":"https:\/\/www.ayfaclinic.com\/es\/wp-json\/wp\/v2\/comments?post=8789"}],"version-history":[{"count":1,"href":"https:\/\/www.ayfaclinic.com\/es\/wp-json\/wp\/v2\/pages\/8789\/revisions"}],"predecessor-version":[{"id":8790,"href":"https:\/\/www.ayfaclinic.com\/es\/wp-json\/wp\/v2\/pages\/8789\/revisions\/8790"}],"wp:attachment":[{"href":"https:\/\/www.ayfaclinic.com\/es\/wp-json\/wp\/v2\/media?parent=8789"}],"curies":[{"name":"wp","href":"https:\/\/api.w.org\/{rel}","templated":true}]}}