{"id":8781,"date":"2022-08-05T17:36:42","date_gmt":"2022-08-05T17:36:42","guid":{"rendered":"https:\/\/www.ayfaclinic.com\/es\/?page_id=8781"},"modified":"2022-08-05T17:36:42","modified_gmt":"2022-08-05T17:36:42","slug":"implante","status":"publish","type":"page","link":"https:\/\/www.ayfaclinic.com\/es\/implante\/","title":{"rendered":"Implante"},"content":{"rendered":"<p>Los implantes dentales son estructuras de titanio que imitan la ra\u00edz natural del diente. El titanio es un material respetuoso con los tejidos. Se inicia el proceso de preparaci\u00f3n de la pr\u00f3tesis, que llamamos superestructura. Hoy en d\u00eda, los implantes son posiblemente la mejor alternativa a los dientes naturales. Los implantes se pueden preferir para un solo diente faltante, varios dientes faltantes o edentulismo total.<\/p>\n<p>Al ser las estructuras que mejor imitan al diente natural, proporcionan al paciente un buen confort. Adem\u00e1s, gracias a los implantes, los dientes faltantes se tratan sin la necesidad de cortar los dientes vecinos.<\/p>\n<p>Si le faltan dientes y no tiene una condici\u00f3n negativa para la construcci\u00f3n de implantes, el procedimiento m\u00e1s correcto es la aplicaci\u00f3n de implantes.<\/p>\n<p>Para que se aplique el implante, el hueso maxilar en la regi\u00f3n donde se colocar\u00e1 el implante debe tener una altura y un ancho eso ser\u00e1 adecuado para el implante. Si hay una situaci\u00f3n contraria, se pueden realizar las operaciones necesarias para optimizar el regi.(levantamiento de senos paranasales, uso de injertos y membranas, etc.) La calidad del hueso existente es uno de los factores que afectan el \u00e9xito de implante.<\/p>\n<p>Debe haber algunas condiciones para la implantaci\u00f3n;<\/p>\n<p>Es necesario completar el desarrollo \u00f3seo en los j\u00f3venes. No hay l\u00edmite de edad para los adultos.<\/p>\n<p>Un implante se puede aplicar a cualquier persona con un buen estado general de salud.<\/p>\n<p>La higiene tambi\u00e9n es importante en las aplicaciones de implantes. Por esta raz\u00f3n, la atenci\u00f3n de la persona que se someter\u00e1 a la aplicaci\u00f3n de implantes en el cuidado bucal juega un papel importante en el \u00e9xito del implante.<\/p>\n<p>La operaci\u00f3n de implante se puede realizar bajo anestesia general o local, dependiendo de los deseos del m\u00e9dico y de la<\/p>\n<p>paciente. La sedaci\u00f3n y la anestesia local se pueden aplicar juntas en pacientes que tienen mucho miedo. Es normal que haya leves dolores que pueden recuperarse con el uso de analg\u00e9sicos despu\u00e9s del procedimiento de implante, estos dolores desaparecen en 2-3 d\u00edas.<\/p>\n<p>Pr\u00f3tesis implantosoportadas<\/p>\n<p>Antes de colocar los implantes, se debe planificar con el m\u00e9dico c\u00f3mo hacer una pr\u00f3tesis para el paciente que necesita el implante<\/p>\n<p>cooperaci\u00f3n del m\u00e9dico y el paciente. Por ejemplo, un paciente que no tiene dientes en la boca tambi\u00e9n puede tener<\/p>\n<p>pr\u00f3tesis removibles (2-4 implantes en la parte superior) o pr\u00f3tesis de corona fija (dientes de porcelana o circonio) que reciben soporte de<\/p>\n<p>implantes (6-8 implantes en la parte superior). Por lo tanto, el n\u00famero de implantes a realizar es muy importante. Si falta un solo diente,<\/p>\n<p>se coloca una sola corona (diente de porcelana o de circonio) encima del implante. En los casos en que el n\u00famero de dientes perdidos es mayor<\/p>\n<p>que 2, las pr\u00f3tesis de corona-puente se pueden colocar con implantes colocados de forma intermitente en el sitio de extracci\u00f3n dental. En pacientes con<\/p>\n<p>el edentulismo total, como hemos dado en el ejemplo anterior, es posible realizar pr\u00f3tesis removibles y fijas dependiendo de<\/p>\n<p>el n\u00famero de implantes a colocar.<\/p>\n","protected":false},"excerpt":{"rendered":"<p>Los implantes dentales son estructuras de titanio que imitan la ra\u00edz natural del diente. El titanio es un material respetuoso con los tejidos. Se inicia el proceso de preparaci\u00f3n de la pr\u00f3tesis, que llamamos superestructura. Hoy en d\u00eda, los implantes son posiblemente la mejor alternativa a los dientes naturales. Los implantes se pueden preferir para [&hellip;]<\/p>\n","protected":false},"author":1,"featured_media":0,"parent":0,"menu_order":0,"comment_status":"closed","ping_status":"closed","template":"","meta":{"footnotes":""},"class_list":["post-8781","page","type-page","status-publish","hentry"],"yoast_head":"<!-- This site is optimized with the Yoast SEO plugin v19.4 - https:\/\/yoast.com\/wordpress\/plugins\/seo\/ -->\n<title>Implante - Ayfa Clinic Estambul Turqu\u00eda<\/title>\n<meta name=\"robots\" content=\"index, follow, max-snippet:-1, max-image-preview:large, max-video-preview:-1\" \/>\n<link rel=\"canonical\" href=\"https:\/\/www.ayfaclinic.com\/es\/implante\/\" \/>\n<meta property=\"og:locale\" content=\"es_ES\" \/>\n<meta property=\"og:type\" content=\"article\" \/>\n<meta property=\"og:title\" content=\"Implante - Ayfa Clinic Estambul Turqu\u00eda\" \/>\n<meta property=\"og:description\" content=\"Los implantes dentales son estructuras de titanio que imitan la ra\u00edz natural del diente. El titanio es un material respetuoso con los tejidos. Se inicia el proceso de preparaci\u00f3n de la pr\u00f3tesis, que llamamos superestructura. Hoy en d\u00eda, los implantes son posiblemente la mejor alternativa a los dientes naturales. Los implantes se pueden preferir para [&hellip;]\" \/>\n<meta property=\"og:url\" content=\"https:\/\/www.ayfaclinic.com\/es\/implante\/\" \/>\n<meta property=\"og:site_name\" content=\"Ayfa Clinic Espa\u00f1ol\" \/>\n<meta property=\"article:publisher\" content=\"https:\/\/www.facebook.com\/ayfaclinic\/\" \/>\n<meta name=\"twitter:card\" content=\"summary_large_image\" \/>\n<meta name=\"twitter:label1\" content=\"Tiempo de lectura\" \/>\n\t<meta name=\"twitter:data1\" content=\"4 minutos\" \/>\n<script type=\"application\/ld+json\" class=\"yoast-schema-graph\">{\"@context\":\"https:\/\/schema.org\",\"@graph\":[{\"@type\":\"Organization\",\"@id\":\"https:\/\/www.ayfaclinic.com\/es\/#organization\",\"name\":\"Ayfa Clinic Espa\u00f1ol\",\"url\":\"https:\/\/www.ayfaclinic.com\/es\/\",\"sameAs\":[\"https:\/\/www.instagram.com\/ayfaclinic\/\",\"https:\/\/www.facebook.com\/ayfaclinic\/\"],\"logo\":{\"@type\":\"ImageObject\",\"inLanguage\":\"es\",\"@id\":\"https:\/\/www.ayfaclinic.com\/es\/#\/schema\/logo\/image\/\",\"url\":\"https:\/\/www.ayfaclinic.com\/es\/wp-content\/uploads\/2022\/07\/ayfa-buyuk-logo.jpg\",\"contentUrl\":\"https:\/\/www.ayfaclinic.com\/es\/wp-content\/uploads\/2022\/07\/ayfa-buyuk-logo.jpg\",\"width\":640,\"height\":640,\"caption\":\"Ayfa Clinic Espa\u00f1ol\"},\"image\":{\"@id\":\"https:\/\/www.ayfaclinic.com\/es\/#\/schema\/logo\/image\/\"}},{\"@type\":\"WebSite\",\"@id\":\"https:\/\/www.ayfaclinic.com\/es\/#website\",\"url\":\"https:\/\/www.ayfaclinic.com\/es\/\",\"name\":\"Ayfa Clinic Espa\u00f1ol\",\"description\":\"Ayfa Clinic - Health Starts Here\",\"publisher\":{\"@id\":\"https:\/\/www.ayfaclinic.com\/es\/#organization\"},\"potentialAction\":[{\"@type\":\"SearchAction\",\"target\":{\"@type\":\"EntryPoint\",\"urlTemplate\":\"https:\/\/www.ayfaclinic.com\/es\/?s={search_term_string}\"},\"query-input\":\"required name=search_term_string\"}],\"inLanguage\":\"es\"},{\"@type\":\"WebPage\",\"@id\":\"https:\/\/www.ayfaclinic.com\/es\/implante\/\",\"url\":\"https:\/\/www.ayfaclinic.com\/es\/implante\/\",\"name\":\"Implante - Ayfa Clinic Estambul Turqu\u00eda\",\"isPartOf\":{\"@id\":\"https:\/\/www.ayfaclinic.com\/es\/#website\"},\"datePublished\":\"2022-08-05T17:36:42+00:00\",\"dateModified\":\"2022-08-05T17:36:42+00:00\",\"breadcrumb\":{\"@id\":\"https:\/\/www.ayfaclinic.com\/es\/implante\/#breadcrumb\"},\"inLanguage\":\"es\",\"potentialAction\":[{\"@type\":\"ReadAction\",\"target\":[\"https:\/\/www.ayfaclinic.com\/es\/implante\/\"]}]},{\"@type\":\"BreadcrumbList\",\"@id\":\"https:\/\/www.ayfaclinic.com\/es\/implante\/#breadcrumb\",\"itemListElement\":[{\"@type\":\"ListItem\",\"position\":1,\"name\":\"Anasayfa\",\"item\":\"https:\/\/www.ayfaclinic.com\/es\/\"},{\"@type\":\"ListItem\",\"position\":2,\"name\":\"Implante\"}]}]}<\/script>\n<!-- \/ Yoast SEO plugin. -->","yoast_head_json":{"title":"Implante - Ayfa Clinic Estambul Turqu\u00eda","robots":{"index":"index","follow":"follow","max-snippet":"max-snippet:-1","max-image-preview":"max-image-preview:large","max-video-preview":"max-video-preview:-1"},"canonical":"https:\/\/www.ayfaclinic.com\/es\/implante\/","og_locale":"es_ES","og_type":"article","og_title":"Implante - Ayfa Clinic Estambul Turqu\u00eda","og_description":"Los implantes dentales son estructuras de titanio que imitan la ra\u00edz natural del diente. El titanio es un material respetuoso con los tejidos. Se inicia el proceso de preparaci\u00f3n de la pr\u00f3tesis, que llamamos superestructura. Hoy en d\u00eda, los implantes son posiblemente la mejor alternativa a los dientes naturales. Los implantes se pueden preferir para [&hellip;]","og_url":"https:\/\/www.ayfaclinic.com\/es\/implante\/","og_site_name":"Ayfa Clinic Espa\u00f1ol","article_publisher":"https:\/\/www.facebook.com\/ayfaclinic\/","twitter_card":"summary_large_image","twitter_misc":{"Tiempo de lectura":"4 minutos"},"schema":{"@context":"https:\/\/schema.org","@graph":[{"@type":"Organization","@id":"https:\/\/www.ayfaclinic.com\/es\/#organization","name":"Ayfa Clinic Espa\u00f1ol","url":"https:\/\/www.ayfaclinic.com\/es\/","sameAs":["https:\/\/www.instagram.com\/ayfaclinic\/","https:\/\/www.facebook.com\/ayfaclinic\/"],"logo":{"@type":"ImageObject","inLanguage":"es","@id":"https:\/\/www.ayfaclinic.com\/es\/#\/schema\/logo\/image\/","url":"https:\/\/www.ayfaclinic.com\/es\/wp-content\/uploads\/2022\/07\/ayfa-buyuk-logo.jpg","contentUrl":"https:\/\/www.ayfaclinic.com\/es\/wp-content\/uploads\/2022\/07\/ayfa-buyuk-logo.jpg","width":640,"height":640,"caption":"Ayfa Clinic Espa\u00f1ol"},"image":{"@id":"https:\/\/www.ayfaclinic.com\/es\/#\/schema\/logo\/image\/"}},{"@type":"WebSite","@id":"https:\/\/www.ayfaclinic.com\/es\/#website","url":"https:\/\/www.ayfaclinic.com\/es\/","name":"Ayfa Clinic Espa\u00f1ol","description":"Ayfa Clinic - Health Starts Here","publisher":{"@id":"https:\/\/www.ayfaclinic.com\/es\/#organization"},"potentialAction":[{"@type":"SearchAction","target":{"@type":"EntryPoint","urlTemplate":"https:\/\/www.ayfaclinic.com\/es\/?s={search_term_string}"},"query-input":"required name=search_term_string"}],"inLanguage":"es"},{"@type":"WebPage","@id":"https:\/\/www.ayfaclinic.com\/es\/implante\/","url":"https:\/\/www.ayfaclinic.com\/es\/implante\/","name":"Implante - Ayfa Clinic Estambul Turqu\u00eda","isPartOf":{"@id":"https:\/\/www.ayfaclinic.com\/es\/#website"},"datePublished":"2022-08-05T17:36:42+00:00","dateModified":"2022-08-05T17:36:42+00:00","breadcrumb":{"@id":"https:\/\/www.ayfaclinic.com\/es\/implante\/#breadcrumb"},"inLanguage":"es","potentialAction":[{"@type":"ReadAction","target":["https:\/\/www.ayfaclinic.com\/es\/implante\/"]}]},{"@type":"BreadcrumbList","@id":"https:\/\/www.ayfaclinic.com\/es\/implante\/#breadcrumb","itemListElement":[{"@type":"ListItem","position":1,"name":"Anasayfa","item":"https:\/\/www.ayfaclinic.com\/es\/"},{"@type":"ListItem","position":2,"name":"Implante"}]}]}},"_links":{"self":[{"href":"https:\/\/www.ayfaclinic.com\/es\/wp-json\/wp\/v2\/pages\/8781","targetHints":{"allow":["GET"]}}],"collection":[{"href":"https:\/\/www.ayfaclinic.com\/es\/wp-json\/wp\/v2\/pages"}],"about":[{"href":"https:\/\/www.ayfaclinic.com\/es\/wp-json\/wp\/v2\/types\/page"}],"author":[{"embeddable":true,"href":"https:\/\/www.ayfaclinic.com\/es\/wp-json\/wp\/v2\/users\/1"}],"replies":[{"embeddable":true,"href":"https:\/\/www.ayfaclinic.com\/es\/wp-json\/wp\/v2\/comments?post=8781"}],"version-history":[{"count":1,"href":"https:\/\/www.ayfaclinic.com\/es\/wp-json\/wp\/v2\/pages\/8781\/revisions"}],"predecessor-version":[{"id":8782,"href":"https:\/\/www.ayfaclinic.com\/es\/wp-json\/wp\/v2\/pages\/8781\/revisions\/8782"}],"wp:attachment":[{"href":"https:\/\/www.ayfaclinic.com\/es\/wp-json\/wp\/v2\/media?parent=8781"}],"curies":[{"name":"wp","href":"https:\/\/api.w.org\/{rel}","templated":true}]}}