{"id":8776,"date":"2022-08-05T17:31:37","date_gmt":"2022-08-05T17:31:37","guid":{"rendered":"https:\/\/www.ayfaclinic.com\/es\/?page_id=8776"},"modified":"2022-08-05T17:34:38","modified_gmt":"2022-08-05T17:34:38","slug":"endodoncia","status":"publish","type":"page","link":"https:\/\/www.ayfaclinic.com\/es\/endodoncia\/","title":{"rendered":"Endodoncia"},"content":{"rendered":"<p>La endodoncia es un campo de la odontolog\u00eda que cubre y trata los casos dentales que incluyen pulpa, que es el tejido vivo de un diente. Pulpa es el nombre general que se le da al tejido vascular red neuronal que nutre el diente.<\/p>\n<p>Tratamiento de endodoncia( tratamiento de conducto): Se aplica en los casos en que la pulpa dental est\u00e1 da\u00f1ado por caries u otros factores. El s\u00edntoma m\u00e1s prominente es el dolor. El dolor puede ser sensibilidad severa al fr\u00edo-calor o que ocurre espont\u00e1neamente. Adem\u00e1s, el tratamiento de conducto es recurrido en el tratamiento de abscesos dentales, dientes que se da\u00f1an como resultado de una accidente y dientes coloreados.<\/p>\n<p>En los tratamientos de endodoncia, la pulpa dental se elimina de los conductos radiculares, se dan forma a los conductos, desinfectado y relleno con materiales de relleno de canal biocompatibles. En caso de que se descuide el tratamiento de endodoncia, es inevitable que se desarrolle una inflamaci\u00f3n en ra\u00edz dental y da\u00f1o a los tejidos circundantes. En tales casos, puede ser necesario quir\u00fargicamente extirpar parte de una ra\u00edz dental (apicectom\u00eda) o para extirparla por completo. Muchos pacientes piensan que habr\u00e1 dolor debido a este procedimiento, pero gracias a las \u00a0t\u00e9cnicas anest\u00e9sicas avanzadas, que pueden someterse al tratamiento tanto indoloras como c\u00f3modas. El tratamiento se puede completar en una sesi\u00f3n o en varias sesiones, dependiendo de la condici\u00f3n de infecci\u00f3n en el diente. Los antibi\u00f3ticos se pueden usar para tratar infecciones en algunos casos.No es posible curar esta afecci\u00f3n solo con antibi\u00f3ticos sin la intervenci\u00f3n de un m\u00e9dico.<\/p>\n<p>Poste de fibra: En los casos en que hay mucha p\u00e9rdida de tejido en los dientes, la parte superior es restaurado al recibir apoyo de la ra\u00edz dental. Es un m\u00e9todo de tratamiento que se aplica colocando el material del \u00abn\u00facleo del poste\u00bb dentro de la ra\u00edz despu\u00e9s de aplicar el tratamiento del conducto radicular al diente.De esta manera, la durabilidad de un diente se incrementa al recibir soporte tanto de la ra\u00edz como de la parte superior del diente. El material m\u00e1s utilizado en la actualidad son los postes de fibra.<\/p>\n<p>Blanqueamiento Devital: Puede haber decoloraci\u00f3n en los dientes en tonos morados o grises debido a traumatismos, medicamentos utilizados para algunas enfermedades sist\u00e9micas o despu\u00e9s de un tratamiento de conducto. para eliminar la decoloraci\u00f3n, se coloca un gel de per\u00f3xido de carbamida al 10% dentro del diente. Dependiendoen el color del diente, se mantiene de forma controlable dentro del diente durante 3-7 d\u00edas. Este proceso se repite hasta que el diente coloreado se vuelve del mismo color que los dientes adyacentes.<\/p>\n","protected":false},"excerpt":{"rendered":"<p>La endodoncia es un campo de la odontolog\u00eda que cubre y trata los casos dentales que incluyen pulpa, que es el tejido vivo de un diente. Pulpa es el nombre general que se le da al tejido vascular red neuronal que nutre el diente. Tratamiento de endodoncia( tratamiento de conducto): Se aplica en los casos [&hellip;]<\/p>\n","protected":false},"author":1,"featured_media":0,"parent":0,"menu_order":0,"comment_status":"closed","ping_status":"closed","template":"","meta":{"footnotes":""},"class_list":["post-8776","page","type-page","status-publish","hentry"],"yoast_head":"<!-- This site is optimized with the Yoast SEO plugin v19.4 - https:\/\/yoast.com\/wordpress\/plugins\/seo\/ -->\n<title>Endodoncia - Ayfa Clinic Estambul Turqu\u00eda<\/title>\n<meta name=\"robots\" content=\"index, follow, max-snippet:-1, max-image-preview:large, max-video-preview:-1\" \/>\n<link rel=\"canonical\" href=\"https:\/\/www.ayfaclinic.com\/es\/endodoncia\/\" \/>\n<meta property=\"og:locale\" content=\"es_ES\" \/>\n<meta property=\"og:type\" content=\"article\" \/>\n<meta property=\"og:title\" content=\"Endodoncia - Ayfa Clinic Estambul Turqu\u00eda\" \/>\n<meta property=\"og:description\" content=\"La endodoncia es un campo de la odontolog\u00eda que cubre y trata los casos dentales que incluyen pulpa, que es el tejido vivo de un diente. Pulpa es el nombre general que se le da al tejido vascular red neuronal que nutre el diente. Tratamiento de endodoncia( tratamiento de conducto): Se aplica en los casos [&hellip;]\" \/>\n<meta property=\"og:url\" content=\"https:\/\/www.ayfaclinic.com\/es\/endodoncia\/\" \/>\n<meta property=\"og:site_name\" content=\"Ayfa Clinic Espa\u00f1ol\" \/>\n<meta property=\"article:publisher\" content=\"https:\/\/www.facebook.com\/ayfaclinic\/\" \/>\n<meta property=\"article:modified_time\" content=\"2022-08-05T17:34:38+00:00\" \/>\n<meta name=\"twitter:card\" content=\"summary_large_image\" \/>\n<meta name=\"twitter:label1\" content=\"Tiempo de lectura\" \/>\n\t<meta name=\"twitter:data1\" content=\"3 minutos\" \/>\n<script type=\"application\/ld+json\" class=\"yoast-schema-graph\">{\"@context\":\"https:\/\/schema.org\",\"@graph\":[{\"@type\":\"Organization\",\"@id\":\"https:\/\/www.ayfaclinic.com\/es\/#organization\",\"name\":\"Ayfa Clinic Espa\u00f1ol\",\"url\":\"https:\/\/www.ayfaclinic.com\/es\/\",\"sameAs\":[\"https:\/\/www.instagram.com\/ayfaclinic\/\",\"https:\/\/www.facebook.com\/ayfaclinic\/\"],\"logo\":{\"@type\":\"ImageObject\",\"inLanguage\":\"es\",\"@id\":\"https:\/\/www.ayfaclinic.com\/es\/#\/schema\/logo\/image\/\",\"url\":\"https:\/\/www.ayfaclinic.com\/es\/wp-content\/uploads\/2022\/07\/ayfa-buyuk-logo.jpg\",\"contentUrl\":\"https:\/\/www.ayfaclinic.com\/es\/wp-content\/uploads\/2022\/07\/ayfa-buyuk-logo.jpg\",\"width\":640,\"height\":640,\"caption\":\"Ayfa Clinic Espa\u00f1ol\"},\"image\":{\"@id\":\"https:\/\/www.ayfaclinic.com\/es\/#\/schema\/logo\/image\/\"}},{\"@type\":\"WebSite\",\"@id\":\"https:\/\/www.ayfaclinic.com\/es\/#website\",\"url\":\"https:\/\/www.ayfaclinic.com\/es\/\",\"name\":\"Ayfa Clinic Espa\u00f1ol\",\"description\":\"Ayfa Clinic - Health Starts Here\",\"publisher\":{\"@id\":\"https:\/\/www.ayfaclinic.com\/es\/#organization\"},\"potentialAction\":[{\"@type\":\"SearchAction\",\"target\":{\"@type\":\"EntryPoint\",\"urlTemplate\":\"https:\/\/www.ayfaclinic.com\/es\/?s={search_term_string}\"},\"query-input\":\"required name=search_term_string\"}],\"inLanguage\":\"es\"},{\"@type\":\"WebPage\",\"@id\":\"https:\/\/www.ayfaclinic.com\/es\/endodoncia\/\",\"url\":\"https:\/\/www.ayfaclinic.com\/es\/endodoncia\/\",\"name\":\"Endodoncia - Ayfa Clinic Estambul Turqu\u00eda\",\"isPartOf\":{\"@id\":\"https:\/\/www.ayfaclinic.com\/es\/#website\"},\"datePublished\":\"2022-08-05T17:31:37+00:00\",\"dateModified\":\"2022-08-05T17:34:38+00:00\",\"breadcrumb\":{\"@id\":\"https:\/\/www.ayfaclinic.com\/es\/endodoncia\/#breadcrumb\"},\"inLanguage\":\"es\",\"potentialAction\":[{\"@type\":\"ReadAction\",\"target\":[\"https:\/\/www.ayfaclinic.com\/es\/endodoncia\/\"]}]},{\"@type\":\"BreadcrumbList\",\"@id\":\"https:\/\/www.ayfaclinic.com\/es\/endodoncia\/#breadcrumb\",\"itemListElement\":[{\"@type\":\"ListItem\",\"position\":1,\"name\":\"Anasayfa\",\"item\":\"https:\/\/www.ayfaclinic.com\/es\/\"},{\"@type\":\"ListItem\",\"position\":2,\"name\":\"Endodoncia\"}]}]}<\/script>\n<!-- \/ Yoast SEO plugin. -->","yoast_head_json":{"title":"Endodoncia - Ayfa Clinic Estambul Turqu\u00eda","robots":{"index":"index","follow":"follow","max-snippet":"max-snippet:-1","max-image-preview":"max-image-preview:large","max-video-preview":"max-video-preview:-1"},"canonical":"https:\/\/www.ayfaclinic.com\/es\/endodoncia\/","og_locale":"es_ES","og_type":"article","og_title":"Endodoncia - Ayfa Clinic Estambul Turqu\u00eda","og_description":"La endodoncia es un campo de la odontolog\u00eda que cubre y trata los casos dentales que incluyen pulpa, que es el tejido vivo de un diente. Pulpa es el nombre general que se le da al tejido vascular red neuronal que nutre el diente. Tratamiento de endodoncia( tratamiento de conducto): Se aplica en los casos [&hellip;]","og_url":"https:\/\/www.ayfaclinic.com\/es\/endodoncia\/","og_site_name":"Ayfa Clinic Espa\u00f1ol","article_publisher":"https:\/\/www.facebook.com\/ayfaclinic\/","article_modified_time":"2022-08-05T17:34:38+00:00","twitter_card":"summary_large_image","twitter_misc":{"Tiempo de lectura":"3 minutos"},"schema":{"@context":"https:\/\/schema.org","@graph":[{"@type":"Organization","@id":"https:\/\/www.ayfaclinic.com\/es\/#organization","name":"Ayfa Clinic Espa\u00f1ol","url":"https:\/\/www.ayfaclinic.com\/es\/","sameAs":["https:\/\/www.instagram.com\/ayfaclinic\/","https:\/\/www.facebook.com\/ayfaclinic\/"],"logo":{"@type":"ImageObject","inLanguage":"es","@id":"https:\/\/www.ayfaclinic.com\/es\/#\/schema\/logo\/image\/","url":"https:\/\/www.ayfaclinic.com\/es\/wp-content\/uploads\/2022\/07\/ayfa-buyuk-logo.jpg","contentUrl":"https:\/\/www.ayfaclinic.com\/es\/wp-content\/uploads\/2022\/07\/ayfa-buyuk-logo.jpg","width":640,"height":640,"caption":"Ayfa Clinic Espa\u00f1ol"},"image":{"@id":"https:\/\/www.ayfaclinic.com\/es\/#\/schema\/logo\/image\/"}},{"@type":"WebSite","@id":"https:\/\/www.ayfaclinic.com\/es\/#website","url":"https:\/\/www.ayfaclinic.com\/es\/","name":"Ayfa Clinic Espa\u00f1ol","description":"Ayfa Clinic - Health Starts Here","publisher":{"@id":"https:\/\/www.ayfaclinic.com\/es\/#organization"},"potentialAction":[{"@type":"SearchAction","target":{"@type":"EntryPoint","urlTemplate":"https:\/\/www.ayfaclinic.com\/es\/?s={search_term_string}"},"query-input":"required name=search_term_string"}],"inLanguage":"es"},{"@type":"WebPage","@id":"https:\/\/www.ayfaclinic.com\/es\/endodoncia\/","url":"https:\/\/www.ayfaclinic.com\/es\/endodoncia\/","name":"Endodoncia - Ayfa Clinic Estambul Turqu\u00eda","isPartOf":{"@id":"https:\/\/www.ayfaclinic.com\/es\/#website"},"datePublished":"2022-08-05T17:31:37+00:00","dateModified":"2022-08-05T17:34:38+00:00","breadcrumb":{"@id":"https:\/\/www.ayfaclinic.com\/es\/endodoncia\/#breadcrumb"},"inLanguage":"es","potentialAction":[{"@type":"ReadAction","target":["https:\/\/www.ayfaclinic.com\/es\/endodoncia\/"]}]},{"@type":"BreadcrumbList","@id":"https:\/\/www.ayfaclinic.com\/es\/endodoncia\/#breadcrumb","itemListElement":[{"@type":"ListItem","position":1,"name":"Anasayfa","item":"https:\/\/www.ayfaclinic.com\/es\/"},{"@type":"ListItem","position":2,"name":"Endodoncia"}]}]}},"_links":{"self":[{"href":"https:\/\/www.ayfaclinic.com\/es\/wp-json\/wp\/v2\/pages\/8776","targetHints":{"allow":["GET"]}}],"collection":[{"href":"https:\/\/www.ayfaclinic.com\/es\/wp-json\/wp\/v2\/pages"}],"about":[{"href":"https:\/\/www.ayfaclinic.com\/es\/wp-json\/wp\/v2\/types\/page"}],"author":[{"embeddable":true,"href":"https:\/\/www.ayfaclinic.com\/es\/wp-json\/wp\/v2\/users\/1"}],"replies":[{"embeddable":true,"href":"https:\/\/www.ayfaclinic.com\/es\/wp-json\/wp\/v2\/comments?post=8776"}],"version-history":[{"count":2,"href":"https:\/\/www.ayfaclinic.com\/es\/wp-json\/wp\/v2\/pages\/8776\/revisions"}],"predecessor-version":[{"id":8778,"href":"https:\/\/www.ayfaclinic.com\/es\/wp-json\/wp\/v2\/pages\/8776\/revisions\/8778"}],"wp:attachment":[{"href":"https:\/\/www.ayfaclinic.com\/es\/wp-json\/wp\/v2\/media?parent=8776"}],"curies":[{"name":"wp","href":"https:\/\/api.w.org\/{rel}","templated":true}]}}