{"id":8762,"date":"2022-08-05T17:10:23","date_gmt":"2022-08-05T17:10:23","guid":{"rendered":"https:\/\/www.ayfaclinic.com\/es\/?page_id=8762"},"modified":"2022-08-05T17:10:23","modified_gmt":"2022-08-05T17:10:23","slug":"levantamiento-de-senos","status":"publish","type":"page","link":"https:\/\/www.ayfaclinic.com\/es\/levantamiento-de-senos\/","title":{"rendered":"Levantamiento de senos"},"content":{"rendered":"<p>Los senos ca\u00eddos, blandos y deformados se encuentran entre los problemas m\u00e1s sensibles para las mujeres. El tejido mamario, que no contiene m\u00fasculos en su estructura y consiste exclusivamente en gl\u00e1ndulas seb\u00e1ceas y mamarias, pierde su aspecto antiguo, fresco y erecto debido a la gravedad, el envejecimiento, el aumento de peso frecuente, el parto, la lactancia materna y el uso de sujetadores incorrectos. hace que las mujeres se sientan inc\u00f3modas y las obliga a buscar diferentes soluciones.<\/p>\n<p>Los senos se hunden con el tiempo debido a los efectos de la gravedad y la p\u00e9rdida de elasticidad de la piel relacionada con la edad. El aumento y la p\u00e9rdida de peso frecuentes, los procesos de parto y lactancia, as\u00ed como los senos de gran tama\u00f1o conducen a la flacidez a una edad m\u00e1s temprana.<\/p>\n<div id=\"ez-toc-container\" class=\"ez-toc-v2_0_29 counter-hierarchy counter-decimal ez-toc-grey\">\n<div class=\"ez-toc-title-container\">\n<p class=\"ez-toc-title\">Contenido<\/p>\n<span class=\"ez-toc-title-toggle\"><a href=\"#\" class=\"ez-toc-pull-right ez-toc-btn ez-toc-btn-xs ez-toc-btn-default ez-toc-toggle\" style=\"display: none;\"><label for=\"item\" aria-label=\"Tabla de contenidos\"><i class=\"ez-toc-glyphicon ez-toc-icon-toggle\"><\/i><\/label><input type=\"checkbox\" id=\"item\"><\/a><\/span><\/div>\n<nav><ul class=\"ez-toc-list ez-toc-list-level-1\"><li class=\"ez-toc-page-1 ez-toc-heading-level-2\"><a class=\"ez-toc-link ez-toc-heading-1\" href=\"https:\/\/www.ayfaclinic.com\/es\/levantamiento-de-senos\/#%C2%BFComo_es_la_preparacion_prequirurgica\" title=\"\u00bfC\u00f3mo es la preparaci\u00f3n prequir\u00fargica?\">\u00bfC\u00f3mo es la preparaci\u00f3n prequir\u00fargica?<\/a><\/li><li class=\"ez-toc-page-1 ez-toc-heading-level-2\"><a class=\"ez-toc-link ez-toc-heading-2\" href=\"https:\/\/www.ayfaclinic.com\/es\/levantamiento-de-senos\/#%C2%BFComo_se_realiza_la_planificacion_quirurgica\" title=\"\u00bfC\u00f3mo se realiza la planificaci\u00f3n quir\u00fargica?\">\u00bfC\u00f3mo se realiza la planificaci\u00f3n quir\u00fargica?<\/a><\/li><li class=\"ez-toc-page-1 ez-toc-heading-level-2\"><a class=\"ez-toc-link ez-toc-heading-3\" href=\"https:\/\/www.ayfaclinic.com\/es\/levantamiento-de-senos\/#%C2%BFCual_es_el_tipo_de_anestesia_%C2%BFCuanto_dura_la_operacion\" title=\"\u00bfCu\u00e1l es el tipo de anestesia? \u00bfCu\u00e1nto dura la operaci\u00f3n?\">\u00bfCu\u00e1l es el tipo de anestesia? \u00bfCu\u00e1nto dura la operaci\u00f3n?<\/a><\/li><li class=\"ez-toc-page-1 ez-toc-heading-level-2\"><a class=\"ez-toc-link ez-toc-heading-4\" href=\"https:\/\/www.ayfaclinic.com\/es\/levantamiento-de-senos\/#%C2%BFQue_puedo_esperar_despues_de_la_operacion\" title=\"\u00bfQu\u00e9 puedo esperar despu\u00e9s de la operaci\u00f3n?\">\u00bfQu\u00e9 puedo esperar despu\u00e9s de la operaci\u00f3n?<\/a><\/li><li class=\"ez-toc-page-1 ez-toc-heading-level-2\"><a class=\"ez-toc-link ez-toc-heading-5\" href=\"https:\/\/www.ayfaclinic.com\/es\/levantamiento-de-senos\/#What_is_done_after_the_operation\" title=\"What is done after the operation?\">What is done after the operation?<\/a><\/li><li class=\"ez-toc-page-1 ez-toc-heading-level-2\"><a class=\"ez-toc-link ez-toc-heading-6\" href=\"https:\/\/www.ayfaclinic.com\/es\/levantamiento-de-senos\/#%C2%BFCuando_volver_a_la_vida_normal\" title=\"\u00bfCu\u00e1ndo volver a la vida normal?\">\u00bfCu\u00e1ndo volver a la vida normal?<\/a><\/li><li class=\"ez-toc-page-1 ez-toc-heading-level-2\"><a class=\"ez-toc-link ez-toc-heading-7\" href=\"https:\/\/www.ayfaclinic.com\/es\/levantamiento-de-senos\/#%C2%BFHay_algun_riesgo_con_la_operacion\" title=\"\u00bfHay alg\u00fan riesgo con la operaci\u00f3n?\">\u00bfHay alg\u00fan riesgo con la operaci\u00f3n?<\/a><\/li><\/ul><\/nav><\/div>\n<h2><span class=\"ez-toc-section\" id=\"%C2%BFComo_es_la_preparacion_prequirurgica\"><\/span>\u00bfC\u00f3mo es la preparaci\u00f3n prequir\u00fargica?<span class=\"ez-toc-section-end\"><\/span><\/h2>\n<p>Al igual que con cualquier otra cirug\u00eda de senos, hable con su m\u00e9dico por qu\u00e9 desea la cirug\u00eda y qu\u00e9 esperar de la cirug\u00eda. Informe a su m\u00e9dico si tiene antecedentes familiares de enfermedad o c\u00e1ncer de mama, tabaquismo, consumo de drogas o cualquier afecci\u00f3n m\u00e9dica.<\/p>\n<p>Preg\u00fantele a su m\u00e9dico sobre el tipo de cirug\u00eda y los posibles problemas.<\/p>\n<h2><span class=\"ez-toc-section\" id=\"%C2%BFComo_se_realiza_la_planificacion_quirurgica\"><\/span>\u00bfC\u00f3mo se realiza la planificaci\u00f3n quir\u00fargica?<span class=\"ez-toc-section-end\"><\/span><\/h2>\n<p>En un levantamiento de senos est\u00e9tico, se remodela el tejido mamario ca\u00eddo y se elimina el exceso de piel. El pez\u00f3n se coloca donde se supone que debe estar.<\/p>\n<h2><span class=\"ez-toc-section\" id=\"%C2%BFCual_es_el_tipo_de_anestesia_%C2%BFCuanto_dura_la_operacion\"><\/span>\u00bfCu\u00e1l es el tipo de anestesia? \u00bfCu\u00e1nto dura la operaci\u00f3n?<span class=\"ez-toc-section-end\"><\/span><\/h2>\n<p>La operaci\u00f3n se realiza bajo anestesia general en condiciones hospitalarias en el quir\u00f3fano. Dura de 1,5 a 2 horas.<\/p>\n<h2><span class=\"ez-toc-section\" id=\"%C2%BFQue_puedo_esperar_despues_de_la_operacion\"><\/span>\u00bfQu\u00e9 puedo esperar despu\u00e9s de la operaci\u00f3n?<span class=\"ez-toc-section-end\"><\/span><\/h2>\n<p>Dependiendo del grado de relajaci\u00f3n, las cicatrices permanecen de diferentes maneras. Sea cual sea el m\u00e9todo que se utilice, es inevitable que queden cicatrices alrededor del pez\u00f3n. Cuando se realiza un levantamiento de senos a trav\u00e9s de una incisi\u00f3n alrededor del pez\u00f3n, la cicatriz alrededor del pez\u00f3n puede volverse m\u00e1s prominente. En otras cirug\u00edas de levantamiento de senos, adem\u00e1s de la cicatriz alrededor del pez\u00f3n, puede haber una cicatriz de 4 a 5 cm que se extiende hacia abajo desde el centro del borde inferior de la areola.<\/p>\n<h2><span class=\"ez-toc-section\" id=\"What_is_done_after_the_operation\"><\/span>What is done after the operation?<span class=\"ez-toc-section-end\"><\/span><\/h2>\n<p>After the operation, there is usually no great pain. The pain is usually not a problem. If a breast prosthesis was used during the operation, arm movements may be restricted for a few days. A bra-like wrap is applied to the breasts. A separate bandage is placed on the nipple. The patient wears a sports bra for 6 weeks. Swelling may occur in the early stages. There may be numbness in the nipple and purple discoloration of the skin. These will disappear by themselves after a short time.<\/p>\n<h2><span class=\"ez-toc-section\" id=\"%C2%BFCuando_volver_a_la_vida_normal\"><\/span>\u00bfCu\u00e1ndo volver a la vida normal?<span class=\"ez-toc-section-end\"><\/span><\/h2>\n<p>El paciente puede volver al trabajo despu\u00e9s de 3-4 d\u00edas. Se recomienda mantenerse alejado de los deportes pesados durante 3 meses. El levantamiento est\u00e9tico de senos es una operaci\u00f3n que generalmente da resultados buenos y duraderos, mejora la salud mental de la persona y su pareja y los hace m\u00e1s felices nuevamente.<\/p>\n<p>La mama reci\u00e9n formada es duradera. Sin embargo, los cambios de peso, el embarazo, la lactancia y la gravedad pueden causar una nueva flacidez.<\/p>\n<h2><span class=\"ez-toc-section\" id=\"%C2%BFHay_algun_riesgo_con_la_operacion\"><\/span>\u00bfHay alg\u00fan riesgo con la operaci\u00f3n?<span class=\"ez-toc-section-end\"><\/span><\/h2>\n<p>Cualquier operaci\u00f3n puede conducir a algunas situaciones indeseables. Ser\u00eda \u00fatil discutir estas posibilidades con su m\u00e9dico. Puede haber ligeras asimetr\u00edas en la forma y el tama\u00f1o entre los senos.<\/p>\n<p>Un levantamiento de senos no impide que una madre amamante.<\/p>\n","protected":false},"excerpt":{"rendered":"<p>Los senos ca\u00eddos, blandos y deformados se encuentran entre los problemas m\u00e1s sensibles para las mujeres. El tejido mamario, que no contiene m\u00fasculos en su estructura y consiste exclusivamente en gl\u00e1ndulas seb\u00e1ceas y mamarias, pierde su aspecto antiguo, fresco y erecto debido a la gravedad, el envejecimiento, el aumento de peso frecuente, el parto, la [&hellip;]<\/p>\n","protected":false},"author":1,"featured_media":0,"parent":0,"menu_order":0,"comment_status":"closed","ping_status":"closed","template":"","meta":{"footnotes":""},"class_list":["post-8762","page","type-page","status-publish","hentry"],"yoast_head":"<!-- This site is optimized with the Yoast SEO plugin v19.4 - https:\/\/yoast.com\/wordpress\/plugins\/seo\/ -->\n<title>Levantamiento de senos - Ayfa Clinic Estambul Turqu\u00eda<\/title>\n<meta name=\"robots\" content=\"index, follow, max-snippet:-1, max-image-preview:large, max-video-preview:-1\" \/>\n<link rel=\"canonical\" href=\"https:\/\/www.ayfaclinic.com\/es\/levantamiento-de-senos\/\" \/>\n<meta property=\"og:locale\" content=\"es_ES\" \/>\n<meta property=\"og:type\" content=\"article\" \/>\n<meta property=\"og:title\" content=\"Levantamiento de senos - Ayfa Clinic Estambul Turqu\u00eda\" \/>\n<meta property=\"og:description\" content=\"Los senos ca\u00eddos, blandos y deformados se encuentran entre los problemas m\u00e1s sensibles para las mujeres. El tejido mamario, que no contiene m\u00fasculos en su estructura y consiste exclusivamente en gl\u00e1ndulas seb\u00e1ceas y mamarias, pierde su aspecto antiguo, fresco y erecto debido a la gravedad, el envejecimiento, el aumento de peso frecuente, el parto, la [&hellip;]\" \/>\n<meta property=\"og:url\" content=\"https:\/\/www.ayfaclinic.com\/es\/levantamiento-de-senos\/\" \/>\n<meta property=\"og:site_name\" content=\"Ayfa Clinic Espa\u00f1ol\" \/>\n<meta property=\"article:publisher\" content=\"https:\/\/www.facebook.com\/ayfaclinic\/\" \/>\n<meta name=\"twitter:card\" content=\"summary_large_image\" \/>\n<meta name=\"twitter:label1\" content=\"Tiempo de lectura\" \/>\n\t<meta name=\"twitter:data1\" content=\"4 minutos\" \/>\n<script type=\"application\/ld+json\" class=\"yoast-schema-graph\">{\"@context\":\"https:\/\/schema.org\",\"@graph\":[{\"@type\":\"Organization\",\"@id\":\"https:\/\/www.ayfaclinic.com\/es\/#organization\",\"name\":\"Ayfa Clinic Espa\u00f1ol\",\"url\":\"https:\/\/www.ayfaclinic.com\/es\/\",\"sameAs\":[\"https:\/\/www.instagram.com\/ayfaclinic\/\",\"https:\/\/www.facebook.com\/ayfaclinic\/\"],\"logo\":{\"@type\":\"ImageObject\",\"inLanguage\":\"es\",\"@id\":\"https:\/\/www.ayfaclinic.com\/es\/#\/schema\/logo\/image\/\",\"url\":\"https:\/\/www.ayfaclinic.com\/es\/wp-content\/uploads\/2022\/07\/ayfa-buyuk-logo.jpg\",\"contentUrl\":\"https:\/\/www.ayfaclinic.com\/es\/wp-content\/uploads\/2022\/07\/ayfa-buyuk-logo.jpg\",\"width\":640,\"height\":640,\"caption\":\"Ayfa Clinic Espa\u00f1ol\"},\"image\":{\"@id\":\"https:\/\/www.ayfaclinic.com\/es\/#\/schema\/logo\/image\/\"}},{\"@type\":\"WebSite\",\"@id\":\"https:\/\/www.ayfaclinic.com\/es\/#website\",\"url\":\"https:\/\/www.ayfaclinic.com\/es\/\",\"name\":\"Ayfa Clinic Espa\u00f1ol\",\"description\":\"Ayfa Clinic - Health Starts Here\",\"publisher\":{\"@id\":\"https:\/\/www.ayfaclinic.com\/es\/#organization\"},\"potentialAction\":[{\"@type\":\"SearchAction\",\"target\":{\"@type\":\"EntryPoint\",\"urlTemplate\":\"https:\/\/www.ayfaclinic.com\/es\/?s={search_term_string}\"},\"query-input\":\"required name=search_term_string\"}],\"inLanguage\":\"es\"},{\"@type\":\"WebPage\",\"@id\":\"https:\/\/www.ayfaclinic.com\/es\/levantamiento-de-senos\/\",\"url\":\"https:\/\/www.ayfaclinic.com\/es\/levantamiento-de-senos\/\",\"name\":\"Levantamiento de senos - Ayfa Clinic Estambul Turqu\u00eda\",\"isPartOf\":{\"@id\":\"https:\/\/www.ayfaclinic.com\/es\/#website\"},\"datePublished\":\"2022-08-05T17:10:23+00:00\",\"dateModified\":\"2022-08-05T17:10:23+00:00\",\"breadcrumb\":{\"@id\":\"https:\/\/www.ayfaclinic.com\/es\/levantamiento-de-senos\/#breadcrumb\"},\"inLanguage\":\"es\",\"potentialAction\":[{\"@type\":\"ReadAction\",\"target\":[\"https:\/\/www.ayfaclinic.com\/es\/levantamiento-de-senos\/\"]}]},{\"@type\":\"BreadcrumbList\",\"@id\":\"https:\/\/www.ayfaclinic.com\/es\/levantamiento-de-senos\/#breadcrumb\",\"itemListElement\":[{\"@type\":\"ListItem\",\"position\":1,\"name\":\"Anasayfa\",\"item\":\"https:\/\/www.ayfaclinic.com\/es\/\"},{\"@type\":\"ListItem\",\"position\":2,\"name\":\"Levantamiento de senos\"}]}]}<\/script>\n<!-- \/ Yoast SEO plugin. -->","yoast_head_json":{"title":"Levantamiento de senos - Ayfa Clinic Estambul Turqu\u00eda","robots":{"index":"index","follow":"follow","max-snippet":"max-snippet:-1","max-image-preview":"max-image-preview:large","max-video-preview":"max-video-preview:-1"},"canonical":"https:\/\/www.ayfaclinic.com\/es\/levantamiento-de-senos\/","og_locale":"es_ES","og_type":"article","og_title":"Levantamiento de senos - Ayfa Clinic Estambul Turqu\u00eda","og_description":"Los senos ca\u00eddos, blandos y deformados se encuentran entre los problemas m\u00e1s sensibles para las mujeres. El tejido mamario, que no contiene m\u00fasculos en su estructura y consiste exclusivamente en gl\u00e1ndulas seb\u00e1ceas y mamarias, pierde su aspecto antiguo, fresco y erecto debido a la gravedad, el envejecimiento, el aumento de peso frecuente, el parto, la [&hellip;]","og_url":"https:\/\/www.ayfaclinic.com\/es\/levantamiento-de-senos\/","og_site_name":"Ayfa Clinic Espa\u00f1ol","article_publisher":"https:\/\/www.facebook.com\/ayfaclinic\/","twitter_card":"summary_large_image","twitter_misc":{"Tiempo de lectura":"4 minutos"},"schema":{"@context":"https:\/\/schema.org","@graph":[{"@type":"Organization","@id":"https:\/\/www.ayfaclinic.com\/es\/#organization","name":"Ayfa Clinic Espa\u00f1ol","url":"https:\/\/www.ayfaclinic.com\/es\/","sameAs":["https:\/\/www.instagram.com\/ayfaclinic\/","https:\/\/www.facebook.com\/ayfaclinic\/"],"logo":{"@type":"ImageObject","inLanguage":"es","@id":"https:\/\/www.ayfaclinic.com\/es\/#\/schema\/logo\/image\/","url":"https:\/\/www.ayfaclinic.com\/es\/wp-content\/uploads\/2022\/07\/ayfa-buyuk-logo.jpg","contentUrl":"https:\/\/www.ayfaclinic.com\/es\/wp-content\/uploads\/2022\/07\/ayfa-buyuk-logo.jpg","width":640,"height":640,"caption":"Ayfa Clinic Espa\u00f1ol"},"image":{"@id":"https:\/\/www.ayfaclinic.com\/es\/#\/schema\/logo\/image\/"}},{"@type":"WebSite","@id":"https:\/\/www.ayfaclinic.com\/es\/#website","url":"https:\/\/www.ayfaclinic.com\/es\/","name":"Ayfa Clinic Espa\u00f1ol","description":"Ayfa Clinic - Health Starts Here","publisher":{"@id":"https:\/\/www.ayfaclinic.com\/es\/#organization"},"potentialAction":[{"@type":"SearchAction","target":{"@type":"EntryPoint","urlTemplate":"https:\/\/www.ayfaclinic.com\/es\/?s={search_term_string}"},"query-input":"required name=search_term_string"}],"inLanguage":"es"},{"@type":"WebPage","@id":"https:\/\/www.ayfaclinic.com\/es\/levantamiento-de-senos\/","url":"https:\/\/www.ayfaclinic.com\/es\/levantamiento-de-senos\/","name":"Levantamiento de senos - Ayfa Clinic Estambul Turqu\u00eda","isPartOf":{"@id":"https:\/\/www.ayfaclinic.com\/es\/#website"},"datePublished":"2022-08-05T17:10:23+00:00","dateModified":"2022-08-05T17:10:23+00:00","breadcrumb":{"@id":"https:\/\/www.ayfaclinic.com\/es\/levantamiento-de-senos\/#breadcrumb"},"inLanguage":"es","potentialAction":[{"@type":"ReadAction","target":["https:\/\/www.ayfaclinic.com\/es\/levantamiento-de-senos\/"]}]},{"@type":"BreadcrumbList","@id":"https:\/\/www.ayfaclinic.com\/es\/levantamiento-de-senos\/#breadcrumb","itemListElement":[{"@type":"ListItem","position":1,"name":"Anasayfa","item":"https:\/\/www.ayfaclinic.com\/es\/"},{"@type":"ListItem","position":2,"name":"Levantamiento de senos"}]}]}},"_links":{"self":[{"href":"https:\/\/www.ayfaclinic.com\/es\/wp-json\/wp\/v2\/pages\/8762","targetHints":{"allow":["GET"]}}],"collection":[{"href":"https:\/\/www.ayfaclinic.com\/es\/wp-json\/wp\/v2\/pages"}],"about":[{"href":"https:\/\/www.ayfaclinic.com\/es\/wp-json\/wp\/v2\/types\/page"}],"author":[{"embeddable":true,"href":"https:\/\/www.ayfaclinic.com\/es\/wp-json\/wp\/v2\/users\/1"}],"replies":[{"embeddable":true,"href":"https:\/\/www.ayfaclinic.com\/es\/wp-json\/wp\/v2\/comments?post=8762"}],"version-history":[{"count":1,"href":"https:\/\/www.ayfaclinic.com\/es\/wp-json\/wp\/v2\/pages\/8762\/revisions"}],"predecessor-version":[{"id":8763,"href":"https:\/\/www.ayfaclinic.com\/es\/wp-json\/wp\/v2\/pages\/8762\/revisions\/8763"}],"wp:attachment":[{"href":"https:\/\/www.ayfaclinic.com\/es\/wp-json\/wp\/v2\/media?parent=8762"}],"curies":[{"name":"wp","href":"https:\/\/api.w.org\/{rel}","templated":true}]}}