{"id":8758,"date":"2022-08-05T17:06:17","date_gmt":"2022-08-05T17:06:17","guid":{"rendered":"https:\/\/www.ayfaclinic.com\/es\/?page_id=8758"},"modified":"2022-08-05T17:06:17","modified_gmt":"2022-08-05T17:06:17","slug":"liposuccion","status":"publish","type":"page","link":"https:\/\/www.ayfaclinic.com\/es\/liposuccion\/","title":{"rendered":"Liposuccion"},"content":{"rendered":"<p>Las personas que no son obesas pero tienen dep\u00f3sitos de grasa en ciertas \u00e1reas de su cuerpo que no han podido reducir a trav\u00e9s del ejercicio o la dieta, pueden considerar la liposucci\u00f3n, un m\u00e9todo quir\u00fargico que se usa con mucha frecuencia. As\u00ed es como su cuerpo se pone en mejor forma. La liposucci\u00f3n es una de las cirug\u00edas est\u00e9ticas m\u00e1s utilizadas en los \u00faltimos a\u00f1os. Esta aplicaci\u00f3n se usa especialmente en lugares donde se ven acumulaciones rebeldes de grasa, como caderas, abdomen, cintura, rodillas.<\/p>\n<p>La liposucci\u00f3n generalmente se realiza por succi\u00f3n y extracci\u00f3n de tejido graso, que se hace m\u00e1s l\u00edquido por diversos m\u00e9todos, a trav\u00e9s de incisiones de 1-2 mm utilizando c\u00e1nulas delgadas y largas con un di\u00e1metro de 2-3 mm.<\/p>\n<div id=\"ez-toc-container\" class=\"ez-toc-v2_0_29 counter-hierarchy counter-decimal ez-toc-grey\">\n<div class=\"ez-toc-title-container\">\n<p class=\"ez-toc-title\">Contenido<\/p>\n<span class=\"ez-toc-title-toggle\"><a href=\"#\" class=\"ez-toc-pull-right ez-toc-btn ez-toc-btn-xs ez-toc-btn-default ez-toc-toggle\" style=\"display: none;\"><label for=\"item\" aria-label=\"Tabla de contenidos\"><i class=\"ez-toc-glyphicon ez-toc-icon-toggle\"><\/i><\/label><input type=\"checkbox\" id=\"item\"><\/a><\/span><\/div>\n<nav><ul class=\"ez-toc-list ez-toc-list-level-1\"><li class=\"ez-toc-page-1 ez-toc-heading-level-2\"><a class=\"ez-toc-link ez-toc-heading-1\" href=\"https:\/\/www.ayfaclinic.com\/es\/liposuccion\/#Liposuccion_para_quien\" title=\"Liposucci\u00f3n para qui\u00e9n?\">Liposucci\u00f3n para qui\u00e9n?<\/a><\/li><li class=\"ez-toc-page-1 ez-toc-heading-level-2\"><a class=\"ez-toc-link ez-toc-heading-2\" href=\"https:\/\/www.ayfaclinic.com\/es\/liposuccion\/#%C2%BFPor_que_es_importante_la_primera_reunion\" title=\"\u00bfPor qu\u00e9 es importante la primera reuni\u00f3n?\">\u00bfPor qu\u00e9 es importante la primera reuni\u00f3n?<\/a><\/li><li class=\"ez-toc-page-1 ez-toc-heading-level-2\"><a class=\"ez-toc-link ez-toc-heading-3\" href=\"https:\/\/www.ayfaclinic.com\/es\/liposuccion\/#%C2%BFComo_es_la_preparacion_para_la_operacion_antes_de_la_operacion\" title=\"\u00bfC\u00f3mo es la preparaci\u00f3n para la operaci\u00f3n antes de la operaci\u00f3n?\">\u00bfC\u00f3mo es la preparaci\u00f3n para la operaci\u00f3n antes de la operaci\u00f3n?<\/a><\/li><li class=\"ez-toc-page-1 ez-toc-heading-level-2\"><a class=\"ez-toc-link ez-toc-heading-4\" href=\"https:\/\/www.ayfaclinic.com\/es\/liposuccion\/#%C2%BFCual_es_el_procedimiento_%C2%BFCuanto_tiempo_durara_la_cirugia\" title=\"\u00bfCu\u00e1l es el procedimiento? \u00bfCu\u00e1nto tiempo durar\u00e1 la cirug\u00eda?\">\u00bfCu\u00e1l es el procedimiento? \u00bfCu\u00e1nto tiempo durar\u00e1 la cirug\u00eda?<\/a><\/li><li class=\"ez-toc-page-1 ez-toc-heading-level-2\"><a class=\"ez-toc-link ez-toc-heading-5\" href=\"https:\/\/www.ayfaclinic.com\/es\/liposuccion\/#%C2%BFCual_es_el_procedimiento_%C2%BFCuanto_tiempo_durara_la_cirugia-2\" title=\"\u00bfCu\u00e1l es el procedimiento? \u00bfCu\u00e1nto tiempo durar\u00e1 la cirug\u00eda?\">\u00bfCu\u00e1l es el procedimiento? \u00bfCu\u00e1nto tiempo durar\u00e1 la cirug\u00eda?<\/a><\/li><li class=\"ez-toc-page-1 ez-toc-heading-level-2\"><a class=\"ez-toc-link ez-toc-heading-6\" href=\"https:\/\/www.ayfaclinic.com\/es\/liposuccion\/#%C2%BFQue_tipo_de_liposuccion_se_debe_preferir\" title=\"\u00bfQu\u00e9 tipo de liposucci\u00f3n se debe preferir?\">\u00bfQu\u00e9 tipo de liposucci\u00f3n se debe preferir?<\/a><\/li><li class=\"ez-toc-page-1 ez-toc-heading-level-2\"><a class=\"ez-toc-link ez-toc-heading-7\" href=\"https:\/\/www.ayfaclinic.com\/es\/liposuccion\/#%C2%BFSe_puede_tratar_la_celulitis_con_liposuccion\" title=\"\u00bfSe puede tratar la celulitis con liposucci\u00f3n?\">\u00bfSe puede tratar la celulitis con liposucci\u00f3n?<\/a><\/li><li class=\"ez-toc-page-1 ez-toc-heading-level-2\"><a class=\"ez-toc-link ez-toc-heading-8\" href=\"https:\/\/www.ayfaclinic.com\/es\/liposuccion\/#%C2%BFComo_se_realiza_la_liposuccion_abdominal\" title=\"\u00bfC\u00f3mo se realiza la liposucci\u00f3n abdominal?\">\u00bfC\u00f3mo se realiza la liposucci\u00f3n abdominal?<\/a><\/li><li class=\"ez-toc-page-1 ez-toc-heading-level-2\"><a class=\"ez-toc-link ez-toc-heading-9\" href=\"https:\/\/www.ayfaclinic.com\/es\/liposuccion\/#%C2%BFQue_se_debe_considerar_durante_la_fase_de_recuperacion\" title=\"\u00bfQu\u00e9 se debe considerar durante la fase de recuperaci\u00f3n?\">\u00bfQu\u00e9 se debe considerar durante la fase de recuperaci\u00f3n?<\/a><\/li><li class=\"ez-toc-page-1 ez-toc-heading-level-2\"><a class=\"ez-toc-link ez-toc-heading-10\" href=\"https:\/\/www.ayfaclinic.com\/es\/liposuccion\/#%C2%BFSe_puede_acelerar_el_proceso_de_curacion\" title=\"\u00bfSe puede acelerar el proceso de curaci\u00f3n?\">\u00bfSe puede acelerar el proceso de curaci\u00f3n?<\/a><\/li><li class=\"ez-toc-page-1 ez-toc-heading-level-2\"><a class=\"ez-toc-link ez-toc-heading-11\" href=\"https:\/\/www.ayfaclinic.com\/es\/liposuccion\/#Posibles_riesgos_y_complicaciones\" title=\"Posibles riesgos y complicaciones\">Posibles riesgos y complicaciones<\/a><\/li><\/ul><\/nav><\/div>\n<h2><span class=\"ez-toc-section\" id=\"Liposuccion_para_quien\"><\/span>Liposucci\u00f3n para qui\u00e9n?<span class=\"ez-toc-section-end\"><\/span><\/h2>\n<p>* Personas cuyo peso es cercano al peso corporal normal<\/p>\n<p>* Aquellos que desean eliminar los dep\u00f3sitos de grasa en \u00e1reas que son resistentes a la dieta y el ejercicio, como el est\u00f3mago, la cintura, el interior y el exterior.<\/p>\n<p>* Aquellos que desean eliminar los dep\u00f3sitos de grasa en \u00e1reas que son resistentes a la dieta y el ejercicio, como el est\u00f3mago, la cintura, la parte interna y externa de los muslos, los brazos, las rodillas y el cuello<\/p>\n<p>* Aquellos cuyo peso se ha mantenido estable durante 6 meses o m\u00e1s<\/p>\n<p>* Personas con buen tono de piel y elasticidad<\/p>\n<p>* Aquellos que no tienen la piel fl\u00e1cida y fl\u00e1cida<\/p>\n<p>* Aquellos que no tienen grietas en la piel<\/p>\n<p>* Personas con expectativas realistas<\/p>\n<p>* Aquellos que no tienen problemas de salud mental<\/p>\n<p>* Personas que son conscientes de los riesgos de una operaci\u00f3n<\/p>\n<p>Incluso si cumple con algunos de estos criterios, puede ser un buen candidato para la liposucci\u00f3n. La liposucci\u00f3n es muy adecuada para aquellos que tienen un peso corporal casi normal y tienen exceso de grasa en \u00e1reas aisladas. La liposucci\u00f3n no es un tratamiento para la obesidad. Por lo tanto, el m\u00e9todo no debe considerarse como el logro de la p\u00e9rdida de peso. Si su tono de piel es bueno, el resultado de la operaci\u00f3n ser\u00e1 bueno.<\/p>\n<p>Sin embargo, si tiene la piel agrietada y fl\u00e1cida, una abdominoplastia o un levantamiento de muslos pueden ser m\u00e1s apropiados seg\u00fan la ubicaci\u00f3n del problema. Tambi\u00e9n se aumentar\u00e1 la duraci\u00f3n de la estad\u00eda en el hospital para los pacientes que se dice que tienen m\u00e1s de cinco litros de grasa.<\/p>\n<h2><span class=\"ez-toc-section\" id=\"%C2%BFPor_que_es_importante_la_primera_reunion\"><\/span>\u00bfPor qu\u00e9 es importante la primera reuni\u00f3n?<span class=\"ez-toc-section-end\"><\/span><\/h2>\n<p>En la primera cita, el m\u00e9dico le preguntar\u00e1 qu\u00e9 tipo de mejor\u00eda desea. S\u00e9 claro sobre lo que quieres. Cuando su cirujano comprenda completamente sus expectativas, podr\u00e1 saber mejor si su solicitud es realista.<\/p>\n<p>Si tiene alguna de las afecciones, como diabetes, mala circulaci\u00f3n, enfermedad card\u00edaca, pulmonar o hep\u00e1tica, h\u00e1bito de fumar, antecedentes familiares de embolia o toma ciertos medicamentos, aumenta el riesgo de complicaciones.<\/p>\n<h2><span class=\"ez-toc-section\" id=\"%C2%BFComo_es_la_preparacion_para_la_operacion_antes_de_la_operacion\"><\/span>\u00bfC\u00f3mo es la preparaci\u00f3n para la operaci\u00f3n antes de la operaci\u00f3n?<span class=\"ez-toc-section-end\"><\/span><\/h2>\n<p>* Dejar de fumar al menos dos semanas antes de la operaci\u00f3n. Fumar aumenta significativamente el riesgo de complicaciones.<\/p>\n<p>* P\u00eddale a su m\u00e9dico una hoja de informaci\u00f3n.<\/p>\n<p>* Haga arreglos para que alguien lo ayude con el transporte postoperatorio.<\/p>\n<p>* Haga arreglos para que alguien lo apoye en las primeras 24 a 72 horas despu\u00e9s de la operaci\u00f3n.<\/p>\n<p>* Prepare un ambiente c\u00f3modo en el hogar (por ejemplo, almohadas, libros, revistas, TV, control remoto)<\/p>\n<p>* En consulta con su m\u00e9dico, prepare una dieta baja en sodio para no aumentar el edema postoperatorio.<\/p>\n<p>* El d\u00eda de la cirug\u00eda, use ropa c\u00f3moda, f\u00e1cil de quitar y con botones en la parte delantera.<\/p>\n<h2><span class=\"ez-toc-section\" id=\"%C2%BFCual_es_el_procedimiento_%C2%BFCuanto_tiempo_durara_la_cirugia\"><\/span>\u00bfCu\u00e1l es el procedimiento? \u00bfCu\u00e1nto tiempo durar\u00e1 la cirug\u00eda?<span class=\"ez-toc-section-end\"><\/span><\/h2>\n<p>Anestesia: General o sedaci\u00f3n<\/p>\n<p>Ubicaci\u00f3n: hospital, sala de operaciones. Si se realiz\u00f3 una liposucci\u00f3n de gran volumen (m\u00e1s de 5 litros), ser\u00eda apropiado permanecer en el hospital esa noche.<\/p>\n<h2><span class=\"ez-toc-section\" id=\"%C2%BFCual_es_el_procedimiento_%C2%BFCuanto_tiempo_durara_la_cirugia-2\"><\/span>\u00bfCu\u00e1l es el procedimiento? \u00bfCu\u00e1nto tiempo durar\u00e1 la cirug\u00eda?<span class=\"ez-toc-section-end\"><\/span><\/h2>\n<p>Anestesia: General o sedaci\u00f3n<\/p>\n<p>Ubicaci\u00f3n: hospital, sala de operaciones. Si se realiz\u00f3 una liposucci\u00f3n de gran volumen (m\u00e1s de 5 litros), ser\u00eda apropiado permanecer en el hospital esa noche.<\/p>\n<h2><span class=\"ez-toc-section\" id=\"%C2%BFQue_tipo_de_liposuccion_se_debe_preferir\"><\/span>\u00bfQu\u00e9 tipo de liposucci\u00f3n se debe preferir?<span class=\"ez-toc-section-end\"><\/span><\/h2>\n<p>Liposucci\u00f3n est\u00e1ndar: Se puede nombrar de diferentes maneras, tales como: B. Liposucci\u00f3n, lipoplastia, lipoescultura, lipoescultura y lipoplastia asistida por succi\u00f3n. Es un m\u00e9todo que se utiliza desde 1982. En primer lugar, el tejido graso se llena con el fluido tumescente preparado (suero, adrenalina, etc.). Luego, la grasa se succiona con c\u00e1nulas largas y delgadas. Se hacen varias incisiones peque\u00f1as para el proceso de aspiraci\u00f3n, que se pueden ocultar en las l\u00edneas naturales del cuerpo. La t\u00e9cnica tumescente reduce la p\u00e9rdida de sangre. Se puede realizar bajo anestesia general o anestesia local con sedaci\u00f3n intravenosa.<\/p>\n<p>Liposucci\u00f3n ultras\u00f3nica (liposucci\u00f3n VASER): El proceso comienza con el llenado del tejido graso con l\u00edquido tumescente. La grasa se vuelve m\u00e1s l\u00edquida y absorbible utilizando energ\u00eda de ultrasonido de alta frecuencia. Liposucci\u00f3n asistida por VASER: La energ\u00eda de ultrasonido intermitente o continua licua el tejido graso. Con la liposucci\u00f3n ultras\u00f3nica, hay menos p\u00e9rdida de sangre y la grasa se puede extraer m\u00e1s f\u00e1cilmente en lugares dif\u00edciles. Sin embargo, las complicaciones como quemaduras en la piel, edema y seroma son m\u00e1s comunes que con la liposucci\u00f3n tumescente.<\/p>\n<h2><span class=\"ez-toc-section\" id=\"%C2%BFSe_puede_tratar_la_celulitis_con_liposuccion\"><\/span>\u00bfSe puede tratar la celulitis con liposucci\u00f3n?<span class=\"ez-toc-section-end\"><\/span><\/h2>\n<p>La liposucci\u00f3n no repara la celulitis, pero puede empeorarla. Porque la celulitis est\u00e1 relacionada con el tejido graso superficial. En la liposucci\u00f3n, se elimina el tejido graso profundo.<\/p>\n<h2><span class=\"ez-toc-section\" id=\"%C2%BFComo_se_realiza_la_liposuccion_abdominal\"><\/span>\u00bfC\u00f3mo se realiza la liposucci\u00f3n abdominal?<span class=\"ez-toc-section-end\"><\/span><\/h2>\n<p>La ausencia de exceso de tejido graso y fisuras en el abdomen, as\u00ed como un buen tono de piel, indican que la persona es un buen candidato para la liposucci\u00f3n.<\/p>\n<h2><span class=\"ez-toc-section\" id=\"%C2%BFQue_se_debe_considerar_durante_la_fase_de_recuperacion\"><\/span>\u00bfQu\u00e9 se debe considerar durante la fase de recuperaci\u00f3n?<span class=\"ez-toc-section-end\"><\/span><\/h2>\n<p>Nivel de dolor: Var\u00eda seg\u00fan el procedimiento, se pueden requerir de 3 a 14 d\u00edas de tratamiento del dolor.<\/p>\n<p>Edema: Puede durar de 2 semanas a 2 meses o m\u00e1s. Se debe usar un cors\u00e9 de 3 a 4 semanas despu\u00e9s de la operaci\u00f3n.<\/p>\n<p>Hematomas: Pueden durar de 2 d\u00edas a 2 semanas.<\/p>\n<p>Entumecimiento: Puede durar varios meses.<\/p>\n<p>Herida: Cambie el vendaje cada 1-2 d\u00edas. Los puntos de sutura se retiran al final de la primera semana.<\/p>\n<p>Trabajo: Se puede iniciar en 1-3 semanas.<\/p>\n<p>Ejercicio: Puede comenzar a hacer ejercicio nuevamente (excepto correr) despu\u00e9s de 2 a 4 semanas.<\/p>\n<p>Resultado: Aparece en 1-6 meses.<\/p>\n<h2><span class=\"ez-toc-section\" id=\"%C2%BFSe_puede_acelerar_el_proceso_de_curacion\"><\/span>\u00bfSe puede acelerar el proceso de curaci\u00f3n?<span class=\"ez-toc-section-end\"><\/span><\/h2>\n<p>* Se deben consumir suficientes l\u00edquidos para prevenir la deshidrataci\u00f3n.<\/p>\n<p>* Se debe evitar el alcohol 48 horas antes y despu\u00e9s de la cirug\u00eda.<\/p>\n<p>* Las prendas de compresi\u00f3n deben usarse durante la duraci\u00f3n recomendada.<\/p>\n<p>* Para reducir el riesgo de infecci\u00f3n, abst\u00e9ngase de tomar ba\u00f1os de burbujas, jacuzzis, saunas y piscinas durante al menos 7 d\u00edas.<\/p>\n<h2><span class=\"ez-toc-section\" id=\"Posibles_riesgos_y_complicaciones\"><\/span>Posibles riesgos y complicaciones<span class=\"ez-toc-section-end\"><\/span><\/h2>\n<p>* Contorno corporal anormal<\/p>\n<p>* Reacci\u00f3n anest\u00e9sica<\/p>\n<p>* Sangrado, irregularidades de la piel, necrosis de la piel, hematoma, seroma (acumulaci\u00f3n de l\u00edquido debajo de la piel)<\/p>\n<ul>\n<li>Quemar<\/li>\n<li>Cambios de Color<\/li>\n<li>Embolia (trombosis venosa profunda), embolia grasa (menos del 0,1%)<\/li>\n<li>Infecci\u00f3n<\/li>\n<li>Perforaci\u00f3n Intestinal<\/li>\n<\/ul>\n<p>* Sordera persistente (menos del 1%)<\/p>\n<p>* Depresiones, hoyuelos, pliegues cut\u00e1neos, hematomas<\/p>\n<p>Visible cicatriz queloide<\/p>\n<p>Las cicatrices quir\u00fargicas son permanentes. Durante la liposucci\u00f3n, se realizan un promedio de dos peque\u00f1as incisiones por regi\u00f3n.<\/p>\n<p>Las incisiones generalmente se colocan en pliegues naturales de la piel. O est\u00e1 oculto en \u00e1reas como entre el vello p\u00fabico y el ombligo. Sin embargo, si miras muy de cerca, puedes verlos. Para garantizar que las cicatrices sean m\u00ednimamente visibles, se deben masajear y proteger del sol.<\/p>\n","protected":false},"excerpt":{"rendered":"<p>Las personas que no son obesas pero tienen dep\u00f3sitos de grasa en ciertas \u00e1reas de su cuerpo que no han podido reducir a trav\u00e9s del ejercicio o la dieta, pueden considerar la liposucci\u00f3n, un m\u00e9todo quir\u00fargico que se usa con mucha frecuencia. As\u00ed es como su cuerpo se pone en mejor forma. La liposucci\u00f3n es [&hellip;]<\/p>\n","protected":false},"author":1,"featured_media":0,"parent":0,"menu_order":0,"comment_status":"closed","ping_status":"closed","template":"","meta":{"footnotes":""},"class_list":["post-8758","page","type-page","status-publish","hentry"],"yoast_head":"<!-- This site is optimized with the Yoast SEO plugin v19.4 - https:\/\/yoast.com\/wordpress\/plugins\/seo\/ -->\n<title>Liposuccion - Ayfa Clinic Estambul Turqu\u00eda<\/title>\n<meta name=\"robots\" content=\"index, follow, max-snippet:-1, max-image-preview:large, max-video-preview:-1\" \/>\n<link rel=\"canonical\" href=\"https:\/\/www.ayfaclinic.com\/es\/liposuccion\/\" \/>\n<meta property=\"og:locale\" content=\"es_ES\" \/>\n<meta property=\"og:type\" content=\"article\" \/>\n<meta property=\"og:title\" content=\"Liposuccion - Ayfa Clinic Estambul Turqu\u00eda\" \/>\n<meta property=\"og:description\" content=\"Las personas que no son obesas pero tienen dep\u00f3sitos de grasa en ciertas \u00e1reas de su cuerpo que no han podido reducir a trav\u00e9s del ejercicio o la dieta, pueden considerar la liposucci\u00f3n, un m\u00e9todo quir\u00fargico que se usa con mucha frecuencia. As\u00ed es como su cuerpo se pone en mejor forma. La liposucci\u00f3n es [&hellip;]\" \/>\n<meta property=\"og:url\" content=\"https:\/\/www.ayfaclinic.com\/es\/liposuccion\/\" \/>\n<meta property=\"og:site_name\" content=\"Ayfa Clinic Espa\u00f1ol\" \/>\n<meta property=\"article:publisher\" content=\"https:\/\/www.facebook.com\/ayfaclinic\/\" \/>\n<meta name=\"twitter:card\" content=\"summary_large_image\" \/>\n<meta name=\"twitter:label1\" content=\"Tiempo de lectura\" \/>\n\t<meta name=\"twitter:data1\" content=\"8 minutos\" \/>\n<script type=\"application\/ld+json\" class=\"yoast-schema-graph\">{\"@context\":\"https:\/\/schema.org\",\"@graph\":[{\"@type\":\"Organization\",\"@id\":\"https:\/\/www.ayfaclinic.com\/es\/#organization\",\"name\":\"Ayfa Clinic Espa\u00f1ol\",\"url\":\"https:\/\/www.ayfaclinic.com\/es\/\",\"sameAs\":[\"https:\/\/www.instagram.com\/ayfaclinic\/\",\"https:\/\/www.facebook.com\/ayfaclinic\/\"],\"logo\":{\"@type\":\"ImageObject\",\"inLanguage\":\"es\",\"@id\":\"https:\/\/www.ayfaclinic.com\/es\/#\/schema\/logo\/image\/\",\"url\":\"https:\/\/www.ayfaclinic.com\/es\/wp-content\/uploads\/2022\/07\/ayfa-buyuk-logo.jpg\",\"contentUrl\":\"https:\/\/www.ayfaclinic.com\/es\/wp-content\/uploads\/2022\/07\/ayfa-buyuk-logo.jpg\",\"width\":640,\"height\":640,\"caption\":\"Ayfa Clinic Espa\u00f1ol\"},\"image\":{\"@id\":\"https:\/\/www.ayfaclinic.com\/es\/#\/schema\/logo\/image\/\"}},{\"@type\":\"WebSite\",\"@id\":\"https:\/\/www.ayfaclinic.com\/es\/#website\",\"url\":\"https:\/\/www.ayfaclinic.com\/es\/\",\"name\":\"Ayfa Clinic Espa\u00f1ol\",\"description\":\"Ayfa Clinic - Health Starts Here\",\"publisher\":{\"@id\":\"https:\/\/www.ayfaclinic.com\/es\/#organization\"},\"potentialAction\":[{\"@type\":\"SearchAction\",\"target\":{\"@type\":\"EntryPoint\",\"urlTemplate\":\"https:\/\/www.ayfaclinic.com\/es\/?s={search_term_string}\"},\"query-input\":\"required name=search_term_string\"}],\"inLanguage\":\"es\"},{\"@type\":\"WebPage\",\"@id\":\"https:\/\/www.ayfaclinic.com\/es\/liposuccion\/\",\"url\":\"https:\/\/www.ayfaclinic.com\/es\/liposuccion\/\",\"name\":\"Liposuccion - Ayfa Clinic Estambul Turqu\u00eda\",\"isPartOf\":{\"@id\":\"https:\/\/www.ayfaclinic.com\/es\/#website\"},\"datePublished\":\"2022-08-05T17:06:17+00:00\",\"dateModified\":\"2022-08-05T17:06:17+00:00\",\"breadcrumb\":{\"@id\":\"https:\/\/www.ayfaclinic.com\/es\/liposuccion\/#breadcrumb\"},\"inLanguage\":\"es\",\"potentialAction\":[{\"@type\":\"ReadAction\",\"target\":[\"https:\/\/www.ayfaclinic.com\/es\/liposuccion\/\"]}]},{\"@type\":\"BreadcrumbList\",\"@id\":\"https:\/\/www.ayfaclinic.com\/es\/liposuccion\/#breadcrumb\",\"itemListElement\":[{\"@type\":\"ListItem\",\"position\":1,\"name\":\"Anasayfa\",\"item\":\"https:\/\/www.ayfaclinic.com\/es\/\"},{\"@type\":\"ListItem\",\"position\":2,\"name\":\"Liposuccion\"}]}]}<\/script>\n<!-- \/ Yoast SEO plugin. -->","yoast_head_json":{"title":"Liposuccion - Ayfa Clinic Estambul Turqu\u00eda","robots":{"index":"index","follow":"follow","max-snippet":"max-snippet:-1","max-image-preview":"max-image-preview:large","max-video-preview":"max-video-preview:-1"},"canonical":"https:\/\/www.ayfaclinic.com\/es\/liposuccion\/","og_locale":"es_ES","og_type":"article","og_title":"Liposuccion - Ayfa Clinic Estambul Turqu\u00eda","og_description":"Las personas que no son obesas pero tienen dep\u00f3sitos de grasa en ciertas \u00e1reas de su cuerpo que no han podido reducir a trav\u00e9s del ejercicio o la dieta, pueden considerar la liposucci\u00f3n, un m\u00e9todo quir\u00fargico que se usa con mucha frecuencia. As\u00ed es como su cuerpo se pone en mejor forma. La liposucci\u00f3n es [&hellip;]","og_url":"https:\/\/www.ayfaclinic.com\/es\/liposuccion\/","og_site_name":"Ayfa Clinic Espa\u00f1ol","article_publisher":"https:\/\/www.facebook.com\/ayfaclinic\/","twitter_card":"summary_large_image","twitter_misc":{"Tiempo de lectura":"8 minutos"},"schema":{"@context":"https:\/\/schema.org","@graph":[{"@type":"Organization","@id":"https:\/\/www.ayfaclinic.com\/es\/#organization","name":"Ayfa Clinic Espa\u00f1ol","url":"https:\/\/www.ayfaclinic.com\/es\/","sameAs":["https:\/\/www.instagram.com\/ayfaclinic\/","https:\/\/www.facebook.com\/ayfaclinic\/"],"logo":{"@type":"ImageObject","inLanguage":"es","@id":"https:\/\/www.ayfaclinic.com\/es\/#\/schema\/logo\/image\/","url":"https:\/\/www.ayfaclinic.com\/es\/wp-content\/uploads\/2022\/07\/ayfa-buyuk-logo.jpg","contentUrl":"https:\/\/www.ayfaclinic.com\/es\/wp-content\/uploads\/2022\/07\/ayfa-buyuk-logo.jpg","width":640,"height":640,"caption":"Ayfa Clinic Espa\u00f1ol"},"image":{"@id":"https:\/\/www.ayfaclinic.com\/es\/#\/schema\/logo\/image\/"}},{"@type":"WebSite","@id":"https:\/\/www.ayfaclinic.com\/es\/#website","url":"https:\/\/www.ayfaclinic.com\/es\/","name":"Ayfa Clinic Espa\u00f1ol","description":"Ayfa Clinic - Health Starts Here","publisher":{"@id":"https:\/\/www.ayfaclinic.com\/es\/#organization"},"potentialAction":[{"@type":"SearchAction","target":{"@type":"EntryPoint","urlTemplate":"https:\/\/www.ayfaclinic.com\/es\/?s={search_term_string}"},"query-input":"required name=search_term_string"}],"inLanguage":"es"},{"@type":"WebPage","@id":"https:\/\/www.ayfaclinic.com\/es\/liposuccion\/","url":"https:\/\/www.ayfaclinic.com\/es\/liposuccion\/","name":"Liposuccion - Ayfa Clinic Estambul Turqu\u00eda","isPartOf":{"@id":"https:\/\/www.ayfaclinic.com\/es\/#website"},"datePublished":"2022-08-05T17:06:17+00:00","dateModified":"2022-08-05T17:06:17+00:00","breadcrumb":{"@id":"https:\/\/www.ayfaclinic.com\/es\/liposuccion\/#breadcrumb"},"inLanguage":"es","potentialAction":[{"@type":"ReadAction","target":["https:\/\/www.ayfaclinic.com\/es\/liposuccion\/"]}]},{"@type":"BreadcrumbList","@id":"https:\/\/www.ayfaclinic.com\/es\/liposuccion\/#breadcrumb","itemListElement":[{"@type":"ListItem","position":1,"name":"Anasayfa","item":"https:\/\/www.ayfaclinic.com\/es\/"},{"@type":"ListItem","position":2,"name":"Liposuccion"}]}]}},"_links":{"self":[{"href":"https:\/\/www.ayfaclinic.com\/es\/wp-json\/wp\/v2\/pages\/8758","targetHints":{"allow":["GET"]}}],"collection":[{"href":"https:\/\/www.ayfaclinic.com\/es\/wp-json\/wp\/v2\/pages"}],"about":[{"href":"https:\/\/www.ayfaclinic.com\/es\/wp-json\/wp\/v2\/types\/page"}],"author":[{"embeddable":true,"href":"https:\/\/www.ayfaclinic.com\/es\/wp-json\/wp\/v2\/users\/1"}],"replies":[{"embeddable":true,"href":"https:\/\/www.ayfaclinic.com\/es\/wp-json\/wp\/v2\/comments?post=8758"}],"version-history":[{"count":1,"href":"https:\/\/www.ayfaclinic.com\/es\/wp-json\/wp\/v2\/pages\/8758\/revisions"}],"predecessor-version":[{"id":8759,"href":"https:\/\/www.ayfaclinic.com\/es\/wp-json\/wp\/v2\/pages\/8758\/revisions\/8759"}],"wp:attachment":[{"href":"https:\/\/www.ayfaclinic.com\/es\/wp-json\/wp\/v2\/media?parent=8758"}],"curies":[{"name":"wp","href":"https:\/\/api.w.org\/{rel}","templated":true}]}}