{"id":8756,"date":"2022-08-05T17:05:00","date_gmt":"2022-08-05T17:05:00","guid":{"rendered":"https:\/\/www.ayfaclinic.com\/es\/?page_id=8756"},"modified":"2022-08-05T17:05:00","modified_gmt":"2022-08-05T17:05:00","slug":"operacion-en-la-oreja-sobresaliente","status":"publish","type":"page","link":"https:\/\/www.ayfaclinic.com\/es\/operacion-en-la-oreja-sobresaliente\/","title":{"rendered":"Operaci\u00f3n en la oreja sobresaliente"},"content":{"rendered":"<p>Las orejas protuberantes son una de las razones m\u00e1s comunes para la cirug\u00eda est\u00e9tica no solo en nuestro pa\u00eds sino en todo el mundo. B\u00e1sicamente, esto no afecta la funcionalidad del cuerpo y, por lo tanto, no se clasifica como una enfermedad. Sin embargo, representa un problema importante para muchos y a menudo se realiza en cirug\u00eda est\u00e9tica. Con el desarrollo de la medicina y la facilidad de las cirug\u00edas est\u00e9ticas en los \u00faltimos a\u00f1os, los problemas con orejas protuberantes se pueden tratar f\u00e1cilmente con t\u00e9cnicas modernas y simples. Las orejas protuberantes, cuando causan problemas psicol\u00f3gicos como falta de confianza y baja autoestima, deben corregirse con cirug\u00eda para que la v\u00edctima pueda tener una mejor autoestima y, por lo tanto, una mejor vida social.<\/p>\n<div id=\"ez-toc-container\" class=\"ez-toc-v2_0_29 counter-hierarchy counter-decimal ez-toc-grey\">\n<div class=\"ez-toc-title-container\">\n<p class=\"ez-toc-title\">Contenido<\/p>\n<span class=\"ez-toc-title-toggle\"><a href=\"#\" class=\"ez-toc-pull-right ez-toc-btn ez-toc-btn-xs ez-toc-btn-default ez-toc-toggle\" style=\"display: none;\"><label for=\"item\" aria-label=\"Tabla de contenidos\"><i class=\"ez-toc-glyphicon ez-toc-icon-toggle\"><\/i><\/label><input type=\"checkbox\" id=\"item\"><\/a><\/span><\/div>\n<nav><ul class=\"ez-toc-list ez-toc-list-level-1\"><li class=\"ez-toc-page-1 ez-toc-heading-level-2\"><a class=\"ez-toc-link ez-toc-heading-1\" href=\"https:\/\/www.ayfaclinic.com\/es\/operacion-en-la-oreja-sobresaliente\/#%C2%BFCual_es_el_mejor_momento_para_la_cirugia_plastica_de_orejas\" title=\"\u00bfCu\u00e1l es el mejor momento para la cirug\u00eda pl\u00e1stica de orejas?\">\u00bfCu\u00e1l es el mejor momento para la cirug\u00eda pl\u00e1stica de orejas?<\/a><\/li><li class=\"ez-toc-page-1 ez-toc-heading-level-2\"><a class=\"ez-toc-link ez-toc-heading-2\" href=\"https:\/\/www.ayfaclinic.com\/es\/operacion-en-la-oreja-sobresaliente\/#%C2%BFQue_se_tiene_en_cuenta_durante_esta_operacion\" title=\"\u00bfQu\u00e9 se tiene en cuenta durante esta operaci\u00f3n?\">\u00bfQu\u00e9 se tiene en cuenta durante esta operaci\u00f3n?<\/a><\/li><li class=\"ez-toc-page-1 ez-toc-heading-level-2\"><a class=\"ez-toc-link ez-toc-heading-3\" href=\"https:\/\/www.ayfaclinic.com\/es\/operacion-en-la-oreja-sobresaliente\/#Como_se_realiza_la_cirugia\" title=\"C\u00f3mo se realiza la cirug\u00eda?\">C\u00f3mo se realiza la cirug\u00eda?<\/a><\/li><li class=\"ez-toc-page-1 ez-toc-heading-level-2\"><a class=\"ez-toc-link ez-toc-heading-4\" href=\"https:\/\/www.ayfaclinic.com\/es\/operacion-en-la-oreja-sobresaliente\/#%C2%BFCual_es_el_tipo_de_anestesia_%C2%BFCuanto_dura_la_operacion\" title=\"\u00bfCu\u00e1l es el tipo de anestesia? \u00bfCu\u00e1nto dura la operaci\u00f3n?\">\u00bfCu\u00e1l es el tipo de anestesia? \u00bfCu\u00e1nto dura la operaci\u00f3n?<\/a><\/li><li class=\"ez-toc-page-1 ez-toc-heading-level-2\"><a class=\"ez-toc-link ez-toc-heading-5\" href=\"https:\/\/www.ayfaclinic.com\/es\/operacion-en-la-oreja-sobresaliente\/#%C2%BFComo_va_despues_de_la_operacion\" title=\"\u00bfC\u00f3mo va despu\u00e9s de la operaci\u00f3n?\">\u00bfC\u00f3mo va despu\u00e9s de la operaci\u00f3n?<\/a><\/li><li class=\"ez-toc-page-1 ez-toc-heading-level-2\"><a class=\"ez-toc-link ez-toc-heading-6\" href=\"https:\/\/www.ayfaclinic.com\/es\/operacion-en-la-oreja-sobresaliente\/#%C2%BFQue_complicaciones_pueden_ocurrir_despues_de_la_cirugia_de_orejas\" title=\"\u00bfQu\u00e9 complicaciones pueden ocurrir despu\u00e9s de la cirug\u00eda de orejas?\">\u00bfQu\u00e9 complicaciones pueden ocurrir despu\u00e9s de la cirug\u00eda de orejas?<\/a><\/li><\/ul><\/nav><\/div>\n<h2><span class=\"ez-toc-section\" id=\"%C2%BFCual_es_el_mejor_momento_para_la_cirugia_plastica_de_orejas\"><\/span>\u00bfCu\u00e1l es el mejor momento para la cirug\u00eda pl\u00e1stica de orejas?<span class=\"ez-toc-section-end\"><\/span><\/h2>\n<p>Las operaciones est\u00e9ticas en la oreja se realizan a la edad de 5-6 a\u00f1os, porque para entonces la aur\u00edcula ha completado en gran medida su desarrollo.<\/p>\n<p>Si la cirug\u00eda se realiza en el momento adecuado, los ni\u00f1os no experimentar\u00e1n trauma social. Otra ventaja de realizar esta operaci\u00f3n en la infancia es el cart\u00edlago de la oreja suave y flexible, que se puede moldear de manera m\u00e1s f\u00e1cil y permanente.<\/p>\n<h2><span class=\"ez-toc-section\" id=\"%C2%BFQue_se_tiene_en_cuenta_durante_esta_operacion\"><\/span>\u00bfQu\u00e9 se tiene en cuenta durante esta operaci\u00f3n?<span class=\"ez-toc-section-end\"><\/span><\/h2>\n<p>Una oreja hermosa tambi\u00e9n debe tener un aspecto natural. Los pliegues de las orejas deben ser suaves y estar en armon\u00eda con su entorno. Visto desde el frente, el pliegue m\u00e1s externo de la oreja debe ser visible desde el frente. La proyecci\u00f3n de la oreja en relaci\u00f3n con la cabeza debe ser armoniosa en todas las vistas.<\/p>\n<h2><span class=\"ez-toc-section\" id=\"Como_se_realiza_la_cirugia\"><\/span>C\u00f3mo se realiza la cirug\u00eda?<span class=\"ez-toc-section-end\"><\/span><\/h2>\n<p>Durante la cirug\u00eda, se hace una peque\u00f1a incisi\u00f3n detr\u00e1s de la oreja para acceder al cart\u00edlago. Dependiendo de la t\u00e9cnica a utilizar, el cart\u00edlago se remodela y la nueva forma se fija permanentemente con suturas. La simetr\u00eda es muy importante aqu\u00ed. Despu\u00e9s de colocar suturas en la piel, se vendar\u00e1 la oreja.<\/p>\n<h2><span class=\"ez-toc-section\" id=\"%C2%BFCual_es_el_tipo_de_anestesia_%C2%BFCuanto_dura_la_operacion\"><\/span>\u00bfCu\u00e1l es el tipo de anestesia? \u00bfCu\u00e1nto dura la operaci\u00f3n?<span class=\"ez-toc-section-end\"><\/span><\/h2>\n<p>El procedimiento dura un promedio de 60-90 minutos. Mientras que la est\u00e9tica del o\u00eddo se realiza bajo anestesia local en adultos, se prefiere la anestesia general en ni\u00f1os.<\/p>\n<h2><span class=\"ez-toc-section\" id=\"%C2%BFComo_va_despues_de_la_operacion\"><\/span>\u00bfC\u00f3mo va despu\u00e9s de la operaci\u00f3n?<span class=\"ez-toc-section-end\"><\/span><\/h2>\n<p>Despu\u00e9s de la operaci\u00f3n, puede producirse un dolor moderado. Estas e no son muy fuertes y se pueden tratar con medicamentos. Si el dolor persiste por m\u00e1s de 24 horas o empeora, debe consultar a su m\u00e9dico. El vendaje para la oreja envuelto se retirar\u00e1 en 3-7 d\u00edas, dependiendo de la situaci\u00f3n. A partir de ahora se recomienda llevar una banda de tenis para mantener las orejas en una posici\u00f3n estable y protegerlas. Esto debe usarse d\u00eda y noche durante dos semanas y dos semanas adicionales solo por la noche. El deporte no debe practicarse durante al menos 6 semanas. Si se usa un vendaje para las orejas o un vendaje para tenis y no hay contacto f\u00edsico, es posible regresar a la escuela o al trabajo despu\u00e9s de 2-3 d\u00edas.<\/p>\n<h2><span class=\"ez-toc-section\" id=\"%C2%BFQue_complicaciones_pueden_ocurrir_despues_de_la_cirugia_de_orejas\"><\/span>\u00bfQu\u00e9 complicaciones pueden ocurrir despu\u00e9s de la cirug\u00eda de orejas?<span class=\"ez-toc-section-end\"><\/span><\/h2>\n<p>* Hematomas (hematomas): solo en raras ocasiones. Esta es la acumulaci\u00f3n de sangre entre el cart\u00edlago de la oreja y la piel. Retrasa la curaci\u00f3n y allana el camino para la infecci\u00f3n. En esta situaci\u00f3n, se drena la sangre acumulada y se aplica un vendaje.<\/p>\n<p>* Recurrencia del problema: Si hay un traumatismo o aflojamiento de las suturas despu\u00e9s de la cirug\u00eda, el problema puede reaparecer. A continuaci\u00f3n, se repite el proceso.<\/p>\n<p>* Cicatriz quir\u00fargica: No se notan los rastros que pueden quedar detr\u00e1s de la oreja como resultado de esta operaci\u00f3n. A veces, se puede ver una l\u00ednea delgada en la parte frontal de la oreja.<\/p>\n<p>* Falta de simetr\u00eda: Pueden existir diferencias de forma y proyecci\u00f3n hacia el exterior entre las orejas. En este caso, puede ser necesaria una nueva intervenci\u00f3n.<\/p>\n<p>La actividad excesiva conduce a un aumento de la hinchaz\u00f3n y los moretones. La aplicaci\u00f3n de fr\u00edo y hielo reduce la hinchaz\u00f3n, los moretones y el dolor. Si se siente incomodidad durante la aplicaci\u00f3n de hielo, es apropiado tomar descansos.<\/p>\n<p>Eleve la cabeza cuando se acueste para reducir la hinchaz\u00f3n. Si es posible, no debe acostarse de lado durante 7 a 10 d\u00edas. Debe dormir sobre una almohada muy suave durante un mes.<\/p>\n<p>Si usa anteojos, las llagas no deben tensarse.<\/p>\n<p>El vendaje se retira despu\u00e9s de 3-5 d\u00edas. Despu\u00e9s de quitar el vendaje, las orejas no deben torcerse ni tirarse.<\/p>\n<p>El ejercicio y las actividades excesivos deben evitarse durante 4 a 6 semanas, ya que pueden causar sangrado e hinchaz\u00f3n.Las actividades deben ser limitadas en los primeros d\u00edas. Sin embargo, las actividades dom\u00e9sticas no tienen por qu\u00e9 serlo. La actividad excesiva conduce a un aumento de la hinchaz\u00f3n y los moretones. La aplicaci\u00f3n de fr\u00edo y hielo reduce la hinchaz\u00f3n, los moretones y el dolor. Si se siente incomodidad durante la aplicaci\u00f3n de hielo, es apropiado tomar descansos.<\/p>\n<p>Eleve la cabeza cuando se acueste para reducir la hinchaz\u00f3n. Si es posible, no debe acostarse de lado durante 7 a 10 d\u00edas. Debe dormir sobre una almohada muy suave durante un mes.<\/p>\n<p>Si usa anteojos, las llagas no deben tensarse.<\/p>\n<p>El vendaje se retira despu\u00e9s de 3-5 d\u00edas. Despu\u00e9s de quitar el vendaje, las orejas no deben torcerse ni tirarse.<\/p>\n<p>El ejercicio y las actividades excesivos deben evitarse durante 4 a 6 semanas, ya que pueden causar sangrado e hinchaz\u00f3n.<\/p>\n","protected":false},"excerpt":{"rendered":"<p>Las orejas protuberantes son una de las razones m\u00e1s comunes para la cirug\u00eda est\u00e9tica no solo en nuestro pa\u00eds sino en todo el mundo. B\u00e1sicamente, esto no afecta la funcionalidad del cuerpo y, por lo tanto, no se clasifica como una enfermedad. Sin embargo, representa un problema importante para muchos y a menudo se realiza [&hellip;]<\/p>\n","protected":false},"author":1,"featured_media":0,"parent":0,"menu_order":0,"comment_status":"closed","ping_status":"closed","template":"","meta":{"footnotes":""},"class_list":["post-8756","page","type-page","status-publish","hentry"],"yoast_head":"<!-- This site is optimized with the Yoast SEO plugin v19.4 - https:\/\/yoast.com\/wordpress\/plugins\/seo\/ -->\n<title>Operaci\u00f3n en la oreja sobresaliente - Ayfa Clinic Estambul Turqu\u00eda<\/title>\n<meta name=\"robots\" content=\"index, follow, max-snippet:-1, max-image-preview:large, max-video-preview:-1\" \/>\n<link rel=\"canonical\" href=\"https:\/\/www.ayfaclinic.com\/es\/operacion-en-la-oreja-sobresaliente\/\" \/>\n<meta property=\"og:locale\" content=\"es_ES\" \/>\n<meta property=\"og:type\" content=\"article\" \/>\n<meta property=\"og:title\" content=\"Operaci\u00f3n en la oreja sobresaliente - Ayfa Clinic Estambul Turqu\u00eda\" \/>\n<meta property=\"og:description\" content=\"Las orejas protuberantes son una de las razones m\u00e1s comunes para la cirug\u00eda est\u00e9tica no solo en nuestro pa\u00eds sino en todo el mundo. B\u00e1sicamente, esto no afecta la funcionalidad del cuerpo y, por lo tanto, no se clasifica como una enfermedad. Sin embargo, representa un problema importante para muchos y a menudo se realiza [&hellip;]\" \/>\n<meta property=\"og:url\" content=\"https:\/\/www.ayfaclinic.com\/es\/operacion-en-la-oreja-sobresaliente\/\" \/>\n<meta property=\"og:site_name\" content=\"Ayfa Clinic Espa\u00f1ol\" \/>\n<meta property=\"article:publisher\" content=\"https:\/\/www.facebook.com\/ayfaclinic\/\" \/>\n<meta name=\"twitter:card\" content=\"summary_large_image\" \/>\n<meta name=\"twitter:label1\" content=\"Tiempo de lectura\" \/>\n\t<meta name=\"twitter:data1\" content=\"6 minutos\" \/>\n<script type=\"application\/ld+json\" class=\"yoast-schema-graph\">{\"@context\":\"https:\/\/schema.org\",\"@graph\":[{\"@type\":\"Organization\",\"@id\":\"https:\/\/www.ayfaclinic.com\/es\/#organization\",\"name\":\"Ayfa Clinic Espa\u00f1ol\",\"url\":\"https:\/\/www.ayfaclinic.com\/es\/\",\"sameAs\":[\"https:\/\/www.instagram.com\/ayfaclinic\/\",\"https:\/\/www.facebook.com\/ayfaclinic\/\"],\"logo\":{\"@type\":\"ImageObject\",\"inLanguage\":\"es\",\"@id\":\"https:\/\/www.ayfaclinic.com\/es\/#\/schema\/logo\/image\/\",\"url\":\"https:\/\/www.ayfaclinic.com\/es\/wp-content\/uploads\/2022\/07\/ayfa-buyuk-logo.jpg\",\"contentUrl\":\"https:\/\/www.ayfaclinic.com\/es\/wp-content\/uploads\/2022\/07\/ayfa-buyuk-logo.jpg\",\"width\":640,\"height\":640,\"caption\":\"Ayfa Clinic Espa\u00f1ol\"},\"image\":{\"@id\":\"https:\/\/www.ayfaclinic.com\/es\/#\/schema\/logo\/image\/\"}},{\"@type\":\"WebSite\",\"@id\":\"https:\/\/www.ayfaclinic.com\/es\/#website\",\"url\":\"https:\/\/www.ayfaclinic.com\/es\/\",\"name\":\"Ayfa Clinic Espa\u00f1ol\",\"description\":\"Ayfa Clinic - Health Starts Here\",\"publisher\":{\"@id\":\"https:\/\/www.ayfaclinic.com\/es\/#organization\"},\"potentialAction\":[{\"@type\":\"SearchAction\",\"target\":{\"@type\":\"EntryPoint\",\"urlTemplate\":\"https:\/\/www.ayfaclinic.com\/es\/?s={search_term_string}\"},\"query-input\":\"required name=search_term_string\"}],\"inLanguage\":\"es\"},{\"@type\":\"WebPage\",\"@id\":\"https:\/\/www.ayfaclinic.com\/es\/operacion-en-la-oreja-sobresaliente\/\",\"url\":\"https:\/\/www.ayfaclinic.com\/es\/operacion-en-la-oreja-sobresaliente\/\",\"name\":\"Operaci\u00f3n en la oreja sobresaliente - Ayfa Clinic Estambul Turqu\u00eda\",\"isPartOf\":{\"@id\":\"https:\/\/www.ayfaclinic.com\/es\/#website\"},\"datePublished\":\"2022-08-05T17:05:00+00:00\",\"dateModified\":\"2022-08-05T17:05:00+00:00\",\"breadcrumb\":{\"@id\":\"https:\/\/www.ayfaclinic.com\/es\/operacion-en-la-oreja-sobresaliente\/#breadcrumb\"},\"inLanguage\":\"es\",\"potentialAction\":[{\"@type\":\"ReadAction\",\"target\":[\"https:\/\/www.ayfaclinic.com\/es\/operacion-en-la-oreja-sobresaliente\/\"]}]},{\"@type\":\"BreadcrumbList\",\"@id\":\"https:\/\/www.ayfaclinic.com\/es\/operacion-en-la-oreja-sobresaliente\/#breadcrumb\",\"itemListElement\":[{\"@type\":\"ListItem\",\"position\":1,\"name\":\"Anasayfa\",\"item\":\"https:\/\/www.ayfaclinic.com\/es\/\"},{\"@type\":\"ListItem\",\"position\":2,\"name\":\"Operaci\u00f3n en la oreja sobresaliente\"}]}]}<\/script>\n<!-- \/ Yoast SEO plugin. -->","yoast_head_json":{"title":"Operaci\u00f3n en la oreja sobresaliente - Ayfa Clinic Estambul Turqu\u00eda","robots":{"index":"index","follow":"follow","max-snippet":"max-snippet:-1","max-image-preview":"max-image-preview:large","max-video-preview":"max-video-preview:-1"},"canonical":"https:\/\/www.ayfaclinic.com\/es\/operacion-en-la-oreja-sobresaliente\/","og_locale":"es_ES","og_type":"article","og_title":"Operaci\u00f3n en la oreja sobresaliente - Ayfa Clinic Estambul Turqu\u00eda","og_description":"Las orejas protuberantes son una de las razones m\u00e1s comunes para la cirug\u00eda est\u00e9tica no solo en nuestro pa\u00eds sino en todo el mundo. B\u00e1sicamente, esto no afecta la funcionalidad del cuerpo y, por lo tanto, no se clasifica como una enfermedad. Sin embargo, representa un problema importante para muchos y a menudo se realiza [&hellip;]","og_url":"https:\/\/www.ayfaclinic.com\/es\/operacion-en-la-oreja-sobresaliente\/","og_site_name":"Ayfa Clinic Espa\u00f1ol","article_publisher":"https:\/\/www.facebook.com\/ayfaclinic\/","twitter_card":"summary_large_image","twitter_misc":{"Tiempo de lectura":"6 minutos"},"schema":{"@context":"https:\/\/schema.org","@graph":[{"@type":"Organization","@id":"https:\/\/www.ayfaclinic.com\/es\/#organization","name":"Ayfa Clinic Espa\u00f1ol","url":"https:\/\/www.ayfaclinic.com\/es\/","sameAs":["https:\/\/www.instagram.com\/ayfaclinic\/","https:\/\/www.facebook.com\/ayfaclinic\/"],"logo":{"@type":"ImageObject","inLanguage":"es","@id":"https:\/\/www.ayfaclinic.com\/es\/#\/schema\/logo\/image\/","url":"https:\/\/www.ayfaclinic.com\/es\/wp-content\/uploads\/2022\/07\/ayfa-buyuk-logo.jpg","contentUrl":"https:\/\/www.ayfaclinic.com\/es\/wp-content\/uploads\/2022\/07\/ayfa-buyuk-logo.jpg","width":640,"height":640,"caption":"Ayfa Clinic Espa\u00f1ol"},"image":{"@id":"https:\/\/www.ayfaclinic.com\/es\/#\/schema\/logo\/image\/"}},{"@type":"WebSite","@id":"https:\/\/www.ayfaclinic.com\/es\/#website","url":"https:\/\/www.ayfaclinic.com\/es\/","name":"Ayfa Clinic Espa\u00f1ol","description":"Ayfa Clinic - Health Starts Here","publisher":{"@id":"https:\/\/www.ayfaclinic.com\/es\/#organization"},"potentialAction":[{"@type":"SearchAction","target":{"@type":"EntryPoint","urlTemplate":"https:\/\/www.ayfaclinic.com\/es\/?s={search_term_string}"},"query-input":"required name=search_term_string"}],"inLanguage":"es"},{"@type":"WebPage","@id":"https:\/\/www.ayfaclinic.com\/es\/operacion-en-la-oreja-sobresaliente\/","url":"https:\/\/www.ayfaclinic.com\/es\/operacion-en-la-oreja-sobresaliente\/","name":"Operaci\u00f3n en la oreja sobresaliente - Ayfa Clinic Estambul Turqu\u00eda","isPartOf":{"@id":"https:\/\/www.ayfaclinic.com\/es\/#website"},"datePublished":"2022-08-05T17:05:00+00:00","dateModified":"2022-08-05T17:05:00+00:00","breadcrumb":{"@id":"https:\/\/www.ayfaclinic.com\/es\/operacion-en-la-oreja-sobresaliente\/#breadcrumb"},"inLanguage":"es","potentialAction":[{"@type":"ReadAction","target":["https:\/\/www.ayfaclinic.com\/es\/operacion-en-la-oreja-sobresaliente\/"]}]},{"@type":"BreadcrumbList","@id":"https:\/\/www.ayfaclinic.com\/es\/operacion-en-la-oreja-sobresaliente\/#breadcrumb","itemListElement":[{"@type":"ListItem","position":1,"name":"Anasayfa","item":"https:\/\/www.ayfaclinic.com\/es\/"},{"@type":"ListItem","position":2,"name":"Operaci\u00f3n en la oreja sobresaliente"}]}]}},"_links":{"self":[{"href":"https:\/\/www.ayfaclinic.com\/es\/wp-json\/wp\/v2\/pages\/8756","targetHints":{"allow":["GET"]}}],"collection":[{"href":"https:\/\/www.ayfaclinic.com\/es\/wp-json\/wp\/v2\/pages"}],"about":[{"href":"https:\/\/www.ayfaclinic.com\/es\/wp-json\/wp\/v2\/types\/page"}],"author":[{"embeddable":true,"href":"https:\/\/www.ayfaclinic.com\/es\/wp-json\/wp\/v2\/users\/1"}],"replies":[{"embeddable":true,"href":"https:\/\/www.ayfaclinic.com\/es\/wp-json\/wp\/v2\/comments?post=8756"}],"version-history":[{"count":1,"href":"https:\/\/www.ayfaclinic.com\/es\/wp-json\/wp\/v2\/pages\/8756\/revisions"}],"predecessor-version":[{"id":8757,"href":"https:\/\/www.ayfaclinic.com\/es\/wp-json\/wp\/v2\/pages\/8756\/revisions\/8757"}],"wp:attachment":[{"href":"https:\/\/www.ayfaclinic.com\/es\/wp-json\/wp\/v2\/media?parent=8756"}],"curies":[{"name":"wp","href":"https:\/\/api.w.org\/{rel}","templated":true}]}}