{"id":8752,"date":"2022-08-05T17:03:29","date_gmt":"2022-08-05T17:03:29","guid":{"rendered":"https:\/\/www.ayfaclinic.com\/es\/?page_id=8752"},"modified":"2022-08-05T17:03:29","modified_gmt":"2022-08-05T17:03:29","slug":"ginecomastia","status":"publish","type":"page","link":"https:\/\/www.ayfaclinic.com\/es\/ginecomastia\/","title":{"rendered":"Ginecomastia"},"content":{"rendered":"<p>La ginecomastia es el t\u00e9rmino para un crecimiento anormal pero benigno en la cantidad de tejido mamario en los hombres debido a un desequilibrio de las hormonas estr\u00f3geno y testosterona. La ginecomastia puede afectar un seno en algunos casos y ambos senos en otros casos. Ambos senos pueden verse afectados de manera irregular y alcanzar diferentes tama\u00f1os. Los reci\u00e9n nacidos, los adolescentes y los hombres mayores pueden desarrollar ginecomastia debido a cambios normales en los niveles hormonales. Sin embargo, tambi\u00e9n hay otras razones para desarrollar ginecomastia. La ginecomastia no es un problema grave en muchos casos, pero controlar esta afecci\u00f3n puede ser dif\u00edcil para las personas. Se ha observado que los hombres con ginecomastia experimentan dolor en los senos. En algunos casos, se puede ver que el individuo se averg\u00fcenza de la situaci\u00f3n. Dependiendo de la causa de la ginecomastia, puede sanar espont\u00e1neamente en algunos pacientes, y algunos pacientes pueden requerir tratamiento con medicamentos o cirug\u00eda.<\/p>\n<div id=\"ez-toc-container\" class=\"ez-toc-v2_0_29 counter-hierarchy counter-decimal ez-toc-grey\">\n<div class=\"ez-toc-title-container\">\n<p class=\"ez-toc-title\">Contenido<\/p>\n<span class=\"ez-toc-title-toggle\"><a href=\"#\" class=\"ez-toc-pull-right ez-toc-btn ez-toc-btn-xs ez-toc-btn-default ez-toc-toggle\" style=\"display: none;\"><label for=\"item\" aria-label=\"Tabla de contenidos\"><i class=\"ez-toc-glyphicon ez-toc-icon-toggle\"><\/i><\/label><input type=\"checkbox\" id=\"item\"><\/a><\/span><\/div>\n<nav><ul class=\"ez-toc-list ez-toc-list-level-1\"><li class=\"ez-toc-page-1 ez-toc-heading-level-2\"><a class=\"ez-toc-link ez-toc-heading-1\" href=\"https:\/\/www.ayfaclinic.com\/es\/ginecomastia\/#%C2%BFComo_se_realiza_la_planificacion_quirurgica\" title=\"\u00bfC\u00f3mo se realiza la planificaci\u00f3n quir\u00fargica?\">\u00bfC\u00f3mo se realiza la planificaci\u00f3n quir\u00fargica?<\/a><\/li><li class=\"ez-toc-page-1 ez-toc-heading-level-2\"><a class=\"ez-toc-link ez-toc-heading-2\" href=\"https:\/\/www.ayfaclinic.com\/es\/ginecomastia\/#Como_se_realiza_la_cirugia\" title=\"C\u00f3mo se realiza la cirug\u00eda?\">C\u00f3mo se realiza la cirug\u00eda?<\/a><\/li><li class=\"ez-toc-page-1 ez-toc-heading-level-2\"><a class=\"ez-toc-link ez-toc-heading-3\" href=\"https:\/\/www.ayfaclinic.com\/es\/ginecomastia\/#%C2%BFCual_es_el_tipo_de_anestesia\" title=\"\u00bfCu\u00e1l es el tipo de anestesia?\">\u00bfCu\u00e1l es el tipo de anestesia?<\/a><\/li><li class=\"ez-toc-page-1 ez-toc-heading-level-2\"><a class=\"ez-toc-link ez-toc-heading-4\" href=\"https:\/\/www.ayfaclinic.com\/es\/ginecomastia\/#%C2%BFCuales_son_los_riesgos_de_la_cirugia\" title=\"\u00bfCu\u00e1les son los riesgos de la cirug\u00eda?\">\u00bfCu\u00e1les son los riesgos de la cirug\u00eda?<\/a><\/li><\/ul><\/nav><\/div>\n<h2><span class=\"ez-toc-section\" id=\"%C2%BFComo_se_realiza_la_planificacion_quirurgica\"><\/span>\u00bfC\u00f3mo se realiza la planificaci\u00f3n quir\u00fargica?<span class=\"ez-toc-section-end\"><\/span><\/h2>\n<p>Conviene esperar 2 a\u00f1os antes de emprender una intervenci\u00f3n en los observados durante la adolescencia y si no hay regresi\u00f3n en este periodo conviene intervenir.<\/p>\n<h2><span class=\"ez-toc-section\" id=\"Como_se_realiza_la_cirugia\"><\/span>C\u00f3mo se realiza la cirug\u00eda?<span class=\"ez-toc-section-end\"><\/span><\/h2>\n<p>Los senos se dividen de acuerdo a su tama\u00f1o. Aunque el procedimiento a realizar var\u00eda seg\u00fan el tama\u00f1o, en los casos m\u00e1s comunes, la liposucci\u00f3n VASER(lipovaser) se realiza a trav\u00e9s de una o dos peque\u00f1as incisiones. Si los senos son demasiado grandes, tambi\u00e9n se debe extirpar el tejido mamario y la piel. Por lo general, no se utilizan drenajes.<\/p>\n<h2><span class=\"ez-toc-section\" id=\"%C2%BFCual_es_el_tipo_de_anestesia\"><\/span>\u00bfCu\u00e1l es el tipo de anestesia?<span class=\"ez-toc-section-end\"><\/span><\/h2>\n<p>Este procedimiento se puede realizar bajo anestesia general.<\/p>\n<h2><span class=\"ez-toc-section\" id=\"%C2%BFCuales_son_los_riesgos_de_la_cirugia\"><\/span>\u00bfCu\u00e1les son los riesgos de la cirug\u00eda?<span class=\"ez-toc-section-end\"><\/span><\/h2>\n<p>Un hematoma se puede ver como una complicaci\u00f3n. Sin embargo, si la operacion se hace correctamente, no habran muchos problemas.<\/p>\n","protected":false},"excerpt":{"rendered":"<p>La ginecomastia es el t\u00e9rmino para un crecimiento anormal pero benigno en la cantidad de tejido mamario en los hombres debido a un desequilibrio de las hormonas estr\u00f3geno y testosterona. La ginecomastia puede afectar un seno en algunos casos y ambos senos en otros casos. Ambos senos pueden verse afectados de manera irregular y alcanzar [&hellip;]<\/p>\n","protected":false},"author":1,"featured_media":0,"parent":0,"menu_order":0,"comment_status":"closed","ping_status":"closed","template":"","meta":{"footnotes":""},"class_list":["post-8752","page","type-page","status-publish","hentry"],"yoast_head":"<!-- This site is optimized with the Yoast SEO plugin v19.4 - https:\/\/yoast.com\/wordpress\/plugins\/seo\/ -->\n<title>Ginecomastia - Ayfa Clinic Estambul Turqu\u00eda<\/title>\n<meta name=\"robots\" content=\"index, follow, max-snippet:-1, max-image-preview:large, max-video-preview:-1\" \/>\n<link rel=\"canonical\" href=\"https:\/\/www.ayfaclinic.com\/es\/ginecomastia\/\" \/>\n<meta property=\"og:locale\" content=\"es_ES\" \/>\n<meta property=\"og:type\" content=\"article\" \/>\n<meta property=\"og:title\" content=\"Ginecomastia - Ayfa Clinic Estambul Turqu\u00eda\" \/>\n<meta property=\"og:description\" content=\"La ginecomastia es el t\u00e9rmino para un crecimiento anormal pero benigno en la cantidad de tejido mamario en los hombres debido a un desequilibrio de las hormonas estr\u00f3geno y testosterona. La ginecomastia puede afectar un seno en algunos casos y ambos senos en otros casos. Ambos senos pueden verse afectados de manera irregular y alcanzar [&hellip;]\" \/>\n<meta property=\"og:url\" content=\"https:\/\/www.ayfaclinic.com\/es\/ginecomastia\/\" \/>\n<meta property=\"og:site_name\" content=\"Ayfa Clinic Espa\u00f1ol\" \/>\n<meta property=\"article:publisher\" content=\"https:\/\/www.facebook.com\/ayfaclinic\/\" \/>\n<meta name=\"twitter:card\" content=\"summary_large_image\" \/>\n<meta name=\"twitter:label1\" content=\"Tiempo de lectura\" \/>\n\t<meta name=\"twitter:data1\" content=\"2 minutos\" \/>\n<script type=\"application\/ld+json\" class=\"yoast-schema-graph\">{\"@context\":\"https:\/\/schema.org\",\"@graph\":[{\"@type\":\"Organization\",\"@id\":\"https:\/\/www.ayfaclinic.com\/es\/#organization\",\"name\":\"Ayfa Clinic Espa\u00f1ol\",\"url\":\"https:\/\/www.ayfaclinic.com\/es\/\",\"sameAs\":[\"https:\/\/www.instagram.com\/ayfaclinic\/\",\"https:\/\/www.facebook.com\/ayfaclinic\/\"],\"logo\":{\"@type\":\"ImageObject\",\"inLanguage\":\"es\",\"@id\":\"https:\/\/www.ayfaclinic.com\/es\/#\/schema\/logo\/image\/\",\"url\":\"https:\/\/www.ayfaclinic.com\/es\/wp-content\/uploads\/2022\/07\/ayfa-buyuk-logo.jpg\",\"contentUrl\":\"https:\/\/www.ayfaclinic.com\/es\/wp-content\/uploads\/2022\/07\/ayfa-buyuk-logo.jpg\",\"width\":640,\"height\":640,\"caption\":\"Ayfa Clinic Espa\u00f1ol\"},\"image\":{\"@id\":\"https:\/\/www.ayfaclinic.com\/es\/#\/schema\/logo\/image\/\"}},{\"@type\":\"WebSite\",\"@id\":\"https:\/\/www.ayfaclinic.com\/es\/#website\",\"url\":\"https:\/\/www.ayfaclinic.com\/es\/\",\"name\":\"Ayfa Clinic Espa\u00f1ol\",\"description\":\"Ayfa Clinic - Health Starts Here\",\"publisher\":{\"@id\":\"https:\/\/www.ayfaclinic.com\/es\/#organization\"},\"potentialAction\":[{\"@type\":\"SearchAction\",\"target\":{\"@type\":\"EntryPoint\",\"urlTemplate\":\"https:\/\/www.ayfaclinic.com\/es\/?s={search_term_string}\"},\"query-input\":\"required name=search_term_string\"}],\"inLanguage\":\"es\"},{\"@type\":\"WebPage\",\"@id\":\"https:\/\/www.ayfaclinic.com\/es\/ginecomastia\/\",\"url\":\"https:\/\/www.ayfaclinic.com\/es\/ginecomastia\/\",\"name\":\"Ginecomastia - Ayfa Clinic Estambul Turqu\u00eda\",\"isPartOf\":{\"@id\":\"https:\/\/www.ayfaclinic.com\/es\/#website\"},\"datePublished\":\"2022-08-05T17:03:29+00:00\",\"dateModified\":\"2022-08-05T17:03:29+00:00\",\"breadcrumb\":{\"@id\":\"https:\/\/www.ayfaclinic.com\/es\/ginecomastia\/#breadcrumb\"},\"inLanguage\":\"es\",\"potentialAction\":[{\"@type\":\"ReadAction\",\"target\":[\"https:\/\/www.ayfaclinic.com\/es\/ginecomastia\/\"]}]},{\"@type\":\"BreadcrumbList\",\"@id\":\"https:\/\/www.ayfaclinic.com\/es\/ginecomastia\/#breadcrumb\",\"itemListElement\":[{\"@type\":\"ListItem\",\"position\":1,\"name\":\"Anasayfa\",\"item\":\"https:\/\/www.ayfaclinic.com\/es\/\"},{\"@type\":\"ListItem\",\"position\":2,\"name\":\"Ginecomastia\"}]}]}<\/script>\n<!-- \/ Yoast SEO plugin. -->","yoast_head_json":{"title":"Ginecomastia - Ayfa Clinic Estambul Turqu\u00eda","robots":{"index":"index","follow":"follow","max-snippet":"max-snippet:-1","max-image-preview":"max-image-preview:large","max-video-preview":"max-video-preview:-1"},"canonical":"https:\/\/www.ayfaclinic.com\/es\/ginecomastia\/","og_locale":"es_ES","og_type":"article","og_title":"Ginecomastia - Ayfa Clinic Estambul Turqu\u00eda","og_description":"La ginecomastia es el t\u00e9rmino para un crecimiento anormal pero benigno en la cantidad de tejido mamario en los hombres debido a un desequilibrio de las hormonas estr\u00f3geno y testosterona. La ginecomastia puede afectar un seno en algunos casos y ambos senos en otros casos. Ambos senos pueden verse afectados de manera irregular y alcanzar [&hellip;]","og_url":"https:\/\/www.ayfaclinic.com\/es\/ginecomastia\/","og_site_name":"Ayfa Clinic Espa\u00f1ol","article_publisher":"https:\/\/www.facebook.com\/ayfaclinic\/","twitter_card":"summary_large_image","twitter_misc":{"Tiempo de lectura":"2 minutos"},"schema":{"@context":"https:\/\/schema.org","@graph":[{"@type":"Organization","@id":"https:\/\/www.ayfaclinic.com\/es\/#organization","name":"Ayfa Clinic Espa\u00f1ol","url":"https:\/\/www.ayfaclinic.com\/es\/","sameAs":["https:\/\/www.instagram.com\/ayfaclinic\/","https:\/\/www.facebook.com\/ayfaclinic\/"],"logo":{"@type":"ImageObject","inLanguage":"es","@id":"https:\/\/www.ayfaclinic.com\/es\/#\/schema\/logo\/image\/","url":"https:\/\/www.ayfaclinic.com\/es\/wp-content\/uploads\/2022\/07\/ayfa-buyuk-logo.jpg","contentUrl":"https:\/\/www.ayfaclinic.com\/es\/wp-content\/uploads\/2022\/07\/ayfa-buyuk-logo.jpg","width":640,"height":640,"caption":"Ayfa Clinic Espa\u00f1ol"},"image":{"@id":"https:\/\/www.ayfaclinic.com\/es\/#\/schema\/logo\/image\/"}},{"@type":"WebSite","@id":"https:\/\/www.ayfaclinic.com\/es\/#website","url":"https:\/\/www.ayfaclinic.com\/es\/","name":"Ayfa Clinic Espa\u00f1ol","description":"Ayfa Clinic - Health Starts Here","publisher":{"@id":"https:\/\/www.ayfaclinic.com\/es\/#organization"},"potentialAction":[{"@type":"SearchAction","target":{"@type":"EntryPoint","urlTemplate":"https:\/\/www.ayfaclinic.com\/es\/?s={search_term_string}"},"query-input":"required name=search_term_string"}],"inLanguage":"es"},{"@type":"WebPage","@id":"https:\/\/www.ayfaclinic.com\/es\/ginecomastia\/","url":"https:\/\/www.ayfaclinic.com\/es\/ginecomastia\/","name":"Ginecomastia - Ayfa Clinic Estambul Turqu\u00eda","isPartOf":{"@id":"https:\/\/www.ayfaclinic.com\/es\/#website"},"datePublished":"2022-08-05T17:03:29+00:00","dateModified":"2022-08-05T17:03:29+00:00","breadcrumb":{"@id":"https:\/\/www.ayfaclinic.com\/es\/ginecomastia\/#breadcrumb"},"inLanguage":"es","potentialAction":[{"@type":"ReadAction","target":["https:\/\/www.ayfaclinic.com\/es\/ginecomastia\/"]}]},{"@type":"BreadcrumbList","@id":"https:\/\/www.ayfaclinic.com\/es\/ginecomastia\/#breadcrumb","itemListElement":[{"@type":"ListItem","position":1,"name":"Anasayfa","item":"https:\/\/www.ayfaclinic.com\/es\/"},{"@type":"ListItem","position":2,"name":"Ginecomastia"}]}]}},"_links":{"self":[{"href":"https:\/\/www.ayfaclinic.com\/es\/wp-json\/wp\/v2\/pages\/8752","targetHints":{"allow":["GET"]}}],"collection":[{"href":"https:\/\/www.ayfaclinic.com\/es\/wp-json\/wp\/v2\/pages"}],"about":[{"href":"https:\/\/www.ayfaclinic.com\/es\/wp-json\/wp\/v2\/types\/page"}],"author":[{"embeddable":true,"href":"https:\/\/www.ayfaclinic.com\/es\/wp-json\/wp\/v2\/users\/1"}],"replies":[{"embeddable":true,"href":"https:\/\/www.ayfaclinic.com\/es\/wp-json\/wp\/v2\/comments?post=8752"}],"version-history":[{"count":1,"href":"https:\/\/www.ayfaclinic.com\/es\/wp-json\/wp\/v2\/pages\/8752\/revisions"}],"predecessor-version":[{"id":8753,"href":"https:\/\/www.ayfaclinic.com\/es\/wp-json\/wp\/v2\/pages\/8752\/revisions\/8753"}],"wp:attachment":[{"href":"https:\/\/www.ayfaclinic.com\/es\/wp-json\/wp\/v2\/media?parent=8752"}],"curies":[{"name":"wp","href":"https:\/\/api.w.org\/{rel}","templated":true}]}}