{"id":8745,"date":"2022-08-05T17:00:31","date_gmt":"2022-08-05T17:00:31","guid":{"rendered":"https:\/\/www.ayfaclinic.com\/es\/?page_id=8745"},"modified":"2022-08-05T17:00:31","modified_gmt":"2022-08-05T17:00:31","slug":"botox","status":"publish","type":"page","link":"https:\/\/www.ayfaclinic.com\/es\/botox\/","title":{"rendered":"Botox"},"content":{"rendered":"<p>El botox(botulinium toxin) es una toxina obtenida de la bacteria clostridium botulinum.Funciona impidiendo la liberacion de sustancias que provocan la transmision en las terminaciones nerviosas y deteniendo la transmision entre los nervios y los organos alcanzados por el nervio y reducidos o perdidos por completo.<\/p>\n<p>El botox se puede usar con fines esteticos y cosmeticos para reducir o prevenir la formacion de movimientos de los musculos faciales.Tambien se puede usar para reducir la sudoracion en areas de sudoracion excesiva y en el tratamiento de migranas cronicas.<\/p>\n<div id=\"ez-toc-container\" class=\"ez-toc-v2_0_29 counter-hierarchy counter-decimal ez-toc-grey\">\n<div class=\"ez-toc-title-container\">\n<p class=\"ez-toc-title\">Contenido<\/p>\n<span class=\"ez-toc-title-toggle\"><a href=\"#\" class=\"ez-toc-pull-right ez-toc-btn ez-toc-btn-xs ez-toc-btn-default ez-toc-toggle\" style=\"display: none;\"><label for=\"item\" aria-label=\"Tabla de contenidos\"><i class=\"ez-toc-glyphicon ez-toc-icon-toggle\"><\/i><\/label><input type=\"checkbox\" id=\"item\"><\/a><\/span><\/div>\n<nav><ul class=\"ez-toc-list ez-toc-list-level-1\"><li class=\"ez-toc-page-1 ez-toc-heading-level-2\"><a class=\"ez-toc-link ez-toc-heading-1\" href=\"https:\/\/www.ayfaclinic.com\/es\/botox\/#Que_es_botox\" title=\"Que es botox?\">Que es botox?<\/a><\/li><li class=\"ez-toc-page-1 ez-toc-heading-level-2\"><a class=\"ez-toc-link ez-toc-heading-2\" href=\"https:\/\/www.ayfaclinic.com\/es\/botox\/#Cuando_fue_la_primera_vez_que_el_botox_se_uso\" title=\"Cuando fue la primera vez que el botox se uso?\">Cuando fue la primera vez que el botox se uso?<\/a><\/li><li class=\"ez-toc-page-1 ez-toc-heading-level-2\"><a class=\"ez-toc-link ez-toc-heading-3\" href=\"https:\/\/www.ayfaclinic.com\/es\/botox\/#Es_seguro_el_botox\" title=\"Es seguro el botox?\">Es seguro el botox?<\/a><\/li><li class=\"ez-toc-page-1 ez-toc-heading-level-2\"><a class=\"ez-toc-link ez-toc-heading-4\" href=\"https:\/\/www.ayfaclinic.com\/es\/botox\/#%C2%BFQue_tipos_de_arrugas_puede_tratar_el_botox\" title=\"\u00bfQu\u00e9 tipos de arrugas puede tratar el botox?\">\u00bfQu\u00e9 tipos de arrugas puede tratar el botox?<\/a><\/li><\/ul><\/nav><\/div>\n<h2><span class=\"ez-toc-section\" id=\"Que_es_botox\"><\/span>Que es botox?<span class=\"ez-toc-section-end\"><\/span><\/h2>\n<p>La forma diluida de la toxina botul\u00ednica se inyecta v\u00eda intramuscular para paralizar o debilitar los m\u00fasculos que causan las arrugas.<\/p>\n<h2><span class=\"ez-toc-section\" id=\"Cuando_fue_la_primera_vez_que_el_botox_se_uso\"><\/span>Cuando fue la primera vez que el botox se uso?<span class=\"ez-toc-section-end\"><\/span><\/h2>\n<p>El botox recibi\u00f3 por primera vez la aprobaci\u00f3n de la FDA en 1989 para tratar el m\u00fasculo ocular transtornos.Se encontr\u00f3 que las arrugas entre las cejas se suavizaron como efecto secundario durante el tratamiento de enfermedades de los m\u00fasculos oculares.<\/p>\n<h2><span class=\"ez-toc-section\" id=\"Es_seguro_el_botox\"><\/span>Es seguro el botox?<span class=\"ez-toc-section-end\"><\/span><\/h2>\n<p>En abril de 2002, la FDA aprob\u00f3 el botox para reducir la gravedad de las arrugas durante 120 d\u00edas.El botox es el procedimiento cosm\u00e9tico no quir\u00fargico m\u00e1s popular.<\/p>\n<h2><span class=\"ez-toc-section\" id=\"%C2%BFQue_tipos_de_arrugas_puede_tratar_el_botox\"><\/span>\u00bfQu\u00e9 tipos de arrugas puede tratar el botox?<span class=\"ez-toc-section-end\"><\/span><\/h2>\n<p>Las arrugas causadas por contracciones musculares como B. Las arrugas entre las cejas ,las patas de gallo,las arrugas de la frente y las bandas para el cuello se pueden tratar de manera segura y exitosa con Botox.<\/p>\n<p>&nbsp;<\/p>\n<p>5.Que hay que tener en cuenta?<\/p>\n<p>Preg\u00fantele a su m\u00e9dico sobre los beneficios y riesgos del procedimiento.favorece un entorno m\u00e9dico donde se utilicen t\u00e9cnicas est\u00e9riles y donde se disponga del equipo necesario para posibles problemas en available.Do no beba alcohol durante las primeras horas despu\u00e9s de las primeras horas despu\u00e9s del procedimiento y mant\u00e9ngase erguido. preg\u00fantele a su m\u00e9dico sobre los beneficios y riesgos del procedimiento.favorecer un entorno m\u00e9dico donde se utilicen t\u00e9cnicas est\u00e9riles y donde se disponga del equipo necesario para posibles problemas en available.Do no beba alcohol durante las primeras horas despu\u00e9s de las primeras horas despu\u00e9s del procedimiento y mant\u00e9ngase erguido.<\/p>\n","protected":false},"excerpt":{"rendered":"<p>El botox(botulinium toxin) es una toxina obtenida de la bacteria clostridium botulinum.Funciona impidiendo la liberacion de sustancias que provocan la transmision en las terminaciones nerviosas y deteniendo la transmision entre los nervios y los organos alcanzados por el nervio y reducidos o perdidos por completo. El botox se puede usar con fines esteticos y cosmeticos [&hellip;]<\/p>\n","protected":false},"author":1,"featured_media":0,"parent":0,"menu_order":0,"comment_status":"closed","ping_status":"closed","template":"","meta":{"footnotes":""},"class_list":["post-8745","page","type-page","status-publish","hentry"],"yoast_head":"<!-- This site is optimized with the Yoast SEO plugin v19.4 - https:\/\/yoast.com\/wordpress\/plugins\/seo\/ -->\n<title>Botox - Ayfa Clinic Estambul Turqu\u00eda<\/title>\n<meta name=\"robots\" content=\"index, follow, max-snippet:-1, max-image-preview:large, max-video-preview:-1\" \/>\n<link rel=\"canonical\" href=\"https:\/\/www.ayfaclinic.com\/es\/botox\/\" \/>\n<meta property=\"og:locale\" content=\"es_ES\" \/>\n<meta property=\"og:type\" content=\"article\" \/>\n<meta property=\"og:title\" content=\"Botox - Ayfa Clinic Estambul Turqu\u00eda\" \/>\n<meta property=\"og:description\" content=\"El botox(botulinium toxin) es una toxina obtenida de la bacteria clostridium botulinum.Funciona impidiendo la liberacion de sustancias que provocan la transmision en las terminaciones nerviosas y deteniendo la transmision entre los nervios y los organos alcanzados por el nervio y reducidos o perdidos por completo. El botox se puede usar con fines esteticos y cosmeticos [&hellip;]\" \/>\n<meta property=\"og:url\" content=\"https:\/\/www.ayfaclinic.com\/es\/botox\/\" \/>\n<meta property=\"og:site_name\" content=\"Ayfa Clinic Espa\u00f1ol\" \/>\n<meta property=\"article:publisher\" content=\"https:\/\/www.facebook.com\/ayfaclinic\/\" \/>\n<meta name=\"twitter:card\" content=\"summary_large_image\" \/>\n<meta name=\"twitter:label1\" content=\"Tiempo de lectura\" \/>\n\t<meta name=\"twitter:data1\" content=\"3 minutos\" \/>\n<script type=\"application\/ld+json\" class=\"yoast-schema-graph\">{\"@context\":\"https:\/\/schema.org\",\"@graph\":[{\"@type\":\"Organization\",\"@id\":\"https:\/\/www.ayfaclinic.com\/es\/#organization\",\"name\":\"Ayfa Clinic Espa\u00f1ol\",\"url\":\"https:\/\/www.ayfaclinic.com\/es\/\",\"sameAs\":[\"https:\/\/www.instagram.com\/ayfaclinic\/\",\"https:\/\/www.facebook.com\/ayfaclinic\/\"],\"logo\":{\"@type\":\"ImageObject\",\"inLanguage\":\"es\",\"@id\":\"https:\/\/www.ayfaclinic.com\/es\/#\/schema\/logo\/image\/\",\"url\":\"https:\/\/www.ayfaclinic.com\/es\/wp-content\/uploads\/2022\/07\/ayfa-buyuk-logo.jpg\",\"contentUrl\":\"https:\/\/www.ayfaclinic.com\/es\/wp-content\/uploads\/2022\/07\/ayfa-buyuk-logo.jpg\",\"width\":640,\"height\":640,\"caption\":\"Ayfa Clinic Espa\u00f1ol\"},\"image\":{\"@id\":\"https:\/\/www.ayfaclinic.com\/es\/#\/schema\/logo\/image\/\"}},{\"@type\":\"WebSite\",\"@id\":\"https:\/\/www.ayfaclinic.com\/es\/#website\",\"url\":\"https:\/\/www.ayfaclinic.com\/es\/\",\"name\":\"Ayfa Clinic Espa\u00f1ol\",\"description\":\"Ayfa Clinic - Health Starts Here\",\"publisher\":{\"@id\":\"https:\/\/www.ayfaclinic.com\/es\/#organization\"},\"potentialAction\":[{\"@type\":\"SearchAction\",\"target\":{\"@type\":\"EntryPoint\",\"urlTemplate\":\"https:\/\/www.ayfaclinic.com\/es\/?s={search_term_string}\"},\"query-input\":\"required name=search_term_string\"}],\"inLanguage\":\"es\"},{\"@type\":\"WebPage\",\"@id\":\"https:\/\/www.ayfaclinic.com\/es\/botox\/\",\"url\":\"https:\/\/www.ayfaclinic.com\/es\/botox\/\",\"name\":\"Botox - Ayfa Clinic Estambul Turqu\u00eda\",\"isPartOf\":{\"@id\":\"https:\/\/www.ayfaclinic.com\/es\/#website\"},\"datePublished\":\"2022-08-05T17:00:31+00:00\",\"dateModified\":\"2022-08-05T17:00:31+00:00\",\"breadcrumb\":{\"@id\":\"https:\/\/www.ayfaclinic.com\/es\/botox\/#breadcrumb\"},\"inLanguage\":\"es\",\"potentialAction\":[{\"@type\":\"ReadAction\",\"target\":[\"https:\/\/www.ayfaclinic.com\/es\/botox\/\"]}]},{\"@type\":\"BreadcrumbList\",\"@id\":\"https:\/\/www.ayfaclinic.com\/es\/botox\/#breadcrumb\",\"itemListElement\":[{\"@type\":\"ListItem\",\"position\":1,\"name\":\"Anasayfa\",\"item\":\"https:\/\/www.ayfaclinic.com\/es\/\"},{\"@type\":\"ListItem\",\"position\":2,\"name\":\"Botox\"}]}]}<\/script>\n<!-- \/ Yoast SEO plugin. -->","yoast_head_json":{"title":"Botox - Ayfa Clinic Estambul Turqu\u00eda","robots":{"index":"index","follow":"follow","max-snippet":"max-snippet:-1","max-image-preview":"max-image-preview:large","max-video-preview":"max-video-preview:-1"},"canonical":"https:\/\/www.ayfaclinic.com\/es\/botox\/","og_locale":"es_ES","og_type":"article","og_title":"Botox - Ayfa Clinic Estambul Turqu\u00eda","og_description":"El botox(botulinium toxin) es una toxina obtenida de la bacteria clostridium botulinum.Funciona impidiendo la liberacion de sustancias que provocan la transmision en las terminaciones nerviosas y deteniendo la transmision entre los nervios y los organos alcanzados por el nervio y reducidos o perdidos por completo. El botox se puede usar con fines esteticos y cosmeticos [&hellip;]","og_url":"https:\/\/www.ayfaclinic.com\/es\/botox\/","og_site_name":"Ayfa Clinic Espa\u00f1ol","article_publisher":"https:\/\/www.facebook.com\/ayfaclinic\/","twitter_card":"summary_large_image","twitter_misc":{"Tiempo de lectura":"3 minutos"},"schema":{"@context":"https:\/\/schema.org","@graph":[{"@type":"Organization","@id":"https:\/\/www.ayfaclinic.com\/es\/#organization","name":"Ayfa Clinic Espa\u00f1ol","url":"https:\/\/www.ayfaclinic.com\/es\/","sameAs":["https:\/\/www.instagram.com\/ayfaclinic\/","https:\/\/www.facebook.com\/ayfaclinic\/"],"logo":{"@type":"ImageObject","inLanguage":"es","@id":"https:\/\/www.ayfaclinic.com\/es\/#\/schema\/logo\/image\/","url":"https:\/\/www.ayfaclinic.com\/es\/wp-content\/uploads\/2022\/07\/ayfa-buyuk-logo.jpg","contentUrl":"https:\/\/www.ayfaclinic.com\/es\/wp-content\/uploads\/2022\/07\/ayfa-buyuk-logo.jpg","width":640,"height":640,"caption":"Ayfa Clinic Espa\u00f1ol"},"image":{"@id":"https:\/\/www.ayfaclinic.com\/es\/#\/schema\/logo\/image\/"}},{"@type":"WebSite","@id":"https:\/\/www.ayfaclinic.com\/es\/#website","url":"https:\/\/www.ayfaclinic.com\/es\/","name":"Ayfa Clinic Espa\u00f1ol","description":"Ayfa Clinic - Health Starts Here","publisher":{"@id":"https:\/\/www.ayfaclinic.com\/es\/#organization"},"potentialAction":[{"@type":"SearchAction","target":{"@type":"EntryPoint","urlTemplate":"https:\/\/www.ayfaclinic.com\/es\/?s={search_term_string}"},"query-input":"required name=search_term_string"}],"inLanguage":"es"},{"@type":"WebPage","@id":"https:\/\/www.ayfaclinic.com\/es\/botox\/","url":"https:\/\/www.ayfaclinic.com\/es\/botox\/","name":"Botox - Ayfa Clinic Estambul Turqu\u00eda","isPartOf":{"@id":"https:\/\/www.ayfaclinic.com\/es\/#website"},"datePublished":"2022-08-05T17:00:31+00:00","dateModified":"2022-08-05T17:00:31+00:00","breadcrumb":{"@id":"https:\/\/www.ayfaclinic.com\/es\/botox\/#breadcrumb"},"inLanguage":"es","potentialAction":[{"@type":"ReadAction","target":["https:\/\/www.ayfaclinic.com\/es\/botox\/"]}]},{"@type":"BreadcrumbList","@id":"https:\/\/www.ayfaclinic.com\/es\/botox\/#breadcrumb","itemListElement":[{"@type":"ListItem","position":1,"name":"Anasayfa","item":"https:\/\/www.ayfaclinic.com\/es\/"},{"@type":"ListItem","position":2,"name":"Botox"}]}]}},"_links":{"self":[{"href":"https:\/\/www.ayfaclinic.com\/es\/wp-json\/wp\/v2\/pages\/8745","targetHints":{"allow":["GET"]}}],"collection":[{"href":"https:\/\/www.ayfaclinic.com\/es\/wp-json\/wp\/v2\/pages"}],"about":[{"href":"https:\/\/www.ayfaclinic.com\/es\/wp-json\/wp\/v2\/types\/page"}],"author":[{"embeddable":true,"href":"https:\/\/www.ayfaclinic.com\/es\/wp-json\/wp\/v2\/users\/1"}],"replies":[{"embeddable":true,"href":"https:\/\/www.ayfaclinic.com\/es\/wp-json\/wp\/v2\/comments?post=8745"}],"version-history":[{"count":1,"href":"https:\/\/www.ayfaclinic.com\/es\/wp-json\/wp\/v2\/pages\/8745\/revisions"}],"predecessor-version":[{"id":8746,"href":"https:\/\/www.ayfaclinic.com\/es\/wp-json\/wp\/v2\/pages\/8745\/revisions\/8746"}],"wp:attachment":[{"href":"https:\/\/www.ayfaclinic.com\/es\/wp-json\/wp\/v2\/media?parent=8745"}],"curies":[{"name":"wp","href":"https:\/\/api.w.org\/{rel}","templated":true}]}}