{"id":8737,"date":"2022-08-05T16:57:28","date_gmt":"2022-08-05T16:57:28","guid":{"rendered":"https:\/\/www.ayfaclinic.com\/es\/?page_id=8737"},"modified":"2022-08-05T16:57:28","modified_gmt":"2022-08-05T16:57:28","slug":"manga-gastrica","status":"publish","type":"page","link":"https:\/\/www.ayfaclinic.com\/es\/manga-gastrica\/","title":{"rendered":"Manga g\u00e1strica"},"content":{"rendered":"<p>La cirug\u00eda de manga g\u00e1strica es la operaci\u00f3n m\u00e1s b\u00e1sica de la cirug\u00eda de obesidad. Bajar de peso con esta cirug\u00eda, que es f\u00e1cil de realizar, es muy c\u00f3modo y exitoso.<\/p>\n<p>En la manga g\u00e1strica, el est\u00f3mago se convierte en un tubo delgado y largo. El 80 por ciento del est\u00f3mago se corta por laparoscopia, es decir, cirug\u00eda cerrada. Por lo tanto, se restringe la ingesta de alimentos del est\u00f3mago. Dado que la parte del fondo del est\u00f3mago que secreta grelina (hormona del apetito) se extrae con esta cirug\u00eda, el apetito disminuye en los pacientes posoperatorios.<\/p>\n<p>Con la cirug\u00eda de manga g\u00e1strica, el paciente pierde el 70% de su exceso de peso. Si la cirug\u00eda se apoya en el ejercicio y los h\u00e1bitos alimenticios adecuados, es posible perder todo el exceso de peso.<\/p>\n<p>La cirug\u00eda de manga g\u00e1strica se realiza en personas de entre 18 y 65 a\u00f1os. Para las personas menores de 18 a\u00f1os, el grado de obesidad y la presencia de enfermedades concomitantes son importantes y tambi\u00e9n se requiere el consentimiento de los padres junto con la decisi\u00f3n del m\u00e9dico. Para las personas mayores de 65 a\u00f1os, se eval\u00faa el estado de salud y la necesidad de la cirug\u00eda (problemas experimentados por el peso de la persona).<\/p>\n<p>Preferimos explicar el proceso de la cirug\u00eda de manga g\u00e1strica en nuestra cl\u00ednica ejemplificando.<\/p>\n<h2>Per\u00edodo de una semana del paciente en Estambul, cuyo d\u00eda de operaci\u00f3n es el lunes<\/h2>\n<p>El paciente que estar\u00e1 operado el lunes debe llegar a Estambul el domingo por la noche como muy tarde. El paciente est\u00e1 recogido del aeropuerto en un veh\u00edculo de traslado privado y dejado al hotel, que se encuentra a 1 minuto a pie del hospital. Mientras la pandemia contin\u00fae, nuestros pacientes se someten a prueba de PCR en el momento en que llegan al hotel. La prueba se realiza en la habitaci\u00f3n del hotel del paciente en condiciones higi\u00e9nicas y el paciente no tiene que ir a ning\u00fan lado para la prueba. El resultado de la prueba de PCR est\u00e1 disponible en aproximadamente 6 horas. El paciente debe ser alimentado \u00fanicamente con l\u00edquidos durante las 24 horas previas a la operaci\u00f3n. Se le dice al paciente que no coma ni beba despu\u00e9s de las 24:00 del domingo por la noche. El lunes, uno de nuestros compa\u00f1eros de equipo recoge al paciente del hotel por la ma\u00f1ana y lo ingresa en el hospital, y el mismo d\u00eda se realiza una exploraci\u00f3n de salud preoperatoria detallada. Se realizan ex\u00e1menes de Cardiolog\u00eda, Radiolog\u00eda, Medicina Interna y Cirug\u00eda General, se realizan endoscopia, ecograf\u00eda abdominal, ecograf\u00eda card\u00edaca y ECG, se toman muestras de sangre y orina y se procesan en el laboratorio. Si no hay obst\u00e1culo en los resultados, la cirug\u00eda se puede realizar el mismo d\u00eda.<\/p>\n<p>Si bien podr\u00edamos hacer los preparativos un d\u00eda antes de la operaci\u00f3n antes de la pandemia, ahora hacemos tanto la preparaci\u00f3n como la cirug\u00eda el mismo d\u00eda para minimizar el riesgo y el contacto debido a la pandemia.<\/p>\n<p>La operaci\u00f3n se realiza bajo anestesia general y m\u00e9todo laparosc\u00f3pico (cerrado). Se realiza con la ayuda de una c\u00e1mara y herramientas manuales quir\u00fargicas ingresando a trav\u00e9s de 4-6 orificios de 1 cm y menores en la zona abdominal con la ayuda de tr\u00f3cares. El tiempo de operaci\u00f3n es de 45 a 90 minutos.<\/p>\n<p>Justo antes del final de la cirug\u00eda, todos los pacientes est\u00e1n examinados con la ayuda de un l\u00edquido llamado azul de metileno para \u00abprueba de fuga\u00bb y despu\u00e9s de asegurarse de que no hay ning\u00fan problema, la cirug\u00eda se termina colocando un drenaje para eliminar los l\u00edquidos.<\/p>\n<p>4-6 horas despu\u00e9s de la operaci\u00f3n, se saca al paciente de la cama y se moviliza.<\/p>\n<p>Los pacientes que pasan el primer d\u00eda y la primera noche (lunes) normalmente descansando pueden sentir calambres o dolor debido al gas que se inyecta en el abdomen durante la cirug\u00eda. Se puede mantener bajo control con analg\u00e9sicos y se puede proporcionar comodidad.<\/p>\n<p>El segundo d\u00eda (martes), el paciente empieza a beber agua por la ma\u00f1ana y se recomienda caminar m\u00e1s. El proceso de nutrici\u00f3n l\u00edquida que empieza con peque\u00f1os sorbos se acompa\u00f1a de zumo de manzana natural el mismo d\u00eda.<\/p>\n<p>A partir de la ma\u00f1ana del tercer d\u00eda (mi\u00e9rcoles), empezamos a dar a nuestros pacientes l\u00edquidos como sopas, leche, yogur y t\u00e9. Durante este tiempo, nuestro paciente ya se ha recuperado del dolor. Y el mismo d\u00eda, el drenaje, donde observamos l\u00edquidos postoperatorios y la posibilidad de fuga temprana, est\u00e1 retirado por el m\u00e9dico o enfermero quir\u00fargico. El paciente puede ducharse despu\u00e9s de retirar el drenaje.<\/p>\n<p>Nuestros pacientes, que quedan en el hospital una noche m\u00e1s, suelen estar dados de alta el cuarto d\u00eda (jueves).<\/p>\n<p>Aunque el riesgo de fugas sea bajo despu\u00e9s de estas operaciones, contin\u00faa hasta el quinto d\u00eda. Por lo tanto, recomendamos que todos nuestros pacientes permanezcan en Estambul durante 2-3 d\u00edas despu\u00e9s del alta en t\u00e9rminos de seguridad del paciente.<\/p>\n<p>Nuestros pacientes que vienen del extranjero para realizar turismo de salud deben permanecer en Estambul durante 7-8 d\u00edas para la manga g\u00e1strica.<\/p>\n<p>Nuestro apoyo para consultas con dietistas y m\u00e9dicos contin\u00faa sin cargo durante 12 meses despu\u00e9s del alta. Pedimos a nuestros pacientes que se realicen los an\u00e1lisis de sangre y orina que enviamos dentro de 1-3-6-9-12 meses a partir de la fecha de la operaci\u00f3n. Cuando tengamos los resultados de las pruebas, hacemos nuestras recomendaciones sobre nutrici\u00f3n, medicamentos y otros temas llamando a nuestros pacientes por video en Whatsapp.<\/p>\n<p>Se deben usar varios medicamentos y suplementos durante los primeros 3 meses despu\u00e9s de la cirug\u00eda. Estos productos se presentan al paciente en un paquete especial cuando se da de alta a cada paciente. El m\u00e9dico y la dietista determinan qu\u00e9 medicamentos y suplementos nutricionales se utilizar\u00e1n, y el contenido del paquete puede diferir de un paciente a otro.<\/p>\n","protected":false},"excerpt":{"rendered":"<p>La cirug\u00eda de manga g\u00e1strica es la operaci\u00f3n m\u00e1s b\u00e1sica de la cirug\u00eda de obesidad. Bajar de peso con esta cirug\u00eda, que es f\u00e1cil de realizar, es muy c\u00f3modo y exitoso. En la manga g\u00e1strica, el est\u00f3mago se convierte en un tubo delgado y largo. El 80 por ciento del est\u00f3mago se corta por laparoscopia, [&hellip;]<\/p>\n","protected":false},"author":1,"featured_media":0,"parent":0,"menu_order":0,"comment_status":"closed","ping_status":"closed","template":"","meta":{"footnotes":""},"class_list":["post-8737","page","type-page","status-publish","hentry"],"yoast_head":"<!-- This site is optimized with the Yoast SEO plugin v19.4 - https:\/\/yoast.com\/wordpress\/plugins\/seo\/ -->\n<title>Manga g\u00e1strica - Ayfa Clinic Estambul Turqu\u00eda<\/title>\n<meta name=\"robots\" content=\"index, follow, max-snippet:-1, max-image-preview:large, max-video-preview:-1\" \/>\n<link rel=\"canonical\" href=\"https:\/\/www.ayfaclinic.com\/es\/manga-gastrica\/\" \/>\n<meta property=\"og:locale\" content=\"es_ES\" \/>\n<meta property=\"og:type\" content=\"article\" \/>\n<meta property=\"og:title\" content=\"Manga g\u00e1strica - Ayfa Clinic Estambul Turqu\u00eda\" \/>\n<meta property=\"og:description\" content=\"La cirug\u00eda de manga g\u00e1strica es la operaci\u00f3n m\u00e1s b\u00e1sica de la cirug\u00eda de obesidad. Bajar de peso con esta cirug\u00eda, que es f\u00e1cil de realizar, es muy c\u00f3modo y exitoso. En la manga g\u00e1strica, el est\u00f3mago se convierte en un tubo delgado y largo. El 80 por ciento del est\u00f3mago se corta por laparoscopia, [&hellip;]\" \/>\n<meta property=\"og:url\" content=\"https:\/\/www.ayfaclinic.com\/es\/manga-gastrica\/\" \/>\n<meta property=\"og:site_name\" content=\"Ayfa Clinic Espa\u00f1ol\" \/>\n<meta property=\"article:publisher\" content=\"https:\/\/www.facebook.com\/ayfaclinic\/\" \/>\n<meta name=\"twitter:card\" content=\"summary_large_image\" \/>\n<meta name=\"twitter:label1\" content=\"Tiempo de lectura\" \/>\n\t<meta name=\"twitter:data1\" content=\"6 minutos\" \/>\n<script type=\"application\/ld+json\" class=\"yoast-schema-graph\">{\"@context\":\"https:\/\/schema.org\",\"@graph\":[{\"@type\":\"Organization\",\"@id\":\"https:\/\/www.ayfaclinic.com\/es\/#organization\",\"name\":\"Ayfa Clinic Espa\u00f1ol\",\"url\":\"https:\/\/www.ayfaclinic.com\/es\/\",\"sameAs\":[\"https:\/\/www.instagram.com\/ayfaclinic\/\",\"https:\/\/www.facebook.com\/ayfaclinic\/\"],\"logo\":{\"@type\":\"ImageObject\",\"inLanguage\":\"es\",\"@id\":\"https:\/\/www.ayfaclinic.com\/es\/#\/schema\/logo\/image\/\",\"url\":\"https:\/\/www.ayfaclinic.com\/es\/wp-content\/uploads\/2022\/07\/ayfa-buyuk-logo.jpg\",\"contentUrl\":\"https:\/\/www.ayfaclinic.com\/es\/wp-content\/uploads\/2022\/07\/ayfa-buyuk-logo.jpg\",\"width\":640,\"height\":640,\"caption\":\"Ayfa Clinic Espa\u00f1ol\"},\"image\":{\"@id\":\"https:\/\/www.ayfaclinic.com\/es\/#\/schema\/logo\/image\/\"}},{\"@type\":\"WebSite\",\"@id\":\"https:\/\/www.ayfaclinic.com\/es\/#website\",\"url\":\"https:\/\/www.ayfaclinic.com\/es\/\",\"name\":\"Ayfa Clinic Espa\u00f1ol\",\"description\":\"Ayfa Clinic - Health Starts Here\",\"publisher\":{\"@id\":\"https:\/\/www.ayfaclinic.com\/es\/#organization\"},\"potentialAction\":[{\"@type\":\"SearchAction\",\"target\":{\"@type\":\"EntryPoint\",\"urlTemplate\":\"https:\/\/www.ayfaclinic.com\/es\/?s={search_term_string}\"},\"query-input\":\"required name=search_term_string\"}],\"inLanguage\":\"es\"},{\"@type\":\"WebPage\",\"@id\":\"https:\/\/www.ayfaclinic.com\/es\/manga-gastrica\/\",\"url\":\"https:\/\/www.ayfaclinic.com\/es\/manga-gastrica\/\",\"name\":\"Manga g\u00e1strica - Ayfa Clinic Estambul Turqu\u00eda\",\"isPartOf\":{\"@id\":\"https:\/\/www.ayfaclinic.com\/es\/#website\"},\"datePublished\":\"2022-08-05T16:57:28+00:00\",\"dateModified\":\"2022-08-05T16:57:28+00:00\",\"breadcrumb\":{\"@id\":\"https:\/\/www.ayfaclinic.com\/es\/manga-gastrica\/#breadcrumb\"},\"inLanguage\":\"es\",\"potentialAction\":[{\"@type\":\"ReadAction\",\"target\":[\"https:\/\/www.ayfaclinic.com\/es\/manga-gastrica\/\"]}]},{\"@type\":\"BreadcrumbList\",\"@id\":\"https:\/\/www.ayfaclinic.com\/es\/manga-gastrica\/#breadcrumb\",\"itemListElement\":[{\"@type\":\"ListItem\",\"position\":1,\"name\":\"Anasayfa\",\"item\":\"https:\/\/www.ayfaclinic.com\/es\/\"},{\"@type\":\"ListItem\",\"position\":2,\"name\":\"Manga g\u00e1strica\"}]}]}<\/script>\n<!-- \/ Yoast SEO plugin. -->","yoast_head_json":{"title":"Manga g\u00e1strica - Ayfa Clinic Estambul Turqu\u00eda","robots":{"index":"index","follow":"follow","max-snippet":"max-snippet:-1","max-image-preview":"max-image-preview:large","max-video-preview":"max-video-preview:-1"},"canonical":"https:\/\/www.ayfaclinic.com\/es\/manga-gastrica\/","og_locale":"es_ES","og_type":"article","og_title":"Manga g\u00e1strica - Ayfa Clinic Estambul Turqu\u00eda","og_description":"La cirug\u00eda de manga g\u00e1strica es la operaci\u00f3n m\u00e1s b\u00e1sica de la cirug\u00eda de obesidad. Bajar de peso con esta cirug\u00eda, que es f\u00e1cil de realizar, es muy c\u00f3modo y exitoso. En la manga g\u00e1strica, el est\u00f3mago se convierte en un tubo delgado y largo. El 80 por ciento del est\u00f3mago se corta por laparoscopia, [&hellip;]","og_url":"https:\/\/www.ayfaclinic.com\/es\/manga-gastrica\/","og_site_name":"Ayfa Clinic Espa\u00f1ol","article_publisher":"https:\/\/www.facebook.com\/ayfaclinic\/","twitter_card":"summary_large_image","twitter_misc":{"Tiempo de lectura":"6 minutos"},"schema":{"@context":"https:\/\/schema.org","@graph":[{"@type":"Organization","@id":"https:\/\/www.ayfaclinic.com\/es\/#organization","name":"Ayfa Clinic Espa\u00f1ol","url":"https:\/\/www.ayfaclinic.com\/es\/","sameAs":["https:\/\/www.instagram.com\/ayfaclinic\/","https:\/\/www.facebook.com\/ayfaclinic\/"],"logo":{"@type":"ImageObject","inLanguage":"es","@id":"https:\/\/www.ayfaclinic.com\/es\/#\/schema\/logo\/image\/","url":"https:\/\/www.ayfaclinic.com\/es\/wp-content\/uploads\/2022\/07\/ayfa-buyuk-logo.jpg","contentUrl":"https:\/\/www.ayfaclinic.com\/es\/wp-content\/uploads\/2022\/07\/ayfa-buyuk-logo.jpg","width":640,"height":640,"caption":"Ayfa Clinic Espa\u00f1ol"},"image":{"@id":"https:\/\/www.ayfaclinic.com\/es\/#\/schema\/logo\/image\/"}},{"@type":"WebSite","@id":"https:\/\/www.ayfaclinic.com\/es\/#website","url":"https:\/\/www.ayfaclinic.com\/es\/","name":"Ayfa Clinic Espa\u00f1ol","description":"Ayfa Clinic - Health Starts Here","publisher":{"@id":"https:\/\/www.ayfaclinic.com\/es\/#organization"},"potentialAction":[{"@type":"SearchAction","target":{"@type":"EntryPoint","urlTemplate":"https:\/\/www.ayfaclinic.com\/es\/?s={search_term_string}"},"query-input":"required name=search_term_string"}],"inLanguage":"es"},{"@type":"WebPage","@id":"https:\/\/www.ayfaclinic.com\/es\/manga-gastrica\/","url":"https:\/\/www.ayfaclinic.com\/es\/manga-gastrica\/","name":"Manga g\u00e1strica - Ayfa Clinic Estambul Turqu\u00eda","isPartOf":{"@id":"https:\/\/www.ayfaclinic.com\/es\/#website"},"datePublished":"2022-08-05T16:57:28+00:00","dateModified":"2022-08-05T16:57:28+00:00","breadcrumb":{"@id":"https:\/\/www.ayfaclinic.com\/es\/manga-gastrica\/#breadcrumb"},"inLanguage":"es","potentialAction":[{"@type":"ReadAction","target":["https:\/\/www.ayfaclinic.com\/es\/manga-gastrica\/"]}]},{"@type":"BreadcrumbList","@id":"https:\/\/www.ayfaclinic.com\/es\/manga-gastrica\/#breadcrumb","itemListElement":[{"@type":"ListItem","position":1,"name":"Anasayfa","item":"https:\/\/www.ayfaclinic.com\/es\/"},{"@type":"ListItem","position":2,"name":"Manga g\u00e1strica"}]}]}},"_links":{"self":[{"href":"https:\/\/www.ayfaclinic.com\/es\/wp-json\/wp\/v2\/pages\/8737","targetHints":{"allow":["GET"]}}],"collection":[{"href":"https:\/\/www.ayfaclinic.com\/es\/wp-json\/wp\/v2\/pages"}],"about":[{"href":"https:\/\/www.ayfaclinic.com\/es\/wp-json\/wp\/v2\/types\/page"}],"author":[{"embeddable":true,"href":"https:\/\/www.ayfaclinic.com\/es\/wp-json\/wp\/v2\/users\/1"}],"replies":[{"embeddable":true,"href":"https:\/\/www.ayfaclinic.com\/es\/wp-json\/wp\/v2\/comments?post=8737"}],"version-history":[{"count":1,"href":"https:\/\/www.ayfaclinic.com\/es\/wp-json\/wp\/v2\/pages\/8737\/revisions"}],"predecessor-version":[{"id":8738,"href":"https:\/\/www.ayfaclinic.com\/es\/wp-json\/wp\/v2\/pages\/8737\/revisions\/8738"}],"wp:attachment":[{"href":"https:\/\/www.ayfaclinic.com\/es\/wp-json\/wp\/v2\/media?parent=8737"}],"curies":[{"name":"wp","href":"https:\/\/api.w.org\/{rel}","templated":true}]}}