{"id":8731,"date":"2022-08-05T16:55:19","date_gmt":"2022-08-05T16:55:19","guid":{"rendered":"https:\/\/www.ayfaclinic.com\/es\/?page_id=8731"},"modified":"2022-08-05T16:55:25","modified_gmt":"2022-08-05T16:55:25","slug":"cirugia-de-hernia-gastrica-y-reflujo","status":"publish","type":"page","link":"https:\/\/www.ayfaclinic.com\/es\/cirugia-de-hernia-gastrica-y-reflujo\/","title":{"rendered":"Cirug\u00eda de hernia g\u00e1strica y reflujo"},"content":{"rendered":"<div id=\"ez-toc-container\" class=\"ez-toc-v2_0_29 counter-hierarchy counter-decimal ez-toc-grey\">\n<div class=\"ez-toc-title-container\">\n<p class=\"ez-toc-title\">Contenido<\/p>\n<span class=\"ez-toc-title-toggle\"><a href=\"#\" class=\"ez-toc-pull-right ez-toc-btn ez-toc-btn-xs ez-toc-btn-default ez-toc-toggle\" style=\"display: none;\"><label for=\"item\" aria-label=\"Tabla de contenidos\"><i class=\"ez-toc-glyphicon ez-toc-icon-toggle\"><\/i><\/label><input type=\"checkbox\" id=\"item\"><\/a><\/span><\/div>\n<nav><ul class=\"ez-toc-list ez-toc-list-level-1\"><li class=\"ez-toc-page-1 ez-toc-heading-level-2\"><a class=\"ez-toc-link ez-toc-heading-1\" href=\"https:\/\/www.ayfaclinic.com\/es\/cirugia-de-hernia-gastrica-y-reflujo\/#%C2%BFInformacion_general\" title=\"\u00bfInformaci\u00f3n general?\">\u00bfInformaci\u00f3n general?<\/a><\/li><li class=\"ez-toc-page-1 ez-toc-heading-level-2\"><a class=\"ez-toc-link ez-toc-heading-2\" href=\"https:\/\/www.ayfaclinic.com\/es\/cirugia-de-hernia-gastrica-y-reflujo\/#%C2%BFA_quien_se_aplica\" title=\"\u00bfA qui\u00e9n se aplica?\">\u00bfA qui\u00e9n se aplica?<\/a><\/li><li class=\"ez-toc-page-1 ez-toc-heading-level-2\"><a class=\"ez-toc-link ez-toc-heading-3\" href=\"https:\/\/www.ayfaclinic.com\/es\/cirugia-de-hernia-gastrica-y-reflujo\/#%C2%BFQue_tipo_de_preparativos_se_requieren_antes_de_la_cirugia\" title=\"\u00bfQu\u00e9 tipo de preparativos se requieren antes de la cirug\u00eda?\">\u00bfQu\u00e9 tipo de preparativos se requieren antes de la cirug\u00eda?<\/a><\/li><li class=\"ez-toc-page-1 ez-toc-heading-level-2\"><a class=\"ez-toc-link ez-toc-heading-4\" href=\"https:\/\/www.ayfaclinic.com\/es\/cirugia-de-hernia-gastrica-y-reflujo\/#Como_se_hace\" title=\"Como se hace\">Como se hace<\/a><\/li><li class=\"ez-toc-page-1 ez-toc-heading-level-2\"><a class=\"ez-toc-link ez-toc-heading-5\" href=\"https:\/\/www.ayfaclinic.com\/es\/cirugia-de-hernia-gastrica-y-reflujo\/#%C2%BFPreparativos_como_antes_de_la_hospitalizacion\" title=\"\u00bfPreparativos como antes de la hospitalizaci\u00f3n?\">\u00bfPreparativos como antes de la hospitalizaci\u00f3n?<\/a><\/li><li class=\"ez-toc-page-1 ez-toc-heading-level-2\"><a class=\"ez-toc-link ez-toc-heading-6\" href=\"https:\/\/www.ayfaclinic.com\/es\/cirugia-de-hernia-gastrica-y-reflujo\/#%C2%BFCuanto_tiempo_permanecere_en_el_hospital\" title=\"\u00bfCu\u00e1nto tiempo permanecer\u00e9 en el hospital?\">\u00bfCu\u00e1nto tiempo permanecer\u00e9 en el hospital?<\/a><\/li><li class=\"ez-toc-page-1 ez-toc-heading-level-2\"><a class=\"ez-toc-link ez-toc-heading-7\" href=\"https:\/\/www.ayfaclinic.com\/es\/cirugia-de-hernia-gastrica-y-reflujo\/#%C2%BFQue_pasara_durante_su_estadia_en_el_hospital\" title=\"\u00bfQu\u00e9 pasar\u00e1 durante su estad\u00eda en el hospital?\">\u00bfQu\u00e9 pasar\u00e1 durante su estad\u00eda en el hospital?<\/a><\/li><li class=\"ez-toc-page-1 ez-toc-heading-level-2\"><a class=\"ez-toc-link ez-toc-heading-8\" href=\"https:\/\/www.ayfaclinic.com\/es\/cirugia-de-hernia-gastrica-y-reflujo\/#%C2%BFCuando_puedo_comenzar_mi_vida_normal\" title=\"\u00bfCu\u00e1ndo puedo comenzar mi vida normal?\">\u00bfCu\u00e1ndo puedo comenzar mi vida normal?<\/a><\/li><\/ul><\/nav><\/div>\n<h2><span class=\"ez-toc-section\" id=\"%C2%BFInformacion_general\"><\/span>\u00bfInformaci\u00f3n general?<span class=\"ez-toc-section-end\"><\/span><\/h2>\n<p>La parte m\u00e1s ancha del est\u00f3mago, ubicada debajo del \u00e1rea donde se encuentran el es\u00f3fago y el est\u00f3mago, es el desplazamiento de la parte del fondo de la parte normal del abdomen a trav\u00e9s de la abertura en la membrana del diafragma, donde el es\u00f3fago pasa del t\u00f3rax al cavidad abdominal.<\/p>\n<p>Hallazgos cl\u00e1sicos de una hernia;<\/p>\n<ul>\n<li>Agua agria en tu boca<\/li>\n<li>Ardiendo bajo el tablero de la fe en el pecho<\/li>\n<li>Tos seca ocasional (como resultado del \u00e1cido del est\u00f3mago que irrita la garganta)<\/li>\n<\/ul>\n<p>Estas quejas son menores e inciertas en algunos pacientes, dependiendo del tama\u00f1o de la hernia, y en algunos pacientes, son graves y excesivas de una manera que altera el nivel de vida de los h\u00e1bitos de alimentaci\u00f3n y bebida.\u00a0El motivo de las quejas es un trastorno en la funci\u00f3n del mecanismo de la v\u00e1lvula entre el es\u00f3fago y el est\u00f3mago como resultado de la hernia del est\u00f3mago hacia la cavidad tor\u00e1cica.\u00a0Debido a la disfunci\u00f3n de esta v\u00e1lvula, los l\u00edquidos que contienen \u00e1cido en el est\u00f3mago escapan del est\u00f3mago al es\u00f3fago y causan irritaci\u00f3n y quemaduras (esofagitis), especialmente en la parte inferior del es\u00f3fago.\u00a0Esta irritaci\u00f3n en el es\u00f3fago causa las molestias mencionadas anteriormente en los pacientes.\u00a0Estas quemaduras e irritaciones son largas e intensas,<\/p>\n<p>El diagn\u00f3stico de la enfermedad se realiza mediante una endoscopia del sistema digestivo superior que se realizar\u00e1 de acuerdo con sus quejas existentes.<\/p>\n<p>Hay opciones de tratamiento quir\u00fargico y farmacol\u00f3gico disponibles para el tratamiento de las quejas de hernia g\u00e1strica y reflujo.\u00a0Aunque la terapia con medicamentos es parcialmente efectiva en casos leves y leves, corrigen los s\u00edntomas de la enfermedad, no la enfermedad.\u00a0<em>El tratamiento con medicamentos no corrige la hernia en su est\u00f3mago.\u00a0<\/em>Es el m\u00e9todo de tratamiento definitivo para los pacientes que no responden a la medicaci\u00f3n, tienen s\u00edntomas intensos e irritaci\u00f3n y quemaduras graves en el es\u00f3fago durante la endoscopia.\u00a0Con cirug\u00eda, la hernia y las molestias relacionadas con el reflujo se tratan de forma permanente.\u00a0Si el da\u00f1o al es\u00f3fago (condici\u00f3n de es\u00f3fago de Barret y esofagitis) despu\u00e9s de la cirug\u00eda se corrige o se previene dependiendo de la duraci\u00f3n del reflujo, la gravedad de la quemadura y la irritaci\u00f3n.<\/p>\n<h2><span class=\"ez-toc-section\" id=\"%C2%BFA_quien_se_aplica\"><\/span>\u00bfA qui\u00e9n se aplica?<span class=\"ez-toc-section-end\"><\/span><\/h2>\n<p>Se requiere cirug\u00eda en pacientes con molestias sintom\u00e1ticas e incontrolables, hernia g\u00e1strica grande en la endoscopia, \u00abes\u00f3fago de Barret\u00bb en el extremo inferior del es\u00f3fago y esofagitis grave (irritaci\u00f3n e inflamaci\u00f3n esof\u00e1gicas).<\/p>\n<h2><span class=\"ez-toc-section\" id=\"%C2%BFQue_tipo_de_preparativos_se_requieren_antes_de_la_cirugia\"><\/span>\u00bfQu\u00e9 tipo de preparativos se requieren antes de la cirug\u00eda?<span class=\"ez-toc-section-end\"><\/span><\/h2>\n<p>Procedimientos como an\u00e1lisis de sangre (pruebas de funci\u00f3n hep\u00e1tica, renal, pruebas de funci\u00f3n metab\u00f3lica, estado de sangrado-coagulaci\u00f3n, etc.), radiograf\u00eda pulmonar, evaluaci\u00f3n por anestesi\u00f3logo, se realizan antes de la operaci\u00f3n.<\/p>\n<h2><span class=\"ez-toc-section\" id=\"Como_se_hace\"><\/span>Como se hace<span class=\"ez-toc-section-end\"><\/span><\/h2>\n<p>Las cirug\u00edas de reflujo y hernia g\u00e1strica ahora se realizan con cirug\u00eda laparosc\u00f3pica como est\u00e1ndar.\u00a0En la cirug\u00eda, el est\u00f3mago herniado se extrae de la caja tor\u00e1cica hacia el abdomen, que es su lugar est\u00e1ndar, y la abertura del es\u00f3fago agrandada en el m\u00fasculo del diafragma se lleva a su tama\u00f1o est\u00e1ndar y se estrecha.\u00a0Posteriormente, la pared frontal de la gran \u00e1rea del est\u00f3mago llamada fondo de ojo se gira desde la parte frontal del es\u00f3fago y la pared posterior se cose gir\u00e1ndola detr\u00e1s del es\u00f3fago.\u00a0De esta manera, se crea un ap\u00f3sito alrededor del es\u00f3fago para evitar que los fluidos g\u00e1stricos se escapen al es\u00f3fago al aumentar la presi\u00f3n en esta \u00e1rea.\u00a0El nombre de esta cirug\u00eda se llama \u00abfunduplicatura de Nissen\u00bb.<\/p>\n<h2><span class=\"ez-toc-section\" id=\"%C2%BFPreparativos_como_antes_de_la_hospitalizacion\"><\/span>\u00bfPreparativos como antes de la hospitalizaci\u00f3n?<span class=\"ez-toc-section-end\"><\/span><\/h2>\n<p>Dado que su cirug\u00eda es un procedimiento quir\u00fargico que se realizar\u00e1 en el sistema digestivo;<\/p>\n<ul>\n<li>Est\u00e1 bien usar otros medicamentos adem\u00e1s de los anticoagulantes que debe usar de forma rutinaria hasta la noche de la cirug\u00eda.\u00a0Los medicamentos para la presi\u00f3n arterial, los medicamentos para el coraz\u00f3n se pueden beber con un poco de agua la ma\u00f1ana de la cirug\u00eda, seg\u00fan el conocimiento de su m\u00e9dico, al menos 2 horas antes de la operaci\u00f3n.<\/li>\n<li>Si est\u00e1 usando anticoagulantes, definitivamente debe advertir a su m\u00e9dico sobre esto y darle tiempo a su m\u00e9dico para suspender estos medicamentos y comenzar con medicamentos alternativos.<\/li>\n<li>Si fuma, es necesario dejar de fumar al menos 1 semana antes de la cirug\u00eda o reducirlo al m\u00ednimo posible.\u00a0Esta es una situaci\u00f3n que afectar\u00e1 directamente el rendimiento pulmonar posoperatorio.<\/li>\n<li>Una noche antes de la cirug\u00eda, por lo general, debe suspender la ingesta de alimentos s\u00f3lidos o l\u00edquidos alrededor de las 22-23 en punto y estar listo con al menos 6 horas de ayuno la ma\u00f1ana de la cirug\u00eda.<\/li>\n<li>B\u00e1\u00f1ese en casa antes de ir al hospital antes de la cirug\u00eda.\u00a0No olvides que no te ba\u00f1ar\u00e1s durante al menos 2 o 3 d\u00edas.<\/li>\n<li>No use ropa interior que contenga nailon cuando venga al hospital.\u00a0La ropa interior de nailon puede interactuar con algunos dispositivos el\u00e9ctricos utilizados durante la cirug\u00eda y causar quemaduras en la piel.<\/li>\n<li>Cuando vengas al hospital, es \u00fatil traer pantuflas, equipo de limpieza personal (cepillo de dientes, pasta de dientes, kit de afeitado, etc.) y suficiente ropa interior.<\/li>\n<\/ul>\n<h2><span class=\"ez-toc-section\" id=\"%C2%BFCuanto_tiempo_permanecere_en_el_hospital\"><\/span>\u00bfCu\u00e1nto tiempo permanecer\u00e9 en el hospital?<span class=\"ez-toc-section-end\"><\/span><\/h2>\n<p>Aunque su estad\u00eda en el hospital se ve afectada por muchos factores, como si est\u00e1 en el hospital la noche anterior o la ma\u00f1ana de la cirug\u00eda, cu\u00e1nto tiempo toma su cirujano el principio de mantener al paciente en el hospital despu\u00e9s de la cirug\u00eda, si se desarrolla su problema quir\u00fargico despu\u00e9s de la cirug\u00eda, suele durar hasta 1-2 noches.<\/p>\n<h2><span class=\"ez-toc-section\" id=\"%C2%BFQue_pasara_durante_su_estadia_en_el_hospital\"><\/span>\u00bfQu\u00e9 pasar\u00e1 durante su estad\u00eda en el hospital?<span class=\"ez-toc-section-end\"><\/span><\/h2>\n<p>Si est\u00e1 hospitalizado la noche anterior a la cirug\u00eda, debe usar anticoagulantes protectores en su hogar si se va a dormir en la ma\u00f1ana de la cirug\u00eda.\u00a0Este tratamiento ser\u00e1 planificado y aplicado por su m\u00e9dico.\u00a0Antes de ir al quir\u00f3fano en la ma\u00f1ana de la cirug\u00eda, debe ir al ba\u00f1o y satisfacer sus necesidades.\u00a0El per\u00edodo entre que lo sacan de la cama para la cirug\u00eda y el regreso a la cama suele ser de 2 a 3 horas.\u00a0Todo este tiempo no es el tiempo necesario para la cirug\u00eda, el per\u00edodo de preparaci\u00f3n en el quir\u00f3fano, su cirug\u00eda y su proceso de despertar postoperatorio est\u00e1n incluidos en este proceso.\u00a0Lo llevar\u00e1n a su cama en el piso despu\u00e9s de la cirug\u00eda en gran medida, generalmente no hay necesidad de cuidados intensivos postoperatorios.\u00a0En los d\u00edas posteriores a la cirug\u00eda, el proceso se desarrolla de la siguiente manera;<\/p>\n<ul>\n<li>El d\u00eda de la cirug\u00eda: Aproximadamente 4-5 horas despu\u00e9s de regresar a la cama, lo levanta para dar el primer paseo y da un peque\u00f1o paseo por la habitaci\u00f3n.\u00a0El d\u00eda de la cirug\u00eda, todos sus tratamientos se realizan por v\u00eda intravenosa y no se permite la ingesta de alimentos.<\/li>\n<li>1er d\u00eda despu\u00e9s de la cirug\u00eda: hoy es el d\u00eda en que se inicia la nutrici\u00f3n oral.\u00a0Se le servir\u00e1 un t\u00e9, queso crema y desayuno estilo galleta por la ma\u00f1ana y comenzar\u00e1 el d\u00eda.\u00a0Se le permite consumir tanto l\u00edquido como desee durante el d\u00eda y se le proporciona sopa granulada en las comidas.\u00a0En estas cirug\u00edas, generalmente no se coloca un drenaje en el \u00e1rea de operaci\u00f3n.\u00a0Los pacientes generalmente pueden ser dados de alta hacia la noche del d\u00eda siguiente al d\u00eda de la operaci\u00f3n.\u00a0Este per\u00edodo a veces puede extenderse hasta el segundo d\u00eda despu\u00e9s de la operaci\u00f3n.<\/li>\n<\/ul>\n<h2><span class=\"ez-toc-section\" id=\"%C2%BFCuando_puedo_comenzar_mi_vida_normal\"><\/span>\u00bfCu\u00e1ndo puedo comenzar mi vida normal?<span class=\"ez-toc-section-end\"><\/span><\/h2>\n<p>Su tiempo para volver a la vida normal est\u00e1 muy relacionado con su trabajo.\u00a0Si est\u00e1 haciendo un trabajo de escritorio, podr\u00e1 hacer su trabajo el segundo o tercer d\u00eda despu\u00e9s de que le den el alta del hospital.\u00a0Pero el per\u00edodo de descanso est\u00e1ndar es de 7 a 10 d\u00edas para este grupo de trabajo.\u00a0Si est\u00e1 trabajando en un trabajo en el que necesita trabajar f\u00edsicamente, puede descansar por un per\u00edodo de 15 a 20 d\u00edas y luego estar en su trabajo.<\/p>\n","protected":false},"excerpt":{"rendered":"<p>\u00bfInformaci\u00f3n general? La parte m\u00e1s ancha del est\u00f3mago, ubicada debajo del \u00e1rea donde se encuentran el es\u00f3fago y el est\u00f3mago, es el desplazamiento de la parte del fondo de la parte normal del abdomen a trav\u00e9s de la abertura en la membrana del diafragma, donde el es\u00f3fago pasa del t\u00f3rax al cavidad abdominal. Hallazgos cl\u00e1sicos [&hellip;]<\/p>\n","protected":false},"author":1,"featured_media":0,"parent":0,"menu_order":0,"comment_status":"closed","ping_status":"closed","template":"","meta":{"footnotes":""},"class_list":["post-8731","page","type-page","status-publish","hentry"],"yoast_head":"<!-- This site is optimized with the Yoast SEO plugin v19.4 - https:\/\/yoast.com\/wordpress\/plugins\/seo\/ -->\n<title>Cirug\u00eda de hernia g\u00e1strica y reflujo - Ayfa Clinic Estambul Turqu\u00eda<\/title>\n<meta name=\"robots\" content=\"index, follow, max-snippet:-1, max-image-preview:large, max-video-preview:-1\" \/>\n<link rel=\"canonical\" href=\"https:\/\/www.ayfaclinic.com\/es\/cirugia-de-hernia-gastrica-y-reflujo\/\" \/>\n<meta property=\"og:locale\" content=\"es_ES\" \/>\n<meta property=\"og:type\" content=\"article\" \/>\n<meta property=\"og:title\" content=\"Cirug\u00eda de hernia g\u00e1strica y reflujo - Ayfa Clinic Estambul Turqu\u00eda\" \/>\n<meta property=\"og:description\" content=\"\u00bfInformaci\u00f3n general? La parte m\u00e1s ancha del est\u00f3mago, ubicada debajo del \u00e1rea donde se encuentran el es\u00f3fago y el est\u00f3mago, es el desplazamiento de la parte del fondo de la parte normal del abdomen a trav\u00e9s de la abertura en la membrana del diafragma, donde el es\u00f3fago pasa del t\u00f3rax al cavidad abdominal. Hallazgos cl\u00e1sicos [&hellip;]\" \/>\n<meta property=\"og:url\" content=\"https:\/\/www.ayfaclinic.com\/es\/cirugia-de-hernia-gastrica-y-reflujo\/\" \/>\n<meta property=\"og:site_name\" content=\"Ayfa Clinic Espa\u00f1ol\" \/>\n<meta property=\"article:publisher\" content=\"https:\/\/www.facebook.com\/ayfaclinic\/\" \/>\n<meta property=\"article:modified_time\" content=\"2022-08-05T16:55:25+00:00\" \/>\n<meta name=\"twitter:card\" content=\"summary_large_image\" \/>\n<meta name=\"twitter:label1\" content=\"Tiempo de lectura\" \/>\n\t<meta name=\"twitter:data1\" content=\"8 minutos\" \/>\n<script type=\"application\/ld+json\" class=\"yoast-schema-graph\">{\"@context\":\"https:\/\/schema.org\",\"@graph\":[{\"@type\":\"Organization\",\"@id\":\"https:\/\/www.ayfaclinic.com\/es\/#organization\",\"name\":\"Ayfa Clinic Espa\u00f1ol\",\"url\":\"https:\/\/www.ayfaclinic.com\/es\/\",\"sameAs\":[\"https:\/\/www.instagram.com\/ayfaclinic\/\",\"https:\/\/www.facebook.com\/ayfaclinic\/\"],\"logo\":{\"@type\":\"ImageObject\",\"inLanguage\":\"es\",\"@id\":\"https:\/\/www.ayfaclinic.com\/es\/#\/schema\/logo\/image\/\",\"url\":\"https:\/\/www.ayfaclinic.com\/es\/wp-content\/uploads\/2022\/07\/ayfa-buyuk-logo.jpg\",\"contentUrl\":\"https:\/\/www.ayfaclinic.com\/es\/wp-content\/uploads\/2022\/07\/ayfa-buyuk-logo.jpg\",\"width\":640,\"height\":640,\"caption\":\"Ayfa Clinic Espa\u00f1ol\"},\"image\":{\"@id\":\"https:\/\/www.ayfaclinic.com\/es\/#\/schema\/logo\/image\/\"}},{\"@type\":\"WebSite\",\"@id\":\"https:\/\/www.ayfaclinic.com\/es\/#website\",\"url\":\"https:\/\/www.ayfaclinic.com\/es\/\",\"name\":\"Ayfa Clinic Espa\u00f1ol\",\"description\":\"Ayfa Clinic - Health Starts Here\",\"publisher\":{\"@id\":\"https:\/\/www.ayfaclinic.com\/es\/#organization\"},\"potentialAction\":[{\"@type\":\"SearchAction\",\"target\":{\"@type\":\"EntryPoint\",\"urlTemplate\":\"https:\/\/www.ayfaclinic.com\/es\/?s={search_term_string}\"},\"query-input\":\"required name=search_term_string\"}],\"inLanguage\":\"es\"},{\"@type\":\"WebPage\",\"@id\":\"https:\/\/www.ayfaclinic.com\/es\/cirugia-de-hernia-gastrica-y-reflujo\/\",\"url\":\"https:\/\/www.ayfaclinic.com\/es\/cirugia-de-hernia-gastrica-y-reflujo\/\",\"name\":\"Cirug\u00eda de hernia g\u00e1strica y reflujo - Ayfa Clinic Estambul Turqu\u00eda\",\"isPartOf\":{\"@id\":\"https:\/\/www.ayfaclinic.com\/es\/#website\"},\"datePublished\":\"2022-08-05T16:55:19+00:00\",\"dateModified\":\"2022-08-05T16:55:25+00:00\",\"breadcrumb\":{\"@id\":\"https:\/\/www.ayfaclinic.com\/es\/cirugia-de-hernia-gastrica-y-reflujo\/#breadcrumb\"},\"inLanguage\":\"es\",\"potentialAction\":[{\"@type\":\"ReadAction\",\"target\":[\"https:\/\/www.ayfaclinic.com\/es\/cirugia-de-hernia-gastrica-y-reflujo\/\"]}]},{\"@type\":\"BreadcrumbList\",\"@id\":\"https:\/\/www.ayfaclinic.com\/es\/cirugia-de-hernia-gastrica-y-reflujo\/#breadcrumb\",\"itemListElement\":[{\"@type\":\"ListItem\",\"position\":1,\"name\":\"Anasayfa\",\"item\":\"https:\/\/www.ayfaclinic.com\/es\/\"},{\"@type\":\"ListItem\",\"position\":2,\"name\":\"Cirug\u00eda de hernia g\u00e1strica y reflujo\"}]}]}<\/script>\n<!-- \/ Yoast SEO plugin. -->","yoast_head_json":{"title":"Cirug\u00eda de hernia g\u00e1strica y reflujo - Ayfa Clinic Estambul Turqu\u00eda","robots":{"index":"index","follow":"follow","max-snippet":"max-snippet:-1","max-image-preview":"max-image-preview:large","max-video-preview":"max-video-preview:-1"},"canonical":"https:\/\/www.ayfaclinic.com\/es\/cirugia-de-hernia-gastrica-y-reflujo\/","og_locale":"es_ES","og_type":"article","og_title":"Cirug\u00eda de hernia g\u00e1strica y reflujo - Ayfa Clinic Estambul Turqu\u00eda","og_description":"\u00bfInformaci\u00f3n general? La parte m\u00e1s ancha del est\u00f3mago, ubicada debajo del \u00e1rea donde se encuentran el es\u00f3fago y el est\u00f3mago, es el desplazamiento de la parte del fondo de la parte normal del abdomen a trav\u00e9s de la abertura en la membrana del diafragma, donde el es\u00f3fago pasa del t\u00f3rax al cavidad abdominal. Hallazgos cl\u00e1sicos [&hellip;]","og_url":"https:\/\/www.ayfaclinic.com\/es\/cirugia-de-hernia-gastrica-y-reflujo\/","og_site_name":"Ayfa Clinic Espa\u00f1ol","article_publisher":"https:\/\/www.facebook.com\/ayfaclinic\/","article_modified_time":"2022-08-05T16:55:25+00:00","twitter_card":"summary_large_image","twitter_misc":{"Tiempo de lectura":"8 minutos"},"schema":{"@context":"https:\/\/schema.org","@graph":[{"@type":"Organization","@id":"https:\/\/www.ayfaclinic.com\/es\/#organization","name":"Ayfa Clinic Espa\u00f1ol","url":"https:\/\/www.ayfaclinic.com\/es\/","sameAs":["https:\/\/www.instagram.com\/ayfaclinic\/","https:\/\/www.facebook.com\/ayfaclinic\/"],"logo":{"@type":"ImageObject","inLanguage":"es","@id":"https:\/\/www.ayfaclinic.com\/es\/#\/schema\/logo\/image\/","url":"https:\/\/www.ayfaclinic.com\/es\/wp-content\/uploads\/2022\/07\/ayfa-buyuk-logo.jpg","contentUrl":"https:\/\/www.ayfaclinic.com\/es\/wp-content\/uploads\/2022\/07\/ayfa-buyuk-logo.jpg","width":640,"height":640,"caption":"Ayfa Clinic Espa\u00f1ol"},"image":{"@id":"https:\/\/www.ayfaclinic.com\/es\/#\/schema\/logo\/image\/"}},{"@type":"WebSite","@id":"https:\/\/www.ayfaclinic.com\/es\/#website","url":"https:\/\/www.ayfaclinic.com\/es\/","name":"Ayfa Clinic Espa\u00f1ol","description":"Ayfa Clinic - Health Starts Here","publisher":{"@id":"https:\/\/www.ayfaclinic.com\/es\/#organization"},"potentialAction":[{"@type":"SearchAction","target":{"@type":"EntryPoint","urlTemplate":"https:\/\/www.ayfaclinic.com\/es\/?s={search_term_string}"},"query-input":"required name=search_term_string"}],"inLanguage":"es"},{"@type":"WebPage","@id":"https:\/\/www.ayfaclinic.com\/es\/cirugia-de-hernia-gastrica-y-reflujo\/","url":"https:\/\/www.ayfaclinic.com\/es\/cirugia-de-hernia-gastrica-y-reflujo\/","name":"Cirug\u00eda de hernia g\u00e1strica y reflujo - Ayfa Clinic Estambul Turqu\u00eda","isPartOf":{"@id":"https:\/\/www.ayfaclinic.com\/es\/#website"},"datePublished":"2022-08-05T16:55:19+00:00","dateModified":"2022-08-05T16:55:25+00:00","breadcrumb":{"@id":"https:\/\/www.ayfaclinic.com\/es\/cirugia-de-hernia-gastrica-y-reflujo\/#breadcrumb"},"inLanguage":"es","potentialAction":[{"@type":"ReadAction","target":["https:\/\/www.ayfaclinic.com\/es\/cirugia-de-hernia-gastrica-y-reflujo\/"]}]},{"@type":"BreadcrumbList","@id":"https:\/\/www.ayfaclinic.com\/es\/cirugia-de-hernia-gastrica-y-reflujo\/#breadcrumb","itemListElement":[{"@type":"ListItem","position":1,"name":"Anasayfa","item":"https:\/\/www.ayfaclinic.com\/es\/"},{"@type":"ListItem","position":2,"name":"Cirug\u00eda de hernia g\u00e1strica y reflujo"}]}]}},"_links":{"self":[{"href":"https:\/\/www.ayfaclinic.com\/es\/wp-json\/wp\/v2\/pages\/8731","targetHints":{"allow":["GET"]}}],"collection":[{"href":"https:\/\/www.ayfaclinic.com\/es\/wp-json\/wp\/v2\/pages"}],"about":[{"href":"https:\/\/www.ayfaclinic.com\/es\/wp-json\/wp\/v2\/types\/page"}],"author":[{"embeddable":true,"href":"https:\/\/www.ayfaclinic.com\/es\/wp-json\/wp\/v2\/users\/1"}],"replies":[{"embeddable":true,"href":"https:\/\/www.ayfaclinic.com\/es\/wp-json\/wp\/v2\/comments?post=8731"}],"version-history":[{"count":2,"href":"https:\/\/www.ayfaclinic.com\/es\/wp-json\/wp\/v2\/pages\/8731\/revisions"}],"predecessor-version":[{"id":8733,"href":"https:\/\/www.ayfaclinic.com\/es\/wp-json\/wp\/v2\/pages\/8731\/revisions\/8733"}],"wp:attachment":[{"href":"https:\/\/www.ayfaclinic.com\/es\/wp-json\/wp\/v2\/media?parent=8731"}],"curies":[{"name":"wp","href":"https:\/\/api.w.org\/{rel}","templated":true}]}}