{"id":8785,"date":"2022-08-22T12:11:18","date_gmt":"2022-08-22T12:11:18","guid":{"rendered":"https:\/\/www.ayfaclinic.com\/de\/?page_id=8785"},"modified":"2022-08-22T12:11:28","modified_gmt":"2022-08-22T12:11:28","slug":"gesichtsstraffung","status":"publish","type":"page","link":"https:\/\/www.ayfaclinic.com\/de\/gesichtsstraffung\/","title":{"rendered":"Gesichtsstraffung"},"content":{"rendered":"<p>Obwohl Facelifting als medizinischer Eingriff angesehen wird, der aus \u00e4sthetischen Gr\u00fcnden durchgef\u00fchrt wird, erscheint es von Zeit zu Zeit auch als medizinische Notwendigkeit. Heute k\u00f6nnen wir nicht dar\u00fcber sprechen, dass nur Frauen Facelifting-Operationen bevorzugen, die h\u00e4ufig aus \u00e4sthetischen Gr\u00fcnden durchgef\u00fchrt werden. Gesichtsstraffungsverfahren, die auch bei M\u00e4nnern unseres Alters sehr beliebt sind, werden meist bevorzugt, um Hauterschlaffungen und -erschlaffungen im Gesicht nach einem bestimmten Alter zu beheben. Es ist nicht ganz richtig, bei Facelift-Eingriffen von einer Altersbeschr\u00e4nkung zu sprechen, denn es reicht aus, wenn der Betroffene sein eigenes Gesicht gealtert sp\u00fcrt und feststellt, dass das Gesicht an Dynamik verloren hat. Nach Adipositas-Operationen, die heute sehr popul\u00e4r geworden sind, verlieren Patienten stark an Gewicht und die schlaffe Haut, die sich entwickelt, st\u00f6rt sie, weil sie ein schlankes und fittes Aussehen haben wollen.<\/p>\n<div id=\"ez-toc-container\" class=\"ez-toc-v2_0_29 counter-hierarchy counter-decimal ez-toc-grey\">\n<div class=\"ez-toc-title-container\">\n<p class=\"ez-toc-title\">Inhalt<\/p>\n<span class=\"ez-toc-title-toggle\"><a href=\"#\" class=\"ez-toc-pull-right ez-toc-btn ez-toc-btn-xs ez-toc-btn-default ez-toc-toggle\" style=\"display: none;\"><label for=\"item\" aria-label=\"Table of Content\"><i class=\"ez-toc-glyphicon ez-toc-icon-toggle\"><\/i><\/label><input type=\"checkbox\" id=\"item\"><\/a><\/span><\/div>\n<nav><ul class=\"ez-toc-list ez-toc-list-level-1\"><li class=\"ez-toc-page-1 ez-toc-heading-level-2\"><a class=\"ez-toc-link ez-toc-heading-1\" href=\"https:\/\/www.ayfaclinic.com\/de\/gesichtsstraffung\/#Wer_ist_fuer_ein_Facelifting_geeignete\" title=\"Wer ist f\u00fcr ein Facelifting geeignete ?\">Wer ist f\u00fcr ein Facelifting geeignete ?<\/a><\/li><li class=\"ez-toc-page-1 ez-toc-heading-level-2\"><a class=\"ez-toc-link ez-toc-heading-2\" href=\"https:\/\/www.ayfaclinic.com\/de\/gesichtsstraffung\/#Warum_ist_das_erste_Treffen_wichtig\" title=\" Warum ist das erste Treffen wichtig?\"> Warum ist das erste Treffen wichtig?<\/a><\/li><li class=\"ez-toc-page-1 ez-toc-heading-level-2\"><a class=\"ez-toc-link ez-toc-heading-3\" href=\"https:\/\/www.ayfaclinic.com\/de\/gesichtsstraffung\/#Was_sollte_im_praeoperativen_Vorbereitungsprozess_getan_werden\" title=\" Was sollte im pr\u00e4operativen Vorbereitungsprozess getan werden?\"> Was sollte im pr\u00e4operativen Vorbereitungsprozess getan werden?<\/a><\/li><li class=\"ez-toc-page-1 ez-toc-heading-level-2\"><a class=\"ez-toc-link ez-toc-heading-4\" href=\"https:\/\/www.ayfaclinic.com\/de\/gesichtsstraffung\/#Wie_laeuft_das_Verfahren_ab_wie_lange_dauert_es\" title=\" Wie l\u00e4uft das Verfahren ab, wie lange dauert es?\"> Wie l\u00e4uft das Verfahren ab, wie lange dauert es?<\/a><\/li><li class=\"ez-toc-page-1 ez-toc-heading-level-2\"><a class=\"ez-toc-link ez-toc-heading-5\" href=\"https:\/\/www.ayfaclinic.com\/de\/gesichtsstraffung\/#Wie_ist_die_Anwendung\" title=\" Wie ist die Anwendung?\"> Wie ist die Anwendung?<\/a><\/li><li class=\"ez-toc-page-1 ez-toc-heading-level-2\"><a class=\"ez-toc-link ez-toc-heading-6\" href=\"https:\/\/www.ayfaclinic.com\/de\/gesichtsstraffung\/#Was_passiert_waehrend_der_Erholungsphase\" title=\" Was passiert w\u00e4hrend der Erholungsphase?\"> Was passiert w\u00e4hrend der Erholungsphase?<\/a><\/li><li class=\"ez-toc-page-1 ez-toc-heading-level-2\"><a class=\"ez-toc-link ez-toc-heading-7\" href=\"https:\/\/www.ayfaclinic.com\/de\/gesichtsstraffung\/#Wie_lange_dauert_der_Krankenhausaufenthalt\" title=\" Wie lange dauert der Krankenhausaufenthalt?\"> Wie lange dauert der Krankenhausaufenthalt?<\/a><\/li><li class=\"ez-toc-page-1 ez-toc-heading-level-2\"><a class=\"ez-toc-link ez-toc-heading-8\" href=\"https:\/\/www.ayfaclinic.com\/de\/gesichtsstraffung\/#Was_wird_nach_der_Operation_gemacht\" title=\" Was wird nach der Operation gemacht?\"> Was wird nach der Operation gemacht?<\/a><\/li><li class=\"ez-toc-page-1 ez-toc-heading-level-2\"><a class=\"ez-toc-link ez-toc-heading-9\" href=\"https:\/\/www.ayfaclinic.com\/de\/gesichtsstraffung\/#Was_ist_zu_beachten_um_Komplikationen_vorzubeugen\" title=\" Was ist zu beachten, um Komplikationen vorzubeugen?\"> Was ist zu beachten, um Komplikationen vorzubeugen?<\/a><\/li><li class=\"ez-toc-page-1 ez-toc-heading-level-2\"><a class=\"ez-toc-link ez-toc-heading-10\" href=\"https:\/\/www.ayfaclinic.com\/de\/gesichtsstraffung\/#Was_sind_die_moeglichen_Risiken_und_Komplikationen\" title=\" Was sind die m\u00f6glichen Risiken und Komplikationen?\"> Was sind die m\u00f6glichen Risiken und Komplikationen?<\/a><\/li><\/ul><\/nav><\/div>\n<h2><span class=\"ez-toc-section\" id=\"Wer_ist_fuer_ein_Facelifting_geeignete\"><\/span>Wer ist f\u00fcr ein Facelifting geeignete ?<span class=\"ez-toc-section-end\"><\/span><\/h2>\n<ul>\n<li>Menschen mit erschlaffter Gesichts- und Halshaut<\/li>\n<li>Menschen, die ihre Hautelastizit\u00e4t noch nicht vollst\u00e4ndig verloren haben<\/li>\n<li>Diejenigen, die keine gesundheitlichen Probleme haben<\/li>\n<li>Personen, deren Gewicht sich seit mindestens sechs Monaten nicht ver\u00e4ndert hat<\/li>\n<li>Diejenigen mit starker Knochenstruktur<\/li>\n<li>Personen mit realistischen Erwartungen<\/li>\n<\/ul>\n<p>Das Vorhandensein einiger dieser Kriterien zeigt, ob Sie ein geeigneter Kandidat f\u00fcr ein Facelifting sind.<\/p>\n<h2><span class=\"ez-toc-section\" id=\"Warum_ist_das_erste_Treffen_wichtig\"><\/span><strong> Warum<\/strong> ist<strong> das erste Treffen wichtig?<\/strong><span class=\"ez-toc-section-end\"><\/span><\/h2>\n<p>Beim ersten Treffen wird Ihr Arzt Sie fragen, welche Art von Verbesserung Sie sich w\u00fcnschen. Machen Sie sich klar, was Sie wollen. Wenn Ihr Chirurg Ihre Erwartungen vollst\u00e4ndig versteht, wird er besser sagen k\u00f6nnen, ob Ihre Erwartungen realistisch sind. Er untersucht Ihre Haut, Ihren Haaransatz und Ihre Gesichtsstruktur und bestimmt, welche Technik f\u00fcr Sie geeignet ist. Er informiert Sie \u00fcber die Stellen der vorzunehmenden Schnitte und den Erfolg des Ergebnisses. Ihr Hauttyp, Ihr Alter, ob Sie rauchen oder nicht, und die Sonnensch\u00e4den auf Ihrer Haut beeinflussen das Ergebnis der Operation.<\/p>\n<h2><span class=\"ez-toc-section\" id=\"Was_sollte_im_praeoperativen_Vorbereitungsprozess_getan_werden\"><\/span><strong> Was sollte<\/strong> im<strong> pr\u00e4operativen Vorbereitungsprozess getan werden?<\/strong><span class=\"ez-toc-section-end\"><\/span><\/h2>\n<ul>\n<li>Verwenden Sie kein Aspirin oder Blutverd\u00fcnner.<\/li>\n<li>H\u00f6ren Sie mindestens zwei Wochen vor der Operation mit dem Rauchen auf oder reduzieren Sie es zumindest. Rauchen erh\u00f6ht das Risiko von Komplikationen erheblich.<\/li>\n<li>Fragen Sie Ihren Arzt nach einem Informationsblatt.<\/li>\n<li>Sorgen Sie f\u00fcr jemanden, der Sie beim postoperativen Transport unterst\u00fctzt.<\/li>\n<li>Organisieren Sie jemanden, der Sie in den ersten 24-72 Stunden nach der Operation unterst\u00fctzt.<\/li>\n<li>Bereiten Sie zu Hause eine angenehme Umgebung vor (z. B. Kissen, B\u00fccher, Zeitschriften, Fernseher, Fernbedienung)<\/li>\n<li>Tragen Sie am Tag der Operation bequeme, leicht auszuziehende, vorne gekn\u00f6pfte Kleidung.<\/li>\n<\/ul>\n<h2><span class=\"ez-toc-section\" id=\"Wie_laeuft_das_Verfahren_ab_wie_lange_dauert_es\"><\/span><strong> Wie l\u00e4uft das<\/strong> Verfahren<strong> ab, wie lange dauert es?<\/strong><span class=\"ez-toc-section-end\"><\/span><\/h2>\n<p>An\u00e4sthesie: Allgemein oder Sedierung, Lokalisierung: Operationssaal, Operationszeit: 2-4 Stunden<\/p>\n<h2><span class=\"ez-toc-section\" id=\"Wie_ist_die_Anwendung\"><\/span><strong> Wie ist<\/strong> die <strong>Anwendung?<\/strong><span class=\"ez-toc-section-end\"><\/span><\/h2>\n<p>Beim Facelift werden die Weichteile von Gesicht, Hals und Kinn gestrafft, indem \u00fcbersch\u00fcssige Haut entfernt wird. In der Zwischenzeit k\u00f6nnen die Kieferpartie, h\u00e4ngende Wangen und schlaffe Halshaut korrigiert werden. Um sich ein Bild vom Ergebnis zu machen, k\u00f6nnen Sie Ihre Finger mittig auf Ihre Wangen legen und nach oben und hinten ziehen. Die Hautfalten k\u00f6nnen sich etwas verringern und straffen, aber sie werden nicht vollst\u00e4ndig verschwinden. Durch sanftes Kneifen der Haut vor Ihrem Ohr k\u00f6nnen Sie nachvollziehen, wie viel Haut w\u00e4hrend des Eingriffs entfernt wird.<\/p>\n<p>Das Facelift-Verfahren korrigiert keine Falten auf der Stirn, den Augenlidern, den Augenbrauen und um den Mund herum. Stirnlifting und Augenlidoperationen k\u00f6nnen auch in derselben Sitzung durchgef\u00fchrt werden, um ein gleichm\u00e4\u00dfigeres Erscheinungsbild zu erzielen. Laser, chemisches Peeling, Botox-Injektion und Dermabrasion sind unterst\u00fctzende Verfahren zur Reduzierung von Falten.<\/p>\n<h2><span class=\"ez-toc-section\" id=\"Was_passiert_waehrend_der_Erholungsphase\"><\/span><strong> Was passiert<\/strong> w\u00e4hrend<strong> der Erholungsphase?<\/strong><span class=\"ez-toc-section-end\"><\/span><\/h2>\n<p>Schmerzniveau: M\u00e4\u00dfiges Unbehagen. Es erfordert 1-3 Tage Schmerzlinderung.<\/p>\n<p>\u00d6deme und Bluterg\u00fcsse: Kann 2 Wochen oder l\u00e4nger anhalten.<\/p>\n<p>Taubheit: Kann mehrere Wochen anhalten.<\/p>\n<p>Verb\u00e4nde: Wechsel alle 1-2 Tage.<\/p>\n<p>Arbeitsaufnahme: 1-3 Wochen sp\u00e4ter.<\/p>\n<p>Sport: Beginnt nach 2-3 Wochen.<\/p>\n<p>Sonnenschutz: Sechs Wochen Sonnenschutz sind mit einer Sonnencreme von LSF 15 oder h\u00f6her gegeben.<\/p>\n<p>Ergebnis: Es ist nach 3-4 Monaten vollst\u00e4ndig sichtbar.<\/p>\n<h2><span class=\"ez-toc-section\" id=\"Wie_lange_dauert_der_Krankenhausaufenthalt\"><\/span><strong> Wie lange<\/strong> dauert<strong> der Krankenhausaufenthalt?<\/strong><span class=\"ez-toc-section-end\"><\/span><\/h2>\n<p>Der durchschnittliche Krankenhausaufenthalt betr\u00e4gt eine Nacht. Am n\u00e4chsten Tag wird der Patient durch Entfernen der Verb\u00e4nde und Entfernung der Drainagen entlassen.<\/p>\n<h2><span class=\"ez-toc-section\" id=\"Was_wird_nach_der_Operation_gemacht\"><\/span><strong> Was wird<\/strong> nach<strong> der Operation gemacht?<\/strong><span class=\"ez-toc-section-end\"><\/span><\/h2>\n<p>Nach der Operation treten Bluterg\u00fcsse und Schwellungen im Gesicht und an den Augenlidern auf. Am deutlichsten ist es in den ersten Tagen. Die meisten blauen Flecken verschwinden innerhalb von zwei Wochen. Die vollst\u00e4ndige Genesung erfolgt innerhalb von Monaten. Die Genesungsgeschwindigkeit h\u00e4ngt von der Art der Haut, dem Alter und den Heilungseigenschaften der Person ab. Die meisten Patienten kehren innerhalb von zwei Wochen zu ihren t\u00e4glichen Aktivit\u00e4ten zur\u00fcck.<\/p>\n<p>Es kann Taubheit im Gesichtsbereich geben, die mehrere Wochen oder Monate anh\u00e4lt. Da die Einschnitte in nat\u00fcrlichen K\u00f6rperfalten verborgen sind, sind sie nicht sehr auff\u00e4llig, selbst wenn sie noch nicht verblassen.<\/p>\n<p>Nach der Operation verbessert sich das Aussehen der Person von Tag zu Tag. Es kann unangenehm sein, sich mindestens eine Woche lang mit anderen zu treffen. Jedoch kann man in 1-2 Wochen mit der Arbeit zu beginnen und ab 4-8 Wochen wieder am sozialen Leben teilnehmen.<\/p>\n<h2><span class=\"ez-toc-section\" id=\"Was_ist_zu_beachten_um_Komplikationen_vorzubeugen\"><\/span><strong> Was ist zu<\/strong> beachten,<strong> um Komplikationen vorzubeugen?<\/strong><span class=\"ez-toc-section-end\"><\/span><\/h2>\n<ul>\n<li>Der Kopf sollte so hoch wie m\u00f6glich gehalten werden, um \u00d6deme zu reduzieren.<\/li>\n<li>Eis sollte angewendet werden, um \u00d6deme auf ein Minimum zu reduzieren.<\/li>\n<li>Aspirin oder Medikamente, die die Blutungszeit verl\u00e4ngern, sollten nicht verwendet werden.<\/li>\n<li>W\u00e4hrend der Genesungsphase sollte das Rauchen nicht erlaubt sein und Personen sollten sich nicht in Raucherumgebungen aufhalten.<\/li>\n<li>Es sollte keiner direkten Sonneneinstrahlung ausgesetzt werden.<\/li>\n<li>Es sollte Sonnencreme mit einem Mindestfaktor von 15 verwendet werden.<\/li>\n<\/ul>\n<h2><span class=\"ez-toc-section\" id=\"Was_sind_die_moeglichen_Risiken_und_Komplikationen\"><\/span><strong> Was sind die m\u00f6glichen<\/strong> Risiken<strong> und Komplikationen?<\/strong><span class=\"ez-toc-section-end\"><\/span><\/h2>\n<ul>\n<li>Abnormale Gesichtskontur<\/li>\n<li>An\u00e4sthesiereaktion, Arzneimittelreaktion<\/li>\n<li>Deformit\u00e4t des Ohrl\u00e4ppchens<\/li>\n<li>Blutungen, H\u00e4matome<\/li>\n<li>Gesichtsnervenl\u00e4hmung oder -schw\u00e4che<\/li>\n<li>Infektion<\/li>\n<li>Sichtbare Narbenbildung, Keloid<\/li>\n<li>Anhaltende Taubheit<\/li>\n<li>Hautunregelm\u00e4\u00dfigkeiten<\/li>\n<li>Hautnekrosen (insbesondere bei Rauchern)<\/li>\n<\/ul>\n","protected":false},"excerpt":{"rendered":"<p>Obwohl Facelifting als medizinischer Eingriff angesehen wird, der aus \u00e4sthetischen Gr\u00fcnden durchgef\u00fchrt wird, erscheint es von Zeit zu Zeit auch als medizinische Notwendigkeit. Heute k\u00f6nnen wir nicht dar\u00fcber sprechen, dass nur Frauen Facelifting-Operationen bevorzugen, die h\u00e4ufig aus \u00e4sthetischen Gr\u00fcnden durchgef\u00fchrt werden. Gesichtsstraffungsverfahren, die auch bei M\u00e4nnern unseres Alters sehr beliebt sind, werden meist bevorzugt, um [&hellip;]<\/p>\n","protected":false},"author":1,"featured_media":0,"parent":0,"menu_order":0,"comment_status":"closed","ping_status":"closed","template":"","meta":{"footnotes":""},"class_list":["post-8785","page","type-page","status-publish","hentry"],"yoast_head":"<!-- This site is optimized with the Yoast SEO plugin v19.4 - https:\/\/yoast.com\/wordpress\/plugins\/seo\/ -->\n<title>Gesichtsstraffung - Ayfa Clinic<\/title>\n<meta name=\"robots\" content=\"index, follow, max-snippet:-1, max-image-preview:large, max-video-preview:-1\" \/>\n<link rel=\"canonical\" href=\"https:\/\/www.ayfaclinic.com\/de\/gesichtsstraffung\/\" \/>\n<meta property=\"og:locale\" content=\"de_DE\" \/>\n<meta property=\"og:type\" content=\"article\" \/>\n<meta property=\"og:title\" content=\"Gesichtsstraffung - Ayfa Clinic\" \/>\n<meta property=\"og:description\" content=\"Obwohl Facelifting als medizinischer Eingriff angesehen wird, der aus \u00e4sthetischen Gr\u00fcnden durchgef\u00fchrt wird, erscheint es von Zeit zu Zeit auch als medizinische Notwendigkeit. Heute k\u00f6nnen wir nicht dar\u00fcber sprechen, dass nur Frauen Facelifting-Operationen bevorzugen, die h\u00e4ufig aus \u00e4sthetischen Gr\u00fcnden durchgef\u00fchrt werden. Gesichtsstraffungsverfahren, die auch bei M\u00e4nnern unseres Alters sehr beliebt sind, werden meist bevorzugt, um [&hellip;]\" \/>\n<meta property=\"og:url\" content=\"https:\/\/www.ayfaclinic.com\/de\/gesichtsstraffung\/\" \/>\n<meta property=\"og:site_name\" content=\"Ayfa Clinic Deutsch\" \/>\n<meta property=\"article:modified_time\" content=\"2022-08-22T12:11:28+00:00\" \/>\n<meta name=\"twitter:card\" content=\"summary_large_image\" \/>\n<meta name=\"twitter:label1\" content=\"Gesch\u00e4tzte Lesezeit\" \/>\n\t<meta name=\"twitter:data1\" content=\"6\u00a0Minuten\" \/>\n<script type=\"application\/ld+json\" class=\"yoast-schema-graph\">{\"@context\":\"https:\/\/schema.org\",\"@graph\":[{\"@type\":\"WebSite\",\"@id\":\"https:\/\/www.ayfaclinic.com\/de\/#website\",\"url\":\"https:\/\/www.ayfaclinic.com\/de\/\",\"name\":\"Ayfa Clinic Deutsch\",\"description\":\"Ayfa Clinic - Health Starts Here\",\"potentialAction\":[{\"@type\":\"SearchAction\",\"target\":{\"@type\":\"EntryPoint\",\"urlTemplate\":\"https:\/\/www.ayfaclinic.com\/de\/?s={search_term_string}\"},\"query-input\":\"required name=search_term_string\"}],\"inLanguage\":\"de\"},{\"@type\":\"WebPage\",\"@id\":\"https:\/\/www.ayfaclinic.com\/de\/gesichtsstraffung\/\",\"url\":\"https:\/\/www.ayfaclinic.com\/de\/gesichtsstraffung\/\",\"name\":\"Gesichtsstraffung - Ayfa Clinic\",\"isPartOf\":{\"@id\":\"https:\/\/www.ayfaclinic.com\/de\/#website\"},\"datePublished\":\"2022-08-22T12:11:18+00:00\",\"dateModified\":\"2022-08-22T12:11:28+00:00\",\"breadcrumb\":{\"@id\":\"https:\/\/www.ayfaclinic.com\/de\/gesichtsstraffung\/#breadcrumb\"},\"inLanguage\":\"de\",\"potentialAction\":[{\"@type\":\"ReadAction\",\"target\":[\"https:\/\/www.ayfaclinic.com\/de\/gesichtsstraffung\/\"]}]},{\"@type\":\"BreadcrumbList\",\"@id\":\"https:\/\/www.ayfaclinic.com\/de\/gesichtsstraffung\/#breadcrumb\",\"itemListElement\":[{\"@type\":\"ListItem\",\"position\":1,\"name\":\"Anasayfa\",\"item\":\"https:\/\/www.ayfaclinic.com\/de\/\"},{\"@type\":\"ListItem\",\"position\":2,\"name\":\"Gesichtsstraffung\"}]}]}<\/script>\n<!-- \/ Yoast SEO plugin. -->","yoast_head_json":{"title":"Gesichtsstraffung - Ayfa Clinic","robots":{"index":"index","follow":"follow","max-snippet":"max-snippet:-1","max-image-preview":"max-image-preview:large","max-video-preview":"max-video-preview:-1"},"canonical":"https:\/\/www.ayfaclinic.com\/de\/gesichtsstraffung\/","og_locale":"de_DE","og_type":"article","og_title":"Gesichtsstraffung - Ayfa Clinic","og_description":"Obwohl Facelifting als medizinischer Eingriff angesehen wird, der aus \u00e4sthetischen Gr\u00fcnden durchgef\u00fchrt wird, erscheint es von Zeit zu Zeit auch als medizinische Notwendigkeit. Heute k\u00f6nnen wir nicht dar\u00fcber sprechen, dass nur Frauen Facelifting-Operationen bevorzugen, die h\u00e4ufig aus \u00e4sthetischen Gr\u00fcnden durchgef\u00fchrt werden. Gesichtsstraffungsverfahren, die auch bei M\u00e4nnern unseres Alters sehr beliebt sind, werden meist bevorzugt, um [&hellip;]","og_url":"https:\/\/www.ayfaclinic.com\/de\/gesichtsstraffung\/","og_site_name":"Ayfa Clinic Deutsch","article_modified_time":"2022-08-22T12:11:28+00:00","twitter_card":"summary_large_image","twitter_misc":{"Gesch\u00e4tzte Lesezeit":"6\u00a0Minuten"},"schema":{"@context":"https:\/\/schema.org","@graph":[{"@type":"WebSite","@id":"https:\/\/www.ayfaclinic.com\/de\/#website","url":"https:\/\/www.ayfaclinic.com\/de\/","name":"Ayfa Clinic Deutsch","description":"Ayfa Clinic - Health Starts Here","potentialAction":[{"@type":"SearchAction","target":{"@type":"EntryPoint","urlTemplate":"https:\/\/www.ayfaclinic.com\/de\/?s={search_term_string}"},"query-input":"required name=search_term_string"}],"inLanguage":"de"},{"@type":"WebPage","@id":"https:\/\/www.ayfaclinic.com\/de\/gesichtsstraffung\/","url":"https:\/\/www.ayfaclinic.com\/de\/gesichtsstraffung\/","name":"Gesichtsstraffung - Ayfa Clinic","isPartOf":{"@id":"https:\/\/www.ayfaclinic.com\/de\/#website"},"datePublished":"2022-08-22T12:11:18+00:00","dateModified":"2022-08-22T12:11:28+00:00","breadcrumb":{"@id":"https:\/\/www.ayfaclinic.com\/de\/gesichtsstraffung\/#breadcrumb"},"inLanguage":"de","potentialAction":[{"@type":"ReadAction","target":["https:\/\/www.ayfaclinic.com\/de\/gesichtsstraffung\/"]}]},{"@type":"BreadcrumbList","@id":"https:\/\/www.ayfaclinic.com\/de\/gesichtsstraffung\/#breadcrumb","itemListElement":[{"@type":"ListItem","position":1,"name":"Anasayfa","item":"https:\/\/www.ayfaclinic.com\/de\/"},{"@type":"ListItem","position":2,"name":"Gesichtsstraffung"}]}]}},"_links":{"self":[{"href":"https:\/\/www.ayfaclinic.com\/de\/wp-json\/wp\/v2\/pages\/8785","targetHints":{"allow":["GET"]}}],"collection":[{"href":"https:\/\/www.ayfaclinic.com\/de\/wp-json\/wp\/v2\/pages"}],"about":[{"href":"https:\/\/www.ayfaclinic.com\/de\/wp-json\/wp\/v2\/types\/page"}],"author":[{"embeddable":true,"href":"https:\/\/www.ayfaclinic.com\/de\/wp-json\/wp\/v2\/users\/1"}],"replies":[{"embeddable":true,"href":"https:\/\/www.ayfaclinic.com\/de\/wp-json\/wp\/v2\/comments?post=8785"}],"version-history":[{"count":2,"href":"https:\/\/www.ayfaclinic.com\/de\/wp-json\/wp\/v2\/pages\/8785\/revisions"}],"predecessor-version":[{"id":8787,"href":"https:\/\/www.ayfaclinic.com\/de\/wp-json\/wp\/v2\/pages\/8785\/revisions\/8787"}],"wp:attachment":[{"href":"https:\/\/www.ayfaclinic.com\/de\/wp-json\/wp\/v2\/media?parent=8785"}],"curies":[{"name":"wp","href":"https:\/\/api.w.org\/{rel}","templated":true}]}}