{"id":8783,"date":"2022-08-22T12:10:04","date_gmt":"2022-08-22T12:10:04","guid":{"rendered":"https:\/\/www.ayfaclinic.com\/de\/?page_id=8783"},"modified":"2022-08-22T12:10:04","modified_gmt":"2022-08-22T12:10:04","slug":"bruststraffung","status":"publish","type":"page","link":"https:\/\/www.ayfaclinic.com\/de\/bruststraffung\/","title":{"rendered":"Bruststraffung"},"content":{"rendered":"<p>H\u00e4ngende, weiche und deformierte Br\u00fcste geh\u00f6ren zu den sensibelsten Themen f\u00fcr Frauen. Brustgewebe, das in seiner Struktur keine Muskeln enth\u00e4lt und ausschlie\u00dflich aus Talg- und Milchdr\u00fcsen besteht, verliert sein altes frisches und aufrechtes Aussehen durch Schwerkraft, Alterung, h\u00e4ufige Gewichtszunahme, Geburt, Stillen, Verwendung falscher BHs. es macht Frauen unruhig und zwingt sie, nach verschiedenen L\u00f6sungen zu suchen.<\/p>\n<p>Die Br\u00fcste erschlaffen im Laufe der Zeit aufgrund der Wirkung der Schwerkraft und des altersbedingten Elastizit\u00e4tsverlusts der Haut. H\u00e4ufige Gewichtszu- und -abnahme, Geburts- und Stillvorg\u00e4nge sowie zu gro\u00dfe Br\u00fcste f\u00fchren in fr\u00fcherem Alter zu einem Erschlaffen.<\/p>\n<div id=\"ez-toc-container\" class=\"ez-toc-v2_0_29 counter-hierarchy counter-decimal ez-toc-grey\">\n<div class=\"ez-toc-title-container\">\n<p class=\"ez-toc-title\">Inhalt<\/p>\n<span class=\"ez-toc-title-toggle\"><a href=\"#\" class=\"ez-toc-pull-right ez-toc-btn ez-toc-btn-xs ez-toc-btn-default ez-toc-toggle\" style=\"display: none;\"><label for=\"item\" aria-label=\"Table of Content\"><i class=\"ez-toc-glyphicon ez-toc-icon-toggle\"><\/i><\/label><input type=\"checkbox\" id=\"item\"><\/a><\/span><\/div>\n<nav><ul class=\"ez-toc-list ez-toc-list-level-1\"><li class=\"ez-toc-page-1 ez-toc-heading-level-2\"><a class=\"ez-toc-link ez-toc-heading-1\" href=\"https:\/\/www.ayfaclinic.com\/de\/bruststraffung\/#Wie_ist_die_Vorbereitung_auf_die_Operation_vor_der_Operation\" title=\" Wie ist die Vorbereitung auf die Operation vor der Operation?\"> Wie ist die Vorbereitung auf die Operation vor der Operation?<\/a><\/li><li class=\"ez-toc-page-1 ez-toc-heading-level-2\"><a class=\"ez-toc-link ez-toc-heading-2\" href=\"https:\/\/www.ayfaclinic.com\/de\/bruststraffung\/#Wie_erfolgt_die_OP-Planung\" title=\" Wie erfolgt die OP-Planung?\"> Wie erfolgt die OP-Planung?<\/a><\/li><li class=\"ez-toc-page-1 ez-toc-heading-level-2\"><a class=\"ez-toc-link ez-toc-heading-3\" href=\"https:\/\/www.ayfaclinic.com\/de\/bruststraffung\/#Was_ist_die_Art_der_Anaesthesie_Wie_lange_dauert_die_Operation\" title=\" Was ist die Art der An\u00e4sthesie? Wie lange dauert die Operation?\"> Was ist die Art der An\u00e4sthesie? Wie lange dauert die Operation?<\/a><\/li><li class=\"ez-toc-page-1 ez-toc-heading-level-2\"><a class=\"ez-toc-link ez-toc-heading-4\" href=\"https:\/\/www.ayfaclinic.com\/de\/bruststraffung\/#Was_erwartet_mich_nach_der_OP\" title=\" Was erwartet mich nach der OP?\"> Was erwartet mich nach der OP?<\/a><\/li><li class=\"ez-toc-page-1 ez-toc-heading-level-2\"><a class=\"ez-toc-link ez-toc-heading-5\" href=\"https:\/\/www.ayfaclinic.com\/de\/bruststraffung\/#Was_wird_nach_der_Operation_gemacht\" title=\" Was wird nach der Operation gemacht?\"> Was wird nach der Operation gemacht?<\/a><\/li><li class=\"ez-toc-page-1 ez-toc-heading-level-2\"><a class=\"ez-toc-link ez-toc-heading-6\" href=\"https:\/\/www.ayfaclinic.com\/de\/bruststraffung\/#Wann_zum_normalen_Leben_zurueckkehren\" title=\" Wann zum normalen Leben zur\u00fcckkehren?\"> Wann zum normalen Leben zur\u00fcckkehren?<\/a><\/li><li class=\"ez-toc-page-1 ez-toc-heading-level-2\"><a class=\"ez-toc-link ez-toc-heading-7\" href=\"https:\/\/www.ayfaclinic.com\/de\/bruststraffung\/#Gibt_es_Risiken_bei_der_Operation\" title=\" Gibt es Risiken bei der Operation?\"> Gibt es Risiken bei der Operation?<\/a><\/li><\/ul><\/nav><\/div>\n<h2><span class=\"ez-toc-section\" id=\"Wie_ist_die_Vorbereitung_auf_die_Operation_vor_der_Operation\"><\/span><strong> Wie ist<\/strong> die<strong> Vorbereitung auf die Operation vor der Operation?<\/strong><span class=\"ez-toc-section-end\"><\/span><\/h2>\n<p>Wie bei jeder anderen Brustoperation besprechen Sie mit Ihrem Arzt, warum Sie die Operation w\u00fcnschen und was Sie von dieser Operation erwarten k\u00f6nnen. Informieren Sie Ihren Arzt, wenn in Ihrer Familie Brusterkrankungen oder Krebs, Rauchen, Drogenkonsum oder eine Erkrankung aufgetreten sind. Fragen Sie Ihren Arzt nach der Art der Operation und m\u00f6glichen Problemen.<\/p>\n<h2><span class=\"ez-toc-section\" id=\"Wie_erfolgt_die_OP-Planung\"><\/span><strong> Wie erfolgt<\/strong> die<strong> OP-Planung?<\/strong><span class=\"ez-toc-section-end\"><\/span><\/h2>\n<p>Bei der \u00e4sthetischen Bruststraffung wird das erschlaffte Brustgewebe neu geformt und \u00fcbersch\u00fcssige Haut entfernt. Die Brustwarze wird dorthin gebracht, wo sie sein soll.<\/p>\n<h2><span class=\"ez-toc-section\" id=\"Was_ist_die_Art_der_Anaesthesie_Wie_lange_dauert_die_Operation\"><\/span><strong> Was ist die Art<\/strong> der<strong> An\u00e4sthesie? Wie lange dauert die Operation?<\/strong><span class=\"ez-toc-section-end\"><\/span><\/h2>\n<p>Die Operation wird unter Vollnarkose unter Krankenhausbedingungen im Operationssaal durchgef\u00fchrt. Sie dauert 1,5-2 Stunden.<\/p>\n<h2><span class=\"ez-toc-section\" id=\"Was_erwartet_mich_nach_der_OP\"><\/span><strong> W<\/strong><strong>as erwartet mich<\/strong> nach<strong> der OP?<\/strong><span class=\"ez-toc-section-end\"><\/span><\/h2>\n<p>Je nach Erschlaffungsgrad bleiben Narben auf unterschiedliche Weise zur\u00fcck. Welche Methode auch immer angewendet wird ist es nicht zu vermeiden, dass Narben um die Brustwarze herum bleiben. Wenn eine Bruststraffung durch einen Einschnitt um die Brustwarze herum durchgef\u00fchrt wird, kann die Narbe um die Brustwarze herum st\u00e4rker hervortreten. Bei anderen Bruststraffungsoperationen kann zus\u00e4tzlich zu der Narbe um die Brustwarze eine 4-5 cm lange Narbe vorhanden sein, die sich von der Mitte des unteren Randes des Warzenhofs nach unten erstreckt.<\/p>\n<p>Bei geeigneten Patientinnen kann die Erschlaffung nur durch das Einsetzen einer Brustprothese beseitigt werden. In diesem Fall ist die Operationsnarbe nur am \u00dcbergang zwischen der br\u00e4unlichen Haut der Brustwarze und der wei\u00dfen Haut der Brust verborgen und wird minimal. Es gibt keine narbenfreie Bruststraffung. Diese Spuren sind zwar zu Beginn un\u00fcbersehbar, werden aber mit der Zeit nur noch schwer zu erkennen sein.<\/p>\n<h2><span class=\"ez-toc-section\" id=\"Was_wird_nach_der_Operation_gemacht\"><\/span><strong> Was wird<\/strong> nach<strong> der Operation gemacht?<\/strong><span class=\"ez-toc-section-end\"><\/span><\/h2>\n<p>Nach der Operation gibt es normalerweise keine gro\u00dfen Schmerzen. Die Schmerzen sind also in der Regel kein Problem. Wenn w\u00e4hrend der Operation eine Brustprothese verwendet wurde, kann es f\u00fcr einige Tage zu einer Einschr\u00e4nkung der Armbewegungen kommen. Auf die Br\u00fcste wird ein BH-\u00e4hnlicher Wickel aufgebracht. Auf die Brustwarze wird ein separater Verband gelegt. Der Patient tr\u00e4gt f\u00fcr 6 Wochen einen Sport-BH. In der Fr\u00fchphase kann es zu Schwellungen kommen. Es kann zu einem Taubheitsgef\u00fchl an der Brustwarze und zu einer violetten Verf\u00e4rbung der Haut kommen. Diese verschwinden nach kurzer Zeit von selbst.<\/p>\n<h2><span class=\"ez-toc-section\" id=\"Wann_zum_normalen_Leben_zurueckkehren\"><\/span><strong> Wann zum<\/strong> normalen<strong> Leben zur\u00fcckkehren?<\/strong><span class=\"ez-toc-section-end\"><\/span><\/h2>\n<p>Der Patient kann nach 3-4 Tagen wieder arbeiten. Es wird empfohlen, sich 3 Monate lang von schwerem Sport fernzuhalten. Die \u00e4sthetische Bruststraffung ist eine Operation, die im Allgemeinen gute und dauerhafte Ergebnisse liefert, die psychische Gesundheit der Person und ihres Partners verbessert und sie wieder gl\u00fccklicher werden l\u00e4sst.<\/p>\n<p>Die neu geformte Brust ist lange haltbar. Gewichtsver\u00e4nderungen, Schwangerschaft, Stillen und die Schwerkraft k\u00f6nnen jedoch zu neuen Erschlaffungen f\u00fchren.<\/p>\n<h2><span class=\"ez-toc-section\" id=\"Gibt_es_Risiken_bei_der_Operation\"><\/span><strong> Gibt es Risiken bei<\/strong> der<strong> Operation?<\/strong><span class=\"ez-toc-section-end\"><\/span><\/h2>\n<p>Jede Operation kann zu einigen unerw\u00fcnschten Situationen f\u00fchren. Es w\u00e4re hilfreich, diese M\u00f6glichkeiten mit Ihrem Arzt zu besprechen. Zwischen den Br\u00fcsten kann es zu leichten Form- und Gr\u00f6\u00dfenasymmetrien kommen.<\/p>\n<p>Eine Bruststraffung verhindert nicht das Stillen einer Mutter.<\/p>\n","protected":false},"excerpt":{"rendered":"<p>H\u00e4ngende, weiche und deformierte Br\u00fcste geh\u00f6ren zu den sensibelsten Themen f\u00fcr Frauen. Brustgewebe, das in seiner Struktur keine Muskeln enth\u00e4lt und ausschlie\u00dflich aus Talg- und Milchdr\u00fcsen besteht, verliert sein altes frisches und aufrechtes Aussehen durch Schwerkraft, Alterung, h\u00e4ufige Gewichtszunahme, Geburt, Stillen, Verwendung falscher BHs. es macht Frauen unruhig und zwingt sie, nach verschiedenen L\u00f6sungen zu [&hellip;]<\/p>\n","protected":false},"author":1,"featured_media":0,"parent":0,"menu_order":0,"comment_status":"closed","ping_status":"closed","template":"","meta":{"footnotes":""},"class_list":["post-8783","page","type-page","status-publish","hentry"],"yoast_head":"<!-- This site is optimized with the Yoast SEO plugin v19.4 - https:\/\/yoast.com\/wordpress\/plugins\/seo\/ -->\n<title>Bruststraffung - Ayfa Clinic<\/title>\n<meta name=\"robots\" content=\"index, follow, max-snippet:-1, max-image-preview:large, max-video-preview:-1\" \/>\n<link rel=\"canonical\" href=\"https:\/\/www.ayfaclinic.com\/de\/bruststraffung\/\" \/>\n<meta property=\"og:locale\" content=\"de_DE\" \/>\n<meta property=\"og:type\" content=\"article\" \/>\n<meta property=\"og:title\" content=\"Bruststraffung - Ayfa Clinic\" \/>\n<meta property=\"og:description\" content=\"H\u00e4ngende, weiche und deformierte Br\u00fcste geh\u00f6ren zu den sensibelsten Themen f\u00fcr Frauen. Brustgewebe, das in seiner Struktur keine Muskeln enth\u00e4lt und ausschlie\u00dflich aus Talg- und Milchdr\u00fcsen besteht, verliert sein altes frisches und aufrechtes Aussehen durch Schwerkraft, Alterung, h\u00e4ufige Gewichtszunahme, Geburt, Stillen, Verwendung falscher BHs. es macht Frauen unruhig und zwingt sie, nach verschiedenen L\u00f6sungen zu [&hellip;]\" \/>\n<meta property=\"og:url\" content=\"https:\/\/www.ayfaclinic.com\/de\/bruststraffung\/\" \/>\n<meta property=\"og:site_name\" content=\"Ayfa Clinic Deutsch\" \/>\n<meta name=\"twitter:card\" content=\"summary_large_image\" \/>\n<meta name=\"twitter:label1\" content=\"Gesch\u00e4tzte Lesezeit\" \/>\n\t<meta name=\"twitter:data1\" content=\"4\u00a0Minuten\" \/>\n<script type=\"application\/ld+json\" class=\"yoast-schema-graph\">{\"@context\":\"https:\/\/schema.org\",\"@graph\":[{\"@type\":\"WebSite\",\"@id\":\"https:\/\/www.ayfaclinic.com\/de\/#website\",\"url\":\"https:\/\/www.ayfaclinic.com\/de\/\",\"name\":\"Ayfa Clinic Deutsch\",\"description\":\"Ayfa Clinic - Health Starts Here\",\"potentialAction\":[{\"@type\":\"SearchAction\",\"target\":{\"@type\":\"EntryPoint\",\"urlTemplate\":\"https:\/\/www.ayfaclinic.com\/de\/?s={search_term_string}\"},\"query-input\":\"required name=search_term_string\"}],\"inLanguage\":\"de\"},{\"@type\":\"WebPage\",\"@id\":\"https:\/\/www.ayfaclinic.com\/de\/bruststraffung\/\",\"url\":\"https:\/\/www.ayfaclinic.com\/de\/bruststraffung\/\",\"name\":\"Bruststraffung - Ayfa Clinic\",\"isPartOf\":{\"@id\":\"https:\/\/www.ayfaclinic.com\/de\/#website\"},\"datePublished\":\"2022-08-22T12:10:04+00:00\",\"dateModified\":\"2022-08-22T12:10:04+00:00\",\"breadcrumb\":{\"@id\":\"https:\/\/www.ayfaclinic.com\/de\/bruststraffung\/#breadcrumb\"},\"inLanguage\":\"de\",\"potentialAction\":[{\"@type\":\"ReadAction\",\"target\":[\"https:\/\/www.ayfaclinic.com\/de\/bruststraffung\/\"]}]},{\"@type\":\"BreadcrumbList\",\"@id\":\"https:\/\/www.ayfaclinic.com\/de\/bruststraffung\/#breadcrumb\",\"itemListElement\":[{\"@type\":\"ListItem\",\"position\":1,\"name\":\"Anasayfa\",\"item\":\"https:\/\/www.ayfaclinic.com\/de\/\"},{\"@type\":\"ListItem\",\"position\":2,\"name\":\"Bruststraffung\"}]}]}<\/script>\n<!-- \/ Yoast SEO plugin. -->","yoast_head_json":{"title":"Bruststraffung - Ayfa Clinic","robots":{"index":"index","follow":"follow","max-snippet":"max-snippet:-1","max-image-preview":"max-image-preview:large","max-video-preview":"max-video-preview:-1"},"canonical":"https:\/\/www.ayfaclinic.com\/de\/bruststraffung\/","og_locale":"de_DE","og_type":"article","og_title":"Bruststraffung - Ayfa Clinic","og_description":"H\u00e4ngende, weiche und deformierte Br\u00fcste geh\u00f6ren zu den sensibelsten Themen f\u00fcr Frauen. Brustgewebe, das in seiner Struktur keine Muskeln enth\u00e4lt und ausschlie\u00dflich aus Talg- und Milchdr\u00fcsen besteht, verliert sein altes frisches und aufrechtes Aussehen durch Schwerkraft, Alterung, h\u00e4ufige Gewichtszunahme, Geburt, Stillen, Verwendung falscher BHs. es macht Frauen unruhig und zwingt sie, nach verschiedenen L\u00f6sungen zu [&hellip;]","og_url":"https:\/\/www.ayfaclinic.com\/de\/bruststraffung\/","og_site_name":"Ayfa Clinic Deutsch","twitter_card":"summary_large_image","twitter_misc":{"Gesch\u00e4tzte Lesezeit":"4\u00a0Minuten"},"schema":{"@context":"https:\/\/schema.org","@graph":[{"@type":"WebSite","@id":"https:\/\/www.ayfaclinic.com\/de\/#website","url":"https:\/\/www.ayfaclinic.com\/de\/","name":"Ayfa Clinic Deutsch","description":"Ayfa Clinic - Health Starts Here","potentialAction":[{"@type":"SearchAction","target":{"@type":"EntryPoint","urlTemplate":"https:\/\/www.ayfaclinic.com\/de\/?s={search_term_string}"},"query-input":"required name=search_term_string"}],"inLanguage":"de"},{"@type":"WebPage","@id":"https:\/\/www.ayfaclinic.com\/de\/bruststraffung\/","url":"https:\/\/www.ayfaclinic.com\/de\/bruststraffung\/","name":"Bruststraffung - Ayfa Clinic","isPartOf":{"@id":"https:\/\/www.ayfaclinic.com\/de\/#website"},"datePublished":"2022-08-22T12:10:04+00:00","dateModified":"2022-08-22T12:10:04+00:00","breadcrumb":{"@id":"https:\/\/www.ayfaclinic.com\/de\/bruststraffung\/#breadcrumb"},"inLanguage":"de","potentialAction":[{"@type":"ReadAction","target":["https:\/\/www.ayfaclinic.com\/de\/bruststraffung\/"]}]},{"@type":"BreadcrumbList","@id":"https:\/\/www.ayfaclinic.com\/de\/bruststraffung\/#breadcrumb","itemListElement":[{"@type":"ListItem","position":1,"name":"Anasayfa","item":"https:\/\/www.ayfaclinic.com\/de\/"},{"@type":"ListItem","position":2,"name":"Bruststraffung"}]}]}},"_links":{"self":[{"href":"https:\/\/www.ayfaclinic.com\/de\/wp-json\/wp\/v2\/pages\/8783","targetHints":{"allow":["GET"]}}],"collection":[{"href":"https:\/\/www.ayfaclinic.com\/de\/wp-json\/wp\/v2\/pages"}],"about":[{"href":"https:\/\/www.ayfaclinic.com\/de\/wp-json\/wp\/v2\/types\/page"}],"author":[{"embeddable":true,"href":"https:\/\/www.ayfaclinic.com\/de\/wp-json\/wp\/v2\/users\/1"}],"replies":[{"embeddable":true,"href":"https:\/\/www.ayfaclinic.com\/de\/wp-json\/wp\/v2\/comments?post=8783"}],"version-history":[{"count":1,"href":"https:\/\/www.ayfaclinic.com\/de\/wp-json\/wp\/v2\/pages\/8783\/revisions"}],"predecessor-version":[{"id":8784,"href":"https:\/\/www.ayfaclinic.com\/de\/wp-json\/wp\/v2\/pages\/8783\/revisions\/8784"}],"wp:attachment":[{"href":"https:\/\/www.ayfaclinic.com\/de\/wp-json\/wp\/v2\/media?parent=8783"}],"curies":[{"name":"wp","href":"https:\/\/api.w.org\/{rel}","templated":true}]}}