{"id":8781,"date":"2022-08-22T12:09:14","date_gmt":"2022-08-22T12:09:14","guid":{"rendered":"https:\/\/www.ayfaclinic.com\/de\/?page_id=8781"},"modified":"2022-08-22T12:09:14","modified_gmt":"2022-08-22T12:09:14","slug":"brustvergroserung","status":"publish","type":"page","link":"https:\/\/www.ayfaclinic.com\/de\/brustvergroserung\/","title":{"rendered":"Brustvergr\u00f6\u00dferung"},"content":{"rendered":"<p>Br\u00fcste sind \u00e4u\u00dferst wichtige Organe f\u00fcr das \u00e4sthetische Erscheinungsbild des weiblichen K\u00f6rpers. Br\u00fcste k\u00f6nnen aus verschiedenen strukturellen Gr\u00fcnden klein sein. Eine Brust kann kleiner sein als die andere, oder auch asymmetrisch. Manchmal gibt es von Geburt an keine Br\u00fcste. Heutzutage gibt es au\u00dfer Silikonprothesen keine andere M\u00f6glichkeit, eine Brust anzugleichen oder ihr Volumen zu vergr\u00f6\u00dfern.<\/p>\n<div id=\"ez-toc-container\" class=\"ez-toc-v2_0_29 counter-hierarchy counter-decimal ez-toc-grey\">\n<div class=\"ez-toc-title-container\">\n<p class=\"ez-toc-title\">Inhalt<\/p>\n<span class=\"ez-toc-title-toggle\"><a href=\"#\" class=\"ez-toc-pull-right ez-toc-btn ez-toc-btn-xs ez-toc-btn-default ez-toc-toggle\" style=\"display: none;\"><label for=\"item\" aria-label=\"Table of Content\"><i class=\"ez-toc-glyphicon ez-toc-icon-toggle\"><\/i><\/label><input type=\"checkbox\" id=\"item\"><\/a><\/span><\/div>\n<nav><ul class=\"ez-toc-list ez-toc-list-level-1\"><li class=\"ez-toc-page-1 ez-toc-heading-level-2\"><a class=\"ez-toc-link ez-toc-heading-1\" href=\"https:\/\/www.ayfaclinic.com\/de\/brustvergroserung\/#Was_ist_der_Inhalt_der_Brustprothese\" title=\"Was ist der Inhalt der Brustprothese?\">Was ist der Inhalt der Brustprothese?<\/a><\/li><li class=\"ez-toc-page-1 ez-toc-heading-level-2\"><a class=\"ez-toc-link ez-toc-heading-2\" href=\"https:\/\/www.ayfaclinic.com\/de\/brustvergroserung\/#Was_ist_eine_Silikonbrustprothese\" title=\" Was ist eine Silikonbrustprothese?\"> Was ist eine Silikonbrustprothese?<\/a><\/li><li class=\"ez-toc-page-1 ez-toc-heading-level-2\"><a class=\"ez-toc-link ez-toc-heading-3\" href=\"https:\/\/www.ayfaclinic.com\/de\/brustvergroserung\/#Die_heute_verwendeten_Brustprothesen_koennen_wie_folgt_benannt_werden\" title=\" Die heute verwendeten Brustprothesen k\u00f6nnen wie folgt benannt werden:\"> Die heute verwendeten Brustprothesen k\u00f6nnen wie folgt benannt werden:<\/a><\/li><li class=\"ez-toc-page-1 ez-toc-heading-level-2\"><a class=\"ez-toc-link ez-toc-heading-4\" href=\"https:\/\/www.ayfaclinic.com\/de\/brustvergroserung\/#Was_ist_vor_der_Operation_zu_beachten\" title=\" Was ist vor der Operation zu beachten?\"> Was ist vor der Operation zu beachten?<\/a><\/li><li class=\"ez-toc-page-1 ez-toc-heading-level-2\"><a class=\"ez-toc-link ez-toc-heading-5\" href=\"https:\/\/www.ayfaclinic.com\/de\/brustvergroserung\/#Gibt_es_Risiken_bei_einer_Brustvergroesserung\" title=\" Gibt es Risiken bei einer Brustvergr\u00f6\u00dferung?\"> Gibt es Risiken bei einer Brustvergr\u00f6\u00dferung?<\/a><\/li><li class=\"ez-toc-page-1 ez-toc-heading-level-2\"><a class=\"ez-toc-link ez-toc-heading-6\" href=\"https:\/\/www.ayfaclinic.com\/de\/brustvergroserung\/#Was_ist_die_Art_der_Anaesthesie_Wie_lange_dauert_die_Operation\" title=\" Was ist die Art der An\u00e4sthesie? Wie lange dauert die Operation?\"> Was ist die Art der An\u00e4sthesie? Wie lange dauert die Operation?<\/a><\/li><li class=\"ez-toc-page-1 ez-toc-heading-level-2\"><a class=\"ez-toc-link ez-toc-heading-7\" href=\"https:\/\/www.ayfaclinic.com\/de\/brustvergroserung\/#Was_ist_nach_der_OP\" title=\" Was ist nach der OP?\"> Was ist nach der OP?<\/a><\/li><li class=\"ez-toc-page-1 ez-toc-heading-level-2\"><a class=\"ez-toc-link ez-toc-heading-8\" href=\"https:\/\/www.ayfaclinic.com\/de\/brustvergroserung\/#Was_wird_nach_der_Operation_gemacht\" title=\" Was wird nach der Operation gemacht?\"> Was wird nach der Operation gemacht?<\/a><\/li><\/ul><\/nav><\/div>\n<h2><span class=\"ez-toc-section\" id=\"Was_ist_der_Inhalt_der_Brustprothese\"><\/span>Was<strong> ist der Inhalt der Brustprothese?<\/strong><span class=\"ez-toc-section-end\"><\/span><\/h2>\n<p>Brustprothesen bestehen aus einer festen Silikonkapsel und einem in diese Kapsel eingef\u00fcllten Serum- oder Koh\u00e4sionsgel-Silikon. Es gibt tropfen- oder runde Formen. Jede Prothese hat ihre eigenen Vor- und Nachteile. Darum sollten diese vor der Operation ausf\u00fchrlich besprochen werden um anschlie\u00dfend gemeinsam zu entschieden, welches zum Einsatz kommt.<\/p>\n<h2><span class=\"ez-toc-section\" id=\"Was_ist_eine_Silikonbrustprothese\"><\/span><strong> Was ist eine<\/strong> Silikonbrustprothese?<span class=\"ez-toc-section-end\"><\/span><\/h2>\n<p>Silikonprothesen, die in den 1960er Jahren zum Einsatz kamen, sind auch heute noch weit verbreitet. In den letzten 20 Jahren wurden bedeutende Innovationen erzielt und wissenschaftliche Untersuchungen haben gezeigt, dass Silizium die am wenigsten sch\u00e4dliche Substanz f\u00fcr den menschlichen K\u00f6rper ist. Auch f\u00fcr andere Zwecke in der kosmetischen Industrie und Medizin werden silikonhaltige Produkte eingesetzt.<\/p>\n<h2><span class=\"ez-toc-section\" id=\"Die_heute_verwendeten_Brustprothesen_koennen_wie_folgt_benannt_werden\"><\/span><strong> Die heute<\/strong> verwendeten<strong> Brustprothesen k\u00f6nnen wie folgt benannt werden:<\/strong><span class=\"ez-toc-section-end\"><\/span><\/h2>\n<p>Mit Gel gef\u00fcllt: Im Inneren des Ballons, dessen Au\u00dfenfl\u00e4che aus Silikon besteht, befindet sich auch ein Gel aus Silikon. Sie werden in verschiedenen Gr\u00f6\u00dfen gebrauchsfertig hergestellt.<\/p>\n<p>Mit Kochsalzl\u00f6sung gef\u00fcllt: Der Silikonballon ist leer. W\u00e4hrend der Operation wird er mit einer \u201eKochsalzl\u00f6sung\u201c so weit aufgef\u00fcllt, bis das gew\u00fcnschte Volumen erreicht ist. Vor kurzem wurden diese gebrauchsfertige hergestellt.<\/p>\n<p>Bei Brustvergr\u00f6\u00dferungsoperationen kann es zu prothesenbedingten Problemen kommen, bei der der K\u00f6rper auf die Vergr\u00f6\u00dferung der Brust durch einen k\u00f6rperfremden Stoff eine Reaktion aus\u00fcbt. Dabei kommt es zu einer Kontraktur aufgrund der Membran, die sich um die Prothese bildet und die als Kapsel bezeichnet wird, (wobei diese Membran unterschiedlich dick sein kann). Die d\u00fcnne Membran bereitet keine Probleme. Wenn sich eine Membran mittlerer Dicke bildet, kann eine leichte H\u00e4rte in den Br\u00fcsten und eine Auspr\u00e4gung am Brustansatz festgestellt werden. In seltenen F\u00e4llen nimmt der K\u00f6rper diese Fremdsubstanz m\u00f6glicherweise nicht an, bildet eine dicke Membran (Kapsel) um die Prothese und versucht, sie zu komprimieren, einzufangen und manchmal aus dem K\u00f6rper zu schleudern. Bei dicker Kapselbildung sind H\u00e4rte und manchmal Asymmetrie in den Br\u00fcsten zu sehen. Bei leichter und mittelschwerer Kapselkontraktur kann eine \u00e4u\u00dfere Massage und, falls erforderlich, eine zus\u00e4tzliche Operation durchgef\u00fchrt werden, um die Kapsel um die Prothese herum zu entfernen. Bei einer schweren Kapselfibrose bleibt keine andere Wahl, als die Prothese zu entfernen.<\/p>\n<p>Obwohl die \u00e4u\u00dfere Oberfl\u00e4che von Silikonprothesen sehr d\u00fcnn ist, sind sie sehr widerstandsf\u00e4hig gegen \u00e4u\u00dfere Einwirkungen. Normale und moderate Massagen schaden nicht. Die Person kann 2 Monate nach der Operation auf dem Bauch liegen.<\/p>\n<p>Gelegentlich kann Protheseninhalt aus dem Ballon austreten. Wenn eine mit Gel gef\u00fcllte Prothese verwendet wird, k\u00f6nnen diese in die Gewebezwischenr\u00e4ume austretenden Substanzen eine Massenbildung verursachen.<\/p>\n<p>Wenn Kochsalzl\u00f6sung verwendet wird, kann die in die Prothese eingef\u00fcllte Kochsalzl\u00f6sung aus der Prothese in die Gewebezwischenr\u00e4ume austreten. In diesem Fall wird das austretende Serum schnell vom Gewebe aufgenommen, ohne den K\u00f6rper zu sch\u00e4digen. Tats\u00e4chlich ist diese Substanz, die intraven\u00f6s verabreicht und f\u00fcr andere Behandlungszwecke verwendet werden kann, nicht sch\u00e4dlich.<\/p>\n<p>Prothesenrisse kommen sehr selten vor. \u00c4hnlich wie bei Verkehrsunf\u00e4llen kann es zu Einwirken eines Druckes oder zu einschneidende Verletzungen kommen.In solchen einem Fall ist der Inhalt der Prothese wichtig. Ist sie mit einer Kochsalzl\u00f6sung aufgf\u00fcllt, gibt es nichts zu bef\u00fcrchten.<\/p>\n<p>Entwickelt sich in einer Brust mit einer Brustprothese aus Silikon Krebs (das Krebsrisiko ist gleich wie bei Br\u00fcsten ohne Prothese), werden Operationen und andere Formen der Krebsbehandlung normgerecht durchgef\u00fchrt. Es wird empfohlen, dass Sie Ihre Kontrollmammographien in Zentren durchf\u00fchren lassen, die Erfahrung in der Untersuchung von Br\u00fcsten mit Prothesen haben.<\/p>\n<p>Bevor Sie sich f\u00fcr eine Brustvergr\u00f6\u00dferungsoperation entscheiden, sollten Sie Ihren Arzt klar \u00fcber den Defekt, der Sie st\u00f6rt, und Ihre Erwartungen an die Operation informieren. Sie sollten die zu w\u00e4hlende Prothese, den Schnitt, an dem die Prothese platziert wird, die Art der An\u00e4sthesie und die fr\u00fchen und sp\u00e4ten Folgen der Operation besprechen.<\/p>\n<h2><span class=\"ez-toc-section\" id=\"Was_ist_vor_der_Operation_zu_beachten\"><\/span><strong> Was ist vor<\/strong> der<strong> Operation zu beachten?<\/strong><span class=\"ez-toc-section-end\"><\/span><\/h2>\n<p>Vor der Operation wird das Brustgewebe bei Patienten, denen eine Prothese eingesetzt wird, durch radiologische Untersuchungen, die Mammographie genannt werden, und, falls erforderlich, durch Ultraschall untersucht.<\/p>\n<h2><span class=\"ez-toc-section\" id=\"Gibt_es_Risiken_bei_einer_Brustvergroesserung\"><\/span><strong> Gibt es<\/strong> Risiken<strong> bei einer Brustvergr\u00f6\u00dferung?<\/strong><span class=\"ez-toc-section-end\"><\/span><\/h2>\n<p>Jede Operation hat allgemeine oder einzigartige Risiken. \u00d6deme und Schmerzen im Brustbereich sind die postoperativen Beschwerden. Blutungen und Infektionen aufgrund von Operationen sind seltene Erkrankungen. Einige Patienten klagen nach der Operation \u00fcber eine erh\u00f6hte oder verminderte Empfindlichkeit der Brustwarzen oder ein Taubheitsgef\u00fchl um den Einschnitt herum. Dies ist normalerweise vor\u00fcbergehend.<\/p>\n<h2><span class=\"ez-toc-section\" id=\"Was_ist_die_Art_der_Anaesthesie_Wie_lange_dauert_die_Operation\"><\/span><strong> Was ist die Art der<\/strong> An\u00e4sthesie?<strong> Wie lange dauert die Operation?<\/strong><span class=\"ez-toc-section-end\"><\/span><\/h2>\n<p>Die Operation wird unter Vollnarkose unter Krankenhausbedingungen im Operationssaal durchgef\u00fchrt. 1-1. Es dauert 5 Stunden.<\/p>\n<h2><span class=\"ez-toc-section\" id=\"Was_ist_nach_der_OP\"><\/span><strong> W<\/strong><strong>as ist<\/strong> nach<strong> der OP?<\/strong><span class=\"ez-toc-section-end\"><\/span><\/h2>\n<p>Die Operation hinterl\u00e4sst eine Narbe an der Schnittstelle, von wo die Prothese eingesetzt wurde. Das kann in der Unterbrustfalte, der Achselh\u00f6hle oder dem Brustwarzenrand sein. Wo auch immer der Schnitt gemacht wurde, er wird eine feine Spur hinterlassen. Zun\u00e4chst wird man diese Narbe deutlich erkennen, aber mit der Zeit wird sie nicht mehr so auffallen. Die Prothese kann hinter dem Brustgewebe oder hinter dem Brustmuskel platziert werden. Jede Anwendung hat Vor- und Nachteile. Auch dieses Detail sollte vor der Operation besprochen werden.<\/p>\n<h2><span class=\"ez-toc-section\" id=\"Was_wird_nach_der_Operation_gemacht\"><\/span><strong> Was wird<\/strong> nach<strong> der Operation gemacht?<\/strong><span class=\"ez-toc-section-end\"><\/span><\/h2>\n<p>Nach der Operation treten normalerweise keine gro\u00dfen Schmerzen auf. Die Schmerzen sind minimal. Wenn die Prothese hinter dem Brustmuskel platziert wird, kann es f\u00fcr einige Tage zu einer Einschr\u00e4nkung der Armbewegungen kommen. Der Patient tr\u00e4gt f\u00fcr 6 Wochen einen Sport-BH und es wird eine Massage empfohlen. In der Fr\u00fchphase kann es zu Schwellungen kommen. Es kann zu einem Taubheitsgef\u00fchl an der Brustwarze und zu einer violetten Verf\u00e4rbung der Haut kommen. Beide verschwinden nach kurzer Zeit von selbst. Der Patient kann nach 3-4 Tagen wieder arbeiten. Es wird empfohlen, sich 3 Monate lang keinen schweren Sport zu machen.<\/p>\n","protected":false},"excerpt":{"rendered":"<p>Br\u00fcste sind \u00e4u\u00dferst wichtige Organe f\u00fcr das \u00e4sthetische Erscheinungsbild des weiblichen K\u00f6rpers. Br\u00fcste k\u00f6nnen aus verschiedenen strukturellen Gr\u00fcnden klein sein. Eine Brust kann kleiner sein als die andere, oder auch asymmetrisch. Manchmal gibt es von Geburt an keine Br\u00fcste. Heutzutage gibt es au\u00dfer Silikonprothesen keine andere M\u00f6glichkeit, eine Brust anzugleichen oder ihr Volumen zu vergr\u00f6\u00dfern. [&hellip;]<\/p>\n","protected":false},"author":1,"featured_media":0,"parent":0,"menu_order":0,"comment_status":"closed","ping_status":"closed","template":"","meta":{"footnotes":""},"class_list":["post-8781","page","type-page","status-publish","hentry"],"yoast_head":"<!-- This site is optimized with the Yoast SEO plugin v19.4 - https:\/\/yoast.com\/wordpress\/plugins\/seo\/ -->\n<title>Brustvergr\u00f6\u00dferung - Ayfa Clinic<\/title>\n<meta name=\"robots\" content=\"index, follow, max-snippet:-1, max-image-preview:large, max-video-preview:-1\" \/>\n<link rel=\"canonical\" href=\"https:\/\/www.ayfaclinic.com\/de\/brustvergroserung\/\" \/>\n<meta property=\"og:locale\" content=\"de_DE\" \/>\n<meta property=\"og:type\" content=\"article\" \/>\n<meta property=\"og:title\" content=\"Brustvergr\u00f6\u00dferung - Ayfa Clinic\" \/>\n<meta property=\"og:description\" content=\"Br\u00fcste sind \u00e4u\u00dferst wichtige Organe f\u00fcr das \u00e4sthetische Erscheinungsbild des weiblichen K\u00f6rpers. Br\u00fcste k\u00f6nnen aus verschiedenen strukturellen Gr\u00fcnden klein sein. Eine Brust kann kleiner sein als die andere, oder auch asymmetrisch. Manchmal gibt es von Geburt an keine Br\u00fcste. Heutzutage gibt es au\u00dfer Silikonprothesen keine andere M\u00f6glichkeit, eine Brust anzugleichen oder ihr Volumen zu vergr\u00f6\u00dfern. [&hellip;]\" \/>\n<meta property=\"og:url\" content=\"https:\/\/www.ayfaclinic.com\/de\/brustvergroserung\/\" \/>\n<meta property=\"og:site_name\" content=\"Ayfa Clinic Deutsch\" \/>\n<meta name=\"twitter:card\" content=\"summary_large_image\" \/>\n<meta name=\"twitter:label1\" content=\"Gesch\u00e4tzte Lesezeit\" \/>\n\t<meta name=\"twitter:data1\" content=\"6\u00a0Minuten\" \/>\n<script type=\"application\/ld+json\" class=\"yoast-schema-graph\">{\"@context\":\"https:\/\/schema.org\",\"@graph\":[{\"@type\":\"WebSite\",\"@id\":\"https:\/\/www.ayfaclinic.com\/de\/#website\",\"url\":\"https:\/\/www.ayfaclinic.com\/de\/\",\"name\":\"Ayfa Clinic Deutsch\",\"description\":\"Ayfa Clinic - Health Starts Here\",\"potentialAction\":[{\"@type\":\"SearchAction\",\"target\":{\"@type\":\"EntryPoint\",\"urlTemplate\":\"https:\/\/www.ayfaclinic.com\/de\/?s={search_term_string}\"},\"query-input\":\"required name=search_term_string\"}],\"inLanguage\":\"de\"},{\"@type\":\"WebPage\",\"@id\":\"https:\/\/www.ayfaclinic.com\/de\/brustvergroserung\/\",\"url\":\"https:\/\/www.ayfaclinic.com\/de\/brustvergroserung\/\",\"name\":\"Brustvergr\u00f6\u00dferung - Ayfa Clinic\",\"isPartOf\":{\"@id\":\"https:\/\/www.ayfaclinic.com\/de\/#website\"},\"datePublished\":\"2022-08-22T12:09:14+00:00\",\"dateModified\":\"2022-08-22T12:09:14+00:00\",\"breadcrumb\":{\"@id\":\"https:\/\/www.ayfaclinic.com\/de\/brustvergroserung\/#breadcrumb\"},\"inLanguage\":\"de\",\"potentialAction\":[{\"@type\":\"ReadAction\",\"target\":[\"https:\/\/www.ayfaclinic.com\/de\/brustvergroserung\/\"]}]},{\"@type\":\"BreadcrumbList\",\"@id\":\"https:\/\/www.ayfaclinic.com\/de\/brustvergroserung\/#breadcrumb\",\"itemListElement\":[{\"@type\":\"ListItem\",\"position\":1,\"name\":\"Anasayfa\",\"item\":\"https:\/\/www.ayfaclinic.com\/de\/\"},{\"@type\":\"ListItem\",\"position\":2,\"name\":\"Brustvergr\u00f6\u00dferung\"}]}]}<\/script>\n<!-- \/ Yoast SEO plugin. -->","yoast_head_json":{"title":"Brustvergr\u00f6\u00dferung - Ayfa Clinic","robots":{"index":"index","follow":"follow","max-snippet":"max-snippet:-1","max-image-preview":"max-image-preview:large","max-video-preview":"max-video-preview:-1"},"canonical":"https:\/\/www.ayfaclinic.com\/de\/brustvergroserung\/","og_locale":"de_DE","og_type":"article","og_title":"Brustvergr\u00f6\u00dferung - Ayfa Clinic","og_description":"Br\u00fcste sind \u00e4u\u00dferst wichtige Organe f\u00fcr das \u00e4sthetische Erscheinungsbild des weiblichen K\u00f6rpers. Br\u00fcste k\u00f6nnen aus verschiedenen strukturellen Gr\u00fcnden klein sein. Eine Brust kann kleiner sein als die andere, oder auch asymmetrisch. Manchmal gibt es von Geburt an keine Br\u00fcste. Heutzutage gibt es au\u00dfer Silikonprothesen keine andere M\u00f6glichkeit, eine Brust anzugleichen oder ihr Volumen zu vergr\u00f6\u00dfern. [&hellip;]","og_url":"https:\/\/www.ayfaclinic.com\/de\/brustvergroserung\/","og_site_name":"Ayfa Clinic Deutsch","twitter_card":"summary_large_image","twitter_misc":{"Gesch\u00e4tzte Lesezeit":"6\u00a0Minuten"},"schema":{"@context":"https:\/\/schema.org","@graph":[{"@type":"WebSite","@id":"https:\/\/www.ayfaclinic.com\/de\/#website","url":"https:\/\/www.ayfaclinic.com\/de\/","name":"Ayfa Clinic Deutsch","description":"Ayfa Clinic - Health Starts Here","potentialAction":[{"@type":"SearchAction","target":{"@type":"EntryPoint","urlTemplate":"https:\/\/www.ayfaclinic.com\/de\/?s={search_term_string}"},"query-input":"required name=search_term_string"}],"inLanguage":"de"},{"@type":"WebPage","@id":"https:\/\/www.ayfaclinic.com\/de\/brustvergroserung\/","url":"https:\/\/www.ayfaclinic.com\/de\/brustvergroserung\/","name":"Brustvergr\u00f6\u00dferung - Ayfa Clinic","isPartOf":{"@id":"https:\/\/www.ayfaclinic.com\/de\/#website"},"datePublished":"2022-08-22T12:09:14+00:00","dateModified":"2022-08-22T12:09:14+00:00","breadcrumb":{"@id":"https:\/\/www.ayfaclinic.com\/de\/brustvergroserung\/#breadcrumb"},"inLanguage":"de","potentialAction":[{"@type":"ReadAction","target":["https:\/\/www.ayfaclinic.com\/de\/brustvergroserung\/"]}]},{"@type":"BreadcrumbList","@id":"https:\/\/www.ayfaclinic.com\/de\/brustvergroserung\/#breadcrumb","itemListElement":[{"@type":"ListItem","position":1,"name":"Anasayfa","item":"https:\/\/www.ayfaclinic.com\/de\/"},{"@type":"ListItem","position":2,"name":"Brustvergr\u00f6\u00dferung"}]}]}},"_links":{"self":[{"href":"https:\/\/www.ayfaclinic.com\/de\/wp-json\/wp\/v2\/pages\/8781","targetHints":{"allow":["GET"]}}],"collection":[{"href":"https:\/\/www.ayfaclinic.com\/de\/wp-json\/wp\/v2\/pages"}],"about":[{"href":"https:\/\/www.ayfaclinic.com\/de\/wp-json\/wp\/v2\/types\/page"}],"author":[{"embeddable":true,"href":"https:\/\/www.ayfaclinic.com\/de\/wp-json\/wp\/v2\/users\/1"}],"replies":[{"embeddable":true,"href":"https:\/\/www.ayfaclinic.com\/de\/wp-json\/wp\/v2\/comments?post=8781"}],"version-history":[{"count":1,"href":"https:\/\/www.ayfaclinic.com\/de\/wp-json\/wp\/v2\/pages\/8781\/revisions"}],"predecessor-version":[{"id":8782,"href":"https:\/\/www.ayfaclinic.com\/de\/wp-json\/wp\/v2\/pages\/8781\/revisions\/8782"}],"wp:attachment":[{"href":"https:\/\/www.ayfaclinic.com\/de\/wp-json\/wp\/v2\/media?parent=8781"}],"curies":[{"name":"wp","href":"https:\/\/api.w.org\/{rel}","templated":true}]}}