{"id":8779,"date":"2022-08-22T12:08:21","date_gmt":"2022-08-22T12:08:21","guid":{"rendered":"https:\/\/www.ayfaclinic.com\/de\/?page_id=8779"},"modified":"2022-08-22T12:08:21","modified_gmt":"2022-08-22T12:08:21","slug":"liposuction","status":"publish","type":"page","link":"https:\/\/www.ayfaclinic.com\/de\/liposuction\/","title":{"rendered":"Liposuction"},"content":{"rendered":"<p>Menschen die nicht an Fettleibigkeit leiden, allerdings an bestimmten Stellen des K\u00f6rpers Fettpolster haben, die sie durch Sport oder Di\u00e4ten nicht abbauen konnten, k\u00f6nnen eine Fettabsaugung in Erw\u00e4gung ziehen. Denn gerade bei diesen Patienten wird diese chirurgische Methode sehr oft angewandt. So erlangt der K\u00f6rper eine bessere Form. Liposuction, die im Volksmund allgemein als Fettabsaugung bezeichnet wird, ist eine der am h\u00e4ufigsten angewandten \u00e4sthetischen Operationen der letzten Jahre. Diese Anwendung wird besonders an Stellen angewendet, an denen hartn\u00e4ckige Fettansammlungen zu sehen sind, wie H\u00fcfte, Bauch, Taille, Knie.<\/p>\n<p>Liposuction wird im Allgemeinen durch Absaugen und Entfernen des Fettgewebes, das durch verschiedene Methoden fl\u00fcssiger gemacht wird, durch 1-2 mm Einschnitte unter Verwendung d\u00fcnner und langer Kan\u00fclen mit einem Durchmesser von 2-3 mm durchgef\u00fchrt.<\/p>\n<div id=\"ez-toc-container\" class=\"ez-toc-v2_0_29 counter-hierarchy counter-decimal ez-toc-grey\">\n<div class=\"ez-toc-title-container\">\n<p class=\"ez-toc-title\">Inhalt<\/p>\n<span class=\"ez-toc-title-toggle\"><a href=\"#\" class=\"ez-toc-pull-right ez-toc-btn ez-toc-btn-xs ez-toc-btn-default ez-toc-toggle\" style=\"display: none;\"><label for=\"item\" aria-label=\"Table of Content\"><i class=\"ez-toc-glyphicon ez-toc-icon-toggle\"><\/i><\/label><input type=\"checkbox\" id=\"item\"><\/a><\/span><\/div>\n<nav><ul class=\"ez-toc-list ez-toc-list-level-1\"><li class=\"ez-toc-page-1 ez-toc-heading-level-2\"><a class=\"ez-toc-link ez-toc-heading-1\" href=\"https:\/\/www.ayfaclinic.com\/de\/liposuction\/#Wer_sind_die_geeignete_Kandidaten_fuer_eine_Fettabsaugung\" title=\"Wer sind die geeignete Kandidaten f\u00fcr eine Fettabsaugung?\">Wer sind die geeignete Kandidaten f\u00fcr eine Fettabsaugung?<\/a><\/li><li class=\"ez-toc-page-1 ez-toc-heading-level-2\"><a class=\"ez-toc-link ez-toc-heading-2\" href=\"https:\/\/www.ayfaclinic.com\/de\/liposuction\/#Warum_ist_das_erste_Treffen_wichtig\" title=\"Warum ist das erste Treffen wichtig?\">Warum ist das erste Treffen wichtig?<\/a><\/li><li class=\"ez-toc-page-1 ez-toc-heading-level-2\"><a class=\"ez-toc-link ez-toc-heading-3\" href=\"https:\/\/www.ayfaclinic.com\/de\/liposuction\/#Wie_ist_die_Vorbereitung_auf_die_Operation_vor_der_Operation\" title=\"Wie ist die Vorbereitung auf die Operation vor der Operation?\">Wie ist die Vorbereitung auf die Operation vor der Operation?<\/a><\/li><li class=\"ez-toc-page-1 ez-toc-heading-level-2\"><a class=\"ez-toc-link ez-toc-heading-4\" href=\"https:\/\/www.ayfaclinic.com\/de\/liposuction\/#Wie_ist_der_Ablauf_Wie_lange_wird_die_OP_dauern\" title=\"Wie ist der Ablauf? Wie lange wird die OP dauern?\">Wie ist der Ablauf? Wie lange wird die OP dauern?<\/a><\/li><li class=\"ez-toc-page-1 ez-toc-heading-level-2\"><a class=\"ez-toc-link ez-toc-heading-5\" href=\"https:\/\/www.ayfaclinic.com\/de\/liposuction\/#Welche_Art_der_Fettabsaugung_sollte_bevorzugt_werden\" title=\"Welche Art der Fettabsaugung sollte bevorzugt werden?\">Welche Art der Fettabsaugung sollte bevorzugt werden?<\/a><\/li><li class=\"ez-toc-page-1 ez-toc-heading-level-2\"><a class=\"ez-toc-link ez-toc-heading-6\" href=\"https:\/\/www.ayfaclinic.com\/de\/liposuction\/#Kann_man_Cellulite_mit_einer_Fettabsaugung_behandeln\" title=\"Kann man Cellulite mit einer Fettabsaugung behandeln?\">Kann man Cellulite mit einer Fettabsaugung behandeln?<\/a><\/li><li class=\"ez-toc-page-1 ez-toc-heading-level-2\"><a class=\"ez-toc-link ez-toc-heading-7\" href=\"https:\/\/www.ayfaclinic.com\/de\/liposuction\/#Wie_wird_die_Liosuktion_am_Bauch_angewendet\" title=\"Wie wird die Liosuktion am Bauch angewendet?\">Wie wird die Liosuktion am Bauch angewendet?<\/a><\/li><li class=\"ez-toc-page-1 ez-toc-heading-level-2\"><a class=\"ez-toc-link ez-toc-heading-8\" href=\"https:\/\/www.ayfaclinic.com\/de\/liposuction\/#Was_ist_waehrend_der_Erholungsphase_zu_beachten\" title=\"Was ist w\u00e4hrend der Erholungsphase zu beachten?\">Was ist w\u00e4hrend der Erholungsphase zu beachten?<\/a><\/li><li class=\"ez-toc-page-1 ez-toc-heading-level-2\"><a class=\"ez-toc-link ez-toc-heading-9\" href=\"https:\/\/www.ayfaclinic.com\/de\/liposuction\/#Kann_der_Heilungsprozess_beschleunigt_werden\" title=\"Kann der Heilungsprozess beschleunigt werden?\">Kann der Heilungsprozess beschleunigt werden?<\/a><\/li><li class=\"ez-toc-page-1 ez-toc-heading-level-2\"><a class=\"ez-toc-link ez-toc-heading-10\" href=\"https:\/\/www.ayfaclinic.com\/de\/liposuction\/#Moegliche_Risiken_und_Komplikationen\" title=\"M\u00f6gliche Risiken und Komplikationen\">M\u00f6gliche Risiken und Komplikationen<\/a><\/li><\/ul><\/nav><\/div>\n<h2><span class=\"ez-toc-section\" id=\"Wer_sind_die_geeignete_Kandidaten_fuer_eine_Fettabsaugung\"><\/span>Wer sind die geeignete Kandidaten f\u00fcr eine Fettabsaugung?<span class=\"ez-toc-section-end\"><\/span><\/h2>\n<ul>\n<li>Personen, deren Gewicht nahe am normalen K\u00f6rpergewicht liegt<\/li>\n<li>Diejenigen, die Fettablagerungen in Bereichen entfernen m\u00f6chten, die gegen Di\u00e4t und Bewegung resistent sind, wie Bauch, Taille, innere und \u00e4u\u00dfere Oberschenkel, Arme, Knie und Nacken<\/li>\n<li>Diejenigen, deren Gewicht seit 6 Monaten oder l\u00e4nger stabil ist<\/li>\n<li>Personen mit gutem Hautton und Elastizit\u00e4t<\/li>\n<li>Diejenigen, die keine lockere und schlaffe Haut haben<\/li>\n<li>Diejenigen, die keine Risse in ihrer Haut haben<\/li>\n<li>Personen mit realistischen Erwartungen<\/li>\n<li>Diejenigen, die keine psychischen Probleme haben<\/li>\n<li>Personen, die sich der Risiken einer Operation bewusst sind<\/li>\n<\/ul>\n<p>Auch wenn Sie nur einige dieser Kriterien erf\u00fcllen, k\u00f6nnen Sie ein guter Kandidat f\u00fcr eine Fettabsaugung sein. Die Fettabsaugung ist sehr geeignet f\u00fcr diejenigen, die fast das normale K\u00f6rpergewicht haben und an isolierten Stellen \u00fcbersch\u00fcssiges Fett haben. Fettabsaugung ist keine Fettleibigkeitsbehandlung. Daher sollte die Methode nicht als Erzielung einer Gewichtsabnahme betrachtet werden. Wenn Ihr Hautton gut ist, wird das Ergebnis der Operation gut sein. Wenn Sie jedoch rissige und schlaffe Haut haben, kann eine Bauchdeckenstraffung oder eine Oberschenkelstraffung je nach Ort des Problems geeigneter sein. Die Krankenhausaufenthaltsdauer von Patienten, die mehr als f\u00fcnf Liter Fett haben sollen, wird ebenfalls verl\u00e4ngert.<\/p>\n<h2><span class=\"ez-toc-section\" id=\"Warum_ist_das_erste_Treffen_wichtig\"><\/span>Warum ist das erste Treffen wichtig?<span class=\"ez-toc-section-end\"><\/span><\/h2>\n<p>Beim ersten Treffen wird Ihr Arzt Sie fragen, welche Art von Verbesserung Sie sich w\u00fcnschen. Machen Sie sich klar, was Sie wollen. Wenn Ihr Chirurg Ihre Erwartungen vollst\u00e4ndig versteht, wird er besser sagen, ob Ihre Anfrage realistisch ist.<\/p>\n<p>Wenn Sie an einer der Erkrankungen wie Diabetes, Durchblutungsst\u00f6rungen, Herz-, Lungen- oder Lebererkrankungen, Rauchgewohnheit, Embolie in der Familienanamnese oder Einnahme bestimmter Medikamente leiden, erh\u00f6ht sich das Risiko f\u00fcr Komplikationen.<\/p>\n<h2><span class=\"ez-toc-section\" id=\"Wie_ist_die_Vorbereitung_auf_die_Operation_vor_der_Operation\"><\/span>Wie ist die Vorbereitung auf die Operation vor der Operation?<span class=\"ez-toc-section-end\"><\/span><\/h2>\n<ul>\n<li>H\u00f6ren Sie mindestens zwei Wochen vor der Operation mit dem Rauchen auf. Rauchen erh\u00f6ht das Risiko von Komplikationen erheblich.<\/li>\n<li>Fragen Sie Ihren Arzt nach einem Informationsblatt.<\/li>\n<li>Sorgen Sie f\u00fcr jemanden, der Sie beim postoperativen Transport unterst\u00fctzt.<\/li>\n<li>Organisieren Sie jemanden, der Sie in den ersten 24-72 Stunden nach der Operation unterst\u00fctzt.<\/li>\n<li>Bereiten Sie zu Hause eine angenehme Umgebung vor (z. B. Kissen, B\u00fccher, Zeitschriften, Fernseher, Fernbedienung)<\/li>\n<li>Bereiten Sie in Absprache mit Ihrem Arzt natriumarme Kost zu, um postoperative \u00d6deme nicht zu verst\u00e4rken.<\/li>\n<li>Tragen Sie am Tag der Operation bequeme, leicht auszuziehende, vorne gekn\u00f6pfte Kleidung.<\/li>\n<\/ul>\n<h2><span class=\"ez-toc-section\" id=\"Wie_ist_der_Ablauf_Wie_lange_wird_die_OP_dauern\"><\/span>Wie ist der Ablauf? Wie lange wird die OP dauern?<span class=\"ez-toc-section-end\"><\/span><\/h2>\n<p>An\u00e4sthesie: Allgemeine oder Sedierung<\/p>\n<p>Lokalisierung: Krankenhaus, Operationssaal. Wenn eine hochvolumige Fettabsaugung (\u00fcber 5 Liter) durchgef\u00fchrt wurde, w\u00e4re es angebracht, diese Nacht im Krankenhaus zu bleiben.<\/p>\n<h2><span class=\"ez-toc-section\" id=\"Welche_Art_der_Fettabsaugung_sollte_bevorzugt_werden\"><\/span>Welche Art der Fettabsaugung sollte bevorzugt werden?<span class=\"ez-toc-section-end\"><\/span><\/h2>\n<p>Standard-Fettabsaugung: Sie kann auf verschiedene Arten benannt werden, wie z. B. Fettabsaugung, Lipoplastik, Liposkulptur, Liposkulptur und saugassistierte Lipoplastik. Es ist eine Methode, die seit 1982 verwendet wird. Zun\u00e4chst wird das Fettgewebe mit der vorbereiteten Tumeszenzfl\u00fcssigkeit (Serum, Adrenalin etc.) gef\u00fcllt. Dann wird das Fett mit langen d\u00fcnnen Kan\u00fclen abgesaugt. F\u00fcr den Aspirationsvorgang werden mehrere kleine Einschnitte vorgenommen, die in den nat\u00fcrlichen K\u00f6rperlinien verborgen werden k\u00f6nnen. Die Tumeszenztechnik reduziert den Blutverlust. Sie kann unter Vollnarkose oder \u00f6rtlicher Bet\u00e4ubung mit intraven\u00f6ser Sedierung durchgef\u00fchrt werden.<\/p>\n<p>Fettabsaugung mit Ultraschall (VASER-Liposuktion): Der Prozess beginnt mit dem Auff\u00fcllen des Fettgewebes mit Tumeszenzfl\u00fcssigkeit. Anschlie\u00dfend wird das Fett mit hochfrequenter Ultraschallenergie fl\u00fcssiger und resorbierbar gemacht VASER-assistierte Fettabsaugung: Die intermittierende oder kontinuierliche Ultraschallenergie verfl\u00fcssigt das Fettgewebe. Bei der Ultraschall-Liposuktion ist der Blutverlust geringer und Fett kann leichter an schwierigen Stellen abgesaugt werden. Komplikationen wie Hautverbrennungen, \u00d6deme und Serome sind jedoch h\u00e4ufiger als bei der Tumeszenz-Liposuktion.<\/p>\n<h2><span class=\"ez-toc-section\" id=\"Kann_man_Cellulite_mit_einer_Fettabsaugung_behandeln\"><\/span>Kann man Cellulite mit einer Fettabsaugung behandeln?<span class=\"ez-toc-section-end\"><\/span><\/h2>\n<p>Eine Fettabsaugung behebt Cellulite nicht, kann sie aber verschlimmern. Weil Cellulite mit oberfl\u00e4chlichem Fettgewebe zusammenh\u00e4ngt. Bei der Fettabsaugung wird tiefes Fettgewebe abgesaugt.<\/p>\n<h2><span class=\"ez-toc-section\" id=\"Wie_wird_die_Liosuktion_am_Bauch_angewendet\"><\/span>Wie wird die Liosuktion am Bauch angewendet?<span class=\"ez-toc-section-end\"><\/span><\/h2>\n<p>Das Fehlen von \u00fcbersch\u00fcssigem Fettgewebe und Risse im Bauch sowie ein guter Hautton weisen darauf hin, dass die Person ein guter Kandidat f\u00fcr eine Fettabsaugung ist. Bei Lockerungen, Erschlaffungen und Rissen in der Haut ist eine Bauchdeckenstraffung erforderlich.<\/p>\n<h2><span class=\"ez-toc-section\" id=\"Was_ist_waehrend_der_Erholungsphase_zu_beachten\"><\/span>Was ist w\u00e4hrend der Erholungsphase zu beachten?<span class=\"ez-toc-section-end\"><\/span><\/h2>\n<p>Schmerzniveau: Es variiert je nach Eingriff, es k\u00f6nnen 3-14 Tage Schmerzbehandlung erforderlich sein.<\/p>\n<p>\u00d6dem: Kann 2 Wochen bis 2 Monate oder l\u00e4nger andauern. Ein Korsett sollte 3-4 Wochen nach der Operation getragen werden.<\/p>\n<p>Bluterg\u00fcsse: K\u00f6nnen 2 Tage bis 2 Wochen andauern.<\/p>\n<p>Taubheit: Kann mehrere Monate anhalten.<\/p>\n<p>Wunde: Verband alle 1-2 Tagen wechseln. Die F\u00e4den werden am Ende der ersten Woche entfernt.<\/p>\n<p>Arbeit: Kann in 1-3 Wochen begonnen werden.<\/p>\n<p>Sport: Man kann nach 2-4 Wochen wieder mit Sport beginnen (au\u00dfer laufen).<\/p>\n<p>Ergebnis: Erscheint in 1-6 Monaten.<\/p>\n<h2><span class=\"ez-toc-section\" id=\"Kann_der_Heilungsprozess_beschleunigt_werden\"><\/span>Kann der Heilungsprozess beschleunigt werden?<span class=\"ez-toc-section-end\"><\/span><\/h2>\n<ul>\n<li>Es sollte ausreichend Fl\u00fcssigkeit zu sich genommen werden, um einer Dehydrierung vorzubeugen.<\/li>\n<li>Alkohol sollte 48 Stunden vor und nach der Operation vermieden werden.<\/li>\n<li>Kompressionskleidung sollte f\u00fcr die empfohlene Dauer getragen werden.<\/li>\n<li>Um das Infektionsrisiko zu verringern, mindestens 7 Tage Sprudelbad, Whirlpool, Sauna, Schwimmbad verzichten.<\/li>\n<li>Um der Gefahr einer Ohnmacht zu Hause vorzubeugen, sollte man nach dem Toilettengang langsam aufstehen, die Kompressionsw\u00e4sche langsam ausziehen, beim ersten Bad Hilfe holen und sich bei Schwindel sofort hinsetzen.<\/li>\n<li>Die neue K\u00f6rperform zeigt sich nach einigen Wochen, genauso lange dauert es, bis das \u00d6dem vollst\u00e4ndig verschwunden ist. Eine starke Gewichtszu bzw. Abnahme kann nach einer Fettabsaugung zu Unregelm\u00e4\u00dfigkeiten der Hautoberfl\u00e4che f\u00fchren.<\/li>\n<li>Erwachsene Menschen verf\u00fcgen \u00fcber eine bestimmte Anzahl an Fettzellen, wovon einige w\u00e4hrend der Fettabsaugung entfernt werden. Kommt es nach der Operation zu einer Gewichtszunahme, schwellen die verbliebenen Fettzellen wieder an.<\/li>\n<\/ul>\n<h2><span class=\"ez-toc-section\" id=\"Moegliche_Risiken_und_Komplikationen\"><\/span>M\u00f6gliche Risiken und Komplikationen<span class=\"ez-toc-section-end\"><\/span><\/h2>\n<ul>\n<li>Abnormale K\u00f6rperkontur<\/li>\n<li>An\u00e4sthesiereaktion<\/li>\n<li>Blutungen, Hautunregelm\u00e4\u00dfigkeiten, Hautnekrose, H\u00e4matom, Serom (Fl\u00fcssigkeitsansammlung unter der Haut)<\/li>\n<li>Brennen<\/li>\n<li>Farb\u00e4nderungen<\/li>\n<li>Embolie (tiefe Venenthrombose), Fettembolie (weniger als 0,1 %)<\/li>\n<li>Infektion<\/li>\n<li>Darmperforation<\/li>\n<li>Anhaltende Taubheit (weniger als 1 %)<\/li>\n<li>Depressionen, Gr\u00fcbchen, Hautfalten, H\u00e4matome<\/li>\n<\/ul>\n<p>Sichtbare Narbe, Keloid<\/p>\n<p>Operationsnarben sind dauerhaft. Bei der Fettabsaugung werden pro Region durchschnittlich zwei kleine Schnitte vorgenommen.<\/p>\n<p>Die Schnitte werden normalerweise in nat\u00fcrlichen Hautfalten platziert. Oder es ist in Bereichen wie zwischen den Schamhaaren und dem Nabel versteckt. Bei sehr genauem Hinsehen sind sie jedoch zu erkennen. Damit Narben nur minimal sichtbar sind, sollten sie massiert und vor der Sonne gesch\u00fctzt werden.<\/p>\n","protected":false},"excerpt":{"rendered":"<p>Menschen die nicht an Fettleibigkeit leiden, allerdings an bestimmten Stellen des K\u00f6rpers Fettpolster haben, die sie durch Sport oder Di\u00e4ten nicht abbauen konnten, k\u00f6nnen eine Fettabsaugung in Erw\u00e4gung ziehen. Denn gerade bei diesen Patienten wird diese chirurgische Methode sehr oft angewandt. So erlangt der K\u00f6rper eine bessere Form. Liposuction, die im Volksmund allgemein als Fettabsaugung [&hellip;]<\/p>\n","protected":false},"author":1,"featured_media":0,"parent":0,"menu_order":0,"comment_status":"closed","ping_status":"closed","template":"","meta":{"footnotes":""},"class_list":["post-8779","page","type-page","status-publish","hentry"],"yoast_head":"<!-- This site is optimized with the Yoast SEO plugin v19.4 - https:\/\/yoast.com\/wordpress\/plugins\/seo\/ -->\n<title>Liposuction - Ayfa Clinic<\/title>\n<meta name=\"robots\" content=\"index, follow, max-snippet:-1, max-image-preview:large, max-video-preview:-1\" \/>\n<link rel=\"canonical\" href=\"https:\/\/www.ayfaclinic.com\/de\/liposuction\/\" \/>\n<meta property=\"og:locale\" content=\"de_DE\" \/>\n<meta property=\"og:type\" content=\"article\" \/>\n<meta property=\"og:title\" content=\"Liposuction - Ayfa Clinic\" \/>\n<meta property=\"og:description\" content=\"Menschen die nicht an Fettleibigkeit leiden, allerdings an bestimmten Stellen des K\u00f6rpers Fettpolster haben, die sie durch Sport oder Di\u00e4ten nicht abbauen konnten, k\u00f6nnen eine Fettabsaugung in Erw\u00e4gung ziehen. Denn gerade bei diesen Patienten wird diese chirurgische Methode sehr oft angewandt. So erlangt der K\u00f6rper eine bessere Form. Liposuction, die im Volksmund allgemein als Fettabsaugung [&hellip;]\" \/>\n<meta property=\"og:url\" content=\"https:\/\/www.ayfaclinic.com\/de\/liposuction\/\" \/>\n<meta property=\"og:site_name\" content=\"Ayfa Clinic Deutsch\" \/>\n<meta name=\"twitter:card\" content=\"summary_large_image\" \/>\n<meta name=\"twitter:label1\" content=\"Gesch\u00e4tzte Lesezeit\" \/>\n\t<meta name=\"twitter:data1\" content=\"7\u00a0Minuten\" \/>\n<script type=\"application\/ld+json\" class=\"yoast-schema-graph\">{\"@context\":\"https:\/\/schema.org\",\"@graph\":[{\"@type\":\"WebSite\",\"@id\":\"https:\/\/www.ayfaclinic.com\/de\/#website\",\"url\":\"https:\/\/www.ayfaclinic.com\/de\/\",\"name\":\"Ayfa Clinic Deutsch\",\"description\":\"Ayfa Clinic - Health Starts Here\",\"potentialAction\":[{\"@type\":\"SearchAction\",\"target\":{\"@type\":\"EntryPoint\",\"urlTemplate\":\"https:\/\/www.ayfaclinic.com\/de\/?s={search_term_string}\"},\"query-input\":\"required name=search_term_string\"}],\"inLanguage\":\"de\"},{\"@type\":\"WebPage\",\"@id\":\"https:\/\/www.ayfaclinic.com\/de\/liposuction\/\",\"url\":\"https:\/\/www.ayfaclinic.com\/de\/liposuction\/\",\"name\":\"Liposuction - Ayfa Clinic\",\"isPartOf\":{\"@id\":\"https:\/\/www.ayfaclinic.com\/de\/#website\"},\"datePublished\":\"2022-08-22T12:08:21+00:00\",\"dateModified\":\"2022-08-22T12:08:21+00:00\",\"breadcrumb\":{\"@id\":\"https:\/\/www.ayfaclinic.com\/de\/liposuction\/#breadcrumb\"},\"inLanguage\":\"de\",\"potentialAction\":[{\"@type\":\"ReadAction\",\"target\":[\"https:\/\/www.ayfaclinic.com\/de\/liposuction\/\"]}]},{\"@type\":\"BreadcrumbList\",\"@id\":\"https:\/\/www.ayfaclinic.com\/de\/liposuction\/#breadcrumb\",\"itemListElement\":[{\"@type\":\"ListItem\",\"position\":1,\"name\":\"Anasayfa\",\"item\":\"https:\/\/www.ayfaclinic.com\/de\/\"},{\"@type\":\"ListItem\",\"position\":2,\"name\":\"Liposuction\"}]}]}<\/script>\n<!-- \/ Yoast SEO plugin. -->","yoast_head_json":{"title":"Liposuction - Ayfa Clinic","robots":{"index":"index","follow":"follow","max-snippet":"max-snippet:-1","max-image-preview":"max-image-preview:large","max-video-preview":"max-video-preview:-1"},"canonical":"https:\/\/www.ayfaclinic.com\/de\/liposuction\/","og_locale":"de_DE","og_type":"article","og_title":"Liposuction - Ayfa Clinic","og_description":"Menschen die nicht an Fettleibigkeit leiden, allerdings an bestimmten Stellen des K\u00f6rpers Fettpolster haben, die sie durch Sport oder Di\u00e4ten nicht abbauen konnten, k\u00f6nnen eine Fettabsaugung in Erw\u00e4gung ziehen. Denn gerade bei diesen Patienten wird diese chirurgische Methode sehr oft angewandt. So erlangt der K\u00f6rper eine bessere Form. Liposuction, die im Volksmund allgemein als Fettabsaugung [&hellip;]","og_url":"https:\/\/www.ayfaclinic.com\/de\/liposuction\/","og_site_name":"Ayfa Clinic Deutsch","twitter_card":"summary_large_image","twitter_misc":{"Gesch\u00e4tzte Lesezeit":"7\u00a0Minuten"},"schema":{"@context":"https:\/\/schema.org","@graph":[{"@type":"WebSite","@id":"https:\/\/www.ayfaclinic.com\/de\/#website","url":"https:\/\/www.ayfaclinic.com\/de\/","name":"Ayfa Clinic Deutsch","description":"Ayfa Clinic - Health Starts Here","potentialAction":[{"@type":"SearchAction","target":{"@type":"EntryPoint","urlTemplate":"https:\/\/www.ayfaclinic.com\/de\/?s={search_term_string}"},"query-input":"required name=search_term_string"}],"inLanguage":"de"},{"@type":"WebPage","@id":"https:\/\/www.ayfaclinic.com\/de\/liposuction\/","url":"https:\/\/www.ayfaclinic.com\/de\/liposuction\/","name":"Liposuction - Ayfa Clinic","isPartOf":{"@id":"https:\/\/www.ayfaclinic.com\/de\/#website"},"datePublished":"2022-08-22T12:08:21+00:00","dateModified":"2022-08-22T12:08:21+00:00","breadcrumb":{"@id":"https:\/\/www.ayfaclinic.com\/de\/liposuction\/#breadcrumb"},"inLanguage":"de","potentialAction":[{"@type":"ReadAction","target":["https:\/\/www.ayfaclinic.com\/de\/liposuction\/"]}]},{"@type":"BreadcrumbList","@id":"https:\/\/www.ayfaclinic.com\/de\/liposuction\/#breadcrumb","itemListElement":[{"@type":"ListItem","position":1,"name":"Anasayfa","item":"https:\/\/www.ayfaclinic.com\/de\/"},{"@type":"ListItem","position":2,"name":"Liposuction"}]}]}},"_links":{"self":[{"href":"https:\/\/www.ayfaclinic.com\/de\/wp-json\/wp\/v2\/pages\/8779","targetHints":{"allow":["GET"]}}],"collection":[{"href":"https:\/\/www.ayfaclinic.com\/de\/wp-json\/wp\/v2\/pages"}],"about":[{"href":"https:\/\/www.ayfaclinic.com\/de\/wp-json\/wp\/v2\/types\/page"}],"author":[{"embeddable":true,"href":"https:\/\/www.ayfaclinic.com\/de\/wp-json\/wp\/v2\/users\/1"}],"replies":[{"embeddable":true,"href":"https:\/\/www.ayfaclinic.com\/de\/wp-json\/wp\/v2\/comments?post=8779"}],"version-history":[{"count":1,"href":"https:\/\/www.ayfaclinic.com\/de\/wp-json\/wp\/v2\/pages\/8779\/revisions"}],"predecessor-version":[{"id":8780,"href":"https:\/\/www.ayfaclinic.com\/de\/wp-json\/wp\/v2\/pages\/8779\/revisions\/8780"}],"wp:attachment":[{"href":"https:\/\/www.ayfaclinic.com\/de\/wp-json\/wp\/v2\/media?parent=8779"}],"curies":[{"name":"wp","href":"https:\/\/api.w.org\/{rel}","templated":true}]}}