{"id":8777,"date":"2022-08-22T12:07:18","date_gmt":"2022-08-22T12:07:18","guid":{"rendered":"https:\/\/www.ayfaclinic.com\/de\/?page_id=8777"},"modified":"2022-08-22T12:07:18","modified_gmt":"2022-08-22T12:07:18","slug":"operation-am-abstehenden-ohr","status":"publish","type":"page","link":"https:\/\/www.ayfaclinic.com\/de\/operation-am-abstehenden-ohr\/","title":{"rendered":"Operation am Abstehenden Ohr"},"content":{"rendered":"<p>Abstehende Ohren sind nicht nur in unserem Land eines der h\u00e4ufigsten \u00e4sthetischen Operationsgr\u00fcnde sondern auf der ganzen Welt. Grunds\u00e4tzlich beeinflusst dieses nicht die Funktionsf\u00e4higkeit des K\u00f6rpers und ist deshalb auch nicht als Krankheit einzuordnen. Trotzdem stellt es f\u00fcr viele ein gro\u00dfes Problem dar und wird in der \u00e4sthetischen Chirurgie oftmals durchgef\u00fchrt. Mit der Entwicklung der Medizin und der Leichtigkeit \u00e4sthetischer Operationen in den letzten Jahren k\u00f6nnen Probleme mit abstehenden Ohren leicht mit Hilfe moderner und einfacher Techniken behandelt werden. Abstehende Ohren sollten, wenn es psychische Probleme wie mangelndes Selbstvertrauen und geringes Selbstwertgef\u00fchl verursacht, mit einer Operation korrigiert werden, damit der Betroffene ein besseres Selbstwertgef\u00fchl und somit auch ein besseres soziales Leben f\u00fchren kann.<\/p>\n<div id=\"ez-toc-container\" class=\"ez-toc-v2_0_29 counter-hierarchy counter-decimal ez-toc-grey\">\n<div class=\"ez-toc-title-container\">\n<p class=\"ez-toc-title\">Inhalt<\/p>\n<span class=\"ez-toc-title-toggle\"><a href=\"#\" class=\"ez-toc-pull-right ez-toc-btn ez-toc-btn-xs ez-toc-btn-default ez-toc-toggle\" style=\"display: none;\"><label for=\"item\" aria-label=\"Table of Content\"><i class=\"ez-toc-glyphicon ez-toc-icon-toggle\"><\/i><\/label><input type=\"checkbox\" id=\"item\"><\/a><\/span><\/div>\n<nav><ul class=\"ez-toc-list ez-toc-list-level-1\"><li class=\"ez-toc-page-1 ez-toc-heading-level-2\"><a class=\"ez-toc-link ez-toc-heading-1\" href=\"https:\/\/www.ayfaclinic.com\/de\/operation-am-abstehenden-ohr\/#Was_ist_die_beste_Zeit_fuer_eine_plastische_Operationen_am_Ohr\" title=\"Was ist die beste Zeit f\u00fcr eine plastische Operationen am Ohr?\">Was ist die beste Zeit f\u00fcr eine plastische Operationen am Ohr?<\/a><\/li><li class=\"ez-toc-page-1 ez-toc-heading-level-2\"><a class=\"ez-toc-link ez-toc-heading-2\" href=\"https:\/\/www.ayfaclinic.com\/de\/operation-am-abstehenden-ohr\/#Worauf_wird_bei_dieser_Operation_geachtet\" title=\"Worauf wird bei dieser Operation geachtet?\">Worauf wird bei dieser Operation geachtet?<\/a><\/li><li class=\"ez-toc-page-1 ez-toc-heading-level-2\"><a class=\"ez-toc-link ez-toc-heading-3\" href=\"https:\/\/www.ayfaclinic.com\/de\/operation-am-abstehenden-ohr\/#Wie_wird_die_OP_durchgefuehrt\" title=\"Wie wird die OP durchgef\u00fchrt?\">Wie wird die OP durchgef\u00fchrt?<\/a><\/li><li class=\"ez-toc-page-1 ez-toc-heading-level-2\"><a class=\"ez-toc-link ez-toc-heading-4\" href=\"https:\/\/www.ayfaclinic.com\/de\/operation-am-abstehenden-ohr\/#Was_ist_die_Art_der_Anaesthesie_Wie_lange_dauert_die_Operation\" title=\"Was ist die Art der An\u00e4sthesie? Wie lange dauert die Operation?\">Was ist die Art der An\u00e4sthesie? Wie lange dauert die Operation?<\/a><\/li><li class=\"ez-toc-page-1 ez-toc-heading-level-2\"><a class=\"ez-toc-link ez-toc-heading-5\" href=\"https:\/\/www.ayfaclinic.com\/de\/operation-am-abstehenden-ohr\/#Was_wird_nach_der_Operation_gemacht\" title=\"Was wird nach der Operation gemacht?\">Was wird nach der Operation gemacht?<\/a><\/li><li class=\"ez-toc-page-1 ez-toc-heading-level-2\"><a class=\"ez-toc-link ez-toc-heading-6\" href=\"https:\/\/www.ayfaclinic.com\/de\/operation-am-abstehenden-ohr\/#Welche_Komplikationen_koennen_nach_einer_Ohroperation_auftreten\" title=\"Welche Komplikationen k\u00f6nnen nach einer Ohroperation auftreten?\">Welche Komplikationen k\u00f6nnen nach einer Ohroperation auftreten?<\/a><\/li><li class=\"ez-toc-page-1 ez-toc-heading-level-2\"><a class=\"ez-toc-link ez-toc-heading-7\" href=\"https:\/\/www.ayfaclinic.com\/de\/operation-am-abstehenden-ohr\/#Was_ist_nach_der_Operation_zu_beachten\" title=\"Was ist nach der Operation zu beachten?\">Was ist nach der Operation zu beachten?<\/a><\/li><\/ul><\/nav><\/div>\n<h2><span class=\"ez-toc-section\" id=\"Was_ist_die_beste_Zeit_fuer_eine_plastische_Operationen_am_Ohr\"><\/span>Was ist die beste Zeit f\u00fcr eine plastische Operationen am Ohr?<span class=\"ez-toc-section-end\"><\/span><\/h2>\n<p>\u00c4sthetische Operationen am Ohr werden im Alter von 5-6 Jahren durchgef\u00fchrt, weil die Ohrmuschel\u00a0 bis dahin ihre Entwicklung weitgehend abgeschlossen hat. Wenn die OP zur richtigen Zeit durchgef\u00fchrt wird, werden Kinder kein soziales Trauma erleiden. Ein weiterer Vorteil diese OP im Kindesalter durchzuf\u00fchren ist das weiche und flexible Ohrenknorpel, welches sich leichter und dauerhafter formen l\u00e4\u00dft.<\/p>\n<h2><span class=\"ez-toc-section\" id=\"Worauf_wird_bei_dieser_Operation_geachtet\"><\/span>Worauf wird bei dieser Operation geachtet?<span class=\"ez-toc-section-end\"><\/span><\/h2>\n<p>Ein sch\u00f6nes Ohr sollte auch ein nat\u00fcrlich aussehendes Ohr bedeuten. Ohrfalten sollten weich sein und mit ihrer Umgebung harmonieren. Von vorne betrachtet sollte die \u00e4u\u00dferste Ohrfalte von vorne zu sehen sein. Die Projektion des Ohrs in Relation zum Kopf sollte in jeder Hinsicht harmonisch sein.<\/p>\n<h2><span class=\"ez-toc-section\" id=\"Wie_wird_die_OP_durchgefuehrt\"><\/span>Wie wird die OP durchgef\u00fchrt?<span class=\"ez-toc-section-end\"><\/span><\/h2>\n<p>W\u00e4hrend der Operation wird hinter dem Ohr ein kleiner Schnitt gemacht, um den Knorpel zu erreichen. Je nach anzuwendender Technik wird der Knorpel umgeformt und die neue Form mit N\u00e4hten dauerhaft fixiert. Symmetrie ist hier sehr wichtig. Nachdem N\u00e4hte auf der Haut platziert wurden, wird das Ohr verbunden.<\/p>\n<h2><span class=\"ez-toc-section\" id=\"Was_ist_die_Art_der_Anaesthesie_Wie_lange_dauert_die_Operation\"><\/span>Was ist die Art der An\u00e4sthesie? Wie lange dauert die Operation?<span class=\"ez-toc-section-end\"><\/span><\/h2>\n<p>Der Eingriff dauert durchschnittlich 60-90 Minuten. W\u00e4hrend die Ohr\u00e4sthetik bei Erwachsenen in \u00f6rtlicher Bet\u00e4ubung durchgef\u00fchrt wird, wird bei Kindern die Vollnarkose bevorzugt.<\/p>\n<h2><span class=\"ez-toc-section\" id=\"Was_wird_nach_der_Operation_gemacht\"><\/span>Was wird nach der Operation gemacht?<span class=\"ez-toc-section-end\"><\/span><\/h2>\n<p>Nach der Operation k\u00f6nnen m\u00e4\u00dfige Schmerzen auftreten. Dies e sind nicht sehr stark und k\u00f6nnen medikament\u00f6s behandelt werden. Wenn die Schmerzen l\u00e4nger als 24 Stunden anhalten oder schlimmer werden, sollten Sie Ihren Arzt aufsuchen. Der gewickelte Ohrverband wird je nach Situation in 3-7 Tagen entfernt. Von nun an wird empfohlen, ein Tennisband zu tragen, um die Ohren in einer stabilen Position zu halten und zu sch\u00fctzen. Dieses muss zwei Wochen lang Tag und Nacht und zus\u00e4tzlich zwei Wochen nur nachts verwendet werden. Sport sollte mindestens 6 Wochen lang nicht betrieben werden. Wenn ein Ohrverband oder Tennisverband getragen wird und kein K\u00f6rperkontakt stattfindet, ist die R\u00fcckkehr zur Schule oder Arbeit nach 2-3 Tagen m\u00f6glich.<\/p>\n<h2><span class=\"ez-toc-section\" id=\"Welche_Komplikationen_koennen_nach_einer_Ohroperation_auftreten\"><\/span>Welche Komplikationen k\u00f6nnen nach einer Ohroperation auftreten?<span class=\"ez-toc-section-end\"><\/span><\/h2>\n<ul>\n<li>Bluterg\u00fcsse (H\u00e4matom): nur selten. Dabei handelt es sich um die Ansammlung von Blut zwischen dem Ohrknorpel und der Haut. Es verz\u00f6gert die Heilung und ebnet den Weg f\u00fcr Infektionen. In dieser Situation wird das angesammelte Blut abgelassen und ein Verband angelegt.<\/li>\n<li>R\u00fcckfall des Problems: Kommt es nach der Operation zu einem Trauma oder lockern sich die N\u00e4hte, kann das Problem erneut auftreten. Der Vorgang wird dann wiederholt.<\/li>\n<li>Operationsnarbe: Spuren, die durch diesen Eingriff hinter dem Ohr zur\u00fcckbleiben k\u00f6nnen, werden nicht bemerkt. Manchmal ist vor dem Ohr eine d\u00fcnne Linie zu sehen.<\/li>\n<li>Mangelnde Symmetrie: Zwischen den Ohren k\u00f6nnen Unterschiede in Form und Projektion nach au\u00dfen bestehen. In diesem Fall kann ein erneuter Eingriff erforderlich sein.<\/li>\n<\/ul>\n<h2><span class=\"ez-toc-section\" id=\"Was_ist_nach_der_Operation_zu_beachten\"><\/span>Was ist nach der Operation zu beachten?<span class=\"ez-toc-section-end\"><\/span><\/h2>\n<p>In den ersten Tagen sollten Aktivit\u00e4ten eingeschr\u00e4nkt werden. H\u00e4usliche Aktivit\u00e4ten brauchen aber nicht werden.<\/p>\n<p>\u00dcberm\u00e4\u00dfige Aktivit\u00e4t f\u00fchrt zu vermehrten Schwellungen und Bluterg\u00fcssen. Die Anwendung von K\u00e4lte und Eis reduziert Schwellungen, Bluterg\u00fcsse und Schmerzen. Wenn w\u00e4hrend der Eisanwendung Unbehagen empfunden wird, ist es angebracht, Pausen zu machen.<\/p>\n<p>Um Schwellungen zu reduzieren, sollten Sie, wenn Sie sich hinlegen den Kopf h\u00f6her lagern. Sie sollten 7-10 Tage m\u00f6glichst nicht auf der Seite liegen. Sie sollten einen Monat lang auf einem sehr weichen Kissen schlafen.<\/p>\n<p>Wenn Sie eine Brille tragen, sollten die Wunden nicht belastet werden.<\/p>\n<p>Der Verband wird nach 3-5 Tagen entfernt. Nach dem Entfernen des Verbands sollten die Ohren nicht verdreht oder gezogen werden.<\/p>\n<p>\u00dcberm\u00e4\u00dfige Bewegung und Aktivit\u00e4ten sollten f\u00fcr 4-6 Wochen vermieden werden da es zu Blutungen und Schwellungen f\u00fchren kann.<\/p>\n","protected":false},"excerpt":{"rendered":"<p>Abstehende Ohren sind nicht nur in unserem Land eines der h\u00e4ufigsten \u00e4sthetischen Operationsgr\u00fcnde sondern auf der ganzen Welt. Grunds\u00e4tzlich beeinflusst dieses nicht die Funktionsf\u00e4higkeit des K\u00f6rpers und ist deshalb auch nicht als Krankheit einzuordnen. Trotzdem stellt es f\u00fcr viele ein gro\u00dfes Problem dar und wird in der \u00e4sthetischen Chirurgie oftmals durchgef\u00fchrt. Mit der Entwicklung der [&hellip;]<\/p>\n","protected":false},"author":1,"featured_media":0,"parent":0,"menu_order":0,"comment_status":"closed","ping_status":"closed","template":"","meta":{"footnotes":""},"class_list":["post-8777","page","type-page","status-publish","hentry"],"yoast_head":"<!-- This site is optimized with the Yoast SEO plugin v19.4 - https:\/\/yoast.com\/wordpress\/plugins\/seo\/ -->\n<title>Operation am Abstehenden Ohr - Ayfa Clinic<\/title>\n<meta name=\"robots\" content=\"index, follow, max-snippet:-1, max-image-preview:large, max-video-preview:-1\" \/>\n<link rel=\"canonical\" href=\"https:\/\/www.ayfaclinic.com\/de\/operation-am-abstehenden-ohr\/\" \/>\n<meta property=\"og:locale\" content=\"de_DE\" \/>\n<meta property=\"og:type\" content=\"article\" \/>\n<meta property=\"og:title\" content=\"Operation am Abstehenden Ohr - Ayfa Clinic\" \/>\n<meta property=\"og:description\" content=\"Abstehende Ohren sind nicht nur in unserem Land eines der h\u00e4ufigsten \u00e4sthetischen Operationsgr\u00fcnde sondern auf der ganzen Welt. Grunds\u00e4tzlich beeinflusst dieses nicht die Funktionsf\u00e4higkeit des K\u00f6rpers und ist deshalb auch nicht als Krankheit einzuordnen. Trotzdem stellt es f\u00fcr viele ein gro\u00dfes Problem dar und wird in der \u00e4sthetischen Chirurgie oftmals durchgef\u00fchrt. Mit der Entwicklung der [&hellip;]\" \/>\n<meta property=\"og:url\" content=\"https:\/\/www.ayfaclinic.com\/de\/operation-am-abstehenden-ohr\/\" \/>\n<meta property=\"og:site_name\" content=\"Ayfa Clinic Deutsch\" \/>\n<meta name=\"twitter:card\" content=\"summary_large_image\" \/>\n<meta name=\"twitter:label1\" content=\"Gesch\u00e4tzte Lesezeit\" \/>\n\t<meta name=\"twitter:data1\" content=\"5\u00a0Minuten\" \/>\n<script type=\"application\/ld+json\" class=\"yoast-schema-graph\">{\"@context\":\"https:\/\/schema.org\",\"@graph\":[{\"@type\":\"WebSite\",\"@id\":\"https:\/\/www.ayfaclinic.com\/de\/#website\",\"url\":\"https:\/\/www.ayfaclinic.com\/de\/\",\"name\":\"Ayfa Clinic Deutsch\",\"description\":\"Ayfa Clinic - Health Starts Here\",\"potentialAction\":[{\"@type\":\"SearchAction\",\"target\":{\"@type\":\"EntryPoint\",\"urlTemplate\":\"https:\/\/www.ayfaclinic.com\/de\/?s={search_term_string}\"},\"query-input\":\"required name=search_term_string\"}],\"inLanguage\":\"de\"},{\"@type\":\"WebPage\",\"@id\":\"https:\/\/www.ayfaclinic.com\/de\/operation-am-abstehenden-ohr\/\",\"url\":\"https:\/\/www.ayfaclinic.com\/de\/operation-am-abstehenden-ohr\/\",\"name\":\"Operation am Abstehenden Ohr - Ayfa Clinic\",\"isPartOf\":{\"@id\":\"https:\/\/www.ayfaclinic.com\/de\/#website\"},\"datePublished\":\"2022-08-22T12:07:18+00:00\",\"dateModified\":\"2022-08-22T12:07:18+00:00\",\"breadcrumb\":{\"@id\":\"https:\/\/www.ayfaclinic.com\/de\/operation-am-abstehenden-ohr\/#breadcrumb\"},\"inLanguage\":\"de\",\"potentialAction\":[{\"@type\":\"ReadAction\",\"target\":[\"https:\/\/www.ayfaclinic.com\/de\/operation-am-abstehenden-ohr\/\"]}]},{\"@type\":\"BreadcrumbList\",\"@id\":\"https:\/\/www.ayfaclinic.com\/de\/operation-am-abstehenden-ohr\/#breadcrumb\",\"itemListElement\":[{\"@type\":\"ListItem\",\"position\":1,\"name\":\"Anasayfa\",\"item\":\"https:\/\/www.ayfaclinic.com\/de\/\"},{\"@type\":\"ListItem\",\"position\":2,\"name\":\"Operation am Abstehenden Ohr\"}]}]}<\/script>\n<!-- \/ Yoast SEO plugin. -->","yoast_head_json":{"title":"Operation am Abstehenden Ohr - Ayfa Clinic","robots":{"index":"index","follow":"follow","max-snippet":"max-snippet:-1","max-image-preview":"max-image-preview:large","max-video-preview":"max-video-preview:-1"},"canonical":"https:\/\/www.ayfaclinic.com\/de\/operation-am-abstehenden-ohr\/","og_locale":"de_DE","og_type":"article","og_title":"Operation am Abstehenden Ohr - Ayfa Clinic","og_description":"Abstehende Ohren sind nicht nur in unserem Land eines der h\u00e4ufigsten \u00e4sthetischen Operationsgr\u00fcnde sondern auf der ganzen Welt. Grunds\u00e4tzlich beeinflusst dieses nicht die Funktionsf\u00e4higkeit des K\u00f6rpers und ist deshalb auch nicht als Krankheit einzuordnen. Trotzdem stellt es f\u00fcr viele ein gro\u00dfes Problem dar und wird in der \u00e4sthetischen Chirurgie oftmals durchgef\u00fchrt. Mit der Entwicklung der [&hellip;]","og_url":"https:\/\/www.ayfaclinic.com\/de\/operation-am-abstehenden-ohr\/","og_site_name":"Ayfa Clinic Deutsch","twitter_card":"summary_large_image","twitter_misc":{"Gesch\u00e4tzte Lesezeit":"5\u00a0Minuten"},"schema":{"@context":"https:\/\/schema.org","@graph":[{"@type":"WebSite","@id":"https:\/\/www.ayfaclinic.com\/de\/#website","url":"https:\/\/www.ayfaclinic.com\/de\/","name":"Ayfa Clinic Deutsch","description":"Ayfa Clinic - Health Starts Here","potentialAction":[{"@type":"SearchAction","target":{"@type":"EntryPoint","urlTemplate":"https:\/\/www.ayfaclinic.com\/de\/?s={search_term_string}"},"query-input":"required name=search_term_string"}],"inLanguage":"de"},{"@type":"WebPage","@id":"https:\/\/www.ayfaclinic.com\/de\/operation-am-abstehenden-ohr\/","url":"https:\/\/www.ayfaclinic.com\/de\/operation-am-abstehenden-ohr\/","name":"Operation am Abstehenden Ohr - Ayfa Clinic","isPartOf":{"@id":"https:\/\/www.ayfaclinic.com\/de\/#website"},"datePublished":"2022-08-22T12:07:18+00:00","dateModified":"2022-08-22T12:07:18+00:00","breadcrumb":{"@id":"https:\/\/www.ayfaclinic.com\/de\/operation-am-abstehenden-ohr\/#breadcrumb"},"inLanguage":"de","potentialAction":[{"@type":"ReadAction","target":["https:\/\/www.ayfaclinic.com\/de\/operation-am-abstehenden-ohr\/"]}]},{"@type":"BreadcrumbList","@id":"https:\/\/www.ayfaclinic.com\/de\/operation-am-abstehenden-ohr\/#breadcrumb","itemListElement":[{"@type":"ListItem","position":1,"name":"Anasayfa","item":"https:\/\/www.ayfaclinic.com\/de\/"},{"@type":"ListItem","position":2,"name":"Operation am Abstehenden Ohr"}]}]}},"_links":{"self":[{"href":"https:\/\/www.ayfaclinic.com\/de\/wp-json\/wp\/v2\/pages\/8777","targetHints":{"allow":["GET"]}}],"collection":[{"href":"https:\/\/www.ayfaclinic.com\/de\/wp-json\/wp\/v2\/pages"}],"about":[{"href":"https:\/\/www.ayfaclinic.com\/de\/wp-json\/wp\/v2\/types\/page"}],"author":[{"embeddable":true,"href":"https:\/\/www.ayfaclinic.com\/de\/wp-json\/wp\/v2\/users\/1"}],"replies":[{"embeddable":true,"href":"https:\/\/www.ayfaclinic.com\/de\/wp-json\/wp\/v2\/comments?post=8777"}],"version-history":[{"count":1,"href":"https:\/\/www.ayfaclinic.com\/de\/wp-json\/wp\/v2\/pages\/8777\/revisions"}],"predecessor-version":[{"id":8778,"href":"https:\/\/www.ayfaclinic.com\/de\/wp-json\/wp\/v2\/pages\/8777\/revisions\/8778"}],"wp:attachment":[{"href":"https:\/\/www.ayfaclinic.com\/de\/wp-json\/wp\/v2\/media?parent=8777"}],"curies":[{"name":"wp","href":"https:\/\/api.w.org\/{rel}","templated":true}]}}