{"id":8775,"date":"2022-08-22T12:06:23","date_gmt":"2022-08-22T12:06:23","guid":{"rendered":"https:\/\/www.ayfaclinic.com\/de\/?page_id=8775"},"modified":"2022-08-22T12:06:23","modified_gmt":"2022-08-22T12:06:23","slug":"abdominoplastik","status":"publish","type":"page","link":"https:\/\/www.ayfaclinic.com\/de\/abdominoplastik\/","title":{"rendered":"Abdominoplastik"},"content":{"rendered":"<p>Bauchstraffungsoperationen (Abdominoplastik) sind ein L\u00f6sungsansatz f\u00fcr Hauterschlaffung im Bauch- und Unterbauchbereich und Fett, das nicht durch Di\u00e4t und Bewegung entfernt werden kann. Durch Kaiserschnitt, Schwangerschaft und st\u00e4ndige Gewichtszunahme verursachte Erschlaffungen, Risse und Fettanlagerungen lassen sich durch eine \u00e4sthetische Operation problemlos beseitigen. Kommt es neben den allgemeinen Eingriffen zur Beseitigung der Deformit\u00e4t im Bauch- und Unterbauchbereich nur im Bereich unterhalb des Bauchnabels zur Fettansammlung und Erschlaffung, kann die Mini-Bauchdeckenstraffung ausreichend sein. Die Mini-Abdominoplastik ist eine einfachere Operation, sowohl in Bezug auf die Dauer der Anwendung als auch auf die k\u00fcrzere Erholungszeit. Die Erholungszeit ist von Person sehr Person unterschiedlich, je nach Lebensgewohnheiten und k\u00f6rperlichen Strukturmerkmalen. Heutzutage erleichtern Innovationen auf dem Gebiet der Medizin es, diese Art von Operation erfolgreicher durchzuf\u00fchren, als bei vielen anderen Arten von Operationen.<\/p>\n<div id=\"ez-toc-container\" class=\"ez-toc-v2_0_29 counter-hierarchy counter-decimal ez-toc-grey\">\n<div class=\"ez-toc-title-container\">\n<p class=\"ez-toc-title\">Inhalt<\/p>\n<span class=\"ez-toc-title-toggle\"><a href=\"#\" class=\"ez-toc-pull-right ez-toc-btn ez-toc-btn-xs ez-toc-btn-default ez-toc-toggle\" style=\"display: none;\"><label for=\"item\" aria-label=\"Table of Content\"><i class=\"ez-toc-glyphicon ez-toc-icon-toggle\"><\/i><\/label><input type=\"checkbox\" id=\"item\"><\/a><\/span><\/div>\n<nav><ul class=\"ez-toc-list ez-toc-list-level-1\"><li class=\"ez-toc-page-1 ez-toc-heading-level-2\"><a class=\"ez-toc-link ez-toc-heading-1\" href=\"https:\/\/www.ayfaclinic.com\/de\/abdominoplastik\/#Wer_sind_die_geeignetsten_Kandidaten\" title=\"Wer sind die geeignetsten Kandidaten?\">Wer sind die geeignetsten Kandidaten?<\/a><\/li><li class=\"ez-toc-page-1 ez-toc-heading-level-2\"><a class=\"ez-toc-link ez-toc-heading-2\" href=\"https:\/\/www.ayfaclinic.com\/de\/abdominoplastik\/#Wer_sollte_sich_keiner_Bauchdeckenstraffung_unterziehen\" title=\"Wer sollte sich keiner Bauchdeckenstraffung unterziehen?\">Wer sollte sich keiner Bauchdeckenstraffung unterziehen?<\/a><\/li><li class=\"ez-toc-page-1 ez-toc-heading-level-2\"><a class=\"ez-toc-link ez-toc-heading-3\" href=\"https:\/\/www.ayfaclinic.com\/de\/abdominoplastik\/#Koennen_diejenigen_die_erwaegen_Kinder_zu_bekommen_diese_Operation_durchfuehren_lassen\" title=\"K\u00f6nnen diejenigen, die erw\u00e4gen, Kinder zu bekommen, diese Operation durchf\u00fchren lassen?\">K\u00f6nnen diejenigen, die erw\u00e4gen, Kinder zu bekommen, diese Operation durchf\u00fchren lassen?<\/a><\/li><li class=\"ez-toc-page-1 ez-toc-heading-level-2\"><a class=\"ez-toc-link ez-toc-heading-4\" href=\"https:\/\/www.ayfaclinic.com\/de\/abdominoplastik\/#Was_ist_bei_der_OP-Vorbereitung_zu_beachten\" title=\"Was ist bei der OP-Vorbereitung zu beachten?\">Was ist bei der OP-Vorbereitung zu beachten?<\/a><\/li><li class=\"ez-toc-page-1 ez-toc-heading-level-2\"><a class=\"ez-toc-link ez-toc-heading-5\" href=\"https:\/\/www.ayfaclinic.com\/de\/abdominoplastik\/#Wie_wird_das_Verfahren_durchgefuehrt\" title=\"Wie wird das Verfahren durchgef\u00fchrt?\">Wie wird das Verfahren durchgef\u00fchrt?<\/a><\/li><li class=\"ez-toc-page-1 ez-toc-heading-level-2\"><a class=\"ez-toc-link ez-toc-heading-6\" href=\"https:\/\/www.ayfaclinic.com\/de\/abdominoplastik\/#Wie_viel_verliert_man_an_Gewicht\" title=\"Wie viel verliert man an Gewicht?\">Wie viel verliert man an Gewicht?<\/a><\/li><li class=\"ez-toc-page-1 ez-toc-heading-level-2\"><a class=\"ez-toc-link ez-toc-heading-7\" href=\"https:\/\/www.ayfaclinic.com\/de\/abdominoplastik\/#Wie_lange_dauert_die_Operation\" title=\"Wie lange dauert die Operation?\">Wie lange dauert die Operation?<\/a><\/li><li class=\"ez-toc-page-1 ez-toc-heading-level-2\"><a class=\"ez-toc-link ez-toc-heading-8\" href=\"https:\/\/www.ayfaclinic.com\/de\/abdominoplastik\/#Gibt_es_Risiken_bei_der_Operation\" title=\"Gibt es Risiken bei der Operation?\">Gibt es Risiken bei der Operation?<\/a><\/li><li class=\"ez-toc-page-1 ez-toc-heading-level-2\"><a class=\"ez-toc-link ez-toc-heading-9\" href=\"https:\/\/www.ayfaclinic.com\/de\/abdominoplastik\/#Irgendwelche_Spuren_hinterlassen\" title=\"Irgendwelche Spuren hinterlassen?\">Irgendwelche Spuren hinterlassen?<\/a><\/li><li class=\"ez-toc-page-1 ez-toc-heading-level-2\"><a class=\"ez-toc-link ez-toc-heading-10\" href=\"https:\/\/www.ayfaclinic.com\/de\/abdominoplastik\/#Was_ist_nach_der_Operation_zu_beachten\" title=\"Was ist nach der Operation zu beachten?\">Was ist nach der Operation zu beachten?<\/a><\/li><li class=\"ez-toc-page-1 ez-toc-heading-level-2\"><a class=\"ez-toc-link ez-toc-heading-11\" href=\"https:\/\/www.ayfaclinic.com\/de\/abdominoplastik\/#Wie_schnell_ist_die_Rueckkehr_zur_Arbeit_moeglich\" title=\"Wie schnell ist die R\u00fcckkehr zur Arbeit m\u00f6glich?\">Wie schnell ist die R\u00fcckkehr zur Arbeit m\u00f6glich?<\/a><\/li><li class=\"ez-toc-page-1 ez-toc-heading-level-2\"><a class=\"ez-toc-link ez-toc-heading-12\" href=\"https:\/\/www.ayfaclinic.com\/de\/abdominoplastik\/#Kann_diese_Operation_wiederholt_werden\" title=\"Kann diese Operation wiederholt werden?\">Kann diese Operation wiederholt werden?<\/a><\/li><\/ul><\/nav><\/div>\n<h2><span class=\"ez-toc-section\" id=\"Wer_sind_die_geeignetsten_Kandidaten\"><\/span>Wer sind die geeignetsten Kandidaten?<span class=\"ez-toc-section-end\"><\/span><\/h2>\n<p>Die am besten geeignete Patientengruppe sind Frauen, die sich ihrem Idealgewicht angen\u00e4hert haben, vorzugsweise durch Di\u00e4t und Sport, aber deren Baucherschlaffung\u00a0 noch nicht beseitigt sind. Eine Mutter gewinnt ihr vorgeburtliches Aussehen mit Schlieren und Falten zur\u00fcck. In der Operation wird die durch die Schwangerschaft verursachte Muskelschw\u00e4che beseitigt, Geburtsrisse werden entfernt.<\/p>\n<p>Diese Operation wird auch bei M\u00e4nnern durchgef\u00fchrt, um das Absacken des Bauches zu beseitigen. Bei Patienten, die nach einem Magenband oder anderen Operationen zur Gewichtsabnahme des Magens erheblich an Gewicht verloren haben, h\u00e4ngt die Bauchhaut in einer Weise herab, die die t\u00e4glichen Aktivit\u00e4ten der Person behindern kann. Auch diese Patientengruppe geh\u00f6rt zu den geeigneten Kandidaten.<\/p>\n<h2><span class=\"ez-toc-section\" id=\"Wer_sollte_sich_keiner_Bauchdeckenstraffung_unterziehen\"><\/span>Wer sollte sich keiner Bauchdeckenstraffung unterziehen?<span class=\"ez-toc-section-end\"><\/span><\/h2>\n<p>Der allgemeine Gesundheitszustand des Patienten muss gut sein. \u00dcbergewichtige Patienten sind keine geeigneten Kandidaten. Wundheilungsprobleme treten h\u00e4ufiger bei Personen mit einem Body-Mass-Index \u00fcber 30 auf. Bauchdeckenstraffung ist keine Operation f\u00fcr die Gewichtsabnahme. Diese Operation wird empfohlen, nachdem z.B. durch Di\u00e4t und Sport so viel Gewicht wie m\u00f6glich verloren wurde und das Wunschgewicht bereits erreicht ist. Die Bauchdeckenstraffung ist nicht f\u00fcr junge Patienten, die keine \u00fcberm\u00e4\u00dfige Erschlaffung der Bauchhaut und \u00fcbersch\u00fcssiges Fettgewebe haben und die ihre Hautelastizit\u00e4t nicht verloren haben. F\u00fcr diese Menschen ist die Fettabsaugung besser geeignet. Spuren fr\u00fcherer Operationen im Bauchbereich k\u00f6nnen die Kandidatur f\u00fcr eine Bauchdeckenstraffung beeintr\u00e4chtigen.<\/p>\n<h2><span class=\"ez-toc-section\" id=\"Koennen_diejenigen_die_erwaegen_Kinder_zu_bekommen_diese_Operation_durchfuehren_lassen\"><\/span>K\u00f6nnen diejenigen, die erw\u00e4gen, Kinder zu bekommen, diese Operation durchf\u00fchren lassen?<span class=\"ez-toc-section-end\"><\/span><\/h2>\n<p>Den Frauen, die noch Kinder geb\u00e4ren wollen empfehlen wir diese Operation nicht. Tats\u00e4chlich hat die Operation keine Probleme in Bezug auf die Gesundheit von Mutter und Kind. Aber die meisten Korrekturen, die bei der vorherigen Operation der Mutter erzielt wurden, insbesondere die Anspannung der Bauchmuskeln, gehen verloren. Es schadet jedoch nicht, eine Fettabsaugung zwischen zwei Schwangerschaften durchzuf\u00fchren.<\/p>\n<h2><span class=\"ez-toc-section\" id=\"Was_ist_bei_der_OP-Vorbereitung_zu_beachten\"><\/span>Was ist bei der OP-Vorbereitung zu beachten?<span class=\"ez-toc-section-end\"><\/span><\/h2>\n<p>F\u00fcr die beste und schnellste Wundheilung sollten Patienten zumindest das Rauchen reduzieren. Diabetes und Blutdruckerkrankungen verhindern eine Operation nicht. Aber diese Krankheiten m\u00fcssen unter Kontrolle sein. In den letzten Jahren haben wir beobachtet, dass unsere Patienten eine Vielzahl von pflanzlichen Produkten verwenden, die das Potenzial haben, die Blutgerinnung zu verz\u00f6gern. Es w\u00e4re vorteilhaft, solche Produkte, die in Tabletten- oder Teeform verwendet werden, vor der Operation abzusetzen.<\/p>\n<h2><span class=\"ez-toc-section\" id=\"Wie_wird_das_Verfahren_durchgefuehrt\"><\/span>Wie wird das Verfahren durchgef\u00fchrt?<span class=\"ez-toc-section-end\"><\/span><\/h2>\n<p>Am Morgen der Operation erfolgt eine entsprechende Planung und Zeichnung durch den Chirurgen im Stehen. W\u00e4hrend dieser Zeichnung werden Ort und Form der Narbe am Ende der Operation bestimmt. Die Operation wird in Vollnarkose durchgef\u00fchrt und es wird haupts\u00e4chlich eine Fettabsaugung der R\u00fccken- und Taillenregion durchgef\u00fchrt. Dann wird der Patient auf den R\u00fccken gelegt und die Haut zwischen dem oberen Rand der Bikinizone und dem Bauchnabel wird mit der gesamten Fettschicht dazwischen entfernt. Die Spannung der Bauchmuskeln wird dadurch erreicht, dass zwei separate Bauchmuskeln in der Mittellinie mit starken und dicken F\u00e4den aneinander gen\u00e4ht werden. Durch diesen Vorgang wird auch die Taillenfalte nach innen geformt. Dann wird die Bauchhaut von der Unterlage gel\u00f6st und nach unten gespannt und die entsprechenden Lagen zusammengen\u00e4ht. Die neue Lage des Bauchnabels wird bestimmt und der Bauchnabel wird begradigt und aus dem hier entstandenen Muskel gen\u00e4ht. Zwei Kunststoffschl\u00e4uche, sogenannte Abfl\u00fcsse, werden so platziert, dass die angesammelten Fl\u00fcssigkeiten abflie\u00dfen k\u00f6nnen.<\/p>\n<h2><span class=\"ez-toc-section\" id=\"Wie_viel_verliert_man_an_Gewicht\"><\/span>Wie viel verliert man an Gewicht?<span class=\"ez-toc-section-end\"><\/span><\/h2>\n<p>Der Gewichtsverlust ist nicht viel. Es \u00fcberschreitet keine 2 -3 Kg. Stellt sich der Patient nach dem Eingriff auf die Waage, wird er keinen besonderen Gewichtsverlust feststellen k\u00f6nnen. Aber die Taille und der Bauch sind d\u00fcnner. Frauen insbesondere wird es m\u00f6glich sein, Kleidung von vor der Schwangerschaft zu tragen. Man ist jetzt viel selbstbewusster und kann sein Hemd souver\u00e4n in seine Hose stecken und sogar einen Badeanzug oder Bikini ohne Scheu tragen.<\/p>\n<h2><span class=\"ez-toc-section\" id=\"Wie_lange_dauert_die_Operation\"><\/span>Wie lange dauert die Operation?<span class=\"ez-toc-section-end\"><\/span><\/h2>\n<p>Die Fettabsaugung am R\u00fccken und an der Taille dauert etwa 1 Stunde und die Bauchdeckenstraffung etwa 2 Stunden.<\/p>\n<h2><span class=\"ez-toc-section\" id=\"Gibt_es_Risiken_bei_der_Operation\"><\/span>Gibt es Risiken bei der Operation?<span class=\"ez-toc-section-end\"><\/span><\/h2>\n<p>Das einzigartige Risiko einer Bauchdeckenstraffung sind Verz\u00f6gerungen bei der Wundheilung. Gerade bei einer sehr straffen Naht sind Verz\u00f6gerungen und \u00d6ffnungen in der Heilung in der Mittellinie zu sehen. In diesem Fall schrumpft die Wunde des Patienten mit anschlie\u00dfendem Verband normalerweise innerhalb eines Monats und schlie\u00dft sich von selbst.<\/p>\n<h2><span class=\"ez-toc-section\" id=\"Irgendwelche_Spuren_hinterlassen\"><\/span>Irgendwelche Spuren hinterlassen?<span class=\"ez-toc-section-end\"><\/span><\/h2>\n<p>Etwa wie bei einem Kaiserschnitt verbleibt eine Narbe etwa in Form einer Verl\u00e4ngerung der verbleibenden Narbe bis zum Beckenvorsprung auf beiden Seiten. Wichtig ist, dass diese Narbe beim Tragen eines Bikinis oder Unterw\u00e4sche nicht zu sehen ist. In den pr\u00e4operativen Zeichnungen wird der Ort sorgf\u00e4ltig mit dem Patienten gemeinsam bestimmt. Eine weitere Stelle, an der nach einer Bauchdeckenstraffung Narben zur\u00fcckbleiben, ist rund um den neu gebildeten Bauchnabel. Dieser Bereich ist ein wichtiger Teil der Bauchstraffung und sollte mit Pr\u00e4zision vern\u00e4ht werden. Der neu entstandene Bauchnabel sollte nicht ganz rund sein und m\u00f6glichst nat\u00fcrlich aussehen.<\/p>\n<h2><span class=\"ez-toc-section\" id=\"Was_ist_nach_der_Operation_zu_beachten\"><\/span>Was ist nach der Operation zu beachten?<span class=\"ez-toc-section-end\"><\/span><\/h2>\n<p>Nach der Operation muss sich der Patient mindestens 1 Woche Zeit f\u00fcr sich selbst nehmen. Er sollte die Arbeits- und Wohnumgebung so gestalten, dass er sich 1 Woche zu Hause ausruhen kann. Der Krankenhausaufenthalt betr\u00e4gt in der Regel 1 Nacht. Am Tag nach der Operation wird der Patient nach Hause entlassen. In der Fr\u00fchphase soll der Patient schon am Abend nach der OP versuchen zu gehen. Dies kann eine schmerzhafte Periode sein, aber es ist wichtig, sie so anzuwenden, damit sich kein Blut in den F\u00fc\u00dfen und Waden sammelt. Im Liegen sollte die N\u00e4hlinie nicht gespannt sein. Dazu wird der Patient in eine leicht sitzende Position gebracht. Ein Kissen unter den Knien h\u00e4lt die Knie gebeugt und reduziert die Spannung auf dem Bauch. Die w\u00e4hrend der Operation gelegten Blutsammeldrainagen werden in der Regel am n\u00e4chsten Tag entfernt und der Patient wird mit einem engen Korsett nach Hause entlassen. Die Anwendungsdauer des Korsetts betr\u00e4gt zwischen 4 und 6 Wochen.<\/p>\n<h2><span class=\"ez-toc-section\" id=\"Wie_schnell_ist_die_Rueckkehr_zur_Arbeit_moeglich\"><\/span>Wie schnell ist die R\u00fcckkehr zur Arbeit m\u00f6glich?<span class=\"ez-toc-section-end\"><\/span><\/h2>\n<p>F\u00fcr diejenigen mit einem Schreibtischjob sind mindestens 2 Wochen Ruhezeit erforderlich, f\u00fcr andere Berufe mindestens 4 Wochen. Alle sportlichen Aktivit\u00e4ten sind ab dem zweiten Monat erlaubt.<\/p>\n<h2><span class=\"ez-toc-section\" id=\"Kann_diese_Operation_wiederholt_werden\"><\/span>Kann diese Operation wiederholt werden?<span class=\"ez-toc-section-end\"><\/span><\/h2>\n<p>Hat sich zum Beispiel eine Frau schon einmal eine Bauchdeckenstraffung unterzogen, ist noch einmal Schwanger geworden und hat entbunden, kann eine weitere Operation ben\u00f6tigt werden. Abgesehen davon k\u00f6nnen korrigierende Bauchdeckenstraffungsoperationen aufgrund technischer Fehler der ersten Operation durchgef\u00fchrt werden, wie z. B. eine unzureichende erste Operation, eine unzureichende Anpassung der Narbenlage und -qualit\u00e4t.<\/p>\n","protected":false},"excerpt":{"rendered":"<p>Bauchstraffungsoperationen (Abdominoplastik) sind ein L\u00f6sungsansatz f\u00fcr Hauterschlaffung im Bauch- und Unterbauchbereich und Fett, das nicht durch Di\u00e4t und Bewegung entfernt werden kann. Durch Kaiserschnitt, Schwangerschaft und st\u00e4ndige Gewichtszunahme verursachte Erschlaffungen, Risse und Fettanlagerungen lassen sich durch eine \u00e4sthetische Operation problemlos beseitigen. Kommt es neben den allgemeinen Eingriffen zur Beseitigung der Deformit\u00e4t im Bauch- und Unterbauchbereich [&hellip;]<\/p>\n","protected":false},"author":1,"featured_media":0,"parent":0,"menu_order":0,"comment_status":"closed","ping_status":"closed","template":"","meta":{"footnotes":""},"class_list":["post-8775","page","type-page","status-publish","hentry"],"yoast_head":"<!-- This site is optimized with the Yoast SEO plugin v19.4 - https:\/\/yoast.com\/wordpress\/plugins\/seo\/ -->\n<title>Abdominoplastik - Ayfa Clinic<\/title>\n<meta name=\"robots\" content=\"index, follow, max-snippet:-1, max-image-preview:large, max-video-preview:-1\" \/>\n<link rel=\"canonical\" href=\"https:\/\/www.ayfaclinic.com\/de\/abdominoplastik\/\" \/>\n<meta property=\"og:locale\" content=\"de_DE\" \/>\n<meta property=\"og:type\" content=\"article\" \/>\n<meta property=\"og:title\" content=\"Abdominoplastik - Ayfa Clinic\" \/>\n<meta property=\"og:description\" content=\"Bauchstraffungsoperationen (Abdominoplastik) sind ein L\u00f6sungsansatz f\u00fcr Hauterschlaffung im Bauch- und Unterbauchbereich und Fett, das nicht durch Di\u00e4t und Bewegung entfernt werden kann. Durch Kaiserschnitt, Schwangerschaft und st\u00e4ndige Gewichtszunahme verursachte Erschlaffungen, Risse und Fettanlagerungen lassen sich durch eine \u00e4sthetische Operation problemlos beseitigen. Kommt es neben den allgemeinen Eingriffen zur Beseitigung der Deformit\u00e4t im Bauch- und Unterbauchbereich [&hellip;]\" \/>\n<meta property=\"og:url\" content=\"https:\/\/www.ayfaclinic.com\/de\/abdominoplastik\/\" \/>\n<meta property=\"og:site_name\" content=\"Ayfa Clinic Deutsch\" \/>\n<meta name=\"twitter:card\" content=\"summary_large_image\" \/>\n<meta name=\"twitter:label1\" content=\"Gesch\u00e4tzte Lesezeit\" \/>\n\t<meta name=\"twitter:data1\" content=\"7\u00a0Minuten\" \/>\n<script type=\"application\/ld+json\" class=\"yoast-schema-graph\">{\"@context\":\"https:\/\/schema.org\",\"@graph\":[{\"@type\":\"WebSite\",\"@id\":\"https:\/\/www.ayfaclinic.com\/de\/#website\",\"url\":\"https:\/\/www.ayfaclinic.com\/de\/\",\"name\":\"Ayfa Clinic Deutsch\",\"description\":\"Ayfa Clinic - Health Starts Here\",\"potentialAction\":[{\"@type\":\"SearchAction\",\"target\":{\"@type\":\"EntryPoint\",\"urlTemplate\":\"https:\/\/www.ayfaclinic.com\/de\/?s={search_term_string}\"},\"query-input\":\"required name=search_term_string\"}],\"inLanguage\":\"de\"},{\"@type\":\"WebPage\",\"@id\":\"https:\/\/www.ayfaclinic.com\/de\/abdominoplastik\/\",\"url\":\"https:\/\/www.ayfaclinic.com\/de\/abdominoplastik\/\",\"name\":\"Abdominoplastik - Ayfa Clinic\",\"isPartOf\":{\"@id\":\"https:\/\/www.ayfaclinic.com\/de\/#website\"},\"datePublished\":\"2022-08-22T12:06:23+00:00\",\"dateModified\":\"2022-08-22T12:06:23+00:00\",\"breadcrumb\":{\"@id\":\"https:\/\/www.ayfaclinic.com\/de\/abdominoplastik\/#breadcrumb\"},\"inLanguage\":\"de\",\"potentialAction\":[{\"@type\":\"ReadAction\",\"target\":[\"https:\/\/www.ayfaclinic.com\/de\/abdominoplastik\/\"]}]},{\"@type\":\"BreadcrumbList\",\"@id\":\"https:\/\/www.ayfaclinic.com\/de\/abdominoplastik\/#breadcrumb\",\"itemListElement\":[{\"@type\":\"ListItem\",\"position\":1,\"name\":\"Anasayfa\",\"item\":\"https:\/\/www.ayfaclinic.com\/de\/\"},{\"@type\":\"ListItem\",\"position\":2,\"name\":\"Abdominoplastik\"}]}]}<\/script>\n<!-- \/ Yoast SEO plugin. -->","yoast_head_json":{"title":"Abdominoplastik - Ayfa Clinic","robots":{"index":"index","follow":"follow","max-snippet":"max-snippet:-1","max-image-preview":"max-image-preview:large","max-video-preview":"max-video-preview:-1"},"canonical":"https:\/\/www.ayfaclinic.com\/de\/abdominoplastik\/","og_locale":"de_DE","og_type":"article","og_title":"Abdominoplastik - Ayfa Clinic","og_description":"Bauchstraffungsoperationen (Abdominoplastik) sind ein L\u00f6sungsansatz f\u00fcr Hauterschlaffung im Bauch- und Unterbauchbereich und Fett, das nicht durch Di\u00e4t und Bewegung entfernt werden kann. Durch Kaiserschnitt, Schwangerschaft und st\u00e4ndige Gewichtszunahme verursachte Erschlaffungen, Risse und Fettanlagerungen lassen sich durch eine \u00e4sthetische Operation problemlos beseitigen. Kommt es neben den allgemeinen Eingriffen zur Beseitigung der Deformit\u00e4t im Bauch- und Unterbauchbereich [&hellip;]","og_url":"https:\/\/www.ayfaclinic.com\/de\/abdominoplastik\/","og_site_name":"Ayfa Clinic Deutsch","twitter_card":"summary_large_image","twitter_misc":{"Gesch\u00e4tzte Lesezeit":"7\u00a0Minuten"},"schema":{"@context":"https:\/\/schema.org","@graph":[{"@type":"WebSite","@id":"https:\/\/www.ayfaclinic.com\/de\/#website","url":"https:\/\/www.ayfaclinic.com\/de\/","name":"Ayfa Clinic Deutsch","description":"Ayfa Clinic - Health Starts Here","potentialAction":[{"@type":"SearchAction","target":{"@type":"EntryPoint","urlTemplate":"https:\/\/www.ayfaclinic.com\/de\/?s={search_term_string}"},"query-input":"required name=search_term_string"}],"inLanguage":"de"},{"@type":"WebPage","@id":"https:\/\/www.ayfaclinic.com\/de\/abdominoplastik\/","url":"https:\/\/www.ayfaclinic.com\/de\/abdominoplastik\/","name":"Abdominoplastik - Ayfa Clinic","isPartOf":{"@id":"https:\/\/www.ayfaclinic.com\/de\/#website"},"datePublished":"2022-08-22T12:06:23+00:00","dateModified":"2022-08-22T12:06:23+00:00","breadcrumb":{"@id":"https:\/\/www.ayfaclinic.com\/de\/abdominoplastik\/#breadcrumb"},"inLanguage":"de","potentialAction":[{"@type":"ReadAction","target":["https:\/\/www.ayfaclinic.com\/de\/abdominoplastik\/"]}]},{"@type":"BreadcrumbList","@id":"https:\/\/www.ayfaclinic.com\/de\/abdominoplastik\/#breadcrumb","itemListElement":[{"@type":"ListItem","position":1,"name":"Anasayfa","item":"https:\/\/www.ayfaclinic.com\/de\/"},{"@type":"ListItem","position":2,"name":"Abdominoplastik"}]}]}},"_links":{"self":[{"href":"https:\/\/www.ayfaclinic.com\/de\/wp-json\/wp\/v2\/pages\/8775","targetHints":{"allow":["GET"]}}],"collection":[{"href":"https:\/\/www.ayfaclinic.com\/de\/wp-json\/wp\/v2\/pages"}],"about":[{"href":"https:\/\/www.ayfaclinic.com\/de\/wp-json\/wp\/v2\/types\/page"}],"author":[{"embeddable":true,"href":"https:\/\/www.ayfaclinic.com\/de\/wp-json\/wp\/v2\/users\/1"}],"replies":[{"embeddable":true,"href":"https:\/\/www.ayfaclinic.com\/de\/wp-json\/wp\/v2\/comments?post=8775"}],"version-history":[{"count":1,"href":"https:\/\/www.ayfaclinic.com\/de\/wp-json\/wp\/v2\/pages\/8775\/revisions"}],"predecessor-version":[{"id":8776,"href":"https:\/\/www.ayfaclinic.com\/de\/wp-json\/wp\/v2\/pages\/8775\/revisions\/8776"}],"wp:attachment":[{"href":"https:\/\/www.ayfaclinic.com\/de\/wp-json\/wp\/v2\/media?parent=8775"}],"curies":[{"name":"wp","href":"https:\/\/api.w.org\/{rel}","templated":true}]}}