{"id":8767,"date":"2022-08-22T12:01:42","date_gmt":"2022-08-22T12:01:42","guid":{"rendered":"https:\/\/www.ayfaclinic.com\/de\/?page_id=8767"},"modified":"2022-08-22T12:01:42","modified_gmt":"2022-08-22T12:01:42","slug":"botox","status":"publish","type":"page","link":"https:\/\/www.ayfaclinic.com\/de\/botox\/","title":{"rendered":"Botox"},"content":{"rendered":"<p>Botox (Botulinumtoxin) ist ein Toxin, das aus dem Bakterium Clostridium botulinum gewonnen wird. Es zeigt seine Wirkung, indem es die Freisetzung von Substanzen verhindert, die f\u00fcr das Weiterleiten in den Nervenenden sorgen, und indem es die \u00dcbertragung zwischen den Nerven und den von den Nerven erreichten Organen stoppt. Das f\u00fchrt dazu, dass die Funktionen des vom Nerv erreichten Organs reduziert werden oder ganz verloren gehen.<\/p>\n<p>Botox kann zu \u00e4sthetischen und kosmetischen Zwecken verwendet werden, um Gesichtsfalten zu reduzieren, die bei Bewegungen der mimischen Muskeln entstehen, oder um deren Bildung zu verhindern. Au\u00dferdem\u00a0 kann es eingesetzt werden um das Schwitzen in Bereichen mit \u00fcberm\u00e4\u00dfiger Schwei\u00dfproduktion zu reduzieren sowie bei der Behandlung von chronischer Migr\u00e4ne.<\/p>\n<ol>\n<li>Was ist Botox?<\/li>\n<\/ol>\n<p>Die verd\u00fcnnte Form von Botulinumtoxin wird intramuskul\u00e4r injiziert, um die Muskeln, die Falten verursachen, zu l\u00e4hmen oder zu schw\u00e4chen.<\/p>\n<ol start=\"2\">\n<li>Wann wurde Botox erstmalig angewendet?<\/li>\n<\/ol>\n<p>Botulinumtoxine wurden erstmals Ende der 1960er Jahre zur Behandlung neurologischer Erkrankungen untersucht. Botox erhielt erstmals 1989 die FDA-Zulassung zur Behandlung von Augenmuskelerkrankungen. Es wurde festgestellt, dass die Falten zwischen den Augenbrauen als Nebenwirkung w\u00e4hrend der Behandlung von Augenmuskelerkrankungen aufgeweicht wurden.<\/p>\n<ol start=\"3\">\n<li>Ist Botox sicher?<\/li>\n<\/ol>\n<p>Im April 2002 genehmigte die FDA Botox, um die Schwere von Falten f\u00fcr 120 Tage zu reduzieren. Botox ist das beliebteste Mittel bei nicht-chirurgischen kosmetischen Verfahren.<\/p>\n<ol start=\"4\">\n<li>Welche Arten von Falten k\u00f6nnen mit Botox behandelt werden?<\/li>\n<\/ol>\n<p>Durch Muskelkontraktionen verursachte Falten wie z. B. Falten zwischen den Augenbrauen, Kr\u00e4henf\u00fc\u00dfen, Stirnfalten und Nackenb\u00e4ndern lassen sich mit Botox sicher und erfolgreich behandeln.<\/p>\n<p>Wenn Sie zur Botox-Injektion zu Ihrem Arzt gehen, werden Sie gebeten, verschiedene Gesichtsbewegungen (z. B. Stirnrunzeln) auszuf\u00fchren, damit der beste Bereich f\u00fcr die Injektion sichtbar wird. Die Injektion erfolgt mit einer feinen Nadel direkt in den Muskel.<\/p>\n<ol start=\"5\">\n<li>Was ist zu beachten?<\/li>\n<\/ol>\n<p>Fragen Sie Ihren Arzt nach den Vorteilen und Risiken des Verfahrens.<\/p>\n<p>Bevorzugen Sie eine medizinische Umgebung, in der sterile Techniken verwendet werden und wo die notwendige Ausr\u00fcstung f\u00fcr m\u00f6gliche Probleme verf\u00fcgbar ist.<\/p>\n<p>Trinken Sie in den ersten Stunden nach dem Eingriff keinen Alkohol und bleiben Sie aufrecht.<\/p>\n","protected":false},"excerpt":{"rendered":"<p>Botox (Botulinumtoxin) ist ein Toxin, das aus dem Bakterium Clostridium botulinum gewonnen wird. Es zeigt seine Wirkung, indem es die Freisetzung von Substanzen verhindert, die f\u00fcr das Weiterleiten in den Nervenenden sorgen, und indem es die \u00dcbertragung zwischen den Nerven und den von den Nerven erreichten Organen stoppt. Das f\u00fchrt dazu, dass die Funktionen des [&hellip;]<\/p>\n","protected":false},"author":1,"featured_media":0,"parent":0,"menu_order":0,"comment_status":"closed","ping_status":"closed","template":"","meta":{"footnotes":""},"class_list":["post-8767","page","type-page","status-publish","hentry"],"yoast_head":"<!-- This site is optimized with the Yoast SEO plugin v19.4 - https:\/\/yoast.com\/wordpress\/plugins\/seo\/ -->\n<title>Botox - Ayfa Clinic<\/title>\n<meta name=\"robots\" content=\"index, follow, max-snippet:-1, max-image-preview:large, max-video-preview:-1\" \/>\n<link rel=\"canonical\" href=\"https:\/\/www.ayfaclinic.com\/de\/botox\/\" \/>\n<meta property=\"og:locale\" content=\"de_DE\" \/>\n<meta property=\"og:type\" content=\"article\" \/>\n<meta property=\"og:title\" content=\"Botox - Ayfa Clinic\" \/>\n<meta property=\"og:description\" content=\"Botox (Botulinumtoxin) ist ein Toxin, das aus dem Bakterium Clostridium botulinum gewonnen wird. Es zeigt seine Wirkung, indem es die Freisetzung von Substanzen verhindert, die f\u00fcr das Weiterleiten in den Nervenenden sorgen, und indem es die \u00dcbertragung zwischen den Nerven und den von den Nerven erreichten Organen stoppt. Das f\u00fchrt dazu, dass die Funktionen des [&hellip;]\" \/>\n<meta property=\"og:url\" content=\"https:\/\/www.ayfaclinic.com\/de\/botox\/\" \/>\n<meta property=\"og:site_name\" content=\"Ayfa Clinic Deutsch\" \/>\n<meta name=\"twitter:card\" content=\"summary_large_image\" \/>\n<meta name=\"twitter:label1\" content=\"Gesch\u00e4tzte Lesezeit\" \/>\n\t<meta name=\"twitter:data1\" content=\"2\u00a0Minuten\" \/>\n<script type=\"application\/ld+json\" class=\"yoast-schema-graph\">{\"@context\":\"https:\/\/schema.org\",\"@graph\":[{\"@type\":\"WebSite\",\"@id\":\"https:\/\/www.ayfaclinic.com\/de\/#website\",\"url\":\"https:\/\/www.ayfaclinic.com\/de\/\",\"name\":\"Ayfa Clinic Deutsch\",\"description\":\"Ayfa Clinic - Health Starts Here\",\"potentialAction\":[{\"@type\":\"SearchAction\",\"target\":{\"@type\":\"EntryPoint\",\"urlTemplate\":\"https:\/\/www.ayfaclinic.com\/de\/?s={search_term_string}\"},\"query-input\":\"required name=search_term_string\"}],\"inLanguage\":\"de\"},{\"@type\":\"WebPage\",\"@id\":\"https:\/\/www.ayfaclinic.com\/de\/botox\/\",\"url\":\"https:\/\/www.ayfaclinic.com\/de\/botox\/\",\"name\":\"Botox - Ayfa Clinic\",\"isPartOf\":{\"@id\":\"https:\/\/www.ayfaclinic.com\/de\/#website\"},\"datePublished\":\"2022-08-22T12:01:42+00:00\",\"dateModified\":\"2022-08-22T12:01:42+00:00\",\"breadcrumb\":{\"@id\":\"https:\/\/www.ayfaclinic.com\/de\/botox\/#breadcrumb\"},\"inLanguage\":\"de\",\"potentialAction\":[{\"@type\":\"ReadAction\",\"target\":[\"https:\/\/www.ayfaclinic.com\/de\/botox\/\"]}]},{\"@type\":\"BreadcrumbList\",\"@id\":\"https:\/\/www.ayfaclinic.com\/de\/botox\/#breadcrumb\",\"itemListElement\":[{\"@type\":\"ListItem\",\"position\":1,\"name\":\"Anasayfa\",\"item\":\"https:\/\/www.ayfaclinic.com\/de\/\"},{\"@type\":\"ListItem\",\"position\":2,\"name\":\"Botox\"}]}]}<\/script>\n<!-- \/ Yoast SEO plugin. -->","yoast_head_json":{"title":"Botox - Ayfa Clinic","robots":{"index":"index","follow":"follow","max-snippet":"max-snippet:-1","max-image-preview":"max-image-preview:large","max-video-preview":"max-video-preview:-1"},"canonical":"https:\/\/www.ayfaclinic.com\/de\/botox\/","og_locale":"de_DE","og_type":"article","og_title":"Botox - Ayfa Clinic","og_description":"Botox (Botulinumtoxin) ist ein Toxin, das aus dem Bakterium Clostridium botulinum gewonnen wird. Es zeigt seine Wirkung, indem es die Freisetzung von Substanzen verhindert, die f\u00fcr das Weiterleiten in den Nervenenden sorgen, und indem es die \u00dcbertragung zwischen den Nerven und den von den Nerven erreichten Organen stoppt. Das f\u00fchrt dazu, dass die Funktionen des [&hellip;]","og_url":"https:\/\/www.ayfaclinic.com\/de\/botox\/","og_site_name":"Ayfa Clinic Deutsch","twitter_card":"summary_large_image","twitter_misc":{"Gesch\u00e4tzte Lesezeit":"2\u00a0Minuten"},"schema":{"@context":"https:\/\/schema.org","@graph":[{"@type":"WebSite","@id":"https:\/\/www.ayfaclinic.com\/de\/#website","url":"https:\/\/www.ayfaclinic.com\/de\/","name":"Ayfa Clinic Deutsch","description":"Ayfa Clinic - Health Starts Here","potentialAction":[{"@type":"SearchAction","target":{"@type":"EntryPoint","urlTemplate":"https:\/\/www.ayfaclinic.com\/de\/?s={search_term_string}"},"query-input":"required name=search_term_string"}],"inLanguage":"de"},{"@type":"WebPage","@id":"https:\/\/www.ayfaclinic.com\/de\/botox\/","url":"https:\/\/www.ayfaclinic.com\/de\/botox\/","name":"Botox - Ayfa Clinic","isPartOf":{"@id":"https:\/\/www.ayfaclinic.com\/de\/#website"},"datePublished":"2022-08-22T12:01:42+00:00","dateModified":"2022-08-22T12:01:42+00:00","breadcrumb":{"@id":"https:\/\/www.ayfaclinic.com\/de\/botox\/#breadcrumb"},"inLanguage":"de","potentialAction":[{"@type":"ReadAction","target":["https:\/\/www.ayfaclinic.com\/de\/botox\/"]}]},{"@type":"BreadcrumbList","@id":"https:\/\/www.ayfaclinic.com\/de\/botox\/#breadcrumb","itemListElement":[{"@type":"ListItem","position":1,"name":"Anasayfa","item":"https:\/\/www.ayfaclinic.com\/de\/"},{"@type":"ListItem","position":2,"name":"Botox"}]}]}},"_links":{"self":[{"href":"https:\/\/www.ayfaclinic.com\/de\/wp-json\/wp\/v2\/pages\/8767","targetHints":{"allow":["GET"]}}],"collection":[{"href":"https:\/\/www.ayfaclinic.com\/de\/wp-json\/wp\/v2\/pages"}],"about":[{"href":"https:\/\/www.ayfaclinic.com\/de\/wp-json\/wp\/v2\/types\/page"}],"author":[{"embeddable":true,"href":"https:\/\/www.ayfaclinic.com\/de\/wp-json\/wp\/v2\/users\/1"}],"replies":[{"embeddable":true,"href":"https:\/\/www.ayfaclinic.com\/de\/wp-json\/wp\/v2\/comments?post=8767"}],"version-history":[{"count":1,"href":"https:\/\/www.ayfaclinic.com\/de\/wp-json\/wp\/v2\/pages\/8767\/revisions"}],"predecessor-version":[{"id":8768,"href":"https:\/\/www.ayfaclinic.com\/de\/wp-json\/wp\/v2\/pages\/8767\/revisions\/8768"}],"wp:attachment":[{"href":"https:\/\/www.ayfaclinic.com\/de\/wp-json\/wp\/v2\/media?parent=8767"}],"curies":[{"name":"wp","href":"https:\/\/api.w.org\/{rel}","templated":true}]}}