{"id":8760,"date":"2022-08-22T11:43:31","date_gmt":"2022-08-22T11:43:31","guid":{"rendered":"https:\/\/www.ayfaclinic.com\/de\/?page_id=8760"},"modified":"2022-08-22T11:43:31","modified_gmt":"2022-08-22T11:43:31","slug":"kinderzahnheilkunde","status":"publish","type":"page","link":"https:\/\/www.ayfaclinic.com\/de\/kinderzahnheilkunde\/","title":{"rendered":"Kinderzahnheilkunde"},"content":{"rendered":"<p><strong>Die Kinderzahnheilkunde<\/strong> k\u00fcmmert sich um die Behandlung des gesamten Gebisses von der Geburt eines Kindes bis zum Ende der Adoleszenz.<\/p>\n<p><strong>F\u00fcllungen von Milchz\u00e4hnen und bleibenden Z\u00e4hnen<\/strong><\/p>\n<p>Es ist sehr wichtig, Milchz\u00e4hne von Karies zu befreien und F\u00fcllungen anzubringen, damit die nachkommenden bleibenden Z\u00e4hne auch gesch\u00fctzt werden. Manche Eltern, die F\u00fcllungen an Milchz\u00e4hnen, die sowieso ausfallen werden, als unn\u00f6tig ansehen, liegen mit dieser Behauptung ziemlich falsch. Eine schlechte Mundhygiene f\u00fchrt zu Karies an Milchz\u00e4hnen und Nachbarz\u00e4hnen und gef\u00e4hrdet au\u00dferdem die allgemeine Gesundheit.<\/p>\n<p>Auch bei Karies an bleibenden Z\u00e4hnen ist ein sofortiges Eingreifen f\u00fcr den Erhalt der Z\u00e4hne und der allgemeinen Gesundheit sehr zu empfehlen.<\/p>\n<p><strong>Fissurenversiegelung<\/strong><\/p>\n<p>Tiefe Gr\u00fcbchen und Rillen auf den Oberfl\u00e4chen der Z\u00e4hne werden als Fissuren bezeichnet. Bei<\/p>\n<p>Z\u00e4hnen mit Fissuren ist das Entfernen von Bakterien aus diesem Bereich mit einer Zahnb\u00fcrste sehr schwer. Sie verursachen und erleichtern die Bildung von Karies.<\/p>\n<p>Um diese Rillen auszuf\u00fcllen, werden sie mit fl\u00fcssigkeitsbest\u00e4ndigen F\u00fcllstoffen, sogenannten Fissurenversieglern, geschlossen.<\/p>\n<p><strong>Platzhalter<\/strong><\/p>\n<p>M\u00fcssen die Milchz\u00e4hne vorzeitig gezogen werden, kommen Platzhalter zum Einsatz.<\/p>\n<p>Sie sch\u00fctzen den Zahnextraktionsraum, damit der Zahn, der nachwachsen wird in diese L\u00fccke einf\u00fcgen kann. Au\u00dferdem wird durch den Platzhalter daf\u00fcr gesorgt, dass die anderen Z\u00e4hne nicht in \u00a0Kavit\u00e4t rutschen.<\/p>\n<p><strong>Platzhalter<\/strong><\/p>\n<p>Es gibt 2 Arten von Platzhaltern: festsitzende und abnehmbare.<\/p>\n","protected":false},"excerpt":{"rendered":"<p>Die Kinderzahnheilkunde k\u00fcmmert sich um die Behandlung des gesamten Gebisses von der Geburt eines Kindes bis zum Ende der Adoleszenz. F\u00fcllungen von Milchz\u00e4hnen und bleibenden Z\u00e4hnen Es ist sehr wichtig, Milchz\u00e4hne von Karies zu befreien und F\u00fcllungen anzubringen, damit die nachkommenden bleibenden Z\u00e4hne auch gesch\u00fctzt werden. Manche Eltern, die F\u00fcllungen an Milchz\u00e4hnen, die sowieso ausfallen [&hellip;]<\/p>\n","protected":false},"author":1,"featured_media":0,"parent":0,"menu_order":0,"comment_status":"closed","ping_status":"closed","template":"","meta":{"footnotes":""},"class_list":["post-8760","page","type-page","status-publish","hentry"],"yoast_head":"<!-- This site is optimized with the Yoast SEO plugin v19.4 - https:\/\/yoast.com\/wordpress\/plugins\/seo\/ -->\n<title>Kinderzahnheilkunde - Ayfa Clinic<\/title>\n<meta name=\"robots\" content=\"index, follow, max-snippet:-1, max-image-preview:large, max-video-preview:-1\" \/>\n<link rel=\"canonical\" href=\"https:\/\/www.ayfaclinic.com\/de\/kinderzahnheilkunde\/\" \/>\n<meta property=\"og:locale\" content=\"de_DE\" \/>\n<meta property=\"og:type\" content=\"article\" \/>\n<meta property=\"og:title\" content=\"Kinderzahnheilkunde - Ayfa Clinic\" \/>\n<meta property=\"og:description\" content=\"Die Kinderzahnheilkunde k\u00fcmmert sich um die Behandlung des gesamten Gebisses von der Geburt eines Kindes bis zum Ende der Adoleszenz. F\u00fcllungen von Milchz\u00e4hnen und bleibenden Z\u00e4hnen Es ist sehr wichtig, Milchz\u00e4hne von Karies zu befreien und F\u00fcllungen anzubringen, damit die nachkommenden bleibenden Z\u00e4hne auch gesch\u00fctzt werden. Manche Eltern, die F\u00fcllungen an Milchz\u00e4hnen, die sowieso ausfallen [&hellip;]\" \/>\n<meta property=\"og:url\" content=\"https:\/\/www.ayfaclinic.com\/de\/kinderzahnheilkunde\/\" \/>\n<meta property=\"og:site_name\" content=\"Ayfa Clinic Deutsch\" \/>\n<meta name=\"twitter:card\" content=\"summary_large_image\" \/>\n<meta name=\"twitter:label1\" content=\"Gesch\u00e4tzte Lesezeit\" \/>\n\t<meta name=\"twitter:data1\" content=\"2\u00a0Minuten\" \/>\n<script type=\"application\/ld+json\" class=\"yoast-schema-graph\">{\"@context\":\"https:\/\/schema.org\",\"@graph\":[{\"@type\":\"WebSite\",\"@id\":\"https:\/\/www.ayfaclinic.com\/de\/#website\",\"url\":\"https:\/\/www.ayfaclinic.com\/de\/\",\"name\":\"Ayfa Clinic Deutsch\",\"description\":\"Ayfa Clinic - Health Starts Here\",\"potentialAction\":[{\"@type\":\"SearchAction\",\"target\":{\"@type\":\"EntryPoint\",\"urlTemplate\":\"https:\/\/www.ayfaclinic.com\/de\/?s={search_term_string}\"},\"query-input\":\"required name=search_term_string\"}],\"inLanguage\":\"de\"},{\"@type\":\"WebPage\",\"@id\":\"https:\/\/www.ayfaclinic.com\/de\/kinderzahnheilkunde\/\",\"url\":\"https:\/\/www.ayfaclinic.com\/de\/kinderzahnheilkunde\/\",\"name\":\"Kinderzahnheilkunde - Ayfa Clinic\",\"isPartOf\":{\"@id\":\"https:\/\/www.ayfaclinic.com\/de\/#website\"},\"datePublished\":\"2022-08-22T11:43:31+00:00\",\"dateModified\":\"2022-08-22T11:43:31+00:00\",\"breadcrumb\":{\"@id\":\"https:\/\/www.ayfaclinic.com\/de\/kinderzahnheilkunde\/#breadcrumb\"},\"inLanguage\":\"de\",\"potentialAction\":[{\"@type\":\"ReadAction\",\"target\":[\"https:\/\/www.ayfaclinic.com\/de\/kinderzahnheilkunde\/\"]}]},{\"@type\":\"BreadcrumbList\",\"@id\":\"https:\/\/www.ayfaclinic.com\/de\/kinderzahnheilkunde\/#breadcrumb\",\"itemListElement\":[{\"@type\":\"ListItem\",\"position\":1,\"name\":\"Anasayfa\",\"item\":\"https:\/\/www.ayfaclinic.com\/de\/\"},{\"@type\":\"ListItem\",\"position\":2,\"name\":\"Kinderzahnheilkunde\"}]}]}<\/script>\n<!-- \/ Yoast SEO plugin. -->","yoast_head_json":{"title":"Kinderzahnheilkunde - Ayfa Clinic","robots":{"index":"index","follow":"follow","max-snippet":"max-snippet:-1","max-image-preview":"max-image-preview:large","max-video-preview":"max-video-preview:-1"},"canonical":"https:\/\/www.ayfaclinic.com\/de\/kinderzahnheilkunde\/","og_locale":"de_DE","og_type":"article","og_title":"Kinderzahnheilkunde - Ayfa Clinic","og_description":"Die Kinderzahnheilkunde k\u00fcmmert sich um die Behandlung des gesamten Gebisses von der Geburt eines Kindes bis zum Ende der Adoleszenz. F\u00fcllungen von Milchz\u00e4hnen und bleibenden Z\u00e4hnen Es ist sehr wichtig, Milchz\u00e4hne von Karies zu befreien und F\u00fcllungen anzubringen, damit die nachkommenden bleibenden Z\u00e4hne auch gesch\u00fctzt werden. Manche Eltern, die F\u00fcllungen an Milchz\u00e4hnen, die sowieso ausfallen [&hellip;]","og_url":"https:\/\/www.ayfaclinic.com\/de\/kinderzahnheilkunde\/","og_site_name":"Ayfa Clinic Deutsch","twitter_card":"summary_large_image","twitter_misc":{"Gesch\u00e4tzte Lesezeit":"2\u00a0Minuten"},"schema":{"@context":"https:\/\/schema.org","@graph":[{"@type":"WebSite","@id":"https:\/\/www.ayfaclinic.com\/de\/#website","url":"https:\/\/www.ayfaclinic.com\/de\/","name":"Ayfa Clinic Deutsch","description":"Ayfa Clinic - Health Starts Here","potentialAction":[{"@type":"SearchAction","target":{"@type":"EntryPoint","urlTemplate":"https:\/\/www.ayfaclinic.com\/de\/?s={search_term_string}"},"query-input":"required name=search_term_string"}],"inLanguage":"de"},{"@type":"WebPage","@id":"https:\/\/www.ayfaclinic.com\/de\/kinderzahnheilkunde\/","url":"https:\/\/www.ayfaclinic.com\/de\/kinderzahnheilkunde\/","name":"Kinderzahnheilkunde - Ayfa Clinic","isPartOf":{"@id":"https:\/\/www.ayfaclinic.com\/de\/#website"},"datePublished":"2022-08-22T11:43:31+00:00","dateModified":"2022-08-22T11:43:31+00:00","breadcrumb":{"@id":"https:\/\/www.ayfaclinic.com\/de\/kinderzahnheilkunde\/#breadcrumb"},"inLanguage":"de","potentialAction":[{"@type":"ReadAction","target":["https:\/\/www.ayfaclinic.com\/de\/kinderzahnheilkunde\/"]}]},{"@type":"BreadcrumbList","@id":"https:\/\/www.ayfaclinic.com\/de\/kinderzahnheilkunde\/#breadcrumb","itemListElement":[{"@type":"ListItem","position":1,"name":"Anasayfa","item":"https:\/\/www.ayfaclinic.com\/de\/"},{"@type":"ListItem","position":2,"name":"Kinderzahnheilkunde"}]}]}},"_links":{"self":[{"href":"https:\/\/www.ayfaclinic.com\/de\/wp-json\/wp\/v2\/pages\/8760","targetHints":{"allow":["GET"]}}],"collection":[{"href":"https:\/\/www.ayfaclinic.com\/de\/wp-json\/wp\/v2\/pages"}],"about":[{"href":"https:\/\/www.ayfaclinic.com\/de\/wp-json\/wp\/v2\/types\/page"}],"author":[{"embeddable":true,"href":"https:\/\/www.ayfaclinic.com\/de\/wp-json\/wp\/v2\/users\/1"}],"replies":[{"embeddable":true,"href":"https:\/\/www.ayfaclinic.com\/de\/wp-json\/wp\/v2\/comments?post=8760"}],"version-history":[{"count":1,"href":"https:\/\/www.ayfaclinic.com\/de\/wp-json\/wp\/v2\/pages\/8760\/revisions"}],"predecessor-version":[{"id":8761,"href":"https:\/\/www.ayfaclinic.com\/de\/wp-json\/wp\/v2\/pages\/8760\/revisions\/8761"}],"wp:attachment":[{"href":"https:\/\/www.ayfaclinic.com\/de\/wp-json\/wp\/v2\/media?parent=8760"}],"curies":[{"name":"wp","href":"https:\/\/api.w.org\/{rel}","templated":true}]}}