{"id":8758,"date":"2022-08-22T11:43:05","date_gmt":"2022-08-22T11:43:05","guid":{"rendered":"https:\/\/www.ayfaclinic.com\/de\/?page_id=8758"},"modified":"2022-08-22T11:43:05","modified_gmt":"2022-08-22T11:43:05","slug":"kieferorthopadie","status":"publish","type":"page","link":"https:\/\/www.ayfaclinic.com\/de\/kieferorthopadie\/","title":{"rendered":"Kieferorthop\u00e4die"},"content":{"rendered":"<p><strong>Die Kieferorthop\u00e4die<\/strong> ist eine Behandlung, die darauf abzielt, schiefe Z\u00e4hne zu korrigieren, Zahnl\u00fccken zu schlie\u00dfen und Beseitigung von Fehlstellungen aufgrund von Wachstumsunterschieden zwischen den Kiefern auszugleichen. Es ist umgangssprachlich bekannt als Zahnspangenbehandlung. Metallspangen, Porzellanspangen und transparente Plaques sind die h\u00e4ufigsten allgemein angewandte Behandlungstechniken. Eine kieferorthop\u00e4dische Behandlung dauert im Durchschnitt 1,5-2 Jahre.<\/p>\n<p>Obwohl das ideale Alter f\u00fcr den Beginn der Behandlung mit 12 Jahren angegeben wird, ist es notwendig, fr\u00fcher einzugreifen.<\/p>\n<p>Patienten mit einigen Kieferwachstumsproblemen (F\u00e4lle, in denen der Ober- oder Unterkiefer zu weit vor- oder zur\u00fccksteht). Wenn bei diesen Patienten nicht rechtzeitig eingegriffen wird, kann sp\u00e4ter ein chirurgischer Eingriff (orthognathe Chirurgie) erforderlich werden.<\/p>\n<p><strong>Metallspangen:<\/strong> In der Kieferorthop\u00e4die ist diese Form der Behandlung die am meist verwendete. Zahnspangen in der Kieferorthop\u00e4die. Obwohl es die von den \u00c4rzten am h\u00e4ufigsten bevorzugte Zahnspange ist, wollen sie viele Patienten nicht wegen des grauen Aussehens.<\/p>\n<p>Trotzdem ist diesen Orthesensystemen kosteng\u00fcnstig und kann auch schnell durchgef\u00fchrtwerden.<\/p>\n<p><strong>Porzellan-Zahnspangen<\/strong> werden in den letzten Jahren aufgrund ihrer \u00c4sthetik den Metall-Zahnspangen bevorzugt.<\/p>\n<p>Ein Vorteil ist die wei\u00dfe Farbe und ein weniger auff\u00e4lliges Aussehen. Die Behandlungszeit mit Porzellan-Zahnspangen dauerte fr\u00fcher etwa 6 Monate l\u00e4nger als bei den Metallbrackets, aber die Porzellan-Zahnspangen wurden technologisch weiterentwickelt, so dass es inzwischen keinen gro\u00dfen Unterschied mehr gibt.<\/p>\n<p><strong>Transparente Plaques:<\/strong> Patienten, denen das Vorhandensein von Metall und Porzellan unangenehm ist, werden Brackets als transparente Plaques angeboten. Obwohl es nicht f\u00fcr jeden Patienten geeignet ist, ist es heute f\u00fcr viele Patienten eine gute Behandlungsoption. In unserer Klinik k\u00f6nnen\u00a0 Patienten, die eine kieferorthop\u00e4dische Behandlung ohne Zahnextraktion erhalten normalerweise auch diese Plaques bekommen.<\/p>\n<p>Bei den Patienten werden vorab die intraoralen Bedingungen anhand von intraoralen Messungen und einem Kamerasystemen gescannt. Anschlie\u00dfend werden die Brackets patientenspezifisch digital hergestellt. Die Dauer der Behandlung unterscheidet sich zwar von Person zu Person, \u00a0jedoch ist diese kieferorthop\u00e4dische Behandlungsmethode nicht wesentlich anders als die einer Behandlung mit einer normalen Zahnspange.<\/p>\n","protected":false},"excerpt":{"rendered":"<p>Die Kieferorthop\u00e4die ist eine Behandlung, die darauf abzielt, schiefe Z\u00e4hne zu korrigieren, Zahnl\u00fccken zu schlie\u00dfen und Beseitigung von Fehlstellungen aufgrund von Wachstumsunterschieden zwischen den Kiefern auszugleichen. Es ist umgangssprachlich bekannt als Zahnspangenbehandlung. Metallspangen, Porzellanspangen und transparente Plaques sind die h\u00e4ufigsten allgemein angewandte Behandlungstechniken. Eine kieferorthop\u00e4dische Behandlung dauert im Durchschnitt 1,5-2 Jahre. Obwohl das ideale Alter [&hellip;]<\/p>\n","protected":false},"author":1,"featured_media":0,"parent":0,"menu_order":0,"comment_status":"closed","ping_status":"closed","template":"","meta":{"footnotes":""},"class_list":["post-8758","page","type-page","status-publish","hentry"],"yoast_head":"<!-- This site is optimized with the Yoast SEO plugin v19.4 - https:\/\/yoast.com\/wordpress\/plugins\/seo\/ -->\n<title>Kieferorthop\u00e4die - Ayfa Clinic<\/title>\n<meta name=\"robots\" content=\"index, follow, max-snippet:-1, max-image-preview:large, max-video-preview:-1\" \/>\n<link rel=\"canonical\" href=\"https:\/\/www.ayfaclinic.com\/de\/kieferorthopadie\/\" \/>\n<meta property=\"og:locale\" content=\"de_DE\" \/>\n<meta property=\"og:type\" content=\"article\" \/>\n<meta property=\"og:title\" content=\"Kieferorthop\u00e4die - Ayfa Clinic\" \/>\n<meta property=\"og:description\" content=\"Die Kieferorthop\u00e4die ist eine Behandlung, die darauf abzielt, schiefe Z\u00e4hne zu korrigieren, Zahnl\u00fccken zu schlie\u00dfen und Beseitigung von Fehlstellungen aufgrund von Wachstumsunterschieden zwischen den Kiefern auszugleichen. Es ist umgangssprachlich bekannt als Zahnspangenbehandlung. Metallspangen, Porzellanspangen und transparente Plaques sind die h\u00e4ufigsten allgemein angewandte Behandlungstechniken. Eine kieferorthop\u00e4dische Behandlung dauert im Durchschnitt 1,5-2 Jahre. Obwohl das ideale Alter [&hellip;]\" \/>\n<meta property=\"og:url\" content=\"https:\/\/www.ayfaclinic.com\/de\/kieferorthopadie\/\" \/>\n<meta property=\"og:site_name\" content=\"Ayfa Clinic Deutsch\" \/>\n<meta name=\"twitter:card\" content=\"summary_large_image\" \/>\n<meta name=\"twitter:label1\" content=\"Gesch\u00e4tzte Lesezeit\" \/>\n\t<meta name=\"twitter:data1\" content=\"2\u00a0Minuten\" \/>\n<script type=\"application\/ld+json\" class=\"yoast-schema-graph\">{\"@context\":\"https:\/\/schema.org\",\"@graph\":[{\"@type\":\"WebSite\",\"@id\":\"https:\/\/www.ayfaclinic.com\/de\/#website\",\"url\":\"https:\/\/www.ayfaclinic.com\/de\/\",\"name\":\"Ayfa Clinic Deutsch\",\"description\":\"Ayfa Clinic - Health Starts Here\",\"potentialAction\":[{\"@type\":\"SearchAction\",\"target\":{\"@type\":\"EntryPoint\",\"urlTemplate\":\"https:\/\/www.ayfaclinic.com\/de\/?s={search_term_string}\"},\"query-input\":\"required name=search_term_string\"}],\"inLanguage\":\"de\"},{\"@type\":\"WebPage\",\"@id\":\"https:\/\/www.ayfaclinic.com\/de\/kieferorthopadie\/\",\"url\":\"https:\/\/www.ayfaclinic.com\/de\/kieferorthopadie\/\",\"name\":\"Kieferorthop\u00e4die - Ayfa Clinic\",\"isPartOf\":{\"@id\":\"https:\/\/www.ayfaclinic.com\/de\/#website\"},\"datePublished\":\"2022-08-22T11:43:05+00:00\",\"dateModified\":\"2022-08-22T11:43:05+00:00\",\"breadcrumb\":{\"@id\":\"https:\/\/www.ayfaclinic.com\/de\/kieferorthopadie\/#breadcrumb\"},\"inLanguage\":\"de\",\"potentialAction\":[{\"@type\":\"ReadAction\",\"target\":[\"https:\/\/www.ayfaclinic.com\/de\/kieferorthopadie\/\"]}]},{\"@type\":\"BreadcrumbList\",\"@id\":\"https:\/\/www.ayfaclinic.com\/de\/kieferorthopadie\/#breadcrumb\",\"itemListElement\":[{\"@type\":\"ListItem\",\"position\":1,\"name\":\"Anasayfa\",\"item\":\"https:\/\/www.ayfaclinic.com\/de\/\"},{\"@type\":\"ListItem\",\"position\":2,\"name\":\"Kieferorthop\u00e4die\"}]}]}<\/script>\n<!-- \/ Yoast SEO plugin. -->","yoast_head_json":{"title":"Kieferorthop\u00e4die - Ayfa Clinic","robots":{"index":"index","follow":"follow","max-snippet":"max-snippet:-1","max-image-preview":"max-image-preview:large","max-video-preview":"max-video-preview:-1"},"canonical":"https:\/\/www.ayfaclinic.com\/de\/kieferorthopadie\/","og_locale":"de_DE","og_type":"article","og_title":"Kieferorthop\u00e4die - Ayfa Clinic","og_description":"Die Kieferorthop\u00e4die ist eine Behandlung, die darauf abzielt, schiefe Z\u00e4hne zu korrigieren, Zahnl\u00fccken zu schlie\u00dfen und Beseitigung von Fehlstellungen aufgrund von Wachstumsunterschieden zwischen den Kiefern auszugleichen. Es ist umgangssprachlich bekannt als Zahnspangenbehandlung. Metallspangen, Porzellanspangen und transparente Plaques sind die h\u00e4ufigsten allgemein angewandte Behandlungstechniken. Eine kieferorthop\u00e4dische Behandlung dauert im Durchschnitt 1,5-2 Jahre. Obwohl das ideale Alter [&hellip;]","og_url":"https:\/\/www.ayfaclinic.com\/de\/kieferorthopadie\/","og_site_name":"Ayfa Clinic Deutsch","twitter_card":"summary_large_image","twitter_misc":{"Gesch\u00e4tzte Lesezeit":"2\u00a0Minuten"},"schema":{"@context":"https:\/\/schema.org","@graph":[{"@type":"WebSite","@id":"https:\/\/www.ayfaclinic.com\/de\/#website","url":"https:\/\/www.ayfaclinic.com\/de\/","name":"Ayfa Clinic Deutsch","description":"Ayfa Clinic - Health Starts Here","potentialAction":[{"@type":"SearchAction","target":{"@type":"EntryPoint","urlTemplate":"https:\/\/www.ayfaclinic.com\/de\/?s={search_term_string}"},"query-input":"required name=search_term_string"}],"inLanguage":"de"},{"@type":"WebPage","@id":"https:\/\/www.ayfaclinic.com\/de\/kieferorthopadie\/","url":"https:\/\/www.ayfaclinic.com\/de\/kieferorthopadie\/","name":"Kieferorthop\u00e4die - Ayfa Clinic","isPartOf":{"@id":"https:\/\/www.ayfaclinic.com\/de\/#website"},"datePublished":"2022-08-22T11:43:05+00:00","dateModified":"2022-08-22T11:43:05+00:00","breadcrumb":{"@id":"https:\/\/www.ayfaclinic.com\/de\/kieferorthopadie\/#breadcrumb"},"inLanguage":"de","potentialAction":[{"@type":"ReadAction","target":["https:\/\/www.ayfaclinic.com\/de\/kieferorthopadie\/"]}]},{"@type":"BreadcrumbList","@id":"https:\/\/www.ayfaclinic.com\/de\/kieferorthopadie\/#breadcrumb","itemListElement":[{"@type":"ListItem","position":1,"name":"Anasayfa","item":"https:\/\/www.ayfaclinic.com\/de\/"},{"@type":"ListItem","position":2,"name":"Kieferorthop\u00e4die"}]}]}},"_links":{"self":[{"href":"https:\/\/www.ayfaclinic.com\/de\/wp-json\/wp\/v2\/pages\/8758","targetHints":{"allow":["GET"]}}],"collection":[{"href":"https:\/\/www.ayfaclinic.com\/de\/wp-json\/wp\/v2\/pages"}],"about":[{"href":"https:\/\/www.ayfaclinic.com\/de\/wp-json\/wp\/v2\/types\/page"}],"author":[{"embeddable":true,"href":"https:\/\/www.ayfaclinic.com\/de\/wp-json\/wp\/v2\/users\/1"}],"replies":[{"embeddable":true,"href":"https:\/\/www.ayfaclinic.com\/de\/wp-json\/wp\/v2\/comments?post=8758"}],"version-history":[{"count":1,"href":"https:\/\/www.ayfaclinic.com\/de\/wp-json\/wp\/v2\/pages\/8758\/revisions"}],"predecessor-version":[{"id":8759,"href":"https:\/\/www.ayfaclinic.com\/de\/wp-json\/wp\/v2\/pages\/8758\/revisions\/8759"}],"wp:attachment":[{"href":"https:\/\/www.ayfaclinic.com\/de\/wp-json\/wp\/v2\/media?parent=8758"}],"curies":[{"name":"wp","href":"https:\/\/api.w.org\/{rel}","templated":true}]}}