{"id":8749,"date":"2022-08-22T11:40:32","date_gmt":"2022-08-22T11:40:32","guid":{"rendered":"https:\/\/www.ayfaclinic.com\/de\/?page_id=8749"},"modified":"2022-08-22T11:40:32","modified_gmt":"2022-08-22T11:40:32","slug":"urogynakologie","status":"publish","type":"page","link":"https:\/\/www.ayfaclinic.com\/de\/urogynakologie\/","title":{"rendered":"Urogyn\u00e4kologie"},"content":{"rendered":"<p>Urogyn\u00e4kologie untersucht erschlaffte Beckenorgane, Schwierigkeiten beim Stuhlgang, Fisteln oder angeborene Probleme im Zusammenhang mit der Scheide. Die Urogyn\u00e4kologie ist daher das Fachgebiet, das krankhafte Zust\u00e4nde von Beckenbodenerkrankungen diagnostiziert und behandelt.<\/p>\n<p>Die Urogyn\u00e4kologie konzentriert sich auf die aktive Blase, den Unterleibsvorfall und die Harninkontinenz bei Frauen. Harninkontinenz ist das h\u00e4ufigste Gesundheitsproblem bei \u00e4lteren Patienten.<\/p>\n<p>Im Allgemeinen k\u00f6nnen 50 Prozent der Frauen nach der Menopause an Harninkontinenz leiden. Andere Faktoren, die au\u00dfer den Wechseljahren eine Harninkontinenz verursachen:<\/p>\n<ul>\n<li>Absacken der Geschlechtsorgane,<\/li>\n<li>Fortschreiten des Alters,<\/li>\n<li>Schwierige Geburtsgeschichten,<\/li>\n<li>chronische und genetische Krankheiten.<\/li>\n<\/ul>\n<p>All diese Faktoren reduzieren die Lebensqualit\u00e4t und das Sexualleben. Behandlungen wie Harninkontinenz sind recht einfach, aber gesundheitliche Probleme, die die Lebensqualit\u00e4t stark einschr\u00e4nken, werden im Bereich der Urogyn\u00e4kologie behandelt.<\/p>\n<h2>Was ist Harninkontinenz?<\/h2>\n<p>Harninkontinenz bezieht sich auf den unfreiwilligen Verlust der Blasenkontrolle. Es ist ein sehr h\u00e4ufiges Gesundheitsproblem auf der ganzen Welt. Ihr Schweregrad ist von Patient zu Patient unterschiedlich.<\/p>\n<p>Bei Frauen mit diesem Gesundheitsproblem kann eine Reflexharninkontinenz in nat\u00fcrlichen Situationen wie Lachen, Laufen, Sport, Husten oder Niesen auftreten.<\/p>\n<h2>Welche Arten von Harninkontinenz gibt es?<\/h2>\n<p>Stressharninkontinenz: bezeichnet die nat\u00fcrliche Inkontinenz des Patienten beim Husten, Niesen oder Sport. Der Schweregrad dieser Art von Harninkontinenz ist mild.<\/p>\n<p>Dranginkontinenz: Bei dieser Form der Harninkontinenz kommt es bei voller oder leerer Blase zu einem pl\u00f6tzlichen Harndrang. Eine unfreiwillige Harninkontinenz tritt jedoch auf, bevor der Patient die Toilette erreichen kann. Harninkontinenz kann auftreten, insbesondere wenn der Patient kalte Getr\u00e4nke konsumiert, das Ger\u00e4usch von Wasser h\u00f6rt oder w\u00e4hrend er schl\u00e4ft.<\/p>\n<p>Mischharninkontinenz: Belastungs- und Drangsituationen werden bei dieser Form der<\/p>\n<p>Harninkontinenz als gemischt angesehen. Andere Arten von Harninkontinenz:<\/p>\n<ul>\n<li>Funktionelle Harninkontinenz,<\/li>\n<li>\u00dcberlaufharninkontinenz,<\/li>\n<li>Vor\u00fcbergehende Harninkontinenz,<\/li>\n<li>Dauerharninkontinenz,<\/li>\n<li>psychogene Harninkontinenz,<\/li>\n<li>Harninkontinenz beim Geschlechtsverkehr.<\/li>\n<\/ul>\n<h2>Wie wird Harninkontinenz behandelt?<\/h2>\n<p>Harninkontinenz ist sehr einfach zu behandeln. Der erste und wichtigste Schritt f\u00fcr die Behandlung der Harninkontinenz, die eine sehr hohe Erfolgsquote hat, besteht darin, dass der Patient den Zustand akzeptieren und sich an einen Spezialisten auf diesem Gebiet wendet. Je fr\u00fcher das Problem der Harninkontinenz behandelt wird, desto eher wird das Problem gel\u00f6st.<\/p>\n<p>Auf diese Weise wird die Lebensqualit\u00e4t des Patienten gesteigert. Bei der Problematik der Harninkontinenz k\u00f6nnen operative oder medikament\u00f6se Behandlungsmethoden angewendet werden.<\/p>\n<p>Im Rahmen der chirurgischen Behandlungsmethoden:<\/p>\n<ul>\n<li>TVT: Es ist eine Pflasterbehandlung, die vaginal angewendet wird. Die Behandlung wird mit Schnitten kleiner als 1 cm abgeschlossen.<\/li>\n<li>TOT: es ist eine vaginale Operation. Es wird angewendet, indem es durch die als Obturator bezeichneten L\u00f6cher auf beiden Seiten des Beckens eingef\u00fchrt wird.<\/li>\n<li>Minisling: Hierbei wird ein Pflaster unter der Harnr\u00f6hre platziert. Es wird ein kurzer Patch verwendet.<\/li>\n<li>Pr\u00e4pubische Schlinge: Dies ist eine vaginale Operationsmethode. Die Operation wird durch winzige Einschnitte unter der Harnr\u00f6hre abgeschlossen.<\/li>\n<\/ul>\n<p>Welche Operation sinnvoller ist, wird je nach Gesundheitsproblem des Patienten und Art der Harninkontinenz entschieden.<\/p>\n","protected":false},"excerpt":{"rendered":"<p>Urogyn\u00e4kologie untersucht erschlaffte Beckenorgane, Schwierigkeiten beim Stuhlgang, Fisteln oder angeborene Probleme im Zusammenhang mit der Scheide. Die Urogyn\u00e4kologie ist daher das Fachgebiet, das krankhafte Zust\u00e4nde von Beckenbodenerkrankungen diagnostiziert und behandelt. Die Urogyn\u00e4kologie konzentriert sich auf die aktive Blase, den Unterleibsvorfall und die Harninkontinenz bei Frauen. Harninkontinenz ist das h\u00e4ufigste Gesundheitsproblem bei \u00e4lteren Patienten. Im Allgemeinen [&hellip;]<\/p>\n","protected":false},"author":1,"featured_media":0,"parent":0,"menu_order":0,"comment_status":"closed","ping_status":"closed","template":"","meta":{"footnotes":""},"class_list":["post-8749","page","type-page","status-publish","hentry"],"yoast_head":"<!-- This site is optimized with the Yoast SEO plugin v19.4 - https:\/\/yoast.com\/wordpress\/plugins\/seo\/ -->\n<title>Urogyn\u00e4kologie - Ayfa Clinic<\/title>\n<meta name=\"robots\" content=\"index, follow, max-snippet:-1, max-image-preview:large, max-video-preview:-1\" \/>\n<link rel=\"canonical\" href=\"https:\/\/www.ayfaclinic.com\/de\/urogynakologie\/\" \/>\n<meta property=\"og:locale\" content=\"de_DE\" \/>\n<meta property=\"og:type\" content=\"article\" \/>\n<meta property=\"og:title\" content=\"Urogyn\u00e4kologie - Ayfa Clinic\" \/>\n<meta property=\"og:description\" content=\"Urogyn\u00e4kologie untersucht erschlaffte Beckenorgane, Schwierigkeiten beim Stuhlgang, Fisteln oder angeborene Probleme im Zusammenhang mit der Scheide. Die Urogyn\u00e4kologie ist daher das Fachgebiet, das krankhafte Zust\u00e4nde von Beckenbodenerkrankungen diagnostiziert und behandelt. Die Urogyn\u00e4kologie konzentriert sich auf die aktive Blase, den Unterleibsvorfall und die Harninkontinenz bei Frauen. Harninkontinenz ist das h\u00e4ufigste Gesundheitsproblem bei \u00e4lteren Patienten. Im Allgemeinen [&hellip;]\" \/>\n<meta property=\"og:url\" content=\"https:\/\/www.ayfaclinic.com\/de\/urogynakologie\/\" \/>\n<meta property=\"og:site_name\" content=\"Ayfa Clinic Deutsch\" \/>\n<meta name=\"twitter:card\" content=\"summary_large_image\" \/>\n<meta name=\"twitter:label1\" content=\"Gesch\u00e4tzte Lesezeit\" \/>\n\t<meta name=\"twitter:data1\" content=\"3\u00a0Minuten\" \/>\n<script type=\"application\/ld+json\" class=\"yoast-schema-graph\">{\"@context\":\"https:\/\/schema.org\",\"@graph\":[{\"@type\":\"WebSite\",\"@id\":\"https:\/\/www.ayfaclinic.com\/de\/#website\",\"url\":\"https:\/\/www.ayfaclinic.com\/de\/\",\"name\":\"Ayfa Clinic Deutsch\",\"description\":\"Ayfa Clinic - Health Starts Here\",\"potentialAction\":[{\"@type\":\"SearchAction\",\"target\":{\"@type\":\"EntryPoint\",\"urlTemplate\":\"https:\/\/www.ayfaclinic.com\/de\/?s={search_term_string}\"},\"query-input\":\"required name=search_term_string\"}],\"inLanguage\":\"de\"},{\"@type\":\"WebPage\",\"@id\":\"https:\/\/www.ayfaclinic.com\/de\/urogynakologie\/\",\"url\":\"https:\/\/www.ayfaclinic.com\/de\/urogynakologie\/\",\"name\":\"Urogyn\u00e4kologie - Ayfa Clinic\",\"isPartOf\":{\"@id\":\"https:\/\/www.ayfaclinic.com\/de\/#website\"},\"datePublished\":\"2022-08-22T11:40:32+00:00\",\"dateModified\":\"2022-08-22T11:40:32+00:00\",\"breadcrumb\":{\"@id\":\"https:\/\/www.ayfaclinic.com\/de\/urogynakologie\/#breadcrumb\"},\"inLanguage\":\"de\",\"potentialAction\":[{\"@type\":\"ReadAction\",\"target\":[\"https:\/\/www.ayfaclinic.com\/de\/urogynakologie\/\"]}]},{\"@type\":\"BreadcrumbList\",\"@id\":\"https:\/\/www.ayfaclinic.com\/de\/urogynakologie\/#breadcrumb\",\"itemListElement\":[{\"@type\":\"ListItem\",\"position\":1,\"name\":\"Anasayfa\",\"item\":\"https:\/\/www.ayfaclinic.com\/de\/\"},{\"@type\":\"ListItem\",\"position\":2,\"name\":\"Urogyn\u00e4kologie\"}]}]}<\/script>\n<!-- \/ Yoast SEO plugin. -->","yoast_head_json":{"title":"Urogyn\u00e4kologie - Ayfa Clinic","robots":{"index":"index","follow":"follow","max-snippet":"max-snippet:-1","max-image-preview":"max-image-preview:large","max-video-preview":"max-video-preview:-1"},"canonical":"https:\/\/www.ayfaclinic.com\/de\/urogynakologie\/","og_locale":"de_DE","og_type":"article","og_title":"Urogyn\u00e4kologie - Ayfa Clinic","og_description":"Urogyn\u00e4kologie untersucht erschlaffte Beckenorgane, Schwierigkeiten beim Stuhlgang, Fisteln oder angeborene Probleme im Zusammenhang mit der Scheide. Die Urogyn\u00e4kologie ist daher das Fachgebiet, das krankhafte Zust\u00e4nde von Beckenbodenerkrankungen diagnostiziert und behandelt. Die Urogyn\u00e4kologie konzentriert sich auf die aktive Blase, den Unterleibsvorfall und die Harninkontinenz bei Frauen. Harninkontinenz ist das h\u00e4ufigste Gesundheitsproblem bei \u00e4lteren Patienten. Im Allgemeinen [&hellip;]","og_url":"https:\/\/www.ayfaclinic.com\/de\/urogynakologie\/","og_site_name":"Ayfa Clinic Deutsch","twitter_card":"summary_large_image","twitter_misc":{"Gesch\u00e4tzte Lesezeit":"3\u00a0Minuten"},"schema":{"@context":"https:\/\/schema.org","@graph":[{"@type":"WebSite","@id":"https:\/\/www.ayfaclinic.com\/de\/#website","url":"https:\/\/www.ayfaclinic.com\/de\/","name":"Ayfa Clinic Deutsch","description":"Ayfa Clinic - Health Starts Here","potentialAction":[{"@type":"SearchAction","target":{"@type":"EntryPoint","urlTemplate":"https:\/\/www.ayfaclinic.com\/de\/?s={search_term_string}"},"query-input":"required name=search_term_string"}],"inLanguage":"de"},{"@type":"WebPage","@id":"https:\/\/www.ayfaclinic.com\/de\/urogynakologie\/","url":"https:\/\/www.ayfaclinic.com\/de\/urogynakologie\/","name":"Urogyn\u00e4kologie - Ayfa Clinic","isPartOf":{"@id":"https:\/\/www.ayfaclinic.com\/de\/#website"},"datePublished":"2022-08-22T11:40:32+00:00","dateModified":"2022-08-22T11:40:32+00:00","breadcrumb":{"@id":"https:\/\/www.ayfaclinic.com\/de\/urogynakologie\/#breadcrumb"},"inLanguage":"de","potentialAction":[{"@type":"ReadAction","target":["https:\/\/www.ayfaclinic.com\/de\/urogynakologie\/"]}]},{"@type":"BreadcrumbList","@id":"https:\/\/www.ayfaclinic.com\/de\/urogynakologie\/#breadcrumb","itemListElement":[{"@type":"ListItem","position":1,"name":"Anasayfa","item":"https:\/\/www.ayfaclinic.com\/de\/"},{"@type":"ListItem","position":2,"name":"Urogyn\u00e4kologie"}]}]}},"_links":{"self":[{"href":"https:\/\/www.ayfaclinic.com\/de\/wp-json\/wp\/v2\/pages\/8749","targetHints":{"allow":["GET"]}}],"collection":[{"href":"https:\/\/www.ayfaclinic.com\/de\/wp-json\/wp\/v2\/pages"}],"about":[{"href":"https:\/\/www.ayfaclinic.com\/de\/wp-json\/wp\/v2\/types\/page"}],"author":[{"embeddable":true,"href":"https:\/\/www.ayfaclinic.com\/de\/wp-json\/wp\/v2\/users\/1"}],"replies":[{"embeddable":true,"href":"https:\/\/www.ayfaclinic.com\/de\/wp-json\/wp\/v2\/comments?post=8749"}],"version-history":[{"count":1,"href":"https:\/\/www.ayfaclinic.com\/de\/wp-json\/wp\/v2\/pages\/8749\/revisions"}],"predecessor-version":[{"id":8750,"href":"https:\/\/www.ayfaclinic.com\/de\/wp-json\/wp\/v2\/pages\/8749\/revisions\/8750"}],"wp:attachment":[{"href":"https:\/\/www.ayfaclinic.com\/de\/wp-json\/wp\/v2\/media?parent=8749"}],"curies":[{"name":"wp","href":"https:\/\/api.w.org\/{rel}","templated":true}]}}