{"id":8747,"date":"2022-08-22T11:39:57","date_gmt":"2022-08-22T11:39:57","guid":{"rendered":"https:\/\/www.ayfaclinic.com\/de\/?page_id=8747"},"modified":"2022-08-22T11:39:57","modified_gmt":"2022-08-22T11:39:57","slug":"unfruchtbarkeit","status":"publish","type":"page","link":"https:\/\/www.ayfaclinic.com\/de\/unfruchtbarkeit\/","title":{"rendered":"Unfruchtbarkeit"},"content":{"rendered":"<div id=\"ez-toc-container\" class=\"ez-toc-v2_0_29 counter-hierarchy counter-decimal ez-toc-grey\">\n<div class=\"ez-toc-title-container\">\n<p class=\"ez-toc-title\">Inhalt<\/p>\n<span class=\"ez-toc-title-toggle\"><a href=\"#\" class=\"ez-toc-pull-right ez-toc-btn ez-toc-btn-xs ez-toc-btn-default ez-toc-toggle\" style=\"display: none;\"><label for=\"item\" aria-label=\"Table of Content\"><i class=\"ez-toc-glyphicon ez-toc-icon-toggle\"><\/i><\/label><input type=\"checkbox\" id=\"item\"><\/a><\/span><\/div>\n<nav><ul class=\"ez-toc-list ez-toc-list-level-1\"><li class=\"ez-toc-page-1 ez-toc-heading-level-2\"><a class=\"ez-toc-link ez-toc-heading-1\" href=\"https:\/\/www.ayfaclinic.com\/de\/unfruchtbarkeit\/#Wie_geht_man_bei_Unfruchtbarkeit_vor\" title=\"Wie geht man bei Unfruchtbarkeit vor?\">Wie geht man bei Unfruchtbarkeit vor?<\/a><\/li><li class=\"ez-toc-page-1 ez-toc-heading-level-2\"><a class=\"ez-toc-link ez-toc-heading-2\" href=\"https:\/\/www.ayfaclinic.com\/de\/unfruchtbarkeit\/#Was_sind_die_Ursachen_fuer_Unfruchtbarkeit_bei_Frauen\" title=\"Was sind die Ursachen f\u00fcr Unfruchtbarkeit bei Frauen?\">Was sind die Ursachen f\u00fcr Unfruchtbarkeit bei Frauen?<\/a><\/li><li class=\"ez-toc-page-1 ez-toc-heading-level-2\"><a class=\"ez-toc-link ez-toc-heading-3\" href=\"https:\/\/www.ayfaclinic.com\/de\/unfruchtbarkeit\/#Was_sind_die_Ursachen_fuer_Unfruchtbarkeit_bei_Maennern\" title=\"Was sind die Ursachen f\u00fcr Unfruchtbarkeit bei M\u00e4nnern?\">Was sind die Ursachen f\u00fcr Unfruchtbarkeit bei M\u00e4nnern?<\/a><\/li><li class=\"ez-toc-page-1 ez-toc-heading-level-2\"><a class=\"ez-toc-link ez-toc-heading-4\" href=\"https:\/\/www.ayfaclinic.com\/de\/unfruchtbarkeit\/#Was_ist_eine_Unfruchtbarkeitsbehandlung\" title=\"Was ist eine Unfruchtbarkeitsbehandlung?\">Was ist eine Unfruchtbarkeitsbehandlung?<\/a><\/li><\/ul><\/nav><\/div>\n<h2><span class=\"ez-toc-section\" id=\"Wie_geht_man_bei_Unfruchtbarkeit_vor\"><\/span>Wie geht man bei Unfruchtbarkeit vor?<span class=\"ez-toc-section-end\"><\/span><\/h2>\n<p>Unfruchtbarkeit ist ein Gesundheitsproblem, das die Situationen ausdr\u00fcckt, in denen trotz ungesch\u00fctztem Geschlechtsverkehr \u00fcber ein Jahr keine Schwangerschaft eintritt. Es gibt viele gesundheitliche Probleme, die eine Schwangerschaft verhindern k\u00f6nnen.<\/p>\n<p>Diese Probleme treten sowohl bei M\u00e4nnern als auch bei Frauen auf. Achtzig Prozent der Gesundheitsprobleme, die zu Unfruchtbarkeit f\u00fchren k\u00f6nnen, k\u00f6nnen mit der heutigen Technologie behandelt werden. Unfruchtbarkeit tritt bei zwanzig von hundert Paaren auf. Stress, sp\u00e4te Heirat, genetische Probleme, Luftverschmutzung und zunehmende Gesundheitsprobleme, negative Gewohnheiten wie Rauchen erh\u00f6hen das Risiko einer Unfruchtbarkeit.<\/p>\n<p>Mit zunehmendem Alter steigt auch das Risiko einer Unfruchtbarkeit. Unfruchtbarkeit kann aus einem einzigen Grund oder aus vielen verschiedenen Gr\u00fcnden auftreten. Ein Kind zu bekommen ist ein sehr komplexer Prozess. Alle Schritte m\u00fcssen vollst\u00e4ndig durchgef\u00fchrt werden.<\/p>\n<p>Um ein Kind zu bekommen:<\/p>\n<ul>\n<li>Die Eiproduktion der werdenden Mutter sollte gesund sein.<\/li>\n<li>Der Mann muss eine qualitativ hochwertige Spermienproduktion haben.<\/li>\n<li>Die Eileiter, die den Spermien helfen, das Ei zu erreichen, m\u00fcssen gesund sein.<\/li>\n<li>Das Spermium muss die Eizelle befruchten k\u00f6nnen.<\/li>\n<li>Befruchtete Eizellen m\u00fcssen gesund genug sein, um in der Geb\u00e4rmutter gehalten zu werden.<\/li>\n<li>Eine Schwangerschaft tritt auf, wenn die Qualit\u00e4t des Embryos gesund genug ist.<\/li>\n<\/ul>\n<p>Das kleinste gesundheitliche Problem, das w\u00e4hrend dieser Schritte auftreten kann, verhindert eine Schwangerschaft. In diesem Fall muss auf Behandlungsmethoden f\u00fcr Unfruchtbarkeit zur\u00fcckgegriffen werden.<\/p>\n<h2><span class=\"ez-toc-section\" id=\"Was_sind_die_Ursachen_fuer_Unfruchtbarkeit_bei_Frauen\"><\/span>Was sind die Ursachen f\u00fcr Unfruchtbarkeit bei Frauen?<span class=\"ez-toc-section-end\"><\/span><\/h2>\n<p>Die Ursachen der Unfruchtbarkeit bei Frauen sind wie folgt.<\/p>\n<ul>\n<li>Ovulationsprobleme<\/li>\n<li>Angeborene anatomische Probleme<\/li>\n<li>Infektionen und intraabdominelle Operationen<\/li>\n<li>Probleme mit dem Immunsystem<\/li>\n<li>Verringerte Fruchtbarkeit aufgrund des Alterns<\/li>\n<li>Fr\u00fche Menopause<\/li>\n<li>PCO-Syndrom<\/li>\n<li>Uterusmyome<\/li>\n<li>Intraabdominale Adh\u00e4sionen und Verklebungen der Eileiter<\/li>\n<li>Sch\u00e4den oder Verstopfungen in den Schl\u00e4uchen<\/li>\n<li>Unregelm\u00e4\u00dfiger Menstruationszyklus<\/li>\n<li>\u00dcberm\u00e4\u00dfiger Rauchen, Alkohol- und Koffeinkonsum<\/li>\n<li>Fettleibigkeit<\/li>\n<li>Schilddr\u00fcsenprobleme<\/li>\n<li>Krebsbehandlungen<\/li>\n<li>Hoher Prolaktinspiegel<\/li>\n<\/ul>\n<h2><span class=\"ez-toc-section\" id=\"Was_sind_die_Ursachen_fuer_Unfruchtbarkeit_bei_Maennern\"><\/span>Was sind die Ursachen f\u00fcr Unfruchtbarkeit bei M\u00e4nnern?<span class=\"ez-toc-section-end\"><\/span><\/h2>\n<p>Die Ursachen der Unfruchtbarkeit, die bei Vaterkandidaten zu sehen sind, sind wie folgt.<\/p>\n<ul>\n<li>Probleme bei der Spermienproduktion<\/li>\n<li>Abnahme der Spermienbewegung<\/li>\n<li>Abnormale Spermienfunktion<\/li>\n<li>Fehlen jeglicher Spermien in der Samenfl\u00fcssigkeit (Azospermie)<\/li>\n<li>Varikozele (Erweiterung der zu den Hoden f\u00fchrenden Venen)<\/li>\n<li>Kanal\u00fcberlastungsprobleme<\/li>\n<li>Hormonst\u00f6rungen und genetische Erkrankungen<\/li>\n<li>St\u00f6rung der Spermienform (Morphologie).<\/li>\n<li>Angeborene anatomische Probleme (Hodenhochstand etc.)<\/li>\n<li>Probleme mit dem Immunsystem<\/li>\n<li>Diabetes<\/li>\n<li>Sexuelle Funktionsst\u00f6rungen (wie erektile Dysfunktion und vorzeitige Ejakulation)<\/li>\n<li>Infektionen<\/li>\n<li>Einige fieberhafte Erkrankungen im Kindes- und Jugendalter<\/li>\n<li>Vorherige Krebsbehandlung<\/li>\n<li>Betonen<\/li>\n<li>Drogenkonsum<\/li>\n<li>\u00dcberm\u00e4\u00dfiger Rauchen, Alkohol- und Koffeinkonsum<\/li>\n<\/ul>\n<h2><span class=\"ez-toc-section\" id=\"Was_ist_eine_Unfruchtbarkeitsbehandlung\"><\/span>Was ist eine Unfruchtbarkeitsbehandlung?<span class=\"ez-toc-section-end\"><\/span><\/h2>\n<p>Die Behandlung von Unfruchtbarkeit ist speziell. Gesundheitsprobleme, die eine Schwangerschaft verhindern, sollten sowohl bei M\u00e4nnern als auch bei Frauen untersucht werden. Die richtige Diagnose der Probleme ist wichtig f\u00fcr die Anwendung der richtigen und erfolgreichen Behandlung. Daher sollte die Behandlung der Unfruchtbarkeit individuell angewendet werden.<\/p>\n<p>IVF kann mit Impfungen oder chirurgischen Methoden behandelt werden. Der Behandlungsprozess richtet sich jedoch nach gesundheitlichen Problemen. Die In-vitro-Fertilisationsbehandlung ist die am h\u00e4ufigsten angewendete Behandlungsmethode mit der h\u00f6chsten Erfolgsquote bei der Behandlung von Unfruchtbarkeit.<\/p>\n<p>Welche Methode f\u00fcr das Paar am besten geeignet ist, wird jedoch anhand der durchzuf\u00fchrenden Unfruchtbarkeitstests und der Eigenschaften des Paares (seit wann Schwangerschaft gew\u00fcnscht wurde, genetische Eigenschaften, Alter usw.) entschieden.<\/p>\n","protected":false},"excerpt":{"rendered":"<p>Wie geht man bei Unfruchtbarkeit vor? Unfruchtbarkeit ist ein Gesundheitsproblem, das die Situationen ausdr\u00fcckt, in denen trotz ungesch\u00fctztem Geschlechtsverkehr \u00fcber ein Jahr keine Schwangerschaft eintritt. Es gibt viele gesundheitliche Probleme, die eine Schwangerschaft verhindern k\u00f6nnen. Diese Probleme treten sowohl bei M\u00e4nnern als auch bei Frauen auf. Achtzig Prozent der Gesundheitsprobleme, die zu Unfruchtbarkeit f\u00fchren k\u00f6nnen, [&hellip;]<\/p>\n","protected":false},"author":1,"featured_media":0,"parent":0,"menu_order":0,"comment_status":"closed","ping_status":"closed","template":"","meta":{"footnotes":""},"class_list":["post-8747","page","type-page","status-publish","hentry"],"yoast_head":"<!-- This site is optimized with the Yoast SEO plugin v19.4 - https:\/\/yoast.com\/wordpress\/plugins\/seo\/ -->\n<title>Unfruchtbarkeit - Ayfa Clinic<\/title>\n<meta name=\"robots\" content=\"index, follow, max-snippet:-1, max-image-preview:large, max-video-preview:-1\" \/>\n<link rel=\"canonical\" href=\"https:\/\/www.ayfaclinic.com\/de\/unfruchtbarkeit\/\" \/>\n<meta property=\"og:locale\" content=\"de_DE\" \/>\n<meta property=\"og:type\" content=\"article\" \/>\n<meta property=\"og:title\" content=\"Unfruchtbarkeit - Ayfa Clinic\" \/>\n<meta property=\"og:description\" content=\"Wie geht man bei Unfruchtbarkeit vor? Unfruchtbarkeit ist ein Gesundheitsproblem, das die Situationen ausdr\u00fcckt, in denen trotz ungesch\u00fctztem Geschlechtsverkehr \u00fcber ein Jahr keine Schwangerschaft eintritt. Es gibt viele gesundheitliche Probleme, die eine Schwangerschaft verhindern k\u00f6nnen. Diese Probleme treten sowohl bei M\u00e4nnern als auch bei Frauen auf. Achtzig Prozent der Gesundheitsprobleme, die zu Unfruchtbarkeit f\u00fchren k\u00f6nnen, [&hellip;]\" \/>\n<meta property=\"og:url\" content=\"https:\/\/www.ayfaclinic.com\/de\/unfruchtbarkeit\/\" \/>\n<meta property=\"og:site_name\" content=\"Ayfa Clinic Deutsch\" \/>\n<meta name=\"twitter:card\" content=\"summary_large_image\" \/>\n<meta name=\"twitter:label1\" content=\"Gesch\u00e4tzte Lesezeit\" \/>\n\t<meta name=\"twitter:data1\" content=\"3\u00a0Minuten\" \/>\n<script type=\"application\/ld+json\" class=\"yoast-schema-graph\">{\"@context\":\"https:\/\/schema.org\",\"@graph\":[{\"@type\":\"WebSite\",\"@id\":\"https:\/\/www.ayfaclinic.com\/de\/#website\",\"url\":\"https:\/\/www.ayfaclinic.com\/de\/\",\"name\":\"Ayfa Clinic Deutsch\",\"description\":\"Ayfa Clinic - Health Starts Here\",\"potentialAction\":[{\"@type\":\"SearchAction\",\"target\":{\"@type\":\"EntryPoint\",\"urlTemplate\":\"https:\/\/www.ayfaclinic.com\/de\/?s={search_term_string}\"},\"query-input\":\"required name=search_term_string\"}],\"inLanguage\":\"de\"},{\"@type\":\"WebPage\",\"@id\":\"https:\/\/www.ayfaclinic.com\/de\/unfruchtbarkeit\/\",\"url\":\"https:\/\/www.ayfaclinic.com\/de\/unfruchtbarkeit\/\",\"name\":\"Unfruchtbarkeit - Ayfa Clinic\",\"isPartOf\":{\"@id\":\"https:\/\/www.ayfaclinic.com\/de\/#website\"},\"datePublished\":\"2022-08-22T11:39:57+00:00\",\"dateModified\":\"2022-08-22T11:39:57+00:00\",\"breadcrumb\":{\"@id\":\"https:\/\/www.ayfaclinic.com\/de\/unfruchtbarkeit\/#breadcrumb\"},\"inLanguage\":\"de\",\"potentialAction\":[{\"@type\":\"ReadAction\",\"target\":[\"https:\/\/www.ayfaclinic.com\/de\/unfruchtbarkeit\/\"]}]},{\"@type\":\"BreadcrumbList\",\"@id\":\"https:\/\/www.ayfaclinic.com\/de\/unfruchtbarkeit\/#breadcrumb\",\"itemListElement\":[{\"@type\":\"ListItem\",\"position\":1,\"name\":\"Anasayfa\",\"item\":\"https:\/\/www.ayfaclinic.com\/de\/\"},{\"@type\":\"ListItem\",\"position\":2,\"name\":\"Unfruchtbarkeit\"}]}]}<\/script>\n<!-- \/ Yoast SEO plugin. -->","yoast_head_json":{"title":"Unfruchtbarkeit - Ayfa Clinic","robots":{"index":"index","follow":"follow","max-snippet":"max-snippet:-1","max-image-preview":"max-image-preview:large","max-video-preview":"max-video-preview:-1"},"canonical":"https:\/\/www.ayfaclinic.com\/de\/unfruchtbarkeit\/","og_locale":"de_DE","og_type":"article","og_title":"Unfruchtbarkeit - Ayfa Clinic","og_description":"Wie geht man bei Unfruchtbarkeit vor? Unfruchtbarkeit ist ein Gesundheitsproblem, das die Situationen ausdr\u00fcckt, in denen trotz ungesch\u00fctztem Geschlechtsverkehr \u00fcber ein Jahr keine Schwangerschaft eintritt. Es gibt viele gesundheitliche Probleme, die eine Schwangerschaft verhindern k\u00f6nnen. Diese Probleme treten sowohl bei M\u00e4nnern als auch bei Frauen auf. Achtzig Prozent der Gesundheitsprobleme, die zu Unfruchtbarkeit f\u00fchren k\u00f6nnen, [&hellip;]","og_url":"https:\/\/www.ayfaclinic.com\/de\/unfruchtbarkeit\/","og_site_name":"Ayfa Clinic Deutsch","twitter_card":"summary_large_image","twitter_misc":{"Gesch\u00e4tzte Lesezeit":"3\u00a0Minuten"},"schema":{"@context":"https:\/\/schema.org","@graph":[{"@type":"WebSite","@id":"https:\/\/www.ayfaclinic.com\/de\/#website","url":"https:\/\/www.ayfaclinic.com\/de\/","name":"Ayfa Clinic Deutsch","description":"Ayfa Clinic - Health Starts Here","potentialAction":[{"@type":"SearchAction","target":{"@type":"EntryPoint","urlTemplate":"https:\/\/www.ayfaclinic.com\/de\/?s={search_term_string}"},"query-input":"required name=search_term_string"}],"inLanguage":"de"},{"@type":"WebPage","@id":"https:\/\/www.ayfaclinic.com\/de\/unfruchtbarkeit\/","url":"https:\/\/www.ayfaclinic.com\/de\/unfruchtbarkeit\/","name":"Unfruchtbarkeit - Ayfa Clinic","isPartOf":{"@id":"https:\/\/www.ayfaclinic.com\/de\/#website"},"datePublished":"2022-08-22T11:39:57+00:00","dateModified":"2022-08-22T11:39:57+00:00","breadcrumb":{"@id":"https:\/\/www.ayfaclinic.com\/de\/unfruchtbarkeit\/#breadcrumb"},"inLanguage":"de","potentialAction":[{"@type":"ReadAction","target":["https:\/\/www.ayfaclinic.com\/de\/unfruchtbarkeit\/"]}]},{"@type":"BreadcrumbList","@id":"https:\/\/www.ayfaclinic.com\/de\/unfruchtbarkeit\/#breadcrumb","itemListElement":[{"@type":"ListItem","position":1,"name":"Anasayfa","item":"https:\/\/www.ayfaclinic.com\/de\/"},{"@type":"ListItem","position":2,"name":"Unfruchtbarkeit"}]}]}},"_links":{"self":[{"href":"https:\/\/www.ayfaclinic.com\/de\/wp-json\/wp\/v2\/pages\/8747","targetHints":{"allow":["GET"]}}],"collection":[{"href":"https:\/\/www.ayfaclinic.com\/de\/wp-json\/wp\/v2\/pages"}],"about":[{"href":"https:\/\/www.ayfaclinic.com\/de\/wp-json\/wp\/v2\/types\/page"}],"author":[{"embeddable":true,"href":"https:\/\/www.ayfaclinic.com\/de\/wp-json\/wp\/v2\/users\/1"}],"replies":[{"embeddable":true,"href":"https:\/\/www.ayfaclinic.com\/de\/wp-json\/wp\/v2\/comments?post=8747"}],"version-history":[{"count":1,"href":"https:\/\/www.ayfaclinic.com\/de\/wp-json\/wp\/v2\/pages\/8747\/revisions"}],"predecessor-version":[{"id":8748,"href":"https:\/\/www.ayfaclinic.com\/de\/wp-json\/wp\/v2\/pages\/8747\/revisions\/8748"}],"wp:attachment":[{"href":"https:\/\/www.ayfaclinic.com\/de\/wp-json\/wp\/v2\/media?parent=8747"}],"curies":[{"name":"wp","href":"https:\/\/api.w.org\/{rel}","templated":true}]}}