{"id":8745,"date":"2022-08-22T11:37:42","date_gmt":"2022-08-22T11:37:42","guid":{"rendered":"https:\/\/www.ayfaclinic.com\/de\/?page_id=8745"},"modified":"2022-08-22T11:37:42","modified_gmt":"2022-08-22T11:37:42","slug":"hysteroskopie","status":"publish","type":"page","link":"https:\/\/www.ayfaclinic.com\/de\/hysteroskopie\/","title":{"rendered":"Hysteroskopie"},"content":{"rendered":"<div id=\"ez-toc-container\" class=\"ez-toc-v2_0_29 counter-hierarchy counter-decimal ez-toc-grey\">\n<div class=\"ez-toc-title-container\">\n<p class=\"ez-toc-title\">Inhalt<\/p>\n<span class=\"ez-toc-title-toggle\"><a href=\"#\" class=\"ez-toc-pull-right ez-toc-btn ez-toc-btn-xs ez-toc-btn-default ez-toc-toggle\" style=\"display: none;\"><label for=\"item\" aria-label=\"Table of Content\"><i class=\"ez-toc-glyphicon ez-toc-icon-toggle\"><\/i><\/label><input type=\"checkbox\" id=\"item\"><\/a><\/span><\/div>\n<nav><ul class=\"ez-toc-list ez-toc-list-level-1\"><li class=\"ez-toc-page-1 ez-toc-heading-level-2\"><a class=\"ez-toc-link ez-toc-heading-1\" href=\"https:\/\/www.ayfaclinic.com\/de\/hysteroskopie\/#Was_ist_Hysteroskopie\" title=\"Was ist Hysteroskopie?\">Was ist Hysteroskopie?<\/a><\/li><li class=\"ez-toc-page-1 ez-toc-heading-level-2\"><a class=\"ez-toc-link ez-toc-heading-2\" href=\"https:\/\/www.ayfaclinic.com\/de\/hysteroskopie\/#Wie_wird_die_Hysteroskopie_angewendet\" title=\"Wie wird die Hysteroskopie angewendet?\">Wie wird die Hysteroskopie angewendet?<\/a><\/li><li class=\"ez-toc-page-1 ez-toc-heading-level-2\"><a class=\"ez-toc-link ez-toc-heading-3\" href=\"https:\/\/www.ayfaclinic.com\/de\/hysteroskopie\/#Was_sind_die_Risiken_der_Hysteroskopie\" title=\"Was sind die Risiken der Hysteroskopie?\">Was sind die Risiken der Hysteroskopie?<\/a><\/li><li class=\"ez-toc-page-1 ez-toc-heading-level-2\"><a class=\"ez-toc-link ez-toc-heading-4\" href=\"https:\/\/www.ayfaclinic.com\/de\/hysteroskopie\/#Wann_wird_eine_Hysteroskopie_durchgefuehrt\" title=\"Wann wird eine Hysteroskopie durchgef\u00fchrt?\">Wann wird eine Hysteroskopie durchgef\u00fchrt?<\/a><\/li><li class=\"ez-toc-page-1 ez-toc-heading-level-2\"><a class=\"ez-toc-link ez-toc-heading-5\" href=\"https:\/\/www.ayfaclinic.com\/de\/hysteroskopie\/#Was_ist_diagnostische_Hysteroskopie\" title=\"Was ist diagnostische Hysteroskopie?\">Was ist diagnostische Hysteroskopie?<\/a><\/li><li class=\"ez-toc-page-1 ez-toc-heading-level-2\"><a class=\"ez-toc-link ez-toc-heading-6\" href=\"https:\/\/www.ayfaclinic.com\/de\/hysteroskopie\/#Was_ist_die_operative_Hysteroskopie\" title=\"Was ist die operative Hysteroskopie?\">Was ist die operative Hysteroskopie?<\/a><\/li><li class=\"ez-toc-page-1 ez-toc-heading-level-2\"><a class=\"ez-toc-link ez-toc-heading-7\" href=\"https:\/\/www.ayfaclinic.com\/de\/hysteroskopie\/#Was_sind_die_Vorteile_des_Hysteroskopieverfahrens\" title=\"Was sind die Vorteile des Hysteroskopieverfahrens?\">Was sind die Vorteile des Hysteroskopieverfahrens?<\/a><\/li><\/ul><\/nav><\/div>\n<h2><span class=\"ez-toc-section\" id=\"Was_ist_Hysteroskopie\"><\/span>Was ist Hysteroskopie?<span class=\"ez-toc-section-end\"><\/span><\/h2>\n<p>Die Hysteroskopie ist eines der wertvollsten diagnostischen Hilfsmittel bei gyn\u00e4kologischen Erkrankungen. Hysteroskopie bedeutet, das Innere der Geb\u00e4rmutter mit einem beleuchteten Instrument zu betrachten. Bei dem diagnostischen diagnostischen Verfahren der Hysteroskopie wird keine Vollnarkose angewendet.<\/p>\n<p>Wenn jedoch zur Behandlung eine Hysteroskopie durchgef\u00fchrt werden soll, sollte eine Vollnarkose angewendet werden. Die Hysteroskopie wird nach der Menstruation durchgef\u00fchrt. Bei hysteroskopischen Eingriffen:<\/p>\n<ul>\n<li>Septumdiagnose und -behandlung,<\/li>\n<li>Polypektomie,<\/li>\n<li>Myomektomie,<\/li>\n<li>Die Behandlung von intrauterinen Adh\u00e4sionen wird durchgef\u00fchrt.<\/li>\n<\/ul>\n<h2><span class=\"ez-toc-section\" id=\"Wie_wird_die_Hysteroskopie_angewendet\"><\/span>Wie wird die Hysteroskopie angewendet?<span class=\"ez-toc-section-end\"><\/span><\/h2>\n<p>Die Hysteroskopie kann zu diagnostischen und therapeutischen Zwecken eingesetzt werden. Bei Anwendung zur Behandlung ist eine leichte Vollnarkose ausreichend. Die Hysteroskopie ist im Allgemeinen kein schmerzhafter Eingriff.<\/p>\n<p>Es wird mit einem tubul\u00e4ren Hysteroskopieger\u00e4t in die Geb\u00e4rmutter eingef\u00fchrt. Dank des Linsensystems und der Kamera in diesem Ger\u00e4t kann das Innere der Geb\u00e4rmutter detailliert beobachtet werden. Um die Geb\u00e4rmutter zu vergr\u00f6\u00dfern und genauer zu betrachten, wird Fl\u00fcssigkeit in die Geb\u00e4rmutter gespritzt. Dann werden Transaktionen get\u00e4tigt.<\/p>\n<h2><span class=\"ez-toc-section\" id=\"Was_sind_die_Risiken_der_Hysteroskopie\"><\/span>Was sind die Risiken der Hysteroskopie?<span class=\"ez-toc-section-end\"><\/span><\/h2>\n<p>Die Hysteroskopie ist ein Verfahren mit akzeptablen Risiken. Alle im Rahmen der Medizin angewandten Behandlungen und Verfahren sind riskant. Auch bei der Hysteroskopie ist die Erfahrung und Kompetenz des Arztes sehr wichtig.<\/p>\n<p>Andernfalls kann sich die Eintrittswahrscheinlichkeit von Risiken erh\u00f6hen. Nebenwirkungen, die bei der Hysteroskopie beobachtet werden k\u00f6nnen, sind:<\/p>\n<ul>\n<li>Perforation in der Geb\u00e4rmutter,<\/li>\n<li>Verletzung im Geb\u00e4rmutterhals,<\/li>\n<li>Starke Blutung,<\/li>\n<li>Intrauterine Infektion.<\/li>\n<\/ul>\n<h2><span class=\"ez-toc-section\" id=\"Wann_wird_eine_Hysteroskopie_durchgefuehrt\"><\/span>Wann wird eine Hysteroskopie durchgef\u00fchrt?<span class=\"ez-toc-section-end\"><\/span><\/h2>\n<p>F\u00fcr die Hysteroskopie muss die Monatsblutung der Patientin enden. Es w\u00e4re jedoch angebracht, dass der Arzt den Tag der Anwendung bestimmt.<\/p>\n<p>Die Hysteroskopie ist ein ambulanter Eingriff. Der Patient muss nicht im Krankenhaus bleiben. Nach dem Eingriff wird der Patient entlassen.<\/p>\n<h2><span class=\"ez-toc-section\" id=\"Was_ist_diagnostische_Hysteroskopie\"><\/span>Was ist diagnostische Hysteroskopie?<span class=\"ez-toc-section-end\"><\/span><\/h2>\n<p>Die diagnostische Hysteroskopie wird angewendet, um m\u00f6gliche Probleme in der Geb\u00e4rmutter zu diagnostizieren. Bei diesem Eingriff wird der Geb\u00e4rmutterhals zun\u00e4chst so weit vergr\u00f6\u00dfert, dass die Hysteroskopie gemacht werden kann. Dann wird das Hysteroskop durch den Geb\u00e4rmutterhalskanal in die Geb\u00e4rmutter eingef\u00fchrt.<\/p>\n<p>Dabei werden Kohlendioxidgas oder spezielle Fl\u00fcssigkeiten in die Geb\u00e4rmutter gespritzt. Auf diese Weise werden die Geb\u00e4rmutterw\u00e4nde voneinander getrennt. Im Rahmen der diagnostischen Hysteroskopie k\u00f6nnen submuk\u00f6se Myome, intrauterine Verletzungen und Verwachsungen diagnostiziert werden.<\/p>\n<p>Dar\u00fcber hinaus k\u00f6nnen im Rahmen der diagnostischen Hysteroskopie Fertilit\u00e4tsuntersuchungen und die Diagnose wiederholter Fehlgeburten festgestellt werden.<\/p>\n<h2><span class=\"ez-toc-section\" id=\"Was_ist_die_operative_Hysteroskopie\"><\/span>Was ist die operative Hysteroskopie?<span class=\"ez-toc-section-end\"><\/span><\/h2>\n<p>Bei Bedarf wird eine operative Hysteroskopie zur Behandlung angewendet. Im Rahmen der operativen Hysteroskopie werden intrauterine Verwachsungen, Myome und Elemente mit abnormen Strukturen behandelt.<\/p>\n<p>Das zur Behandlung durchgef\u00fchrte Verfahren der Hysteroskopie kann auch w\u00e4hrend der diagnostischen Hysteroskopie gemacht werden. Dabei k\u00f6nnen Myome und Polypen entfernt werden. Durch dieses Verfahren werden Korrektureingriffe an der Geb\u00e4rmutterh\u00f6hle auf eine sichere und komfortable Weise vorgenommen.<\/p>\n<h2><span class=\"ez-toc-section\" id=\"Was_sind_die_Vorteile_des_Hysteroskopieverfahrens\"><\/span>Was sind die Vorteile des Hysteroskopieverfahrens?<span class=\"ez-toc-section-end\"><\/span><\/h2>\n<p>Die Hysteroskopie ist ein sehr wichtiges diagnostisches Instrument bei nicht diagnostizierten Unfruchtbarkeitsproblemen. Es wird sichergestellt, dass die Probleme gyn\u00e4kologischer Erkrankungen, unter denen Frauen h\u00e4ufig leiden, erkannt und behandelt werden.<\/p>\n<p>Nach dem Eingriff gen\u00fcgt es, wenn sich der Patient einige Stunden ausruht. M\u00f6gliche Probleme in der Geb\u00e4rmutterh\u00f6hle k\u00f6nnen direkt durch die Hysteroskopie erkannt werden. Auf diese Weise werden die Erfolgsaussichten f\u00fcr eine m\u00f6gliche Schwangerschaft durch die Behandlung bestimmter gesundheitlicher Probleme erh\u00f6ht.<\/p>\n","protected":false},"excerpt":{"rendered":"<p>Was ist Hysteroskopie? Die Hysteroskopie ist eines der wertvollsten diagnostischen Hilfsmittel bei gyn\u00e4kologischen Erkrankungen. Hysteroskopie bedeutet, das Innere der Geb\u00e4rmutter mit einem beleuchteten Instrument zu betrachten. Bei dem diagnostischen diagnostischen Verfahren der Hysteroskopie wird keine Vollnarkose angewendet. Wenn jedoch zur Behandlung eine Hysteroskopie durchgef\u00fchrt werden soll, sollte eine Vollnarkose angewendet werden. Die Hysteroskopie wird nach [&hellip;]<\/p>\n","protected":false},"author":1,"featured_media":0,"parent":0,"menu_order":0,"comment_status":"closed","ping_status":"closed","template":"","meta":{"footnotes":""},"class_list":["post-8745","page","type-page","status-publish","hentry"],"yoast_head":"<!-- This site is optimized with the Yoast SEO plugin v19.4 - https:\/\/yoast.com\/wordpress\/plugins\/seo\/ -->\n<title>Hysteroskopie - Ayfa Clinic<\/title>\n<meta name=\"robots\" content=\"index, follow, max-snippet:-1, max-image-preview:large, max-video-preview:-1\" \/>\n<link rel=\"canonical\" href=\"https:\/\/www.ayfaclinic.com\/de\/hysteroskopie\/\" \/>\n<meta property=\"og:locale\" content=\"de_DE\" \/>\n<meta property=\"og:type\" content=\"article\" \/>\n<meta property=\"og:title\" content=\"Hysteroskopie - Ayfa Clinic\" \/>\n<meta property=\"og:description\" content=\"Was ist Hysteroskopie? Die Hysteroskopie ist eines der wertvollsten diagnostischen Hilfsmittel bei gyn\u00e4kologischen Erkrankungen. Hysteroskopie bedeutet, das Innere der Geb\u00e4rmutter mit einem beleuchteten Instrument zu betrachten. Bei dem diagnostischen diagnostischen Verfahren der Hysteroskopie wird keine Vollnarkose angewendet. Wenn jedoch zur Behandlung eine Hysteroskopie durchgef\u00fchrt werden soll, sollte eine Vollnarkose angewendet werden. Die Hysteroskopie wird nach [&hellip;]\" \/>\n<meta property=\"og:url\" content=\"https:\/\/www.ayfaclinic.com\/de\/hysteroskopie\/\" \/>\n<meta property=\"og:site_name\" content=\"Ayfa Clinic Deutsch\" \/>\n<meta name=\"twitter:card\" content=\"summary_large_image\" \/>\n<meta name=\"twitter:label1\" content=\"Gesch\u00e4tzte Lesezeit\" \/>\n\t<meta name=\"twitter:data1\" content=\"3\u00a0Minuten\" \/>\n<script type=\"application\/ld+json\" class=\"yoast-schema-graph\">{\"@context\":\"https:\/\/schema.org\",\"@graph\":[{\"@type\":\"WebSite\",\"@id\":\"https:\/\/www.ayfaclinic.com\/de\/#website\",\"url\":\"https:\/\/www.ayfaclinic.com\/de\/\",\"name\":\"Ayfa Clinic Deutsch\",\"description\":\"Ayfa Clinic - Health Starts Here\",\"potentialAction\":[{\"@type\":\"SearchAction\",\"target\":{\"@type\":\"EntryPoint\",\"urlTemplate\":\"https:\/\/www.ayfaclinic.com\/de\/?s={search_term_string}\"},\"query-input\":\"required name=search_term_string\"}],\"inLanguage\":\"de\"},{\"@type\":\"WebPage\",\"@id\":\"https:\/\/www.ayfaclinic.com\/de\/hysteroskopie\/\",\"url\":\"https:\/\/www.ayfaclinic.com\/de\/hysteroskopie\/\",\"name\":\"Hysteroskopie - Ayfa Clinic\",\"isPartOf\":{\"@id\":\"https:\/\/www.ayfaclinic.com\/de\/#website\"},\"datePublished\":\"2022-08-22T11:37:42+00:00\",\"dateModified\":\"2022-08-22T11:37:42+00:00\",\"breadcrumb\":{\"@id\":\"https:\/\/www.ayfaclinic.com\/de\/hysteroskopie\/#breadcrumb\"},\"inLanguage\":\"de\",\"potentialAction\":[{\"@type\":\"ReadAction\",\"target\":[\"https:\/\/www.ayfaclinic.com\/de\/hysteroskopie\/\"]}]},{\"@type\":\"BreadcrumbList\",\"@id\":\"https:\/\/www.ayfaclinic.com\/de\/hysteroskopie\/#breadcrumb\",\"itemListElement\":[{\"@type\":\"ListItem\",\"position\":1,\"name\":\"Anasayfa\",\"item\":\"https:\/\/www.ayfaclinic.com\/de\/\"},{\"@type\":\"ListItem\",\"position\":2,\"name\":\"Hysteroskopie\"}]}]}<\/script>\n<!-- \/ Yoast SEO plugin. -->","yoast_head_json":{"title":"Hysteroskopie - Ayfa Clinic","robots":{"index":"index","follow":"follow","max-snippet":"max-snippet:-1","max-image-preview":"max-image-preview:large","max-video-preview":"max-video-preview:-1"},"canonical":"https:\/\/www.ayfaclinic.com\/de\/hysteroskopie\/","og_locale":"de_DE","og_type":"article","og_title":"Hysteroskopie - Ayfa Clinic","og_description":"Was ist Hysteroskopie? Die Hysteroskopie ist eines der wertvollsten diagnostischen Hilfsmittel bei gyn\u00e4kologischen Erkrankungen. Hysteroskopie bedeutet, das Innere der Geb\u00e4rmutter mit einem beleuchteten Instrument zu betrachten. Bei dem diagnostischen diagnostischen Verfahren der Hysteroskopie wird keine Vollnarkose angewendet. Wenn jedoch zur Behandlung eine Hysteroskopie durchgef\u00fchrt werden soll, sollte eine Vollnarkose angewendet werden. Die Hysteroskopie wird nach [&hellip;]","og_url":"https:\/\/www.ayfaclinic.com\/de\/hysteroskopie\/","og_site_name":"Ayfa Clinic Deutsch","twitter_card":"summary_large_image","twitter_misc":{"Gesch\u00e4tzte Lesezeit":"3\u00a0Minuten"},"schema":{"@context":"https:\/\/schema.org","@graph":[{"@type":"WebSite","@id":"https:\/\/www.ayfaclinic.com\/de\/#website","url":"https:\/\/www.ayfaclinic.com\/de\/","name":"Ayfa Clinic Deutsch","description":"Ayfa Clinic - Health Starts Here","potentialAction":[{"@type":"SearchAction","target":{"@type":"EntryPoint","urlTemplate":"https:\/\/www.ayfaclinic.com\/de\/?s={search_term_string}"},"query-input":"required name=search_term_string"}],"inLanguage":"de"},{"@type":"WebPage","@id":"https:\/\/www.ayfaclinic.com\/de\/hysteroskopie\/","url":"https:\/\/www.ayfaclinic.com\/de\/hysteroskopie\/","name":"Hysteroskopie - Ayfa Clinic","isPartOf":{"@id":"https:\/\/www.ayfaclinic.com\/de\/#website"},"datePublished":"2022-08-22T11:37:42+00:00","dateModified":"2022-08-22T11:37:42+00:00","breadcrumb":{"@id":"https:\/\/www.ayfaclinic.com\/de\/hysteroskopie\/#breadcrumb"},"inLanguage":"de","potentialAction":[{"@type":"ReadAction","target":["https:\/\/www.ayfaclinic.com\/de\/hysteroskopie\/"]}]},{"@type":"BreadcrumbList","@id":"https:\/\/www.ayfaclinic.com\/de\/hysteroskopie\/#breadcrumb","itemListElement":[{"@type":"ListItem","position":1,"name":"Anasayfa","item":"https:\/\/www.ayfaclinic.com\/de\/"},{"@type":"ListItem","position":2,"name":"Hysteroskopie"}]}]}},"_links":{"self":[{"href":"https:\/\/www.ayfaclinic.com\/de\/wp-json\/wp\/v2\/pages\/8745","targetHints":{"allow":["GET"]}}],"collection":[{"href":"https:\/\/www.ayfaclinic.com\/de\/wp-json\/wp\/v2\/pages"}],"about":[{"href":"https:\/\/www.ayfaclinic.com\/de\/wp-json\/wp\/v2\/types\/page"}],"author":[{"embeddable":true,"href":"https:\/\/www.ayfaclinic.com\/de\/wp-json\/wp\/v2\/users\/1"}],"replies":[{"embeddable":true,"href":"https:\/\/www.ayfaclinic.com\/de\/wp-json\/wp\/v2\/comments?post=8745"}],"version-history":[{"count":1,"href":"https:\/\/www.ayfaclinic.com\/de\/wp-json\/wp\/v2\/pages\/8745\/revisions"}],"predecessor-version":[{"id":8746,"href":"https:\/\/www.ayfaclinic.com\/de\/wp-json\/wp\/v2\/pages\/8745\/revisions\/8746"}],"wp:attachment":[{"href":"https:\/\/www.ayfaclinic.com\/de\/wp-json\/wp\/v2\/media?parent=8745"}],"curies":[{"name":"wp","href":"https:\/\/api.w.org\/{rel}","templated":true}]}}