{"id":8737,"date":"2022-08-22T11:35:28","date_gmt":"2022-08-22T11:35:28","guid":{"rendered":"https:\/\/www.ayfaclinic.com\/de\/?page_id=8737"},"modified":"2022-08-22T11:35:28","modified_gmt":"2022-08-22T11:35:28","slug":"schlauchmagen-operation","status":"publish","type":"page","link":"https:\/\/www.ayfaclinic.com\/de\/schlauchmagen-operation\/","title":{"rendered":"Schlauchmagen Operation"},"content":{"rendered":"<p>Die Schlauchmagenoperation ist die grundlegendste Operation der Adipositaschirurgie. Das Abnehmen mit dieser einfach durchzuf\u00fchrenden Operation ist sehr komfortabel und erfolgreich.<\/p>\n<p>Bei der Schlauchmagenoperation wird der Magen in einen d\u00fcnnen und langen Schlauch umgewandelt. Bis zu 80% des Magens werden in einer laparoskopischen Operation entfernt. Dadurch wird die Nahrungsaufnahme des Magens eingeschr\u00e4nkt. Da der Fundusteil des Magens, der Ghrelin (Appetithormon) absondert, bei dieser Operation entfernt wird, nimmt der Appetit bei postoperativen Patienten ab.<\/p>\n<p>Bei einer Schlauchmagen-Operation verliert der Patient 70 % seines \u00dcbergewichts. Wenn die Operation durch Bewegung und richtige Essgewohnheiten unterst\u00fctzt wird, ist es m\u00f6glich, das gesamte \u00dcbergewicht zu verlieren.<\/p>\n<p>Eine Schlauchmagenoperation wird bei Menschen zwischen 18 und 65 Jahren durchgef\u00fchrt. Bei Personen unter 18 Jahren sind der Grad der Adipositas und das Vorliegen von Begleiterkrankungen wichtig und neben der \u00e4rztlichen Entscheidung ist auch die Zustimmung der Eltern erforderlich. Bei Personen \u00fcber 65 Jahren werden der Gesundheitszustand und die Notwendigkeit der Operation (Gewichtsprobleme) beurteilt.<\/p>\n<p>Den Ablauf der Schlauchmagenchirurgie in unserer Klinik erl\u00e4utern wir gerne an einem Beispiel.<\/p>\n<p>DER ZEITRAUM VON EINER WOCHE EINES PATIENTEN IN ISTANBUL, DESSEN OPERATIONSTAG AM MONTAG IST<\/p>\n<p>Der Patient, der am Montag operiert wird, muss sp\u00e4testens am Sonntagabend in Istanbul eintreffen. Der Patient wird vom Flughafen mit einem privaten Transferfahrzeug abgeholt und zum Hotel gebracht, das 1 Minute zu Fu\u00df vom Krankenhaus entfernt ist. Solange die Pandemie andauert, werden unsere Patienten bei Ankunft im Hotel auf PCR getestet. Der Test wird im Hotelzimmer des Patienten unter hygienischen Bedingungen durchgef\u00fchrt, und der Patient muss f\u00fcr den Test nirgendwo hingehen. Das PCR-Testergebnis liegt in ca. 6 Stunden vor. Der Patient sollte 24 Stunden vor der Operation nur Fl\u00fcssignahrung zu sich nehmen. Der Patient wird angewiesen, nach 24 Uhr am Sonntagabend weder zu essen noch zu trinken. Am Montag holt einer unserer Teamkollegen den Patienten morgens vom Hotel ab und bringt ihn ins Krankenhaus, und am selben Tag wird eine detaillierte pr\u00e4operative Gesundheitsuntersuchung durchgef\u00fchrt. Untersuchungen f\u00fcr die Kardiologie, Radiologie, Innere Medizin und Allgemeinchirurgie werden durchgef\u00fchrt. Endoskopie, Bauchultraschall, Herzultraschall und EKG, au\u00dferdem Blut- und Urinproben entnommen und im Labor untersucht. Wenn die Ergebnisse in Ordnung sind, kann die Operation noch am selben Tag durchgef\u00fchrt werden.<\/p>\n<p>W\u00e4hrend wir vor der Pandemie einen Tag vor dem OP-Tag mit den Vorbereitungen begannen, f\u00fchren wir jetzt diese Vorbereitungen an einem Tag aus und minimieren damit das Risiko auf Covid.<\/p>\n<p>Die Operation wird unter Vollnarkose und laparoskopischer (geschlossener) Methode durchgef\u00fchrt. Dabei werden mit Hilfe von Trokaren durch 4-6 L\u00f6cher von 1 cm und kleiner eine Kamera und chirurgische Instrumente in den Bauchbereich eingef\u00fchrt. Die Operationszeit betr\u00e4gt 45-90 Minuten.<\/p>\n<p>Kurz vor dem Ende der Operation werden alle Patienten mit Hilfe einer Fl\u00fcssigkeit namens Methylenblau f\u00fcr den \u201eLeckagetest\u201c getestet und nachdem sichergestellt wurde, dass keine Probleme vorliegen, wird die Operation durch Anlegen einer Drainage zum Entfernen der Fl\u00fcssigkeiten beendet.<\/p>\n<p>4-6 Stunden nach der Operation wird der Patient aus dem Bett genommen und mobilisiert.<\/p>\n<p>Patienten, die den ersten Tag und die erste Nacht (Montag) normalerweise in Ruhe verbringen, k\u00f6nnen aufgrund des Gases, das w\u00e4hrend der Operation in den Bauchraum geleitet wird, Kr\u00e4mpfe oder Schmerzen versp\u00fcren. Es kann mit Schmerzmitteln unter Kontrolle gehalten und f\u00fcr Komfort gesorgt werden.<\/p>\n<p>Am zweiten Tag (Dienstag) beginnt der Patient morgens mit dem Trinken von Wasser und wir empfehlen ihm etwas herumzugehen. Die fl\u00fcssige Ern\u00e4hrung, die mit kleinen Schlucken beginnt, wird noch am selben Tag von nat\u00fcrlichem Apfelsaft begleitet.<\/p>\n<p>Ab dem Morgen des 3. Tages (Mittwoch) geben wir unseren Patienten Fl\u00fcssignahrung wie Suppen, Milch, Joghurt und Tee. In dieser Zeit hat sich unser Patient bereits von den Schmerzen erholt. Und am selben Tag wird die Drainage, bei der wir postoperative Fl\u00fcssigkeiten und die M\u00f6glichkeit eines fr\u00fchen Auslaufens beobachten, vom Arzt oder der OP-Schwester entfernt. Nach dem Entfernen des Abflusses kann der Patient duschen.<\/p>\n<p>Unsere Patienten, die noch 1 Nacht im Krankenhaus bleiben, werden in der Regel am 4. Tag (Donnerstag) aus dem Krankenhaus entlassen.<\/p>\n<p>Auch wenn das Leckagerisiko nach diesen Operationen gering ist, dauert es bis zum 5. Tag an. Daher empfehlen wir allen unseren Patienten im Hinblick auf die Patientensicherheit, 2-3 Tage nach der Entlassung in Istanbul zu bleiben.<\/p>\n<p>Unsere Patienten, die f\u00fcr den Gesundheitstourismus aus dem Ausland kommen, m\u00fcssen 7-8 Tage in Istanbul bleiben, um eine Schlauchmagenentfernung durchf\u00fchren zu lassen.<\/p>\n<p>Unsere Ern\u00e4hrungs- und medizinische Beratungen werden noch \u00a012 Monate nach Entlassung kostenlos fortgesetzt. Wir bitten unsere Patienten, bestimmte Blut- und Urintests durchf\u00fchren zu lassen. Diese Tests sollten\u00a0 1-3-6-9-12 Monate ab dem Operationsdatum gemacht und von uns\u00a0 ausgewertet werden. Wenn die Testergebnisse vorliegen, geben wir unsere Empfehlungen zu Ern\u00e4hrung, Medikamenten und anderen Themen. Dieses kann per Video auf WhatsApp geschehen, denn so k\u00f6nnen auch gleich weitere Fragen beantwortet werden.<\/p>\n<p>In den ersten 3 Monaten nach der Operation sollten verschiedene Medikamente und Nahrungserg\u00e4nzungsmittel eingenommen werden. Diese Produkte k\u00f6nnen dem Patienten bei der Entlassung in einer speziellen Verpackung pr\u00e4sentiert werden. Welche Medikamente und Nahrungserg\u00e4nzungsmittel verwendet werden, wird vom Arzt und Ern\u00e4hrungsberater bestimmt, darum kann sich der Packungsinhalt\u00a0 von Patient zu Patient unterscheiden.<\/p>\n","protected":false},"excerpt":{"rendered":"<p>Die Schlauchmagenoperation ist die grundlegendste Operation der Adipositaschirurgie. Das Abnehmen mit dieser einfach durchzuf\u00fchrenden Operation ist sehr komfortabel und erfolgreich. Bei der Schlauchmagenoperation wird der Magen in einen d\u00fcnnen und langen Schlauch umgewandelt. Bis zu 80% des Magens werden in einer laparoskopischen Operation entfernt. Dadurch wird die Nahrungsaufnahme des Magens eingeschr\u00e4nkt. Da der Fundusteil des [&hellip;]<\/p>\n","protected":false},"author":1,"featured_media":0,"parent":0,"menu_order":0,"comment_status":"closed","ping_status":"closed","template":"","meta":{"footnotes":""},"class_list":["post-8737","page","type-page","status-publish","hentry"],"yoast_head":"<!-- This site is optimized with the Yoast SEO plugin v19.4 - https:\/\/yoast.com\/wordpress\/plugins\/seo\/ -->\n<title>Schlauchmagen Operation - Ayfa Clinic<\/title>\n<meta name=\"robots\" content=\"index, follow, max-snippet:-1, max-image-preview:large, max-video-preview:-1\" \/>\n<link rel=\"canonical\" href=\"https:\/\/www.ayfaclinic.com\/de\/schlauchmagen-operation\/\" \/>\n<meta property=\"og:locale\" content=\"de_DE\" \/>\n<meta property=\"og:type\" content=\"article\" \/>\n<meta property=\"og:title\" content=\"Schlauchmagen Operation - Ayfa Clinic\" \/>\n<meta property=\"og:description\" content=\"Die Schlauchmagenoperation ist die grundlegendste Operation der Adipositaschirurgie. Das Abnehmen mit dieser einfach durchzuf\u00fchrenden Operation ist sehr komfortabel und erfolgreich. Bei der Schlauchmagenoperation wird der Magen in einen d\u00fcnnen und langen Schlauch umgewandelt. Bis zu 80% des Magens werden in einer laparoskopischen Operation entfernt. Dadurch wird die Nahrungsaufnahme des Magens eingeschr\u00e4nkt. Da der Fundusteil des [&hellip;]\" \/>\n<meta property=\"og:url\" content=\"https:\/\/www.ayfaclinic.com\/de\/schlauchmagen-operation\/\" \/>\n<meta property=\"og:site_name\" content=\"Ayfa Clinic Deutsch\" \/>\n<meta name=\"twitter:card\" content=\"summary_large_image\" \/>\n<meta name=\"twitter:label1\" content=\"Gesch\u00e4tzte Lesezeit\" \/>\n\t<meta name=\"twitter:data1\" content=\"5\u00a0Minuten\" \/>\n<script type=\"application\/ld+json\" class=\"yoast-schema-graph\">{\"@context\":\"https:\/\/schema.org\",\"@graph\":[{\"@type\":\"WebSite\",\"@id\":\"https:\/\/www.ayfaclinic.com\/de\/#website\",\"url\":\"https:\/\/www.ayfaclinic.com\/de\/\",\"name\":\"Ayfa Clinic Deutsch\",\"description\":\"Ayfa Clinic - Health Starts Here\",\"potentialAction\":[{\"@type\":\"SearchAction\",\"target\":{\"@type\":\"EntryPoint\",\"urlTemplate\":\"https:\/\/www.ayfaclinic.com\/de\/?s={search_term_string}\"},\"query-input\":\"required name=search_term_string\"}],\"inLanguage\":\"de\"},{\"@type\":\"WebPage\",\"@id\":\"https:\/\/www.ayfaclinic.com\/de\/schlauchmagen-operation\/\",\"url\":\"https:\/\/www.ayfaclinic.com\/de\/schlauchmagen-operation\/\",\"name\":\"Schlauchmagen Operation - Ayfa Clinic\",\"isPartOf\":{\"@id\":\"https:\/\/www.ayfaclinic.com\/de\/#website\"},\"datePublished\":\"2022-08-22T11:35:28+00:00\",\"dateModified\":\"2022-08-22T11:35:28+00:00\",\"breadcrumb\":{\"@id\":\"https:\/\/www.ayfaclinic.com\/de\/schlauchmagen-operation\/#breadcrumb\"},\"inLanguage\":\"de\",\"potentialAction\":[{\"@type\":\"ReadAction\",\"target\":[\"https:\/\/www.ayfaclinic.com\/de\/schlauchmagen-operation\/\"]}]},{\"@type\":\"BreadcrumbList\",\"@id\":\"https:\/\/www.ayfaclinic.com\/de\/schlauchmagen-operation\/#breadcrumb\",\"itemListElement\":[{\"@type\":\"ListItem\",\"position\":1,\"name\":\"Anasayfa\",\"item\":\"https:\/\/www.ayfaclinic.com\/de\/\"},{\"@type\":\"ListItem\",\"position\":2,\"name\":\"Schlauchmagen Operation\"}]}]}<\/script>\n<!-- \/ Yoast SEO plugin. -->","yoast_head_json":{"title":"Schlauchmagen Operation - Ayfa Clinic","robots":{"index":"index","follow":"follow","max-snippet":"max-snippet:-1","max-image-preview":"max-image-preview:large","max-video-preview":"max-video-preview:-1"},"canonical":"https:\/\/www.ayfaclinic.com\/de\/schlauchmagen-operation\/","og_locale":"de_DE","og_type":"article","og_title":"Schlauchmagen Operation - Ayfa Clinic","og_description":"Die Schlauchmagenoperation ist die grundlegendste Operation der Adipositaschirurgie. Das Abnehmen mit dieser einfach durchzuf\u00fchrenden Operation ist sehr komfortabel und erfolgreich. Bei der Schlauchmagenoperation wird der Magen in einen d\u00fcnnen und langen Schlauch umgewandelt. Bis zu 80% des Magens werden in einer laparoskopischen Operation entfernt. Dadurch wird die Nahrungsaufnahme des Magens eingeschr\u00e4nkt. Da der Fundusteil des [&hellip;]","og_url":"https:\/\/www.ayfaclinic.com\/de\/schlauchmagen-operation\/","og_site_name":"Ayfa Clinic Deutsch","twitter_card":"summary_large_image","twitter_misc":{"Gesch\u00e4tzte Lesezeit":"5\u00a0Minuten"},"schema":{"@context":"https:\/\/schema.org","@graph":[{"@type":"WebSite","@id":"https:\/\/www.ayfaclinic.com\/de\/#website","url":"https:\/\/www.ayfaclinic.com\/de\/","name":"Ayfa Clinic Deutsch","description":"Ayfa Clinic - Health Starts Here","potentialAction":[{"@type":"SearchAction","target":{"@type":"EntryPoint","urlTemplate":"https:\/\/www.ayfaclinic.com\/de\/?s={search_term_string}"},"query-input":"required name=search_term_string"}],"inLanguage":"de"},{"@type":"WebPage","@id":"https:\/\/www.ayfaclinic.com\/de\/schlauchmagen-operation\/","url":"https:\/\/www.ayfaclinic.com\/de\/schlauchmagen-operation\/","name":"Schlauchmagen Operation - Ayfa Clinic","isPartOf":{"@id":"https:\/\/www.ayfaclinic.com\/de\/#website"},"datePublished":"2022-08-22T11:35:28+00:00","dateModified":"2022-08-22T11:35:28+00:00","breadcrumb":{"@id":"https:\/\/www.ayfaclinic.com\/de\/schlauchmagen-operation\/#breadcrumb"},"inLanguage":"de","potentialAction":[{"@type":"ReadAction","target":["https:\/\/www.ayfaclinic.com\/de\/schlauchmagen-operation\/"]}]},{"@type":"BreadcrumbList","@id":"https:\/\/www.ayfaclinic.com\/de\/schlauchmagen-operation\/#breadcrumb","itemListElement":[{"@type":"ListItem","position":1,"name":"Anasayfa","item":"https:\/\/www.ayfaclinic.com\/de\/"},{"@type":"ListItem","position":2,"name":"Schlauchmagen Operation"}]}]}},"_links":{"self":[{"href":"https:\/\/www.ayfaclinic.com\/de\/wp-json\/wp\/v2\/pages\/8737","targetHints":{"allow":["GET"]}}],"collection":[{"href":"https:\/\/www.ayfaclinic.com\/de\/wp-json\/wp\/v2\/pages"}],"about":[{"href":"https:\/\/www.ayfaclinic.com\/de\/wp-json\/wp\/v2\/types\/page"}],"author":[{"embeddable":true,"href":"https:\/\/www.ayfaclinic.com\/de\/wp-json\/wp\/v2\/users\/1"}],"replies":[{"embeddable":true,"href":"https:\/\/www.ayfaclinic.com\/de\/wp-json\/wp\/v2\/comments?post=8737"}],"version-history":[{"count":1,"href":"https:\/\/www.ayfaclinic.com\/de\/wp-json\/wp\/v2\/pages\/8737\/revisions"}],"predecessor-version":[{"id":8738,"href":"https:\/\/www.ayfaclinic.com\/de\/wp-json\/wp\/v2\/pages\/8737\/revisions\/8738"}],"wp:attachment":[{"href":"https:\/\/www.ayfaclinic.com\/de\/wp-json\/wp\/v2\/media?parent=8737"}],"curies":[{"name":"wp","href":"https:\/\/api.w.org\/{rel}","templated":true}]}}