{"id":8735,"date":"2022-08-22T11:34:47","date_gmt":"2022-08-22T11:34:47","guid":{"rendered":"https:\/\/www.ayfaclinic.com\/de\/?page_id=8735"},"modified":"2022-08-22T11:34:47","modified_gmt":"2022-08-22T11:34:47","slug":"magenhernien-und-reflux-chirurgie","status":"publish","type":"page","link":"https:\/\/www.ayfaclinic.com\/de\/magenhernien-und-reflux-chirurgie\/","title":{"rendered":"Magenhernien- und Reflux-Chirurgie"},"content":{"rendered":"<div id=\"ez-toc-container\" class=\"ez-toc-v2_0_29 counter-hierarchy counter-decimal ez-toc-grey\">\n<div class=\"ez-toc-title-container\">\n<p class=\"ez-toc-title\">Inhalt<\/p>\n<span class=\"ez-toc-title-toggle\"><a href=\"#\" class=\"ez-toc-pull-right ez-toc-btn ez-toc-btn-xs ez-toc-btn-default ez-toc-toggle\" style=\"display: none;\"><label for=\"item\" aria-label=\"Table of Content\"><i class=\"ez-toc-glyphicon ez-toc-icon-toggle\"><\/i><\/label><input type=\"checkbox\" id=\"item\"><\/a><\/span><\/div>\n<nav><ul class=\"ez-toc-list ez-toc-list-level-1\"><li class=\"ez-toc-page-1 ez-toc-heading-level-2\"><a class=\"ez-toc-link ez-toc-heading-1\" href=\"https:\/\/www.ayfaclinic.com\/de\/magenhernien-und-reflux-chirurgie\/#ALLGEMEINE_INFORMATIONEN\" title=\"ALLGEMEINE INFORMATIONEN?\">ALLGEMEINE INFORMATIONEN?<\/a><\/li><li class=\"ez-toc-page-1 ez-toc-heading-level-2\"><a class=\"ez-toc-link ez-toc-heading-2\" href=\"https:\/\/www.ayfaclinic.com\/de\/magenhernien-und-reflux-chirurgie\/#FUeR_WEN_GILT_ES\" title=\"F\u00dcR WEN GILT ES?\">F\u00dcR WEN GILT ES?<\/a><\/li><li class=\"ez-toc-page-1 ez-toc-heading-level-2\"><a class=\"ez-toc-link ez-toc-heading-3\" href=\"https:\/\/www.ayfaclinic.com\/de\/magenhernien-und-reflux-chirurgie\/#WELCHE_VORBEREITUNG_SIND_VOR_DER_OPERATION_ERFORDERLICH\" title=\"WELCHE VORBEREITUNG SIND VOR DER OPERATION ERFORDERLICH?\">WELCHE VORBEREITUNG SIND VOR DER OPERATION ERFORDERLICH?<\/a><\/li><li class=\"ez-toc-page-1 ez-toc-heading-level-2\"><a class=\"ez-toc-link ez-toc-heading-4\" href=\"https:\/\/www.ayfaclinic.com\/de\/magenhernien-und-reflux-chirurgie\/#WIE_WIRD_ES_GEMACHT\" title=\"WIE WIRD ES GEMACHT?\">WIE WIRD ES GEMACHT?<\/a><\/li><li class=\"ez-toc-page-1 ez-toc-heading-level-2\"><a class=\"ez-toc-link ez-toc-heading-5\" href=\"https:\/\/www.ayfaclinic.com\/de\/magenhernien-und-reflux-chirurgie\/#VORBEREITUNGEN_WIE_VOR_DER_KRANKENHAUSEINRICHTUNG\" title=\"VORBEREITUNGEN WIE VOR DER KRANKENHAUSEINRICHTUNG?\">VORBEREITUNGEN WIE VOR DER KRANKENHAUSEINRICHTUNG?<\/a><\/li><li class=\"ez-toc-page-1 ez-toc-heading-level-2\"><a class=\"ez-toc-link ez-toc-heading-6\" href=\"https:\/\/www.ayfaclinic.com\/de\/magenhernien-und-reflux-chirurgie\/#WIE_LANGE_BLEIBE_ICH_IM_KRANKENHAUS\" title=\"WIE LANGE BLEIBE ICH IM KRANKENHAUS?\">WIE LANGE BLEIBE ICH IM KRANKENHAUS?<\/a><\/li><li class=\"ez-toc-page-1 ez-toc-heading-level-2\"><a class=\"ez-toc-link ez-toc-heading-7\" href=\"https:\/\/www.ayfaclinic.com\/de\/magenhernien-und-reflux-chirurgie\/#WAS_PASSIERT_BEIM_AUFENTHALT_IM_KRANKENHAUS\" title=\"WAS PASSIERT BEIM AUFENTHALT IM KRANKENHAUS?\">WAS PASSIERT BEIM AUFENTHALT IM KRANKENHAUS?<\/a><\/li><li class=\"ez-toc-page-1 ez-toc-heading-level-2\"><a class=\"ez-toc-link ez-toc-heading-8\" href=\"https:\/\/www.ayfaclinic.com\/de\/magenhernien-und-reflux-chirurgie\/#WANN_KANN_ICH_MEIN_NORMALES_LEBEN_BEGINNEN\" title=\"WANN KANN ICH MEIN NORMALES LEBEN BEGINNEN?\">WANN KANN ICH MEIN NORMALES LEBEN BEGINNEN?<\/a><\/li><\/ul><\/nav><\/div>\n<h2><span class=\"ez-toc-section\" id=\"ALLGEMEINE_INFORMATIONEN\"><\/span>ALLGEMEINE INFORMATIONEN?<span class=\"ez-toc-section-end\"><\/span><\/h2>\n<p>Der breiteste Teil des Magens, der sich unter dem Bereich befindet, in dem sich Speiser\u00f6hre und Magen treffen, ist die Verlagerung des Fundusteils von der normalen Stelle des Abdomens durch die \u00d6ffnung am Zwerchfell, wo die Speiser\u00f6hre vom Brustkorb in den Bauchraum \u00fcbergeht Hohlraum, zum Brustkorb hin.<\/p>\n<p>Klassische Befunde einer Hernie;<\/p>\n<p>Saures Wasser im Mund,<\/p>\n<p>Brennen unter dem Glaubensbrett in der Brust,<\/p>\n<p>Gelegentlich trockener Husten (als Folge von Magens\u00e4ure, die den Hals reizt)<\/p>\n<p>Diese Beschwerden sind bei einigen Patienten je nach Gr\u00f6\u00dfe der Hernie weniger und unsicher, bei einigen Patienten sind sie schwerwiegend und \u00fcberm\u00e4\u00dfig, so dass der Lebensstandard, die Ess- und Trinkgewohnheiten gest\u00f6rt werden. Ursache der Beschwerden ist eine Funktionsst\u00f6rung des Klappenmechanismus zwischen Speiser\u00f6hre und Magen infolge des Einbruchs des Magens in die Brusth\u00f6hle. Durch die Funktionsst\u00f6rung dieser Klappe entweichen s\u00e4urehaltige Fl\u00fcssigkeiten im Magen aus dem Magen in die Speiser\u00f6hre und verursachen Reizungen und Verbrennungen (\u00d6sophagitis), insbesondere im unteren Teil der Speiser\u00f6hre. Diese Reizung der Speiser\u00f6hre verursacht bei Patienten die oben genannten Beschwerden. Diese Verbrennungen und Reizungen sind lang und intensiv,<\/p>\n<p>Die Diagnose der Erkrankung erfolgt durch eine Endoskopie des oberen Verdauungssystems, die entsprechend Ihren bestehenden Beschwerden durchgef\u00fchrt wird.<\/p>\n<p>Bei der Behandlung von Magenbruch und Refluxbeschwerden stehen medikament\u00f6se Therapien und operative Therapiem\u00f6glichkeiten zur Verf\u00fcgung. Obwohl die medikament\u00f6se Therapie in leichten und leichten F\u00e4llen teilweise wirksam ist, korrigieren sie die Symptome der Krankheit, nicht die Krankheit. Die medikament\u00f6se Behandlung korrigiert den Bruch in Ihrem Magen nicht. Es ist die definitive Behandlungsmethode f\u00fcr Patienten, die nicht auf Medikamente ansprechen, starke Symptome haben und w\u00e4hrend der Endoskopie schwere Reizungen und Verbrennungen in der Speiser\u00f6hre haben. Mit einer Operation werden Leistenbr\u00fcche und damit verbundene Refluxbeschwerden dauerhaft behandelt. Wenn die Sch\u00e4digung der Speiser\u00f6hre (Barret-\u00d6sophagus- und \u00d6sophagitis-Zustand) nach der Operation die Dauer des Refluxes, die Schwere der Verbrennung und Reizung entweder verbessert oder ihr Fortschreiten verhindert wird.<\/p>\n<h2><span class=\"ez-toc-section\" id=\"FUeR_WEN_GILT_ES\"><\/span>F\u00dcR WEN GILT ES?<span class=\"ez-toc-section-end\"><\/span><\/h2>\n<p>Eine Operation ist erforderlich bei Patienten mit symptomatischen und unkontrollierbaren Beschwerden, gro\u00dfem Magenbruch in der Endoskopie, \u201eBarret \u00d6sophagus\u201c am unteren Ende der Speiser\u00f6hre und schwerer \u00d6sophagitis (\u00f6sophageale Reizung und Entz\u00fcndung).<\/p>\n<h2><span class=\"ez-toc-section\" id=\"WELCHE_VORBEREITUNG_SIND_VOR_DER_OPERATION_ERFORDERLICH\"><\/span>WELCHE VORBEREITUNG SIND VOR DER OPERATION ERFORDERLICH?<span class=\"ez-toc-section-end\"><\/span><\/h2>\n<p>Vorher werden Verfahren wie Bluttests (Leber-, Nierenfunktionstests, Stoffwechselfunktionstests, Blutungs-Gerinnungsstatus, etc.), Lungenfilm, An\u00e4sthesistenbeurteilung durchgef\u00fchrt<\/p>\n<h2><span class=\"ez-toc-section\" id=\"WIE_WIRD_ES_GEMACHT\"><\/span>WIE WIRD ES GEMACHT?<span class=\"ez-toc-section-end\"><\/span><\/h2>\n<p>Reflux- und Magenhernien-Operationen werden heute standardm\u00e4\u00dfig laparoskopisch durchgef\u00fchrt. Bei der Operation wird der Magenvorfall vom Brustkorb in den Bauch, der seinen Standardort darstellt, gebracht und die vergr\u00f6\u00dferte Speiser\u00f6hren\u00f6ffnung im Zwerchfellmuskel wird auf seine Standardgr\u00f6\u00dfe gebracht und verengt. Anschlie\u00dfend wird die Vorderwand des gro\u00dfen Bereichs des Magens, der Fundus genannt wird, von der Vorderseite der Speiser\u00f6hre gedreht und die R\u00fcckwand durch Drehen hinter der Speiser\u00f6hre zusammengen\u00e4ht. Auf diese Weise wird um die Speiser\u00f6hre herum ein Verband angelegt, der das Austreten von Magenfl\u00fcssigkeit in die Speiser\u00f6hre verhindert, indem der Druck in diesem Bereich erh\u00f6ht wird. Der Name dieser Operation hei\u00dft \u201eNissen Fundoplikatio\u201c.<\/p>\n<h2><span class=\"ez-toc-section\" id=\"VORBEREITUNGEN_WIE_VOR_DER_KRANKENHAUSEINRICHTUNG\"><\/span>VORBEREITUNGEN WIE VOR DER KRANKENHAUSEINRICHTUNG?<span class=\"ez-toc-section-end\"><\/span><\/h2>\n<p>Da Ihre Operation ein chirurgischer Eingriff am Verdauungssystem ist;<\/p>\n<ul>\n<li>Es ist in Ordnung, andere Medikamente als Blutverd\u00fcnner zu verwenden, die Sie routinem\u00e4\u00dfig bis zur Nacht der Operation einnehmen m\u00fcssen. Blutdruckmedikamente, Herzmedikamente k\u00f6nnen am Morgen der Operation nach Absprache mit Ihrem Arzt mindestens 2 Stunden vor der Operation mit etwas Wasser getrunken werden.<\/li>\n<li>Wenn Sie Blutverd\u00fcnner einnehmen, sollten Sie Ihren Arzt unbedingt warnen und ihm Zeit geben, diese Medikamente abzusetzen und mit alternativen Medikamenten zu beginnen.<\/li>\n<li>Wenn Sie rauchen, ist es notwendig, mindestens 1 Woche vor der Operation mit dem Rauchen aufzuh\u00f6ren oder es auf ein Minimum zu reduzieren. Dies ist eine Situation, die sich direkt auf Ihre postoperative Lungenleistung auswirkt.<\/li>\n<li>Eine Nacht vor der Operation sollten Sie in der Regel gegen 22-23 Uhr jegliche feste oder fl\u00fcssige Nahrungsaufnahme einstellen und am Morgen der Operation mit mindestens 6 Stunden Fasten fertig sein.<\/li>\n<li>Nehmen Sie zu Hause ein Bad, bevor Sie vor der Operation ins Krankenhaus gehen. Vergessen Sie nicht, dass Sie f\u00fcr mindestens 2 oder 3 Tage kein Bad nehmen werden.<\/li>\n<li>Tragen Sie keine nylonhaltige Unterw\u00e4sche, wenn Sie ins Krankenhaus kommen. Nylonunterw\u00e4sche kann mit einigen elektrischen Ger\u00e4ten, die w\u00e4hrend der Operation verwendet werden, interagieren und Hautverbrennungen verursachen.<\/li>\n<li>Wenn Sie ins Krankenhaus kommen, ist es sinnvoll, Hausschuhe, pers\u00f6nliches Reinigungsmaterial (Zahnb\u00fcrste, Zahnpasta, Rasierset etc.) und ausreichend Unterw\u00e4sche mitzubringen.<\/li>\n<\/ul>\n<h2><span class=\"ez-toc-section\" id=\"WIE_LANGE_BLEIBE_ICH_IM_KRANKENHAUS\"><\/span>WIE LANGE BLEIBE ICH IM KRANKENHAUS?<span class=\"ez-toc-section-end\"><\/span><\/h2>\n<p>Obwohl Ihr Krankenhausaufenthalt von vielen Faktoren beeinflusst wird, z. B. ob Sie in der Nacht vor oder am Morgen der Operation im Krankenhaus sind, wie lange Ihr Chirurg den Patienten nach der Operation im Krankenhaus h\u00e4lt, ob sich Ihr chirurgisches Problem entwickelt nach der Operation sind es in der Regel bis zu 1-2 N\u00e4chte.<\/p>\n<h2><span class=\"ez-toc-section\" id=\"WAS_PASSIERT_BEIM_AUFENTHALT_IM_KRANKENHAUS\"><\/span>WAS PASSIERT BEIM AUFENTHALT IM KRANKENHAUS?<span class=\"ez-toc-section-end\"><\/span><\/h2>\n<p>Wenn Sie in der Nacht vor der Operation ins Krankenhaus eingeliefert wurden, sollten Sie zu Hause sch\u00fctzende Blutverd\u00fcnner verwenden, wenn Sie am Morgen der Operation zu Bett gehen. Diese Behandlung wird von Ihrem Arzt geplant und durchgef\u00fchrt. Bevor Sie am Morgen der Operation in den Operationssaal gehen, sollten Sie unbedingt auf die Toilette gehen und Ihre Bed\u00fcrfnisse befriedigen. Die Zeit zwischen der Entnahme aus Ihrem Bett f\u00fcr die Operation und der R\u00fcckkehr in Ihr Bett betr\u00e4gt normalerweise 2-3 Stunden. All diese Zeit ist nicht die Zeit, die f\u00fcr die Operation ben\u00f6tigt wird, die Vorbereitungszeit im Operationssaal, Ihre Operation und Ihr Aufwachprozess nach der Operation sind in diesem Prozess enthalten. Meist werden Sie nach der Operation zu Ihrem Bett auf dem Boden gebracht, eine postoperative Intensivpflege ist in der Regel nicht erforderlich. In den Tagen nach der Operation l\u00e4uft der Vorgang wie folgt ab;<\/p>\n<p>&#8211; Am OP-Tag: Ca. 4-5 Stunden nach R\u00fcckkehr ins Bett heben Sie sich f\u00fcr den ersten Gang hoch und machen einen kleinen Gang im Zimmer. Am Tag der Operation werden alle Ihre Behandlungen intraven\u00f6s durchgef\u00fchrt und eine Nahrungsaufnahme ist nicht erlaubt.<\/p>\n<p>&#8211; 1. Tag nach der Operation: Heute wird mit der oralen Ern\u00e4hrung begonnen. Morgens wird Ihnen ein Tee-, Frischk\u00e4se- und Keksfr\u00fchst\u00fcck serviert und Sie starten in den Tag. Sie d\u00fcrfen tags\u00fcber so viel Fl\u00fcssigkeit zu sich nehmen, wie Sie m\u00f6chten, und zu den Mahlzeiten erhalten Sie eine k\u00f6rnige Suppe. Bei diesen Operationen wird in der Regel keine Drainage im Operationsgebiet platziert. Patienten k\u00f6nnen in der Regel gegen Abend des n\u00e4chsten Tages nach dem Operationstag entlassen werden. Dieser Zeitraum kann sich manchmal bis zum 2. Tag nach der Operation erstrecken.<\/p>\n<h2><span class=\"ez-toc-section\" id=\"WANN_KANN_ICH_MEIN_NORMALES_LEBEN_BEGINNEN\"><\/span>WANN KANN ICH MEIN NORMALES LEBEN BEGINNEN?<span class=\"ez-toc-section-end\"><\/span><\/h2>\n<p>Ihre Zeit, um in ein normales Leben zur\u00fcckzukehren, h\u00e4ngt stark von Ihrem Job ab. Wenn Sie einen Schreibtischjob aus\u00fcben, k\u00f6nnen Sie Ihren Job am 2. oder 3. Tag nach Ihrer Entlassung aus dem Krankenhaus aus\u00fcben. Aber die Standardruhezeit betr\u00e4gt f\u00fcr diese Arbeitsgruppe 7-10 Tage. Wenn Sie in einem Job arbeiten, bei dem Sie k\u00f6rperlich arbeiten m\u00fcssen, k\u00f6nnen Sie sich 15-20 Tage ausruhen und dann an Ihrem Arbeitsplatz sein.<\/p>\n","protected":false},"excerpt":{"rendered":"<p>ALLGEMEINE INFORMATIONEN? Der breiteste Teil des Magens, der sich unter dem Bereich befindet, in dem sich Speiser\u00f6hre und Magen treffen, ist die Verlagerung des Fundusteils von der normalen Stelle des Abdomens durch die \u00d6ffnung am Zwerchfell, wo die Speiser\u00f6hre vom Brustkorb in den Bauchraum \u00fcbergeht Hohlraum, zum Brustkorb hin. Klassische Befunde einer Hernie; Saures Wasser [&hellip;]<\/p>\n","protected":false},"author":1,"featured_media":0,"parent":0,"menu_order":0,"comment_status":"closed","ping_status":"closed","template":"","meta":{"footnotes":""},"class_list":["post-8735","page","type-page","status-publish","hentry"],"yoast_head":"<!-- This site is optimized with the Yoast SEO plugin v19.4 - https:\/\/yoast.com\/wordpress\/plugins\/seo\/ -->\n<title>Magenhernien- und Reflux-Chirurgie - Ayfa Clinic<\/title>\n<meta name=\"robots\" content=\"index, follow, max-snippet:-1, max-image-preview:large, max-video-preview:-1\" \/>\n<link rel=\"canonical\" href=\"https:\/\/www.ayfaclinic.com\/de\/magenhernien-und-reflux-chirurgie\/\" \/>\n<meta property=\"og:locale\" content=\"de_DE\" \/>\n<meta property=\"og:type\" content=\"article\" \/>\n<meta property=\"og:title\" content=\"Magenhernien- und Reflux-Chirurgie - Ayfa Clinic\" \/>\n<meta property=\"og:description\" content=\"ALLGEMEINE INFORMATIONEN? Der breiteste Teil des Magens, der sich unter dem Bereich befindet, in dem sich Speiser\u00f6hre und Magen treffen, ist die Verlagerung des Fundusteils von der normalen Stelle des Abdomens durch die \u00d6ffnung am Zwerchfell, wo die Speiser\u00f6hre vom Brustkorb in den Bauchraum \u00fcbergeht Hohlraum, zum Brustkorb hin. Klassische Befunde einer Hernie; Saures Wasser [&hellip;]\" \/>\n<meta property=\"og:url\" content=\"https:\/\/www.ayfaclinic.com\/de\/magenhernien-und-reflux-chirurgie\/\" \/>\n<meta property=\"og:site_name\" content=\"Ayfa Clinic Deutsch\" \/>\n<meta name=\"twitter:card\" content=\"summary_large_image\" \/>\n<meta name=\"twitter:label1\" content=\"Gesch\u00e4tzte Lesezeit\" \/>\n\t<meta name=\"twitter:data1\" content=\"7\u00a0Minuten\" \/>\n<script type=\"application\/ld+json\" class=\"yoast-schema-graph\">{\"@context\":\"https:\/\/schema.org\",\"@graph\":[{\"@type\":\"WebSite\",\"@id\":\"https:\/\/www.ayfaclinic.com\/de\/#website\",\"url\":\"https:\/\/www.ayfaclinic.com\/de\/\",\"name\":\"Ayfa Clinic Deutsch\",\"description\":\"Ayfa Clinic - Health Starts Here\",\"potentialAction\":[{\"@type\":\"SearchAction\",\"target\":{\"@type\":\"EntryPoint\",\"urlTemplate\":\"https:\/\/www.ayfaclinic.com\/de\/?s={search_term_string}\"},\"query-input\":\"required name=search_term_string\"}],\"inLanguage\":\"de\"},{\"@type\":\"WebPage\",\"@id\":\"https:\/\/www.ayfaclinic.com\/de\/magenhernien-und-reflux-chirurgie\/\",\"url\":\"https:\/\/www.ayfaclinic.com\/de\/magenhernien-und-reflux-chirurgie\/\",\"name\":\"Magenhernien- und Reflux-Chirurgie - Ayfa Clinic\",\"isPartOf\":{\"@id\":\"https:\/\/www.ayfaclinic.com\/de\/#website\"},\"datePublished\":\"2022-08-22T11:34:47+00:00\",\"dateModified\":\"2022-08-22T11:34:47+00:00\",\"breadcrumb\":{\"@id\":\"https:\/\/www.ayfaclinic.com\/de\/magenhernien-und-reflux-chirurgie\/#breadcrumb\"},\"inLanguage\":\"de\",\"potentialAction\":[{\"@type\":\"ReadAction\",\"target\":[\"https:\/\/www.ayfaclinic.com\/de\/magenhernien-und-reflux-chirurgie\/\"]}]},{\"@type\":\"BreadcrumbList\",\"@id\":\"https:\/\/www.ayfaclinic.com\/de\/magenhernien-und-reflux-chirurgie\/#breadcrumb\",\"itemListElement\":[{\"@type\":\"ListItem\",\"position\":1,\"name\":\"Anasayfa\",\"item\":\"https:\/\/www.ayfaclinic.com\/de\/\"},{\"@type\":\"ListItem\",\"position\":2,\"name\":\"Magenhernien- und Reflux-Chirurgie\"}]}]}<\/script>\n<!-- \/ Yoast SEO plugin. -->","yoast_head_json":{"title":"Magenhernien- und Reflux-Chirurgie - Ayfa Clinic","robots":{"index":"index","follow":"follow","max-snippet":"max-snippet:-1","max-image-preview":"max-image-preview:large","max-video-preview":"max-video-preview:-1"},"canonical":"https:\/\/www.ayfaclinic.com\/de\/magenhernien-und-reflux-chirurgie\/","og_locale":"de_DE","og_type":"article","og_title":"Magenhernien- und Reflux-Chirurgie - Ayfa Clinic","og_description":"ALLGEMEINE INFORMATIONEN? Der breiteste Teil des Magens, der sich unter dem Bereich befindet, in dem sich Speiser\u00f6hre und Magen treffen, ist die Verlagerung des Fundusteils von der normalen Stelle des Abdomens durch die \u00d6ffnung am Zwerchfell, wo die Speiser\u00f6hre vom Brustkorb in den Bauchraum \u00fcbergeht Hohlraum, zum Brustkorb hin. Klassische Befunde einer Hernie; Saures Wasser [&hellip;]","og_url":"https:\/\/www.ayfaclinic.com\/de\/magenhernien-und-reflux-chirurgie\/","og_site_name":"Ayfa Clinic Deutsch","twitter_card":"summary_large_image","twitter_misc":{"Gesch\u00e4tzte Lesezeit":"7\u00a0Minuten"},"schema":{"@context":"https:\/\/schema.org","@graph":[{"@type":"WebSite","@id":"https:\/\/www.ayfaclinic.com\/de\/#website","url":"https:\/\/www.ayfaclinic.com\/de\/","name":"Ayfa Clinic Deutsch","description":"Ayfa Clinic - Health Starts Here","potentialAction":[{"@type":"SearchAction","target":{"@type":"EntryPoint","urlTemplate":"https:\/\/www.ayfaclinic.com\/de\/?s={search_term_string}"},"query-input":"required name=search_term_string"}],"inLanguage":"de"},{"@type":"WebPage","@id":"https:\/\/www.ayfaclinic.com\/de\/magenhernien-und-reflux-chirurgie\/","url":"https:\/\/www.ayfaclinic.com\/de\/magenhernien-und-reflux-chirurgie\/","name":"Magenhernien- und Reflux-Chirurgie - Ayfa Clinic","isPartOf":{"@id":"https:\/\/www.ayfaclinic.com\/de\/#website"},"datePublished":"2022-08-22T11:34:47+00:00","dateModified":"2022-08-22T11:34:47+00:00","breadcrumb":{"@id":"https:\/\/www.ayfaclinic.com\/de\/magenhernien-und-reflux-chirurgie\/#breadcrumb"},"inLanguage":"de","potentialAction":[{"@type":"ReadAction","target":["https:\/\/www.ayfaclinic.com\/de\/magenhernien-und-reflux-chirurgie\/"]}]},{"@type":"BreadcrumbList","@id":"https:\/\/www.ayfaclinic.com\/de\/magenhernien-und-reflux-chirurgie\/#breadcrumb","itemListElement":[{"@type":"ListItem","position":1,"name":"Anasayfa","item":"https:\/\/www.ayfaclinic.com\/de\/"},{"@type":"ListItem","position":2,"name":"Magenhernien- und Reflux-Chirurgie"}]}]}},"_links":{"self":[{"href":"https:\/\/www.ayfaclinic.com\/de\/wp-json\/wp\/v2\/pages\/8735","targetHints":{"allow":["GET"]}}],"collection":[{"href":"https:\/\/www.ayfaclinic.com\/de\/wp-json\/wp\/v2\/pages"}],"about":[{"href":"https:\/\/www.ayfaclinic.com\/de\/wp-json\/wp\/v2\/types\/page"}],"author":[{"embeddable":true,"href":"https:\/\/www.ayfaclinic.com\/de\/wp-json\/wp\/v2\/users\/1"}],"replies":[{"embeddable":true,"href":"https:\/\/www.ayfaclinic.com\/de\/wp-json\/wp\/v2\/comments?post=8735"}],"version-history":[{"count":1,"href":"https:\/\/www.ayfaclinic.com\/de\/wp-json\/wp\/v2\/pages\/8735\/revisions"}],"predecessor-version":[{"id":8736,"href":"https:\/\/www.ayfaclinic.com\/de\/wp-json\/wp\/v2\/pages\/8735\/revisions\/8736"}],"wp:attachment":[{"href":"https:\/\/www.ayfaclinic.com\/de\/wp-json\/wp\/v2\/media?parent=8735"}],"curies":[{"name":"wp","href":"https:\/\/api.w.org\/{rel}","templated":true}]}}