{"id":8732,"date":"2022-08-22T11:33:43","date_gmt":"2022-08-22T11:33:43","guid":{"rendered":"https:\/\/www.ayfaclinic.com\/de\/?page_id=8732"},"modified":"2022-08-22T11:33:49","modified_gmt":"2022-08-22T11:33:49","slug":"krebs-chirurgie","status":"publish","type":"page","link":"https:\/\/www.ayfaclinic.com\/de\/krebs-chirurgie\/","title":{"rendered":"Krebs Chirurgie"},"content":{"rendered":"<p><strong>ALLGEMEINE INFORMATIONEN<\/strong><\/p>\n<p>Als Teilgebiet der Allgemeinchirurgie haben wir es mit Krebsarten zu tun, die viele Gewebe- und Organsysteme betreffen. Dazu geh\u00f6ren Schilddr\u00fcsenkrebs, Brustkrebs, Speiser\u00f6hrenkrebs, Magenkrebs, Dickdarmkrebs, Leber-Gallenblasen-Gallentrakt und Bauchspeicheldr\u00fcsenkrebs. Wie bei allen Krebserkrankungen des Gewebes und der Organsysteme ist eine fr\u00fchzeitige Diagnose und Behandlung auch bei Krebserkrankungen der Allgemeinchirurgie lebensrettend.<\/p>\n<p><strong>WEN BETRIFFT ES?<\/strong><\/p>\n<p>Der goldene Schl\u00fcssel zu einer effektiven chirurgischen Behandlung ist die Fr\u00fcherkennung der Krankheit. Achten Sie auf folgende Hinweise:<\/p>\n<ul>\n<li>Verminderter Appetit<\/li>\n<li>Gewichtsverlust<\/li>\n<li>Allgemeine Schw\u00e4che<\/li>\n<li>Brechreiz<\/li>\n<li>Erbrechen<\/li>\n<li>Schluckbeschwerden<\/li>\n<li>Sp\u00fcrbare Massenpr\u00e4senz<\/li>\n<li>Gelbsucht<\/li>\n<li>Schmerzmittelresistente Schmerzen (insbesondere Bauch- und R\u00fcckenschmerzen)<\/li>\n<li>Rektale Blutung<\/li>\n<li>Gro\u00dfe Ver\u00e4nderungen beim Stuhlgang (Verstopfung und vor allem das Bed\u00fcrfnis nach h\u00e4ufigem Stuhlgang; das Gef\u00fchl, mit der Entleerung des Darms zu entspannen, dieses aber teilweise Schmerzen bei der Entleerung)<\/li>\n<\/ul>\n<p>Bei solchen Befunden ist es wichtig seinen Arzt aufzusuchen und diesen Besuch nicht zu verz\u00f6gern. Denken Sie daran, dass eine fr\u00fchzeitige Diagnose Leben rettet.<\/p>\n<p>Krebsoperationen k\u00f6nnen bei allen Patienten durchgef\u00fchrt werden, bei denen Krebs diagnostiziert wurde. F\u00fcr die chirurgische Behandlung gibt es zwei M\u00f6glichkeiten. Die erste davon ist die vollst\u00e4ndige und chirurgische Entfernung des Krebsgewebes, die wir als kurative chirurgische Behandlung bezeichnen, so dass kein sichtbares Krebsgewebe mehr vorhanden ist. Die zweite Alternative in der Krebschirurgie ist die palliativchirurgische Behandlung. Diese Behandlungsform zielt darauf ab, einen nicht entfernbaren Teil des Tumorgewebes zu belassen und m\u00f6glichst viel Tumorgewebe zu entfernen, wenn der Tumor im fortgeschrittenen Stadium erkannt wird. Eine palliative chirurgische Behandlung kann auch durchgef\u00fchrt werden, um Symptome (Darmverschluss, Gelbsucht, Schmerzen usw.), die durch nicht entfernbares Tumorgewebe verursacht werden, zu lindern oder zu reduzieren.<\/p>\n<p>Die kurative chirurgische Behandlung ist die effektivste Methode zur Krankheitskontrolle und zum \u00dcberleben. Eine kurative Operation kann nur durchgef\u00fchrt werden, wenn die Krankheit in einem fr\u00fchen Stadium diagnostiziert wird. Aus diesem Grund ist sollte man keine Zeit verlieren und alle Kontrollen zur Fr\u00fcherkennung \u00a0machen lassen.<\/p>\n<div id=\"ez-toc-container\" class=\"ez-toc-v2_0_29 counter-hierarchy counter-decimal ez-toc-grey\">\n<div class=\"ez-toc-title-container\">\n<p class=\"ez-toc-title\">Inhalt<\/p>\n<span class=\"ez-toc-title-toggle\"><a href=\"#\" class=\"ez-toc-pull-right ez-toc-btn ez-toc-btn-xs ez-toc-btn-default ez-toc-toggle\" style=\"display: none;\"><label for=\"item\" aria-label=\"Table of Content\"><i class=\"ez-toc-glyphicon ez-toc-icon-toggle\"><\/i><\/label><input type=\"checkbox\" id=\"item\"><\/a><\/span><\/div>\n<nav><ul class=\"ez-toc-list ez-toc-list-level-1\"><li class=\"ez-toc-page-1 ez-toc-heading-level-2\"><a class=\"ez-toc-link ez-toc-heading-1\" href=\"https:\/\/www.ayfaclinic.com\/de\/krebs-chirurgie\/#WEN_BETRIFFT_DAS\" title=\"WEN BETRIFFT DAS?\">WEN BETRIFFT DAS?<\/a><\/li><li class=\"ez-toc-page-1 ez-toc-heading-level-2\"><a class=\"ez-toc-link ez-toc-heading-2\" href=\"https:\/\/www.ayfaclinic.com\/de\/krebs-chirurgie\/#Im_Krankenhaus\" title=\"Im Krankenhaus:\">Im Krankenhaus:<\/a><\/li><li class=\"ez-toc-page-1 ez-toc-heading-level-2\"><a class=\"ez-toc-link ez-toc-heading-3\" href=\"https:\/\/www.ayfaclinic.com\/de\/krebs-chirurgie\/#WIE_WIRD_ES_GEMACHT\" title=\"WIE WIRD ES GEMACHT?\">WIE WIRD ES GEMACHT?<\/a><\/li><li class=\"ez-toc-page-1 ez-toc-heading-level-2\"><a class=\"ez-toc-link ez-toc-heading-4\" href=\"https:\/\/www.ayfaclinic.com\/de\/krebs-chirurgie\/#BENOeTIGEN_SIE_SOLCHE_VORBEREITUNGEN_BEVOR_SIE_IN_DAS_KRANKENHAUS_GEHEN\" title=\"BEN\u00d6TIGEN SIE SOLCHE VORBEREITUNGEN, BEVOR SIE IN DAS KRANKENHAUS GEHEN?\">BEN\u00d6TIGEN SIE SOLCHE VORBEREITUNGEN, BEVOR SIE IN DAS KRANKENHAUS GEHEN?<\/a><\/li><li class=\"ez-toc-page-1 ez-toc-heading-level-2\"><a class=\"ez-toc-link ez-toc-heading-5\" href=\"https:\/\/www.ayfaclinic.com\/de\/krebs-chirurgie\/#WIE_LANGE_BLEIBE_ICH_IM_KRANKENHAUS\" title=\"WIE LANGE BLEIBE ICH IM KRANKENHAUS?\">WIE LANGE BLEIBE ICH IM KRANKENHAUS?<\/a><\/li><li class=\"ez-toc-page-1 ez-toc-heading-level-2\"><a class=\"ez-toc-link ez-toc-heading-6\" href=\"https:\/\/www.ayfaclinic.com\/de\/krebs-chirurgie\/#WAS_PASSIERT_BEIM_AUFENTHALT_IM_KRANKENHAUS\" title=\"WAS PASSIERT BEIM AUFENTHALT IM KRANKENHAUS?\">WAS PASSIERT BEIM AUFENTHALT IM KRANKENHAUS?<\/a><\/li><li class=\"ez-toc-page-1 ez-toc-heading-level-2\"><a class=\"ez-toc-link ez-toc-heading-7\" href=\"https:\/\/www.ayfaclinic.com\/de\/krebs-chirurgie\/#WAS_PASSIERT_NACHDEM_ICH_AUS_DEM_KRANKENHAUS_ENTLASSEN_WURDE_UND_WANN_KANN_ICH_MEIN_NORMALES_LEBEN_STARTEN\" title=\"WAS PASSIERT, NACHDEM ICH AUS DEM KRANKENHAUS ENTLASSEN WURDE UND WANN KANN ICH MEIN NORMALES LEBEN STARTEN?\">WAS PASSIERT, NACHDEM ICH AUS DEM KRANKENHAUS ENTLASSEN WURDE UND WANN KANN ICH MEIN NORMALES LEBEN STARTEN?<\/a><\/li><li class=\"ez-toc-page-1 ez-toc-heading-level-2\"><a class=\"ez-toc-link ez-toc-heading-8\" href=\"https:\/\/www.ayfaclinic.com\/de\/krebs-chirurgie\/#WIE_WIRD_MEIN_KONTROLL-_UND_NACHFOLGEPROZESS_ABGEHEN\" title=\"WIE WIRD MEIN KONTROLL- UND NACHFOLGEPROZESS ABGEHEN?\">WIE WIRD MEIN KONTROLL- UND NACHFOLGEPROZESS ABGEHEN?<\/a><\/li><\/ul><\/nav><\/div>\n<h2><span class=\"ez-toc-section\" id=\"WEN_BETRIFFT_DAS\"><\/span>WEN BETRIFFT DAS?<span class=\"ez-toc-section-end\"><\/span><\/h2>\n<p>Eine unabdingbare Voraussetzung f\u00fcr eine sichere Operation ist eine absolut gr\u00fcndliche Untersuchung des Patienten vor der Operation.<\/p>\n<p>Dazu ist zun\u00e4chst ein ausf\u00fchrliches Patienten-Arzt-Gespr\u00e4ch zu planen. Nach diesem Interview mit \u00a0Ihrem\u00a0 Arzt:<\/p>\n<ul>\n<li>Erhalten Sie Ihre k\u00f6rperlichen Daten (Gr\u00f6\u00dfe, Gewicht, BMI etc.) ,<\/li>\n<li>Erfahren Sie die Erwartungschancen einer Operation,<\/li>\n<li>wissen Sie was f\u00fcr k\u00f6rperliche und psychische Sch\u00e4den Sie durch Ihre aktuelle Erkrankung erlitten haben,<\/li>\n<li>wissen Sie, mit welchem \u200b\u200bGewebe und Organsystem Ihre Beschwerden zusammenh\u00e4ngen k\u00f6nnen,<\/li>\n<li>Nach einem Gespr\u00e4ch zu Ihrem allgemeinen Gesundheitszustand wird entschieden, welche Vorbereitungen f\u00fcr die geplante Operation getroffen werden m\u00fcssen.<\/li>\n<\/ul>\n<p>Der n\u00e4chste Schritt ist eine detaillierte pr\u00e4operative Beurteilung im Krankenhaus. In diesem Stadium werden sowohl Studien zur Diagnose Ihrer Erkrankung (Biopsie und pathologische Untersuchung) als auch zur Pr\u00e4valenz und zum klinischen Staging durchgef\u00fchrt.<\/p>\n<h2><span class=\"ez-toc-section\" id=\"Im_Krankenhaus\"><\/span>Im Krankenhaus:<span class=\"ez-toc-section-end\"><\/span><\/h2>\n<ul>\n<li>Ausf\u00fchrliche Blutuntersuchungen,<\/li>\n<li>Ultraschall des Abdomens,<\/li>\n<li>Computertomographie (Ganzk\u00f6rpertomographie durch orale und intraven\u00f6se Gabe von Medikamenten zur Abkl\u00e4rung des Vorliegens oder Fehlens des Tumors, seiner regionalen Ausbreitung und des Metastasierungsstatus),<\/li>\n<li>Magenendoskopie (nach Bedarf)<\/li>\n<li>R\u00f6ntgenaufnahme der Lungen,<\/li>\n<li>Atemfunktionstests (nach Bedarf),<\/li>\n<li>Biopsie- und Pathologieverfahren f\u00fcr vermutetes Zielgewebe<\/li>\n<li>Doppler-Sonographie Ihrer Venen im Zweifelsfall,<\/li>\n<li>EKG, Echokardiographie-Tests (nach Bedarf),<\/li>\n<li>Kardiologische Untersuchung (nach Bedarf),<\/li>\n<li>Facharztpr\u00fcfung f\u00fcr Innere Medizin,<\/li>\n<\/ul>\n<p>Durch die Begutachtung durch den An\u00e4sthesisten wird beurteilt, ob Sie f\u00fcr eine sichere Operation geeignet sind.<\/p>\n<h2><span class=\"ez-toc-section\" id=\"WIE_WIRD_ES_GEMACHT\"><\/span>WIE WIRD ES GEMACHT?<span class=\"ez-toc-section-end\"><\/span><\/h2>\n<p>Die Tumorchirurgie kann offen oder geschlossen (laparoskopische oder robotische) Chirurgie durchgef\u00fchrt werden ist zum einen abh\u00e4ngig von den Gewebe- und Organsystemen, \u00a0die von der Krankheit betroffen sind zum anderen\u00a0 von der Erfahrung und Pr\u00e4ferenz Ihres Chirurgen.<\/p>\n<h2><span class=\"ez-toc-section\" id=\"BENOeTIGEN_SIE_SOLCHE_VORBEREITUNGEN_BEVOR_SIE_IN_DAS_KRANKENHAUS_GEHEN\"><\/span>BEN\u00d6TIGEN SIE SOLCHE VORBEREITUNGEN, BEVOR SIE IN DAS KRANKENHAUS GEHEN?<span class=\"ez-toc-section-end\"><\/span><\/h2>\n<p>Wenn Ihre Operation am Verdauungssystem durchgef\u00fchrt werden soll:<\/p>\n<p>Im Allgemeinen ist es von Vorteil \u00a01-2 Tage vor der Operation mit fl\u00fcssiger Ern\u00e4hrung \u00a0zu beginnen, damit der Darm w\u00e4hrend der Operation entleert ist und ein Toilettenbedarf \u00a0nicht gleich nach der Operation entsteht.<\/p>\n<p>Wenn Sie Blutverd\u00fcnner einnehmen, sollten Sie Ihren Arzt unbedingt warnen und ihm Zeit geben, diese Medikamente abzusetzen und mit alternativen Medikamenten zu beginnen.<\/p>\n<p>Es ist in Ordnung, andere Medikamente als Blutverd\u00fcnner, die Sie routinem\u00e4\u00dfig einnehmen m\u00fcssen, bis zur Nacht der Operation zu verwenden. Blutdruckmedikamente, Herzmedikamente k\u00f6nnen am Morgen der Operation nach Absprache mit Ihrem Arzt mindestens 2 Stunden vor der Operation mit etwas Wasser getrunken werden.<\/p>\n<p>Wenn Sie rauchen, ist es unbedingt erforderlich, mindestens 1 Woche vor der Operation mit dem Rauchen aufzuh\u00f6ren oder es auf ein Minimum zu reduzieren. Dies ist eine Situation, die sich direkt auf Ihre postoperative Lungenleistung auswirkt.<\/p>\n<p>In der Nacht vor der Operation sollten Sie in der Regel gegen 22-23 Uhr jegliche feste oder fl\u00fcssige Nahrungsaufnahme einstellen und am Morgen der Operation mit mindestens 6 Stunden n\u00fcchtern sein.<\/p>\n<p>Nehmen Sie zu Hause ein Bad, bevor Sie vor der Operation ins Krankenhaus gehen. Vergessen Sie nicht, dass Sie f\u00fcr mindestens 2 oder 3 Tage keine M\u00f6glichkeit haben werden, ein Bad zu nehmen.<\/p>\n<p>Tragen Sie keine nylonhaltige Unterw\u00e4sche, wenn Sie ins Krankenhaus kommen. Nylonunterw\u00e4sche kann mit einigen elektrischen Ger\u00e4ten, die w\u00e4hrend der Operation verwendet werden, interagieren und Hautverbrennungen verursachen.<\/p>\n<p>Es ist sinnvoll, Hausschuhe, pers\u00f6nliche Reinigungsutensilien (Zahnb\u00fcrste, Zahnpasta, Rasierset usw.) und ausreichend Unterw\u00e4sche mitzubringen, wenn Sie ins Krankenhaus kommen.<\/p>\n<h2><span class=\"ez-toc-section\" id=\"WIE_LANGE_BLEIBE_ICH_IM_KRANKENHAUS\"><\/span>WIE LANGE BLEIBE ICH IM KRANKENHAUS?<span class=\"ez-toc-section-end\"><\/span><\/h2>\n<p>Ihr Krankenhausaufenthalt \u00a0wird von vielen Faktoren beeinflusst. Z. B. ob Sie in der Nacht vor oder am Morgen der Operation ins Krankenhaus eingeliefert werden ; wie lange Ihr Chirurg Sie nach der Operation im Krankenhaus h\u00e4lt; ob sich ein postoperatives chirurgisches Problem entwickelt; \u00a0usw. \u00a0Bei Operationen im Zusammenhang mit dem Verdauungssystem sind es aber ungef\u00e4hr 3-4 N\u00e4chte.<\/p>\n<h2><span class=\"ez-toc-section\" id=\"WAS_PASSIERT_BEIM_AUFENTHALT_IM_KRANKENHAUS\"><\/span>WAS PASSIERT BEIM AUFENTHALT IM KRANKENHAUS?<span class=\"ez-toc-section-end\"><\/span><\/h2>\n<p>Wenn Sie in der Nacht vor der Operation ins Krankenhaus eingeliefert werden, sollten Sie schon zu Hause einen Blutverd\u00fcnner verwenden, der von Ihrem Arzt bestimmt wird. Sie werden\u00a0 also \u00a0von Ihrem Arzt dar\u00fcber aufgekl\u00e4rt. Bevor Sie am Morgen der Operation in den Operationssaal gehen, sollten Sie unbedingt auf die Toilette.\u00a0 Bringt man Sie in den Operationssaal dauert es im Allgemeinen 3-4 Stunden, bis Sie wieder auf Ihrem Zimmer sind.\u00a0 In dieser Zeitspanne ist \u00a0die Vorbereitungszeit im Operationssaal, Ihre Operation und Ihr Aufwachprozess nach der Operation enthalten. Ob Sie nach der Operation auf die Intensivstation aufgenommen werden oder nicht h\u00e4ngt ab von unterschiedlichen Faktoren ab und wird von Ihrem Chirurgen festgelegt.. Wenn Sie sich einer Operation im Zusammenhang mit dem Verdauungssystem unterzogen haben und ohne intensive Pflege in Ihr Bett gebracht werden, sehen \u00a0die weiteren Tage folgenderma\u00dfen aus:<\/p>\n<p>Am Operationstag: Ca. 5-6 Stunden nach R\u00fcckkehr ins Bett stehen Sie mit Hilfe des Krankenhauspersonals f\u00fcr den ersten Spaziergang auf und machen einen kleinen Spaziergang im Zimmer. Am Tag der Operation werden alle Ihre Behandlungen intraven\u00f6s durchgef\u00fchrt und eine Nahrungsaufnahme ist nicht erlaubt.<\/p>\n<ol>\n<li>Tag nach der Operation: Normalerweise beginnen Sie heute mit dem Trinken von Wasser. Ob Sie w\u00e4hrend dieser Zeit mit der Nahrungsaufnahme (Trinkwasser) beginnen, h\u00e4ngt von den Merkmalen der von Ihrem Chirurgen durchgef\u00fchrten Operation ab. Wir erh\u00f6hen auch die Anzahl der Spazierg\u00e4nge w\u00e4hrend des Tages und erm\u00f6glichen Ihnen einen aktiveren Tag.<\/li>\n<li>Tag nach der Operation: Wenn in Ihrem Operationsbereich eine Drainage gelegt wird und keine nennenswerte Fl\u00fcssigkeitsmenge aus der Drainage kommt, ziehen wir Ihre Drainage heraus und Sie beginnen wieder mit der Nahrungsaufnahme wie Suppe, Kompott und Fruchtsaft. Der zweite Tag ist der Tag, an dem der \u00dcbergang zur oralen Ern\u00e4hrung beginnt. Wir erlauben Ihnen auch, nach der Entnahme der Drainage ein Bad zu nehmen. Auch hier wird es n\u00fctzlich sein, viele Spazierg\u00e4nge zu machen.<\/li>\n<li>Tag nach der Operation: Nachdem Sie sehen, dass alles gut l\u00e4uft, wird am 3. Tag Ihre Entlassungsplanung erstellt. Wenn Ihre Nahrungsaufnahme unproblematisch ist und wir feststellen, dass es keine Komplikationen aufgrund einer Operation gibt, entlassen wir Sie am 3. Tag nach der Operation. Die Entlassungszeit kann je nach den Besonderheiten Ihrer Operation und den Patientennachsorgekriterien Ihres Chirurgen um einige Tage verl\u00e4ngert werden.<\/li>\n<\/ol>\n<h2><span class=\"ez-toc-section\" id=\"WAS_PASSIERT_NACHDEM_ICH_AUS_DEM_KRANKENHAUS_ENTLASSEN_WURDE_UND_WANN_KANN_ICH_MEIN_NORMALES_LEBEN_STARTEN\"><\/span>WAS PASSIERT, NACHDEM ICH AUS DEM KRANKENHAUS ENTLASSEN WURDE UND WANN KANN ICH MEIN NORMALES LEBEN STARTEN?<span class=\"ez-toc-section-end\"><\/span><\/h2>\n<p>Obwohl die Dauer der R\u00fcckkehr zum normalen Leben je nach durchgef\u00fchrter Operation und Ihrem allgemeinen Gesundheitszustand variiert, k\u00f6nnen Sie in der Regel eine Woche nach einer laparoskopischen Operation und 10-12 Tage nach einer offenen Operation zu Ihrem normalen Leben zur\u00fcckkehren.<\/p>\n<p>Ein wichtiges Thema, das nach dem Verlassen des Krankenhauses geplant werden sollte, ist die Planung der Chemo- und Strahlentherapie, die wir als medizinische Behandlung des Tumors bezeichnen. Im Allgemeinen werden diese Behandlungen nach der pathologischen Untersuchung des w\u00e4hrend der Operation entfernten Tumorgewebest\u00fccks gebildet. Onkologie- und Radioonkologie-Spezialisten gestalten das pathologische Stadium Ihrer Erkrankung und die Details der Chemo- und Strahlentherapie, die sie entsprechend durchf\u00fchren, indem sie viele Parameter auswerten. Im Allgemeinen ist eine postoperative Chemo- und Strahlentherapie 10-15 Tage nach der Operation zur Gewebeheilung und K\u00f6rperverst\u00e4rkung erlaubt.<\/p>\n<h2><span class=\"ez-toc-section\" id=\"WIE_WIRD_MEIN_KONTROLL-_UND_NACHFOLGEPROZESS_ABGEHEN\"><\/span>WIE WIRD MEIN KONTROLL- UND NACHFOLGEPROZESS ABGEHEN?<span class=\"ez-toc-section-end\"><\/span><\/h2>\n<p>Die Anwendung eines regelm\u00e4\u00dfigen Kontrollplans sowohl nach der Operation als auch nach der medizinischen Behandlung ist unverzichtbar, auch wenn es keinen Behandlungsprozess f\u00fcr Krebs gibt. Dazu erstellen Fach\u00e4rzte f\u00fcr Chirurgie, Onkologie und Radioonkologie einen gemeinsamen Nachsorgeplan und informieren Sie.<\/p>\n<p>&nbsp;<\/p>\n","protected":false},"excerpt":{"rendered":"<p>ALLGEMEINE INFORMATIONEN Als Teilgebiet der Allgemeinchirurgie haben wir es mit Krebsarten zu tun, die viele Gewebe- und Organsysteme betreffen. Dazu geh\u00f6ren Schilddr\u00fcsenkrebs, Brustkrebs, Speiser\u00f6hrenkrebs, Magenkrebs, Dickdarmkrebs, Leber-Gallenblasen-Gallentrakt und Bauchspeicheldr\u00fcsenkrebs. Wie bei allen Krebserkrankungen des Gewebes und der Organsysteme ist eine fr\u00fchzeitige Diagnose und Behandlung auch bei Krebserkrankungen der Allgemeinchirurgie lebensrettend. WEN BETRIFFT ES? Der goldene [&hellip;]<\/p>\n","protected":false},"author":1,"featured_media":0,"parent":0,"menu_order":0,"comment_status":"closed","ping_status":"closed","template":"","meta":{"footnotes":""},"class_list":["post-8732","page","type-page","status-publish","hentry"],"yoast_head":"<!-- This site is optimized with the Yoast SEO plugin v19.4 - https:\/\/yoast.com\/wordpress\/plugins\/seo\/ -->\n<title>Krebs Chirurgie - Ayfa Clinic<\/title>\n<meta name=\"robots\" content=\"index, follow, max-snippet:-1, max-image-preview:large, max-video-preview:-1\" \/>\n<link rel=\"canonical\" href=\"https:\/\/www.ayfaclinic.com\/de\/krebs-chirurgie\/\" \/>\n<meta property=\"og:locale\" content=\"de_DE\" \/>\n<meta property=\"og:type\" content=\"article\" \/>\n<meta property=\"og:title\" content=\"Krebs Chirurgie - Ayfa Clinic\" \/>\n<meta property=\"og:description\" content=\"ALLGEMEINE INFORMATIONEN Als Teilgebiet der Allgemeinchirurgie haben wir es mit Krebsarten zu tun, die viele Gewebe- und Organsysteme betreffen. Dazu geh\u00f6ren Schilddr\u00fcsenkrebs, Brustkrebs, Speiser\u00f6hrenkrebs, Magenkrebs, Dickdarmkrebs, Leber-Gallenblasen-Gallentrakt und Bauchspeicheldr\u00fcsenkrebs. Wie bei allen Krebserkrankungen des Gewebes und der Organsysteme ist eine fr\u00fchzeitige Diagnose und Behandlung auch bei Krebserkrankungen der Allgemeinchirurgie lebensrettend. WEN BETRIFFT ES? Der goldene [&hellip;]\" \/>\n<meta property=\"og:url\" content=\"https:\/\/www.ayfaclinic.com\/de\/krebs-chirurgie\/\" \/>\n<meta property=\"og:site_name\" content=\"Ayfa Clinic Deutsch\" \/>\n<meta property=\"article:modified_time\" content=\"2022-08-22T11:33:49+00:00\" \/>\n<meta name=\"twitter:card\" content=\"summary_large_image\" \/>\n<meta name=\"twitter:label1\" content=\"Gesch\u00e4tzte Lesezeit\" \/>\n\t<meta name=\"twitter:data1\" content=\"9\u00a0Minuten\" \/>\n<script type=\"application\/ld+json\" class=\"yoast-schema-graph\">{\"@context\":\"https:\/\/schema.org\",\"@graph\":[{\"@type\":\"WebSite\",\"@id\":\"https:\/\/www.ayfaclinic.com\/de\/#website\",\"url\":\"https:\/\/www.ayfaclinic.com\/de\/\",\"name\":\"Ayfa Clinic Deutsch\",\"description\":\"Ayfa Clinic - Health Starts Here\",\"potentialAction\":[{\"@type\":\"SearchAction\",\"target\":{\"@type\":\"EntryPoint\",\"urlTemplate\":\"https:\/\/www.ayfaclinic.com\/de\/?s={search_term_string}\"},\"query-input\":\"required name=search_term_string\"}],\"inLanguage\":\"de\"},{\"@type\":\"WebPage\",\"@id\":\"https:\/\/www.ayfaclinic.com\/de\/krebs-chirurgie\/\",\"url\":\"https:\/\/www.ayfaclinic.com\/de\/krebs-chirurgie\/\",\"name\":\"Krebs Chirurgie - Ayfa Clinic\",\"isPartOf\":{\"@id\":\"https:\/\/www.ayfaclinic.com\/de\/#website\"},\"datePublished\":\"2022-08-22T11:33:43+00:00\",\"dateModified\":\"2022-08-22T11:33:49+00:00\",\"breadcrumb\":{\"@id\":\"https:\/\/www.ayfaclinic.com\/de\/krebs-chirurgie\/#breadcrumb\"},\"inLanguage\":\"de\",\"potentialAction\":[{\"@type\":\"ReadAction\",\"target\":[\"https:\/\/www.ayfaclinic.com\/de\/krebs-chirurgie\/\"]}]},{\"@type\":\"BreadcrumbList\",\"@id\":\"https:\/\/www.ayfaclinic.com\/de\/krebs-chirurgie\/#breadcrumb\",\"itemListElement\":[{\"@type\":\"ListItem\",\"position\":1,\"name\":\"Anasayfa\",\"item\":\"https:\/\/www.ayfaclinic.com\/de\/\"},{\"@type\":\"ListItem\",\"position\":2,\"name\":\"Krebs Chirurgie\"}]}]}<\/script>\n<!-- \/ Yoast SEO plugin. -->","yoast_head_json":{"title":"Krebs Chirurgie - Ayfa Clinic","robots":{"index":"index","follow":"follow","max-snippet":"max-snippet:-1","max-image-preview":"max-image-preview:large","max-video-preview":"max-video-preview:-1"},"canonical":"https:\/\/www.ayfaclinic.com\/de\/krebs-chirurgie\/","og_locale":"de_DE","og_type":"article","og_title":"Krebs Chirurgie - Ayfa Clinic","og_description":"ALLGEMEINE INFORMATIONEN Als Teilgebiet der Allgemeinchirurgie haben wir es mit Krebsarten zu tun, die viele Gewebe- und Organsysteme betreffen. Dazu geh\u00f6ren Schilddr\u00fcsenkrebs, Brustkrebs, Speiser\u00f6hrenkrebs, Magenkrebs, Dickdarmkrebs, Leber-Gallenblasen-Gallentrakt und Bauchspeicheldr\u00fcsenkrebs. Wie bei allen Krebserkrankungen des Gewebes und der Organsysteme ist eine fr\u00fchzeitige Diagnose und Behandlung auch bei Krebserkrankungen der Allgemeinchirurgie lebensrettend. WEN BETRIFFT ES? Der goldene [&hellip;]","og_url":"https:\/\/www.ayfaclinic.com\/de\/krebs-chirurgie\/","og_site_name":"Ayfa Clinic Deutsch","article_modified_time":"2022-08-22T11:33:49+00:00","twitter_card":"summary_large_image","twitter_misc":{"Gesch\u00e4tzte Lesezeit":"9\u00a0Minuten"},"schema":{"@context":"https:\/\/schema.org","@graph":[{"@type":"WebSite","@id":"https:\/\/www.ayfaclinic.com\/de\/#website","url":"https:\/\/www.ayfaclinic.com\/de\/","name":"Ayfa Clinic Deutsch","description":"Ayfa Clinic - Health Starts Here","potentialAction":[{"@type":"SearchAction","target":{"@type":"EntryPoint","urlTemplate":"https:\/\/www.ayfaclinic.com\/de\/?s={search_term_string}"},"query-input":"required name=search_term_string"}],"inLanguage":"de"},{"@type":"WebPage","@id":"https:\/\/www.ayfaclinic.com\/de\/krebs-chirurgie\/","url":"https:\/\/www.ayfaclinic.com\/de\/krebs-chirurgie\/","name":"Krebs Chirurgie - Ayfa Clinic","isPartOf":{"@id":"https:\/\/www.ayfaclinic.com\/de\/#website"},"datePublished":"2022-08-22T11:33:43+00:00","dateModified":"2022-08-22T11:33:49+00:00","breadcrumb":{"@id":"https:\/\/www.ayfaclinic.com\/de\/krebs-chirurgie\/#breadcrumb"},"inLanguage":"de","potentialAction":[{"@type":"ReadAction","target":["https:\/\/www.ayfaclinic.com\/de\/krebs-chirurgie\/"]}]},{"@type":"BreadcrumbList","@id":"https:\/\/www.ayfaclinic.com\/de\/krebs-chirurgie\/#breadcrumb","itemListElement":[{"@type":"ListItem","position":1,"name":"Anasayfa","item":"https:\/\/www.ayfaclinic.com\/de\/"},{"@type":"ListItem","position":2,"name":"Krebs Chirurgie"}]}]}},"_links":{"self":[{"href":"https:\/\/www.ayfaclinic.com\/de\/wp-json\/wp\/v2\/pages\/8732","targetHints":{"allow":["GET"]}}],"collection":[{"href":"https:\/\/www.ayfaclinic.com\/de\/wp-json\/wp\/v2\/pages"}],"about":[{"href":"https:\/\/www.ayfaclinic.com\/de\/wp-json\/wp\/v2\/types\/page"}],"author":[{"embeddable":true,"href":"https:\/\/www.ayfaclinic.com\/de\/wp-json\/wp\/v2\/users\/1"}],"replies":[{"embeddable":true,"href":"https:\/\/www.ayfaclinic.com\/de\/wp-json\/wp\/v2\/comments?post=8732"}],"version-history":[{"count":2,"href":"https:\/\/www.ayfaclinic.com\/de\/wp-json\/wp\/v2\/pages\/8732\/revisions"}],"predecessor-version":[{"id":8734,"href":"https:\/\/www.ayfaclinic.com\/de\/wp-json\/wp\/v2\/pages\/8732\/revisions\/8734"}],"wp:attachment":[{"href":"https:\/\/www.ayfaclinic.com\/de\/wp-json\/wp\/v2\/media?parent=8732"}],"curies":[{"name":"wp","href":"https:\/\/api.w.org\/{rel}","templated":true}]}}