{"id":7585,"date":"2019-12-08T06:07:56","date_gmt":"2019-12-08T06:07:56","guid":{"rendered":"https:\/\/demo.goodlayers.com\/mediz\/hospital\/?page_id=7585"},"modified":"2022-08-22T11:30:28","modified_gmt":"2022-08-22T11:30:28","slug":"adipositas-chirurgie-bariatrische-chirurgie","status":"publish","type":"page","link":"https:\/\/www.ayfaclinic.com\/de\/adipositas-chirurgie-bariatrische-chirurgie\/","title":{"rendered":"Adipositas-Chirurgie (BARIATRISCHE CHIRURGIE)"},"content":{"rendered":"<h2>ALLGEMEINE INFORMATIONEN?<\/h2>\n<p>Patienten, die f\u00fcr eine Fettleibigkeitsoperation in Frage kommen, sind in der Regel diejenigen, die es nicht geschafft haben, dauerhaft Gewicht zu verlieren und\/oder wieder an Gewicht zu gewinnen, obwohl sie wiederholt Di\u00e4ten und Sport versucht haben.<\/p>\n<p>Die Adipositaschirurgie ist nicht f\u00fcr jeden Patienten geeignet und es gibt einige Qualifikationskriterien. Die wichtigsten davon sind, dass der Patient chronische Komorbidit\u00e4ten hat, von denen angenommen wird, dass sie sich nach der Operation erholen oder wenn der BMI 35 und mehr betr\u00e4gt.<\/p>\n<p>Patienten mit einem BMI von 35 und dar\u00fcber k\u00f6nnen direkt operiert werden, w\u00e4hrend Patienten mit einem BMI von 30-35 bei chronischen Komorbidit\u00e4ten gesucht werden.<\/p>\n<p>F\u00fcr Patienten mit einem BMI unter 30 werden Alternativen wie die Anwendung eines Magenballons zur nicht-chirurgischen Gewichtsabnahme empfohlen.<\/p>\n<p>Bevor Sie mit dem Abenteuer der bariatrischen Chirurgie beginnen, halten wir es f\u00fcr n\u00fctzlich, Folgendes festzuhalten. Solche Operationen sollten in Krankenh\u00e4usern mit ausreichender Infrastruktur und Intensivstation 3. Grades und von erfahrenen \u00c4rzten durchgef\u00fchrt werden.<\/p>\n<p>Adipositas-Chirurgie wird seit mehr als 30 Jahren auf der Welt durchgef\u00fchrt und die Operationen haben sich in dieser Zeit schnell diversifiziert. Bei der Adipositaschirurgie werden in unserer Klinik viele alternative Operationsmethoden angewendet und die Art der Operation wird nach Vorliegen und Schwere der Stoffwechselerkrankungen der Patienten entschieden.<\/p>\n<p>Die Adipositaschirurgie birgt wie andere chirurgische Verfahren ein gewisses Risiko, aber dieses Risikoverh\u00e4ltnis ist nicht sehr hoch. Sie liegt im Durchschnitt zwischen 3% und 0,7%.<\/p>\n","protected":false},"excerpt":{"rendered":"<p>ALLGEMEINE INFORMATIONEN? Patienten, die f\u00fcr eine Fettleibigkeitsoperation in Frage kommen, sind in der Regel diejenigen, die es nicht geschafft haben, dauerhaft Gewicht zu verlieren und\/oder wieder an Gewicht zu gewinnen, obwohl sie wiederholt Di\u00e4ten und Sport versucht haben. Die Adipositaschirurgie ist nicht f\u00fcr jeden Patienten geeignet und es gibt einige Qualifikationskriterien. Die wichtigsten davon sind, [&hellip;]<\/p>\n","protected":false},"author":1,"featured_media":0,"parent":0,"menu_order":0,"comment_status":"closed","ping_status":"closed","template":"","meta":{"footnotes":""},"class_list":["post-7585","page","type-page","status-publish","hentry"],"yoast_head":"<!-- This site is optimized with the Yoast SEO plugin v19.4 - https:\/\/yoast.com\/wordpress\/plugins\/seo\/ -->\n<title>Adipositas-Chirurgie (BARIATRISCHE CHIRURGIE) - Ayfa Clinic<\/title>\n<meta name=\"robots\" content=\"index, follow, max-snippet:-1, max-image-preview:large, max-video-preview:-1\" \/>\n<link rel=\"canonical\" href=\"https:\/\/www.ayfaclinic.com\/de\/adipositas-chirurgie-bariatrische-chirurgie\/\" \/>\n<meta property=\"og:locale\" content=\"de_DE\" \/>\n<meta property=\"og:type\" content=\"article\" \/>\n<meta property=\"og:title\" content=\"Adipositas-Chirurgie (BARIATRISCHE CHIRURGIE) - Ayfa Clinic\" \/>\n<meta property=\"og:description\" content=\"ALLGEMEINE INFORMATIONEN? Patienten, die f\u00fcr eine Fettleibigkeitsoperation in Frage kommen, sind in der Regel diejenigen, die es nicht geschafft haben, dauerhaft Gewicht zu verlieren und\/oder wieder an Gewicht zu gewinnen, obwohl sie wiederholt Di\u00e4ten und Sport versucht haben. Die Adipositaschirurgie ist nicht f\u00fcr jeden Patienten geeignet und es gibt einige Qualifikationskriterien. Die wichtigsten davon sind, [&hellip;]\" \/>\n<meta property=\"og:url\" content=\"https:\/\/www.ayfaclinic.com\/de\/adipositas-chirurgie-bariatrische-chirurgie\/\" \/>\n<meta property=\"og:site_name\" content=\"Ayfa Clinic Deutsch\" \/>\n<meta property=\"article:modified_time\" content=\"2022-08-22T11:30:28+00:00\" \/>\n<meta name=\"twitter:card\" content=\"summary_large_image\" \/>\n<meta name=\"twitter:label1\" content=\"Gesch\u00e4tzte Lesezeit\" \/>\n\t<meta name=\"twitter:data1\" content=\"2\u00a0Minuten\" \/>\n<script type=\"application\/ld+json\" class=\"yoast-schema-graph\">{\"@context\":\"https:\/\/schema.org\",\"@graph\":[{\"@type\":\"WebSite\",\"@id\":\"https:\/\/www.ayfaclinic.com\/de\/#website\",\"url\":\"https:\/\/www.ayfaclinic.com\/de\/\",\"name\":\"Ayfa Clinic Deutsch\",\"description\":\"Ayfa Clinic - Health Starts Here\",\"potentialAction\":[{\"@type\":\"SearchAction\",\"target\":{\"@type\":\"EntryPoint\",\"urlTemplate\":\"https:\/\/www.ayfaclinic.com\/de\/?s={search_term_string}\"},\"query-input\":\"required name=search_term_string\"}],\"inLanguage\":\"de\"},{\"@type\":\"WebPage\",\"@id\":\"https:\/\/www.ayfaclinic.com\/de\/adipositas-chirurgie-bariatrische-chirurgie\/\",\"url\":\"https:\/\/www.ayfaclinic.com\/de\/adipositas-chirurgie-bariatrische-chirurgie\/\",\"name\":\"Adipositas-Chirurgie (BARIATRISCHE CHIRURGIE) - Ayfa Clinic\",\"isPartOf\":{\"@id\":\"https:\/\/www.ayfaclinic.com\/de\/#website\"},\"datePublished\":\"2019-12-08T06:07:56+00:00\",\"dateModified\":\"2022-08-22T11:30:28+00:00\",\"breadcrumb\":{\"@id\":\"https:\/\/www.ayfaclinic.com\/de\/adipositas-chirurgie-bariatrische-chirurgie\/#breadcrumb\"},\"inLanguage\":\"de\",\"potentialAction\":[{\"@type\":\"ReadAction\",\"target\":[\"https:\/\/www.ayfaclinic.com\/de\/adipositas-chirurgie-bariatrische-chirurgie\/\"]}]},{\"@type\":\"BreadcrumbList\",\"@id\":\"https:\/\/www.ayfaclinic.com\/de\/adipositas-chirurgie-bariatrische-chirurgie\/#breadcrumb\",\"itemListElement\":[{\"@type\":\"ListItem\",\"position\":1,\"name\":\"Anasayfa\",\"item\":\"https:\/\/www.ayfaclinic.com\/de\/\"},{\"@type\":\"ListItem\",\"position\":2,\"name\":\"Adipositas-Chirurgie (BARIATRISCHE CHIRURGIE)\"}]}]}<\/script>\n<!-- \/ Yoast SEO plugin. -->","yoast_head_json":{"title":"Adipositas-Chirurgie (BARIATRISCHE CHIRURGIE) - Ayfa Clinic","robots":{"index":"index","follow":"follow","max-snippet":"max-snippet:-1","max-image-preview":"max-image-preview:large","max-video-preview":"max-video-preview:-1"},"canonical":"https:\/\/www.ayfaclinic.com\/de\/adipositas-chirurgie-bariatrische-chirurgie\/","og_locale":"de_DE","og_type":"article","og_title":"Adipositas-Chirurgie (BARIATRISCHE CHIRURGIE) - Ayfa Clinic","og_description":"ALLGEMEINE INFORMATIONEN? Patienten, die f\u00fcr eine Fettleibigkeitsoperation in Frage kommen, sind in der Regel diejenigen, die es nicht geschafft haben, dauerhaft Gewicht zu verlieren und\/oder wieder an Gewicht zu gewinnen, obwohl sie wiederholt Di\u00e4ten und Sport versucht haben. Die Adipositaschirurgie ist nicht f\u00fcr jeden Patienten geeignet und es gibt einige Qualifikationskriterien. Die wichtigsten davon sind, [&hellip;]","og_url":"https:\/\/www.ayfaclinic.com\/de\/adipositas-chirurgie-bariatrische-chirurgie\/","og_site_name":"Ayfa Clinic Deutsch","article_modified_time":"2022-08-22T11:30:28+00:00","twitter_card":"summary_large_image","twitter_misc":{"Gesch\u00e4tzte Lesezeit":"2\u00a0Minuten"},"schema":{"@context":"https:\/\/schema.org","@graph":[{"@type":"WebSite","@id":"https:\/\/www.ayfaclinic.com\/de\/#website","url":"https:\/\/www.ayfaclinic.com\/de\/","name":"Ayfa Clinic Deutsch","description":"Ayfa Clinic - Health Starts Here","potentialAction":[{"@type":"SearchAction","target":{"@type":"EntryPoint","urlTemplate":"https:\/\/www.ayfaclinic.com\/de\/?s={search_term_string}"},"query-input":"required name=search_term_string"}],"inLanguage":"de"},{"@type":"WebPage","@id":"https:\/\/www.ayfaclinic.com\/de\/adipositas-chirurgie-bariatrische-chirurgie\/","url":"https:\/\/www.ayfaclinic.com\/de\/adipositas-chirurgie-bariatrische-chirurgie\/","name":"Adipositas-Chirurgie (BARIATRISCHE CHIRURGIE) - Ayfa Clinic","isPartOf":{"@id":"https:\/\/www.ayfaclinic.com\/de\/#website"},"datePublished":"2019-12-08T06:07:56+00:00","dateModified":"2022-08-22T11:30:28+00:00","breadcrumb":{"@id":"https:\/\/www.ayfaclinic.com\/de\/adipositas-chirurgie-bariatrische-chirurgie\/#breadcrumb"},"inLanguage":"de","potentialAction":[{"@type":"ReadAction","target":["https:\/\/www.ayfaclinic.com\/de\/adipositas-chirurgie-bariatrische-chirurgie\/"]}]},{"@type":"BreadcrumbList","@id":"https:\/\/www.ayfaclinic.com\/de\/adipositas-chirurgie-bariatrische-chirurgie\/#breadcrumb","itemListElement":[{"@type":"ListItem","position":1,"name":"Anasayfa","item":"https:\/\/www.ayfaclinic.com\/de\/"},{"@type":"ListItem","position":2,"name":"Adipositas-Chirurgie (BARIATRISCHE CHIRURGIE)"}]}]}},"_links":{"self":[{"href":"https:\/\/www.ayfaclinic.com\/de\/wp-json\/wp\/v2\/pages\/7585","targetHints":{"allow":["GET"]}}],"collection":[{"href":"https:\/\/www.ayfaclinic.com\/de\/wp-json\/wp\/v2\/pages"}],"about":[{"href":"https:\/\/www.ayfaclinic.com\/de\/wp-json\/wp\/v2\/types\/page"}],"author":[{"embeddable":true,"href":"https:\/\/www.ayfaclinic.com\/de\/wp-json\/wp\/v2\/users\/1"}],"replies":[{"embeddable":true,"href":"https:\/\/www.ayfaclinic.com\/de\/wp-json\/wp\/v2\/comments?post=7585"}],"version-history":[{"count":5,"href":"https:\/\/www.ayfaclinic.com\/de\/wp-json\/wp\/v2\/pages\/7585\/revisions"}],"predecessor-version":[{"id":8729,"href":"https:\/\/www.ayfaclinic.com\/de\/wp-json\/wp\/v2\/pages\/7585\/revisions\/8729"}],"wp:attachment":[{"href":"https:\/\/www.ayfaclinic.com\/de\/wp-json\/wp\/v2\/media?parent=7585"}],"curies":[{"name":"wp","href":"https:\/\/api.w.org\/{rel}","templated":true}]}}